{"id":808706,"date":"2024-11-21T09:56:41","date_gmt":"2024-11-21T09:56:41","guid":{"rendered":"https:\/\/gpdstore.net\/?post_type=product&#038;p=808706"},"modified":"2025-12-23T10:03:41","modified_gmt":"2025-12-23T10:03:41","slug":"gpd-duo-protective-case","status":"publish","type":"product","link":"https:\/\/gpdstore.net\/hr\/product\/gpd-duo-protective-case\/","title":{"rendered":"GPD DUO za\u0161titna futrola"},"content":{"rendered":"\n<p>Za\u0161titite svoj GPD DUO sa stilom uz <strong>slu\u017ebenu za\u0161titnu futrolu za GPD DUO<\/strong> . Dizajnirana ekskluzivno za GPD DUO, ova elegantna i izdr\u017eljiva futrola nudi savr\u0161enu kombinaciju funkcionalnosti i za\u0161tite. Bez obzira putujete li na posao, s posla ili jednostavno pohranjujete svoj ure\u0111aj, ova futrola osigurava da va\u0161 GPD DUO ostane siguran.  <\/p>\n\n<p>Futrola ima <strong>\u010dvrstu tkaninu izvana<\/strong> koja \u0161titi va\u0161 ure\u0111aj od vanjskih o\u0161te\u0107enja i <strong>meku, podstavljenu unutra\u0161njost<\/strong> za za\u0161titu od ogrebotina i udaraca. Zahvaljuju\u0107i kompaktnom dizajnu, lako prima va\u0161 GPD DUO, a istovremeno ostavlja mjesta za bitnu dodatnu opremu. <\/p>\n\n<p>Torbica je opremljena <strong>dvostrukim ru\u010dkama<\/strong> za jednostavno no\u0161enje i <strong>podesivim remenom za rame<\/strong> , \u0161to vam daje fleksibilnost no\u0161enja na na\u010din koji vam najvi\u0161e odgovara. Njegova lagana konstrukcija \u010dini je idealnom za korisnike u pokretu koji \u017eele pouzdanu za\u0161titu bez nepotrebnog volumena. <\/p>\n\n<h3 class=\"wp-block-heading\"><strong>Klju\u010dne zna\u010dajke:<\/strong><\/h3>\n\n<ul class=\"wp-block-list\">\n<li>Slu\u017ebeni GPD proizvod dizajniran posebno za GPD DUO<\/li>\n\n\n\n<li>Izdr\u017eljiva vanjska tkanina za pobolj\u0161anu za\u0161titu<\/li>\n\n\n\n<li>Mekana, podstavljena unutra\u0161njost \u0161titi va\u0161 ure\u0111aj od ogrebotina i udaraca<\/li>\n\n\n\n<li>Dvostruke ru\u010dke i podesivi remen za rame za svestrane mogu\u0107nosti no\u0161enja<\/li>\n\n\n\n<li>Kompaktan i lagan dizajn za maksimalnu prenosivost<\/li>\n<\/ul>\n\n<p>Ponesite svoj GPD DUO bilo gdje s povjerenjem, znaju\u0107i da je za\u0161ti\u0107en futrolom koja kombinira prakti\u010dnost, izdr\u017eljivost i stil.<\/p>\n\n<p><\/p>\n","protected":false},"excerpt":{"rendered":"<ul>\n<li>Slu\u017ebeni <strong>GPD<\/strong> proizvod<\/li>\n<li>Dizajnirano posebno za <strong>GPD DUO<\/strong><\/li>\n<li>Izdr\u017eljiva vanjska tkanina za pobolj\u0161anu za\u0161titu<\/li>\n<li>Mekana, podstavljena unutra\u0161njost za sprje\u010davanje ogrebotina i udaraca<\/li>\n<li>Uklju\u010duje dvostruke ru\u010dke i podesivi remen za rame za svestrane mogu\u0107nosti no\u0161enja<\/li>\n<\/ul>\n[cg_accordion title=\"INFORMACIJE O PLA\u0106ANJU\"]<\/p>\n<p>Koristimo najnoviju tehnologiju u obradi pla\u0107anja koja vam omogu\u0107uje pla\u0107anje putem Apple Paya, Google Paya, va\u0161e debitne\/kreditne kartice, PayPala ili BNPL metoda kao \u0161to su Klarna, Affirm ili AfterPay za brzo i sigurno iskustvo.[\/cg_accordion]\n[cg_accordion title=\"JAMSTVO\"]<\/p>\n<p>2 godine jamstva tvrtke <a href=\"https:\/\/droix.net\/\" target=\"_blank\" rel=\"nofollow noopener\">DROIX Global<\/a> za va\u0161 mir[\/cg_accordion]\n[cg_accordion title=\"CIJENE, POREZI I DOSTAVA\"]<\/p>\n<p><strong><u>Bilje\u0161ka:<\/u><\/strong><\/p>\n<ul>\n<li>Kupci iz Sjedinjenih Ameri\u010dkih Dr\u017eava: Prikazana cijena NE uklju\u010duje POREZ ni carine. Odgovornost za carinjenje i pla\u0107anje svih povezanih poreza\/carina je na kupcu. <\/li>\n<li>Kupci iz EU: Prikazana cijena uklju\u010duje primjenjivi POREZ, koji mo\u017ee iznositi do 25%, ovisno o va\u0161oj zemlji.<\/li>\n<li>Kupci u Kanadi: Prikazana cijena uklju\u010duje primjenjive poreze, koji mogu uklju\u010divati \u200b\u200b5% GST-a i dodatne pokrajinske poreze na promet (PST), harmonizirani porez na promet (HST) ili porez na promet u Quebecu (QST), ovisno o va\u0161oj pokrajini.<\/li>\n<\/ul>\n<p><strong>SAMO za kupce iz EU:<\/strong> Ekspresna dostava s pla\u0107enim carinjenjem (DDP). To zna\u010di: <\/p>\n<ul>\n<li>Sve carine i porezi uklju\u010deni su u cijenu prikazanu na stranici proizvoda.<\/li>\n<li>Prilikom dostave ne\u0107ete morati platiti nikakve dodatne tro\u0161kove.<\/li>\n<li>U rijetkim slu\u010dajevima problema povezanih s carinom, na\u0161 tim \u0107e u va\u0161e ime obaviti carinjenje kako bi se osigurala nesmetana dostava.<\/li>\n<p>Va\u017ene informacije o povratu robe:<\/p>\n<li>Ako odlu\u010dite vratiti narud\u017ebu ili zatra\u017eiti povrat novca, imajte na umu da porezi i carine pla\u0107eni u va\u0161e ime prema DDP uvjetima ne mogu biti vra\u0107eni.<\/li>\n<p>Za detaljnije informacije pogledajte na\u0161e <a href=\"https:\/\/gpdstore.net\/hr\/terms-of-service\/\" target=\"_blank\" rel=\"nofollow noopener\">Uvjete i odredbe<\/a> .\n<\/ul>\n<p>[\/cg_accordion]\n[cg_accordion title=\"PODR\u0160KA KORISNICIMA\"]<\/p>\n<p>Imate pitanje? Samo nas trebate poslati poruku i rije\u0161it \u0107emo va\u0161 problem!<br \/>\n[\/cg_accordion]\n[cg_accordion title=\"\u0160TO JE UKLJU\u010cENO\"]<\/p>\n<ul>\n<li>1x GPD DUO torbica<\/li>\n<\/ul>\n<p>[\/cg_accordion]\n","protected":false},"featured_media":818160,"template":"","meta":{"_acf_changed":false},"product_brand":[],"product_cat":[5406],"product_tag":[15839],"woo-feed-brand":[],"class_list":{"0":"post-808706","1":"product","2":"type-product","3":"status-publish","4":"has-post-thumbnail","6":"product_cat-pribor","7":"product_tag-20xmsale-hr-2","8":"product_shipping_class-low-end","9":"pa_accessory-type-zastitna-torbica","10":"pa_brand-gpd","12":"first","13":"instock","14":"sale","15":"taxable","16":"shipping-taxable","17":"purchasable","18":"product-type-simple"},"acf":[],"aioseo_notices":[],"_links":{"self":[{"href":"https:\/\/gpdstore.net\/hr\/wp-json\/wp\/v2\/product\/808706","targetHints":{"allow":["GET"]}}],"collection":[{"href":"https:\/\/gpdstore.net\/hr\/wp-json\/wp\/v2\/product"}],"about":[{"href":"https:\/\/gpdstore.net\/hr\/wp-json\/wp\/v2\/types\/product"}],"wp:featuredmedia":[{"embeddable":true,"href":"https:\/\/gpdstore.net\/hr\/wp-json\/wp\/v2\/media\/818160"}],"wp:attachment":[{"href":"https:\/\/gpdstore.net\/hr\/wp-json\/wp\/v2\/media?parent=808706"}],"wp:term":[{"taxonomy":"product_brand","embeddable":true,"href":"https:\/\/gpdstore.net\/hr\/wp-json\/wp\/v2\/product_brand?post=808706"},{"taxonomy":"product_cat","embeddable":true,"href":"https:\/\/gpdstore.net\/hr\/wp-json\/wp\/v2\/product_cat?post=808706"},{"taxonomy":"product_tag","embeddable":true,"href":"https:\/\/gpdstore.net\/hr\/wp-json\/wp\/v2\/product_tag?post=808706"},{"taxonomy":"woo-feed-brand","embeddable":true,"href":"https:\/\/gpdstore.net\/hr\/wp-json\/wp\/v2\/woo-feed-brand?post=808706"}],"curies":[{"name":"wp","href":"https:\/\/api.w.org\/{rel}","templated":true}]}}