{"id":80602,"date":"2024-04-23T16:13:31","date_gmt":"2024-04-23T16:13:31","guid":{"rendered":"https:\/\/gpdstore.net\/Bez%20kategorije\/gpd-olovka-za-gpd-dzep-3-i-win-max-2\/"},"modified":"2025-11-24T11:24:19","modified_gmt":"2025-11-24T11:24:19","slug":"gpd-stylus","status":"publish","type":"product","link":"https:\/\/gpdstore.net\/hr\/product\/gpd-stylus\/","title":{"rendered":"GPD olovka za GPD Pocket 3 i WIN MAX 2"},"content":{"rendered":"\n<p><br\/>Predstavljamo GPD Stylus: va\u0161 vrhunski alat za preciznost i udobnost, dizajniran za pobolj\u0161anje funkcionalnosti GPD Pocket 3 i GPD Win Max 2 i kompatibilan s brojnim drugim modelima prijenosnih ra\u010dunala i tableta. Izra\u0111ena od robusne aluminijske legure, ova olovka oblikovana je tako da udobno le\u017ei u ruci, \u0161to je \u010dini idealnom za dugotrajnu upotrebu bez nelagode. Mo\u017ee se pohvaliti visokoosjetljivim vrhom osjetljivim na pritisak na 4096 razina izra\u0111enim od meke, fleksibilne gume, osiguravaju\u0107i da je svaki potez precizan i osjetljiv poput olovke na papiru. Ova razina to\u010dnosti savr\u0161ena je za \u0161irok raspon aktivnosti, od skiciranja i ure\u0111ivanja fotografija do detaljnog rada kistom i pisanja brzih bilje\u0161ki.   <\/p>\n\n<p>Osim svojih preciznih mogu\u0107nosti, GPD olovka dizajnirana je da odr\u017eava va\u0161 zaslon u besprijekornom stanju, zahvaljuju\u0107i gumenom vrhu koji \u0161titi od ogrebotina i krhotina. Ne samo da je funkcionalan, ve\u0107 je i lagan i prakti\u010dno prenosiv, zajedno s prakti\u010dnom kop\u010dom za jednostavno pri\u010dvr\u0161\u0107ivanje na d\u017eep ili torbicu &#8211; idealan za zaposlene profesionalce ili kreativce u pokretu. Pobolj\u0161ajte svoje digitalne interakcije, bilo da se kre\u0107ete kroz aplikacije, bilje\u017eite ideje ili istra\u017eujete svoju umjetni\u010dku stranu, uz GPD olovku \u2013 savr\u0161en spoj prakti\u010dnosti i inovativnog dizajna.<\/p>\n","protected":false},"excerpt":{"rendered":"<ul>\n<li>Radi s<strong> GPD Pocket 3<\/strong> i <strong> GPD WIN MAX 2<\/strong><\/li>\n<li><strong>Razina 4096<\/strong> Osjetljivost na pritisak<\/li>\n<li>Elegantan i ergonomski<\/li>\n<li><strong> Metalna kop\u010da<\/strong><\/li>\n<li>Pisanje dopisa i unos znakova<\/li>\n<\/ul>\n<p> [cg_accordion title=\"PODACI O PLA\u0106ANJU\"] Koristimo najnoviju tehnologiju u obradi pla\u0107anja, koja vam omogu\u0107uje naplatu putem Apple Paya, Google Paya, va\u0161e debitne\/kreditne kartice, PayPal ili BNPL metoda kao \u0161to su Klarna, Affirm ili AfterPay za brzo i sigurno iskustvo.[\/cg_accordion] 2 [cg_accordion title=\"JAMSTVO\"] godine jamstva <a href=\"https:\/\/droix.net\/\" target=\"_blank\" rel=\"nofollow noopener\">tvrtke DROIX Global<\/a> za va\u0161 mir[\/cg_accordion] [cg_accordion title=\"PRICING, TAXES AND SHIPPING\"] <strong><u>Bilje\u0161ka:<\/u><\/strong><\/p>\n<ul>\n<li>Kupci u Sjedinjenim Ameri\u010dkim Dr\u017eavama: Prikazana cijena NE uklju\u010duje POREZ niti carine. Odgovornost za carinjenje i pla\u0107anje svih povezanih poreza\/carina le\u017ei na kupcu. <\/li>\n<li>Kupci iz EU-a: Prikazana cijena uklju\u010duje primjenjivi POREZ, koji mo\u017ee iznositi do 25%, ovisno o va\u0161oj zemlji.<\/li>\n<li>Kupci u Kanadi: Prikazana cijena uklju\u010duje primjenjive poreze, koji mogu uklju\u010divati 5% GST-a i dodatne pokrajinske poreze na promet (PST), uskla\u0111eni porez na promet (HST) ili porez na promet u Quebecu (QST), ovisno o va\u0161oj pokrajini.<\/li>\n<\/ul>\n<p><strong>SAMO za kupce iz EU-a:<\/strong> Ekspresni DDP (isporu\u010dena carina pla\u0107ena). To zna\u010di: <\/p>\n<ul>\n<li style=\"list-style-type: none;\">\n<ul>\n<li>Sve carine i porezi uklju\u010deni su u cijenu prikazanu na stranici proizvoda.<\/li>\n<li>Ne\u0107ete morati pla\u0107ati nikakve dodatne tro\u0161kove po isporuci.<\/li>\n<li>U rijetkim slu\u010dajevima problema povezanih s carinom, na\u0161 tim \u0107e voditi postupak carinjenja u va\u0161e ime kako bi osigurao nesmetano iskustvo isporuke.<\/li>\n<p>Va\u017ene informacije o povratima:<\/p>\n<li>Ako odlu\u010dite vratiti narud\u017ebu ili zatra\u017eiti povrat novca, imajte na umu da se porezi i carine pla\u0107eni u va\u0161e ime prema uvjetima DDP-a ne mogu vratiti.<\/li>\n<p>Molimo pogledajte na\u0161e<\/ul>\n<\/li>\n<\/ul>\n<p><a href=\"https:\/\/gpdstore.net\/hr\/terms-of-service\/\" target=\"_blank\" rel=\"nofollow noopener\">Uvjeti i odredbe<\/a><\/p>\n<ul>za detaljne informacije.<\/ul>\n<p>[\/cg_accordion] [cg_accordion title=\"KORISNI\u010cKA PODR\u0160KA\"]  Imate pitanje? Kratak tekst dijeli nas od rje\u0161avanja va\u0161eg problema!   [\/cg_accordion] [cg_accordion title=\"WHAT'S INCLUDED\"]<\/p>\n<ul>\n<li>1x GPD olovka<\/li>\n<\/ul>\n<p>[\/cg_accordion]<\/p>\n","protected":false},"featured_media":80742,"template":"","meta":{"_acf_changed":false},"product_brand":[],"product_cat":[5406],"product_tag":[15870,18213],"woo-feed-brand":[5607],"class_list":{"0":"post-80602","1":"product","2":"type-product","3":"status-publish","4":"has-post-thumbnail","6":"product_cat-pribor","7":"product_tag-15xmsale-hr","8":"product_tag-gpd-wm2-dodatna-oprema","9":"product_shipping_class-low-end","10":"pa_accessory-type-gramofon-igla","11":"pa_brand-gpd","12":"woo-feed-brand-gpd-hr","14":"first","15":"instock","16":"sale","17":"taxable","18":"shipping-taxable","19":"purchasable","20":"product-type-variable","21":"has-default-attributes"},"acf":[],"aioseo_notices":[],"_links":{"self":[{"href":"https:\/\/gpdstore.net\/hr\/wp-json\/wp\/v2\/product\/80602","targetHints":{"allow":["GET"]}}],"collection":[{"href":"https:\/\/gpdstore.net\/hr\/wp-json\/wp\/v2\/product"}],"about":[{"href":"https:\/\/gpdstore.net\/hr\/wp-json\/wp\/v2\/types\/product"}],"wp:featuredmedia":[{"embeddable":true,"href":"https:\/\/gpdstore.net\/hr\/wp-json\/wp\/v2\/media\/80742"}],"wp:attachment":[{"href":"https:\/\/gpdstore.net\/hr\/wp-json\/wp\/v2\/media?parent=80602"}],"wp:term":[{"taxonomy":"product_brand","embeddable":true,"href":"https:\/\/gpdstore.net\/hr\/wp-json\/wp\/v2\/product_brand?post=80602"},{"taxonomy":"product_cat","embeddable":true,"href":"https:\/\/gpdstore.net\/hr\/wp-json\/wp\/v2\/product_cat?post=80602"},{"taxonomy":"product_tag","embeddable":true,"href":"https:\/\/gpdstore.net\/hr\/wp-json\/wp\/v2\/product_tag?post=80602"},{"taxonomy":"woo-feed-brand","embeddable":true,"href":"https:\/\/gpdstore.net\/hr\/wp-json\/wp\/v2\/woo-feed-brand?post=80602"}],"curies":[{"name":"wp","href":"https:\/\/api.w.org\/{rel}","templated":true}]}}