{"id":76274,"date":"2024-05-08T15:41:24","date_gmt":"2024-05-08T15:41:24","guid":{"rendered":"https:\/\/gpdstore.net\/Bez%20kategorije\/gpd-win-4-prikljucna-stanica\/"},"modified":"2025-12-23T10:17:35","modified_gmt":"2025-12-23T10:17:35","slug":"gpd-win-4-docking-station","status":"publish","type":"product","link":"https:\/\/gpdstore.net\/hr\/product\/gpd-win-4-docking-station\/","title":{"rendered":"GPD WIN 4 priklju\u010dna stanica"},"content":{"rendered":"\n<h3 class=\"wp-block-heading\"><strong>Pretvorite svoj GPD WIN 4 u stolno ra\u010dunalo sa slu\u017ebenom priklju\u010dnom stanicom<\/strong><\/h3>\n\n<p>Podignite svoje iskustvo igranja iz ruke na razinu stolnog ra\u010dunala uz GPD WIN 4 priklju\u010dnu stanicu. Ovaj osnovni dodatak ne samo da pro\u0161iruje va\u0161e mogu\u0107nosti povezivanja, ve\u0107 i pobolj\u0161ava funkcionalnost va\u0161eg ure\u0111aja, pretvaraju\u0107i ga u potpuno opremljeno stolno ra\u010dunalo.<\/p>\n\n<h3 class=\"wp-block-heading\"><strong>Pobolj\u0161ana USB povezivost<\/strong><\/h3>\n\n<p>Priklju\u010dna stanica GPD WIN 4 opremljena je s tri USB 3.2 Gen 2 Type-A priklju\u010dka, koji pru\u017eaju brzine do 10 Gbps za povezivanje raznih perifernih ure\u0111aja kao \u0161to su tipkovnice, mi\u0161evi i brzi vanjski ure\u0111aji za pohranu.<\/p>\n\n<p>Tako\u0111er ima USB 3.2 Gen 2 Type-C priklju\u010dak dizajniran za brzo punjenje, podr\u017eavaju\u0107i punja\u010de velike snage za brzo punjenje va\u0161eg ure\u0111aja.<\/p>\n\n<h3 class=\"wp-block-heading\"><strong>Vrhunske mogu\u0107nosti prikaza<\/strong><\/h3>\n\n<p>Do\u017eivite vizualne prikaze visoke razlu\u010divosti povezivanjem GPD WIN 4 s vanjskim monitorom ili televizorom putem HDMI 2.0 priklju\u010dka. Ova postavka omogu\u0107uje vam kori\u0161tenje zaslona GPD WIN 4 kao sekundarnog zaslona, pobolj\u0161avaju\u0107i va\u0161u produktivnost i iskustvo igranja s mogu\u0107nostima dvostrukog zaslona.<\/p>\n\n<h3 class=\"wp-block-heading\"><strong>Brza i sigurna internetska veza<\/strong><\/h3>\n\n<p>Priklju\u010dna stanica uklju\u010duje 1Gbps RJ45 Ethernet priklju\u010dak, pru\u017eaju\u0107i brzu i sigurnu vezu za streaming, igranje i prijenos podataka, nadma\u0161uju\u0107i be\u017ei\u010dne brzine i sigurnost.<\/p>\n\n<h3 class=\"wp-block-heading\"><strong>Kompaktan dizajn za maksimalnu prenosivost<\/strong><\/h3>\n\n<p>Priklju\u010dna stanica GPD WIN 4 mo\u017ee se pohvaliti kompaktnim faktorom oblika, dimenzija samo 3.4 x 5.6 x 3.2 in\u010da i te\u017eine samo 224 g. To ga \u010dini nevjerojatno prenosivim i jednostavnim za integraciju u bilo koji radni prostor bez nereda. Njegov dizajn uklju\u010duje odvojivu stra\u017enju stranu koja podr\u017eava jednostavno spajanje i transport priklju\u010dne stanice i ure\u0111aja.<\/p>\n\n<p>\u0160tovi\u0161e, dizajn priklju\u010dne stanice ostavlja drugi USB Type-C priklju\u010dak na GPD WIN 4 slobodnim, omogu\u0107uju\u0107i vam povezivanje perifernih ure\u0111aja visokih performansi kao \u0161to je vanjski GPU, dodatno pobolj\u0161avaju\u0107i va\u0161u postavku.<\/p>\n\n<h3 class=\"wp-block-heading\"><strong>Prednosti i nedostaci priklju\u010dne stanice GPD WIN 4<\/strong><\/h3>\n\n<h3 class=\"wp-block-heading\"><strong>Pro:<\/strong><\/h3>\n\n<ul class=\"wp-block-list\">\n<li>Vi\u0161e USB 3.2 Gen 2 Type-A priklju\u010daka za razli\u010dite periferne ure\u0111aje<\/li>\n\n\n\n<li>HDMI 2.0 izlaz za vanjske monitore ili televizore<\/li>\n\n\n\n<li>Brzi Ethernet od 1 Gbps za pouzdanu internetsku vezu<\/li>\n\n\n\n<li>USB Type-C priklju\u010dak za brzo punjenje ure\u0111aja<\/li>\n<\/ul>\n\n<h3 class=\"wp-block-heading\"><strong>Kontra:<\/strong><\/h3>\n\n<ul class=\"wp-block-list\">\n<li>Nedostaje dodatni USB Type-C priklju\u010dak za periferne veze<\/li>\n<\/ul>\n\n<h3 class=\"wp-block-heading\"><strong>Prednosti kori\u0161tenja priklju\u010dne stanice<\/strong><\/h3>\n\n<p>Priklju\u010dna stanica pojednostavljuje va\u0161 tijek rada povezivanjem prijenosnog ra\u010dunala s vi\u0161e perifernih ure\u0111aja putem jednog kabela. To ne samo da poma\u017ee u \u010di\u0161\u0107enju radnog prostora, ve\u0107 i pove\u0107ava va\u0161u produktivnost omogu\u0107avanjem postavljanja s dva zaslona. Nadalje, minimizira tro\u0161enje priklju\u010daka va\u0161eg ure\u0111aja, produljuju\u0107i vijek trajanja va\u0161eg GPD WIN 4, jer smanjuje \u010destu potrebu za povezivanjem i odspajanjem vi\u0161e kabela.<\/p>\n\n<p>Ulo\u017eite u GPD WIN 4 priklju\u010dnu stanicu ve\u0107 danas kako biste transformirali svoje postavke za igranje i pojednostavili svoj radni prostor, \u010dine\u0107i va\u0161 GPD WIN 4 ne samo gadgetom za igranje, ve\u0107 i sveobuhvatnom radnom stanicom.<\/p>\n","protected":false},"excerpt":{"rendered":"<ul>\n<li>Pohranite i napunite svoj <strong>GPD WIN 4<\/strong><\/li>\n<li>Pretvorite svoj Handheld u <strong>radnu povr\u0161inu<\/strong><\/li>\n<li>Pove\u017eite sve svoje periferne ure\u0111aje.<\/li>\n<li>Slu\u017ebeni GPD Dock dizajniran za <strong>GPD WIN 4<\/strong><\/li>\n<li>Malen, lagan i pogodan za putovanja<\/li>\n<\/ul>\n[cg_accordion title=\"PODACI O PLA\u0106ANJU\"]<\/p>\n<p>Koristimo najnoviju tehnologiju u obradi pla\u0107anja, koja vam omogu\u0107uje naplatu putem va\u0161e debitne\/kreditne kartice ili PayPal-a za brzo i sigurno iskustvo.[\/cg_accordion]\n[cg_accordion title=\"JAMSTVO\"]<\/p>\n<p>2 godine jamstva <a href=\"https:\/\/droix.net\/\" target=\"_blank\" rel=\"nofollow noopener\">tvrtke DROIX Global<\/a> za va\u0161 mir[\/cg_accordion]\n[cg_accordion title=\"CIJENE, POREZI I DOSTAVA\"]<\/p>\n<p><strong><u>Bilje\u0161ka:<\/u><\/strong><br \/>\n \u2022 Kupci iz Sjedinjenih Ameri\u010dkih Dr\u017eava: Prikazana cijena uklju\u010duje sve primjenjive poreze.<br \/>\n \u2022 Kupci iz EU-a: Prikazana cijena uklju\u010duje primjenjivi POREZ, koji mo\u017ee iznositi do 25%, ovisno o va\u0161oj zemlji.<br \/>\n \u2022 Kupci u Kanadi: Prikazana cijena uklju\u010duje primjenjive poreze, koji mogu uklju\u010divati 5% GST-a i dodatne pokrajinske poreze na promet (PST), uskla\u0111eni porez na promet (HST) ili porez na promet u Quebecu (QST), ovisno o va\u0161oj pokrajini.[\/cg_accordion]\n[cg_accordion title=\"DOSTAVA I POVRAT\"]<\/p>\n<p>U organizaciji <a href=\"https:\/\/droix.net\/\" target=\"_blank\" rel=\"nofollow noopener\">DroiX-a<\/a>, slu\u017ebenog GPD distributera, \u0161aljemo koriste\u0107i DHL Express DDP (Delivered Duty Paid). To zna\u010di: <\/p>\n<p>Ekspresni DDP (isporu\u010dena carina pla\u0107ena). To zna\u010di:<br \/>\n \u2022 Sve carine i porezi uklju\u010deni su u cijenu prikazanu na stranici proizvoda.<br \/>\n \u2022 Ne\u0107ete morati pla\u0107ati nikakve dodatne tro\u0161kove prilikom isporuke.<br \/>\n \u2022 U rijetkim slu\u010dajevima carinskih problema, na\u0161 tim \u0107e voditi postupak carinjenja u va\u0161e ime kako bi osigurao nesmetano iskustvo dostave. <\/p>\n<p>Va\u017ene informacije o povratu:<br \/>\n \u2022 Ako odlu\u010dite vratiti svoju narud\u017ebu ili zatra\u017eiti povrat novca, imajte na umu da se porezi i carine pla\u0107eni u va\u0161e ime prema uvjetima DDP-a ne mogu vratiti.<\/p>\n<p>Za detaljne informacije pogledajte <a href=\"https:\/\/gpdstore.net\/hr\/terms-of-service\/\" target=\"_blank\" rel=\"nofollow noopener\">na\u0161e Uvjete i odredbe<\/a> .[\/cg_accordion]\n[cg_accordion title=\"\u0160TO JE UKLJU\u010cENO\"]<\/p>\n<ul>\n<li>1x GPD WIN 4 priklju\u010dna stanica<\/li>\n<\/ul>\n<p>[\/cg_accordion]\n","protected":false},"featured_media":76401,"template":"","meta":{"_acf_changed":false},"product_brand":[],"product_cat":[5406],"product_tag":[5967],"woo-feed-brand":[5607],"class_list":{"0":"post-76274","1":"product","2":"type-product","3":"status-publish","4":"has-post-thumbnail","6":"product_cat-pribor","7":"product_tag-gpd-win-4-accessory-hr","8":"product_shipping_class-low-end","9":"product_shipping_class-standard","11":"pa_accessory-type-prikljucna-stanica","12":"pa_brand-gpd","13":"woo-feed-brand-gpd-hr","15":"first","16":"outofstock","17":"taxable","18":"shipping-taxable","19":"purchasable","20":"product-type-variable","21":"has-default-attributes"},"acf":[],"aioseo_notices":[],"_links":{"self":[{"href":"https:\/\/gpdstore.net\/hr\/wp-json\/wp\/v2\/product\/76274","targetHints":{"allow":["GET"]}}],"collection":[{"href":"https:\/\/gpdstore.net\/hr\/wp-json\/wp\/v2\/product"}],"about":[{"href":"https:\/\/gpdstore.net\/hr\/wp-json\/wp\/v2\/types\/product"}],"wp:featuredmedia":[{"embeddable":true,"href":"https:\/\/gpdstore.net\/hr\/wp-json\/wp\/v2\/media\/76401"}],"wp:attachment":[{"href":"https:\/\/gpdstore.net\/hr\/wp-json\/wp\/v2\/media?parent=76274"}],"wp:term":[{"taxonomy":"product_brand","embeddable":true,"href":"https:\/\/gpdstore.net\/hr\/wp-json\/wp\/v2\/product_brand?post=76274"},{"taxonomy":"product_cat","embeddable":true,"href":"https:\/\/gpdstore.net\/hr\/wp-json\/wp\/v2\/product_cat?post=76274"},{"taxonomy":"product_tag","embeddable":true,"href":"https:\/\/gpdstore.net\/hr\/wp-json\/wp\/v2\/product_tag?post=76274"},{"taxonomy":"woo-feed-brand","embeddable":true,"href":"https:\/\/gpdstore.net\/hr\/wp-json\/wp\/v2\/woo-feed-brand?post=76274"}],"curies":[{"name":"wp","href":"https:\/\/api.w.org\/{rel}","templated":true}]}}