{"id":63989,"date":"2024-05-17T08:24:33","date_gmt":"2024-05-17T08:24:33","guid":{"rendered":"https:\/\/gpdstore.net\/Bez%20kategorije\/gpd-g1-2023-egpu-prikljucna-stanica\/"},"modified":"2025-12-23T10:18:06","modified_gmt":"2025-12-23T10:18:06","slug":"gpd-g1-2023-egpu-docking-station","status":"publish","type":"product","link":"https:\/\/gpdstore.net\/hr\/product\/gpd-g1-2023-egpu-docking-station\/","title":{"rendered":"GPD G1 (2023) eGPU priklju\u010dna stanica"},"content":{"rendered":"\n<h3 class=\"wp-block-heading\">Predstavljamo GPD G1: priklju\u010dna stanica s vanjskim GPU-om<\/h3>\n\n<p>Otklju\u010dajte vrhunsko iskustvo igranja uz revolucionarnu GPD G1 priklju\u010dnu stanicu. Dizajniran da podigne va\u0161e performanse igranja, ovaj inovativni ure\u0111aj kompatibilan je s nadolaze\u0107im GPD WIN MAX 2 2023 koji podr\u017eava Oculink, GPD Mini i a\u017euriranim GPD WIN 4 2023. Nude\u0107i kompatibilnost s Oculinkom i USB 4.0, GPD G1 donosi svestranost i prakti\u010dnost u va\u0161e postavke za igranje.<\/p>\n\n<h3 class=\"wp-block-heading\">Sna\u017ena grafi\u010dka procesorska jedinica<\/h3>\n\n<p>U svojoj sr\u017ei, GPD G1 priklju\u010dna stanica ima AMD Radeon RX 7600M XT GPU, koriste\u0107i najnoviju RDNA 3.0 arhitekturu. Ovaj vanjski GPU s Oculink povezivo\u0161\u0107u pru\u017ea zapanjuju\u0107e vizualne slike i iznimne performanse. Bilo da istra\u017eujete prostrane svjetove ili ste u \u017earu bitke, GPD G1 osigurava da je svaki detalj prikazan s precizno\u0161\u0107u. S osnovnim taktom od 1500 MHz, taktom za igru od 2300 MHz i poja\u010danim taktom od 2615 MHz, GPD G1 pru\u017ea snagu potrebnu za dominaciju u bilo kojoj igri.<\/p>\n\n<h3 class=\"wp-block-heading\">Glatko i responzivno igranje<\/h3>\n\n<p>Opremljen s 8 GB GDDR6 RAM-a, GPD G1 podr\u017eava besprijekoran multitasking i glatko igranje. Memorijski takt od 2250 MHz jam\u010di brzo vrijeme u\u010ditavanja i minimalno ka\u0161njenje. Recite zbogom zastajkivanom broju sli\u010dica u sekundi i u\u017eivajte u neprekinutim sesijama igranja. Uz USB 4.0 podr\u0161ku, GPD G1 zadovoljava va\u0161e zahtjeve igranja, pru\u017eaju\u0107i vrhunske performanse za va\u0161e omiljene igre.<\/p>\n\n<h3 class=\"wp-block-heading\">Oslobodite svoju povezanost<\/h3>\n\n<p>GPD G1 Dock nudi opse\u017ene mogu\u0107nosti povezivanja s Oculinkom (SFF-8612) i USB 4 priklju\u010dcima, osiguravaju\u0107i kompatibilnost sa \u0161irokim rasponom ure\u0111aja uklju\u010duju\u0107i Thunderbolt 3 i Thunderbolt 4. Jednostavno pove\u017eite svoj GPD WIN MAX 2 2023, GPD Mini ili a\u017eurirani GPD WIN 4 putem Oculinka i do\u017eivite pobolj\u0161ano igranje. GPD G1 tako\u0111er podr\u017eava USB 4, omogu\u0107uju\u0107i pobolj\u0161anu grafiku na razli\u010ditim sustavima.<\/p>\n\n<h3 class=\"wp-block-heading\">Pro\u0161irite svoje vizualne horizonte<\/h3>\n\n<p>Pro\u0161irite svoju vizualnu postavku s opse\u017enim rasponom video priklju\u010daka GPD G1. Uz HDMI 2.1 priklju\u010dak i dva DisplayPort 1.4a priklju\u010dka, mo\u017eete spojiti do tri vanjska zaslona za panoramski do\u017eivljaj igranja. Uronite u akciju uz GPD G1 eGPU, o\u017eivljavaju\u0107i svoje igre s neusporedivim realizmom.<\/p>\n\n<h3 class=\"wp-block-heading\">Besprijekoran prijenos podataka<\/h3>\n\n<p>GPD GPD G1 priklju\u010dna stanica uklju\u010duje tri USB 3.2 priklju\u010dka za jednostavno periferno povezivanje, odr\u017eavaju\u0107i va\u0161u postavku za igranje organiziranom. SD 4.0 priklju\u010dak omogu\u0107uje brzi prijenos datoteka i pristup medijima. Pove\u017eite se s USB4 glavnim ure\u0111ajem i pove\u0107ajte brzinu prijenosa podataka.<\/p>\n\n<h3 class=\"wp-block-heading\">U\u010dinkovito hla\u0111enje za maksimalne performanse<\/h3>\n\n<p>Sustav aktivnog hla\u0111enja GPD G1 u\u010dinkovito odvodi toplinu, osiguravaju\u0107i stabilne temperature GPU-a tijekom intenzivnih sesija igranja. Recite zbogom pregrijavanju i u\u017eivajte u neprekidnom igranju uz mehanizam zra\u010dnog hla\u0111enja koji odr\u017eava optimalne performanse sustava.<\/p>\n\n<h3 class=\"wp-block-heading\">Beskompromisno napajanje<\/h3>\n\n<p>GPD GPD G1 priklju\u010dna stanica uklju\u010duje ugra\u0111eno GaN napajanje od 240 W, koje pru\u017ea pouzdanu isporuku napajanja va\u0161em GPU-u. S ukupnom grafi\u010dkom snagom od 120 W, GPD G1 optimiziran je za igranje visokih performansi, brzo i precizno renderiraju\u0107i grafiku.<\/p>\n\n<h3 class=\"wp-block-heading\">Kompaktan dizajn, velike performanse<\/h3>\n\n<p>Unato\u010d svojim kompaktnim dimenzijama (225 \u00d7 111 \u00d7 30 mm) i laganoj konstrukciji (0,92 kg), GPD G1 ima sna\u017ene performanse. Bilo kod ku\u0107e, u pokretu ili na igra\u0107im doga\u0111ajima, GPD G1 je prijenosni ure\u0111aj za svakog ljubitelja igara.<\/p>\n\n<h3 class=\"wp-block-heading\">Zaklju\u010dak<\/h3>\n\n<p>GPD G1 eGPU priklju\u010dna stanica vrhunski je dodatak za igra\u010de koji tra\u017ee snagu, svestranost i prakti\u010dnost. Kompatibilna s nadolaze\u0107im GPD WIN MAX 2 2023, GPD Mini i a\u017euriranim GPD WIN 4, zajedno s podr\u0161kom za Oculink i USB 4.0, ova priklju\u010dna stanica nudi neusporedivu povezivost. AMD Radeon RX 7600M XT GPU osigurava vizualne efekte i performanse koje oduzimaju dah, dok 8 GB GDDR6 RAM-a podr\u017eava glatko i responzivno igranje. Pro\u0161irite svoje vizualne postavke, u\u017eivajte u besprijekornom prijenosu podataka i iskoristite u\u010dinkovito hla\u0111enje i pouzdano napajanje. Pobolj\u0161ajte svoje iskustvo igranja uz GPD G1 priklju\u010dnu stanicu.<\/p>\n\n<h3 class=\"wp-block-heading\">Za i protiv<\/h3>\n\n<p><strong>Pro:<\/strong><\/p>\n\n<ul class=\"wp-block-list\">\n<li><strong>Svestrana kompatibilnost:<\/strong> Podr\u017eava GPD WIN MAX 2 2024, GPD Mini 2024, a\u017eurirani GPD WIN 4 2023 i Win 4 2024 te USB 4 ure\u0111aje, nude\u0107i pobolj\u0161anu grafiku na vi\u0161e sustava.<\/li>\n\n\n\n<li><strong>Sna\u017ene grafi\u010dke performanse:<\/strong> Sadr\u017ei AMD Radeon RX 7600M XT GPU s RDNA 3.0 arhitekturom, pru\u017eaju\u0107i iznimnu grafiku i glatko igranje.<\/li>\n\n\n\n<li><strong>Pro\u0161iriva vizualna postavka:<\/strong> Vi\u0161e grafi\u010dkih i video priklju\u010daka, uklju\u010duju\u0107i HDMI 2.1 i DP 1.4a, podr\u017eavaju do tri vanjska zaslona za pro\u017eimaju\u0107i do\u017eivljaj igranja.<\/li>\n\n\n\n<li><strong>U\u010dinkovit sustav hla\u0111enja:<\/strong> Aktivni mehanizam hla\u0111enja sprje\u010dava pregrijavanje, osiguravaju\u0107i optimalne performanse tijekom duljih sesija igranja.<\/li>\n\n\n\n<li><strong>Prijenosni i kompaktni dizajn:<\/strong> Kompaktne dimenzije i lagana konstrukcija \u010dine ga vrlo prenosivim, idealnim za igra\u010de u pokretu.<\/li>\n<\/ul>\n\n<p><strong>Kontra:<\/strong><\/p>\n\n<ul class=\"wp-block-list\">\n<li><strong>Ograni\u010dena kompatibilnost robne marke:<\/strong> Kompatibilnost s ure\u0111ajima koji nisu GPD i onima bez USB 4 priklju\u010daka mo\u017ee biti ograni\u010dena.<\/li>\n\n\n\n<li><strong>Ograni\u010dene mogu\u0107nosti GPU-a:<\/strong> Jedina opcija GPU-a je AMD Radeon RX 7600M XT, koji mo\u017eda ne\u0107e zadovoljiti korisnike koji tra\u017ee druga\u010dije ili prilagodljive izbore GPU-a.<\/li>\n<\/ul>\n","protected":false},"excerpt":{"rendered":"<ul>\n<li>GPU: AMD Radeon\u2122<strong> RX 7600M XT<\/strong> eGPU<\/li>\n<li>KOMPATIBILNOST:<strong> OCuLink, USB 4, Thunderbolt 3 i 4<\/strong><\/li>\n<li>OCULINK:<strong> PCI Express povezivanje<\/strong><\/li>\n<li>USB 4:<strong> do 40 Gbps<\/strong><\/li>\n<li>GPD OCULINK URE\u0110AJI: <strong>WIN 4 2023<\/strong>,<strong> WIN MAX 2 2023<\/strong> &amp;<strong> WIN Mini<\/strong><\/li>\n<\/ul>\n[cg_accordion title=\"PODACI O PLA\u0106ANJU\"]<\/p>\n<p>Koristimo najnoviju tehnologiju u obradi pla\u0107anja, koja vam omogu\u0107uje naplatu putem va\u0161e debitne\/kreditne kartice ili PayPal-a za brzo i sigurno iskustvo.[\/cg_accordion]\n[cg_accordion title=\"JAMSTVO\"]<\/p>\n<p>2 godine jamstva <a href=\"https:\/\/droix.net\/\" target=\"_blank\" rel=\"nofollow noopener\">tvrtke DROIX Global<\/a> za va\u0161 mir[\/cg_accordion]\n[cg_accordion title=\"CIJENE, POREZI I DOSTAVA\"]<\/p>\n<p><strong><u>Bilje\u0161ka:<\/u><\/strong><\/p>\n<ul>\n<li>Kupci u Sjedinjenim Ameri\u010dkim Dr\u017eavama: Prikazana cijena NE uklju\u010duje POREZ niti carine. Odgovornost za carinjenje i pla\u0107anje svih povezanih poreza\/carina le\u017ei na kupcu. <\/li>\n<li>Kupci iz EU-a: Prikazana cijena uklju\u010duje primjenjivi POREZ, koji mo\u017ee iznositi do 25%, ovisno o va\u0161oj zemlji.<\/li>\n<li>Kupci u Kanadi: Prikazana cijena uklju\u010duje primjenjive poreze, koji mogu uklju\u010divati 5% GST-a i dodatne pokrajinske poreze na promet (PST), uskla\u0111eni porez na promet (HST) ili porez na promet u Quebecu (QST), ovisno o va\u0161oj pokrajini.<\/li>\n<\/ul>\n<p><strong>SAMO za kupce iz EU-a:<\/strong> Ekspresni DDP (isporu\u010dena carina pla\u0107ena). To zna\u010di: <\/p>\n<ul>\n<li>Sve carine i porezi uklju\u010deni su u cijenu prikazanu na stranici proizvoda.<\/li>\n<li>Ne\u0107ete morati pla\u0107ati nikakve dodatne tro\u0161kove po isporuci.<\/li>\n<li>U rijetkim slu\u010dajevima problema povezanih s carinom, na\u0161 tim \u0107e voditi postupak carinjenja u va\u0161e ime kako bi osigurao nesmetano iskustvo isporuke.<\/li>\n<p>Va\u017ene informacije o povratima:<\/p>\n<li>Ako odlu\u010dite vratiti narud\u017ebu ili zatra\u017eiti povrat novca, imajte na umu da se porezi i carine pla\u0107eni u va\u0161e ime prema uvjetima DDP-a ne mogu vratiti.<\/li>\n<p>Za detaljne informacije pogledajte <a href=\"https:\/\/droix.net\/terms-and-conditions\/\" target=\"_blank\" rel=\"nofollow noopener\">na\u0161e Uvjete i odredbe<\/a> .\n<\/ul>\n<p>[\/cg_accordion]\n[cg_accordion title=\"KORISNI\u010cKA PODR\u0160KA\"]<\/p>\n<p>Imate pitanje? Kratak tekst dijeli nas od rje\u0161avanja va\u0161eg problema! [\/cg_accordion]\n<p>Za detaljne informacije pogledajte <a href=\"https:\/\/gpdstore.net\/hr\/terms-of-service\/\" target=\"_blank\" rel=\"nofollow noopener\">na\u0161e Uvjete i odredbe<\/a> .\n<\/ul>\n<p>[\/]<\/p>\n[cg_accordion title=\"\u0160TO JE UKLJU\u010cENO\"]<\/p>\n<ul>\n<li>1x GPD G1 2023<\/li>\n<li>1x adapter za napajanje<\/li>\n<li>1x USB Type-C kabel<\/li>\n<li>1x Korisni\u010dki priru\u010dnik<\/li>\n<\/ul>\n<p>[\/cg_accordion]\n","protected":false},"featured_media":64017,"template":"","meta":{"_acf_changed":false},"product_brand":[],"product_cat":[5406],"product_tag":[12052,5606],"woo-feed-brand":[5607],"class_list":{"0":"post-63989","1":"product","2":"type-product","3":"status-publish","4":"has-post-thumbnail","6":"product_cat-pribor","7":"product_tag-10bfsale-hr","8":"product_tag-gpd-g1-hr","9":"product_shipping_class-premium","10":"pa_brand-biwin","11":"pa_brand-droix","12":"pa_brand-gpd","13":"pa_brand-gulikit","14":"pa_graphics-gpu-model-radeon-rx-7600m-xt-hr","15":"pa_i-o-video-1x-oculink-hr","16":"pa_i-o-video-putem-1x-usb-4-0-type-c-40-gb-s","17":"woo-feed-brand-gpd-hr","19":"first","20":"outofstock","21":"sale","22":"taxable","23":"shipping-taxable","24":"purchasable","25":"product-type-variable","26":"has-default-attributes"},"acf":[],"aioseo_notices":[],"_links":{"self":[{"href":"https:\/\/gpdstore.net\/hr\/wp-json\/wp\/v2\/product\/63989","targetHints":{"allow":["GET"]}}],"collection":[{"href":"https:\/\/gpdstore.net\/hr\/wp-json\/wp\/v2\/product"}],"about":[{"href":"https:\/\/gpdstore.net\/hr\/wp-json\/wp\/v2\/types\/product"}],"wp:featuredmedia":[{"embeddable":true,"href":"https:\/\/gpdstore.net\/hr\/wp-json\/wp\/v2\/media\/64017"}],"wp:attachment":[{"href":"https:\/\/gpdstore.net\/hr\/wp-json\/wp\/v2\/media?parent=63989"}],"wp:term":[{"taxonomy":"product_brand","embeddable":true,"href":"https:\/\/gpdstore.net\/hr\/wp-json\/wp\/v2\/product_brand?post=63989"},{"taxonomy":"product_cat","embeddable":true,"href":"https:\/\/gpdstore.net\/hr\/wp-json\/wp\/v2\/product_cat?post=63989"},{"taxonomy":"product_tag","embeddable":true,"href":"https:\/\/gpdstore.net\/hr\/wp-json\/wp\/v2\/product_tag?post=63989"},{"taxonomy":"woo-feed-brand","embeddable":true,"href":"https:\/\/gpdstore.net\/hr\/wp-json\/wp\/v2\/woo-feed-brand?post=63989"}],"curies":[{"name":"wp","href":"https:\/\/api.w.org\/{rel}","templated":true}]}}