{"id":62332,"date":"2024-07-12T09:49:06","date_gmt":"2024-07-12T09:49:06","guid":{"rendered":"https:\/\/gpdstore.net\/Bez%20kategorije\/156-incni-4k-prijenosni-monitor-s-adobe-rgb-om\/"},"modified":"2025-12-23T10:15:35","modified_gmt":"2025-12-23T10:15:35","slug":"15-6-4k-portable-monitor-with-adobe-rgb","status":"publish","type":"product","link":"https:\/\/gpdstore.net\/hr\/product\/15-6-4k-portable-monitor-with-adobe-rgb\/","title":{"rendered":"15,6-in\u010dni 4K prijenosni monitor s Adobe RGB-om"},"content":{"rendered":"\n<p>Predstavljamo 15,6-in\u010dni 4K prijenosni monitor S23B-5: vrhunski mobilni zasloni ultra visoke razlu\u010divosti<\/p>\n\n<p>Tra\u017eite prijenosni monitor koji pru\u017ea iznimne vizualne efekte i performanse u pokretu? Upoznajte 4K prijenosni monitor S23B-5. Ovaj napredni ure\u0111aj donosi mobilne zaslone ultra visoke razlu\u010divosti na dohvat ruke, nude\u0107i zapanjuju\u0107u 4K UHD jasno\u0107u i preciznost. Bilo da ste igra\u010d, profesionalni ure\u0111iva\u010d videozapisa, grafi\u010dki dizajner ili entuzijast za mobilnu produktivnost, ovaj prijenosni monitor visoke razlu\u010divosti va\u0161 je savr\u0161eni suputnik.<\/p>\n\n<p>Impresivno vizualno iskustvo uz 4K UHD monitore za putovanja Pripremite se da vas o\u010dara pro\u017eimaju\u0107i vizualni do\u017eivljaj S23B-5. S 15,6-in\u010dnim zaslonom osjetljivim na dodir, ovaj se ure\u0111aj mo\u017ee pohvaliti 4K UHD zaslonom koji o\u017eivljava sadr\u017eaj izvanrednim detaljima i \u017eivopisnim bojama. Uz razlu\u010divost od 3840 x 2160 i 10-bitnu dubinu boje, svaka slika i videozapis na ovom 4K prijenosnom zaslonu prikazani su sa zapanjuju\u0107om jasno\u0107om, osiguravaju\u0107i da nijedan detalj ne pro\u0111e nezapa\u017eeno. Bilo da gledate filmove, igrate igrice ili ure\u0111ujete fotografije i videozapise, S23B-5 pru\u017ea vizualnu gozbu.<\/p>\n\n<p>Elegantan i responzivan kapacitivni zaslon osjetljiv na dodir u 10 to\u010daka Interakcija sa S23B-5 u\u017eitak je zahvaljuju\u0107i kapacitivnom zaslonu osjetljivom na dodir od 10 to\u010daka. S G+G potpuno laminiranim zaslonom osjetljivim na dodir, ovaj prijenosni monitor nudi glatki i precizan odziv na dodir, omogu\u0107uju\u0107i besprijekornu navigaciju kroz izbornike, kontrolu aplikacija i izvr\u0161avanje naredbi. Bilo da zumirate fotografije, pomi\u010dete se po web stranicama ili stvarate zamr\u0161ene dizajne, dodirni zaslon S23B-5 osigurava odziv i to\u010dnost za pove\u0107anje produktivnosti i kreativnosti.<\/p>\n\n<p>Oslobodite svoju kreativnost u pokretu Dizajniran za kreativne profesionalce, S23B-5 va\u0161 je ultimativni suputnik za ure\u0111ivanje videa, grafi\u010dki dizajn i ure\u0111ivanje fotografija. Uz 100% pokrivenost Adobe RGB prostora boja, ovaj prijenosni monitor osigurava realisti\u010dne boje za precizne prilagodbe boja i zapanjuju\u0107e rezultate. Zaslon visoke razlu\u010divosti u kombinaciji s 10-bitnom dubinom boje omogu\u0107uje rad sa zamr\u0161enim detaljima i postizanje vizualne to\u010dnosti koja je klju\u010dna za profesionalni kreativni rad.<\/p>\n\n<p>Besprijekorna povezivost za pobolj\u0161anu svestranost Povezivost je jednostavna uz S23B-5. Ovaj 4K UHD monitor za putovanja ima HD Mini priklju\u010dak, Type-C priklju\u010dke za prijenos video podataka i napajanje, priklju\u010dak za slu\u0161alice (3,5 mm) i Micro-USB priklju\u010dak za povezivanje perifernih ure\u0111aja kao \u0161to su tipkovnice i mi\u0161evi. Bilo da povezujete svoj pametni telefon, prijenosno ra\u010dunalo, PlayStation, Xbox ili druge kompatibilne ure\u0111aje, S23B-5 osigurava kompatibilnost, pro\u0161iruju\u0107i prostor va\u0161eg zaslona kako biste pove\u0107ali produktivnost ili iskustvo igranja gdje god se nalazili.<\/p>\n\n<p>Osim \u0161to je sna\u017ean i svestran, S23B-5 je nevjerojatno prakti\u010dan sa svojom ugra\u0111enom polimernom baterijom od 10000 mAh . U\u017eivajte u neprekidnoj upotrebi dok putujete, prisustvujete sastancima ili radite na daljinu. Dugotrajna baterija pru\u017ea slobodu rada, igre ili stvaranja bez brige o snazi. Ostanite produktivni i zabavljajte se u pokretu.<\/p>\n\n<p>Izra\u0111en od visokokvalitetne aluminijske legure, S23B-5 je izdr\u017eljiv i odi\u0161e vrhunskim izgledom i dojmom. Njegov elegantan i tanak dizajn, dimenzija samo 357 x 223 x 9 mm i te\u017eine 1300 g, \u010dini ga vrlo prenosivim i lakim za no\u0161enje u torbi ili ruksaku. S23B-5 dizajniran je da bude va\u0161 pouzdan suputnik, osiguravaju\u0107i bez kompromisa u pogledu produktivnosti ili zabave, bez obzira gdje se nalazili.<\/p>\n\n<p>Pru\u017eaju\u0107i vi\u0161e od zapanjuju\u0107e slike, S23B-5 pru\u017ea pro\u017eimaju\u0107i audio do\u017eivljaj s dva zvu\u010dnika od 1,0 W. U\u017eivajte u o\u0161trom i \u010distom zvuku za filmove, igre ili multimedijske aktivnosti. Bilo da se radi o videokonferenciji, slu\u0161anju glazbe ili gledanju emisija, S23B-5 pobolj\u0161ava va\u0161e osjetilno iskustvo, \u010dine\u0107i ga privla\u010dnim i zadivljuju\u0107im.  <\/p>\n\n<p>Pobolj\u0161ana udobnost gledanja Va\u0161a udobnost je va\u017ena, posebno tijekom duljeg vremena pred ekranom. S23B-5 osigurava optimalnu udobnost gledanja sa \u0161irokim kutovima gledanja i podesivim postavkama. Uz kut gledanja od 85 stupnjeva u svim smjerovima (U\/D\/L\/R), u\u017eivajte u jasnim vizualnim prikazima i \u017eivopisnim bojama iz razli\u010ditih perspektiva. Bilo da sura\u0111ujete, dijelite sadr\u017eaj ili prilago\u0111avate monitor \u017eeljenom polo\u017eaju gledanja, S23B-5 podr\u017eava udobnu i dugotrajnu upotrebu bez naprezanja o\u010diju ili ugro\u017eavanja dr\u017eanja.<\/p>\n\n<p>Idealan za ljubitelje igara Za ljubitelje igara, S23B-5 je va\u0161 ultimativni 4K prijenosni monitor za igranje. Uz 4K UHD rezoluciju, preciznu to\u010dnost boja i brzo vrijeme odziva od 25 ms, ovaj monitor pru\u017ea neusporedivo iskustvo igranja. Uronite u realisti\u010dnu grafiku, bogate boje i o\u0161tre detalje koji podi\u017eu va\u0161e avanture u igranju. S23B-5 osigurava da je svaki kadar jasan, omogu\u0107uju\u0107i brze reakcije i konkurentsku prednost u brzim akcijskim igrama, impresivnim RPG-ovima ili vizualno zapanjuju\u0107im svjetovima.<\/p>\n\n<p>Pove\u0107ajte produktivnost u pokretu Vi\u0161e od zabave i igranja, S23B-5 je snaga produktivnosti. Bilo da ste digitalni nomad, student ili profesionalac kojem je potreban prijenosni radni prostor, ovaj monitor zadovoljava va\u0161e potrebe. Pro\u0161irite zaslon prijenosnog ra\u010dunala ili pametnog telefona, obavljajte vi\u0161e zadataka bez napora i pobolj\u0161ajte u\u010dinkovitost i tijek rada. Ure\u0111ujte dokumente, kreirajte prezentacije ili analizirajte podatke s dodatnim zaslonom koji nudi S23B-5. Njegov zaslon visoke razlu\u010divosti i to\u010dna reprodukcija boja osiguravaju rad sa zamr\u0161enim detaljima i odr\u017eavanje dosljednosti na svim ure\u0111ajima. S23B-5 je va\u0161e prijenosno sredi\u0161te za produktivnost koje vam omogu\u0107uje da postignete vi\u0161e, \u010dak i u pokretu.<\/p>\n\n<p>Zaklju\u010dak Zaklju\u010dno, S23B-5 4K prijenosni monitor izniman je ure\u0111aj koji vam na dohvat ruke donosi mobilne zaslone ultra visoke razlu\u010divosti. Uz 4K UHD razlu\u010divost, kapacitivni zaslon osjetljiv na dodir s 10 to\u010daka i \u0161irok raspon boja, ovaj prijenosni monitor nudi zapanjuju\u0107e vizualne prikaze i iznimne performanse. Bilo da ste igra\u010d, kreativni profesionalac ili cijenite produktivnost u pokretu, S23B-5 prilago\u0111en je va\u0161im potrebama. Njegove svestrane mogu\u0107nosti povezivanja, ugra\u0111ena baterija i vrhunska kvaliteta izrade \u010dine ga izvanrednim izborom.<\/p>\n\n<p>Prednosti: Zapanjuju\u0107i vizualni prikazi: S23B-5 nudi 4K UHD zaslon s iznimnom to\u010dno\u0161\u0107u boja, savr\u0161en za igranje, ure\u0111ivanje videa, grafi\u010dki dizajn i ure\u0111ivanje fotografija. Funkcionalnost zaslona osjetljivog na dodir: Kapacitivni zaslon osjetljiv na dodir s 10 to\u010daka pru\u017ea responzivno i intuitivno korisni\u010dko iskustvo, omogu\u0107uju\u0107i navigaciju bez napora i preciznu kontrolu. Prenosivost: Tanak i lagan, S23B-5 je vrlo prenosiv za putovanja, poslovna putovanja i rad na daljinu. Svestrana povezivost: Vi\u0161e priklju\u010daka uklju\u010duju\u0107i HD Mini, Type C, slu\u0161alice i Micro-USB osigurava kompatibilnost s pametnim telefonima, prijenosnim ra\u010dunalima i igra\u0107im konzolama. Ugra\u0111ena baterija: S polimernom baterijom od 10000 mAh , S23B-5 nudi neprekidnu upotrebu u pokretu, bez potrebe za izvorom napajanja.<\/p>\n\n<p>Cons: Opcije ograni\u010dene veli\u010dine: Dostupno samo u veli\u010dini od 15.6 in\u010da, mo\u017eda ne\u0107e odgovarati korisnicima koji preferiraju ve\u0107e ili manje prijenosne monitore. Audio izlaz: Ugra\u0111eni zvu\u010dnici mo\u017eda ne\u0107e odgovarati vanjskim zvu\u010dnicima ili slu\u0161alicama za one koji tra\u017ee impresivnije audio iskustvo.<\/p>\n","protected":false},"excerpt":{"rendered":"<ul>\n<li><strong>100% Adobe Color<\/strong> <strong>15,6-in\u010dni UHD 4K<\/strong> prijenosni monitor s rasponom<\/li>\n<li>Kapacitivni zaslon osjetljiv na dodir u 10 to\u010daka<\/li>\n<li>Zaslon osjetljiv na dodir kompatibilan s <strong>MacOS-om<\/strong><\/li>\n<li>Ugra\u0111ena baterija od 10000mAh<\/li>\n<li><strong>Pokre\u0107e se putem USB-a<\/strong>, podr\u017eava mini-HDMI, USB Type-C<\/li>\n<\/ul>\n[cg_accordion title=\"PODACI O PLA\u0106ANJU\"]<\/p>\n<p>Koristimo najnoviju tehnologiju u obradi pla\u0107anja, koja vam omogu\u0107uje naplatu putem Apple Paya, Google Paya, va\u0161e debitne\/kreditne kartice, PayPal ili BNPL metoda kao \u0161to su Klarna, Affirm ili AfterPay za brzo i sigurno iskustvo.[\/cg_accordion]\n[cg_accordion title=\"JAMSTVO\"]<\/p>\n<p>2 godine jamstva <a href=\"https:\/\/droix.net\/\" target=\"_blank\" rel=\"nofollow noopener\">tvrtke DROIX Global<\/a> za va\u0161 mir[\/cg_accordion]\n[cg_accordion title=\"CIJENE, POREZI I DOSTAVA\"]<\/p>\n<p><strong><u>Bilje\u0161ka:<\/u><\/strong><\/p>\n<ul>\n<li>Kupci u Sjedinjenim Ameri\u010dkim Dr\u017eavama: Prikazana cijena NE uklju\u010duje POREZ niti carine. Odgovornost za carinjenje i pla\u0107anje svih povezanih poreza\/carina le\u017ei na kupcu. <\/li>\n<li>Kupci iz EU-a: Prikazana cijena uklju\u010duje primjenjivi POREZ, koji mo\u017ee iznositi do 25%, ovisno o va\u0161oj zemlji.<\/li>\n<li>Kupci u Kanadi: Prikazana cijena uklju\u010duje primjenjive poreze, koji mogu uklju\u010divati 5% GST-a i dodatne pokrajinske poreze na promet (PST), uskla\u0111eni porez na promet (HST) ili porez na promet u Quebecu (QST), ovisno o va\u0161oj pokrajini.<\/li>\n<\/ul>\n<p><strong>SAMO za kupce iz EU-a:<\/strong> Ekspresni DDP (isporu\u010dena carina pla\u0107ena). To zna\u010di: <\/p>\n<ul>\n<li>Sve carine i porezi uklju\u010deni su u cijenu prikazanu na stranici proizvoda.<\/li>\n<li>Ne\u0107ete morati pla\u0107ati nikakve dodatne tro\u0161kove po isporuci.<\/li>\n<li>U rijetkim slu\u010dajevima problema povezanih s carinom, na\u0161 tim \u0107e voditi postupak carinjenja u va\u0161e ime kako bi osigurao nesmetano iskustvo isporuke.<\/li>\n<p>Va\u017ene informacije o povratima:<\/p>\n<li>Ako odlu\u010dite vratiti narud\u017ebu ili zatra\u017eiti povrat novca, imajte na umu da se porezi i carine pla\u0107eni u va\u0161e ime prema uvjetima DDP-a ne mogu vratiti.<\/li>\n<p>Za detaljne informacije pogledajte <a href=\"https:\/\/gpdstore.net\/hr\/terms-of-service\/\" target=\"_blank\" rel=\"nofollow noopener\">na\u0161e Uvjete i odredbe<\/a> .\n<\/ul>\n<p>[\/cg_accordion]\n[cg_accordion title=\"KORISNI\u010cKA PODR\u0160KA\"]<\/p>\n<p>Imate pitanje? Kratak tekst dijeli nas od rje\u0161avanja va\u0161eg problema!<br \/>\n[\/cg_accordion]\n[cg_accordion title=\"\u0160TO JE UKLJU\u010cENO\"]<\/p>\n<ul>\n<li>1x utika\u010d (EU\/SAD)<\/li>\n<li>1x Korisni\u010dki priru\u010dnik<\/li>\n<\/ul>\n<p>[\/cg_accordion]\n","protected":false},"featured_media":62334,"template":"","meta":{"_acf_changed":false},"product_brand":[],"product_cat":[5487],"product_tag":[17846,5489],"woo-feed-brand":[5490],"class_list":{"0":"post-62332","1":"product","2":"type-product","3":"status-publish","4":"has-post-thumbnail","6":"product_cat-prijenosni-monitori","7":"product_tag-30gpdakcija","8":"product_tag-droix-prijenosni-monitor","9":"product_shipping_class-standard","10":"pa_brand-droix","11":"woo-feed-brand-droix-hr","13":"first","14":"outofstock","15":"sale","16":"taxable","17":"shipping-taxable","18":"purchasable","19":"product-type-variable","20":"has-default-attributes"},"acf":[],"aioseo_notices":[],"_links":{"self":[{"href":"https:\/\/gpdstore.net\/hr\/wp-json\/wp\/v2\/product\/62332","targetHints":{"allow":["GET"]}}],"collection":[{"href":"https:\/\/gpdstore.net\/hr\/wp-json\/wp\/v2\/product"}],"about":[{"href":"https:\/\/gpdstore.net\/hr\/wp-json\/wp\/v2\/types\/product"}],"wp:featuredmedia":[{"embeddable":true,"href":"https:\/\/gpdstore.net\/hr\/wp-json\/wp\/v2\/media\/62334"}],"wp:attachment":[{"href":"https:\/\/gpdstore.net\/hr\/wp-json\/wp\/v2\/media?parent=62332"}],"wp:term":[{"taxonomy":"product_brand","embeddable":true,"href":"https:\/\/gpdstore.net\/hr\/wp-json\/wp\/v2\/product_brand?post=62332"},{"taxonomy":"product_cat","embeddable":true,"href":"https:\/\/gpdstore.net\/hr\/wp-json\/wp\/v2\/product_cat?post=62332"},{"taxonomy":"product_tag","embeddable":true,"href":"https:\/\/gpdstore.net\/hr\/wp-json\/wp\/v2\/product_tag?post=62332"},{"taxonomy":"woo-feed-brand","embeddable":true,"href":"https:\/\/gpdstore.net\/hr\/wp-json\/wp\/v2\/woo-feed-brand?post=62332"}],"curies":[{"name":"wp","href":"https:\/\/api.w.org\/{rel}","templated":true}]}}