{"id":50946,"date":"2024-07-12T08:46:50","date_gmt":"2024-07-12T08:46:50","guid":{"rendered":"https:\/\/gpdstore.net\/Bez%20kategorije\/droix-pm13-2k-prijenosni-monitor\/"},"modified":"2025-09-15T21:32:47","modified_gmt":"2025-09-15T21:32:47","slug":"droix-pm13-2k-prijenosni-monitor","status":"publish","type":"product","link":"https:\/\/gpdstore.net\/hr\/product\/droix-pm13-2k-prijenosni-monitor\/","title":{"rendered":"DroiX PM13 2K prijenosni monitor"},"content":{"rendered":"\n<figure class=\"wp-block-video\"><video controls=\"\" muted=\"\" poster=\"https:\/\/droix.net\/wp-content\/uploads\/2024\/03\/1.jpg\" src=\"https:\/\/droix.net\/wp-content\/uploads\/2024\/06\/pm131.mp4\"><\/video><\/figure>\n\n<div class=\"wp-block-columns is-layout-flex wp-container-core-columns-is-layout-28f84493 wp-block-columns-is-layout-flex\">\n<div class=\"wp-block-column is-layout-flow wp-block-column-is-layout-flow\" style=\"flex-basis:33.33%\">\n<figure class=\"wp-block-image size-large\"><a href=\"https:\/\/droix.net\/wp-content\/uploads\/2024\/03\/DROIX-S13-GENERIC-DONE-LISTING-IMAGE-1-1.png\"><img decoding=\"async\" src=\"https:\/\/droix.net\/wp-content\/uploads\/2024\/03\/DROIX-S13-GENERIC-DONE-LISTING-IMAGE-1-1-1024x1024.png\" alt=\"Slika prijenosnog monitora DroiX, 13-in&#x10D;nog, 2K, ultratankog, laganog i prijenosnog\" class=\"wp-image-175965\"\/><\/a><\/figure>\n<\/div>\n\n\n\n<div class=\"wp-block-column is-layout-flow wp-block-column-is-layout-flow\" style=\"flex-basis:66.66%\">\n<h2 class=\"wp-block-heading\"><strong>DroiX PM13 &#8211; 13,0-in\u010dni 4K ultratanki prijenosni monitor<\/strong><\/h2>\n\n\n\n<p>DroiX PM13 elegantan je i lagan 13&#8243; 2K prijenosni monitor, te\u017eak na samo 494 grama. Zatvoren u tanki aluminijski okvir i s ultra tankim okvirima od 0,11 in\u010da, majstorski spaja stil s prakti\u010dno\u0161\u0107u. \u017divopisni IPS zaslon nudi bogate boje i \u0161irok kut gledanja od 170 stupnjeva, pru\u017eaju\u0107i zadivljuju\u0107i vizualni do\u017eivljaj. S kompatibilno\u0161\u0107u koja obuhva\u0107a brojne ure\u0111aje putem HDMI-ja i USB-C-a, PM13 je ultimativni svestrani zaslon za nadogradnju va\u0161ih postavki gdje god se nalazili.  <\/p>\n<\/div>\n<\/div>\n\n<div class=\"wp-block-columns is-layout-flex wp-container-core-columns-is-layout-28f84493 wp-block-columns-is-layout-flex\">\n<div class=\"wp-block-column is-layout-flow wp-block-column-is-layout-flow\">\n<h3 class=\"wp-block-heading\">Idealan prijenosni monitor za prijenosna ra\u010dunala<br\/><em>Bez kompromisa<\/em><\/h3>\n\n\n\n<p>Prijenosni monitor DroiX PM13 nudi iznimno iskustvo prikaza sa svojim izvanrednim zna\u010dajkama. S visokom svjetlinom i podr\u0161kom za HDR, osigurava jasnu vidljivost u svim uvjetima osvjetljenja. 100% sRGB pokrivenost i 16,7 milijuna boja pru\u017eaju preciznu to\u010dnost boja klju\u010dnu za ure\u0111ivanje fotografija i grafi\u010dki dizajn. Njegova 2K rezolucija na 13-in\u010dnom zaslonu jam\u010di visoku gusto\u0107u piksela, stvaraju\u0107i o\u0161tre i \u017eivopisne vizualne prikaze za tekst i multimediju. To \u010dini PM13 najboljim izborom za profesionalce i entuzijaste.    <\/p>\n<\/div>\n\n\n\n<div class=\"wp-block-column is-layout-flow wp-block-column-is-layout-flow\">\n<figure class=\"wp-block-image size-full\"><a href=\"https:\/\/droix.net\/wp-content\/uploads\/2024\/03\/2.jpg\"><img decoding=\"async\" src=\"https:\/\/droix.net\/wp-content\/uploads\/2024\/03\/2.jpg\" alt=\"DroiX PM13 visokokvalitetni prijenosni zaslon s podr&#x161;kom za HDR400, QHD rezolucijom 2160x1350 i 100% sRGB pokriveno&#x161;&#x107;u\" class=\"wp-image-182193\"\/><\/a><\/figure>\n<\/div>\n<\/div>\n\n<div class=\"wp-block-columns is-layout-flex wp-container-core-columns-is-layout-28f84493 wp-block-columns-is-layout-flex\">\n<div class=\"wp-block-column is-layout-flow wp-block-column-is-layout-flow\">\n<figure class=\"wp-block-image size-full\"><a href=\"https:\/\/droix.net\/wp-content\/uploads\/2024\/07\/3-1.jpg\"><img decoding=\"async\" src=\"https:\/\/droix.net\/wp-content\/uploads\/2024\/07\/3-1.jpg\" alt=\"Prijenosni monitor DroiX PM13, izra&#x111;en za redefiniranje kompatibilnosti i povezivosti sa &#x161;irokim rasponom ure&#x111;aja. S robusnom podr&#x161;kom za USB i ActiveDP tehnologije, ovaj se monitor besprijekorno integrira s raznim modernim gadgetima, od prijenosnih ra&#x10D;unala do pametnih telefona i jo&#x161; mnogo toga. Dizajniran za interakciju bez napora, PM13 radi s ure&#x111;ajima koji podr&#x17E;avaju DisplayPort preko USB-a, imaju Thunderbolt USB priklju&#x10D;ke ili slijede USB 4 protokol za video izlaz. Bilo da igrate u pokretu, pove&#x107;avate produktivnost ili u&#x17E;ivate u multimedijskom sadr&#x17E;aju, PM13 je va&#x161; ultimativni suputnik koji nudi neusporedivu fleksibilnost i performanse gdje god vam zatrebaju   \" class=\"wp-image-182203\"\/><\/a><\/figure>\n<\/div>\n\n\n\n<div class=\"wp-block-column is-layout-flow wp-block-column-is-layout-flow\">\n<h3 class=\"wp-block-heading\">Prenosivost i snaga<br\/><em>Kompatibilnost<\/em><\/h3>\n\n\n\n<p>Do\u017eivite vrhunsku svestranost prijenosnog monitora DroiX PM13, izra\u0111enog za redefiniranje kompatibilnosti i povezivosti sa \u0161irokim rasponom ure\u0111aja. S robusnom podr\u0161kom za USB i ActiveDP tehnologije, ovaj se monitor besprijekorno integrira s raznim modernim gadgetima, od prijenosnih ra\u010dunala do pametnih telefona i jo\u0161 mnogo toga. <\/p>\n\n\n\n<p>Dizajniran za interakciju bez napora, PM13 radi s ure\u0111ajima koji podr\u017eavaju DisplayPort preko USB-a, imaju Thunderbolt USB priklju\u010dke ili slijede USB 4 protokol za video izlaz. Bilo da igrate u pokretu, pove\u0107avate produktivnost ili u\u017eivate u multimedijskom sadr\u017eaju, PM13 je va\u0161 ultimativni suputnik koji nudi neusporedivu fleksibilnost i performanse gdje god vam zatrebaju. <\/p>\n<\/div>\n<\/div>\n\n<div class=\"wp-block-columns is-layout-flex wp-container-core-columns-is-layout-28f84493 wp-block-columns-is-layout-flex\">\n<div class=\"wp-block-column is-layout-flow wp-block-column-is-layout-flow\">\n<h3 class=\"wp-block-heading\">Vi\u0161e od prijenosnog monitora<br\/><em>Bogat zna\u010dajkama<\/em><\/h3>\n\n\n\n<p>Prijenosni monitor DroiX PM13 mo\u017ee se pohvaliti svestranim dizajnom s postoljem podesivim za 180\u00b0, \u0161to korisnicima omogu\u0107uje postavljanje zaslona pod razli\u010ditim kutovima za optimalnu udobnost gledanja. Osim toga, uklju\u010duje integrirani nosa\u010d za VESA nosa\u010d 75&#215;75 mm, \u0161to omogu\u0107uje fleksibilnu monta\u017eu na kompatibilne ruke ili postolja. Za zvuk, PM13 dolazi s ugra\u0111enim stereo zvu\u010dnicima, svaki s ocjenom od 1.0 W. Iako nisu iznimno mo\u0107ni, ovi zvu\u010dnici nude prakti\u010dno audio rje\u0161enje bez potrebe za vanjskim ure\u0111ajima.   <\/p>\n\n\n\n<h3 class=\"wp-block-heading\"><br\/><\/h3>\n<\/div>\n\n\n\n<div class=\"wp-block-column is-layout-flow wp-block-column-is-layout-flow\">\n<figure class=\"wp-block-image size-full\"><a href=\"https:\/\/droix.net\/wp-content\/uploads\/2024\/07\/4.jpg\"><img decoding=\"async\" src=\"https:\/\/droix.net\/wp-content\/uploads\/2024\/07\/4.jpg\" alt=\"Prijenosni monitor DroiX PM13 s postoljem podesivim za 180&#xB0;, &#x161;to korisnicima omogu&#x107;uje postavljanje zaslona pod razli&#x10D;itim kutovima za optimalnu udobnost gledanja. Uklju&#x10D;uje integrirani nosa&#x10D; za VESA nosa&#x10D; 75x75 mm za fleksibilnu monta&#x17E;u na kompatibilne ruke ili postolja. PM13 tako&#x111;er dolazi s ugra&#x111;enim stereo zvu&#x10D;nicima, svaki s ocjenom od 1,0 W, pru&#x17E;aju&#x107;i prakti&#x10D;no audio rje&#x161;enje bez potrebe za vanjskim ure&#x111;ajima.  \" class=\"wp-image-182205\"\/><\/a><\/figure>\n<\/div>\n<\/div>\n\n<div class=\"wp-block-columns is-layout-flex wp-container-core-columns-is-layout-28f84493 wp-block-columns-is-layout-flex\">\n<div class=\"wp-block-column is-layout-flow wp-block-column-is-layout-flow\">\n<figure class=\"wp-block-image size-full\"><a href=\"https:\/\/droix.net\/wp-content\/uploads\/2024\/07\/5.jpg\"><img decoding=\"async\" src=\"https:\/\/droix.net\/wp-content\/uploads\/2024\/07\/5.jpg\" alt=\"Prijenosni monitor DroiX PM13 primjer je svestranosti s opse&#x17E;nim mogu&#x107;nostima kompatibilnosti i povezivanja. Sadr&#x17E;i &#x10D;etiri na&#x10D;ina rada: duplicirani na&#x10D;in rada za zrcaljenje sadr&#x17E;aja, na&#x10D;in pro&#x161;irenja za pro&#x161;irenje radnog prostora, drugi zaslon za igra&#x107;e konzole i portretni na&#x10D;in rada za okomitu orijentaciju. Idealno za profesionalce, igra&#x10D;e i digitalne nomade, pove&#x107;avaju&#x107;i produktivnost i zabavu u razli&#x10D;itim okru&#x17E;enjima  \" class=\"wp-image-182206\"\/><\/a><\/figure>\n<\/div>\n\n\n\n<div class=\"wp-block-column is-layout-flow wp-block-column-is-layout-flow\">\n<h3 class=\"wp-block-heading\">Pro\u0161irenje, umno\u017eavanje, portret i jo\u0161 mnogo toga<br\/><em>Istinska svestranost<br\/><\/em><\/h3>\n\n\n\n<p>Prijenosni monitor DroiX PM13 primjer je svestranosti sa svojom opse\u017enom kompatibilno\u0161\u0107u i mogu\u0107nostima povezivanja. Nudi \u010detiri svestrana na\u010dina rada: duplicirani na\u010din rada za zrcaljenje sadr\u017eaja, na\u010din pro\u0161irenja za pro\u0161irenje radnog prostora, drugi zaslon za igra\u0107e konzole i portretni na\u010din rada za okomitu orijentaciju. Ova prilagodljivost \u010dini ga idealnim suputnikom za profesionalce, igra\u010de i digitalne nomade, pove\u0107avaju\u0107i produktivnost i zabavu u razli\u010ditim okru\u017eenjima.  <\/p>\n\n\n\n<p>4o<\/p>\n<\/div>\n<\/div>\n\n<figure class=\"wp-block-image aligncenter size-large\"><a href=\"https:\/\/droix.net\/wp-content\/uploads\/2024\/07\/7.jpg\"><img decoding=\"async\" src=\"https:\/\/droix.net\/wp-content\/uploads\/2024\/07\/7-1024x420.jpg\" alt=\"Spojite svoj MacBook s omogu&#x107;enim Thunderbolt 3 ili 4 zaslonom na prijenosni monitor DroiX PM13 putem priklju&#x10D;ka Type-C s podr&#x161;kom za DP ALT-MODE. Ova napredna povezivost osigurava i prijenos videa i isporuku napajanja putem jednog Type-C kabela, maksimiziraju&#x107;i prakti&#x10D;nost i u&#x10D;inkovitost. \" class=\"wp-image-182195\"\/><\/a><\/figure>\n\n<p>Spojite svoj MacBook s omogu\u0107enim Thunderbolt 3 ili 4 zaslonom na prijenosni monitor DroiX PM13 putem priklju\u010dka Type-C s podr\u0161kom za DP ALT-MODE. Ova napredna povezivost osigurava i prijenos videa i isporuku napajanja putem jednog Type-C kabela, maksimiziraju\u0107i prakti\u010dnost i u\u010dinkovitost. <\/p>\n\n<figure class=\"wp-block-image aligncenter size-large is-resized\"><a href=\"https:\/\/droix.net\/wp-content\/uploads\/2024\/03\/8.jpg\"><img decoding=\"async\" src=\"https:\/\/droix.net\/wp-content\/uploads\/2024\/03\/8-1024x420.jpg\" alt=\"Iskoristite napredne mogu&#x107;nosti Thunderbolt 3, 4 ili USB 3.1 DP ALT-MODE na svom pametnom telefonu kako biste se neprimjetno povezali s prijenosnim monitorom DroiX PM13 za video izlaz i napajanje. Iskoristite Type-C priklju&#x10D;ak s podr&#x161;kom za DP ALT-MODE na svom pametnom telefonu za pojednostavljeno iskustvo s jednim kabelom za rukovanje video prijenosom i napajanjem \" class=\"wp-image-182197\" style=\"width:900px;height:auto\"\/><\/a><\/figure>\n\n<p>Bez napora pove\u017eite prijenosno ra\u010dunalo sa sustavom Windows s prijenosnim monitorom DroiX PM13 pomo\u0107u HDMI i Type-C priklju\u010daka za besprijekoran prijenos videozapisa i napajanje. Priklju\u010dak Type-C podr\u017eava napajanje (PD), dok HDMI priklju\u010dak osigurava video izlaz visoke razlu\u010divosti, omogu\u0107uju\u0107i vam u\u017eivanje u pobolj\u0161anoj produktivnosti i zabavi bez ikakvih problema. <\/p>\n\n<figure class=\"wp-block-image aligncenter size-large\"><a href=\"https:\/\/droix.net\/wp-content\/uploads\/2024\/03\/9.jpg\"><img decoding=\"async\" src=\"https:\/\/droix.net\/wp-content\/uploads\/2024\/03\/9-1024x420.jpg\" alt=\"Iskoristite napredne mogu&#x107;nosti Thunderbolt 3, 4 ili USB 3.1 DP ALT-MODE na svom pametnom telefonu kako biste se neprimjetno povezali s prijenosnim monitorom DroiX PM13 za video izlaz i napajanje. Iskoristite Type-C priklju&#x10D;ak s podr&#x161;kom za DP ALT-MODE na svom pametnom telefonu za pojednostavljeno iskustvo s jednim kabelom za rukovanje video prijenosom i napajanjem \" class=\"wp-image-182198\"\/><\/a><\/figure>\n\n<p>Iskoristite napredne mogu\u0107nosti Thunderbolt 3, 4 ili USB 3.1 DP ALT-MODE na svom pametnom telefonu kako biste se neprimjetno povezali s prijenosnim monitorom DroiX PM13 za video izlaz i napajanje. Koriste\u0107i Type-C priklju\u010dak s podr\u0161kom za DP ALT-MODE na svom pametnom telefonu, mo\u017eete u\u017eivati u pojednostavljenom iskustvu s jednim kabelom koji obra\u0111uje i video prijenos i napajanje. <\/p>\n\n<figure class=\"wp-block-image aligncenter size-large\"><a href=\"https:\/\/droix.net\/wp-content\/uploads\/2024\/03\/11.jpg\"><img decoding=\"async\" src=\"https:\/\/droix.net\/wp-content\/uploads\/2024\/03\/11-1024x420.jpg\" alt=\"Razli&#x10D;iti na&#x10D;ini povezivanja prijenosnog monitora DroiX PM13 uklju&#x10D;uju USB, ActiveDP, DisplayPort preko USB-a, Thunderbolt USB priklju&#x10D;ke i USB 4 protokol za video izlaz, osiguravaju&#x107;i svestranu povezivost.\" class=\"wp-image-182199\"\/><\/a><\/figure>\n\n<figure class=\"wp-block-image aligncenter size-large\"><a href=\"https:\/\/droix.net\/wp-content\/uploads\/2024\/03\/12.jpg\"><img decoding=\"async\" src=\"https:\/\/droix.net\/wp-content\/uploads\/2024\/03\/12-1024x420.jpg\" alt=\"&#x10C;esto postavljana pitanja za prijenosni monitor DroiX PM13\" class=\"wp-image-182200\"\/><\/a><\/figure>\n\n<h3 class=\"wp-block-heading\"><strong>Zaklju\u010dak<\/strong><\/h3>\n\n<p>DroiX PM13 redefinira bit prijenosnih monitora, kombiniraju\u0107i visoku razlu\u010divost, vrhunsku prenosivost i opse\u017enu kompatibilnost u elegantnom dizajnu prilago\u0111enom korisniku. Izra\u0111en je za one koji odbijaju kompromise u pogledu kvalitete i funkcionalnosti, \u010dak i u pokretu. Prigrlite budu\u0107nost prijenosnih monitora uz DroiX PM13 i do\u017eivite savr\u0161en spoj inovacija i prakti\u010dnosti iz prve ruke.  <\/p>\n\n<p>Ne propustite priliku da pobolj\u0161ate svoje iskustvo prijenosnog monitora uz DroiX PM13. Predbilje\u017eite se sada kako biste osigurali svoje mjesto me\u0111u prvima koji \u0107e u\u017eivati u ovom revolucionarnom ure\u0111aju. Uz ograni\u010denu dostupnost, ovo je va\u0161a prilika da iskora\u010dite naprijed i iskusite vrhunsku tehnologiju prijenosnog zaslona. Naru\u010dite svoj prijenosni monitor DroiX PM13 ve\u0107 danas!   <\/p>\n","protected":false},"excerpt":{"rendered":"<ul>\n<li>2K 13&#8243;<strong> IPS<\/strong> zaslon<\/li>\n<li>100%<strong> sRGB<\/strong> pokrivenost<\/li>\n<li>Svjetlina od 450 <strong>nita<\/strong><\/li>\n<li>75x75mm<strong> VESA<\/strong> nosa\u010d<\/li>\n<li> <strong> Ugra\u0111eni<\/strong> Govornici<\/li>\n<\/ul>\n<p> [cg_accordion title=\"PODACI O PLA\u0106ANJU\"] Koristimo najnoviju tehnologiju u obradi pla\u0107anja, koja vam omogu\u0107uje naplatu putem va\u0161e debitne\/kreditne kartice ili PayPal-a za brzo i sigurno iskustvo.[\/cg_accordion] [cg_accordion title=\"JAMSTVO\"] 1 ili 2 godine* jamstva <a href=\"https:\/\/droix.net\/\" target=\"_blank\" rel=\"nofollow noopener\">tvrtke DroiX Global<\/a> za va\u0161 mir[\/cg_accordion] [cg_accordion title=\"DOSTAVA I POREZI\"] <strong><u>Bilje\u0161ka:<\/u><\/strong> Korisnici iz Sjedinjenih Ameri\u010dkih Dr\u017eava: prikazana cijena uklju\u010duje sve primjenjive poreze. Korisnici iz EU-a: Prikazana cijena uklju\u010duje primjenjivi TAX, koji mo\u017ee iznositi do 25% ovisno o va\u0161oj zemlji. Kupci u Kanadi: Prikazana cijena uklju\u010duje 5% GST-a. Dostavom i povratom upravlja <a href=\"https:\/\/droix.net\/\" target=\"_blank\" rel=\"nofollow noopener\">DroiX<\/a>, slu\u017ebeni GPD distributer. Nudimo brzu dostavu DHL Express DDP (Delivered Duty Paid). Sve carine i porezi uklju\u010deni su u prikazanu cijenu &#8211; po isporuci ne\u0107e biti potrebna dodatna pla\u0107anja. Ako se pojave bilo kakvi carinski problemi, na\u0161 tim \u0107e voditi postupke carinjenja u va\u0161e ime. Va\u017eno: U slu\u010daju povrata i promjene mi\u0161ljenja, porezi i carine pla\u0107eni u va\u0161e ime ne mogu se vratiti zbog DDP uvjeta dostave. Za detaljne informacije pogledajte <a href=\"https:\/\/gpdstore.net\/hr\/terms-of-service\/\" target=\"_blank\" rel=\"nofollow noopener\">na\u0161e Uvjete i odredbe<\/a> .        [\/cg_accordion] [cg_accordion title=\"WHAT'S INCLUDED\"]<\/p>\n<ul>\n<li>1x DroiX PM13 prijenosni monitor<\/li>\n<li>1x utika\u010d (EU\/SAD)<\/li>\n<li>1x HDMI kabel<\/li>\n<li>1x USB Type-C kabel<\/li>\n<li>1x USB kabel tipa A na tip C<\/li>\n<li>1x za\u0161titna torbica<\/li>\n<li>1x korisni\u010dki priru\u010dnik<\/li>\n<\/ul>\n<p>[\/cg_accordion]<\/p>\n","protected":false},"featured_media":818474,"template":"","meta":{"_acf_changed":false},"product_brand":[],"product_cat":[5487],"product_tag":[12725,5489],"woo-feed-brand":[5490],"class_list":{"0":"post-50946","1":"product","2":"type-product","3":"status-publish","4":"has-post-thumbnail","6":"product_cat-prijenosni-monitori","7":"product_tag-25bfsale-hr","8":"product_tag-droix-prijenosni-monitor","9":"product_shipping_class-low-end","10":"pa_brand-droix","11":"woo-feed-brand-droix-hr","13":"first","14":"instock","15":"sale","16":"taxable","17":"shipping-taxable","18":"purchasable","19":"product-type-variable","20":"has-default-attributes"},"acf":[],"aioseo_notices":[],"_links":{"self":[{"href":"https:\/\/gpdstore.net\/hr\/wp-json\/wp\/v2\/product\/50946","targetHints":{"allow":["GET"]}}],"collection":[{"href":"https:\/\/gpdstore.net\/hr\/wp-json\/wp\/v2\/product"}],"about":[{"href":"https:\/\/gpdstore.net\/hr\/wp-json\/wp\/v2\/types\/product"}],"wp:featuredmedia":[{"embeddable":true,"href":"https:\/\/gpdstore.net\/hr\/wp-json\/wp\/v2\/media\/818474"}],"wp:attachment":[{"href":"https:\/\/gpdstore.net\/hr\/wp-json\/wp\/v2\/media?parent=50946"}],"wp:term":[{"taxonomy":"product_brand","embeddable":true,"href":"https:\/\/gpdstore.net\/hr\/wp-json\/wp\/v2\/product_brand?post=50946"},{"taxonomy":"product_cat","embeddable":true,"href":"https:\/\/gpdstore.net\/hr\/wp-json\/wp\/v2\/product_cat?post=50946"},{"taxonomy":"product_tag","embeddable":true,"href":"https:\/\/gpdstore.net\/hr\/wp-json\/wp\/v2\/product_tag?post=50946"},{"taxonomy":"woo-feed-brand","embeddable":true,"href":"https:\/\/gpdstore.net\/hr\/wp-json\/wp\/v2\/woo-feed-brand?post=50946"}],"curies":[{"name":"wp","href":"https:\/\/api.w.org\/{rel}","templated":true}]}}