{"id":351537,"date":"2024-08-12T15:37:31","date_gmt":"2024-08-12T15:37:31","guid":{"rendered":"https:\/\/gpdstore.net\/Bez%20kategorije\/droix-nt8-prozirno-usb-cvoriste\/"},"modified":"2025-12-23T10:13:54","modified_gmt":"2025-12-23T10:13:54","slug":"droix-nt8-clear-usb-hub","status":"publish","type":"product","link":"https:\/\/gpdstore.net\/hr\/product\/droix-nt8-clear-usb-hub\/","title":{"rendered":"DroiX NT8 prozirno USB \u010dvori\u0161te"},"content":{"rendered":"\n<h3 class=\"wp-block-heading\">DroiX NT8 Clear USB \u010dvori\u0161te: Budu\u0107nost kristalno \u010diste povezivosti!  <\/h3>\n\n<h3 class=\"wp-block-heading\">Do\u017eivite gigabitne Ethernet brzine  <\/h3>\n\n<p>Umorni ste od sporog interneta koji vas sputava? Zakora\u010dite u budu\u0107nost uz DroiX NT8 Clear USB Hub! Ovo nije bilo koje \u010dvori\u0161te \u2013 to je va\u0161 ulaz u nevjerojatno brzi svijet 10\/100\/1000M RJ45 Gigabit Etherneta. Bilo da streamate u HD-u, osvajate online igre ili pregledavate s vi\u0161e otvorenih kartica, iskusit \u0107ete munjevito brze, stabilne veze. Recite zbogom me\u0111uspremniku i ka\u0161njenju &#8211; sve se u\u010ditava brzinom sada!<\/p>\n\n<h3 class=\"wp-block-heading\">Brza i u\u010dinkovita isporuka snage  <\/h3>\n\n<p>U svijetu koji nikada ne prestaje, va\u0161i ure\u0111aji moraju dr\u017eati korak. DroiX NT8 dizajniran je imaju\u0107i na umu snagu, podr\u017eavaju\u0107i PD punjenje do 100 W. Bilo da cijedite sok za prijenosno ra\u010dunalo, ru\u010dnu igra\u0107u konzolu ili bilo koji USB Type-C ure\u0111aj, ovo \u010dvori\u0161te osigurava brzo, pouzdano i u\u010dinkovito punjenje. Nema vi\u0161e \u010dekanja \u2013 va\u0161i \u0107e ure\u0111aji biti uklju\u010deni i spremni kad god ste.   <\/p>\n\n<h3 class=\"wp-block-heading\">Zapanjuju\u0107a 4K slika  <\/h3>\n\n<p>\u017dudite za kristalno jasnim vizualima? DroiX NT8 Clear USB Hub pru\u017ea kinematografsko iskustvo na dohvat ruke. Uz HDMI 2.0 video izlaz u\u017eivajte u iznimno o\u0161troj 4096&#215;2160 4K rezoluciji pri 60 Hz. Bilo da se radi o poslu, zabavi ili igranju, vizualni elementi su toliko jasni i pro\u017eimaju\u0107i da \u0107ete se osje\u0107ati kao da ste u akciji.<\/p>\n\n<h3 class=\"wp-block-heading\">Neusporediva USB povezivost  <\/h3>\n\n<p>Za\u0161to se ograni\u010diti na samo nekoliko veza? DroiX NT8 Clear USB Hub nudi tri USB Type-A 3.0 priklju\u010dka, osiguravaju\u0107i da mo\u017eete spojiti sve svoje ure\u0111aje bez problema. Prenosite podatke brzinom munje, priklju\u010dite periferne ure\u0111aje ili punite svoje ure\u0111aje \u2013 sve uz svestranost i performanse koje zahtijevate. Uz DroiX NT8 uvijek ste spremni za povezivanje i polazak.<\/p>\n\n<h3 class=\"wp-block-heading\">Najsuvremeniji USB Type-C kabel  <\/h3>\n\n<p>Budu\u0107nost povezivanja je ovdje s USB Type-C kabelom DroiX NT8. Dizajnirano za br\u017ei prijenos podataka i u\u010dinkovito punjenje, ovo moderno rje\u0161enje osigurava pojednostavljenu, univerzalnu vezu. Kompatibilan sa \u0161irokim rasponom ure\u0111aja, ovo \u010dvori\u0161te uistinu je investicija otporna na budu\u0107nost koja vas s lako\u0107om odr\u017eava povezanima.<\/p>\n\n<h3 class=\"wp-block-heading\">Jednostavan pristup medijima  <\/h3>\n\n<p>Pristupite svojim medijskim datotekama u nekoliko sekundi s dvostrukim \u010dita\u010dima SD kartica DroiX NT8. Bilo da se radi o fotografijama, videozapisima ili va\u017enim dokumentima, ovi \u010dita\u010di podr\u017eavaju i Micro SD i SD kartice, nude\u0107i brzine prijenosa do 480 Mbps. Imat \u0107ete sve svoje bitne podatke na dohvat ruke, brzo i bez muke.<\/p>\n\n<h3 class=\"wp-block-heading\">Kompaktan dizajn, ogroman utjecaj  <\/h3>\n\n<p>U svijetu glomaznih naprava, DroiX NT8 isti\u010de se svojim elegantnim i kompaktnim dizajnom. Dimenzija samo 104 x 43 x 13 mm, savr\u0161en je suputnik za one koji su u pokretu. Bilo da ste u kafi\u0107u, na sastanku ili putujete, ovo je \u010dvori\u0161te dovoljno malo da ga mo\u017eete ponijeti bilo gdje, ali i dovoljno sna\u017eno da ima veliki utjecaj na va\u0161e potrebe povezivanja.<\/p>\n\n<h3 class=\"wp-block-heading\">Univerzalna kompatibilnost  <\/h3>\n\n<p>DroiX NT8 Clear USB \u010dvori\u0161te nije samo svestrano, ve\u0107 je i univerzalno kompatibilno. Dizajniran za besprijekoran rad s USB Type-C ure\u0111ajima kao \u0161to su ra\u010dunala, mini ra\u010dunala, prijenosna ra\u010dunala, ru\u010dni ure\u0111aji za igranje i jo\u0161 mnogo toga, to je sveobuhvatno rje\u0161enje koje ste tra\u017eili. Nema vi\u0161e \u017eongliranja s vi\u0161e \u010dvori\u0161ta \u2013 ovo je jedino \u0161to \u0107e vam ikada trebati.<\/p>\n\n<h3 class=\"wp-block-heading\">Zaklju\u010dak: Revolucija povezivanja  <\/h3>\n\n<p>Me\u0111u morem USB \u010dvori\u0161ta, DroiX NT8 Clear USB Hub blista kao istaknutost. Sa svojim impresivnim nizom zna\u010dajki, kompaktnim dizajnom i univerzalnom kompatibilno\u0161\u0107u, to je vi\u0161e od obi\u010dnog \u010dvori\u0161ta \u2013 to je revolucija u povezivanju. Bilo da ste tehnolo\u0161ki entuzijast, igra\u010d ili profesionalac u pokretu, DroiX NT8 je ultimativni alat za pobolj\u0161anje va\u0161eg tehni\u010dkog iskustva. Zakora\u010dite u budu\u0107nost s DroiX NT8 &#8211; va\u0161i \u0107e vam ure\u0111aji biti zahvalni!<\/p>\n\n<p>Istra\u017eite vi\u0161e u na\u0161em <strong>vodi\u010du Po\u010detak rada s Droix NT8 Clear USB Hub<\/strong> .<\/p>\n","protected":false},"excerpt":{"rendered":"<ul>\n<li>DroiX<strong> NT8<\/strong> prozirno USB \u010dvori\u0161te<\/li>\n<li><strong>10\/100\/1000M<\/strong> gigabitni Ethernet<\/li>\n<li>PD punjenje od 100 W<\/li>\n<li><strong>Utor za MicroSD \/ SD karticu<\/strong> 480Mbps<\/li>\n<li><strong>HDMI 4K<\/strong> Izlaz<\/li>\n<\/ul>\n[cg_accordion title=\"PODACI O PLA\u0106ANJU\"]<\/p>\n<p>Koristimo najnoviju tehnologiju u obradi pla\u0107anja, koja vam omogu\u0107uje naplatu putem Apple Paya, Google Paya, va\u0161e debitne\/kreditne kartice, PayPal ili BNPL metoda kao \u0161to su Klarna, Affirm ili AfterPay za brzo i sigurno iskustvo.[\/cg_accordion]\n[cg_accordion title=\"JAMSTVO\"]<\/p>\n<p>2 godine jamstva <a href=\"https:\/\/droix.net\/\" target=\"_blank\" rel=\"nofollow noopener\">tvrtke DROIX Global<\/a> za va\u0161 mir[\/cg_accordion]\n[cg_accordion title=\"CIJENE, POREZI I DOSTAVA\"]<\/p>\n<p><strong><u>Bilje\u0161ka:<\/u><\/strong><\/p>\n<ul>\n<li>Kupci u Sjedinjenim Ameri\u010dkim Dr\u017eavama: Prikazana cijena NE uklju\u010duje POREZ niti carine. Odgovornost za carinjenje i pla\u0107anje svih povezanih poreza\/carina le\u017ei na kupcu. <\/li>\n<li>Kupci iz EU-a: Prikazana cijena uklju\u010duje primjenjivi POREZ, koji mo\u017ee iznositi do 25%, ovisno o va\u0161oj zemlji.<\/li>\n<li>Kupci u Kanadi: Prikazana cijena uklju\u010duje primjenjive poreze, koji mogu uklju\u010divati 5% GST-a i dodatne pokrajinske poreze na promet (PST), uskla\u0111eni porez na promet (HST) ili porez na promet u Quebecu (QST), ovisno o va\u0161oj pokrajini.<\/li>\n<\/ul>\n<p><strong>SAMO za kupce iz EU-a:<\/strong> Ekspresni DDP (isporu\u010dena carina pla\u0107ena). To zna\u010di: <\/p>\n<ul>\n<li>Sve carine i porezi uklju\u010deni su u cijenu prikazanu na stranici proizvoda.<\/li>\n<li>Ne\u0107ete morati pla\u0107ati nikakve dodatne tro\u0161kove po isporuci.<\/li>\n<li>U rijetkim slu\u010dajevima problema povezanih s carinom, na\u0161 tim \u0107e voditi postupak carinjenja u va\u0161e ime kako bi osigurao nesmetano iskustvo isporuke.<\/li>\n<p>Va\u017ene informacije o povratima:<\/p>\n<li>Ako odlu\u010dite vratiti narud\u017ebu ili zatra\u017eiti povrat novca, imajte na umu da se porezi i carine pla\u0107eni u va\u0161e ime prema uvjetima DDP-a ne mogu vratiti.<\/li>\n<p>Za detaljne informacije pogledajte <a href=\"https:\/\/gpdstore.net\/hr\/terms-of-service\/\" target=\"_blank\" rel=\"nofollow noopener\">na\u0161e Uvjete i odredbe<\/a> .\n<\/ul>\n<p>[\/cg_accordion]\n[cg_accordion title=\"KORISNI\u010cKA PODR\u0160KA\"]<\/p>\n<p>Imate pitanje? Kratak tekst dijeli nas od rje\u0161avanja va\u0161eg problema!<br \/>\n[\/cg_accordion]\n[cg_accordion title=\"\u0160TO JE UKLJU\u010cENO\"]<\/p>\n<ul>\n<li>1x DroiX NT8 prozirno USB \u010dvori\u0161te<\/li>\n<\/ul>\n<p>[\/cg_accordion]\n","protected":false},"featured_media":351634,"template":"","meta":{"_acf_changed":false},"product_brand":[],"product_cat":[5406],"product_tag":[6977],"woo-feed-brand":[5490],"class_list":{"0":"post-351537","1":"product","2":"type-product","3":"status-publish","4":"has-post-thumbnail","6":"product_cat-pribor","7":"product_tag-droix-cvoriste","8":"product_shipping_class-low-end","9":"pa_i-o-video-1x-hdmi-hr","10":"woo-feed-brand-droix-hr","12":"first","13":"outofstock","14":"sale","15":"taxable","16":"shipping-taxable","17":"purchasable","18":"product-type-simple"},"acf":[],"aioseo_notices":[],"_links":{"self":[{"href":"https:\/\/gpdstore.net\/hr\/wp-json\/wp\/v2\/product\/351537","targetHints":{"allow":["GET"]}}],"collection":[{"href":"https:\/\/gpdstore.net\/hr\/wp-json\/wp\/v2\/product"}],"about":[{"href":"https:\/\/gpdstore.net\/hr\/wp-json\/wp\/v2\/types\/product"}],"wp:featuredmedia":[{"embeddable":true,"href":"https:\/\/gpdstore.net\/hr\/wp-json\/wp\/v2\/media\/351634"}],"wp:attachment":[{"href":"https:\/\/gpdstore.net\/hr\/wp-json\/wp\/v2\/media?parent=351537"}],"wp:term":[{"taxonomy":"product_brand","embeddable":true,"href":"https:\/\/gpdstore.net\/hr\/wp-json\/wp\/v2\/product_brand?post=351537"},{"taxonomy":"product_cat","embeddable":true,"href":"https:\/\/gpdstore.net\/hr\/wp-json\/wp\/v2\/product_cat?post=351537"},{"taxonomy":"product_tag","embeddable":true,"href":"https:\/\/gpdstore.net\/hr\/wp-json\/wp\/v2\/product_tag?post=351537"},{"taxonomy":"woo-feed-brand","embeddable":true,"href":"https:\/\/gpdstore.net\/hr\/wp-json\/wp\/v2\/woo-feed-brand?post=351537"}],"curies":[{"name":"wp","href":"https:\/\/api.w.org\/{rel}","templated":true}]}}