{"id":351032,"date":"2024-08-12T15:14:19","date_gmt":"2024-08-12T15:14:19","guid":{"rendered":"https:\/\/gpdstore.net\/Bez%20kategorije\/droix-nh8-usb-cvoriste-s-nvme\/"},"modified":"2025-12-23T10:14:06","modified_gmt":"2025-12-23T10:14:06","slug":"droix-nh8-nvme-usb-hub","status":"publish","type":"product","link":"https:\/\/gpdstore.net\/hr\/product\/droix-nh8-nvme-usb-hub\/","title":{"rendered":"DroiX NH8 USB \u010dvori\u0161te s NVMe"},"content":{"rendered":"\n<h3 class=\"wp-block-heading\">Predstavljamo DroiX NH8 \u010dvori\u0161te s NVMe utorom: va\u0161e ultimativno rje\u0161enje za povezivanje!<\/h3>\n\n<h3 class=\"wp-block-heading\">Munjevito brzi gigabitni Ethernet<\/h3>\n\n<p>Zakora\u010dite u budu\u0107nost internetske povezanosti uz DroiX NH8 Hub! S robusnim 10\/100\/1000M RJ45 Gigabit Ethernet priklju\u010dkom, ovo \u010dvori\u0161te pru\u017ea munjevito brzu, stabilnu i iznimno pouzdanu internetsku vezu. Bilo da igrate igre, streamate ili ste na va\u017enom videopozivu, do\u017eivite besprijekorne performanse bez ka\u0161njenja koje mo\u017ee pru\u017eiti samo \u017ei\u010dana veza. Recite zbogom Wi-Fi problemima i pozdravite dosljedan brzi pristup!   <\/p>\n\n<h3 class=\"wp-block-heading\">Video izlaz koji oduzima dah<\/h3>\n\n<p>Transformirajte svoje vizualno iskustvo uz podr\u0161ku za HDMI 2.0 \u010dvori\u0161te DroiX NH8. Bilo da zaronite u 4K film, prezentirate klijentu ili igrate igre u visokim razlu\u010divostima, \u010dvori\u0161te daje zapanjuju\u0107e vizualne prikaze u rezoluciji 4096&#215;2160 s glatkom brzinom osvje\u017eavanja od 60 Hz. Pripremite se da vas o\u010daraju \u017eivopisne boje i o\u0161tri detalji koji \u0107e vas uroniti u svaki kadar.  <\/p>\n\n<h3 class=\"wp-block-heading\">Jednostavno pro\u0161irenje prostora za pohranu<\/h3>\n\n<p>Ponestaje vam prostora za pohranu? DroiX NH8 Hub \u0107e vas pokriti. S ugra\u0111enim PCIe NVMe utorom, pro\u0161irenje prostora za pohranu nikada nije bilo lak\u0161e. Idealan za aplikacije visokih performansi ili veliku pohranu datoteka, ovaj utor podr\u017eava nevjerojatno brze brzine prijenosa podataka, osiguravaju\u0107i nesmetan i u\u010dinkovit rad va\u0161eg sustava. Prilagodite memoriju svojim potrebama i odr\u017eavajte svoj ure\u0111aj na najbolji mogu\u0107i na\u010din.    <\/p>\n\n<h3 class=\"wp-block-heading\">Brzi prijenos podataka<\/h3>\n\n<p>Trebate prenijeti velike datoteke u trenu? DroiX NH8 Hub ima USB Type-A 3.0 priklju\u010dak, koji pru\u017ea velike brzine prijenosa podataka koje upravljanje datotekama \u010dine lakim. Bilo da povezujete periferne ure\u0111aje, ure\u0111aje za punjenje ili premje\u0161tate podatke, ovo \u010dvori\u0161te osigurava da se sve obavi brzo i u\u010dinkovito, \u0161tede\u0107i vam dragocjeno vrijeme.  <\/p>\n\n<h3 class=\"wp-block-heading\">Univerzalna kompatibilnost s USB Type-C<\/h3>\n\n<p>DroiX NH8 Hub dolazi opremljen svestranim USB Type-C kabelom, koji nudi univerzalnu kompatibilnost sa \u0161irokim rasponom ure\u0111aja. Ovaj sve-u-jednom kabel ne samo da podr\u017eava brzi prijenos podataka, ve\u0107 i u\u010dinkovito punjenje, \u0161to ga \u010dini bitnim suputnikom za va\u0161e potrebe povezivanja. Nema vi\u0161e petljanja s vi\u0161e kabela \u2013 ostanite povezani s lako\u0107om.  <\/p>\n\n<h3 class=\"wp-block-heading\">Besprijekoran pristup medijima<\/h3>\n\n<p>Pristupite i prenesite svoje medije bez napora pomo\u0107u integriranog \u010dita\u010da SD kartica DroiX NH8 Hub. Podr\u017eavaju\u0107i i Micro SD i SD kartice, ova vam zna\u010dajka omogu\u0107uje brzo sigurnosno kopiranje ili pristup va\u0161im datotekama, bilo da se radi o fotografijama, videozapisima ili va\u017enim dokumentima. Prakti\u010dnost nikada nije bila tako dostupna.  <\/p>\n\n<h3 class=\"wp-block-heading\">Neusporediva svestranost<\/h3>\n\n<p>Ono \u0161to uistinu izdvaja DroiX NH8 Hub je njegova neusporediva svestranost. Dizajniran za besprijekoran rad sa \u0161irokim rasponom USB Type-C ure\u0111aja \u2013 bilo da se radi o osobnim ra\u010dunalima, mini ra\u010dunalima, prijenosnim ra\u010dunalima, ru\u010dnim ure\u0111ajima za igranje ili jo\u0161 mnogo toga \u2013 ovo \u010dvori\u0161te prilago\u0111ava se va\u0161im potrebama i pru\u017ea vrhunske performanse u svim segmentima. To nije samo \u010dvori\u0161te; to je mo\u0107 povezivanja.  <\/p>\n\n<h3 class=\"wp-block-heading\">Zaklju\u010dak: Pobolj\u0161ajte svoje iskustvo povezivanja<\/h3>\n\n<p>DroiX NH8 Hub vi\u0161e je od obi\u010dnog alata za povezivanje; To je sveobuhvatno rje\u0161enje dizajnirano da zadovolji razli\u010dite potrebe dana\u0161njih tehnolo\u0161ki potkovanih korisnika. Svaka zna\u010dajka odraz je vrhunskog dizajna, iznimnih performansi i naprednog pristupa povezivanju. Unaprijedite svoje iskustvo i promijenite na\u010din na koji se povezujete s DroiX NH8 Hub!  <\/p>\n\n<p>Istra\u017eite vi\u0161e u na\u0161em <strong>vodi\u010du Po\u010detak rada s Droix NH8 USB \u010dvori\u0161tem<\/strong> .<\/p>\n\n<p><\/p>\n","protected":false},"excerpt":{"rendered":"<ul>\n<li>DroiX<strong> NH8 <\/strong>USB \u010dvori\u0161te s NVMe<\/li>\n<li><strong>10\/100\/1000M<\/strong> gigabitni Ethernet<\/li>\n<li><strong>Ugra\u0111eni PCIe NVMe utor<\/strong> za pro\u0161irenje pohrane<\/li>\n<li><strong>Izlaz 4K zaslona<\/strong> Putem HDMI-ja<\/li>\n<li><strong>Utor za MicroSD \/ SD karticu<\/strong> &#8211; do 5 Gbps<\/li>\n<\/ul>\n[cg_accordion title=\"PODACI O PLA\u0106ANJU\"]<\/p>\n<p>Koristimo najnoviju tehnologiju u obradi pla\u0107anja, koja vam omogu\u0107uje naplatu putem va\u0161e debitne\/kreditne kartice ili PayPal-a za brzo i sigurno iskustvo.[\/cg_accordion]\n[cg_accordion title=\"JAMSTVO\"]<\/p>\n<p>2 godine jamstva <a href=\"https:\/\/droix.net\/\" target=\"_blank\" rel=\"nofollow noopener\">tvrtke DROIX Global<\/a> za va\u0161 mir[\/cg_accordion]\n[cg_accordion title=\"OSIGURANJE KVALITETE I ISPITIVANJE PRIJE OTPREME\"]<\/p>\n<p>Osiguravanje zadovoljstva kupaca na najvi\u0161oj razini: Svaki ure\u0111aj prolazi rigorozno testiranje i vi\u0161estruku provjeru kvalitete prije slanja. Na\u0161 predani tim provjerava performanse, funkcionalnost i integritet komponenti kako bi jam\u010dio da je va\u0161 GPD ure\u0111aj u savr\u0161enom radnom stanju po dolasku, pru\u017eaju\u0107i vam povjerenje i mir. [\/cg_accordion]\n[cg_accordion title=\"CIJENE, POREZI I DOSTAVA\"]<\/p>\n<p><strong><u>Bilje\u0161ka:<\/u><\/strong><\/p>\n<ul>\n<li>Kupci u Sjedinjenim Ameri\u010dkim Dr\u017eavama: Prikazana cijena NE uklju\u010duje POREZ niti carine. Odgovornost za carinjenje i pla\u0107anje svih povezanih poreza\/carina le\u017ei na kupcu. <\/li>\n<li>Kupci iz EU-a: Prikazana cijena uklju\u010duje primjenjivi POREZ, koji mo\u017ee iznositi do 25%, ovisno o va\u0161oj zemlji.<\/li>\n<li>Kupci u Kanadi: Prikazana cijena uklju\u010duje primjenjive poreze, koji mogu uklju\u010divati 5% GST-a i dodatne pokrajinske poreze na promet (PST), uskla\u0111eni porez na promet (HST) ili porez na promet u Quebecu (QST), ovisno o va\u0161oj pokrajini.<\/li>\n<\/ul>\n<p><strong>SAMO za kupce iz EU-a:<\/strong> Ekspresni DDP (isporu\u010dena carina pla\u0107ena). To zna\u010di: <\/p>\n<ul>\n<li>Sve carine i porezi uklju\u010deni su u cijenu prikazanu na stranici proizvoda.<\/li>\n<li>Ne\u0107ete morati pla\u0107ati nikakve dodatne tro\u0161kove po isporuci.<\/li>\n<li>U rijetkim slu\u010dajevima problema povezanih s carinom, na\u0161 tim \u0107e voditi postupak carinjenja u va\u0161e ime kako bi osigurao nesmetano iskustvo isporuke.<\/li>\n<p>Va\u017ene informacije o povratima:<\/p>\n<li>Ako odlu\u010dite vratiti narud\u017ebu ili zatra\u017eiti povrat novca, imajte na umu da se porezi i carine pla\u0107eni u va\u0161e ime prema uvjetima DDP-a ne mogu vratiti.<\/li>\n<p>Za detaljne informacije pogledajte <a href=\"https:\/\/droix.net\/terms-and-conditions\/\" target=\"_blank\" rel=\"nofollow noopener\">na\u0161e Uvjete i odredbe<\/a> .\n<\/ul>\n<p>[\/cg_accordion]\n[cg_accordion title=\"KORISNI\u010cKA PODR\u0160KA\"]<\/p>\n<p>Imate pitanje? Kratak tekst dijeli nas od rje\u0161avanja va\u0161eg problema! <\/p>\n<p>Za detaljne informacije pogledajte <a href=\"https:\/\/gpdstore.net\/hr\/terms-of-service\/\" target=\"_blank\" rel=\"nofollow noopener\">na\u0161e Uvjete i odredbe<\/a> .\n<\/ul>\n<p>[\/cg_accordion]\n[cg_accordion title=\"\u0160TO JE UKLJU\u010cENO\"]<\/p>\n<ul>\n<li>1x DroiX NH8 USB \u010dvori\u0161te s NVMe<\/li>\n<\/ul>\n<p>[\/cg_accordion]\n","protected":false},"featured_media":219367,"template":"","meta":{"_acf_changed":false},"product_brand":[],"product_cat":[5406],"product_tag":[14863,6977],"woo-feed-brand":[5490],"class_list":{"0":"post-351032","1":"product","2":"type-product","3":"status-publish","4":"has-post-thumbnail","6":"product_cat-pribor","7":"product_tag-40xmsale-hr-2","8":"product_tag-droix-cvoriste","9":"product_shipping_class-low-end","10":"pa_brand-droix","11":"pa_i-o-video-1x-hdmi-hr","12":"woo-feed-brand-droix-hr","14":"first","15":"outofstock","16":"sale","17":"taxable","18":"shipping-taxable","19":"purchasable","20":"product-type-variable","21":"has-default-attributes"},"acf":[],"aioseo_notices":[],"_links":{"self":[{"href":"https:\/\/gpdstore.net\/hr\/wp-json\/wp\/v2\/product\/351032","targetHints":{"allow":["GET"]}}],"collection":[{"href":"https:\/\/gpdstore.net\/hr\/wp-json\/wp\/v2\/product"}],"about":[{"href":"https:\/\/gpdstore.net\/hr\/wp-json\/wp\/v2\/types\/product"}],"wp:featuredmedia":[{"embeddable":true,"href":"https:\/\/gpdstore.net\/hr\/wp-json\/wp\/v2\/media\/219367"}],"wp:attachment":[{"href":"https:\/\/gpdstore.net\/hr\/wp-json\/wp\/v2\/media?parent=351032"}],"wp:term":[{"taxonomy":"product_brand","embeddable":true,"href":"https:\/\/gpdstore.net\/hr\/wp-json\/wp\/v2\/product_brand?post=351032"},{"taxonomy":"product_cat","embeddable":true,"href":"https:\/\/gpdstore.net\/hr\/wp-json\/wp\/v2\/product_cat?post=351032"},{"taxonomy":"product_tag","embeddable":true,"href":"https:\/\/gpdstore.net\/hr\/wp-json\/wp\/v2\/product_tag?post=351032"},{"taxonomy":"woo-feed-brand","embeddable":true,"href":"https:\/\/gpdstore.net\/hr\/wp-json\/wp\/v2\/woo-feed-brand?post=351032"}],"curies":[{"name":"wp","href":"https:\/\/api.w.org\/{rel}","templated":true}]}}