{"id":350574,"date":"2024-08-22T08:22:33","date_gmt":"2024-08-22T08:22:33","guid":{"rendered":"https:\/\/gpdstore.net\/Bez%20kategorije\/gpd-p2-max-2022-mini-prijenosno-racunalo\/"},"modified":"2025-12-23T10:06:32","modified_gmt":"2025-12-23T10:06:32","slug":"gpd-p2-max-2022-mini-laptop","status":"publish","type":"product","link":"https:\/\/gpdstore.net\/hr\/product\/gpd-p2-max-2022-mini-laptop\/","title":{"rendered":"GPD P2 Max 2022 Mini prijenosno ra\u010dunalo"},"content":{"rendered":"\n<figure class=\"wp-block-image aligncenter\"><a href=\"https:\/\/droix.net\/wp-content\/uploads\/2022\/01\/GPD-P2-MAX-2022-MARKETING-IMAGE-1.png\"><img decoding=\"async\" src=\"https:\/\/droix.net\/wp-content\/uploads\/2022\/01\/GPD-P2-MAX-2022-MARKETING-IMAGE-1.png\" alt=\"GPD P2 Max 2022 Ultrabook koji prikazuje olovku\" class=\"wp-image-10581\"\/><\/a><\/figure>\n\n<figure class=\"wp-block-image aligncenter\"><a href=\"https:\/\/droix.net\/wp-content\/uploads\/2022\/01\/GPD-P2-MAX-2022-MARKETING-IMAGE-2.png\"><img decoding=\"async\" src=\"https:\/\/droix.net\/wp-content\/uploads\/2022\/01\/GPD-P2-MAX-2022-MARKETING-IMAGE-2.png\" alt=\"GPD P2 Max 2022 Ultrabook s tipkovnicom\" class=\"wp-image-10582\"\/><\/a><\/figure>\n\n<figure class=\"wp-block-image aligncenter\"><a href=\"https:\/\/droix.net\/wp-content\/uploads\/2022\/01\/GPD-P2-MAX-2022-MARKETING-IMAGE-3.png\"><img decoding=\"async\" src=\"https:\/\/droix.net\/wp-content\/uploads\/2022\/01\/GPD-P2-MAX-2022-MARKETING-IMAGE-3.png\" alt=\"GPD P2 Max 2022 Ultrabook sa senzorom otiska prsta\" class=\"wp-image-10583\"\/><\/a><\/figure>\n\n<figure class=\"wp-block-image aligncenter\"><a href=\"https:\/\/droix.net\/wp-content\/uploads\/2022\/01\/GPD-P2-MAX-2022-MARKETING-IMAGE-4.png\"><img decoding=\"async\" src=\"https:\/\/droix.net\/wp-content\/uploads\/2022\/01\/GPD-P2-MAX-2022-MARKETING-IMAGE-4.png\" alt=\"GPD P2 Max 2022 Ultrabook koji prikazuje procesor\" class=\"wp-image-10584\"\/><\/a><\/figure>\n\n<figure class=\"wp-block-image aligncenter\"><a href=\"https:\/\/droix.net\/wp-content\/uploads\/2022\/01\/GPD-P2-MAX-2022-MARKETING-IMAGE-5.png\"><img decoding=\"async\" src=\"https:\/\/droix.net\/wp-content\/uploads\/2022\/01\/GPD-P2-MAX-2022-MARKETING-IMAGE-5.png\" alt=\"GPD P2 Max 2022 Ultrabook koji prikazuje usb c\" class=\"wp-image-10585\"\/><\/a><\/figure>\n\n<p><span data-contrast=\"none\">Osvje\u017eenje popularnog ultrabooka je ovdje! <strong>GPD P2 Max 2022<\/strong> izlazi na pozornicu s brojnim nadogradnjama kako bi bio a\u017euran i relevantan u sada\u0161nje doba! Savr\u0161en je suputnik za duga putovanja na posao, putuju\u0107eg pisca i sve druge situacije.  <\/span><\/p>\n\n<p><span data-contrast=\"none\">U srcu <strong>P2 Max 2022<\/strong> je Intel Pentium N6000. Ovaj \u010detverojezgreni procesor kombinira energetsku u\u010dinkovitost s respektabilnim performansama. Udobno se nosi sa svim svakodnevnim zadacima.  <\/span><\/p>\n\n<p><span data-contrast=\"none\"><strong>16 GB LPDDR4x RAM-a<\/strong> podupire stabilne i pouzdane performanse pri obavljanju vi\u0161e zadataka i proizvodnji\/ure\u0111ivanju sadr\u017eaja. Kombinirajte ovo s <strong>1 TB brze NVMe<\/strong> pohrane i dobit \u0107ete prekrasno fleksibilnu, ali vrlo prenosivu radnu stanicu. <\/span><\/p>\n\n<p><span data-contrast=\"none\">Veliki <strong>zaslon od 8,9 in\u010da<\/strong> mo\u017ee se pohvaliti nevjerojatnom rezolucijom od 2560x1600p, pru\u017eaju\u0107i vam o\u0161tre i jasne vizualne prikaze za sve va\u0161e emisije, fotografije, videozapise i jo\u0161 mnogo toga. Ovaj zaslon je tako\u0111er <strong>osjetljiv na dodir<\/strong> i mo\u017ee se koristiti \u010dak i s olovkama! <\/span><\/p>\n\n<p><span data-contrast=\"none\">\u0160to se ti\u010de povezivanja, ovo <strong>mini prijenosno ra\u010dunalo<\/strong> ima dovoljno na raspolaganju, a da ne postane previ\u0161e glomazno. S dva USB Type-A priklju\u010dka, USB Type-C priklju\u010dkom, 3,5 mm audio priklju\u010dkom   <\/span><strong><span data-contrast=\"none\">i<\/span><\/strong><span data-contrast=\"none\">  Micro HDMI priklju\u010dak, P2 Max 2022 jednako je udoban u krilu kao \u0161to je pri\u010dvr\u0161\u0107en na priklju\u010dnu stanicu! Za one koji preferiraju be\u017ei\u010dno povezivanje, <strong>GPD P2 Max 2022<\/strong> ima Wi-Fi 6 za maksimalnu brzinu i stabilnost mre\u017ee. <\/span>.<\/p>\n\n<p><\/p>\n","protected":false},"excerpt":{"rendered":"<ul>\n<li>Intel\u00ae Pentium\u00ae Silver N6000 procesor<\/li>\n<li><strong>16 GB LPDDR4x RAM<\/strong> @2933Mhz<\/li>\n<li><strong>8,9&#8243; zaslon osjetljiv na dodir \/ skener otiska prsta<\/strong><\/li>\n<li><strong>1 TB<\/strong> PCI-E NVMe SSD<\/li>\n<li>Kompatibilan sa <strong>Windows 11<\/strong><\/li>\n<\/ul>\n<p> [cg_accordion title=\"PODACI O PLA\u0106ANJU\"] Koristimo najnoviju tehnologiju u obradi pla\u0107anja, koja vam omogu\u0107uje naplatu putem Apple Paya, Google Paya, va\u0161e debitne\/kreditne kartice, PayPal ili BNPL metoda kao \u0161to su Klarna, Affirm ili AfterPay za brzo i sigurno iskustvo.[\/cg_accordion] 2 [cg_accordion title=\"JAMSTVO\"] godine jamstva <a href=\"https:\/\/droix.net\/\" target=\"_blank\" rel=\"nofollow noopener\">tvrtke DROIX Global<\/a> za va\u0161 mir[\/cg_accordion] [cg_accordion title=\"PRICING, TAXES AND SHIPPING\"] <strong><u>Bilje\u0161ka:<\/u><\/strong><\/p>\n<ul>\n<li>Kupci u Sjedinjenim Ameri\u010dkim Dr\u017eavama: Prikazana cijena NE uklju\u010duje POREZ niti carine. Odgovornost za carinjenje i pla\u0107anje svih povezanih poreza\/carina le\u017ei na kupcu. <\/li>\n<li>Kupci iz EU-a: Prikazana cijena uklju\u010duje primjenjivi POREZ, koji mo\u017ee iznositi do 25%, ovisno o va\u0161oj zemlji.<\/li>\n<li>Kupci u Kanadi: Prikazana cijena uklju\u010duje primjenjive poreze, koji mogu uklju\u010divati 5% GST-a i dodatne pokrajinske poreze na promet (PST), uskla\u0111eni porez na promet (HST) ili porez na promet u Quebecu (QST), ovisno o va\u0161oj pokrajini.<\/li>\n<\/ul>\n<p><strong>SAMO za kupce iz EU-a:<\/strong> Ekspresni DDP (isporu\u010dena carina pla\u0107ena). To zna\u010di: <\/p>\n<ul>\n<li style=\"list-style-type: none;\">\n<ul>\n<li>Sve carine i porezi uklju\u010deni su u cijenu prikazanu na stranici proizvoda.<\/li>\n<li>Ne\u0107ete morati pla\u0107ati nikakve dodatne tro\u0161kove po isporuci.<\/li>\n<li>U rijetkim slu\u010dajevima problema povezanih s carinom, na\u0161 tim \u0107e voditi postupak carinjenja u va\u0161e ime kako bi osigurao nesmetano iskustvo isporuke.<\/li>\n<p>Va\u017ene informacije o povratima:<\/p>\n<li>Ako odlu\u010dite vratiti narud\u017ebu ili zatra\u017eiti povrat novca, imajte na umu da se porezi i carine pla\u0107eni u va\u0161e ime prema uvjetima DDP-a ne mogu vratiti.<\/li>\n<p>Molimo pogledajte na\u0161e<\/ul>\n<\/li>\n<\/ul>\n<p><a href=\"https:\/\/gpdstore.net\/hr\/terms-of-service\/\" target=\"_blank\" rel=\"nofollow noopener\">Uvjeti i odredbe<\/a><\/p>\n<ul>za detaljne informacije.<\/ul>\n<p>[\/cg_accordion] [cg_accordion title=\"KORISNI\u010cKA PODR\u0160KA\"]  Imate pitanje? Kratak tekst dijeli nas od rje\u0161avanja va\u0161eg problema!   [\/cg_accordion] [cg_accordion title=\"WHAT'S INCLUDED\"]<\/p>\n<ul>\n<li>1x USB Type-C kabel<\/li>\n<li>1x adapter za napajanje<\/li>\n<li>1x Korisni\u010dki priru\u010dnik<\/li>\n<\/ul>\n<p>[\/cg_accordion]<\/p>\n","protected":false},"featured_media":350599,"template":"","meta":{"_acf_changed":false},"product_brand":[],"product_cat":[8856,6830],"product_tag":[10178],"woo-feed-brand":[5607],"class_list":{"0":"post-350574","1":"product","2":"type-product","3":"status-publish","4":"has-post-thumbnail","6":"product_cat-prijenosna-racunala","7":"product_cat-gpd-mini-prijenosna-racunala","8":"product_tag-gpd-p2-max-hr-2","9":"product_shipping_class-premium","10":"pa_bluetooth-5-hr","11":"pa_brand-gpd","12":"pa_display-type-h-ips-hr","13":"pa_graphics-gpu-model-intel-uhd-grafika","14":"pa_i-o-video-putem-1x-usb-3-2-gen-2-type-c","15":"pa_memory-ram-capacity-16-gb-hr","16":"pa_memory-ram-technology-lpddr4x-hr","17":"pa_storage-capacity-1-tb-hr","18":"pa_wi-fi-wi-fi-6-hr","19":"woo-feed-brand-gpd-hr","21":"first","22":"outofstock","23":"sale","24":"taxable","25":"shipping-taxable","26":"purchasable","27":"product-type-variable","28":"has-default-attributes"},"acf":[],"aioseo_notices":[],"_links":{"self":[{"href":"https:\/\/gpdstore.net\/hr\/wp-json\/wp\/v2\/product\/350574","targetHints":{"allow":["GET"]}}],"collection":[{"href":"https:\/\/gpdstore.net\/hr\/wp-json\/wp\/v2\/product"}],"about":[{"href":"https:\/\/gpdstore.net\/hr\/wp-json\/wp\/v2\/types\/product"}],"wp:featuredmedia":[{"embeddable":true,"href":"https:\/\/gpdstore.net\/hr\/wp-json\/wp\/v2\/media\/350599"}],"wp:attachment":[{"href":"https:\/\/gpdstore.net\/hr\/wp-json\/wp\/v2\/media?parent=350574"}],"wp:term":[{"taxonomy":"product_brand","embeddable":true,"href":"https:\/\/gpdstore.net\/hr\/wp-json\/wp\/v2\/product_brand?post=350574"},{"taxonomy":"product_cat","embeddable":true,"href":"https:\/\/gpdstore.net\/hr\/wp-json\/wp\/v2\/product_cat?post=350574"},{"taxonomy":"product_tag","embeddable":true,"href":"https:\/\/gpdstore.net\/hr\/wp-json\/wp\/v2\/product_tag?post=350574"},{"taxonomy":"woo-feed-brand","embeddable":true,"href":"https:\/\/gpdstore.net\/hr\/wp-json\/wp\/v2\/woo-feed-brand?post=350574"}],"curies":[{"name":"wp","href":"https:\/\/api.w.org\/{rel}","templated":true}]}}