{"id":263339,"date":"2024-01-23T13:57:51","date_gmt":"2024-01-23T13:57:51","guid":{"rendered":"https:\/\/gpdstore.net\/Bez%20kategorije\/usb-4-0-type-c-kabel\/"},"modified":"2025-12-23T10:22:52","modified_gmt":"2025-12-23T10:22:52","slug":"usb-4-0-type-c-cable","status":"publish","type":"product","link":"https:\/\/gpdstore.net\/hr\/product\/usb-4-0-type-c-cable\/","title":{"rendered":"USB 4.0 Type-C kabel"},"content":{"rendered":"\n<h3 class=\"wp-block-heading\"><strong>Pobolj\u0161ajte povezivost uz na\u0161 vrhunski USB 4.0 Type-C kabel<\/strong><br\/><strong>Istra\u017eite snagu besprijekornog povezivanja<\/strong><\/h3>\n\n<h4 class=\"wp-block-heading\"><strong>Oslobodite potencijal podataka<\/strong><\/h4>\n\n<p>Oslobodite potencijal podataka s na\u0161im revolucionarnim USB 4.0 Type-C kabelom. S impresivnom brzinom prijenosa podataka od 40 Gbps, osigurava brz prijenos datoteka, eliminiraju\u0107i gnjava\u017eu zaostajanja u prijenosu. <\/p>\n\n<h4 class=\"wp-block-heading\"><strong>Kompatibilnost spremna za budu\u0107nost<\/strong><\/h4>\n\n<p>Ostanite na \u010delu tehnologije uz kompatibilnost na\u0161eg kabela s Thunderbolt 3 i 4. To jam\u010di besprijekornu integraciju s najnovijim ure\u0111ajima, osiguravaju\u0107i da va\u0161e rje\u0161enje za povezivanje ostane a\u017eurno i u budu\u0107nosti. <\/p>\n\n<h4 class=\"wp-block-heading\"><strong>Neusporediva isporuka snage<\/strong><\/h4>\n\n<p>Do\u017eivite vrhunske mogu\u0107nosti napajanja uz na\u0161 USB 4.0 Type-C kabel koji pru\u017ea izvanrednih 240 W. To zna\u010di br\u017ee punjenje i produljeno vrijeme rada ure\u0111aja, omogu\u0107uju\u0107i neprekinutu povezivost. <\/p>\n\n<h4 class=\"wp-block-heading\"><strong>Uronite u iznimnu vizualnu vjernost<\/strong><\/h4>\n\n<p>Uronite u svijet zapanjuju\u0107e jasno\u0107e uz podr\u0161ku za do 8K pri 60 Hz. Svaki detalj o\u017eivljava s nevjerojatnom precizno\u0161\u0107u, uslu\u017euju\u0107i kreatore sadr\u017eaja visoke razlu\u010divosti, igra\u010de i entuzijaste zabave. <\/p>\n\n<h4 class=\"wp-block-heading\"><strong>Inovativni zaslon za potro\u0161nju energije<\/strong><\/h4>\n\n<p>Budite informirani o potro\u0161nji energije zahvaljuju\u0107i integriranom zaslonu na USB priklju\u010dku koji pru\u017ea informacije o potro\u0161nji energije u stvarnom vremenu. Pratite iskori\u0161tenost energije svojih ure\u0111aja za u\u010dinkovitije i kontroliranije iskustvo punjenja. <\/p>\n\n<h4 class=\"wp-block-heading\"><strong>Rje\u0161enja po mjeri za va\u0161e zahtjeve<\/strong><\/h4>\n\n<p>Odaberite duljinu koja najbolje nadopunjuje va\u0161u postavku, s opcijama koje uklju\u010duju standardni kabel od 0,8 M i 1,5 M ili kabel u obliku slova L, tako\u0111er dostupan u varijantama od 0,8 M i 1,5 M. Bez obzira na to dajete li prednost fleksibilnosti ili vam je potrebno rje\u0161enje koje \u0161tedi prostor, na\u0161 USB 4.0 Type-C kabel zadovoljava va\u0161e potrebe povezivanja. <\/p>\n\n<h4 class=\"wp-block-heading\"><strong>Do\u017eivite povezivost bez kompromisa<\/strong><\/h4>\n\n<p>Izra\u0111en s precizno\u0161\u0107u i stru\u010dno\u0161\u0107u, na\u0161 USB 4.0 Type-C kabel vrhunski je suputnik za tehnolo\u0161ke entuzijaste, kreativne profesionalce i svakodnevne korisnike koji zahtijevaju izvrsnost u svojim rje\u0161enjima za povezivanje. Prihvatite svijet neograni\u010denih mogu\u0107nosti uz USB 4.0 Type-C kabel. <\/p>\n","protected":false},"excerpt":{"rendered":"<ul>\n<li>Brzina <strong>prijenosa podataka od 40 Gbps<\/strong><\/li>\n<li>Thunderbolt <strong>3<\/strong> i <strong>4<\/strong><\/li>\n<li>Isporuka snage do <strong>240 W<\/strong><\/li>\n<li>Podr\u017eava do <strong>8K @ 60Hz<\/strong> video izlaz<\/li>\n<li>Ugra\u0111eni <strong>zaslon snage<\/strong><\/li>\n<\/ul>\n[cg_accordion title=\"PODACI O PLA\u0106ANJU\"]<\/p>\n<p>Koristimo najnoviju tehnologiju u obradi pla\u0107anja, koja vam omogu\u0107uje naplatu putem va\u0161e debitne\/kreditne kartice ili PayPal-a za brzo i sigurno iskustvo.[\/cg_accordion]\n[cg_accordion title=\"JAMSTVO\"]<\/p>\n<p>2 godine jamstva <a href=\"https:\/\/droix.net\/\" target=\"_blank\" rel=\"nofollow noopener\">tvrtke DROIX Global<\/a> za va\u0161 mir[\/cg_accordion]\n[cg_accordion title=\"CIJENE, POREZI I DOSTAVA\"]<\/p>\n<p><strong><u>Bilje\u0161ka:<\/u><\/strong><\/p>\n<ul>\n<li>Kupci u Sjedinjenim Ameri\u010dkim Dr\u017eavama: Prikazana cijena NE uklju\u010duje POREZ niti carine. Odgovornost za carinjenje i pla\u0107anje svih povezanih poreza\/carina le\u017ei na kupcu. <\/li>\n<li>Kupci iz EU-a: Prikazana cijena uklju\u010duje primjenjivi POREZ, koji mo\u017ee iznositi do 25%, ovisno o va\u0161oj zemlji.<\/li>\n<li>Kupci u Kanadi: Prikazana cijena uklju\u010duje primjenjive poreze, koji mogu uklju\u010divati 5% GST-a i dodatne pokrajinske poreze na promet (PST), uskla\u0111eni porez na promet (HST) ili porez na promet u Quebecu (QST), ovisno o va\u0161oj pokrajini.<\/li>\n<\/ul>\n<p><strong>SAMO za kupce iz EU-a:<\/strong> Ekspresni DDP (isporu\u010dena carina pla\u0107ena). To zna\u010di: <\/p>\n<ul>\n<li>Sve carine i porezi uklju\u010deni su u cijenu prikazanu na stranici proizvoda.<\/li>\n<li>Ne\u0107ete morati pla\u0107ati nikakve dodatne tro\u0161kove po isporuci.<\/li>\n<li>U rijetkim slu\u010dajevima problema povezanih s carinom, na\u0161 tim \u0107e voditi postupak carinjenja u va\u0161e ime kako bi osigurao nesmetano iskustvo isporuke.<\/li>\n<p>Va\u017ene informacije o povratima:<\/p>\n<li>Ako odlu\u010dite vratiti narud\u017ebu ili zatra\u017eiti povrat novca, imajte na umu da se porezi i carine pla\u0107eni u va\u0161e ime prema uvjetima DDP-a ne mogu vratiti.<\/li>\n<p>Za detaljne informacije pogledajte <a href=\"https:\/\/droix.net\/terms-and-conditions\/\" target=\"_blank\" rel=\"nofollow noopener\">na\u0161e Uvjete i odredbe<\/a> .\n<\/ul>\n<p>[\/cg_accordion]\n[cg_accordion title=\"KORISNI\u010cKA PODR\u0160KA\"]<\/p>\n<p>Imate pitanje? Kratak tekst dijeli nas od rje\u0161avanja va\u0161eg problema! <\/p>\n<p>Za detaljne informacije pogledajte <a href=\"https:\/\/gpdstore.net\/hr\/terms-of-service\/\" target=\"_blank\" rel=\"nofollow noopener\">na\u0161e Uvjete i odredbe<\/a> .\n<\/ul>\n<p>[\/cg_accordion]\n[cg_accordion title=\"\u0160TO JE UKLJU\u010cENO\"]<\/p>\n<ul>\n<li>1x USB 4.0 Type-C kabel<\/li>\n<\/ul>\n<p>[\/cg_accordion]\n","protected":false},"featured_media":263963,"template":"","meta":{"_acf_changed":false},"product_brand":[],"product_cat":[5406],"product_tag":[12562,9481],"woo-feed-brand":[5490],"class_list":{"0":"post-263339","1":"product","2":"type-product","3":"status-publish","4":"has-post-thumbnail","6":"product_cat-pribor","7":"product_tag-40bfsale-hr","8":"product_tag-opcenito-pribor","9":"product_shipping_class-low-end","10":"pa_accessory-type-kabl","11":"pa_i-o-video-1x-putem-usb-4-0-type-c-dp-8k60hz","12":"woo-feed-brand-droix-hr","14":"first","15":"outofstock","16":"sale","17":"taxable","18":"shipping-taxable","19":"purchasable","20":"product-type-variable","21":"has-default-attributes"},"acf":[],"aioseo_notices":[],"_links":{"self":[{"href":"https:\/\/gpdstore.net\/hr\/wp-json\/wp\/v2\/product\/263339","targetHints":{"allow":["GET"]}}],"collection":[{"href":"https:\/\/gpdstore.net\/hr\/wp-json\/wp\/v2\/product"}],"about":[{"href":"https:\/\/gpdstore.net\/hr\/wp-json\/wp\/v2\/types\/product"}],"wp:featuredmedia":[{"embeddable":true,"href":"https:\/\/gpdstore.net\/hr\/wp-json\/wp\/v2\/media\/263963"}],"wp:attachment":[{"href":"https:\/\/gpdstore.net\/hr\/wp-json\/wp\/v2\/media?parent=263339"}],"wp:term":[{"taxonomy":"product_brand","embeddable":true,"href":"https:\/\/gpdstore.net\/hr\/wp-json\/wp\/v2\/product_brand?post=263339"},{"taxonomy":"product_cat","embeddable":true,"href":"https:\/\/gpdstore.net\/hr\/wp-json\/wp\/v2\/product_cat?post=263339"},{"taxonomy":"product_tag","embeddable":true,"href":"https:\/\/gpdstore.net\/hr\/wp-json\/wp\/v2\/product_tag?post=263339"},{"taxonomy":"woo-feed-brand","embeddable":true,"href":"https:\/\/gpdstore.net\/hr\/wp-json\/wp\/v2\/woo-feed-brand?post=263339"}],"curies":[{"name":"wp","href":"https:\/\/api.w.org\/{rel}","templated":true}]}}