{"id":245941,"date":"2023-11-29T11:23:37","date_gmt":"2023-11-29T11:23:37","guid":{"rendered":"https:\/\/gpdstore.net\/Bez%20kategorije\/gpd-g1-2024-egpu-prikljucna-stanica\/"},"modified":"2026-03-27T11:13:41","modified_gmt":"2026-03-27T11:13:41","slug":"gpd-g1","status":"publish","type":"product","link":"https:\/\/gpdstore.net\/hr\/product\/gpd-g1\/","title":{"rendered":"GPD G1 (2024) eGPU priklju\u010dna stanica"},"content":{"rendered":"\n<figure class=\"wp-block-image aligncenter size-full\"><img decoding=\"async\" src=\"https:\/\/gpdstore.net\/wp-content\/uploads\/\" alt=\"Slika GPD G1 2024 eGPU priklju&#x10D;ne stanice s AMD Radeon RX 7600M XT grafi&#x10D;kom karticom, TGP prekida&#x10D;em i svestranom povezivo&#x161;&#x107;u. Savr&#x161;eno za igra&#x10D;e i profesionalce. Predbilje&#x17E;ite se sada za revolucionarne mogu&#x107;nosti\" class=\"wp-image-1471\"\/><\/figure>\n\n<h2 class=\"wp-block-heading\"><strong>Priklju\u010dna stanica za eGPU GPD G1 2024: Revolucionarni skok<\/strong><\/h2>\n\n<p>GPD G1 2024 eGPU priklju\u010dna stanica predstavlja zna\u010dajan korak naprijed u svijetu vanjskih grafi\u010dkih procesora. Dizajnirana za korisnike kojima je potrebna i mobilnost i ra\u010dunalstvo visokih performansi, ova priklju\u010dna stanica redefinira standarde u industriji eGPU-a. S vrhunskom tehnologijom, uklju\u010duju\u0107i grafi\u010dku karticu AMD Radeon RX 7600M XT, i inovativnim zna\u010dajkama poput TGP Toggle Switcha, GPD G1 eGPU priklju\u010dna stanica zadovoljava potrebe i igra\u010da i profesionalaca. Njegov elegantan i prijenosan dizajn ne samo da pobolj\u0161ava va\u0161 radni prostor, ve\u0107 pru\u017ea i sna\u017ene performanse gdje god se nalazili. S GPD G1, prigrlite budu\u0107nost zabave i produktivnosti bez kompromisa.<\/p>\n\n<figure class=\"wp-block-gallery has-nested-images columns-default is-cropped wp-block-gallery-1 is-layout-flex wp-block-gallery-is-layout-flex\">\n<figure class=\"wp-block-image size-large\"><img decoding=\"async\" data-id=\"1494\" src=\"https:\/\/gpdstore.net\/wp-content\/uploads\/\" alt=\"Slika prikazuje ru&#x10D;ni ure&#x111;aj GPD G1 spojen na prijenosno ra&#x10D;unalo WIN Max 2, pri &#x10D;emu su oba ure&#x111;aja spojena na vanjske monitore za pro&#x161;ireno postavljanje zaslona\" class=\"wp-image-1494\"\/><\/figure>\n\n\n\n<figure class=\"wp-block-image size-large\"><img decoding=\"async\" data-id=\"1493\" src=\"https:\/\/gpdstore.net\/wp-content\/uploads\/\" alt=\"Slika prikazuje ru&#x10D;ni ure&#x111;aj GPD G1 spojen na prijenosno ra&#x10D;unalo s operativnim sustavom WIN 4, uz vanjske monitore, &#x161;to omogu&#x107;uje postavljanje vi&#x161;e zaslona\" class=\"wp-image-1493\"\/><\/figure>\n\n\n\n<figure class=\"wp-block-image size-large\"><img decoding=\"async\" data-id=\"1467\" src=\"https:\/\/gpdstore.net\/wp-content\/uploads\/\" alt=\"Slika prikazuje ru&#x10D;ni ure&#x111;aj GPD G1 spojen na GPD Pocket 3, pri &#x10D;emu su oba ure&#x111;aja spojena na vanjske monitore za konfiguraciju s vi&#x161;e zaslona\" class=\"wp-image-1467\"\/><\/figure>\n\n\n\n<figure class=\"wp-block-image size-large\"><img decoding=\"async\" data-id=\"1464\" src=\"https:\/\/gpdstore.net\/wp-content\/uploads\/\" alt=\"GPD G1 2024, elegantni ru&#x10D;ni ure&#x111;aj za igranje s &#x17E;ivopisnim zaslonom, ergonomskim kontrolama i modernim dizajnom.\" class=\"wp-image-1464\"\/><\/figure>\n\n\n\n<figure class=\"wp-block-image size-large\"><img fetchpriority=\"high\" decoding=\"async\" width=\"1000\" height=\"1000\" data-id=\"1465\" src=\"https:\/\/gpdstore.net\/wp-content\/uploads\/2024\/05\/GPD-G1_2024-USAGE-IMAGE-5.jpg\" alt=\"Slika ru&#x10D;nog ure&#x111;aja GPD G1 spojenog na prijenosno ra&#x10D;unalo.\" class=\"wp-image-1465\" srcset=\"https:\/\/gpdstore.net\/wp-content\/uploads\/2024\/05\/GPD-G1_2024-USAGE-IMAGE-5.jpg 1000w, https:\/\/gpdstore.net\/wp-content\/uploads\/2024\/05\/GPD-G1_2024-USAGE-IMAGE-5-600x600.jpg 600w, https:\/\/gpdstore.net\/wp-content\/uploads\/2024\/05\/GPD-G1_2024-USAGE-IMAGE-5-150x150.jpg 150w, https:\/\/gpdstore.net\/wp-content\/uploads\/2024\/05\/GPD-G1_2024-USAGE-IMAGE-5-768x768.jpg 768w, https:\/\/gpdstore.net\/wp-content\/uploads\/2024\/05\/GPD-G1_2024-USAGE-IMAGE-5-990x990.jpg 990w, https:\/\/gpdstore.net\/wp-content\/uploads\/2024\/05\/GPD-G1_2024-USAGE-IMAGE-5-441x441.jpg 441w, https:\/\/gpdstore.net\/wp-content\/uploads\/2024\/05\/GPD-G1_2024-USAGE-IMAGE-5-100x100.jpg 100w\" sizes=\"(max-width: 1000px) 100vw, 1000px\" \/><\/figure>\n\n\n\n<figure class=\"wp-block-image size-large\"><img decoding=\"async\" data-id=\"1466\" src=\"https:\/\/gpdstore.net\/wp-content\/uploads\/\" alt=\"GPD G1 2024 eGPU priklju&#x10D;na stanica: AMD Radeon RX 7600M XT GPU, TGP prekida&#x10D; i svestrana povezivost. Idealno za igra&#x10D;e i profesionalce.\" class=\"wp-image-1466\"\/><\/figure>\n<\/figure>\n\n<div class=\"wp-block-columns is-layout-flex wp-container-core-columns-is-layout-28f84493 wp-block-columns-is-layout-flex\">\n<div class=\"wp-block-column is-layout-flow wp-block-column-is-layout-flow\" style=\"flex-basis:66.66%\">\n<figure class=\"wp-block-image size-full\"><img decoding=\"async\" src=\"https:\/\/gpdstore.net\/wp-content\/uploads\/\" alt=\"Slika prikazuje GPD G1 2024 eGPU priklju&#x10D;nu stanicu, s istaknutim AMD Radeon RX 7600M XT grafi&#x10D;kim procesorom, TGP prekida&#x10D;em i svestranim mogu&#x107;nostima povezivanja. Savr&#x161;eno za igra&#x10D;e i profesionalce koji tra&#x17E;e neusporedive performanse i elegantan dizajn.\" class=\"wp-image-995\"\/><\/figure>\n<\/div>\n\n\n\n<div class=\"wp-block-column is-layout-flow wp-block-column-is-layout-flow\" style=\"flex-basis:33.33%\">\n<h2 class=\"wp-block-heading has-text-align-left\"><strong>GPD G1 2024<\/strong> &#8211; <strong><strong>Najmanji dock za pro\u0161irenje grafi\u010dke kartice<\/strong><\/strong> <\/h2>\n\n\n\n<p>eGPU priklju\u010dna stanica postavlja nove standarde u tehnologiji, nude\u0107i neusporedive performanse, dizajn i funkcionalnost. Sa svojim sna\u017enim AMD Radeon RX 7600M XT GPU-om, inovativnim TGP preklopnim prekida\u010dem i svestranim opcijama povezivanja, to je ultimativno rje\u0161enje za igra\u010de i profesionalce. Predbilje\u017eite GPD G1 2024 eGPU priklju\u010dnu stanicu ve\u0107 danas i budite me\u0111u prvima koji \u0107e iskusiti njezine revolucionarne zna\u010dajke. Zakora\u010dite u budu\u0107nost uz GPD G1 \u2013 gdje se performanse susre\u0107u s prenosivo\u0161\u0107u. <\/p>\n<\/div>\n<\/div>\n\n<h2 class=\"wp-block-heading has-text-align-center\">Kontrola performansi sljede\u0107e generacije: TGP i povezivost za napredne korisnike<\/h2>\n\n<div class=\"wp-block-columns is-layout-flex wp-container-core-columns-is-layout-28f84493 wp-block-columns-is-layout-flex\">\n<div class=\"wp-block-column is-layout-flow wp-block-column-is-layout-flow\">\n<figure class=\"wp-block-image size-full is-resized\"><img decoding=\"async\" src=\"https:\/\/gpdstore.net\/wp-content\/uploads\/\" alt=\"Slika GPD G1 2024 eGPU priklju&#x10D;ne stanice s AMD Radeon RX 7600M XT grafi&#x10D;kom karticom, TGP prekida&#x10D;em za pobolj&#x161;anu kontrolu performansi i svestranom povezivo&#x161;&#x107;u. Savr&#x161;eno za igra&#x10D;e i profesionalce. Predbilje&#x17E;ite se sada za revolucionarne mogu&#x107;nosti.\" class=\"wp-image-1510\" style=\"width:281px;height:auto\"\/><\/figure>\n\n\n\n<h3 class=\"wp-block-heading\"><strong>Tihi na\u010din rada u odnosu na pobolj\u0161ane performanse: Kako TGP prekida\u010d (60W\/100W) optimizira va\u0161e iskustvo<\/strong><\/h3>\n\n\n\n<p>Ekskluzivna \u201eTGP Toggle Key\u201d, tijekom igranja mo\u017eete se slobodno prebacivati izme\u0111u tihog na\u010dina rada i na\u010dina rada.<br\/>TGP prekida\u010d omogu\u0107uje korisnicima da biraju izme\u0111u tihog na\u010dina rada (60 W TGP) za manje buke i normalnog na\u010dina rada (100 W TGP) za pobolj\u0161ane performanse, nude\u0107i fleksibilnost na temelju potreba korisnika.<\/p>\n<\/div>\n\n\n\n<div class=\"wp-block-column is-layout-flow wp-block-column-is-layout-flow\">\n<figure class=\"wp-block-image size-full is-resized\"><img decoding=\"async\" src=\"https:\/\/gpdstore.net\/wp-content\/uploads\/\" alt=\"Slika GPD G1 2024 M.2 NVMe protokol za Oculink SFF-8612 karticu adaptera su&#x10D;elja, koji nudi kompaktno pro&#x161;irenje za grafi&#x10D;ke kartice\" class=\"wp-image-1507\" style=\"width:284px;height:auto\"\/><\/figure>\n\n\n\n<h3 class=\"wp-block-heading\"><strong>Prednost Oculinka: Za\u0161to SFF-8612 su\u010delje pru\u017ea vrhunsku propusnost za eGPU-ove<\/strong><\/h3>\n\n\n\n<p>ITX mati\u010dne plo\u010de poput Z690I obi\u010dno imaju tri M.2 su\u010delja, od kojih se jedno mo\u017ee koristiti za priklju\u010divanje adapterske kartice. Oculink SF-8611 kabel s dva priklju\u010dka mo\u017ee se zatim koristiti za spajanje Oculink SFF-8612 su\u010delja adapterske kartice na Oculink SFF-8612 su\u010delje GPD G1.<\/p>\n<\/div>\n\n\n\n<div class=\"wp-block-column is-layout-flow wp-block-column-is-layout-flow\">\n<figure class=\"wp-block-image size-full is-resized\"><img decoding=\"async\" src=\"https:\/\/gpdstore.net\/wp-content\/uploads\/\" alt=\"Slika GPD G1 2024 SFF-8612 kartice su&#x10D;elja, najmanje priklju&#x10D;ne stanice za pro&#x161;irenje grafi&#x10D;ke kartice.\" class=\"wp-image-1508\" style=\"width:227px;height:auto\"\/><\/figure>\n\n\n\n<h3 class=\"wp-block-heading\"><strong>Rje\u0161avanje problema polovi\u010dne visine: Kori\u0161tenje dugog i kratkog nosa\u010da za ugradnju grafi\u010dke kartice<\/strong><\/h3>\n\n\n\n<p>Grafi\u010dke kartice pola visine prikladne za ITX ku\u0107i\u0161ta su rijetke, a grafi\u010dke kartice visokih performansi s pola visine gotovo da i ne postoje. Stoga mo\u017eete instalirati PCIe 3.0 x4 na Oculink SFF-8612 adaptersku karticu za spajanje GPD G1. Dugi i kratki nosa\u010d mogu se jednostavno zamijeniti.<\/p>\n\n\n\n<h3 class=\"wp-block-heading\"><strong><br\/><\/strong><\/h3>\n<\/div>\n<\/div>\n\n<h2 class=\"wp-block-heading\"><strong>Pregled proizvoda<\/strong><\/h2>\n\n<p>Priklju\u010dna stanica GPD G1 2024 eGPU utjelovljuje tehnolo\u0161ki napredak i ergonomski dizajn. Pokre\u0107e ga AMD Radeon RX 7600M XT GPU i RDNA 3.0 arhitektura, nudi neusporedive grafi\u010dke performanse prikladne za AAA igranje u rezoluciji do 4K. Od entuzijasta igara koji tra\u017ee vrhunske performanse do profesionalaca kojima je potrebna ra\u010dunalna snaga u pokretu, ovaj ure\u0111aj slu\u017ei raznolikom rasponu korisnika.<\/p>\n\n<figure class=\"wp-block-image size-full\"><img decoding=\"async\" src=\"https:\/\/gpdstore.net\/wp-content\/uploads\/\" alt=\"Slika GPD G1 2024 eGPU priklju&#x10D;ne stanice s AMD Radeon RX 7600M XT GPU-om, TGP prekida&#x10D;em i  \" class=\"wp-image-1511\"\/><\/figure>\n\n<p>Docking stanica GPD G1 2024 eGPU nudi iznimnu svestranost sa svojim mogu\u0107nostima povezivanja OcuLink i USB 4, podr\u017eavaju\u0107i \u0161irok raspon ru\u010dnih igra\u0107ih ra\u010dunala i ure\u0111aja. Njegov kompaktan i lagan dizajn, dimenzija samo 22,5 \u00d7 11,1 \u00d7 3,0 cm i te\u017eine 920 g, osigurava prenosivost bez \u017ertvovanja performansi. Bilo da ste kod ku\u0107e ili u pokretu, GPD G1 eGPU priklju\u010dna stanica s lako\u0107om pobolj\u0161ava i igra\u0107e sesije i produktivne zadatke. Osim toga, njegova kompatibilnost s ROG ALLY X pro\u0161iruje njegovu upotrebljivost na vi\u0161e sustava za igranje.<\/p>\n\n<figure class=\"wp-block-image aligncenter size-full\"><img decoding=\"async\" width=\"900\" height=\"559\" src=\"https:\/\/gpdstore.net\/wp-content\/uploads\/2024\/05\/3-1.png\" alt=\"Dimenzije GPD G1 eGPU-a: Kompaktan i prostorno u&#x10D;inkovit za besprijekornu integraciju.\" class=\"wp-image-1512\" srcset=\"https:\/\/gpdstore.net\/wp-content\/uploads\/2024\/05\/3-1.png 900w, https:\/\/gpdstore.net\/wp-content\/uploads\/2024\/05\/3-1-600x373.png 600w, https:\/\/gpdstore.net\/wp-content\/uploads\/2024\/05\/3-1-768x477.png 768w, https:\/\/gpdstore.net\/wp-content\/uploads\/2024\/05\/3-1-320x200.png 320w, https:\/\/gpdstore.net\/wp-content\/uploads\/2024\/05\/3-1-360x224.png 360w, https:\/\/gpdstore.net\/wp-content\/uploads\/2024\/05\/3-1-441x274.png 441w, https:\/\/gpdstore.net\/wp-content\/uploads\/2024\/05\/3-1-150x93.png 150w\" sizes=\"(max-width: 900px) 100vw, 900px\" \/><\/figure>\n\n<h2 class=\"wp-block-heading\"><strong>Detaljne zna\u010dajke<\/strong><\/h2>\n\n<p><strong>Izvedba:<\/strong> Napravljena da zadovolji zahtjeve najzahtjevnijih igra\u0107ih i kreativnih aplikacija, GPD G1 2024 priklju\u010dna stanica ima AMD Radeon RX 7600M XT GPU, s 32 ra\u010dunalne jedinice takta do 2300 MHz i 8 GB GDDR6 memorije. Ugra\u0111eni GaN punja\u010d ure\u0111aja od 240 W pru\u017ea dovoljno snage za trajne performanse. <\/p>\n\n<p><strong>Grafi\u010dke performanse:<\/strong> Srce iznimnih performansi GPD G1 le\u017ei u njegovom GPU-u. Sposoban za pokretanje igara i aplikacija u razlu\u010divosti do 4K, pru\u017ea \u017eivopisne vizualne i fluidno igranje, savr\u0161eno za AAA naslove. <\/p>\n\n<figure class=\"wp-block-image aligncenter size-full\"><img decoding=\"async\" src=\"https:\/\/gpdstore.net\/wp-content\/uploads\/\" alt=\"Slika GPD G1 2024 eGPU priklju&#x10D;ne stanice s AMD Radeon RX 7600M XT GPU-om, TGP prekida&#x10D;em i svestranim mogu&#x107;nostima povezivanja. Idealno za igra&#x10D;e i profesionalce. Predbilje&#x17E;ite se sada za revolucionarne mogu&#x107;nosti.\" class=\"wp-image-1505\"\/><\/figure>\n\n<h2 class=\"wp-block-heading\"><strong>A\u017eurirani HDMI i USB priklju\u010dci<\/strong><\/h2>\n\n<p>Model GPD G1 2024 eGPU ima a\u017eurirani HDMI 2.1 priklju\u010dak koji podr\u017eava 4K 120Hz izlaz i USB 4 priklju\u010dak s izlaznom snagom od 65 W, pobolj\u0161avaju\u0107i vizualnu kvalitetu i kompatibilnost ure\u0111aja.<\/p>\n\n<h2 class=\"wp-block-heading\"><strong>Korisni\u010dko iskustvo<\/strong><\/h2>\n\n<p>GPD G1 redefinira korisni\u010dko iskustvo nude\u0107i performanse igranja na razini stolnog ra\u010dunala u prijenosnom formatu. S vi\u0161e USB priklju\u010daka i HDMI i dva DisplayPort izlaza, korisnici mogu stvoriti impresivne postavke za igranje ili produktivna okru\u017eenja za vi\u0161e zadataka. Ergonomski dizajn ure\u0111aja i jednostavan postupak postavljanja osiguravaju da korisnici mogu po\u010deti igrati ili raditi u roku od nekoliko minuta.<\/p>\n\n<div class=\"wp-block-columns is-layout-flex wp-container-core-columns-is-layout-28f84493 wp-block-columns-is-layout-flex\">\n<div class=\"wp-block-column is-layout-flow wp-block-column-is-layout-flow\" style=\"flex-basis:100%\">\n<h2 class=\"wp-block-heading\"><strong>Zaklju\u010dak<\/strong><\/h2>\n<\/div>\n<\/div>\n\n<p>GPD G1 2024 eGPU priklju\u010dna stanica prednja\u010di u tehnolo\u0161kim inovacijama, kombiniraju\u0107i vrhunske performanse, elegantan dizajn i iznimnu funkcionalnost. Opremljen zastra\u0161uju\u0107im AMD Radeon RX 7600M XT GPU i pionirskim TGP preklopnim prekida\u010dem, pru\u017ea svestrane mogu\u0107nosti povezivanja i kompatibilan je s ROG ALLY X. GPD G1 eGPU priklju\u010dna stanica kona\u010dan je izbor za one koji te\u017ee najvi\u0161oj razini igranja i produktivnosti.  Zakora\u010dite u budu\u0107nost zabave s ure\u0111ajem koji se osloba\u0111a ograni\u010denja konvencionalnog ra\u010dunalstva.<\/p>\n\n<h2 class=\"wp-block-heading has-text-align-center\">Najbolja PC igra\u0107a ru\u010dna ra\u010dunala za GPD G1<\/h2>\n\n<p>GPD G1 2024 je najsuvremeniji eGPU koji dramati\u010dno podi\u017ee performanse igranja razli\u010ditih ru\u010dnih ra\u010dunala, \u0161to ga \u010dini idealnim dodatkom za GPD Win Max 2 2024, Win 4 2024 i Win Mini 2024. GPD Win Max 2 2024 mo\u017ee se pohvaliti velikim zaslonom od 10.1 in\u010da, sna\u017enim Intelovim procesorom 12. generacije i tipkovnicom pune veli\u010dine, nude\u0107i svestrano rje\u0161enje za igranje i produktivnost. GPD Win 4 2024 ima kompaktan dizajn s kliznom tipkovnicom i pokre\u0107e ga AMD Ryzen 7 7840U procesor, posti\u017eu\u0107i savr\u0161enu ravnote\u017eu izme\u0111u prenosivosti i snage. GPD Win Mini 2024, najnoviji i najmanji u liniji, pru\u017ea impresivne performanse sa svojim u\u010dinkovitim dizajnom i vrhunskim unutarnjim dijelovima, \u0161to ga \u010dini idealnim izborom za igra\u010de u pokretu. Kada su upareni s GPD G1 2024, ovi se ure\u0111aji pretvaraju u prijenosne igra\u010dke mo\u0107nike, sposobne s lako\u0107om rukovati najnovijim AAA naslovima i pru\u017eati besprijekorno, impresivno iskustvo igranja.    <\/p>\n","protected":false},"excerpt":{"rendered":"<ul>\n<li>GPU: AMD Radeon\u2122<strong> RX 7600M XT<\/strong> eGPU  <\/li>\n<li>KOMPATIBILNOST:<strong> OCuLink, USB 4, Thunderbolt 3 i 4<\/strong><\/li>\n<li>OCULINK:<strong> PCI Express povezivanje<\/strong><\/li>\n<li>USB 4:<strong> do 40 Gbps<\/strong><\/li>\n<li>Dizajnirano za: <strong>GPD<\/strong> WIN MAX 2, WIN 4, WIN Mini, ROG Ally X  <\/li>\n<\/ul>\n[cg_accordion title=\"PODACI O PLA\u0106ANJU\"]<\/p>\n<p>Koristimo najnoviju tehnologiju u obradi pla\u0107anja, koja vam omogu\u0107uje naplatu putem va\u0161e debitne\/kreditne kartice ili PayPal-a za brzo i sigurno iskustvo.[\/cg_accordion]\n[cg_accordion title=\"JAMSTVO\"]<\/p>\n<p>2 godine jamstva <a href=\"https:\/\/droix.net\/\" target=\"_blank\" rel=\"nofollow noopener\">tvrtke DROIX Global<\/a> za va\u0161 mir[\/cg_accordion]\n[cg_accordion title=\"OSIGURANJE KVALITETE I ISPITIVANJE PRIJE OTPREME\"]<\/p>\n<p>Osiguravanje zadovoljstva kupaca na najvi\u0161oj razini: Svaki ure\u0111aj prolazi rigorozno testiranje i vi\u0161estruku provjeru kvalitete prije slanja. Na\u0161 predani tim provjerava performanse, funkcionalnost i integritet komponenti kako bi jam\u010dio da je va\u0161 GPD ure\u0111aj u savr\u0161enom radnom stanju po dolasku, pru\u017eaju\u0107i vam povjerenje i mir. [\/cg_accordion]\n[cg_accordion title=\"CIJENE, POREZI I DOSTAVA\"]<\/p>\n<p><strong><u>Bilje\u0161ka:<\/u><\/strong><\/p>\n<ul>\n<li>Kupci u Sjedinjenim Ameri\u010dkim Dr\u017eavama: Prikazana cijena NE uklju\u010duje POREZ niti carine. Odgovornost za carinjenje i pla\u0107anje svih povezanih poreza\/carina le\u017ei na kupcu. <\/li>\n<li>Kupci iz EU-a: Prikazana cijena uklju\u010duje primjenjivi POREZ, koji mo\u017ee iznositi do 25%, ovisno o va\u0161oj zemlji.<\/li>\n<li>Kupci u Kanadi: Prikazana cijena uklju\u010duje primjenjive poreze, koji mogu uklju\u010divati 5% GST-a i dodatne pokrajinske poreze na promet (PST), uskla\u0111eni porez na promet (HST) ili porez na promet u Quebecu (QST), ovisno o va\u0161oj pokrajini.<\/li>\n<\/ul>\n<p><strong>SAMO za kupce iz EU-a:<\/strong> Ekspresni DDP (isporu\u010dena carina pla\u0107ena). To zna\u010di: <\/p>\n<ul>\n<li>Sve carine i porezi uklju\u010deni su u cijenu prikazanu na stranici proizvoda.<\/li>\n<li>Ne\u0107ete morati pla\u0107ati nikakve dodatne tro\u0161kove po isporuci.<\/li>\n<li>U rijetkim slu\u010dajevima problema povezanih s carinom, na\u0161 tim \u0107e voditi postupak carinjenja u va\u0161e ime kako bi osigurao nesmetano iskustvo isporuke.<\/li>\n<p>Va\u017ene informacije o povratima:<\/p>\n<li>Ako odlu\u010dite vratiti narud\u017ebu ili zatra\u017eiti povrat novca, imajte na umu da se porezi i carine pla\u0107eni u va\u0161e ime prema uvjetima DDP-a ne mogu vratiti.<\/li>\n<p>Za detaljne informacije pogledajte <a href=\"https:\/\/droix.net\/terms-and-conditions\/\" target=\"_blank\" rel=\"nofollow noopener\">na\u0161e Uvjete i odredbe<\/a> .\n<\/ul>\n<p>[\/cg_accordion]\n[cg_accordion title=\"KORISNI\u010cKA PODR\u0160KA\"]<\/p>\n<p>Imate pitanje? Kratak tekst dijeli nas od rje\u0161avanja va\u0161eg problema! <\/p>\n<p>Za detaljne informacije pogledajte <a href=\"https:\/\/gpdstore.net\/hr\/terms-of-service\/\" target=\"_blank\" rel=\"nofollow noopener\">na\u0161e Uvjete i odredbe<\/a> .\n<\/ul>\n<p>[\/cg_accordion]\n[cg_accordion title=\"\u0160TO JE UKLJU\u010cENO\"]<\/p>\n<ul>\n<li>1x GPD G1 2024<\/li>\n<li>1x adapter za napajanje<\/li>\n<li>1x USB Type-C kabel<\/li>\n<li>1x Korisni\u010dki priru\u010dnik<\/li>\n<\/ul>\n<p>[\/cg_accordion]\n","protected":false},"featured_media":120132,"template":"","meta":{"_acf_changed":false},"product_brand":[],"product_cat":[5406],"product_tag":[16627,5606],"woo-feed-brand":[5607],"class_list":{"0":"post-245941","1":"product","2":"type-product","3":"status-publish","4":"has-post-thumbnail","6":"product_cat-pribor","7":"product_tag-10xmsale-hr","8":"product_tag-gpd-g1-hr","9":"product_shipping_class-premium","10":"pa_brand-gpd","11":"pa_graphics-gpu-model-radeon-rx-7600m-xt-hr","12":"pa_i-o-video-1x-oculink-hr","13":"pa_i-o-video-putem-1x-usb-4-0-type-c-40-gb-s","14":"woo-feed-brand-gpd-hr","16":"first","17":"outofstock","18":"taxable","19":"shipping-taxable","20":"purchasable","21":"product-type-variable","22":"has-default-attributes"},"acf":[],"aioseo_notices":[],"_links":{"self":[{"href":"https:\/\/gpdstore.net\/hr\/wp-json\/wp\/v2\/product\/245941","targetHints":{"allow":["GET"]}}],"collection":[{"href":"https:\/\/gpdstore.net\/hr\/wp-json\/wp\/v2\/product"}],"about":[{"href":"https:\/\/gpdstore.net\/hr\/wp-json\/wp\/v2\/types\/product"}],"wp:featuredmedia":[{"embeddable":true,"href":"https:\/\/gpdstore.net\/hr\/wp-json\/wp\/v2\/media\/120132"}],"wp:attachment":[{"href":"https:\/\/gpdstore.net\/hr\/wp-json\/wp\/v2\/media?parent=245941"}],"wp:term":[{"taxonomy":"product_brand","embeddable":true,"href":"https:\/\/gpdstore.net\/hr\/wp-json\/wp\/v2\/product_brand?post=245941"},{"taxonomy":"product_cat","embeddable":true,"href":"https:\/\/gpdstore.net\/hr\/wp-json\/wp\/v2\/product_cat?post=245941"},{"taxonomy":"product_tag","embeddable":true,"href":"https:\/\/gpdstore.net\/hr\/wp-json\/wp\/v2\/product_tag?post=245941"},{"taxonomy":"woo-feed-brand","embeddable":true,"href":"https:\/\/gpdstore.net\/hr\/wp-json\/wp\/v2\/woo-feed-brand?post=245941"}],"curies":[{"name":"wp","href":"https:\/\/api.w.org\/{rel}","templated":true}]}}