{"id":228116,"date":"2023-11-17T17:45:40","date_gmt":"2023-11-17T17:45:40","guid":{"rendered":"https:\/\/gpdstore.net\/Bez%20kategorije\/gpd-win-mini-prijenosno-racunalo-za-igranje\/"},"modified":"2025-12-19T16:27:30","modified_gmt":"2025-12-19T16:27:30","slug":"gpd-win-mini","status":"publish","type":"product","link":"https:\/\/gpdstore.net\/hr\/product\/gpd-win-mini\/","title":{"rendered":"GPD WIN Mini Gaming Ru\u010dno ra\u010dunalo"},"content":{"rendered":"\n<figure class=\"wp-block-video\"><video controls=\"\" src=\"https:\/\/gpdstore.net\/wp-content\/uploads\/\"><\/video><\/figure>\n\n<div class=\"wp-block-columns is-layout-flex wp-container-core-columns-is-layout-28f84493 wp-block-columns-is-layout-flex\">\n<div class=\"wp-block-column is-layout-flow wp-block-column-is-layout-flow\" style=\"flex-basis:33.33%\">\n<figure class=\"wp-block-image size-full\"><img fetchpriority=\"high\" decoding=\"async\" width=\"640\" height=\"640\" src=\"https:\/\/gpdstore.net\/wp-content\/uploads\/2024\/03\/4ebac7a0-58e9-47ef-a036-783efd2a5e00._CR00640640_.jpg\" alt=\"GPD WIN Mini 2024\" class=\"wp-image-1650\" srcset=\"https:\/\/gpdstore.net\/wp-content\/uploads\/2024\/03\/4ebac7a0-58e9-47ef-a036-783efd2a5e00._CR00640640_.jpg 640w, https:\/\/gpdstore.net\/wp-content\/uploads\/2024\/03\/4ebac7a0-58e9-47ef-a036-783efd2a5e00._CR00640640_-600x600.jpg 600w, https:\/\/gpdstore.net\/wp-content\/uploads\/2024\/03\/4ebac7a0-58e9-47ef-a036-783efd2a5e00._CR00640640_-150x150.jpg 150w, https:\/\/gpdstore.net\/wp-content\/uploads\/2024\/03\/4ebac7a0-58e9-47ef-a036-783efd2a5e00._CR00640640_-441x441.jpg 441w, https:\/\/gpdstore.net\/wp-content\/uploads\/2024\/03\/4ebac7a0-58e9-47ef-a036-783efd2a5e00._CR00640640_-100x100.jpg 100w\" sizes=\"(max-width: 640px) 100vw, 640px\" \/><\/figure>\n<\/div>\n\n\n\n<div class=\"wp-block-column is-layout-flow wp-block-column-is-layout-flow\" style=\"flex-basis:66.66%\">\n<h2 class=\"wp-block-heading\"><strong>GPD WIN Mini (2023 Edition) &#8211; AMD Ryzen 7 7840U Handheld Gaming PC | 7&#8243; 120Hz LTPS Screen | 32GB\/64GB LPDDR5 | OcuLink SGLM Support &#8211; Best Value UMPC<\/strong><\/h2>\n\n\n\n<p>Why pay 2025 flagship prices? The GPD WIN Mini (2023 Edition) remains the ultimate &#8220;Silicon Sweet Spot.&#8221; Powered by the legendary AMD Ryzen 7 7840U, it delivers the perfect balance of Zen 4 power and portability for gamers who demand elite performance without the &#8220;Strix Point&#8221; premium. This Mobile Gaming PC redefines on-the-go gaming by seamlessly integrating the raw power of top-tier hardware into a form factor that comfortably nestles in the palm of your hand. Brace yourself for unparalleled gaming adventures with the GPD WIN Mini, your portal to gaming excellence in a compact, lightweight, and formidable package.<\/p>\n<\/div>\n<\/div>\n\n<h2 class=\"wp-block-heading has-text-align-center\">Preciznost susre\u0107e prenosivost: Napredne kontrole i \u0161koljkasti dizajn GPD WIN Minija<\/h2>\n\n<div class=\"wp-block-columns is-layout-flex wp-container-core-columns-is-layout-28f84493 wp-block-columns-is-layout-flex\">\n<div class=\"wp-block-column is-layout-flow wp-block-column-is-layout-flow\">\n<figure class=\"wp-block-image size-full\"><img decoding=\"async\" width=\"300\" height=\"300\" src=\"https:\/\/gpdstore.net\/wp-content\/uploads\/2024\/03\/cc2489ee-271a-4803-836e-eb3326d46fd8.__CR1310638638_PT0_SX300_V1___-1.png\" alt=\"GPD Win Mini joystickovi\" class=\"wp-image-1652\" srcset=\"https:\/\/gpdstore.net\/wp-content\/uploads\/2024\/03\/cc2489ee-271a-4803-836e-eb3326d46fd8.__CR1310638638_PT0_SX300_V1___-1.png 300w, https:\/\/gpdstore.net\/wp-content\/uploads\/2024\/03\/cc2489ee-271a-4803-836e-eb3326d46fd8.__CR1310638638_PT0_SX300_V1___-1-150x150.png 150w, https:\/\/gpdstore.net\/wp-content\/uploads\/2024\/03\/cc2489ee-271a-4803-836e-eb3326d46fd8.__CR1310638638_PT0_SX300_V1___-1-100x100.png 100w\" sizes=\"(max-width: 300px) 100vw, 300px\" \/><\/figure>\n\n\n\n<h3 class=\"wp-block-heading\"><strong><strong>Nula mrtvih zona:<\/strong> Postizanje 37,5% pobolj\u0161ane to\u010dnosti s mini d\u017eojsticima s Hall efektom.<\/strong><\/h3>\n\n\n\n<p>Ugra\u0111eni mini joystickovi s Hall efektom imaju udubljeni dizajn s podr\u0161kom za pritisak prema dolje za L3 i R3 te su beskona\u010dno podesivi i superlinearni. Nakon kalibracije, joystickovi s Hall efektom imaju pobolj\u0161anu to\u010dnost povratka i preciznost podjele napona za 37,5% odnosno 25% u usporedbi sa standardnim joysticcima, gotovo u potpunosti eliminiraju\u0107i mogu\u0107nost pojave mrtvih zona u sredi\u0161njoj to\u010dki. <\/p>\n<\/div>\n\n\n\n<div class=\"wp-block-column is-layout-flow wp-block-column-is-layout-flow\">\n<figure class=\"wp-block-image size-full\"><img decoding=\"async\" src=\"https:\/\/gpdstore.net\/wp-content\/uploads\/\" alt=\"GPD Win Mini L2 R2\" class=\"wp-image-1654\"\/><\/figure>\n\n\n\n<h3 class=\"wp-block-heading\"><strong><strong>Imerzivni realizam:<\/strong> Simuliranje pucanja i ubrzanja s linearnim analognim L2\/R2 okida\u010dima.<\/strong><\/h3>\n\n\n\n<p>U usporedbi s WIN 2, okida\u010di L2 \/ R2 na WIN Miniju promijenjeni su u linearne analogne okida\u010dke tipke, precizno simuliraju\u0107i odziv tipki pod razli\u010ditim intenzitetima i omogu\u0107uju\u0107i precizno pucanje, ubrzanje i druge operacije. To pru\u017ea realisti\u010dnije iskustvo dinami\u010dkih promjena u igrama, udobno kori\u0161tenje kontrolera te pove\u0107anu uronjenost i igrivost u igrama. <\/p>\n<\/div>\n\n\n\n<div class=\"wp-block-column is-layout-flow wp-block-column-is-layout-flow\">\n<figure class=\"wp-block-image size-full\"><img decoding=\"async\" width=\"300\" height=\"300\" src=\"https:\/\/gpdstore.net\/wp-content\/uploads\/2024\/05\/81bbfc87-3418-4c8a-90fa-bd4c521a3eba.__CR1710559559_PT0_SX300_V1___-1.png\" alt=\"GPD Win Mini SSD\" class=\"wp-image-1655\" srcset=\"https:\/\/gpdstore.net\/wp-content\/uploads\/2024\/05\/81bbfc87-3418-4c8a-90fa-bd4c521a3eba.__CR1710559559_PT0_SX300_V1___-1.png 300w, https:\/\/gpdstore.net\/wp-content\/uploads\/2024\/05\/81bbfc87-3418-4c8a-90fa-bd4c521a3eba.__CR1710559559_PT0_SX300_V1___-1-150x150.png 150w, https:\/\/gpdstore.net\/wp-content\/uploads\/2024\/05\/81bbfc87-3418-4c8a-90fa-bd4c521a3eba.__CR1710559559_PT0_SX300_V1___-1-65x65.png 65w, https:\/\/gpdstore.net\/wp-content\/uploads\/2024\/05\/81bbfc87-3418-4c8a-90fa-bd4c521a3eba.__CR1710559559_PT0_SX300_V1___-1-100x100.png 100w\" sizes=\"(max-width: 300px) 100vw, 300px\" \/><\/figure>\n\n\n\n<h3 class=\"wp-block-heading\"><strong><strong>Nula ka\u0161njenja: Uklanjanje vremena u\u010ditavanja s do 4 TB PCIe 4.0 SSD pohrane.<\/strong><\/strong><\/h3>\n\n\n\n<p>AMD Ryzen 7 7840U podr\u017eava PCIe Gen4 specifikaciju s teoretskom maksimalnom propusno\u0161\u0107u do 7.877 GB\/s. Slu\u017ebena konfiguracija uklju\u010duje SSD SN740 M.2 2230 SSD od 512 GB do 2 TB (PCIe Gen4), s izmjerenom sekvencijalnom brzinom \u010ditanja i pisanja do 5150 MB\/s, a pro\u0161iriva se bez ograni\u010denja.  <br\/><\/p>\n<\/div>\n<\/div>\n\n<h2 class=\"wp-block-heading has-text-align-center\">Osloba\u0111anje punog potencijala: Povezivanje, prilagodba i ekosustav<\/h2>\n\n<div class=\"wp-block-columns is-layout-flex wp-container-core-columns-is-layout-28f84493 wp-block-columns-is-layout-flex\">\n<div class=\"wp-block-column is-layout-flow wp-block-column-is-layout-flow\" style=\"flex-basis:33.33%\">\n<figure class=\"wp-block-image size-full\"><img loading=\"lazy\" decoding=\"async\" width=\"300\" height=\"300\" src=\"https:\/\/gpdstore.net\/wp-content\/uploads\/2024\/03\/49ca9adf-2d79-4de3-8125-bfa7036712ac.__CR00742742_PT0_SX300_V1___.png\" alt=\"65 W\" class=\"wp-image-1656\" srcset=\"https:\/\/gpdstore.net\/wp-content\/uploads\/2024\/03\/49ca9adf-2d79-4de3-8125-bfa7036712ac.__CR00742742_PT0_SX300_V1___.png 300w, https:\/\/gpdstore.net\/wp-content\/uploads\/2024\/03\/49ca9adf-2d79-4de3-8125-bfa7036712ac.__CR00742742_PT0_SX300_V1___-150x150.png 150w, https:\/\/gpdstore.net\/wp-content\/uploads\/2024\/03\/49ca9adf-2d79-4de3-8125-bfa7036712ac.__CR00742742_PT0_SX300_V1___-65x65.png 65w, https:\/\/gpdstore.net\/wp-content\/uploads\/2024\/03\/49ca9adf-2d79-4de3-8125-bfa7036712ac.__CR00742742_PT0_SX300_V1___-100x100.png 100w\" sizes=\"(max-width: 300px) 100vw, 300px\" \/><\/figure>\n<\/div>\n\n\n\n<div class=\"wp-block-column is-layout-flow wp-block-column-is-layout-flow\" style=\"flex-basis:66.66%\">\n<h3 class=\"wp-block-heading\"><br\/><br\/>Potpuno opremljen Type-C priklju\u010dak<\/h3>\n\n\n\n<p>Kada se koristi USB4 priklju\u010dak, WIN Mini i dalje mo\u017ee puniti i prenositi audio, video i podatke putem ovog potpuno opremljenog Type-C priklju\u010dka s propusno\u0161\u0107u od 10 Gbps (USB 3.2 Gen 2) i podr\u0161kom za vanjski 8K@60Hz zaslon.<\/p>\n<\/div>\n<\/div>\n\n<h2 class=\"wp-block-heading\"><strong>Osloba\u0111anje neusporedive sposobnosti obrade: Dominacija AMD Ryzena<\/strong><\/h2>\n\n<p>Zen 4 Performance: The Legendary 7840U &#8220;Phoenix&#8221;<\/p>\n\n<p>The Emulation King: Native AVX-512 support makes the 7840U faster than many newer chips for PS3 (RPCS3) and Xbox 360 (Xenia) emulation.<\/p>\n\n<p>Radeon 780M + AFMF 2: Boost your frame rates in AAA titles like <em>Cyberpunk 2077<\/em> using the latest AMD Fluid Motion Frames software.<\/p>\n\n<p>64GB LPDDR5 Power: One of the few ultra-portables offering massive RAM configurations for heavy multitasking and virtualization.<\/p>\n\n<p>This Portable Gaming PC fearlessly tackles the most demanding gaming titles and resource-intensive applications, showcasing unparalleled prowess. Immerse yourself in seamless multitasking, accelerated load times, and ultra-smooth gameplay as you traverse the expansive gaming universe on the go.<\/p>\n\n<p>The AMD Ryzen 7 7840U remains a fan favorite in 2025 for its incredible efficiency-to-power ratio.<\/p>\n\n<h2 class=\"wp-block-heading\"><strong>Uzdizanje vizualnih prikaza izvan stvarnosti: AMD Radeon grafika<\/strong><\/h2>\n\n<p>Prepustite se igra\u0107im vizualima koji nadilaze stvarnost, zahvaljuju\u0107i AMD Radeon grafici smje\u0161tenoj u GPD WIN Mini. <a href=\"https:\/\/www.techpowerup.com\/gpu-specs\/radeon-780m.c4020\">AMD Radeon 780M<\/a> (model 7840U), koji se razme\u0107e s 12 ra\u010dunalnih jedinica i radnim taktom do 2700 MHz, ili AMD Radeon 760M (model 7640U) s 8 ra\u010dunalnih jedinica i brzinama takta do 2600 MHz, pru\u017eaju zapanjuju\u0107e realisti\u010dnu grafiku i iznimno responzivni broj sli\u010dica u sekundi. Uronite u bujne krajolike, realisti\u010dna okru\u017eenja i eksplozivnu akciju, a sve to predstavljeno na platnu veli\u010dine dlana ovog prijenosnog \u010duda za igranje.  <\/p>\n\n<h2 class=\"wp-block-heading\"><strong>Nepopustljiva memorija i pohrana: sna\u017ene performanse<\/strong><\/h2>\n\n<p>Odbijte kompromis kada su u pitanju memorija i pohrana. GPD WIN Mini predstavlja dvije opcije RAM-a: zapanjuju\u0107ih 64 GB <a href=\"https:\/\/en.wikipedia.org\/wiki\/LPDDR\">LPDDR5<\/a> 6400MT\/s s modelom 7840U ili robusni LPDDR5 6400 MT\/s od 16 GB s modelom 7640U. Osiguravaju\u0107i da ste opremljeni za besprijekorno rukovanje najintenzivnijim scenarijima multitaskinga. Uz mogu\u0107nosti pohrane do kolosalnih 2TB PCIe 4.0 x 4 NVMe 1.3\/1.4, u\u017eivajte u dovoljno prostora za svoju opse\u017enu biblioteku igara, multimedijske datoteke i jo\u0161 mnogo toga. Nema vi\u0161e kompromisa, samo \u010dista snaga na dohvat ruke.    <\/p>\n\n<h2 class=\"wp-block-heading\"><strong>Pobolj\u0161ano vizualno majstorstvo: Predstavljanje 7-in\u010dnog zaslona za igranje od 120 Hz s visokom stopom osvje\u017eavanja<\/strong><\/h2>\n\n<p>Uronite u carstvo vizualnog savr\u0161enstva uz revolucionarni 7-in\u010dni zaslon za igranje, simfoniju LTPS tehnologije i visoku brzinu osvje\u017eavanja od 120 Hz koja oduzima dah. Zatvoren u \u0161estu generaciju Gorilla Glass, ovaj zaslon osvaja kra\u0107im vremenom odziva, dok AF+AR premaz protiv odsjaja orkestrira zaslon bez refleksije, \u0161to dovodi do blistave svjetline od 500 nita. Rezolucija od 1080P pedantno oslikava svaki piksel, dok opcija prebacivanja izme\u0111u brzine osvje\u017eavanja od 60 Hz do 120 Hz oblikuje va\u0161e vizualno iskustvo. Pri 314 PPI, o\u0161trina i uranjanje konvergiraju, a inovacije ne prestaju &#8211; DC zatamnjenje osigurava u\u017eivanje u \u010dudima svijeta igara bez treperenja.   <\/p>\n\n<h2 class=\"wp-block-heading\"><strong>Turbo napunite svoj GPD WIN Mini s GPD G1 eGPU priklju\u010dnom stanicom<\/strong><\/h2>\n\n<p>GPD G1 eGPU priklju\u010dna stanica s grafi\u010dkom karticom redefinira performanse igranja sa svojim AMD Radeon RX 7600M XT GPU s RDNA 3.0 arhitekturom, pru\u017eaju\u0107i zapanjuju\u0107e vizualne prikaze i glatko igranje. Uz 8 GB GDDR6 RAM-a, multitasking postaje besprijekoran, a munjevito brzo vrijeme u\u010ditavanja pobolj\u0161ava va\u0161e iskustvo igranja. Njegova kompatibilnost <g id=\"gid_0\">s OCuLinkom<\/g> i USB 4 osigurava svestranu povezanost na svim ure\u0111ajima, uklju\u010duju\u0107i GPD WIN Mini, dok vi\u0161e grafi\u010dkih i video priklju\u010daka omogu\u0107uje povezivanje s tri vanjska zaslona za impresivno postavljanje. Aktivni sustav hla\u0111enja GPD G1 odr\u017eava optimalne performanse tijekom intenzivnih sesija.   <\/p>\n\n<h2 class=\"wp-block-heading\"><strong>Kontrole u igrama: revolucija u preciznosti<\/strong><\/h2>\n\n<p>GPD WIN Mini pokre\u0107e kontrole igranja na sljede\u0107u razinu. Dvostruki joystickovi s Hallovim efektom pru\u017eaju precizan i responzivan unos, dok beskona\u010dni, ultra-linearni dizajn uklanja mrtve zone, osiguravaju\u0107i da se svaki pokret ra\u010duna. L3\/R3 funkcionalnost, kada se pritisne, daje dodatni sloj kontrole. Gumbi Linear Analog Trigger L2 i R2 nude osjetljivost bez premca, omogu\u0107uju\u0107i vam fino pode\u0161avanje va\u0161ih radnji. Dodatak programabilnih makro gumba, klasi\u010dnog D-pada i gumba izbornika omogu\u0107uje vam da prilagodite svoje iskustvo igranja do posljednjeg detalja.    <\/p>\n\n<h2 class=\"wp-block-heading\"><strong>Pobolj\u0161ano iskustvo unosa: Izvrsnost tipkovnice i dodirne podloge<\/strong><\/h2>\n\n<p>Prikazuju\u0107i QWERTY punu tipkovnicu sa \u0161karastim tipkama i dizajnom s pozadinskim osvjetljenjem, GPD WIN Mini ru\u010dno ra\u010dunalo za igranje nadilazi puko igranje. Pretvara se u snagu produktivnosti u pokretu, omogu\u0107uju\u0107i vam neprimjetno prebacivanje izme\u0111u posla i zabave. Precizna dodirna podloga, s podr\u0161kom za geste do 4 prsta, uvodi novu razinu kontrole, bilo da se kre\u0107ete po izbornicima ili ure\u0111ujete dokumente. Ovo prijenosno ra\u010dunalo za igranje nije samo igranje; radi se o pobolj\u0161anju va\u0161eg cjelokupnog iskustva prijenosnog ra\u010dunala.   <\/p>\n\n<h2 class=\"wp-block-heading\"><strong>Impresivni audiovizualni prikazi: DTS:X Ultra zvu\u010dni efekti<\/strong><\/h2>\n\n<p>Pripremite se za impresivno audiovizualno iskustvo koje prkosi o\u010dekivanjima. GPD WIN Mini mo\u017ee se pohvaliti s dva ugra\u0111ena hiperlinearna zvu\u010dnika nadopunjena <a href=\"DTS:X%20Ultra%20Zvuk%20Efekti\">DTS:X Ultra zvu\u010dnim efektima<\/a>. Ovi efekti simuliraju zvu\u010dni do\u017eivljaj fizi\u010dke 7.1-kanalne postavke, obavijaju\u0107i vas svakim zvukom, bilo da se radi o \u0161u\u0161tanju li\u0161\u0107a ili eksplozivnoj tutnjavi pucnjave. Uz podr\u0161ku za slu\u0161alice i zvu\u010dnike, zajam\u010dena vam je slu\u0161na avantura koja odgovara vizualnom spektaklu.   <\/p>\n\n<h2 class=\"wp-block-heading\"><strong>Povezivanje izvan granica: Wi-Fi 6 i Bluetooth 5.2<\/strong><\/h2>\n\n<p>Ostanite povezani bez obzira kamo vas odvede va\u0161e putovanje igranjem. GPD WIN Mini podr\u017eava Wi-Fi 6 IEEE 802.11 a\/b\/g\/n\/ac\/ax s podr\u0161kom za 2.4G\/5G dvostruki frekvencijski pojas i dvokanalnom maksimalnom brzinom prijenosa od 2402 Mbps. To osigurava glatko online igranje, brza preuzimanja i besprijekoran streaming. Uz Bluetooth 5.2 jednostavno pove\u017eite periferne ure\u0111aje, slu\u0161alice i jo\u0161 mnogo toga, \u0161to ovo kompaktno ra\u010dunalo za igranje \u010dini va\u0161im ultimativnim sredi\u0161tem za mobilne igre.   <\/p>\n\n<h2 class=\"wp-block-heading\"><strong>Svestrana I\/O su\u010delja: USB4 i USB 3.2 Gen 2 Type-C<\/strong><\/h2>\n\n<p>GPD WIN Mini opremljen je raznolikim rasponom I\/O su\u010delja, uklju\u010duju\u0107i munjevito brz USB4 priklju\u010dak s brzinama do 40 Gbps. Osim toga, USB 3.2 Gen 2 Type-C priklju\u010dak pru\u017ea brzine do 10 Gbps, osiguravaju\u0107i munjevito brz prijenos podataka i glatku perifernu povezivost. Uklju\u010divanje priklju\u010dka OCuLink (SFF-8612) dodaje jo\u0161 ve\u0107u svestranost ovom prijenosnom ra\u010dunalu za igranje, \u010dine\u0107i ga sredi\u0161tem za sve va\u0161e potrebe povezivanja.  <\/p>\n\n<h2 class=\"wp-block-heading\"><strong>Pro\u0161iriva pohrana: microSD utor za dodatnu prakti\u010dnost<\/strong><\/h2>\n\n<p>GPD WIN Mini ne zaustavlja se na dovoljno interne memorije. Sadr\u017ei microSD utor sa SD 3.0 protokolom, podr\u017eava UHS-I su\u010delje sabirnice, Video Speed Class V30 i impresivne I\/O performanse. Uz teoretsku brzinu \u010ditanja od 160 MB\/s i brzinu pisanja od 120 MB\/s, bez napora pro\u0161irite svoju pohranu u pokretu. Kompatibilan s microSDHC, microSDXC i microSDUC karticama, u\u017eivajte u fleksibilnosti za jednostavno no\u0161enje medija, dokumenata i datoteka.   <\/p>\n\n<h2 class=\"wp-block-heading\"><strong>Produljene sesije igranja: dugotrajna baterija<\/strong><\/h2>\n\n<p>Igrajte dulje vrijeme bez brige da \u0107ete ostati bez baterije. GPD WIN Mini opremljen je litij-polimernom baterijom od 44.24 Wh koja se prilago\u0111ava va\u0161oj upotrebi. Bilo da ste zaokupljeni te\u0161kim sesijama igranja ili trebate izvr\u0161iti radne zadatke, trajanje baterije ne\u0107e vas razo\u010darati. Do\u017eivite do 3 sata intenzivne upotrebe, 6-8 sati umjerene upotrebe ili impresivnih 14 sati lagane upotrebe, ovisno o va\u0161em specifi\u010dnom scenariju kori\u0161tenja.   <\/p>\n\n<h2 class=\"wp-block-heading\"><strong>Izra\u0111en za eleganciju: Rust Tint Clamshell dizajn<\/strong><\/h2>\n\n<p>GPD WIN Mini nije samo mo\u0107an u performansama; to je remek-djelo u dizajnu. Dizajn preklopne \u0161koljke obojen hr\u0111om, izra\u0111en od vrhunske aluminijske legure, ne samo da odi\u0161e elegancijom, ve\u0107 i osigurava izdr\u017eljivost. Kompaktni oblik od 6,6 x 4,2 x 1,02 in\u010da (16,8\u00d710,9\u00d72,6 cm) i te\u017eina od samo 520 g olak\u0161avaju uvla\u010denje u torbu ili d\u017eep, osiguravaju\u0107i da je izvrsnost igranja uvijek nadohvat ruke.  <\/p>\n\n<h2 class=\"wp-block-heading\"><strong>Za\u0161to biste trebali odabrati GPD WIN Mini<\/strong><\/h2>\n\n<p>Zaklju\u010dno, GPD WIN Mini prijenosno ra\u010dunalo za igranje nije samo ure\u0111aj za igranje; To je prijenosni ure\u0111aj koji jam\u010di beskompromisne performanse, iznimnu svestranost i impresivno iskustvo igranja koje nadma\u0161uje o\u010dekivanja. S vrhunskim hardverom, promi\u0161ljenim dizajnom i faktorom oblika koji redefinira prenosivost, ovo kompaktno ra\u010dunalo za igranje va\u0161 je ulaz u veli\u010dinu igranja u pokretu. Unaprijedite svoj \u017eivotni stil igranja uz GPD WIN Mini i krenite na putovanje koje bri\u0161e granice izme\u0111u stvarnosti i virtualnih svjetova.  <\/p>\n\n<h3 class=\"wp-block-heading\"><strong>Order Your GPD WIN Mini \u2013 In Stock &amp; Ready to Ship<\/strong><\/h3>\n\n<p>Secure the best-value ultra-portable on the market. Get flagship power without the flagship price tag.<\/p>\n\n<ul class=\"wp-block-list\">\n<li>Authentic GPD Product: Guaranteed genuine Zen 4 hardware.<\/li>\n\n\n\n<li>12-Month Official Warranty: Full support for your high-performance investment.<\/li>\n\n\n\n<li>Global Express Shipping: Tracked and insured delivery to your door.<\/li>\n<\/ul>\n\n<p>Istra\u017eite na\u0161u cjelovitu recenziju GPD WIN Mini <a href=\"https:\/\/droix.net\/blogs\/gpd-win-mini-review\/\">ovdje<\/a> . Zanima vas GPD G1 eGPU priklju\u010dna stanica za pobolj\u0161anje performansi igranja? Zaronite u na\u0161u detaljnu recenziju GPD G1 eGPU priklju\u010dne stanice <a href=\"https:\/\/droix.net\/blogs\/gpd-g1-egpu-docking-station-review\/\">ovdje<\/a> .<\/p>\n","protected":false},"excerpt":{"rendered":"<ul>\n<li>CPU: AMD Ryzen 5 \/ 7<strong> 7640U \/ 7840U <\/strong> <\/li>\n<li>GPU: AMD Radeon<strong> 760M \/ 780M<\/strong><\/li>\n<li>RAM: do<strong> 64 GB LPDDR5 @ 6400 MT\/s<\/strong><\/li>\n<li>POHRANA: do <strong>2TB<\/strong> <strong>Gen 4<\/strong> PCI-E NVMe SSD<\/li>\n<li>POVEZIVANJE: Podr\u0161ka za<strong> Wi-Fi 6 i<\/strong> Bluetooth <strong>5.2<\/strong><\/li>\n<\/ul>\n[cg_accordion title=\"PODACI O PLA\u0106ANJU\"]<\/p>\n<p>Koristimo najnoviju tehnologiju u obradi pla\u0107anja, koja vam omogu\u0107uje naplatu putem va\u0161e debitne\/kreditne kartice ili PayPal-a za brzo i sigurno iskustvo.[\/cg_accordion]\n[cg_accordion title=\"JAMSTVO\"]<\/p>\n<p>2 godine jamstva <a href=\"https:\/\/droix.net\/\" target=\"_blank\" rel=\"nofollow noopener\">tvrtke DROIX Global<\/a> za va\u0161 mir[\/cg_accordion]\n[cg_accordion title=\"OSIGURANJE KVALITETE I ISPITIVANJE PRIJE OTPREME\"]<\/p>\n<p>Osiguravanje zadovoljstva kupaca na najvi\u0161oj razini: Svaki ure\u0111aj prolazi rigorozno testiranje i vi\u0161estruku provjeru kvalitete prije slanja. Na\u0161 predani tim provjerava performanse, funkcionalnost i integritet komponenti kako bi jam\u010dio da je va\u0161 GPD ure\u0111aj u savr\u0161enom radnom stanju po dolasku, pru\u017eaju\u0107i vam povjerenje i mir. [\/cg_accordion]\n[cg_accordion title=\"CIJENE, POREZI I DOSTAVA\"]<\/p>\n<p><strong><u>Bilje\u0161ka:<\/u><\/strong><\/p>\n<ul>\n<li>Kupci u Sjedinjenim Ameri\u010dkim Dr\u017eavama: Prikazana cijena NE uklju\u010duje POREZ niti carine. Odgovornost za carinjenje i pla\u0107anje svih povezanih poreza\/carina le\u017ei na kupcu. <\/li>\n<li>Kupci iz EU-a: Prikazana cijena uklju\u010duje primjenjivi POREZ, koji mo\u017ee iznositi do 25%, ovisno o va\u0161oj zemlji.<\/li>\n<li>Kupci u Kanadi: Prikazana cijena uklju\u010duje primjenjive poreze, koji mogu uklju\u010divati 5% GST-a i dodatne pokrajinske poreze na promet (PST), uskla\u0111eni porez na promet (HST) ili porez na promet u Quebecu (QST), ovisno o va\u0161oj pokrajini.<\/li>\n<\/ul>\n<p><strong>SAMO za kupce iz EU-a:<\/strong> Ekspresni DDP (isporu\u010dena carina pla\u0107ena). To zna\u010di: <\/p>\n<ul>\n<li>Sve carine i porezi uklju\u010deni su u cijenu prikazanu na stranici proizvoda.<\/li>\n<li>Ne\u0107ete morati pla\u0107ati nikakve dodatne tro\u0161kove po isporuci.<\/li>\n<li>U rijetkim slu\u010dajevima problema povezanih s carinom, na\u0161 tim \u0107e voditi postupak carinjenja u va\u0161e ime kako bi osigurao nesmetano iskustvo isporuke.<\/li>\n<p>Va\u017ene informacije o povratima:<\/p>\n<li>Ako odlu\u010dite vratiti narud\u017ebu ili zatra\u017eiti povrat novca, imajte na umu da se porezi i carine pla\u0107eni u va\u0161e ime prema uvjetima DDP-a ne mogu vratiti.<\/li>\n<p>Za detaljne informacije pogledajte <a href=\"https:\/\/droix.net\/terms-and-conditions\/\" target=\"_blank\" rel=\"nofollow noopener\">na\u0161e Uvjete i odredbe<\/a> .\n<\/ul>\n<p>[\/cg_accordion]\n[cg_accordion title=\"KORISNI\u010cKA PODR\u0160KA\"]<\/p>\n<p>Imate pitanje? Kratak tekst dijeli nas od rje\u0161avanja va\u0161eg problema! <\/p>\n<p>Za detaljne informacije pogledajte <a href=\"https:\/\/gpdstore.net\/hr\/terms-of-service\/\" target=\"_blank\" rel=\"nofollow noopener\">na\u0161e Uvjete i odredbe<\/a> .\n<\/ul>\n<p>[\/cg_accordion]\n[cg_accordion title=\"\u0160TO JE UKLJU\u010cENO\"]<\/p>\n<ul>\n<li>1x GPD WIN Mini<\/li>\n<li>1x USB-C kabel<\/li>\n<li>1x utika\u010d za napajanje<\/li>\n<li>1x remen za no\u0161enje<\/li>\n<li>1x USB C &gt; A pretvara\u010d<\/li>\n<li>1x Korisni\u010dki priru\u010dnik<\/li>\n<\/ul>\n<p>[\/cg_accordion]\n","protected":false},"featured_media":228136,"template":"","meta":{"_acf_changed":false},"product_brand":[],"product_cat":[17567],"product_tag":[16619,17784],"woo-feed-brand":[5607],"class_list":{"0":"post-228116","1":"product","2":"type-product","3":"status-publish","4":"has-post-thumbnail","6":"product_cat-gpd-rucno-racunalo-za-igranje","7":"product_tag-13xmsale-hr","8":"product_tag-gpd-win-mini-hr","9":"product_shipping_class-premium","10":"pa_bluetooth-5-2-hr","11":"pa_brand-gpd","12":"pa_graphics-gpu-model-intel-iris-xe-grafika-hr","13":"pa_graphics-gpu-model-radeon-760m-hr","14":"pa_i-o-video-1x-oculink-hr","15":"pa_i-o-video-putem-1x-usb-3-2-gen-2-type-c","16":"pa_i-o-video-putem-1x-usb-4-0-type-c-40-gb-s","17":"pa_memory-ram-capacity-16-gb-hr","18":"pa_memory-ram-capacity-32-gb-hr","19":"pa_memory-ram-capacity-64-gb-hr","20":"pa_memory-ram-technology-lpddr5-hr","21":"pa_processor-cpu-model-amd-ryzen-5-7640u","22":"pa_processor-cpu-model-amd-ryzen-7-7840u","23":"pa_storage-capacity-1-tb-hr","24":"pa_storage-capacity-4-tb-hr","25":"pa_storage-capacity-512-gb-hr","26":"pa_storage-technology-pcie-4-generacija","27":"pa_wi-fi-wi-fi-6-hr","28":"woo-feed-brand-gpd-hr","30":"first","31":"outofstock","32":"sale","33":"taxable","34":"shipping-taxable","35":"purchasable","36":"product-type-variable","37":"has-default-attributes"},"acf":[],"aioseo_notices":[],"_links":{"self":[{"href":"https:\/\/gpdstore.net\/hr\/wp-json\/wp\/v2\/product\/228116","targetHints":{"allow":["GET"]}}],"collection":[{"href":"https:\/\/gpdstore.net\/hr\/wp-json\/wp\/v2\/product"}],"about":[{"href":"https:\/\/gpdstore.net\/hr\/wp-json\/wp\/v2\/types\/product"}],"wp:featuredmedia":[{"embeddable":true,"href":"https:\/\/gpdstore.net\/hr\/wp-json\/wp\/v2\/media\/228136"}],"wp:attachment":[{"href":"https:\/\/gpdstore.net\/hr\/wp-json\/wp\/v2\/media?parent=228116"}],"wp:term":[{"taxonomy":"product_brand","embeddable":true,"href":"https:\/\/gpdstore.net\/hr\/wp-json\/wp\/v2\/product_brand?post=228116"},{"taxonomy":"product_cat","embeddable":true,"href":"https:\/\/gpdstore.net\/hr\/wp-json\/wp\/v2\/product_cat?post=228116"},{"taxonomy":"product_tag","embeddable":true,"href":"https:\/\/gpdstore.net\/hr\/wp-json\/wp\/v2\/product_tag?post=228116"},{"taxonomy":"woo-feed-brand","embeddable":true,"href":"https:\/\/gpdstore.net\/hr\/wp-json\/wp\/v2\/woo-feed-brand?post=228116"}],"curies":[{"name":"wp","href":"https:\/\/api.w.org\/{rel}","templated":true}]}}