{"id":208846,"date":"2023-03-26T17:56:24","date_gmt":"2023-03-26T17:56:24","guid":{"rendered":"https:\/\/gpdstore.net\/Bez%20kategorije\/gpd-win-max-2021-gaming-rucno-racunalo\/"},"modified":"2025-12-23T10:32:14","modified_gmt":"2025-12-23T10:32:14","slug":"gpd-win-max-2021","status":"publish","type":"product","link":"https:\/\/gpdstore.net\/hr\/product\/gpd-win-max-2021\/","title":{"rendered":"GPD WIN MAX 2021 ru\u010dno ra\u010dunalo za igranje"},"content":{"rendered":"\n<p>GPD WIN MAX 2021 je gaming ultrabook koji je dizajniran za PC igranje u pokretu. Ovaj mo\u0107ni ure\u0111aj dolazi u dvije verzije, jedna s Intel\u00ae Core\u2122 i7-1195G7 procesorom, a druga s AMD Ryzen\u2122 7 4800U procesorom. Osim razli\u010ditih opcija CPU-a, obje verzije ure\u0111aja su potpuno iste.<\/p>\n\n<p>U GPD Storeu ponosni smo \u0161to mo\u017eemo ponuditi GPD WIN MAX 2021 igra\u010dima koji \u017eele ru\u010dni ure\u0111aj za PC igranje visokih performansi koji mogu ponijeti sa sobom bilo gdje. Ovaj ultrabook savr\u0161en je za igra\u010de koji \u017eele u\u017eivati u svojim omiljenim igrama u pokretu, bez \u017ertvovanja performansi ili kvalitete.<\/p>\n\n<p>GPD WIN MAX 2021 mo\u0107an je gaming ultrabook koji ima 8.0-in\u010dni IPS zaslon osjetljiv na dodir rezolucije 1280 x 800 piksela. Ure\u0111aj dolazi s integriranom Intel\u00ae Iris\u00ae Xe grafikom ili AMD Radeon\u2122 grafikom, \u0161to ga \u010dini savr\u0161enim za pokretanje zahtjevnih igara i aplikacija.<\/p>\n\n<p>\u0160to se ti\u010de procesorske snage, GPD WIN MAX 2021 dostupan je s procesorom Intel\u00ae Core\u2122 i7-1195G7 ili AMD Ryzen\u2122 7 4800U CPU-om. Ovi sna\u017eni procesori osiguravaju da se ure\u0111aj s lako\u0107om nosi i s najzahtjevnijim igrama i aplikacijama.<\/p>\n\n<p>GPD WIN MAX 2021 tako\u0111er ima 16 GB LPDDR4X 4266 MT\/s RAM-a i 1 TB M.2 NVMe SSD pohrana, osiguravaju\u0107i da imate dovoljno prostora za pohranu igara i drugih podataka. Ure\u0111aj tako\u0111er ima razne priklju\u010dke, uklju\u010duju\u0107i USB Type-C priklju\u010dak, USB 3.0 priklju\u010dak, HDMI priklju\u010dak i 3,5 mm priklju\u010dak za slu\u0161alice.<\/p>\n\n<p>Jedna od istaknutih zna\u010dajki GPD WIN MAX 2021 je njegova kompaktna veli\u010dina. Unato\u010d tome \u0161to je mo\u0107an ultrabook, ure\u0111aj ima dimenzije samo 8.5 x 5.7 x 1.1 in\u010da i te\u017eak samo 1.5 funti. To olak\u0161ava no\u0161enje sa sobom kamo god idete, bilo da putujete ili samo \u017eelite u\u017eivati u svojim omiljenim igrama dok ste na kau\u010du.<\/p>\n\n<p>GPD WIN MAX 2021 tako\u0111er ima ugra\u0111eni kontroler za igre, zajedno s D-padom, analognim palicama i tipkama za okidanje. To olak\u0161ava igranje omiljenih igara bez potrebe za povezivanjem vanjskog kontrolera. Ure\u0111aj tako\u0111er ima punu QWERTY tipkovnicu, \u0161to olak\u0161ava tipkanje i navigaciju kroz izbornike.<\/p>\n\n<p>U GPD Storeu vjerujemo da je GPD WIN MAX 2021 savr\u0161en ultrabook za igra\u010de koji \u017eele ru\u010dni ure\u0111aj za igranje na ra\u010dunalu visokih performansi koji mogu ponijeti sa sobom bilo gdje. Ovaj mo\u0107ni ure\u0111aj savr\u0161en je za igra\u010de koji \u017eele u\u017eivati u svojim omiljenim igrama u pokretu, bez \u017ertvovanja performansi ili kvalitete.<\/p>\n\n<p>Bilo da ste povremeni igra\u010d ili hardcore igra\u010d, GPD WIN MAX 2021 savr\u0161en je ure\u0111aj za vas. Sa svojim sna\u017enim procesorom, visokokvalitetnom grafikom i kompaktnom veli\u010dinom, to je ultimativni ultrabook za PC igranje u pokretu. Pa za\u0161to \u010dekati? Posjetite GPD Store danas i do\u010depajte se GPD WIN MAX 2021.<\/p>\n","protected":false},"excerpt":{"rendered":"<ul>\n<li>AMD <strong>Ryzen 7 6800U<\/strong> @2.7GHz TDP 15-28W<\/li>\n<li>AMD Radeon 680M <strong>12 CU @2200 MHz<\/strong><\/li>\n<li><strong>do 32 GB LPDDR5-6400 MT\/s<\/strong><\/li>\n<li><strong>do 2 TB<\/strong> Brzi PCI-E <strong>NVMe<\/strong> SSD<\/li>\n<li>Podr\u0161ka za WiFi 6 i Bluetooth <strong>5.2<\/strong> <\/li>\n<\/ul>\n<p> [cg_accordion title=\"PODACI O PLA\u0106ANJU\"] Koristimo najnoviju tehnologiju u obradi pla\u0107anja, koja vam omogu\u0107uje naplatu putem Apple Paya, Google Paya, va\u0161e debitne\/kreditne kartice, PayPal ili BNPL metoda kao \u0161to su Klarna, Affirm ili AfterPay za brzo i sigurno iskustvo.[\/cg_accordion] 2 [cg_accordion title=\"JAMSTVO\"] godine jamstva <a href=\"https:\/\/droix.net\/\" target=\"_blank\" rel=\"nofollow noopener\">tvrtke DROIX Global<\/a> za va\u0161 mir[\/cg_accordion] [cg_accordion title=\"PRICING, TAXES AND SHIPPING\"] <strong><br \/>\n  <u>Bilje\u0161ka:<\/u><br \/>\n<\/strong><\/p>\n<ul>\n<li>Kupci u Sjedinjenim Ameri\u010dkim Dr\u017eavama: Prikazana cijena NE uklju\u010duje POREZ niti carine. Odgovornost za carinjenje i pla\u0107anje svih povezanih poreza\/carina le\u017ei na kupcu. <\/li>\n<li>Kupci iz EU-a: Prikazana cijena uklju\u010duje primjenjivi POREZ, koji mo\u017ee iznositi do 25%, ovisno o va\u0161oj zemlji.<\/li>\n<li>Kupci u Kanadi: Prikazana cijena uklju\u010duje primjenjive poreze, koji mogu uklju\u010divati 5% GST-a i dodatne pokrajinske poreze na promet (PST), uskla\u0111eni porez na promet (HST) ili porez na promet u Quebecu (QST), ovisno o va\u0161oj pokrajini.<\/li>\n<\/ul>\n<p><strong>SAMO za kupce iz EU-a:<\/strong> Ekspresni DDP (isporu\u010dena carina pla\u0107ena). To zna\u010di: <\/p>\n<ul>\n<li style=\"list-style-type: none;\">\n<ul>\n<li>Sve carine i porezi uklju\u010deni su u cijenu prikazanu na stranici proizvoda.<\/li>\n<li>Ne\u0107ete morati pla\u0107ati nikakve dodatne tro\u0161kove po isporuci.<\/li>\n<li>U rijetkim slu\u010dajevima problema povezanih s carinom, na\u0161 tim \u0107e voditi postupak carinjenja u va\u0161e ime kako bi osigurao nesmetano iskustvo isporuke.<\/li>\n<p>Va\u017ene informacije o povratima:<\/p>\n<li>Ako odlu\u010dite vratiti narud\u017ebu ili zatra\u017eiti povrat novca, imajte na umu da se porezi i carine pla\u0107eni u va\u0161e ime prema uvjetima DDP-a ne mogu vratiti.<\/li>\n<p>Molimo pogledajte na\u0161e<\/ul>\n<\/li>\n<\/ul>\n<p><a href=\"https:\/\/gpdstore.net\/hr\/terms-of-service\/\" target=\"_blank\" rel=\"nofollow noopener\">Uvjeti i odredbe<\/a><\/p>\n<ul>za detaljne informacije.<\/ul>\n<p>[\/cg_accordion] [cg_accordion title=\"KORISNI\u010cKA PODR\u0160KA\"]  Imate pitanje? Kratak tekst dijeli nas od rje\u0161avanja va\u0161eg problema!   [\/cg_accordion] [cg_accordion title=\"WHAT'S INCLUDED\"]<\/p>\n<ul>\n<li>1x GPD WIN MAX 2021<\/li>\n<li>1x adapter za napajanje<\/li>\n<li>1x USB Type-C kabel<\/li>\n<li>1x Korisni\u010dki priru\u010dnik<\/li>\n<\/ul>\n<p>[\/cg_accordion]<\/p>\n","protected":false},"featured_media":208849,"template":"","meta":{"_acf_changed":false},"product_brand":[],"product_cat":[17567],"product_tag":[9263],"woo-feed-brand":[5607],"class_list":{"0":"post-208846","1":"product","2":"type-product","3":"status-publish","4":"has-post-thumbnail","6":"product_cat-gpd-rucno-racunalo-za-igranje","7":"product_tag-gpd-win-max-hr","8":"product_shipping_class-premium","9":"pa_bluetooth-5-hr","10":"pa_bluetooth-5-2-hr","11":"pa_display-type-h-ips-hr","12":"pa_graphics-gpu-model-intel-iris-xe-grafika-hr","13":"pa_graphics-gpu-model-radeon-grafika-hr","14":"pa_i-o-video-1x-hdmi-2-0b-hr","15":"pa_memory-ram-capacity-16-gb-hr","16":"pa_memory-ram-technology-lpddr4x-hr","17":"pa_processor-cpu-model-amd-ryzen-7-4800u","18":"pa_processor-cpu-model-intel-core-i7-1195g7","19":"pa_storage-capacity-1-tb-hr","20":"pa_wi-fi-wi-fi-6-hr","21":"woo-feed-brand-gpd-hr","23":"first","24":"outofstock","25":"sale","26":"taxable","27":"shipping-taxable","28":"purchasable","29":"product-type-variable","30":"has-default-attributes"},"acf":[],"aioseo_notices":[],"_links":{"self":[{"href":"https:\/\/gpdstore.net\/hr\/wp-json\/wp\/v2\/product\/208846","targetHints":{"allow":["GET"]}}],"collection":[{"href":"https:\/\/gpdstore.net\/hr\/wp-json\/wp\/v2\/product"}],"about":[{"href":"https:\/\/gpdstore.net\/hr\/wp-json\/wp\/v2\/types\/product"}],"wp:featuredmedia":[{"embeddable":true,"href":"https:\/\/gpdstore.net\/hr\/wp-json\/wp\/v2\/media\/208849"}],"wp:attachment":[{"href":"https:\/\/gpdstore.net\/hr\/wp-json\/wp\/v2\/media?parent=208846"}],"wp:term":[{"taxonomy":"product_brand","embeddable":true,"href":"https:\/\/gpdstore.net\/hr\/wp-json\/wp\/v2\/product_brand?post=208846"},{"taxonomy":"product_cat","embeddable":true,"href":"https:\/\/gpdstore.net\/hr\/wp-json\/wp\/v2\/product_cat?post=208846"},{"taxonomy":"product_tag","embeddable":true,"href":"https:\/\/gpdstore.net\/hr\/wp-json\/wp\/v2\/product_tag?post=208846"},{"taxonomy":"woo-feed-brand","embeddable":true,"href":"https:\/\/gpdstore.net\/hr\/wp-json\/wp\/v2\/woo-feed-brand?post=208846"}],"curies":[{"name":"wp","href":"https:\/\/api.w.org\/{rel}","templated":true}]}}