{"id":206331,"date":"2023-03-26T17:49:20","date_gmt":"2023-03-26T17:49:20","guid":{"rendered":"https:\/\/gpdstore.net\/Bez%20kategorije\/biwin-2230-nvme-pohrana\/"},"modified":"2025-12-23T10:31:00","modified_gmt":"2025-12-23T10:31:00","slug":"biwin-2230-nvme-storage","status":"publish","type":"product","link":"https:\/\/gpdstore.net\/hr\/product\/biwin-2230-nvme-storage\/","title":{"rendered":"BiWin 2230 NVMe pohrana"},"content":{"rendered":"\n<p>Tra\u017eite nadogradnju pohrane visokih performansi za svoj GPD WIN MAX 2 ili Valve Steam Deck? Ne tra\u017eite dalje od BiWin 22*30 PCI-e NVMe SSD! Ovaj kompaktni, ali sna\u017eni SSD dizajniran je za pru\u017eanje munjevito brzih brzina \u010ditanja i pisanja, osiguravaju\u0107i brzo u\u010ditavanje i nesmetano u\u010ditavanje va\u0161ih omiljenih igara i aplikacija.<\/p>\n\n<p>Sa samo 22 mm x 30 mm, BiWin 22*30 jedan je od najmanjih NVMe SSD-ova na dana\u0161njem tr\u017ei\u0161tu. Ali neka vas njegova kompaktna veli\u010dina ne zavara &#8211; ovaj SSD ima ozbiljan udarac! S brzinama \u010ditanja do 3500 MB\/s i brzinama pisanja do 3000 MB\/s, vi\u0161e je nego sposoban dr\u017eati korak \u010dak i s najzahtjevnijim igrama i aplikacijama.<\/p>\n\n<p>Jedna od najve\u0107ih prednosti BiWin 22<em>30 je njegova kompatibilnost s GPD WIN MAX 2 i Valveovim Steam Deckom. Ako \u017eelite nadograditi pohranu na bilo kojem od ovih ure\u0111aja, BiWin 22<\/em>30 je savr\u0161en izbor. Jednostavno instalirajte SSD u NVMe utor ure\u0111aja i spremni ste! <\/p>\n\n<p>Jo\u0161 jedna prednost BiWin 22*30 je njegova kompatibilnost sa \u0161irokim rasponom operativnih sustava, uklju\u010duju\u0107i Windows, Linux i macOS. To ga \u010dini svestranim izborom za svakoga tko \u017eeli nadograditi svoju pohranu, bez obzira na sustav koji koristi.<\/p>\n\n<p>Naravno, jedno od najboljih mjesta za kupnju BiWin 22*30 je u GPD trgovini. Kao vode\u0107i prodava\u010d GPD proizvoda, GPD Store savr\u0161eno je mjesto za pronala\u017eenje svih dodataka i nadogradnji koje su vam potrebne kako biste maksimalno iskoristili svoj GPD WIN MAX 2 ili Steam Deck. A uz brzu dostavu, izvrsne cijene i vrhunsku korisni\u010dku uslugu, mo\u017eete kupovati s povjerenjem znaju\u0107i da dobivate najbolju mogu\u0107u ponudu.<\/p>\n\n<p>Dakle, ako ste na tr\u017ei\u0161tu za nadogradnju NVMe SSD-a visokih performansi za svoj GPD WIN MAX 2 ili Steam Deck, ne tra\u017eite dalje od BiWin 22*30. Sa svojom kompaktnom veli\u010dinom, munjevitom brzinom i \u0161irokom kompatibilno\u0161\u0107u, savr\u0161en je izbor za svakoga tko \u017eeli podi\u0107i svoje iskustvo igranja i rada na ra\u010dunalu na vi\u0161u razinu. A s GPD trgovinom udaljenom samo jedan klik, nikada nije bilo lak\u0161e nabaviti proizvode koji su vam potrebni za uspjeh!<\/p>\n","protected":false},"excerpt":{"rendered":"<ul>\n<li>Kompatibilan s Valve Steam Deck, GPD WIN Max 2, GPD WIN 4<\/li>\n<li>\u010citanje do 3200 MB\/s | 2600 MB\/s Pisanje<\/li>\n<li>Latencija \u010ditanja od 0,107 ms | 0.109ms Ka\u0161njenje pisanja<\/li>\n<li>Podr\u0161ka za odvoz sme\u0107a, TRIM i moderno stanje pripravnosti<\/li>\n<\/ul>\n[cg_accordion title=\"PODACI O PLA\u0106ANJU\"]<\/p>\n<p>Koristimo najnoviju tehnologiju u obradi pla\u0107anja, koja vam omogu\u0107uje naplatu putem Apple Paya, Google Paya, va\u0161e debitne\/kreditne kartice, PayPal ili BNPL metoda kao \u0161to su Klarna, Affirm ili AfterPay za brzo i sigurno iskustvo.[\/cg_accordion]\n[cg_accordion title=\"JAMSTVO\"]<\/p>\n<p>2 godine jamstva <a href=\"https:\/\/droix.net\/\" target=\"_blank\" rel=\"nofollow noopener\">tvrtke DROIX Global<\/a> za va\u0161 mir[\/cg_accordion]\n[cg_accordion title=\"CIJENE, POREZI I DOSTAVA\"]<\/p>\n<p><strong><u>Bilje\u0161ka:<\/u><\/strong><\/p>\n<ul>\n<li>Kupci u Sjedinjenim Ameri\u010dkim Dr\u017eavama: Prikazana cijena NE uklju\u010duje POREZ niti carine. Odgovornost za carinjenje i pla\u0107anje svih povezanih poreza\/carina le\u017ei na kupcu. <\/li>\n<li>Kupci iz EU-a: Prikazana cijena uklju\u010duje primjenjivi POREZ, koji mo\u017ee iznositi do 25%, ovisno o va\u0161oj zemlji.<\/li>\n<li>Kupci u Kanadi: Prikazana cijena uklju\u010duje primjenjive poreze, koji mogu uklju\u010divati 5% GST-a i dodatne pokrajinske poreze na promet (PST), uskla\u0111eni porez na promet (HST) ili porez na promet u Quebecu (QST), ovisno o va\u0161oj pokrajini.<\/li>\n<\/ul>\n<p><strong>SAMO za kupce iz EU-a:<\/strong> Ekspresni DDP (isporu\u010dena carina pla\u0107ena). To zna\u010di: <\/p>\n<ul>\n<li>Sve carine i porezi uklju\u010deni su u cijenu prikazanu na stranici proizvoda.<\/li>\n<li>Ne\u0107ete morati pla\u0107ati nikakve dodatne tro\u0161kove po isporuci.<\/li>\n<li>U rijetkim slu\u010dajevima problema povezanih s carinom, na\u0161 tim \u0107e voditi postupak carinjenja u va\u0161e ime kako bi osigurao nesmetano iskustvo isporuke.<\/li>\n<p>Va\u017ene informacije o povratima:<\/p>\n<li>Ako odlu\u010dite vratiti narud\u017ebu ili zatra\u017eiti povrat novca, imajte na umu da se porezi i carine pla\u0107eni u va\u0161e ime prema uvjetima DDP-a ne mogu vratiti.<\/li>\n<p>Za detaljne informacije pogledajte <a href=\"https:\/\/gpdstore.net\/hr\/terms-of-service\/\" target=\"_blank\" rel=\"nofollow noopener\">na\u0161e Uvjete i odredbe<\/a> .\n<\/ul>\n<p>[\/cg_accordion]\n[cg_accordion title=\"KORISNI\u010cKA PODR\u0160KA\"]<\/p>\n<p>Imate pitanje? Kratak tekst dijeli nas od rje\u0161avanja va\u0161eg problema!<br \/>\n[\/cg_accordion]\n[cg_accordion title=\"\u0160TO JE UKLJU\u010cENO\"]<\/p>\n<ul>\n<li>1x BiWIN 2230 NVMe<\/li>\n<\/ul>\n<p>[\/cg_accordion]\n","protected":false},"featured_media":206333,"template":"","meta":{"_acf_changed":false},"product_brand":[],"product_cat":[5406],"product_tag":[9072],"woo-feed-brand":[],"class_list":{"0":"post-206331","1":"product","2":"type-product","3":"status-publish","4":"has-post-thumbnail","6":"product_cat-pribor","7":"product_tag-hardware-hr","8":"product_shipping_class-low-end","9":"pa_accessory-type-dodaci","11":"first","12":"outofstock","13":"sold-individually","14":"taxable","15":"shipping-taxable","16":"purchasable","17":"product-type-simple"},"acf":[],"aioseo_notices":[],"_links":{"self":[{"href":"https:\/\/gpdstore.net\/hr\/wp-json\/wp\/v2\/product\/206331","targetHints":{"allow":["GET"]}}],"collection":[{"href":"https:\/\/gpdstore.net\/hr\/wp-json\/wp\/v2\/product"}],"about":[{"href":"https:\/\/gpdstore.net\/hr\/wp-json\/wp\/v2\/types\/product"}],"wp:featuredmedia":[{"embeddable":true,"href":"https:\/\/gpdstore.net\/hr\/wp-json\/wp\/v2\/media\/206333"}],"wp:attachment":[{"href":"https:\/\/gpdstore.net\/hr\/wp-json\/wp\/v2\/media?parent=206331"}],"wp:term":[{"taxonomy":"product_brand","embeddable":true,"href":"https:\/\/gpdstore.net\/hr\/wp-json\/wp\/v2\/product_brand?post=206331"},{"taxonomy":"product_cat","embeddable":true,"href":"https:\/\/gpdstore.net\/hr\/wp-json\/wp\/v2\/product_cat?post=206331"},{"taxonomy":"product_tag","embeddable":true,"href":"https:\/\/gpdstore.net\/hr\/wp-json\/wp\/v2\/product_tag?post=206331"},{"taxonomy":"woo-feed-brand","embeddable":true,"href":"https:\/\/gpdstore.net\/hr\/wp-json\/wp\/v2\/woo-feed-brand?post=206331"}],"curies":[{"name":"wp","href":"https:\/\/api.w.org\/{rel}","templated":true}]}}