{"id":205782,"date":"2023-03-26T17:20:14","date_gmt":"2023-03-26T17:20:14","guid":{"rendered":"https:\/\/gpdstore.net\/Bez%20kategorije\/gpd-win-max-2-rucno-racunalo-za-igranje\/"},"modified":"2026-04-02T03:46:00","modified_gmt":"2026-04-02T03:46:00","slug":"gpd-win-max-2","status":"publish","type":"product","link":"https:\/\/gpdstore.net\/hr\/product\/gpd-win-max-2\/","title":{"rendered":"GPD WIN MAX 2 ru\u010dno ra\u010dunalo za igranje"},"content":{"rendered":"\n<p>GPD WIN MAX 2, dostupan u GPD Storeu, impresivan je Ultrabook koji kombinira rad i igru na jednom ure\u0111aju. Ovo ru\u010dno ra\u010dunalo za igranje mo\u017ee se pohvaliti AMD Ryzen 7 6800U procesorom visokih performansi s osam jezgri i \u0161esnaest niti, sposobnim dose\u0107i do 4.7 GHz izme\u0111u podesivog TDP-a od 15 W-28 W. AMD Radeon 680M pru\u017ea do 2,2 GHz snage, osiguravaju\u0107i glatke slike na 10,1&#8243; IPS zaslonu osjetljivom na dodir.  <\/p>\n\n<p>Kompaktnih dimenzija 8,9 x 6,2 x 0,9 in\u010da (22,7 \u00d7 16,0 \u00d7 2,3 cm) i te\u017eine ne\u0161to vi\u0161e od kilograma, GPD WIN MAX 2 vrlo je prenosiv i lako se mo\u017ee smjestiti u torbu ili torbicu za prijenosno ra\u010dunalo. Ovo ru\u010dno ra\u010dunalo za igranje podr\u017eava do 32 GB LPDDR5-6400 MT\/s RAM-a i do 2 TB SSD, s dodatnim utorom na stra\u017enjoj strani za do 2 TB m.2 PCIe 3.0 SSD.<\/p>\n\n<p>GPD WIN MAX 2 tako\u0111er dolazi opremljen potpunim kontrolama za igranje, uklju\u010duju\u0107i analogne palice s dvostrukim senzorom hallovog efekta, D-Pad za igranje i okida\u010de s hallovim efektom. Na stra\u017enjoj strani nalaze se \u010dak i dva dodatna gumba koja se mogu konfigurirati po va\u0161em ukusu. Ovaj Ultrabook tako\u0111er se mo\u017ee pohvaliti brzim WiFi 6 i Bluetooth 5.2, s opcionalnom 4G LTE podr\u0161kom za mobilne podatke.<\/p>\n\n<p>GPD WIN MAX 2 napaja Li-polimerna baterija od 67 Wh, koja pru\u017ea do 14 sati lagane upotrebe, 6-8 sati umjerene upotrebe i 3 sata intenzivne upotrebe. Osim toga, s Thunderbolt 4 priklju\u010dkom mo\u017eete spojiti vanjsku grafi\u010dku karticu (eGPU) za jo\u0161 br\u017ee performanse. Postoji \u010dak i ugra\u0111eni HDMI 2.1 za prikaz s dva monitora.<\/p>\n\n<p>Sve u svemu, GPD WIN MAX 2 je iznimno ru\u010dno ra\u010dunalo za igranje koje neprimjetno prelazi izme\u0111u posla i igre, s izvrsnim trajanjem baterije. Bilo da radite na zahtjevnim uredskim dokumentima ili se prepu\u0161tate svojim omiljenim AAA igrama, ovaj Ultrabook \u0107e vas pokriti.<\/p>\n\n<p><\/p>\n","protected":false},"excerpt":{"rendered":"<ul>\n<li>AMD <strong>Ryzen 7 6800U<\/strong> @2.7GHz TDP 15-28W<\/li>\n<li>AMD Radeon 680M <strong>12 CU @2200 MHz<\/strong><\/li>\n<li><strong>do 32 GB LPDDR5-6400 MT\/s<\/strong><\/li>\n<li><strong>do 2 TB<\/strong> Brzi PCI-E <strong>NVMe<\/strong> SSD<\/li>\n<li>Podr\u0161ka za WiFi 6 i Bluetooth <strong>5.2<\/strong> <\/li>\n<\/ul>\n[cg_accordion title=\"PODACI O PLA\u0106ANJU\"]<\/p>\n<p>Koristimo najnoviju tehnologiju u obradi pla\u0107anja, koja vam omogu\u0107uje naplatu putem va\u0161e debitne\/kreditne kartice ili PayPal-a za brzo i sigurno iskustvo.[\/cg_accordion]\n[cg_accordion title=\"JAMSTVO\"]<\/p>\n<p>2 godine jamstva <a href=\"https:\/\/droix.net\/\" target=\"_blank\" rel=\"nofollow noopener\">tvrtke DROIX Global<\/a> za va\u0161 mir[\/cg_accordion]\n[cg_accordion title=\"CIJENE, POREZI I DOSTAVA\"]<\/p>\n<p><strong><u>Bilje\u0161ka:<\/u><\/strong><\/p>\n<ul>\n<li>Kupci u Sjedinjenim Ameri\u010dkim Dr\u017eavama: Prikazana cijena NE uklju\u010duje POREZ niti carine. Odgovornost za carinjenje i pla\u0107anje svih povezanih poreza\/carina le\u017ei na kupcu. <\/li>\n<li>Kupci iz EU-a: Prikazana cijena uklju\u010duje primjenjivi POREZ, koji mo\u017ee iznositi do 25%, ovisno o va\u0161oj zemlji.<\/li>\n<li>Kupci u Kanadi: Prikazana cijena uklju\u010duje primjenjive poreze, koji mogu uklju\u010divati 5% GST-a i dodatne pokrajinske poreze na promet (PST), uskla\u0111eni porez na promet (HST) ili porez na promet u Quebecu (QST), ovisno o va\u0161oj pokrajini.<\/li>\n<\/ul>\n<p><strong>SAMO za kupce iz EU-a:<\/strong> Ekspresni DDP (isporu\u010dena carina pla\u0107ena). To zna\u010di: <\/p>\n<ul>\n<li>Sve carine i porezi uklju\u010deni su u cijenu prikazanu na stranici proizvoda.<\/li>\n<li>Ne\u0107ete morati pla\u0107ati nikakve dodatne tro\u0161kove po isporuci.<\/li>\n<li>U rijetkim slu\u010dajevima problema povezanih s carinom, na\u0161 tim \u0107e voditi postupak carinjenja u va\u0161e ime kako bi osigurao nesmetano iskustvo isporuke.<\/li>\n<p>Va\u017ene informacije o povratima:<\/p>\n<li>Ako odlu\u010dite vratiti narud\u017ebu ili zatra\u017eiti povrat novca, imajte na umu da se porezi i carine pla\u0107eni u va\u0161e ime prema uvjetima DDP-a ne mogu vratiti.<\/li>\n<p>Za detaljne informacije pogledajte <a href=\"https:\/\/droix.net\/terms-and-conditions\/\" target=\"_blank\" rel=\"nofollow noopener\">na\u0161e Uvjete i odredbe<\/a> .\n<\/ul>\n<p>[\/cg_accordion]\n[cg_accordion title=\"KORISNI\u010cKA PODR\u0160KA\"]<\/p>\n<p>Imate pitanje? Kratak tekst dijeli nas od rje\u0161avanja va\u0161eg problema! <\/p>\n<p>Za detaljne informacije pogledajte <a href=\"https:\/\/gpdstore.net\/hr\/terms-of-service\/\" target=\"_blank\" rel=\"nofollow noopener\">na\u0161e Uvjete i odredbe<\/a> .\n<\/ul>\n<p>[\/cg_accordion]\n[cg_accordion title=\"\u0160TO JE UKLJU\u010cENO\"]<\/p>\n<ul>\n<li>1x GPD WIN MAX 2<\/li>\n<li>1x adapter za napajanje<\/li>\n<li>1x USB Type-C kabel<\/li>\n<li>1x Korisni\u010dki priru\u010dnik<\/li>\n<\/ul>\n<p>[\/cg_accordion]\n","protected":false},"featured_media":205783,"template":"","meta":{"_acf_changed":false},"product_brand":[],"product_cat":[17567],"product_tag":[6831],"woo-feed-brand":[5607],"class_list":{"0":"post-205782","1":"product","2":"type-product","3":"status-publish","4":"has-post-thumbnail","6":"product_cat-gpd-rucno-racunalo-za-igranje","7":"product_tag-gpd-win-max-2-hr","8":"product_shipping_class-premium","9":"pa_bluetooth-5-2-hr","10":"pa_display-type-h-ips-hr","11":"pa_graphics-gpu-model-radeon-680m-hr","12":"pa_i-o-video-1x-hdmi-2-1-hr","13":"pa_i-o-video-putem-1x-usb-4-0-type-c-40-gb-s","14":"pa_memory-ram-capacity-16-gb-hr","15":"pa_memory-ram-capacity-32-gb-hr","16":"pa_memory-ram-technology-lpddr5-hr","17":"pa_storage-capacity-1-tb-hr","18":"pa_storage-capacity-2tb-hr","19":"pa_wi-fi-wi-fi-6-hr","20":"woo-feed-brand-gpd-hr","22":"first","23":"outofstock","24":"taxable","25":"shipping-taxable","26":"purchasable","27":"product-type-variable","28":"has-default-attributes"},"acf":[],"aioseo_notices":[],"_links":{"self":[{"href":"https:\/\/gpdstore.net\/hr\/wp-json\/wp\/v2\/product\/205782","targetHints":{"allow":["GET"]}}],"collection":[{"href":"https:\/\/gpdstore.net\/hr\/wp-json\/wp\/v2\/product"}],"about":[{"href":"https:\/\/gpdstore.net\/hr\/wp-json\/wp\/v2\/types\/product"}],"wp:featuredmedia":[{"embeddable":true,"href":"https:\/\/gpdstore.net\/hr\/wp-json\/wp\/v2\/media\/205783"}],"wp:attachment":[{"href":"https:\/\/gpdstore.net\/hr\/wp-json\/wp\/v2\/media?parent=205782"}],"wp:term":[{"taxonomy":"product_brand","embeddable":true,"href":"https:\/\/gpdstore.net\/hr\/wp-json\/wp\/v2\/product_brand?post=205782"},{"taxonomy":"product_cat","embeddable":true,"href":"https:\/\/gpdstore.net\/hr\/wp-json\/wp\/v2\/product_cat?post=205782"},{"taxonomy":"product_tag","embeddable":true,"href":"https:\/\/gpdstore.net\/hr\/wp-json\/wp\/v2\/product_tag?post=205782"},{"taxonomy":"woo-feed-brand","embeddable":true,"href":"https:\/\/gpdstore.net\/hr\/wp-json\/wp\/v2\/woo-feed-brand?post=205782"}],"curies":[{"name":"wp","href":"https:\/\/api.w.org\/{rel}","templated":true}]}}