{"id":197748,"date":"2023-03-26T13:55:57","date_gmt":"2023-03-26T13:55:57","guid":{"rendered":"https:\/\/gpdstore.net\/Bez%20kategorije\/gpd-pocket-3-mini-prijenosno-racunalo\/"},"modified":"2026-01-07T00:09:27","modified_gmt":"2026-01-07T00:09:27","slug":"gpd-pocket-3","status":"publish","type":"product","link":"https:\/\/gpdstore.net\/hr\/product\/gpd-pocket-3\/","title":{"rendered":"GPD Pocket 3 mini prijenosno ra\u010dunalo"},"content":{"rendered":"\n<figure class=\"wp-block-video\"><video controls=\"\" poster=\"https:\/\/gpdstore.net\/wp-content\/uploads\/2023\/03\/s-l1600-2025-11-11T121147209.webp\" src=\"https:\/\/gpdstore.net\/wp-content\/uploads\/2023\/03\/kaezXFcAdRaf7bFG0dm_1100204901809_mp4_265_hd-1.mp4\"><\/video><\/figure>\n\n<div class=\"wp-block-columns is-layout-flex wp-container-core-columns-is-layout-28f84493 wp-block-columns-is-layout-flex\">\n<div class=\"wp-block-column is-layout-flow wp-block-column-is-layout-flow\" style=\"flex-basis:33.33%\">\n<figure class=\"wp-block-image size-full\"><a href=\"https:\/\/gpdstore.net\/wp-content\/uploads\/2023\/03\/Wholesale-Price-GPD-Pocket-3-Mini-Laptop-16GB-1TB-i7-GPD-Pocket-3jpg_.webp\"><img fetchpriority=\"high\" decoding=\"async\" width=\"800\" height=\"800\" src=\"https:\/\/gpdstore.net\/wp-content\/uploads\/2023\/03\/Wholesale-Price-GPD-Pocket-3-Mini-Laptop-16GB-1TB-i7-GPD-Pocket-3jpg_.webp\" alt=\"GPD Pocket 3, kompaktno i sna&#x17E;no mini prijenosno ra&#x10D;unalo dizajnirano za svestrano ra&#x10D;unalstvo i prenosivost.\" class=\"wp-image-1263941\" srcset=\"https:\/\/gpdstore.net\/wp-content\/uploads\/2023\/03\/Wholesale-Price-GPD-Pocket-3-Mini-Laptop-16GB-1TB-i7-GPD-Pocket-3jpg_.webp 800w, https:\/\/gpdstore.net\/wp-content\/uploads\/2023\/03\/Wholesale-Price-GPD-Pocket-3-Mini-Laptop-16GB-1TB-i7-GPD-Pocket-3jpg_-600x600.webp 600w, https:\/\/gpdstore.net\/wp-content\/uploads\/2023\/03\/Wholesale-Price-GPD-Pocket-3-Mini-Laptop-16GB-1TB-i7-GPD-Pocket-3jpg_-150x150.webp 150w, https:\/\/gpdstore.net\/wp-content\/uploads\/2023\/03\/Wholesale-Price-GPD-Pocket-3-Mini-Laptop-16GB-1TB-i7-GPD-Pocket-3jpg_-768x768.webp 768w, https:\/\/gpdstore.net\/wp-content\/uploads\/2023\/03\/Wholesale-Price-GPD-Pocket-3-Mini-Laptop-16GB-1TB-i7-GPD-Pocket-3jpg_-65x65.webp 65w, https:\/\/gpdstore.net\/wp-content\/uploads\/2023\/03\/Wholesale-Price-GPD-Pocket-3-Mini-Laptop-16GB-1TB-i7-GPD-Pocket-3jpg_-360x360.webp 360w, https:\/\/gpdstore.net\/wp-content\/uploads\/2023\/03\/Wholesale-Price-GPD-Pocket-3-Mini-Laptop-16GB-1TB-i7-GPD-Pocket-3jpg_-441x441.webp 441w, https:\/\/gpdstore.net\/wp-content\/uploads\/2023\/03\/Wholesale-Price-GPD-Pocket-3-Mini-Laptop-16GB-1TB-i7-GPD-Pocket-3jpg_-100x100.webp 100w\" sizes=\"(max-width: 800px) 100vw, 800px\" \/><\/a><\/figure>\n<\/div>\n\n\n\n<div class=\"wp-block-column is-layout-flow wp-block-column-is-layout-flow\" style=\"flex-basis:66.66%\">\n<h2 class=\"wp-block-heading\"><strong><br\/><\/strong><strong>GPD Pocket 3: Kompaktni sna\u017ean ure\u0111aj s<br\/> Performanse Intel Pentium Gold 7505<\/strong><\/h2>\n\n\n\n<p><strong>GPD Pocket 3<\/strong> sada je dostupan u pojednostavljenoj konfiguraciji s <a href=\"https:\/\/www.intel.com\/content\/www\/us\/en\/products\/sku\/208667\/intel-pentium-gold-7505-processor-4m-cache-up-to-3-50-ghz-with-ipu\/specifications.html\" target=\"_blank\" rel=\"noopener nofollow\" title=\"\">procesorom Intel Pentium Gold 7505.<\/a> S \u010detiri jezgre i osam niti te brzinama do 3,5 GHz, ovaj CPU pru\u017ea solidne performanse za svakodnevnu produktivnost i multitasking. <\/p>\n\n\n\n<p>Uparen sa 16 GB LPDDR4x RAM-a na 3733 MHz i brzim M.2 <a href=\"https:\/\/droix.net\/product\/ayn-odin-2-super-dock\/\" target=\"_blank\" rel=\"noopener nofollow\" title=\"\">NVMe<\/a> SSD-om, Pocket 3 pru\u017ea glatko iskustvo za zadatke poput ure\u0111ivanja dokumenata, pregledavanja weba, streaminga videa i laganog kreativnog rada. Njegov kompaktan dizajn i modularni sustav priklju\u010daka \u010dine ga idealnim za profesionalce i entuzijaste kojima je potreban sna\u017ean, ali prenosiv Windows ure\u0111aj. <\/p>\n\n\n\n<p>Bez obzira radite li na daljinu, putujete li ili vam je potrebno svestrano ultra-prijenosno ra\u010dunalo, GPD Pocket 3 s Intel Pentium Gold procesorom posti\u017ee savr\u0161enu ravnote\u017eu izme\u0111u performansi i prenosivosti.<\/p>\n<\/div>\n<\/div>\n\n<h2 class=\"wp-block-heading has-text-align-center\">Dizajnirano za profesionalce: Svestranost, kontrola i izvrsnost dizajna<\/h2>\n\n<div class=\"wp-block-columns is-layout-flex wp-container-core-columns-is-layout-28f84493 wp-block-columns-is-layout-flex\">\n<div class=\"wp-block-column is-layout-flow wp-block-column-is-layout-flow\">\n<figure class=\"wp-block-image size-full\"><img decoding=\"async\" width=\"300\" height=\"300\" src=\"https:\/\/gpdstore.net\/wp-content\/uploads\/2023\/03\/87affa8a-19ce-4c6d-891b-43840ae1d1f6__CR00300300_PT0_SX300_V1___.jpg\" alt=\"GPD Pocket 3 mini prijenosno ra&#x10D;unalo s rotiraju&#x107;im zaslonom od 180 stupnjeva i mogu&#x107;no&#x161;&#x107;u prevrtanja od 180 stupnjeva, nudi fleksibilne mogu&#x107;nosti gledanja i kori&#x161;tenja\" class=\"wp-image-1263942\" srcset=\"https:\/\/gpdstore.net\/wp-content\/uploads\/2023\/03\/87affa8a-19ce-4c6d-891b-43840ae1d1f6__CR00300300_PT0_SX300_V1___.jpg 300w, https:\/\/gpdstore.net\/wp-content\/uploads\/2023\/03\/87affa8a-19ce-4c6d-891b-43840ae1d1f6__CR00300300_PT0_SX300_V1___-150x150.jpg 150w, https:\/\/gpdstore.net\/wp-content\/uploads\/2023\/03\/87affa8a-19ce-4c6d-891b-43840ae1d1f6__CR00300300_PT0_SX300_V1___-65x65.jpg 65w, https:\/\/gpdstore.net\/wp-content\/uploads\/2023\/03\/87affa8a-19ce-4c6d-891b-43840ae1d1f6__CR00300300_PT0_SX300_V1___-100x100.jpg 100w\" sizes=\"(max-width: 300px) 100vw, 300px\" \/><\/figure>\n\n\n\n<h3 class=\"wp-block-heading\"><strong><strong>Zaslon koji se prilago\u0111ava:<\/strong> Zaslon koji se okre\u0107e za 180\u00b0 s izdr\u017eljivo\u0161\u0107u izra\u0111enom metalur\u0161kim prahom.<\/strong><\/h3>\n\n\n\n<p>Na\u0161 inovativno konstruirani okretni zaslon, izra\u0111en naprednom tehnologijom metalurgije praha, omogu\u0107uje glatku rotaciju od 180 stupnjeva jednom rukom oko osi Y. Uspje\u0161no je izdr\u017eao rigorozna ispitivanja izdr\u017eljivosti, izdr\u017eav\u0161i 100 000 kontinuiranih robotskih operacija (uklju\u010duju\u0107i rotaciju, otvaranje i zatvaranje) s impresivnom stopom servisiranja od 99,3%. <\/p>\n<\/div>\n\n\n\n<div class=\"wp-block-column is-layout-flow wp-block-column-is-layout-flow\">\n<figure class=\"wp-block-image size-full\"><img decoding=\"async\" width=\"300\" height=\"300\" src=\"https:\/\/gpdstore.net\/wp-content\/uploads\/2023\/03\/9728f488-7c9a-4702-8194-6d4228a0fa83__CR00300300_PT0_SX300_V1___.jpg\" alt=\"GPD Pocket 3 mini prijenosno ra&#x10D;unalo s podr&#x161;kom za olovku, omogu&#x107;uje precizan unos i pobolj&#x161;anu produktivnost.\" class=\"wp-image-1263943\" srcset=\"https:\/\/gpdstore.net\/wp-content\/uploads\/2023\/03\/9728f488-7c9a-4702-8194-6d4228a0fa83__CR00300300_PT0_SX300_V1___.jpg 300w, https:\/\/gpdstore.net\/wp-content\/uploads\/2023\/03\/9728f488-7c9a-4702-8194-6d4228a0fa83__CR00300300_PT0_SX300_V1___-150x150.jpg 150w, https:\/\/gpdstore.net\/wp-content\/uploads\/2023\/03\/9728f488-7c9a-4702-8194-6d4228a0fa83__CR00300300_PT0_SX300_V1___-65x65.jpg 65w, https:\/\/gpdstore.net\/wp-content\/uploads\/2023\/03\/9728f488-7c9a-4702-8194-6d4228a0fa83__CR00300300_PT0_SX300_V1___-100x100.jpg 100w\" sizes=\"(max-width: 300px) 100vw, 300px\" \/><\/figure>\n\n\n\n<h3 class=\"wp-block-heading\"><strong><strong><strong>Precizan unos:<\/strong> Kori\u0161tenje QWERTY tipkovnice nagra\u0111ene Red Dot nagradom i olovke s 4096 razina.<\/strong><\/strong><\/h3>\n\n\n\n<p>Pocket 3 ima aktivnu podr\u0161ku za olovku s 4096 razina osjetljivosti na pritisak, pru\u017eaju\u0107i originalnu preciznost rukopisa. Kompatibilan je sa Surface Penom putem Microsoft MPP 2.0 protokola, \u0161to omogu\u0107uje besprijekorno bilje\u017eenje, dodavanje napomena i potpisivanja, omogu\u0107uju\u0107i precizno i \u200b\u200bkreativno stvaranje sadr\u017eaja u bilo kojem trenutku. <\/p>\n<\/div>\n\n\n\n<div class=\"wp-block-column is-layout-flow wp-block-column-is-layout-flow\">\n<figure class=\"wp-block-image size-full\"><img loading=\"lazy\" decoding=\"async\" width=\"300\" height=\"300\" src=\"https:\/\/gpdstore.net\/wp-content\/uploads\/2023\/03\/a2d68f01-c1f4-4886-afb1-90dae8b01b16__CR00300300_PT0_SX300_V1___.jpg\" alt=\"GPD Pocket 3 mini prijenosno ra&#x10D;unalo s ultra tankom kamerom od 1080P, koje pru&#x17E;a video visoke razlu&#x10D;ivosti za jasne i o&#x161;tre videopozive\" class=\"wp-image-1263944\" srcset=\"https:\/\/gpdstore.net\/wp-content\/uploads\/2023\/03\/a2d68f01-c1f4-4886-afb1-90dae8b01b16__CR00300300_PT0_SX300_V1___.jpg 300w, https:\/\/gpdstore.net\/wp-content\/uploads\/2023\/03\/a2d68f01-c1f4-4886-afb1-90dae8b01b16__CR00300300_PT0_SX300_V1___-150x150.jpg 150w, https:\/\/gpdstore.net\/wp-content\/uploads\/2023\/03\/a2d68f01-c1f4-4886-afb1-90dae8b01b16__CR00300300_PT0_SX300_V1___-65x65.jpg 65w, https:\/\/gpdstore.net\/wp-content\/uploads\/2023\/03\/a2d68f01-c1f4-4886-afb1-90dae8b01b16__CR00300300_PT0_SX300_V1___-100x100.jpg 100w\" sizes=\"(max-width: 300px) 100vw, 300px\" \/><\/figure>\n\n\n\n<h3 class=\"wp-block-heading\"><strong><strong><strong>Jasna komunikacija:<\/strong> Povezivanje bilo gdje s ultra tankom \u0161irokokutnom kamerom od 1080P.<\/strong><\/strong><\/h3>\n\n\n\n<p>Ultra tanka mini kamera visoke razlu\u010divosti od 1080P s 2 milijuna piksela i \u0161irokim vidnim poljem od 77\u00b0. Omogu\u0107uje vam komunikaciju s obitelji putem web prijenosa u\u017eivo ili odr\u017eavanje video konferencija s kolegama bilo kada i bilo gdje. <\/p>\n<\/div>\n<\/div>\n\n<div class=\"wp-block-columns is-layout-flex wp-container-core-columns-is-layout-28f84493 wp-block-columns-is-layout-flex\">\n<div class=\"wp-block-column is-layout-flow wp-block-column-is-layout-flow\">\n<figure class=\"wp-block-image size-full\"><img loading=\"lazy\" decoding=\"async\" width=\"300\" height=\"400\" src=\"https:\/\/gpdstore.net\/wp-content\/uploads\/2023\/03\/dfaad9ca-c981-4178-9f69-19a4a5cf5f38__CR00300400_PT0_SX300_V1___.jpg\" alt=\"GPD Pocket 3 mini prijenosno ra&#x10D;unalo s KVM kontrolom, koje nudi besprijekornu integraciju i upravljanje vi&#x161;e ure&#x111;aja s jednog su&#x10D;elja\" class=\"wp-image-1263945\" srcset=\"https:\/\/gpdstore.net\/wp-content\/uploads\/2023\/03\/dfaad9ca-c981-4178-9f69-19a4a5cf5f38__CR00300400_PT0_SX300_V1___.jpg 300w, https:\/\/gpdstore.net\/wp-content\/uploads\/2023\/03\/dfaad9ca-c981-4178-9f69-19a4a5cf5f38__CR00300400_PT0_SX300_V1___-150x200.jpg 150w\" sizes=\"(max-width: 300px) 100vw, 300px\" \/><\/figure>\n<\/div>\n\n\n\n<div class=\"wp-block-column is-layout-flow wp-block-column-is-layout-flow\">\n<h3 class=\"wp-block-heading\"><strong>Snaga IT administracije:<\/strong> Pristup poslu\u017eitelju na razini hardvera putem KVM modula s mogu\u0107no\u0161\u0107u zamjene tijekom rada.<\/h3>\n\n\n\n<p>Za razliku od &#8220;udaljene radne povr\u0161ine&#8221;, KVM kontrolni modul koristi se za kontrolu pristupa na razini hardvera koja pokriva cijeli proces kori\u0161tenja ciljanog poslu\u017eitelja, od pokretanja sustava, postavki BIOS-a do operacija unutar OS-a.<\/p>\n\n\n\n<p>Mo\u017ee se mijenjati tijekom rada, ali nema IP KVM, pa ne podr\u017eava daljinsko upravljanje i prikladan je za upravljanje lokalnom mre\u017enom opremom koja nema tipkovnicu, mi\u0161 i zaslon.<\/p>\n\n\n\n<p>*KVM modul\/RS-232 modul\/olovka se prodaje zasebno<\/p>\n<\/div>\n\n\n\n<div class=\"wp-block-column is-layout-flow wp-block-column-is-layout-flow\">\n<figure class=\"wp-block-image size-full\"><img loading=\"lazy\" decoding=\"async\" width=\"350\" height=\"175\" src=\"https:\/\/gpdstore.net\/wp-content\/uploads\/2023\/03\/c011901a-1c49-4ed6-b6e2-a74a6089bf57__CR00350175_PT0_SX350_V1___-1.jpg\" alt=\"GPD Pocket 3 mini prijenosno ra&#x10D;unalo s QWERTY tipkovnicom, dizajnirano za udobno i u&#x10D;inkovito tipkanje u kompaktnom obliku\" class=\"wp-image-1263946\" srcset=\"https:\/\/gpdstore.net\/wp-content\/uploads\/2023\/03\/c011901a-1c49-4ed6-b6e2-a74a6089bf57__CR00350175_PT0_SX350_V1___-1.jpg 350w, https:\/\/gpdstore.net\/wp-content\/uploads\/2023\/03\/c011901a-1c49-4ed6-b6e2-a74a6089bf57__CR00350175_PT0_SX350_V1___-1-150x75.jpg 150w\" sizes=\"(max-width: 350px) 100vw, 350px\" \/><\/figure>\n\n\n\n<h3 class=\"wp-block-heading\"><strong>&#8220;QWERTY&#8221; tipkovnica<\/strong><\/h3>\n\n\n\n<p>Na\u0161a \u0161iroko hvaljena tipkovnica &#8220;QWERTY&#8221; u \u010dokoladnom stilu, koja je osvojila njema\u010dku nagradu Red Dot, optimizirana je za tipkanje s obje ruke koncentriraju\u0107i najva\u017enije tipke u sredi\u0161te, \u0161to \u010dini vrlo ugodnim igranje igara kojima se upravlja tipkovnicom i mi\u0161em na ovom ure\u0111aju!<\/p>\n<\/div>\n<\/div>\n\n<h2 class=\"wp-block-heading has-text-align-center\">Profesionalni unosi: Hardverska kontrola i ergonomsko tipkanje<\/h2>\n\n<figure class=\"wp-block-image aligncenter size-full\"><img loading=\"lazy\" decoding=\"async\" width=\"1024\" height=\"678\" src=\"https:\/\/gpdstore.net\/wp-content\/uploads\/2023\/03\/GPD-POCKET-3-MARKETING-IMAGE-2-1024x678-1.jpg\" alt=\"GPD Pocket 3 mini prijenosno ra&#x10D;unalo s mogu&#x107;no&#x161;&#x107;u spajanja vi&#x161;e monitora za pobolj&#x161;anu produktivnost i multitasking\" class=\"wp-image-1263947\" srcset=\"https:\/\/gpdstore.net\/wp-content\/uploads\/2023\/03\/GPD-POCKET-3-MARKETING-IMAGE-2-1024x678-1.jpg 1024w, https:\/\/gpdstore.net\/wp-content\/uploads\/2023\/03\/GPD-POCKET-3-MARKETING-IMAGE-2-1024x678-1-600x397.jpg 600w, https:\/\/gpdstore.net\/wp-content\/uploads\/2023\/03\/GPD-POCKET-3-MARKETING-IMAGE-2-1024x678-1-768x509.jpg 768w, https:\/\/gpdstore.net\/wp-content\/uploads\/2023\/03\/GPD-POCKET-3-MARKETING-IMAGE-2-1024x678-1-360x238.jpg 360w, https:\/\/gpdstore.net\/wp-content\/uploads\/2023\/03\/GPD-POCKET-3-MARKETING-IMAGE-2-1024x678-1-990x655.jpg 990w, https:\/\/gpdstore.net\/wp-content\/uploads\/2023\/03\/GPD-POCKET-3-MARKETING-IMAGE-2-1024x678-1-441x292.jpg 441w, https:\/\/gpdstore.net\/wp-content\/uploads\/2023\/03\/GPD-POCKET-3-MARKETING-IMAGE-2-1024x678-1-150x99.jpg 150w\" sizes=\"(max-width: 1024px) 100vw, 1024px\" \/><\/figure>\n\n<p>GPD se vra\u0107a s tre\u0107om iteracijom u svojoj popularnoj liniji mini prijenosnih ra\u010dunala, prikladno nazvanim <strong>GPD Pocket 3<\/strong> ! Ovo prijenosno ra\u010dunalo malog formata, prepuno zna\u010dajki, potpuno je opremljeno i dovoljno fleksibilno da s lako\u0107om ispuni sve va\u0161e svakodnevne ra\u010dunalne potrebe.<\/p>\n\n<p>Uz mno\u0161tvo su\u010delja koje ure\u0111aj ve\u0107 ima (USB, Thunderbolt, RJ45 itd.), GPD Pocket 3 tako\u0111er ima \u201emodularno su\u010delje za povezivanje\u201c. To vam omogu\u0107uje slobodno pode\u0161avanje priklju\u010daka na <strong>GPD Pocketu 3<\/strong> prema va\u0161im potrebama. \u017delite dodatni USB priklju\u010dak za drugi ure\u0111aj? Nema problema. Trebate se povezati sa serverom? To je jednostavno s namjenskim KVM modulom!*     <\/p>\n\n<p>Na kraju krajeva, <strong>GPD Pocket 3<\/strong> je prepun korisnih zna\u010dajki i funkcija. Ugra\u0111eni mikrofon? Imate ga. Zaslon koji se mo\u017ee rotirati za 360 stupnjeva? Sigurno! HDMI priklju\u010dak? Ve\u0107 tu!      <\/p>\n\n<p>Bez obzira zanima li vas vrhunski ili osnovni model, dobit \u0107ete prijenosno ra\u010dunalo koje je vrlo prenosivo i prilagodljivo kako bi vam savr\u0161eno odgovaralo.<\/p>\n\n<figure class=\"wp-block-image aligncenter size-full\"><img loading=\"lazy\" decoding=\"async\" width=\"970\" height=\"600\" src=\"https:\/\/gpdstore.net\/wp-content\/uploads\/2023\/03\/28ee65cf-aa50-4535-b107-c1d20069d506__CR00970600_PT0_SX970_V1___.jpg\" alt=\"Parametri sustava mini prijenosnog ra&#x10D;unala GPD Pocket 3, uklju&#x10D;uju&#x107;i procesor, memoriju, pohranu i specifikacije zaslona za optimalne performanse.\" class=\"wp-image-1263948\" srcset=\"https:\/\/gpdstore.net\/wp-content\/uploads\/2023\/03\/28ee65cf-aa50-4535-b107-c1d20069d506__CR00970600_PT0_SX970_V1___.jpg 970w, https:\/\/gpdstore.net\/wp-content\/uploads\/2023\/03\/28ee65cf-aa50-4535-b107-c1d20069d506__CR00970600_PT0_SX970_V1___-600x371.jpg 600w, https:\/\/gpdstore.net\/wp-content\/uploads\/2023\/03\/28ee65cf-aa50-4535-b107-c1d20069d506__CR00970600_PT0_SX970_V1___-768x475.jpg 768w, https:\/\/gpdstore.net\/wp-content\/uploads\/2023\/03\/28ee65cf-aa50-4535-b107-c1d20069d506__CR00970600_PT0_SX970_V1___-360x223.jpg 360w, https:\/\/gpdstore.net\/wp-content\/uploads\/2023\/03\/28ee65cf-aa50-4535-b107-c1d20069d506__CR00970600_PT0_SX970_V1___-441x273.jpg 441w, https:\/\/gpdstore.net\/wp-content\/uploads\/2023\/03\/28ee65cf-aa50-4535-b107-c1d20069d506__CR00970600_PT0_SX970_V1___-150x93.jpg 150w\" sizes=\"(max-width: 970px) 100vw, 970px\" \/><\/figure>\n","protected":false},"excerpt":{"rendered":"<ul>\n<li>Intel\u00ae Pentium\u00ae Gold 7505 do 3,50 GHz; 4 jezgre\/8 niti<\/li>\n<li><strong>16 GB LPDDR4x RAM<\/strong> -a @ 3733 MHz<\/li>\n<li><strong>Thunderbolt 4 \/ 8&#8243; zaslon osjetljiv na dodir \/ skener otiska prsta<\/strong><\/li>\n<li><strong>Do 4TB<\/strong> PCI-E NVMe SSD-a<\/li>\n<li>Modularni s <strong>KVM\/RS-232 priklju\u010dcima<\/strong> (prodaju se zasebno)<\/li>\n<\/ul>\n<p><img loading=\"lazy\" decoding=\"async\" src=\"https:\/\/gpdstore.net\/wp-content\/uploads\/2024\/08\/POCKET-4-FREEBIE-LONG.jpg\" alt=\"Promotivni banner za GPD Pocket 4 koji nudi besplatnu za\u0161titnu futrolu. Tekst glasi 'BESPLATNI POKLONI - ZA\u0160TITNA FUTROLA - AUTOMATSKI DODAN U KO\u0160ARICU', uz sliku elegantne crne za\u0161titne futrole.\" width=\"1000\" height=\"140\" class=\"alignnone size-full wp-image-973719\" srcset=\"https:\/\/gpdstore.net\/wp-content\/uploads\/2024\/08\/POCKET-4-FREEBIE-LONG.jpg 1000w, https:\/\/gpdstore.net\/wp-content\/uploads\/2024\/08\/POCKET-4-FREEBIE-LONG-600x84.jpg 600w, https:\/\/gpdstore.net\/wp-content\/uploads\/2024\/08\/POCKET-4-FREEBIE-LONG-768x108.jpg 768w, https:\/\/gpdstore.net\/wp-content\/uploads\/2024\/08\/POCKET-4-FREEBIE-LONG-360x50.jpg 360w, https:\/\/gpdstore.net\/wp-content\/uploads\/2024\/08\/POCKET-4-FREEBIE-LONG-990x139.jpg 990w, https:\/\/gpdstore.net\/wp-content\/uploads\/2024\/08\/POCKET-4-FREEBIE-LONG-441x62.jpg 441w, https:\/\/gpdstore.net\/wp-content\/uploads\/2024\/08\/POCKET-4-FREEBIE-LONG-150x21.jpg 150w\" sizes=\"(max-width: 1000px) 100vw, 1000px\" \/><\/p>\n<p> [cg_accordion title=\"INFORMACIJE O PLA\u0106ANJU\"]Koristimo najnoviju tehnologiju u obradi pla\u0107anja, koja vam omogu\u0107uje pla\u0107anje putem debitne\/kreditne kartice ili PayPala za brzo i sigurno iskustvo.[\/cg_accordion] [cg_accordion title=\"JAMSTVO\"]2 godine jamstva tvrtke <a href=\"https:\/\/droix.net\/\" target=\"_blank\" rel=\"nofollow noopener\">DROIX Global<\/a> za va\u0161 mir.[\/cg_accordion] [cg_accordion title=\"OSIGURANJE KVALITETE I ISPITIVANJE PRIJE OTPREME\"]Osiguravanje zadovoljstva kupaca na najvi\u0161oj razini: Svaki ure\u0111aj prolazi rigorozno testiranje i vi\u0161eto\u010dkovnu provjeru kvalitete prije slanja. Na\u0161 predani tim provjerava performanse, funkcionalnost i integritet komponenti kako bi jam\u010dio da je va\u0161 GPD ure\u0111aj u savr\u0161enom radnom stanju po dolasku, pru\u017eaju\u0107i vam povjerenje i mir.[\/cg_accordion] [cg_accordion title=\"CIJENE, POREZI I DOSTAVA\"] <strong><u>Bilje\u0161ka:<\/u><\/strong><\/p>\n<ul>\n<li>Kupci iz Sjedinjenih Ameri\u010dkih Dr\u017eava: Prikazana cijena NE uklju\u010duje POREZ ni carine. Odgovornost za carinjenje i pla\u0107anje svih povezanih poreza\/carina je na kupcu. <\/li>\n<li>Kupci iz EU: Prikazana cijena uklju\u010duje primjenjivi POREZ, koji mo\u017ee iznositi do 25%, ovisno o va\u0161oj zemlji.<\/li>\n<li>Kupci u Kanadi: Prikazana cijena uklju\u010duje primjenjive poreze, koji mogu uklju\u010divati \u200b\u200b5% GST-a i dodatne pokrajinske poreze na promet (PST), harmonizirani porez na promet (HST) ili porez na promet u Quebecu (QST), ovisno o va\u0161oj pokrajini.<\/li>\n<\/ul>\n<p><strong>SAMO za kupce iz EU:<\/strong> Ekspresna dostava s pla\u0107enim carinjenjem (DDP). To zna\u010di: <\/p>\n<ul>\n<li style=\"list-style-type: none;\">\n<ul>\n<li>Sve carine i porezi uklju\u010deni su u cijenu prikazanu na stranici proizvoda.<\/li>\n<li>Prilikom dostave ne\u0107ete morati platiti nikakve dodatne tro\u0161kove.<\/li>\n<li>U rijetkim slu\u010dajevima problema povezanih s carinom, na\u0161 tim \u0107e u va\u0161e ime obaviti carinjenje kako bi se osigurala nesmetana dostava.<\/li>\n<p>Va\u017ene informacije o povratu robe:<\/p>\n<li>Ako odlu\u010dite vratiti narud\u017ebu ili zatra\u017eiti povrat novca, imajte na umu da porezi i carine pla\u0107eni u va\u0161e ime prema DDP uvjetima ne mogu biti vra\u0107eni.<\/li>\n<p>Molimo pogledajte na\u0161e<\/ul>\n<\/li>\n<\/ul>\n<p><a href=\"https:\/\/droix.net\/terms-and-conditions\/\" target=\"_blank\" rel=\"nofollow noopener\">Uvjeti i odredbe<\/a><\/p>\n<ul>za detaljne informacije.<\/ul>\n<p>[\/cg_accordion] [cg_accordion title=\"PODR\u0160KA KORISNICIMA\"]  Imate pitanje? Samo nas trebate poslati poruku i rije\u0161it \u0107emo va\u0161 problem!  Za detaljnije informacije pogledajte na\u0161e <a href=\"https:\/\/gpdstore.net\/en-gb\/terms-of-service\/\" target=\"_blank\" rel=\"nofollow noopener\">Uvjete i odredbe<\/a> .  [\/cg_accordion] [cg_accordion title=\"\u0160TO JE UKLJU\u010cENO\"]<\/p>\n<ul>\n<li>1x GPD d\u017eep 3<\/li>\n<li>1x adapter za napajanje<\/li>\n<li>1x USB Type-C kabel<\/li>\n<li>1x Korisni\u010dki priru\u010dnik<\/li>\n<li>1x GPD olovka<\/li>\n<\/ul>\n<p>[\/cg_accordion]<\/p>\n","protected":false},"featured_media":32609,"template":"","meta":{"_acf_changed":false},"product_brand":[],"product_cat":[8856,8859,6830],"product_tag":[14528,8861],"woo-feed-brand":[5607],"class_list":{"0":"post-197748","1":"product","2":"type-product","3":"status-publish","4":"has-post-thumbnail","6":"product_cat-prijenosna-racunala","7":"product_cat-tablet-prijenosno-racunalo","8":"product_cat-gpd-mini-prijenosna-racunala","9":"product_tag-8xmsale-hr","10":"product_tag-gpd-dzep-3","11":"product_shipping_class-premium","12":"pa_bluetooth-5-hr","13":"pa_brand-gpd","14":"pa_display-type-h-ips-hr","15":"pa_graphics-gpu-model-jezgra-i3-1125g4-uhd-grafika","16":"pa_graphics-gpu-model-jezgra-i7-1195g7-iris-xe-grafika","17":"pa_graphics-gpu-model-pentium-zlato-7505-uhd-grafika","18":"pa_i-o-video-1x-hdmi-2-0b-hr","19":"pa_i-o-video-putem-1x-usb-4-0-type-c-40-gb-s","20":"pa_memory-ram-capacity-8-gb-hr","21":"pa_memory-ram-capacity-16-gb-hr","22":"pa_memory-ram-technology-lpddr4x-hr","23":"pa_processor-cpu-model-intel-core-i3-1125g4","24":"pa_processor-cpu-model-intel-core-i7-1195g7","25":"pa_processor-cpu-model-intel-pentium-gold-7505","26":"pa_processor-cpu-model-pentium-silver-n6000","27":"pa_storage-capacity-512-gb-hr","28":"pa_storage-capacity-1-tb-hr","29":"pa_wi-fi-wi-fi-6-hr","30":"woo-feed-brand-gpd-hr","32":"first","33":"instock","34":"sale","35":"taxable","36":"shipping-taxable","37":"purchasable","38":"product-type-variable","39":"has-default-attributes"},"acf":[],"aioseo_notices":[],"_links":{"self":[{"href":"https:\/\/gpdstore.net\/hr\/wp-json\/wp\/v2\/product\/197748","targetHints":{"allow":["GET"]}}],"collection":[{"href":"https:\/\/gpdstore.net\/hr\/wp-json\/wp\/v2\/product"}],"about":[{"href":"https:\/\/gpdstore.net\/hr\/wp-json\/wp\/v2\/types\/product"}],"wp:featuredmedia":[{"embeddable":true,"href":"https:\/\/gpdstore.net\/hr\/wp-json\/wp\/v2\/media\/32609"}],"wp:attachment":[{"href":"https:\/\/gpdstore.net\/hr\/wp-json\/wp\/v2\/media?parent=197748"}],"wp:term":[{"taxonomy":"product_brand","embeddable":true,"href":"https:\/\/gpdstore.net\/hr\/wp-json\/wp\/v2\/product_brand?post=197748"},{"taxonomy":"product_cat","embeddable":true,"href":"https:\/\/gpdstore.net\/hr\/wp-json\/wp\/v2\/product_cat?post=197748"},{"taxonomy":"product_tag","embeddable":true,"href":"https:\/\/gpdstore.net\/hr\/wp-json\/wp\/v2\/product_tag?post=197748"},{"taxonomy":"woo-feed-brand","embeddable":true,"href":"https:\/\/gpdstore.net\/hr\/wp-json\/wp\/v2\/woo-feed-brand?post=197748"}],"curies":[{"name":"wp","href":"https:\/\/api.w.org\/{rel}","templated":true}]}}