{"id":191765,"date":"2023-03-24T18:47:23","date_gmt":"2023-03-24T18:47:23","guid":{"rendered":"https:\/\/gpdstore.net\/Bez%20kategorije\/gpd-win-4-rucno-racunalo-za-igranje\/"},"modified":"2025-12-23T10:35:19","modified_gmt":"2025-12-23T10:35:19","slug":"gpd-win-4","status":"publish","type":"product","link":"https:\/\/gpdstore.net\/hr\/product\/gpd-win-4\/","title":{"rendered":"GPD WIN 4 Gaming Handbook"},"content":{"rendered":"\n<p>Ako ste strastveni igra\u010d koji voli igrati igre u pokretu, bit \u0107ete uzbu\u0111eni kada \u010dujete o najnovijem ru\u010dnom ra\u010dunalu za igranje iz GPD-a, GPD WIN 4. Svojom kompaktnom veli\u010dinom i sna\u017enim specifikacijama, ovaj \u0107e ure\u0111aj zasigurno impresionirati i najzahtjevnije igra\u010de. <\/p>\n\n<p>Sa samo 8.6 x 3.6 x 1.10 in\u010da (22.0 \u00d7 9.2 \u00d7 2.8 cm) i te\u017einom samo oko 570 g, GPD WIN 4 je nevjerojatno prenosiv. \u010cak je manji od svog prethodnika, GPD WIN 3, \u0161to ga \u010dini lakim za uvla\u010denje u malu torbu ili d\u017eep jakne i ponijeti sa sobom kamo god idete. <\/p>\n\n<p>Jedna od istaknutih zna\u010dajki GPD WIN 4 je njegov AMD Ryzen 7 6800U procesor s osam jezgri i \u0161esnaest niti koje rade do 4.7 GHz @ 28W TDP. To, zajedno s Radeon 680M do 2.2 GHz, omogu\u0107uje glatko igranje najnovijih AAA Windows igara na ovom ru\u010dnom ra\u010dunalu za igranje u postavkama koje se mogu igrati. Bilo da volite puca\u010dine iz prvog lica, igre uloga ili sportske simulacije, GPD WIN 4 \u0107e vas pokriti.  <\/p>\n\n<p>\u0160to se ti\u010de memorije i pohrane, GPD WIN 4 nudi izbor izme\u0111u 16 GB ili 32 GB LPDDR5-6400 MT RAM-a i do 2 TB brzog SSD koji podr\u017eava do M.2 PCIe 4.0 NVMe 2280 SSD. To zna\u010di da \u0107ete imati dovoljno prostora za pohranu svojih igara i drugih datoteka, a uz munjevito brze brzine \u010ditanja i pisanja SSD, ne\u0107ete morati dugo \u010dekati da se va\u0161e igre u\u010ditaju.  <\/p>\n\n<p>GPD WIN 4 tako\u0111er se mo\u017ee pohvaliti brzom be\u017ei\u010dnom vezom s 802.11 a\/b\/g\/n\/ac\/ax WiFi 6 i Bluetooth 5.2. A ako ste u pokretu i trebate pristup internetu, mo\u017eete kupiti zasebno prodani modul koji se mo\u017ee priklju\u010diti i koji podr\u017eava 4G LTE nano-sim kartice za mobilne podatke. <\/p>\n\n<p>Ure\u0111aj ima 6-in\u010dni IPS zaslon osjetljiv na dodir s izvornom rezolucijom od 1920&#215;1080, koji podr\u017eava i 40Hz i 60 Hz za podesivu brzinu kadrova. To osigurava da \u0107e starije igre raditi glatko na GPD WIN 4 bez ikakvih problema s rotacijom zaslona koji se mogu pojaviti s drugim ru\u010dnim ure\u0111ajima. <\/p>\n\n<p>GPD WIN 4 tako\u0111er nudi impresivnu shemu upravljanja i dizajna koja podsje\u0107a na Sony PSP, s dvostrukim Hall senzorskim joystickovima, klasi\u010dnim D-padom i linearnim analognim tipkama okida\u010da s LED osvjetljenjem. Osim toga, na stra\u017enjoj strani ure\u0111aja nalaze se dva prilagodljiva gumba, \u0161to vam omogu\u0107uje da postavite svoje kontrole kako god \u017eelite. <\/p>\n\n<p>Ako \u017eelite jo\u0161 vi\u0161e pove\u0107ati performanse GPD WIN 4, mo\u017eete spojiti vanjsku grafi\u010dku karticu (eGPU) putem brzog USB 4 priklju\u010dka koji podr\u017eava do 40 Gbps. Ure\u0111aj tako\u0111er ima USB 3.2 Gen 2 priklju\u010dak za podatke i punjenje, kao i USB Type-A priklju\u010dak za dodatne periferne ure\u0111aje. <\/p>\n\n<p>S litij-polimernom baterijom od 45.62 Wh, GPD WIN 4 mo\u017ee trajati do 10 sati uz laganu upotrebu, 3-6 sati uz umjerenu upotrebu i oko 2 sata intenzivne upotrebe. To zna\u010di da mo\u017eete igrati svoje omiljene igre u pokretu bez brige da \u0107ete ostati bez energije. <\/p>\n\n<p>Zaklju\u010dno, GPD WIN 4 je vrlo prenosiv igra\u010dki ure\u0111aj koji je savr\u0161en za igranje u pokretu. Bilo da putujete na posao, putujete ili se samo opu\u0161tate kod ku\u0107e, ovo ru\u010dno ra\u010dunalo za igranje zasigurno \u0107e vam pru\u017eiti sate zabave. Dakle, za\u0161to ne biste uzeli jedan danas i iskusili vrhunski AAA  <\/p>\n","protected":false},"excerpt":{"rendered":"<ul>\n<li><strong>AMD Ryzen 7 6800U<\/strong> \/ AMD Radeon 680M<\/li>\n<li><strong>do 32 GB<\/strong> LPDDR5 @ 6400 MT\/s<\/li>\n<li><strong>do 2TB<\/strong> brzi PCI-E <strong>M.2<\/strong> 2280 SSD<\/li>\n<li><strong>6-in\u010dni zaslon osjetljiv na dodir s H-IPS tehnologijom<\/strong><\/li>\n<li>Podr\u0161ka <strong>za WiFi 6<\/strong> i <strong>Bluetooth 5.2<\/strong> <\/li>\n<\/ul>\n<p><img fetchpriority=\"high\" decoding=\"async\" src=\"https:\/\/gpdstore.net\/wp-content\/uploads\/2024\/03\/WIN-4-FREE-GIFTS.jpg\" alt=\"\" width=\"2000\" height=\"500\" class=\"alignnone size-full wp-image-4175\" srcset=\"https:\/\/gpdstore.net\/wp-content\/uploads\/2024\/03\/WIN-4-FREE-GIFTS.jpg 2000w, https:\/\/gpdstore.net\/wp-content\/uploads\/2024\/03\/WIN-4-FREE-GIFTS-600x150.jpg 600w, https:\/\/gpdstore.net\/wp-content\/uploads\/2024\/03\/WIN-4-FREE-GIFTS-1200x300.jpg 1200w, https:\/\/gpdstore.net\/wp-content\/uploads\/2024\/03\/WIN-4-FREE-GIFTS-768x192.jpg 768w, https:\/\/gpdstore.net\/wp-content\/uploads\/2024\/03\/WIN-4-FREE-GIFTS-1536x384.jpg 1536w, https:\/\/gpdstore.net\/wp-content\/uploads\/2024\/03\/WIN-4-FREE-GIFTS-360x90.jpg 360w, https:\/\/gpdstore.net\/wp-content\/uploads\/2024\/03\/WIN-4-FREE-GIFTS-990x248.jpg 990w, https:\/\/gpdstore.net\/wp-content\/uploads\/2024\/03\/WIN-4-FREE-GIFTS-441x110.jpg 441w, https:\/\/gpdstore.net\/wp-content\/uploads\/2024\/03\/WIN-4-FREE-GIFTS-150x38.jpg 150w\" sizes=\"(max-width: 2000px) 100vw, 2000px\" \/><\/p>\n[cg_accordion title=\"PODACI O PLA\u0106ANJU\"]<\/p>\n<p>Koristimo najnoviju tehnologiju u obradi pla\u0107anja, koja vam omogu\u0107uje naplatu putem va\u0161e debitne\/kreditne kartice ili PayPal-a za brzo i sigurno iskustvo.[\/cg_accordion]\n[cg_accordion title=\"JAMSTVO\"]<\/p>\n<p>2 godine jamstva <a href=\"https:\/\/droix.net\/\" target=\"_blank\" rel=\"nofollow noopener\">tvrtke DROIX Global<\/a> za va\u0161 mir[\/cg_accordion]\n[cg_accordion title=\"OSIGURANJE KVALITETE I ISPITIVANJE PRIJE OTPREME\"]<\/p>\n<p>Osiguravanje zadovoljstva kupaca na najvi\u0161oj razini: Svaki ure\u0111aj prolazi rigorozno testiranje i vi\u0161estruku provjeru kvalitete prije slanja. Na\u0161 predani tim provjerava performanse, funkcionalnost i integritet komponenti kako bi jam\u010dio da je va\u0161 GPD ure\u0111aj u savr\u0161enom radnom stanju po dolasku, pru\u017eaju\u0107i vam povjerenje i mir. [\/cg_accordion]\n[cg_accordion title=\"CIJENE, POREZI I DOSTAVA\"]<\/p>\n<p><strong><u>Bilje\u0161ka:<\/u><\/strong><\/p>\n<ul>\n<li>Kupci u Sjedinjenim Ameri\u010dkim Dr\u017eavama: Prikazana cijena NE uklju\u010duje POREZ niti carine. Odgovornost za carinjenje i pla\u0107anje svih povezanih poreza\/carina le\u017ei na kupcu. <\/li>\n<li>Kupci iz EU-a: Prikazana cijena uklju\u010duje primjenjivi POREZ, koji mo\u017ee iznositi do 25%, ovisno o va\u0161oj zemlji.<\/li>\n<li>Kupci u Kanadi: Prikazana cijena uklju\u010duje primjenjive poreze, koji mogu uklju\u010divati 5% GST-a i dodatne pokrajinske poreze na promet (PST), uskla\u0111eni porez na promet (HST) ili porez na promet u Quebecu (QST), ovisno o va\u0161oj pokrajini.<\/li>\n<\/ul>\n<p><strong>SAMO za kupce iz EU-a:<\/strong> Ekspresni DDP (isporu\u010dena carina pla\u0107ena). To zna\u010di: <\/p>\n<ul>\n<li>Sve carine i porezi uklju\u010deni su u cijenu prikazanu na stranici proizvoda.<\/li>\n<li>Ne\u0107ete morati pla\u0107ati nikakve dodatne tro\u0161kove po isporuci.<\/li>\n<li>U rijetkim slu\u010dajevima problema povezanih s carinom, na\u0161 tim \u0107e voditi postupak carinjenja u va\u0161e ime kako bi osigurao nesmetano iskustvo isporuke.<\/li>\n<p>Va\u017ene informacije o povratima:<\/p>\n<li>Ako odlu\u010dite vratiti narud\u017ebu ili zatra\u017eiti povrat novca, imajte na umu da se porezi i carine pla\u0107eni u va\u0161e ime prema uvjetima DDP-a ne mogu vratiti.<\/li>\n<p>Za detaljne informacije pogledajte <a href=\"https:\/\/droix.net\/terms-and-conditions\/\" target=\"_blank\" rel=\"nofollow noopener\">na\u0161e Uvjete i odredbe<\/a> .\n<\/ul>\n<p>[\/cg_accordion]\n[cg_accordion title=\"KORISNI\u010cKA PODR\u0160KA\"]<\/p>\n<p>Imate pitanje? Kratak tekst dijeli nas od rje\u0161avanja va\u0161eg problema! <\/p>\n<p>Za detaljne informacije pogledajte <a href=\"https:\/\/gpdstore.net\/hr\/terms-of-service\/\" target=\"_blank\" rel=\"nofollow noopener\">na\u0161e Uvjete i odredbe<\/a> .\n<\/ul>\n<p>[\/cg_accordion]\n[cg_accordion title=\"\u0160TO JE UKLJU\u010cENO\"]<\/p>\n<ul>\n<li>1x GPD POBJEDA 4<\/li>\n<li>1x adapter za napajanje<\/li>\n<li>1x USB Type-C kabel<\/li>\n<li>1x Korisni\u010dki priru\u010dnik<\/li>\n<\/ul>\n<p>[\/cg_accordion]\n","protected":false},"featured_media":191767,"template":"","meta":{"_acf_changed":false},"product_brand":[],"product_cat":[17567],"product_tag":[7306,17801],"woo-feed-brand":[5607],"class_list":{"0":"post-191765","1":"product","2":"type-product","3":"status-publish","4":"has-post-thumbnail","6":"product_cat-gpd-rucno-racunalo-za-igranje","7":"product_tag-10gpdakcija","8":"product_tag-gpd-win-4-hr","9":"product_shipping_class-premium","10":"pa_bluetooth-5-2-hr","11":"pa_display-type-h-ips-hr","12":"pa_graphics-gpu-model-radeon-680m-hr","13":"pa_i-o-video-putem-1x-usb-4-0-type-c-40-gb-s","14":"pa_memory-ram-capacity-16-gb-hr","15":"pa_memory-ram-capacity-32-gb-hr","16":"pa_memory-ram-technology-lpddr5-hr","17":"pa_processor-cpu-model-ryzen-7-6800u","18":"pa_storage-capacity-512-gb-hr","19":"pa_storage-capacity-1-tb-hr","20":"pa_storage-capacity-2tb-hr","21":"pa_wi-fi-wi-fi-6-hr","22":"woo-feed-brand-gpd-hr","24":"first","25":"outofstock","26":"sale","27":"taxable","28":"shipping-taxable","29":"purchasable","30":"product-type-variable","31":"has-default-attributes"},"acf":[],"aioseo_notices":[],"_links":{"self":[{"href":"https:\/\/gpdstore.net\/hr\/wp-json\/wp\/v2\/product\/191765","targetHints":{"allow":["GET"]}}],"collection":[{"href":"https:\/\/gpdstore.net\/hr\/wp-json\/wp\/v2\/product"}],"about":[{"href":"https:\/\/gpdstore.net\/hr\/wp-json\/wp\/v2\/types\/product"}],"wp:featuredmedia":[{"embeddable":true,"href":"https:\/\/gpdstore.net\/hr\/wp-json\/wp\/v2\/media\/191767"}],"wp:attachment":[{"href":"https:\/\/gpdstore.net\/hr\/wp-json\/wp\/v2\/media?parent=191765"}],"wp:term":[{"taxonomy":"product_brand","embeddable":true,"href":"https:\/\/gpdstore.net\/hr\/wp-json\/wp\/v2\/product_brand?post=191765"},{"taxonomy":"product_cat","embeddable":true,"href":"https:\/\/gpdstore.net\/hr\/wp-json\/wp\/v2\/product_cat?post=191765"},{"taxonomy":"product_tag","embeddable":true,"href":"https:\/\/gpdstore.net\/hr\/wp-json\/wp\/v2\/product_tag?post=191765"},{"taxonomy":"woo-feed-brand","embeddable":true,"href":"https:\/\/gpdstore.net\/hr\/wp-json\/wp\/v2\/woo-feed-brand?post=191765"}],"curies":[{"name":"wp","href":"https:\/\/api.w.org\/{rel}","templated":true}]}}