{"id":169439,"date":"2023-11-17T14:17:25","date_gmt":"2023-11-17T14:17:25","guid":{"rendered":"https:\/\/gpdstore.net\/Bez%20kategorije\/gpd-win-4-2023-gaming-rucni-pc\/"},"modified":"2026-01-09T00:11:21","modified_gmt":"2026-01-09T00:11:21","slug":"gpd-win-4-2023","status":"publish","type":"product","link":"https:\/\/gpdstore.net\/hr\/product\/gpd-win-4-2023\/","title":{"rendered":"GPD WIN 4 2023 prijenosno ra\u010dunalo za igranje"},"content":{"rendered":"\n<figure class=\"wp-block-video\"><video controls=\"\" muted=\"\" poster=\"https:\/\/gpdstore.net\/wp-content\/uploads\/2024\/03\/gpd-win4-indiegogo-time-is-here-v0-te3iiclycf5a1.webp\" src=\"https:\/\/gpdstore.net\/wp-content\/uploads\/\"><\/video><\/figure>\n\n<div class=\"wp-block-columns is-layout-flex wp-container-core-columns-is-layout-28f84493 wp-block-columns-is-layout-flex\">\n<div class=\"wp-block-column is-layout-flow wp-block-column-is-layout-flow\" style=\"flex-basis:33.33%\">\n<figure class=\"wp-block-image size-full\"><img fetchpriority=\"high\" decoding=\"async\" width=\"1000\" height=\"1000\" src=\"https:\/\/gpdstore.net\/wp-content\/uploads\/2024\/05\/GPD-WIN-4-2024-WHITE-DONE-LISTING-IMAGE-5.jpg\" alt=\"GPD Win 4 u bijeloj boji\" class=\"wp-image-1555\" srcset=\"https:\/\/gpdstore.net\/wp-content\/uploads\/2024\/05\/GPD-WIN-4-2024-WHITE-DONE-LISTING-IMAGE-5.jpg 1000w, https:\/\/gpdstore.net\/wp-content\/uploads\/2024\/05\/GPD-WIN-4-2024-WHITE-DONE-LISTING-IMAGE-5-600x600.jpg 600w, https:\/\/gpdstore.net\/wp-content\/uploads\/2024\/05\/GPD-WIN-4-2024-WHITE-DONE-LISTING-IMAGE-5-150x150.jpg 150w, https:\/\/gpdstore.net\/wp-content\/uploads\/2024\/05\/GPD-WIN-4-2024-WHITE-DONE-LISTING-IMAGE-5-768x768.jpg 768w, https:\/\/gpdstore.net\/wp-content\/uploads\/2024\/05\/GPD-WIN-4-2024-WHITE-DONE-LISTING-IMAGE-5-990x990.jpg 990w, https:\/\/gpdstore.net\/wp-content\/uploads\/2024\/05\/GPD-WIN-4-2024-WHITE-DONE-LISTING-IMAGE-5-441x441.jpg 441w, https:\/\/gpdstore.net\/wp-content\/uploads\/2024\/05\/GPD-WIN-4-2024-WHITE-DONE-LISTING-IMAGE-5-100x100.jpg 100w\" sizes=\"(max-width: 1000px) 100vw, 1000px\" \/><\/figure>\n<\/div>\n\n\n\n<div class=\"wp-block-column is-layout-flow wp-block-column-is-layout-flow\" style=\"flex-basis:66.66%\">\n<h2 class=\"wp-block-heading\"><strong>Dobrodo\u0161li u GPD WIN 4 2023: Va\u0161e vrhunsko iskustvo igranja u pokretu<\/strong><\/h2>\n\n\n\n<p>Recite zbogom ograni\u010denjima va\u0161eg ku\u0107nog igranja i pozdravite slobodu igranja bilo gdje i bilo kada! Predstavljamo <strong>GPD WIN 4 2023<\/strong>, vrhunsko prijenosno ra\u010dunalo za igranje koje vam omogu\u0107uje da oslobodite svoje igra\u010dko umije\u0107e u pokretu. Ovaj izvanredan ure\u0111aj besprijekorno spaja snagu ra\u010dunala za igranje visokih performansi s prakti\u010dno\u0161\u0107u ru\u010dnog ure\u0111aja, omogu\u0107uju\u0107i vam da zaronite u svoje omiljene igre kamo god vas \u017eivot odvede.  <br\/><\/p>\n<\/div>\n<\/div>\n\n<h2 class=\"wp-block-heading has-text-align-center\">Izgra\u0111eno za pobjedu: Precizne kontrole, masivna pohrana i napredno hla\u0111enje<\/h2>\n\n<div class=\"wp-block-columns is-layout-flex wp-container-core-columns-is-layout-28f84493 wp-block-columns-is-layout-flex\">\n<div class=\"wp-block-column is-layout-flow wp-block-column-is-layout-flow\">\n<figure class=\"wp-block-image size-full\"><img decoding=\"async\" src=\"https:\/\/gpdstore.net\/wp-content\/uploads\/\" alt=\"Analogni &#x161;tap za GPS Win 4\" class=\"wp-image-1557\"\/><\/figure>\n\n\n\n<h3 class=\"wp-block-heading\"><strong><strong><strong>Vrhunska kontrola:<\/strong> Savladavanje igranja s ALPS 3D joysticcima i 6-osnim kretanjem.<\/strong><\/strong><\/h3>\n\n\n\n<p>GPD WIN 4 2023 nudi vrhunsko iskustvo igranja sa svojim ALPS 3D joystickima i tipkama za igranje. Ove visokokvalitetne kontrole pru\u017eaju precizan unos i optimalnu povratnu informaciju, osiguravaju\u0107i precizno i \u200b\u200bimpresivno igranje. Sa 6-osnim \u017eiroskopom u\u017eivat \u0107ete u pobolj\u0161anim kontrolama pokreta, \u0161to omogu\u0107uje intuitivno kretanje u kompatibilnim igrama. Dvostruki vibracijski motori dodatno pobolj\u0161avaju va\u0161e iskustvo igranja, pru\u017eaju\u0107i taktilnu povratnu informaciju koja va\u0161im avanturama dodaje novu razinu uronjenosti.   <\/p>\n<\/div>\n\n\n\n<div class=\"wp-block-column is-layout-flow wp-block-column-is-layout-flow\">\n<figure class=\"wp-block-image size-full\"><img decoding=\"async\" width=\"300\" height=\"300\" src=\"https:\/\/gpdstore.net\/wp-content\/uploads\/2024\/05\/078c9d42-e74f-4fb3-893b-5f22ffd9d6ed.__CR1300600600_PT0_SX300_V1___.jpg\" alt=\"SSD u GPD-u Win 4\" class=\"wp-image-1558\" srcset=\"https:\/\/gpdstore.net\/wp-content\/uploads\/2024\/05\/078c9d42-e74f-4fb3-893b-5f22ffd9d6ed.__CR1300600600_PT0_SX300_V1___.jpg 300w, https:\/\/gpdstore.net\/wp-content\/uploads\/2024\/05\/078c9d42-e74f-4fb3-893b-5f22ffd9d6ed.__CR1300600600_PT0_SX300_V1___-150x150.jpg 150w, https:\/\/gpdstore.net\/wp-content\/uploads\/2024\/05\/078c9d42-e74f-4fb3-893b-5f22ffd9d6ed.__CR1300600600_PT0_SX300_V1___-100x100.jpg 100w\" sizes=\"(max-width: 300px) 100vw, 300px\" \/><\/figure>\n\n\n\n<h3 class=\"wp-block-heading\"><strong><strong><strong>Nula ka\u0161njenja:<\/strong> Uklanjanje vremena u\u010ditavanja s do 4 TB PCIe 4.0 SSD pohrane.<\/strong><\/strong><\/h3>\n\n\n\n<p>GPD WIN 4 2023 nudi obilje mogu\u0107nosti pohrane kako bi zadovoljio va\u0161e potrebe za igranjem i multimedijom. S PCIe 4.0 M.2 2280 SSD, mo\u017eete birati izme\u0111u 512 GB, 2 TB ili \u010dak 4 TB prostora za pohranu. Ovaj brzi SSD osigurava brz pristup podacima i smanjeno vrijeme u\u010ditavanja, omogu\u0107uju\u0107i vam da se bez odlaganja bacite na svoje omiljene igre. S tako velikim kapacitetom pohrane, nikada se ne\u0107ete morati brinuti o tome da \u0107e vam ponestati prostora za va\u0161u rastu\u0107u kolekciju igara, filmova ili drugih medijskih datoteka.    <\/p>\n<\/div>\n\n\n\n<div class=\"wp-block-column is-layout-flow wp-block-column-is-layout-flow\">\n<figure class=\"wp-block-image size-full\"><img decoding=\"async\" width=\"300\" height=\"300\" src=\"https:\/\/gpdstore.net\/wp-content\/uploads\/2024\/05\/a8eb6f30-f8ed-4e5f-8fa9-fd52740523bc.__CR1530747747_PT0_SX300_V1___.jpg\" alt=\"Sustav hla&#x111;enja za GPD win mini\" class=\"wp-image-1559\" srcset=\"https:\/\/gpdstore.net\/wp-content\/uploads\/2024\/05\/a8eb6f30-f8ed-4e5f-8fa9-fd52740523bc.__CR1530747747_PT0_SX300_V1___.jpg 300w, https:\/\/gpdstore.net\/wp-content\/uploads\/2024\/05\/a8eb6f30-f8ed-4e5f-8fa9-fd52740523bc.__CR1530747747_PT0_SX300_V1___-150x150.jpg 150w, https:\/\/gpdstore.net\/wp-content\/uploads\/2024\/05\/a8eb6f30-f8ed-4e5f-8fa9-fd52740523bc.__CR1530747747_PT0_SX300_V1___-100x100.jpg 100w\" sizes=\"(max-width: 300px) 100vw, 300px\" \/><\/figure>\n\n\n\n<h3 class=\"wp-block-heading\"><strong><strong><strong>Vrhunske performanse:<\/strong> Sprje\u010davanje gu\u0161enja s 50% u\u010dinkovitijim sustavom hla\u0111enja s dvostrukim toplinskim cijevima.<\/strong><\/strong><\/h3>\n\n\n\n<p>GPD WIN 4 2023 uklju\u010duje sofisticirani sustav hla\u0111enja koji osigurava optimalne performanse \u010dak i tijekom duljih igra\u0107ih sesija. S debelim dvostrukim toplinskim cijevima, ovo prijenosno igra\u0107e ra\u010dunalo pove\u0107ava toplinsku u\u010dinkovitost za 50% u usporedbi s prethodnim modelima. Pobolj\u0161ano odvo\u0111enje topline osigurava da va\u0161 ure\u0111aj ostane hladan pod velikim optere\u0107enjima, sprje\u010davaju\u0107i pad performansi i odr\u017eavaju\u0107i glatko i neprekidno igranje.  <\/p>\n<\/div>\n<\/div>\n\n<h2 class=\"wp-block-heading\">GPD WIN 4 2024: Proboj u prijenosnim igra\u0107im ra\u010dunalima<\/h2>\n\n<figure class=\"wp-block-image size-large\"><img decoding=\"async\" src=\"https:\/\/gpdstore.net\/wp-content\/uploads\/\" alt=\"GPD Win 4 u bijeloj boji\" class=\"wp-image-1626\"\/><\/figure>\n\n<h2 class=\"wp-block-heading\"><strong>Neusporedive performanse: Sadr\u017ei AMD Ryzen 7 i 5 procesore<\/strong><\/h2>\n\n<p>U sr\u017ei <strong>GPD WIN 4 2023<\/strong> le\u017ei izbor izme\u0111u <a href=\"https:\/\/www.amd.com\/en\/products\/apu\/amd-ryzen-7-7840u\" target=\"_blank\" rel=\"noreferrer noopener\">AMD Ryzen 7 7840U<\/a> procesora, s 8 jezgri i 16 niti koje rade do 5,1 GHz, i <a href=\"https:\/\/www.amd.com\/en\/products\/apu\/amd-ryzen-5-7640u\" target=\"_blank\" rel=\"noreferrer noopener\">AMD Ryzen 5 7640U<\/a> sa 6 jezgri i 12 niti, koji posti\u017eu brzine do 4,9 GHz. Uparen s AMD Radeon GPU-ima, <strong>GPD WIN 4 2023<\/strong> osigurava glatko igranje \u010dak i u najzahtjevnijim igrama. Njegova sna\u017ena grafi\u010dka kartica pru\u017ea zapanjuju\u0107e vizualne prikaze i glatke sli\u010dice u sekundi, nude\u0107i impresivno iskustvo igranja, bilo da istra\u017eujete prostrane otvorene svjetove ili sudjelujete u intenzivnim bitkama za vi\u0161e igra\u010da.<\/p>\n\n<h2 class=\"wp-block-heading\"><strong>Oslobodite svoju kreativnost: do 64 GB LPDDR5X RAM-a<\/strong><\/h2>\n\n<p>Kako bi upotpunio nevjerojatne performanse, <strong>GPD WIN 4 2023<\/strong> opremljen je s 32 GB ili 64 GB LPDDR5X RAM-a na modelu 7840U i 16 GB <a href=\"https:\/\/en.wikipedia.org\/wiki\/LPDDR\" target=\"_blank\" rel=\"noreferrer noopener\">LPDDR5X<\/a> RAM-a na modelu 7640U. S munjevito brzom memorijom od 6400 MT\/s, iskusite brzo vrijeme u\u010ditavanja i besprijekoran multitasking. Recite zbogom ka\u0161njenju i u\u017eivajte u neprekinutom igranju dok osvajate zadatke, istra\u017eujete nova carstva ili stvarate svoja virtualna remek-djela.<\/p>\n\n<h2 class=\"wp-block-heading\"><strong>Zadivljuju\u0107i vizualni prikaz: 6&#8243; zaslon osjetljiv na dodir<\/strong><\/h2>\n\n<p>Do\u017eivite igranje kao nikada prije uz zapanjuju\u0107i 6&#8243; zaslon osjetljiv na dodir <strong>GPD WIN 4 2023<\/strong>. Uz Full HD rezoluciju (1920&#215;1080) i gusto\u0107u piksela od 368 <a href=\"https:\/\/en.wikipedia.org\/wiki\/Pixel_density\" target=\"_blank\" rel=\"noreferrer noopener\">PPI,<\/a> svaki je kadar prikazan precizno i jasno. Zaslon podr\u017eava brzinu osvje\u017eavanja od 44 Hz i 60 Hz, osiguravaju\u0107i glatko igranje i minimiziraju\u0107i zamu\u0107enje pokreta. Uronite u zadivljuju\u0107e svjetove svojih omiljenih igara s vizualnim elementima koji o\u017eivljavaju.   <\/p>\n\n<h2 class=\"wp-block-heading\"><strong>Tipkanje bez napora: QWERTY tipkovnica s podesivim pozadinskim osvjetljenjem<\/strong><\/h2>\n\n<p>Dizajniran za prakti\u010dnost, <strong>GPD WIN 4 2023<\/strong> ima QWERTY tipkovnicu sa \u0161karastim tipkama. Pru\u017eaju\u0107i taktilno iskustvo tipkanja, ova tipkovnica omogu\u0107uje vam razgovor s prijateljima, pregledavanje weba ili bilje\u017eenje bez napora. Uvijek uklju\u010deno podesivo pozadinsko osvjetljenje osigurava da mo\u017eete nastaviti igrati ili raditi \u010dak i u slabo osvijetljenim okru\u017eenjima. Neprimjetan prijelaz s igranja na produktivnost uz udobnu i svestranu tipkovnicu <strong>GPD WIN 4 2023<\/strong>.   <\/p>\n\n<h2 class=\"wp-block-heading\"><strong>Fluidna navigacija: Opti\u010dka navigacija prstom<\/strong><\/h2>\n\n<p>Navigacija kroz va\u0161e omiljene igre i aplikacije jednostavna je uz opti\u010dku navigaciju prstima <strong>GPD WIN 4 2023<\/strong>. Recite zbogom nezgrapnim dodirnim plo\u010dicama i u\u017eivajte u preciznoj i responzivnoj kontroli uz ovu intuitivnu zna\u010dajku. Bilo da se pomi\u010dete kroz izbornike ili istra\u017eujete \u0161iroka okru\u017eenja, opti\u010dka navigacija prstima pru\u017ea glatku i preciznu navigaciju za besprijekorno korisni\u010dko iskustvo.  <\/p>\n\n<h2 class=\"wp-block-heading\"><strong>Svestrana povezivost: USB4, OCuLink, USB Type-C i utor za microSD karticu<\/strong><\/h2>\n\n<figure class=\"wp-block-image size-full\"><img decoding=\"async\" src=\"https:\/\/gpdstore.net\/wp-content\/uploads\/\" alt=\"GPD WIN 4 s GPD G1\" class=\"wp-image-1625\"\/><\/figure>\n\n<p><strong>GPD WIN 4 2023<\/strong> zadovoljava va\u0161e potrebe povezivanja s nizom opcija. USB4 priklju\u010dak omogu\u0107uje vam povezivanje vanjskih ure\u0111aja i perifernih ure\u0111aja, pro\u0161iruju\u0107i va\u0161e mogu\u0107nosti igranja. <a href=\"https:\/\/droix.net\/blogs\/oculink-transforming-graphics-card-connectivity\/\" target=\"_blank\" rel=\"noreferrer noopener\">OCuLink<\/a> priklju\u010dak pru\u017ea izravnu <a href=\"https:\/\/en.wikipedia.org\/wiki\/PCI_Express\" target=\"_blank\" rel=\"noreferrer noopener\">PCIe<\/a> Gen4 x4 vezu s impresivnom efektivnom propusno\u0161\u0107u od 63 Gbps, podr\u017eavaju\u0107i munjevito brz prijenos podataka i GPD G1 priklju\u010dnu stanicu za dodatne mogu\u0107nosti povezivanja. USB Type-C priklju\u010dak osigurava kompatibilnost s raznim ure\u0111ajima, a utor za microSD karticu omogu\u0107uje prakti\u010dno pro\u0161irenje pohrane.   <\/p>\n\n<h2 class=\"wp-block-heading\"><strong>Brzo povezivanje: Wi-Fi 6 i Bluetooth 5.2<\/strong><\/h2>\n\n<p>Ostanite besprijekorno povezani uz Wi-Fi 6 mogu\u0107nost <strong>GPD WIN 4 2023<\/strong>. Nudi brzine do 2042 Mbps, u\u017eivajte u online igranju bez ka\u0161njenja, glatkom streamingu i brzom preuzimanju. Oprostite se od zaostajanja i u\u017eivajte u stabilnoj i responzivnoj vezi kamo god vas pustolovine odvedu. Bilo da se borite s protivnicima online ili streamate svoj omiljeni sadr\u017eaj, <strong>GPD WIN 4 2023<\/strong> odr\u017eava vas povezanima neusporedivom brzinom.   <\/p>\n\n<h2 class=\"wp-block-heading\"><strong>Opcionalni 4G LTE modul: ostanite povezani bilo gdje<\/strong><\/h2>\n\n<p>Za one koji \u017eude za neprekidnom vezom daleko od Wi-Fi mre\u017ea, <strong>GPD WIN 4 2023<\/strong> nudi opcijski GPD 4G LTE modul. Podr\u017eavaju\u0107i 4G TD-LTE, FDD-LTE i 3G CDMA mre\u017ee, ovaj modul osigurava da ostanete povezani gdje god se nalazili. Jednostavno umetnite Nano-SIM karticu i imat \u0107ete pristup brzim i pouzdanim mobilnim podacima u pokretu. Ostanite povezani s prijateljima, uklju\u010dite se u online multiplayer i u\u017eivajte u streamingu zabave bez oslanjanja na Wi-Fi mre\u017ee.   <\/p>\n\n<h2 class=\"wp-block-heading\"><strong>Predstavljamo MotionAssistant: Podignite svoje iskustvo igranja<\/strong><\/h2>\n\n<p>Kako biste dodatno pobolj\u0161ali svoje iskustvo igranja, <strong>GPD WIN 4 2023<\/strong> dolazi opremljen mo\u0107nim softverom MotionAssistant. Posebno razvijen za seriju GPD ru\u010dnih ure\u0111aja za igranje, ovaj alat nudi niz zna\u010dajki optimizacije za fino pode\u0161avanje va\u0161eg iskustva igranja. Od TDP pode\u0161avanja u koracima od 1 W do frekvencije zaklju\u010davanja GPU-a, imate potpunu kontrolu nad performansama svog ure\u0111aja. Unaprijed definirane postavke potro\u0161nje energije omogu\u0107uju vam uravnote\u017eenje performansi i trajanja baterije prema va\u0161im potrebama. Softver tako\u0111er nudi tipke pre\u010daca za prebacivanje prednjeg plana, preklapanje na zaslonu igranja za brzi pristup osnovnim funkcijama i prilago\u0111eno mapiranje gumba za povratak na tipke pre\u010daca. Uz MotionAssistant promijenite postavke bez prekidanja igranja, \u0161to olak\u0161ava optimizaciju va\u0161eg iskustva igranja nego ikad.     <\/p>\n\n<h2 class=\"wp-block-heading\"><strong>U zaklju\u010dku<\/strong><\/h2>\n\n<p><strong>GPD WIN 4 2023<\/strong> redefinira igranje u pokretu, nude\u0107i kompaktan oblik sa sna\u017enim hardverom, zadivljuju\u0107im zaslonom, udobnim kontrolama i svestranom povezivo\u0161\u0107u. Bilo da ste povremeni igra\u010d koji u\u017eiva u svojim omiljenim naslovima ili ozbiljan entuzijast koji tra\u017ei igranje visokih performansi u pokretu, <strong>GPD WIN 4 2023<\/strong> savr\u0161en je suputnik. Oslobodite svoju mo\u0107 igranja bilo gdje i bilo kada uz ovaj izvanredan ure\u0111aj. Pripremite se za redefiniranje prijenosnih igara s <strong>GPD WIN 4 2023<\/strong>.   <\/p>\n\n<h3 class=\"wp-block-heading\"><strong>Prednosti GPD WIN 4 2023:<\/strong><\/h3>\n\n<ol class=\"wp-block-list\">\n<li><strong>Sna\u017ene performanse:<\/strong> Sadr\u017ei procesor i GPU AMD Ryzen 5 i 7 serije visokih performansi, koji nude iznimne performanse igranja i mogu\u0107nosti obavljanja vi\u0161e zadataka.<\/li>\n\n\n\n<li><strong>Kompaktan i prijenosan dizajn:<\/strong> Ru\u010dni oblik pru\u017ea prakti\u010dnost igranja u pokretu. Lagan je i lako stane u torbu, \u0161to vam omogu\u0107uje da u\u017eivate u igranju gdje god se nalazili. <\/li>\n\n\n\n<li><strong>Svestrana povezivost:<\/strong> Nudi niz opcija povezivanja, uklju\u010duju\u0107i USB4, Oculink, USB Type-C i utor za microSD karticu. Ove opcije pru\u017eaju fleksibilnost za povezivanje vanjskih ure\u0111aja i pro\u0161irenje prostora za pohranu. <\/li>\n\n\n\n<li><strong>Mogu\u0107nosti prilagodbe:<\/strong> Uz softver MotionAssistant, fino podesite i optimizirajte svoje iskustvo igranja. Od TDP pode\u0161avanja do prilago\u0111enog mapiranja gumba, prilagodite ure\u0111aj svojim \u017eeljama. <\/li>\n\n\n\n<li><strong>Sveobuhvatno rje\u0161enje za igranje:<\/strong> Kombiniraju\u0107i funkcionalnost ra\u010dunala za igranje s prenosivo\u0161\u0107u ru\u010dnog ure\u0111aja, eliminiraju\u0107i potrebu za zasebnim igra\u0107im konzolama i omogu\u0107uju\u0107i vam u\u017eivanje u \u0161irokom rasponu igara na jednom ure\u0111aju.<\/li>\n<\/ol>\n\n<h3 class=\"wp-block-heading\"><strong>Nedostaci GPD WIN 4 2023:<\/strong><\/h3>\n\n<ol class=\"wp-block-list\">\n<li><strong>Ograni\u010dena veli\u010dina zaslona:<\/strong> Sadr\u017ei 6-in\u010dni zaslon osjetljiv na dodir, koji se mo\u017ee \u010diniti malim u usporedbi s ve\u0107im ru\u010dnim ure\u0111ajima za igranje ili stolnim monitorima, \u0161to potencijalno utje\u010de na impresivno iskustvo za neke igra\u010de.<\/li>\n\n\n\n<li><strong>Smanjena veli\u010dina tipkovnice:<\/strong> Zbog kompaktnog oblika, tipkovnica je manja i mo\u017ee potrajati neko vrijeme da se prilagodi korisnicima koji su navikli na tipkovnice pune veli\u010dine.<\/li>\n\n\n\n<li><strong>Oslanjanje na bateriju:<\/strong> Budu\u0107i da je prijenosni ure\u0111aj, GPD WIN 4 2023 oslanja se na svoju unutarnju bateriju za napajanje. Produljene sesije igranja mogu zahtijevati \u010desto punjenje, ograni\u010davaju\u0107i koli\u010dinu neprekinutog igranja. <\/li>\n<\/ol>\n","protected":false},"excerpt":{"rendered":"<ul>\n<li>CPU: AMD Ryzen 5 \/ 7<strong> 7640U \/ 7840U <\/strong> <\/li>\n<li>GPU: AMD Radeon<strong> 760M \/ 780M<\/strong><\/li>\n<li>RAM: do<strong> 64 GB LPDDR5X @ 6400 MT\/s<\/strong><\/li>\n<li>POHRANA: do <strong>4TB<\/strong> <strong>Gen 4<\/strong> PCI-E NVMe SSD<\/li>\n<li>POVEZIVANJE: Podr\u0161ka za<strong> Wi-Fi 6 i<\/strong> Bluetooth <strong>5.2<\/strong><\/li>\n<\/ul>\n<p><img loading=\"lazy\" decoding=\"async\" src=\"https:\/\/gpdstore.net\/wp-content\/uploads\/2024\/03\/WIN-4-FREE-GIFTS.jpg\" alt=\"\" width=\"2000\" height=\"500\" class=\"alignnone size-full wp-image-4175\" srcset=\"https:\/\/gpdstore.net\/wp-content\/uploads\/2024\/03\/WIN-4-FREE-GIFTS.jpg 2000w, https:\/\/gpdstore.net\/wp-content\/uploads\/2024\/03\/WIN-4-FREE-GIFTS-600x150.jpg 600w, https:\/\/gpdstore.net\/wp-content\/uploads\/2024\/03\/WIN-4-FREE-GIFTS-1200x300.jpg 1200w, https:\/\/gpdstore.net\/wp-content\/uploads\/2024\/03\/WIN-4-FREE-GIFTS-768x192.jpg 768w, https:\/\/gpdstore.net\/wp-content\/uploads\/2024\/03\/WIN-4-FREE-GIFTS-1536x384.jpg 1536w, https:\/\/gpdstore.net\/wp-content\/uploads\/2024\/03\/WIN-4-FREE-GIFTS-360x90.jpg 360w, https:\/\/gpdstore.net\/wp-content\/uploads\/2024\/03\/WIN-4-FREE-GIFTS-990x248.jpg 990w, https:\/\/gpdstore.net\/wp-content\/uploads\/2024\/03\/WIN-4-FREE-GIFTS-441x110.jpg 441w, https:\/\/gpdstore.net\/wp-content\/uploads\/2024\/03\/WIN-4-FREE-GIFTS-150x38.jpg 150w\" sizes=\"(max-width: 2000px) 100vw, 2000px\" \/><\/p>\n[cg_accordion title=\"PODACI O PLA\u0106ANJU\"]<\/p>\n<p>Koristimo najnoviju tehnologiju u obradi pla\u0107anja, koja vam omogu\u0107uje naplatu putem va\u0161e debitne\/kreditne kartice ili PayPal-a za brzo i sigurno iskustvo.[\/cg_accordion]\n[cg_accordion title=\"JAMSTVO\"]<\/p>\n<p>2 godine jamstva <a href=\"https:\/\/droix.net\/\" target=\"_blank\" rel=\"nofollow noopener\">tvrtke DROIX Global<\/a> za va\u0161 mir[\/cg_accordion]\n[cg_accordion title=\"OSIGURANJE KVALITETE I ISPITIVANJE PRIJE OTPREME\"]<\/p>\n<p>Osiguravanje zadovoljstva kupaca na najvi\u0161oj razini: Svaki ure\u0111aj prolazi rigorozno testiranje i vi\u0161estruku provjeru kvalitete prije slanja. Na\u0161 predani tim provjerava performanse, funkcionalnost i integritet komponenti kako bi jam\u010dio da je va\u0161 GPD ure\u0111aj u savr\u0161enom radnom stanju po dolasku, pru\u017eaju\u0107i vam povjerenje i mir. [\/cg_accordion]\n[cg_accordion title=\"CIJENE, POREZI I DOSTAVA\"]<\/p>\n<p><strong><u>Bilje\u0161ka:<\/u><\/strong><\/p>\n<ul>\n<li>Kupci u Sjedinjenim Ameri\u010dkim Dr\u017eavama: Prikazana cijena NE uklju\u010duje POREZ niti carine. Odgovornost za carinjenje i pla\u0107anje svih povezanih poreza\/carina le\u017ei na kupcu. <\/li>\n<li>Kupci iz EU-a: Prikazana cijena uklju\u010duje primjenjivi POREZ, koji mo\u017ee iznositi do 25%, ovisno o va\u0161oj zemlji.<\/li>\n<li>Kupci u Kanadi: Prikazana cijena uklju\u010duje primjenjive poreze, koji mogu uklju\u010divati 5% GST-a i dodatne pokrajinske poreze na promet (PST), uskla\u0111eni porez na promet (HST) ili porez na promet u Quebecu (QST), ovisno o va\u0161oj pokrajini.<\/li>\n<\/ul>\n<p><strong>SAMO za kupce iz EU-a:<\/strong> Ekspresni DDP (isporu\u010dena carina pla\u0107ena). To zna\u010di: <\/p>\n<ul>\n<li>Sve carine i porezi uklju\u010deni su u cijenu prikazanu na stranici proizvoda.<\/li>\n<li>Ne\u0107ete morati pla\u0107ati nikakve dodatne tro\u0161kove po isporuci.<\/li>\n<li>U rijetkim slu\u010dajevima problema povezanih s carinom, na\u0161 tim \u0107e voditi postupak carinjenja u va\u0161e ime kako bi osigurao nesmetano iskustvo isporuke.<\/li>\n<p>Va\u017ene informacije o povratima:<\/p>\n<li>Ako odlu\u010dite vratiti narud\u017ebu ili zatra\u017eiti povrat novca, imajte na umu da se porezi i carine pla\u0107eni u va\u0161e ime prema uvjetima DDP-a ne mogu vratiti.<\/li>\n<p>Za detaljne informacije pogledajte <a href=\"https:\/\/droix.net\/terms-and-conditions\/\" target=\"_blank\" rel=\"nofollow noopener\">na\u0161e Uvjete i odredbe<\/a> .\n<\/ul>\n<p>[\/cg_accordion]\n[cg_accordion title=\"KORISNI\u010cKA PODR\u0160KA\"]<\/p>\n<p>Imate pitanje? Kratak tekst dijeli nas od rje\u0161avanja va\u0161eg problema! <\/p>\n<p>Za detaljne informacije pogledajte <a href=\"https:\/\/gpdstore.net\/hr\/terms-of-service\/\" target=\"_blank\" rel=\"nofollow noopener\">na\u0161e Uvjete i odredbe<\/a> .\n<\/ul>\n<p>[\/cg_accordion]\n[cg_accordion title=\"\u0160TO JE UKLJU\u010cENO\"]<\/p>\n<ul>\n<li>1x GPD POBJEDA 4 2023<\/li>\n<li>1x adapter za napajanje<\/li>\n<li>1x USB Type-C kabel<\/li>\n<li>1x Korisni\u010dki priru\u010dnik<\/li>\n<\/ul>\n<p>[\/cg_accordion]\n","protected":false},"featured_media":169717,"template":"","meta":{"_acf_changed":false},"product_brand":[],"product_cat":[17567],"product_tag":[17801],"woo-feed-brand":[5607],"class_list":{"0":"post-169439","1":"product","2":"type-product","3":"status-publish","4":"has-post-thumbnail","6":"product_cat-gpd-rucno-racunalo-za-igranje","7":"product_tag-gpd-win-4-hr","8":"product_shipping_class-premium","9":"pa_bluetooth-5-2-hr","10":"pa_brand-gpd","11":"pa_graphics-gpu-model-radeon-760m-hr","12":"pa_graphics-gpu-model-radeon-780m-hr","13":"pa_i-o-video-1x-oculink-hr","14":"pa_i-o-video-putem-1x-usb-4-0-type-c-40-gb-s","15":"pa_memory-ram-capacity-16-gb-hr","16":"pa_memory-ram-capacity-32-gb-hr","17":"pa_memory-ram-capacity-64-gb-hr","18":"pa_memory-ram-technology-lpddr5x-hr","19":"pa_processor-cpu-model-amd-ryzen-5-7640u","20":"pa_processor-cpu-model-amd-ryzen-7-7840u","21":"pa_storage-capacity-1-tb-hr","22":"pa_storage-capacity-2tb-hr","23":"pa_storage-capacity-4-tb-hr","24":"pa_storage-capacity-512-gb-hr","25":"pa_storage-technology-pcie-4-generacija","26":"pa_wi-fi-wi-fi-6-hr","27":"woo-feed-brand-gpd-hr","29":"first","30":"outofstock","31":"sale","32":"taxable","33":"shipping-taxable","34":"purchasable","35":"product-type-variable","36":"has-default-attributes"},"acf":[],"aioseo_notices":[],"_links":{"self":[{"href":"https:\/\/gpdstore.net\/hr\/wp-json\/wp\/v2\/product\/169439","targetHints":{"allow":["GET"]}}],"collection":[{"href":"https:\/\/gpdstore.net\/hr\/wp-json\/wp\/v2\/product"}],"about":[{"href":"https:\/\/gpdstore.net\/hr\/wp-json\/wp\/v2\/types\/product"}],"wp:featuredmedia":[{"embeddable":true,"href":"https:\/\/gpdstore.net\/hr\/wp-json\/wp\/v2\/media\/169717"}],"wp:attachment":[{"href":"https:\/\/gpdstore.net\/hr\/wp-json\/wp\/v2\/media?parent=169439"}],"wp:term":[{"taxonomy":"product_brand","embeddable":true,"href":"https:\/\/gpdstore.net\/hr\/wp-json\/wp\/v2\/product_brand?post=169439"},{"taxonomy":"product_cat","embeddable":true,"href":"https:\/\/gpdstore.net\/hr\/wp-json\/wp\/v2\/product_cat?post=169439"},{"taxonomy":"product_tag","embeddable":true,"href":"https:\/\/gpdstore.net\/hr\/wp-json\/wp\/v2\/product_tag?post=169439"},{"taxonomy":"woo-feed-brand","embeddable":true,"href":"https:\/\/gpdstore.net\/hr\/wp-json\/wp\/v2\/woo-feed-brand?post=169439"}],"curies":[{"name":"wp","href":"https:\/\/api.w.org\/{rel}","templated":true}]}}