{"id":135364,"date":"2024-01-23T12:16:16","date_gmt":"2024-01-23T12:16:16","guid":{"rendered":"https:\/\/gpdstore.net\/Bez%20kategorije\/gpd-mikro-racunalo\/"},"modified":"2025-12-23T10:24:18","modified_gmt":"2025-12-23T10:24:18","slug":"gpd-micro-pc","status":"publish","type":"product","link":"https:\/\/gpdstore.net\/hr\/product\/gpd-micro-pc\/","title":{"rendered":"GPD mikro ra\u010dunalo UMPC"},"content":{"rendered":"\n<figure class=\"wp-block-video\"><video controls=\"\" muted=\"\" poster=\"https:\/\/gpdstore.net\/wp-content\/uploads\/2024\/01\/gpd-hero.jpg\" src=\"https:\/\/gpdstore.net\/wp-content\/uploads\/2024\/01\/Video-Project-22.mp4\"><\/video><\/figure>\n\n<div class=\"wp-block-columns is-layout-flex wp-container-core-columns-is-layout-28f84493 wp-block-columns-is-layout-flex\">\n<div class=\"wp-block-column is-layout-flow wp-block-column-is-layout-flow\" style=\"flex-basis:33.33%\">\n<figure class=\"wp-block-image size-full\"><img fetchpriority=\"high\" decoding=\"async\" width=\"1200\" height=\"929\" src=\"https:\/\/gpdstore.net\/wp-content\/uploads\/2024\/05\/1271643.jpg\" alt=\"GPD Micro PC, kompaktno i svestrano mini ra&#x10D;unalo dizajnirano za ra&#x10D;unalstvo i produktivnost u pokretu.\" class=\"wp-image-1670\" srcset=\"https:\/\/gpdstore.net\/wp-content\/uploads\/2024\/05\/1271643.jpg 1200w, https:\/\/gpdstore.net\/wp-content\/uploads\/2024\/05\/1271643-150x116.jpg 150w, https:\/\/gpdstore.net\/wp-content\/uploads\/2024\/05\/1271643-600x465.jpg 600w, https:\/\/gpdstore.net\/wp-content\/uploads\/2024\/05\/1271643-768x595.jpg 768w, https:\/\/gpdstore.net\/wp-content\/uploads\/2024\/05\/1271643-990x766.jpg 990w, https:\/\/gpdstore.net\/wp-content\/uploads\/2024\/05\/1271643-441x341.jpg 441w\" sizes=\"(max-width: 1200px) 100vw, 1200px\" \/><\/figure>\n<\/div>\n\n\n\n<div class=\"wp-block-column is-layout-flow wp-block-column-is-layout-flow\" style=\"flex-basis:66.66%\">\n<h2 class=\"wp-block-heading\">Alat za mobilnu produktivnost s vi\u0161e su\u010delja: 6&#8243; MicroPC!<\/h2>\n\n\n\n<p>Dok je Microsoft Surface Go slavljen kao kompaktan, lagan i pristupa\u010dan mo\u0107ni ure\u0111aj, 6&#8243; MicroPC ga podi\u017ee na vi\u0161u razinu. Ne samo da je manji od Surface Goa, ve\u0107 se mo\u017ee pohvaliti i s vi\u0161e su\u010delja, \u0161to ga \u010dini nevjerojatno svestranim ure\u0111ajem. Ovo \u010dudo veli\u010dine dlana, koje mjeri samo 15 mm na najtanjoj to\u010dki i te\u017ei samo 440 g, dizajnirano je za iznimno prenosivost bez ugro\u017eavanja performansi. S potro\u0161njom energije toplinskog dizajna od samo 10 W, MicroPC pru\u017ea performanse u rangu s Surface Go, a sve po povoljnijoj cijeni. Idealan za profesionalce u svim industrijama, MicroPC je su\u0161tinski alat za mobilnu produktivnost!<\/p>\n<\/div>\n<\/div>\n\n<h2 class=\"wp-block-heading has-text-align-center\">Iznimna prenosivost susre\u0107e prakti\u010dan dizajn: Specifikacije i oblik GPD mikro ra\u010dunala<\/h2>\n\n<div class=\"wp-block-columns is-layout-flex wp-container-core-columns-is-layout-28f84493 wp-block-columns-is-layout-flex\">\n<div class=\"wp-block-column is-layout-flow wp-block-column-is-layout-flow\">\n<figure class=\"wp-block-image size-full is-resized\"><img decoding=\"async\" width=\"1000\" height=\"899\" src=\"https:\/\/gpdstore.net\/wp-content\/uploads\/2024\/05\/714PPtewL._AC_UF10001000_QL80_.jpg\" alt=\"GPD mikro ra&#x10D;unalo s 6-in&#x10D;nim IPS zaslonom, idealno za prijenosno ra&#x10D;unalstvo i multimedijske zadatke.\" class=\"wp-image-1675\" style=\"width:299px;height:auto\" srcset=\"https:\/\/gpdstore.net\/wp-content\/uploads\/2024\/05\/714PPtewL._AC_UF10001000_QL80_.jpg 1000w, https:\/\/gpdstore.net\/wp-content\/uploads\/2024\/05\/714PPtewL._AC_UF10001000_QL80_-150x135.jpg 150w, https:\/\/gpdstore.net\/wp-content\/uploads\/2024\/05\/714PPtewL._AC_UF10001000_QL80_-600x539.jpg 600w, https:\/\/gpdstore.net\/wp-content\/uploads\/2024\/05\/714PPtewL._AC_UF10001000_QL80_-768x690.jpg 768w, https:\/\/gpdstore.net\/wp-content\/uploads\/2024\/05\/714PPtewL._AC_UF10001000_QL80_-990x890.jpg 990w, https:\/\/gpdstore.net\/wp-content\/uploads\/2024\/05\/714PPtewL._AC_UF10001000_QL80_-441x396.jpg 441w\" sizes=\"(max-width: 1000px) 100vw, 1000px\" \/><\/figure>\n\n\n\n<h3 class=\"wp-block-heading\">Vrhunski d\u017eepni PC: Za\u0161to je 6-in\u010dni format savr\u0161en za digitalne nomade<\/h3>\n\n\n\n<p>Dimenzija samo 6 in\u010da x 4 in\u010da i te\u017eine samo 440 grama, ovo mini ra\u010dunalo savr\u0161eno je za profesionalce, studente i digitalne nomade koji su uvijek u pokretu. S \u010detverojezgrenim Intelovim procesorom, <a href=\"https:\/\/gpdstore.net\/hr\/product-attribute\/memory-ram-capacity\/8-gb-hr\/\" target=\"_blank\" rel=\"noreferrer noopener\">8 GB<\/a> RAM-a i <a href=\"https:\/\/gpdstore.net\/hr\/product-attribute\/storage-capacity\/256-gb-hr\/\" target=\"_blank\" data-type=\"link\" data-id=\"https:\/\/gpdstore.net\/product-attribute\/storage-capacity\/256gb\/\" rel=\"noreferrer noopener\">256 GB,<\/a> <a href=\"https:\/\/gpdstore.net\/hr\/product-attribute\/storage-capacity\/512-gb-hr\/\" target=\"_blank\" rel=\"noreferrer noopener\">512 GB<\/a> ili <a href=\"https:\/\/gpdstore.net\/hr\/product-attribute\/storage-capacity\/1-tb-hr\/\" target=\"_blank\" rel=\"noreferrer noopener\">1 TB<\/a> prostora za pohranu, pru\u017ea brze performanse za multitasking i zabavu na zaslonu visoke razlu\u010divosti.<\/p>\n<\/div>\n\n\n\n<div class=\"wp-block-column is-layout-flow wp-block-column-is-layout-flow\">\n<figure class=\"wp-block-image size-full\"><img decoding=\"async\" width=\"300\" height=\"300\" src=\"https:\/\/gpdstore.net\/wp-content\/uploads\/2024\/05\/078e6b89-8d78-4318-bf09-8caf8fecef63.__CR1800840840_PT0_SX300_V1___.jpg\" alt=\"GPD Micro PC, dizajniran da bude otporan na udarce za izdr&#x17E;ljivost u raznim okru&#x17E;enjima\" class=\"wp-image-1672\" srcset=\"https:\/\/gpdstore.net\/wp-content\/uploads\/2024\/05\/078e6b89-8d78-4318-bf09-8caf8fecef63.__CR1800840840_PT0_SX300_V1___.jpg 300w, https:\/\/gpdstore.net\/wp-content\/uploads\/2024\/05\/078e6b89-8d78-4318-bf09-8caf8fecef63.__CR1800840840_PT0_SX300_V1___-150x150.jpg 150w, https:\/\/gpdstore.net\/wp-content\/uploads\/2024\/05\/078e6b89-8d78-4318-bf09-8caf8fecef63.__CR1800840840_PT0_SX300_V1___-100x100.jpg 100w\" sizes=\"(max-width: 300px) 100vw, 300px\" \/><\/figure>\n\n\n\n<h3 class=\"wp-block-heading\"><strong>ABS ku\u0107i\u0161te zrakoplovne klase: Pregled izdr\u017eljivosti i za\u0161tite GPD Micro ra\u010dunala<\/strong><\/h3>\n\n\n\n<p>Izra\u0111en od vrhunske ABS sinteti\u010dke smole LG-DOW 121H, uvezene iz Ju\u017ene Koreje, ovaj materijal nudi iznimnu izdr\u017eljivost i za\u0161titu. Sa zna\u010dajnom debljinom od 1 mm, mo\u017ee se pohvaliti otporno\u0161\u0107u na plamen, visokom otporno\u0161\u0107u na toplinu i V-0 vatrootpornim certifikatom. Njegova impresivna tvrdo\u0107a po Rockwellu do 109 R i \u010dvrsto\u0107a na savijanje od 26000 kg\/cm\u00b2<\/p>\n<\/div>\n\n\n\n<div class=\"wp-block-column is-layout-flow wp-block-column-is-layout-flow\">\n<figure class=\"wp-block-image size-full\"><img loading=\"lazy\" decoding=\"async\" width=\"300\" height=\"300\" src=\"https:\/\/gpdstore.net\/wp-content\/uploads\/2024\/05\/84908091-c530-4179-9369-d0a566b13ce8.__CR1260949949_PT0_SX300_V1___.jpg\" alt=\"GPD mikro ra&#x10D;unalo s podr&#x161;kom za pro&#x161;irene periferne ure&#x111;aje, omogu&#x107;uju&#x107;i svestranu povezivost i funkcionalnost u kompaktnom obliku\" class=\"wp-image-1674\" srcset=\"https:\/\/gpdstore.net\/wp-content\/uploads\/2024\/05\/84908091-c530-4179-9369-d0a566b13ce8.__CR1260949949_PT0_SX300_V1___.jpg 300w, https:\/\/gpdstore.net\/wp-content\/uploads\/2024\/05\/84908091-c530-4179-9369-d0a566b13ce8.__CR1260949949_PT0_SX300_V1___-150x150.jpg 150w, https:\/\/gpdstore.net\/wp-content\/uploads\/2024\/05\/84908091-c530-4179-9369-d0a566b13ce8.__CR1260949949_PT0_SX300_V1___-100x100.jpg 100w\" sizes=\"(max-width: 300px) 100vw, 300px\" \/><\/figure>\n\n\n\n<h3 class=\"wp-block-heading\"><strong>Pro\u0161irenje pohrane i funkcionalnosti: Kori\u0161tenje USB 3.0 i Micro SD utora<\/strong><\/h3>\n\n\n\n<p>Opremljen s tri USB 3.0 su\u010delja i Micro SD utorom, ovaj ure\u0111aj mo\u017ee primiti do \u010detiri vanjska ure\u0111aja za pohranu, nude\u0107i gotovo neograni\u010den kapacitet pohrane. Ali svestranost tu ne prestaje. Uz mogu\u0107nost povezivanja dodatnih perifernih ure\u0111aja putem Huba, mo\u017eete prilagoditi svoje postavke svojim potrebama, bilo da se radi o pove\u0107anju produktivnosti ili pro\u0161irenju funkcionalnosti.<\/p>\n<\/div>\n<\/div>\n\n<figure class=\"wp-block-image size-large\"><img loading=\"lazy\" decoding=\"async\" width=\"1200\" height=\"563\" src=\"https:\/\/gpdstore.net\/wp-content\/uploads\/2024\/05\/1068053-1200x563.jpg\" alt=\"GPD Micro PC, kompaktno i sna&#x17E;no mini ra&#x10D;unalo idealno za mobilno ra&#x10D;unalstvo i produktivnost u pokretu\" class=\"wp-image-1678\" srcset=\"https:\/\/gpdstore.net\/wp-content\/uploads\/2024\/05\/1068053-1200x563.jpg 1200w, https:\/\/gpdstore.net\/wp-content\/uploads\/2024\/05\/1068053-150x70.jpg 150w, https:\/\/gpdstore.net\/wp-content\/uploads\/2024\/05\/1068053-600x281.jpg 600w, https:\/\/gpdstore.net\/wp-content\/uploads\/2024\/05\/1068053-768x360.jpg 768w, https:\/\/gpdstore.net\/wp-content\/uploads\/2024\/05\/1068053-1536x720.jpg 1536w, https:\/\/gpdstore.net\/wp-content\/uploads\/2024\/05\/1068053-990x464.jpg 990w, https:\/\/gpdstore.net\/wp-content\/uploads\/2024\/05\/1068053-441x207.jpg 441w, https:\/\/gpdstore.net\/wp-content\/uploads\/2024\/05\/1068053.jpg 1920w\" sizes=\"(max-width: 1200px) 100vw, 1200px\" \/><\/figure>\n\n<p><br\/>Do\u017eivite vrhunske performanse u kompaktnom pakiranju s GPD Micro PC-jem. Ovo mini prijenosno ra\u010dunalo s Windows 10 PRO sustavom prilago\u0111eno je onima koji tra\u017ee brzo i u\u010dinkovito industrijsko ra\u010dunalo s robusnim komunikacijskim priklju\u010dcima.<\/p>\n\n<figure class=\"wp-block-image size-large\"><img loading=\"lazy\" decoding=\"async\" width=\"1200\" height=\"600\" src=\"https:\/\/gpdstore.net\/wp-content\/uploads\/2024\/05\/MicroPC-1200x600.jpg\" alt=\"GPD Micro PC, malo, ali sna&#x17E;no prijenosno ra&#x10D;unalo dizajnirano za svestrane ra&#x10D;unalne zadatke\" class=\"wp-image-1677\" srcset=\"https:\/\/gpdstore.net\/wp-content\/uploads\/2024\/05\/MicroPC-1200x600.jpg 1200w, https:\/\/gpdstore.net\/wp-content\/uploads\/2024\/05\/MicroPC-150x75.jpg 150w, https:\/\/gpdstore.net\/wp-content\/uploads\/2024\/05\/MicroPC-600x300.jpg 600w, https:\/\/gpdstore.net\/wp-content\/uploads\/2024\/05\/MicroPC-768x384.jpg 768w, https:\/\/gpdstore.net\/wp-content\/uploads\/2024\/05\/MicroPC-1536x768.jpg 1536w, https:\/\/gpdstore.net\/wp-content\/uploads\/2024\/05\/MicroPC-990x495.jpg 990w, https:\/\/gpdstore.net\/wp-content\/uploads\/2024\/05\/MicroPC-441x221.jpg 441w, https:\/\/gpdstore.net\/wp-content\/uploads\/2024\/05\/MicroPC.jpg 1920w\" sizes=\"(max-width: 1200px) 100vw, 1200px\" \/><\/figure>\n\n<p>Rade\u0107i na brzom Intel\u00ae Celeron\u00ae N4120 \u010detverojezgrenom procesoru, koji dose\u017ee turbo frekvenciju do 2.6 GHz i podr\u017ean s <a href=\"https:\/\/gpdstore.net\/hr\/product-attribute\/memory-ram-capacity\/8-gb-hr\/\" target=\"_blank\" rel=\"noreferrer noopener\">8 GB<\/a> brzog <a href=\"https:\/\/gpdstore.net\/hr\/product-attribute\/memory-ram-technology\/lpddr4-hr\/\" target=\"_blank\" rel=\"noreferrer noopener\">LPDDR4<\/a> RAM-a, Micro PC pru\u017ea impresivne performanse. Odaberite jednu od tri opcije pohrane: <a href=\"https:\/\/gpdstore.net\/hr\/product-attribute\/storage-capacity\/256-gb-hr\/\" target=\"_blank\" rel=\"noreferrer noopener\">256 GB,<\/a> <a href=\"https:\/\/gpdstore.net\/hr\/product-attribute\/storage-capacity\/512-gb-hr\/\" target=\"_blank\" rel=\"noreferrer noopener\">512 GB<\/a> ili <a href=\"https:\/\/gpdstore.net\/hr\/product-attribute\/storage-capacity\/1-tb-hr\/\" target=\"_blank\" rel=\"noreferrer noopener\">1 TB<\/a> NGFF M.2 SATA SSD, s mogu\u0107no\u0161\u0107u kasnije nadogradnje.<\/p>\n\n<p>Povezivost je vrhunac, \u010dak i konkurent industrijskim ra\u010dunalima pune veli\u010dine, s tri USB 3.0 Type A priklju\u010dka, jednim USB Type-C priklju\u010dkom, RS232 serijskim priklju\u010dkom, RJ45 1 GB\/s Ethernet priklju\u010dkom, HDMI priklju\u010dkom i \u010dita\u010dem MicroSD kartica. Be\u017ei\u010dne opcije uklju\u010duju 802.11b\/g\/n\/ac, 2.4G\/5G dvopojasni Wi-Fi i <a href=\"https:\/\/gpdstore.net\/hr\/product-attribute\/Bluetooth\/4-2-hr\/\" target=\"_blank\" rel=\"noreferrer noopener\">Bluetooth 4.2<\/a>.<\/p>\n\n<p>6-in\u010dni zaslon Micro PC-a ima rezoluciju od 1280&#215;720, za\u0161ti\u0107en Corning Gorilla Glass 4 staklom otpornim na ogrebotine. Unato\u010d sna\u017enom hardveru, ovaj je ure\u0111aj kompaktan, dimenzija samo 6&#8243; x 4,4&#8243; x 0,9&#8243; kada je zatvoren &#8211; dovoljno malen da stane u d\u017eep ili malu torbu.<\/p>\n\n<p>Za vrhunsko iskustvo mikro ra\u010dunala, GPD Micro nudi iznimnu prenosivost, \u0161iroku povezivost i visoke performanse, \u0161to ga \u010dini idealnim izborom za entuzijaste mikro ra\u010dunala s operativnim sustavom Windows 10.<\/p>\n\n<figure class=\"wp-block-image size-large\"><img loading=\"lazy\" decoding=\"async\" width=\"1200\" height=\"500\" src=\"https:\/\/gpdstore.net\/wp-content\/uploads\/2024\/05\/1068559-1200x500.jpg\" alt=\"GPD Micro PC, kompaktno i robusno mini ra&#x10D;unalo savr&#x161;eno za mobilno ra&#x10D;unalstvo i produktivnost.\" class=\"wp-image-1676\" srcset=\"https:\/\/gpdstore.net\/wp-content\/uploads\/2024\/05\/1068559-1200x500.jpg 1200w, https:\/\/gpdstore.net\/wp-content\/uploads\/2024\/05\/1068559-150x63.jpg 150w, https:\/\/gpdstore.net\/wp-content\/uploads\/2024\/05\/1068559-600x250.jpg 600w, https:\/\/gpdstore.net\/wp-content\/uploads\/2024\/05\/1068559-768x320.jpg 768w, https:\/\/gpdstore.net\/wp-content\/uploads\/2024\/05\/1068559-1536x640.jpg 1536w, https:\/\/gpdstore.net\/wp-content\/uploads\/2024\/05\/1068559-990x413.jpg 990w, https:\/\/gpdstore.net\/wp-content\/uploads\/2024\/05\/1068559-441x184.jpg 441w, https:\/\/gpdstore.net\/wp-content\/uploads\/2024\/05\/1068559.jpg 1920w\" sizes=\"(max-width: 1200px) 100vw, 1200px\" \/><\/figure>\n","protected":false},"excerpt":{"rendered":"<ul>\n<li>Prilago\u0111eno IT stru\u010dnjacima<\/li>\n<li>Intelov \u010dipset N4120<\/li>\n<li>Windows 10 <strong>Pro<\/strong><\/li>\n<li>RS-232 serijski priklju\u010dak<\/li>\n<li>Dvopojasni Wi-Fi i 1 gigabitni RJ45 priklju\u010dak<\/li>\n<\/ul>\n<p>[cg_accordion title=\"PODACI O PLA\u0106ANJU\"]  Koristimo najnoviju tehnologiju u obradi pla\u0107anja, koja vam omogu\u0107uje naplatu putem va\u0161e debitne\/kreditne kartice ili PayPal-a za brzo i sigurno iskustvo.[\/cg_accordion] [cg_accordion title=\"JAMSTVO\"]  2 godine jamstva tvrtke <a href=\"https:\/\/droix.net\/\" target=\"_blank\" rel=\"nofollow noopener\">DROIX Global<\/a> za va\u0161 mir[\/cg_accordion] [cg_accordion title=\"OSIGURANJE KVALITETE I ISPITIVANJE PRIJE OTPREME\"]  Osiguravanje zadovoljstva kupaca na najvi\u0161oj razini: Svaki ure\u0111aj prolazi rigorozno testiranje i vi\u0161estruku provjeru kvalitete prije slanja. Na\u0161 predani tim provjerava performanse, funkcionalnost i integritet komponenti kako bi jam\u010dio da je va\u0161 GPD ure\u0111aj u savr\u0161enom radnom stanju po dolasku, pru\u017eaju\u0107i vam povjerenje i mir. [\/cg_accordion] [cg_accordion title=\"PRICING, TAXES AND SHIPPING\"] <strong><u>Bilje\u0161ka:<\/u><\/strong><\/p>\n<ul>\n<li>Kupci u Sjedinjenim Ameri\u010dkim Dr\u017eavama: Prikazana cijena NE uklju\u010duje POREZ niti carine. Odgovornost za carinjenje i pla\u0107anje svih povezanih poreza\/carina le\u017ei na kupcu. <\/li>\n<li>Kupci iz EU-a: Prikazana cijena uklju\u010duje primjenjivi POREZ, koji mo\u017ee iznositi do 25%, ovisno o va\u0161oj zemlji.<\/li>\n<li>Kupci u Kanadi: Prikazana cijena uklju\u010duje primjenjive poreze, koji mogu uklju\u010divati 5% GST-a i dodatne pokrajinske poreze na promet (PST), uskla\u0111eni porez na promet (HST) ili porez na promet u Quebecu (QST), ovisno o va\u0161oj pokrajini.<\/li>\n<\/ul>\n<p><strong>SAMO za kupce iz EU-a:<\/strong> Ekspresni DDP (isporu\u010dena carina pla\u0107ena). To zna\u010di: <\/p>\n<ul>\n<li style=\"list-style-type: none;\">\n<ul>\n<li>Sve carine i porezi uklju\u010deni su u cijenu prikazanu na stranici proizvoda.<\/li>\n<li>Ne\u0107ete morati pla\u0107ati nikakve dodatne tro\u0161kove po isporuci.<\/li>\n<li>U rijetkim slu\u010dajevima problema povezanih s carinom, na\u0161 tim \u0107e voditi postupak carinjenja u va\u0161e ime kako bi osigurao nesmetano iskustvo isporuke.<\/li>\n<p>Va\u017ene informacije o povratima:<\/p>\n<li>Ako odlu\u010dite vratiti narud\u017ebu ili zatra\u017eiti povrat novca, imajte na umu da se porezi i carine pla\u0107eni u va\u0161e ime prema uvjetima DDP-a ne mogu vratiti.<\/li>\n<p>Molimo pogledajte na\u0161e<\/ul>\n<\/li>\n<\/ul>\n<p><a href=\"https:\/\/droix.net\/terms-and-conditions\/\" target=\"_blank\" rel=\"nofollow noopener\">Uvjeti i odredbe<\/a><\/p>\n<ul>za detaljne informacije.<\/ul>\n<p>[\/cg_accordion] [cg_accordion title=\"KORISNI\u010cKA PODR\u0160KA\"]  Imate pitanje? Kratki smo tekst udaljeni od rje\u0161avanja va\u0161eg problema!  Za detaljne informacije pogledajte <a href=\"https:\/\/gpdstore.net\/hr\/terms-of-service\/\" target=\"_blank\" rel=\"nofollow noopener\">na\u0161e Uvjete i odredbe<\/a> .  [\/cg_accordion] [cg_accordion title=\"WHAT'S INCLUDED\"]<\/p>\n<ul>\n<li>1x GPD mikro ra\u010dunalo<\/li>\n<li>1x adapter za napajanje<\/li>\n<li>1x USB Type-C kabel<\/li>\n<li>1x Korisni\u010dki priru\u010dnik<\/li>\n<\/ul>\n<p>[\/cg_accordion]<\/p>\n","protected":false},"featured_media":119460,"template":"","meta":{"_acf_changed":false},"product_brand":[],"product_cat":[6830],"product_tag":[16627,7307],"woo-feed-brand":[5607],"class_list":{"0":"post-135364","1":"product","2":"type-product","3":"status-publish","4":"has-post-thumbnail","6":"product_cat-gpd-mini-prijenosna-racunala","7":"product_tag-10xmsale-hr","8":"product_tag-gpd-mikro-racunalo","9":"product_shipping_class-standard","10":"pa_bluetooth-4-2-hr","11":"pa_brand-gpd","12":"pa_graphics-gpu-model-uhd-grafika-600","13":"pa_i-o-video-1x-hdmi-2-0-tip-a","14":"pa_memory-ram-capacity-8-gb-hr","15":"pa_memory-ram-technology-lpddr4-hr","16":"pa_processor-cpu-model-celeron-n4120-processor","17":"pa_storage-capacity-256-gb-hr","18":"pa_storage-capacity-256gb","19":"pa_storage-capacity-512-gb-hr","20":"pa_storage-capacity-512gb","21":"pa_storage-capacity-1-tb-hr","22":"pa_storage-capacity-1tb","23":"pa_storage-technology-m-2-2242-ssd-hr","24":"pa_wi-fi-2-4g-5g-dvopojasni","25":"woo-feed-brand-gpd-hr","27":"first","28":"outofstock","29":"sale","30":"taxable","31":"shipping-taxable","32":"purchasable","33":"product-type-variable","34":"has-default-attributes"},"acf":[],"aioseo_notices":[],"_links":{"self":[{"href":"https:\/\/gpdstore.net\/hr\/wp-json\/wp\/v2\/product\/135364","targetHints":{"allow":["GET"]}}],"collection":[{"href":"https:\/\/gpdstore.net\/hr\/wp-json\/wp\/v2\/product"}],"about":[{"href":"https:\/\/gpdstore.net\/hr\/wp-json\/wp\/v2\/types\/product"}],"wp:featuredmedia":[{"embeddable":true,"href":"https:\/\/gpdstore.net\/hr\/wp-json\/wp\/v2\/media\/119460"}],"wp:attachment":[{"href":"https:\/\/gpdstore.net\/hr\/wp-json\/wp\/v2\/media?parent=135364"}],"wp:term":[{"taxonomy":"product_brand","embeddable":true,"href":"https:\/\/gpdstore.net\/hr\/wp-json\/wp\/v2\/product_brand?post=135364"},{"taxonomy":"product_cat","embeddable":true,"href":"https:\/\/gpdstore.net\/hr\/wp-json\/wp\/v2\/product_cat?post=135364"},{"taxonomy":"product_tag","embeddable":true,"href":"https:\/\/gpdstore.net\/hr\/wp-json\/wp\/v2\/product_tag?post=135364"},{"taxonomy":"woo-feed-brand","embeddable":true,"href":"https:\/\/gpdstore.net\/hr\/wp-json\/wp\/v2\/woo-feed-brand?post=135364"}],"curies":[{"name":"wp","href":"https:\/\/api.w.org\/{rel}","templated":true}]}}