{"id":1279307,"date":"2026-02-16T12:09:41","date_gmt":"2026-02-16T12:09:41","guid":{"rendered":"https:\/\/gpdstore.net\/product\/usb-4-0-type-c-kabel\/"},"modified":"2026-04-24T10:40:42","modified_gmt":"2026-04-24T10:40:42","slug":"usb-4-0-type-c-cable-2","status":"publish","type":"product","link":"https:\/\/gpdstore.net\/hr\/product\/usb-4-0-type-c-cable-2\/","title":{"rendered":"USB 4.0 Type-C kabel"},"content":{"rendered":"\n<h2 class=\"wp-block-heading\"><strong>USB4 kabel USB C: Vrhunsko rje\u0161enje za napajanje i prijenos podataka putem Thunderbolt 4<\/strong><\/h2>\n\n<p>USB4 kabel USB C je visokou\u010dinkovito rje\u0161enje za povezivanje dizajnirano da zadovolji stroge zahtjeve modernih profesionalnih i igra\u0107ih postavki. Bez obzira spajate li vrhunski MacBook, eGPU ili brzi SSD, ovaj kabel osigurava da va\u0161 hardver radi na apsolutnom vrhuncu. Budu\u0107i da integrira najnovije Thunderbolt 4 standarde, pru\u017ea univerzalni most za sve va\u0161e Type-C ure\u0111aje, pru\u017eaju\u0107i neusporedivu svestranost u jednom, elegantnom pakiranju.  <\/p>\n\n<p>Klju\u010dno je da je ovaj USB4 kabel USB C savr\u0161en pratitelj za najnoviju generaciju ultra-mo\u0107nih ru\u010dnih igra\u0107ih ra\u010dunala. Ako koristite <a href=\"https:\/\/gpdstore.net\/hr\/product\/gpd-win-5\/\" target=\"_blank\" rel=\"noopener\" title=\"\">GPD WIN 5<\/a> ili ONEXPLAYER APEX, ovaj kabel vam omogu\u0107uje da u potpunosti iskoristite njihove USB4 40Gbps portove za vanjske GPU dockove ili brzi prijenos podataka. <\/p>\n\n<hr class=\"wp-block-separator has-alpha-channel-opacity\"\/>\n\n<h2 class=\"wp-block-heading\"><strong>Iskusite nevjerojatne brzine s USB4 kabelom od 40 Gbps USB C<\/strong><\/h2>\n\n<p>Prijenos podataka dose\u017ee nove visine s ovim kabelom, nude\u0107i brzine do 40 Gbps. To je znatno br\u017ee od standardnih USB-C alternativa, \u0161to vam omogu\u0107uje prijenos ogromnih datoteka u sekundama, a ne minutama. Budu\u0107i da je u potpunosti kompatibilan s <a href=\"https:\/\/www.thunderbolttechnology.net\/blog\/thunderbolt-3-usb-c-does-it-all\" target=\"_blank\" rel=\"noopener nofollow\" title=\"\">Thunderbolt 3<\/a> i USB 3.2, mo\u017eete ga koristiti na \u0161irokom rasponu starijeg i modernog hardvera bez \u017ertvovanja performansi. Posljedi\u010dno, to je neophodan alat za korisnike kojima je potrebno premostiti jaz izme\u0111u svojih prijenosnih ure\u0111aja i perifernih ure\u0111aja stolne klase.   <\/p>\n\n<h2 class=\"wp-block-heading\"><strong>Brza isporuka napajanja od 240 W za visokou\u010dinkovita prijenosna ra\u010dunala<\/strong><\/h2>\n\n<p>Napajanje va\u0161ih ure\u0111aja jednako je u\u010dinkovito kao i prijenos podataka. USB4 kabel USB C podr\u017eava PD 3.1 EPR, \u0161to omogu\u0107uje ogroman kapacitet brzog punjenja od 240 W (48 V\/5 A). To zna\u010di da lako mo\u017ee podnijeti zahtjeve za napajanjem 16-in\u010dnog MacBook Pro-a ili najnovijih prijenosnih ra\u010dunala za igranje.  <\/p>\n\n<p>Kako bi se osigurala sigurnost tijekom ovih prijenosa visokog napona, kabel ima ugra\u0111eni E-Marker \u010dip koji inteligentno upravlja protokom energije i sprje\u010dava pregrijavanje. Ova razina snage posebno je korisna za <a href=\"https:\/\/gpdstore.net\/hr\/product\/gpd-win-5\/\" target=\"_blank\" rel=\"noopener\" title=\"\">GPD WIN 5<\/a> , pru\u017eaju\u0107i stabilno napajanje tijekom intenzivnih igra\u0107ih sesija od 120 W TDP-a ili pri brzom punjenju baterija velikog kapaciteta. <\/p>\n\n<hr class=\"wp-block-separator has-alpha-channel-opacity\"\/>\n\n<h2 class=\"wp-block-heading\"><strong>Vizualna izvrsnost s 8K60Hz i podr\u0161kom za dvostruki 4K<\/strong><\/h2>\n\n<p>Ako ste kreativni profesionalac ili ljubitelj igara, video mogu\u0107nosti ovog USB4 kabela USB C \u0107e vas impresionirati. Podr\u017eava jedan 8K Ultra HD zaslon s glatkom brzinom osvje\u017eavanja od 60Hz, osiguravaju\u0107i da se svaki detalj prikazuje s o\u0161trom jasno\u0107om. Alternativno, kabel mo\u017ee pokretati dva 4K monitora, \u0161to ga \u010dini bitnim alatom za vi\u0161ezada\u0107ne i impresivne radne stanice. Nadalje, korisnici GPD WIN 5 mogu u\u017eivati \u200b\u200bu besprijekornom 8K izlazu na vanjske zaslone za pravo iskustvo rada na ra\u010dunalu.   <\/p>\n\n<h2 class=\"wp-block-heading\"><strong>Robusna kvaliteta izrade i univerzalna kompatibilnost<\/strong><\/h2>\n\n<p>Izdr\u017eljivost je u sr\u017ei dizajna. Kabel je izra\u0111en od PVC-a i 48-\u017eilnog najlonskog pletenog vanjskog dijela, koji je posebno konstruiran da izdr\u017ei vi\u0161e od 10 000 savijanja. Nadalje, ku\u0107i\u0161te od aluminijske legure pru\u017ea vrhunski osje\u0107aj, a istovremeno \u0161titi unutarnju bakrenu jezgru bez kisika. Ova robusna konstrukcija osigurava da USB4 kabel USB C ostane pouzdan dio va\u0161eg pribora godinama koje dolaze, bilo da ga nosite u putnoj torbi s ru\u010dnim ure\u0111ajem ili je trajno pri\u010dvr\u0161\u0107en za va\u0161 stol.   <\/p>\n\n<hr class=\"wp-block-separator has-alpha-channel-opacity\"\/>\n\n<h2 class=\"wp-block-heading\"><strong>Osigurajte svoj USB4 kabel USB C ve\u0107 danas<\/strong><\/h2>\n\n<p>Ne dopustite da vas spore brzine prijenosa podataka ili slabo punjenje vi\u0161e usporavaju. Ovaj vrhunski kabel definitivna je nadogradnja za svakoga tko koristi iPhone serije 15, iPad Pro, GPD WIN 5 ili visokou\u010dinkovito ra\u010dunalo. Potra\u017enja za ovom specifi\u010dnom specifikacijom Thunderbolt 4 od 240 W je velika, stoga reagirajte odmah kako biste osigurali da \u0107ete svoj kabel primiti na vrijeme. Posjetite na\u0161u trgovinu ve\u0107 danas kako biste iskusili budu\u0107nost povezivosti i osigurali da va\u0161i ure\u0111aji uvijek rade punom parom!   <\/p>\n","protected":false},"excerpt":{"rendered":"<ul>\n<li><strong>40 Gbps podataka<\/strong> \u2013 Munjevito brz prijenos za ogromne datoteke.<\/li>\n<li><strong>Punjenje od 240 W<\/strong> \u2013 PD 3.1 za visokou\u010dinkovita prijenosna ra\u010dunala.<\/li>\n<li><strong>8K60Hz video<\/strong> \u2013 podr\u0161ka za o\u0161tar 8K ili dva 4K zaslona.<\/li>\n<li><strong>E-Marker \u010dip<\/strong> \u2013 Pametna sigurnost za stabilnu isporuku energije.<\/li>\n<li><strong>Pletena konstrukcija<\/strong> \u2013 Oja\u010dana \u0161koljka od najlona i aluminija.<\/li>\n<\/ul>\n[cg_accordion title=\"PODACI O PLA\u0106ANJU\"]<\/p>\n<p>Koristimo najnoviju tehnologiju u obradi pla\u0107anja, koja vam omogu\u0107uje naplatu putem va\u0161e debitne\/kreditne kartice ili PayPal-a za brzo i sigurno iskustvo.[\/cg_accordion]\n[cg_accordion title=\"JAMSTVO\"]<\/p>\n<p>1 godina jamstva tvrtke <a href=\"https:\/\/droix.net\/\" target=\"_blank\" rel=\"nofollow noopener\">DROIX Global<\/a> za va\u0161 mir[\/cg_accordion]\n[cg_accordion title=\"OSIGURANJE KVALITETE I ISPITIVANJE PRIJE OTPREME\"]<\/p>\n<p>Osiguravanje zadovoljstva kupaca na najvi\u0161oj razini: Svaki ure\u0111aj prolazi rigorozno testiranje i vi\u0161estruku provjeru kvalitete prije slanja. Na\u0161 predani tim provjerava performanse, funkcionalnost i integritet komponenti kako bi jam\u010dio da je va\u0161 GPD ure\u0111aj u savr\u0161enom radnom stanju po dolasku, pru\u017eaju\u0107i vam povjerenje i mir. [\/cg_accordion]\n[cg_accordion title=\"CIJENE, POREZI I DOSTAVA\"]<\/p>\n<p><strong><u>Bilje\u0161ka:<\/u><\/strong><\/p>\n<ul>\n<li>Kupci u Sjedinjenim Ameri\u010dkim Dr\u017eavama: Prikazana cijena NE uklju\u010duje POREZ niti carine. Odgovornost za carinjenje i pla\u0107anje svih povezanih poreza\/carina le\u017ei na kupcu. <\/li>\n<li>Kupci iz EU-a: Prikazana cijena uklju\u010duje primjenjivi POREZ, koji mo\u017ee iznositi do 25%, ovisno o va\u0161oj zemlji.<\/li>\n<li>Kupci u Kanadi: Prikazana cijena uklju\u010duje primjenjive poreze, koji mogu uklju\u010divati 5% GST-a i dodatne pokrajinske poreze na promet (PST), uskla\u0111eni porez na promet (HST) ili porez na promet u Quebecu (QST), ovisno o va\u0161oj pokrajini.<\/li>\n<\/ul>\n<p>Za na\u0161e kupce iz SAD-a: Narud\u017ebe se \u0161alju DAP-om (Dostava na mjesto). Iako su kupci odgovorni za pla\u0107anje svih primjenjivih carina, oslanjamo se na na\u0161e veliko iskustvo u dostavi iz Ujedinjenog Kraljevstva kako bismo osigurali da platite najni\u017eu mogu\u0107u naknadu. Na temelju na\u0161e evidencije, te naknade obi\u010dno ne prelaze 10% vrijednosti artikla.  <\/p>\n<p><strong>SAMO za kupce iz EU-a:<\/strong> Ekspresni DDP (isporu\u010dena carina pla\u0107ena). To zna\u010di: <\/p>\n<ul>\n<li>Sve carine i porezi uklju\u010deni su u cijenu prikazanu na stranici proizvoda.<\/li>\n<li>Ne\u0107ete morati pla\u0107ati nikakve dodatne tro\u0161kove po isporuci.<\/li>\n<li>U rijetkim slu\u010dajevima problema povezanih s carinom, na\u0161 tim \u0107e voditi postupak carinjenja u va\u0161e ime kako bi osigurao nesmetano iskustvo isporuke.<\/li>\n<p>Va\u017ene informacije o povratima:<\/p>\n<li>Ako odlu\u010dite vratiti narud\u017ebu ili zatra\u017eiti povrat novca, imajte na umu da se porezi i carine pla\u0107eni u va\u0161e ime prema uvjetima DDP-a ne mogu vratiti.<\/li>\n<p>Za detaljne informacije pogledajte <a href=\"https:\/\/droix.net\/terms-and-conditions\/\" target=\"_blank\" rel=\"nofollow noopener\">na\u0161e Uvjete i odredbe<\/a> .\n<\/ul>\n<p>[\/cg_accordion]\n[cg_accordion title=\"KORISNI\u010cKA PODR\u0160KA\"]<\/p>\n<p>Imate pitanje? Kratak tekst dijeli nas od rje\u0161avanja va\u0161eg problema! <\/p>\n<p>Za detaljne informacije pogledajte <a href=\"https:\/\/gpdstore.net\/hr\/terms-of-service\/\" target=\"_blank\" rel=\"nofollow noopener\">na\u0161e Uvjete i odredbe<\/a> .\n<\/ul>\n<p>[\/cg_accordion]\n[cg_accordion title=\"\u0160TO JE UKLJU\u010cENO\"]<\/p>\n<ul>\n<li>1x USB 4.0 Type-C kabel<\/li>\n<\/ul>\n<p>[\/cg_accordion]\n","protected":false},"featured_media":1279327,"template":"","meta":{"_acf_changed":false},"product_brand":[],"product_cat":[5406],"product_tag":[],"woo-feed-brand":[5490],"class_list":{"0":"post-1279307","1":"product","2":"type-product","3":"status-publish","4":"has-post-thumbnail","6":"product_cat-pribor","7":"product_shipping_class-low-end","8":"pa_i-o-video-1x-putem-usb-4-0-type-c-dp-8k60hz","9":"woo-feed-brand-droix-hr","11":"first","12":"instock","13":"sale","14":"taxable","15":"shipping-taxable","16":"purchasable","17":"product-type-variable","18":"has-default-attributes"},"acf":[],"aioseo_notices":[],"_links":{"self":[{"href":"https:\/\/gpdstore.net\/hr\/wp-json\/wp\/v2\/product\/1279307","targetHints":{"allow":["GET"]}}],"collection":[{"href":"https:\/\/gpdstore.net\/hr\/wp-json\/wp\/v2\/product"}],"about":[{"href":"https:\/\/gpdstore.net\/hr\/wp-json\/wp\/v2\/types\/product"}],"wp:featuredmedia":[{"embeddable":true,"href":"https:\/\/gpdstore.net\/hr\/wp-json\/wp\/v2\/media\/1279327"}],"wp:attachment":[{"href":"https:\/\/gpdstore.net\/hr\/wp-json\/wp\/v2\/media?parent=1279307"}],"wp:term":[{"taxonomy":"product_brand","embeddable":true,"href":"https:\/\/gpdstore.net\/hr\/wp-json\/wp\/v2\/product_brand?post=1279307"},{"taxonomy":"product_cat","embeddable":true,"href":"https:\/\/gpdstore.net\/hr\/wp-json\/wp\/v2\/product_cat?post=1279307"},{"taxonomy":"product_tag","embeddable":true,"href":"https:\/\/gpdstore.net\/hr\/wp-json\/wp\/v2\/product_tag?post=1279307"},{"taxonomy":"woo-feed-brand","embeddable":true,"href":"https:\/\/gpdstore.net\/hr\/wp-json\/wp\/v2\/woo-feed-brand?post=1279307"}],"curies":[{"name":"wp","href":"https:\/\/api.w.org\/{rel}","templated":true}]}}