{"id":1276072,"date":"2026-01-22T10:18:28","date_gmt":"2026-01-22T10:18:28","guid":{"rendered":"https:\/\/gpdstore.net\/product\/biwin-rd510-mini-ssd-citac\/"},"modified":"2026-03-29T00:46:26","modified_gmt":"2026-03-29T00:46:26","slug":"biwin-rd510-mini-ssd-reader","status":"publish","type":"product","link":"https:\/\/gpdstore.net\/hr\/product\/biwin-rd510-mini-ssd-reader\/","title":{"rendered":"Biwin RD510 mini SSD \u010dita\u010d"},"content":{"rendered":"\n<h2 class=\"wp-block-heading\">Biwin Mini SSD \u010dita\u010d: Vrhunsko USB 4.0 rje\u0161enje za pohranu za profesionalce<\/h2>\n\n<p><strong>Biwin RD510 Mini SSD \u010dita\u010d<\/strong> predstavlja proboj u tehnologiji prijenosne pohrane. Ovaj visokou\u010dinkoviti \u010dita\u010d prvi je takve vrste, posebno dizajniran za ultrakompaktni &#8220;Mini SSD&#8221; format. Ovi si\u0107u\u0161ni pogoni, dimenzija samo 15,0 mm \u00d7 17,0 mm \u00d7 1,4 mm, zahtijevaju precizno ku\u0107i\u0161te kako bi funkcionirali na najbolji mogu\u0107i na\u010din. <sup>2<\/sup> Budu\u0107i da je ovo <strong>biwin ssd<\/strong> rje\u0161enje prilago\u0111eno tako malim dimenzijama, nudi razinu prenosivosti kakva prije nije vi\u0111ena na tr\u017ei\u0161tu profesionalnog hardvera.  <\/p>\n\n<h2 class=\"wp-block-heading\">Munjevite brzine s Biwin RD510 mini SSD \u010dita\u010dem<\/h2>\n\n<p>Performanse su ono u \u010demu ovaj <strong>biwinn mini SSD \u010dita\u010d<\/strong> zaista blista. Koristi napredni USB 4.0 protokol za nevjerojatne brzine prijenosa podataka do 40 Gbps.3 <sup>Posljedi\u010dno<\/sup> , <strong>Biwin RD510 Mini SSD \u010dita\u010d<\/strong> posti\u017ee sekvencijalne brzine \u010ditanja od 3300 MB\/s i brzine pisanja od 3000 MB\/ <sup>s.4<\/sup> Ove brojke predstavljaju savr\u0161en izbor za korisnike koji \u010desto rukuju 8K video datotekama ili ogromnim softverskim repozitorijima. <\/p>\n\n<p>Nadalje, arhitektura <strong>biwin ssd upravlja\u010dkog programa<\/strong> optimizirana je za moderne operativne sustave kako bi se osigurala jednostavnost uklju\u010di-i-radi. Otkrit \u0107ete da se velike sigurnosne kopije podataka dovr\u0161avaju u sekundama, a ne minutama. Budu\u0107i da je su\u010delje tako u\u010dinkovito, latencija je svedena na apsolutni minimum tijekom intenzivnih profesionalnih aplikacija.  <\/p>\n\n<h2 class=\"wp-block-heading\">Aktivno hla\u0111enje za odr\u017eive performanse Biwin SSD-a<\/h2>\n\n<p>Odr\u017eavanje visokih brzina \u010desto dovodi do toplinskih problema. Stoga je <strong>Biwin RD510 Mini SSD \u010dita\u010d<\/strong> opremljen ugra\u0111enim ventilatorom za aktivno upravljanje toplinom. Ovo toplinsko rje\u0161enje sprje\u010dava pad performansi povezan s pregrijavanjem. Posljedi\u010dno, va\u0161 <strong>Biwin SSD<\/strong> \u0107e odr\u017eati svoju maksimalnu brzinu \u010dak i tijekom migracija podataka koje traju sat vremena.   <\/p>\n\n<p>Robusna konstrukcija <strong>Biwin RD510 Mini SSD \u010dita\u010da<\/strong> osigurava da mo\u017ee izdr\u017eati svakodnevno putovanje na posao. Dok vanjski izgled izgleda elegantno i profesionalno, unutarnje komponente za\u0161ti\u0107ene su od fizi\u010dkih udara. Stabilan i neprekidan rad je prioritet, \u0161to u kona\u010dnici poma\u017ee produ\u017eiti vijek trajanja va\u0161ih medija za pohranu.  <\/p>\n\n<h2 class=\"wp-block-heading\">Vi\u0161eplatformska povezivost za Biwinn Mini SSD \u010dita\u010d<\/h2>\n\n<p>Svestranost je glavna snaga ovog <strong>Biwinn mini SSD \u010dita\u010da<\/strong> . Dolazi s visokokvalitetnim USB 4.0 Type-C na Type-C kabelom kako <sup>bi<\/sup> se otklju\u010dao puni potencijal va\u0161eg hardvera.5 To osigurava da je <strong>Biwin RD510 Mini SSD \u010dita\u010d<\/strong> kompatibilan s velikim brojem modernih ekosustava. <\/p>\n\n<figure class=\"wp-block-table\"><table class=\"has-fixed-layout\"><thead><tr><td><strong>Kategorija sustava<\/strong><\/td><td><strong>Podr\u017eane platforme<\/strong><\/td><\/tr><\/thead><tbody><tr><td><strong>Ra\u010dunala<\/strong><\/td><td>Windows 10\/11, macOS 11.0+<\/td><\/tr><tr><td><strong>Mobilan<\/strong><\/td><td>iOS 17.0+, Android 11.0+<\/td><\/tr><tr><td><strong>Igre<\/strong><\/td><td>PlayStation 5 (Sustav 08+)<\/td><\/tr><tr><td><strong>Operativni sustavi<\/strong><\/td><td>HyperOS 1.0+, HarmonyOS 3.0+<\/td><\/tr><\/tbody><\/table><\/figure>\n","protected":false},"excerpt":{"rendered":"<ul>\n<li><strong>Biwin RD510<\/strong> USB 4.0 mini SSD \u010dita\u010d<\/li>\n<li><strong>USB 4.0 su\u010delje<\/strong> \u2013 Brzi prijenos podataka do 40 Gbps<\/li>\n<li><strong>3300 MB\/s \u010ditanje i 3000 MB\/s pisanje<\/strong> \u2013 Optimizirano za 8K video i velike datoteke<\/li>\n<li><strong>Aktivni sustav hla\u0111enja<\/strong> \u2013 Ugra\u0111eni ventilator za trajne vrhunske performanse<\/li>\n<li><strong>Ultra-prijenosni dizajn<\/strong> \u2013 Posebno dizajniran za Mini SSD format<\/li>\n<\/ul>\n[cg_accordion title=\"PODACI O PLA\u0106ANJU\"]<\/p>\n<p>Koristimo najnoviju tehnologiju u obradi pla\u0107anja, koja vam omogu\u0107uje naplatu putem va\u0161e debitne\/kreditne kartice ili PayPal-a za brzo i sigurno iskustvo.[\/cg_accordion]\n[cg_accordion title=\"JAMSTVO\"]<\/p>\n<p>2 godine jamstva <a href=\"https:\/\/droix.net\/\" target=\"_blank\" rel=\"nofollow noopener\">tvrtke DROIX Global<\/a> za va\u0161 mir[\/cg_accordion]\n[cg_accordion title=\"OSIGURANJE KVALITETE I ISPITIVANJE PRIJE OTPREME\"]<\/p>\n<p>Osiguravanje zadovoljstva kupaca na najvi\u0161oj razini: Svaki ure\u0111aj prolazi rigorozno testiranje i vi\u0161estruku provjeru kvalitete prije slanja. Na\u0161 predani tim provjerava performanse, funkcionalnost i integritet komponenti kako bi jam\u010dio da je va\u0161 GPD ure\u0111aj u savr\u0161enom radnom stanju po dolasku, pru\u017eaju\u0107i vam povjerenje i mir. [\/cg_accordion]\n[cg_accordion title=\"CIJENE, POREZI I DOSTAVA\"]<\/p>\n<p><strong><u>Bilje\u0161ka:<\/u><\/strong><\/p>\n<ul>\n<li>Kupci u Sjedinjenim Ameri\u010dkim Dr\u017eavama: Prikazana cijena NE uklju\u010duje POREZ niti carine. Odgovornost za carinjenje i pla\u0107anje svih povezanih poreza\/carina le\u017ei na kupcu. <\/li>\n<li>Kupci iz EU-a: Prikazana cijena uklju\u010duje primjenjivi POREZ, koji mo\u017ee iznositi do 25%, ovisno o va\u0161oj zemlji.<\/li>\n<li>Kupci u Kanadi: Prikazana cijena uklju\u010duje primjenjive poreze, koji mogu uklju\u010divati 5% GST-a i dodatne pokrajinske poreze na promet (PST), uskla\u0111eni porez na promet (HST) ili porez na promet u Quebecu (QST), ovisno o va\u0161oj pokrajini.<\/li>\n<\/ul>\n<p>Za na\u0161e kupce iz SAD-a: Narud\u017ebe se \u0161alju DAP-om (Dostava na mjesto). Iako su kupci odgovorni za pla\u0107anje svih primjenjivih carina, oslanjamo se na na\u0161e veliko iskustvo u dostavi iz Ujedinjenog Kraljevstva kako bismo osigurali da platite najni\u017eu mogu\u0107u naknadu. Na temelju na\u0161e evidencije, te naknade obi\u010dno ne prelaze 10% vrijednosti artikla.  <\/p>\n<p><strong>SAMO za kupce iz EU-a:<\/strong> Ekspresni DDP (isporu\u010dena carina pla\u0107ena). To zna\u010di: <\/p>\n<ul>\n<li>Sve carine i porezi uklju\u010deni su u cijenu prikazanu na stranici proizvoda.<\/li>\n<li>Ne\u0107ete morati pla\u0107ati nikakve dodatne tro\u0161kove po isporuci.<\/li>\n<li>U rijetkim slu\u010dajevima problema povezanih s carinom, na\u0161 tim \u0107e voditi postupak carinjenja u va\u0161e ime kako bi osigurao nesmetano iskustvo isporuke.<\/li>\n<p>Va\u017ene informacije o povratima:<\/p>\n<li>Ako odlu\u010dite vratiti narud\u017ebu ili zatra\u017eiti povrat novca, imajte na umu da se porezi i carine pla\u0107eni u va\u0161e ime prema uvjetima DDP-a ne mogu vratiti.<\/li>\n<p>Za detaljne informacije pogledajte <a href=\"https:\/\/droix.net\/terms-and-conditions\/\" target=\"_blank\" rel=\"nofollow noopener\">na\u0161e Uvjete i odredbe<\/a> .\n<\/ul>\n<p>[\/cg_accordion]\n[cg_accordion title=\"KORISNI\u010cKA PODR\u0160KA\"]<\/p>\n<p>Imate pitanje? Kratak tekst dijeli nas od rje\u0161avanja va\u0161eg problema! <\/p>\n<p>Za detaljne informacije pogledajte <a href=\"https:\/\/gpdstore.net\/terms-of-service\/\" target=\"_blank\" rel=\"nofollow noopener\">na\u0161e Uvjete i odredbe<\/a> .\n<\/ul>\n<p>[\/cg_accordion]\n[cg_accordion title=\"\u0160TO JE UKLJU\u010cENO\"]<\/p>\n<ul>\n<li>1x Biwin RD510 mini SSD \u010dita\u010d<\/li>\n<\/ul>\n<p>[\/cg_accordion]\n","protected":false},"featured_media":1276079,"template":"","meta":{"_acf_changed":false},"product_brand":[],"product_cat":[5406],"product_tag":[],"woo-feed-brand":[],"class_list":{"0":"post-1276072","1":"product","2":"type-product","3":"status-publish","4":"has-post-thumbnail","6":"product_cat-pribor","7":"product_shipping_class-low-end","9":"pa_brand-biwin","11":"first","12":"outofstock","13":"sale","14":"taxable","15":"shipping-taxable","16":"purchasable","17":"product-type-simple"},"acf":[],"aioseo_notices":[],"_links":{"self":[{"href":"https:\/\/gpdstore.net\/hr\/wp-json\/wp\/v2\/product\/1276072","targetHints":{"allow":["GET"]}}],"collection":[{"href":"https:\/\/gpdstore.net\/hr\/wp-json\/wp\/v2\/product"}],"about":[{"href":"https:\/\/gpdstore.net\/hr\/wp-json\/wp\/v2\/types\/product"}],"wp:featuredmedia":[{"embeddable":true,"href":"https:\/\/gpdstore.net\/hr\/wp-json\/wp\/v2\/media\/1276079"}],"wp:attachment":[{"href":"https:\/\/gpdstore.net\/hr\/wp-json\/wp\/v2\/media?parent=1276072"}],"wp:term":[{"taxonomy":"product_brand","embeddable":true,"href":"https:\/\/gpdstore.net\/hr\/wp-json\/wp\/v2\/product_brand?post=1276072"},{"taxonomy":"product_cat","embeddable":true,"href":"https:\/\/gpdstore.net\/hr\/wp-json\/wp\/v2\/product_cat?post=1276072"},{"taxonomy":"product_tag","embeddable":true,"href":"https:\/\/gpdstore.net\/hr\/wp-json\/wp\/v2\/product_tag?post=1276072"},{"taxonomy":"woo-feed-brand","embeddable":true,"href":"https:\/\/gpdstore.net\/hr\/wp-json\/wp\/v2\/woo-feed-brand?post=1276072"}],"curies":[{"name":"wp","href":"https:\/\/api.w.org\/{rel}","templated":true}]}}