{"id":1261313,"date":"2025-10-23T08:14:29","date_gmt":"2025-10-23T08:14:29","guid":{"rendered":"https:\/\/gpdstore.net\/?post_type=product&#038;p=1261313"},"modified":"2026-01-19T14:00:23","modified_gmt":"2026-01-19T14:00:23","slug":"gpd-win-5-battery","status":"publish","type":"product","link":"https:\/\/gpdstore.net\/hr\/product\/gpd-win-5-battery\/","title":{"rendered":"GPD WIN 5 baterija"},"content":{"rendered":"\n<p><strong>Punjiva litij-ionska baterija GPD WIN 5<\/strong> je osnovni pribor dizajniran za maksimiziranje vremena igranja va\u0161eg GPD WIN 5 ru\u010dnog igra\u0107eg ra\u010dunala. Dizajnirana za visoke performanse i besprijekornu integraciju, ova originalna vanjska baterija od 80 Wh omogu\u0107uje vam da se odvojite od zidne uti\u010dnice i iskusite vrhunsko PC igranje u pokretu.<\/p>\n\n<hr class=\"wp-block-separator has-alpha-channel-opacity\"\/>\n\n<h3 class=\"wp-block-heading\">Klju\u010dne zna\u010dajke:<\/h3>\n\n<p>\ud83d\udd0b Pro\u0161ireni kapacitet od 80,04 Wh<\/p>\n\n<p>S velikom nazivnom energijom od 80,04 Wh i nazivnim kapacitetom od 5170 mAh, ova baterija pru\u017ea zna\u010dajno vrijeme rada, omogu\u0107uju\u0107i vam u\u017eivanje u duljim igrama daleko od uti\u010dnice.<\/p>\n\n<p>\u26a1 Isporuka velike snage<\/p>\n\n<p>S nazivnim naponom od 15,48 V i ograni\u010denim naponom punjenja od 17,80 V, ovaj 4-\u0107elijski litij-ionski paket napravljen je za zahtjevnu potro\u0161nju energije sna\u017enog AMD Strix Halo APU-a GPD WIN 5.<\/p>\n\n<p>\ud83d\udd04 Modularni dizajn za brzo spajanje<\/p>\n\n<p>Baterija ima vlasni\u010dki mehanizam za brzo spajanje koji se lako i sigurno pri\u010dvr\u0161\u0107uje na stra\u017enju stranu GPD WIN 5 ru\u010dnog ra\u010dunala (kao \u0161to je prikazano na slici), \u0161to je \u010dini modularnom i omogu\u0107uje zamjenu tijekom rada s rezervnom baterijom.<\/p>\n\n<p>\ud83d\udcaa Ergonomski i integriran<\/p>\n\n<p>Dizajniran za savr\u0161enu integraciju s ku\u0107i\u0161tem GPD WIN 5, baterijski paket zadr\u017eava ru\u010dni oblik ure\u0111aja, a istovremeno dodaje potreban ergonomski hvat i izvor napajanja.<\/p>\n\n<p>\ud83d\udd0c Originalni GPD pribor<\/p>\n\n<p>Ovo je slu\u017ebeni GPD litij-ionski baterijski paket (Model: 5.054BAG, Model: 4ICP 77\/48\/100), koji osigurava savr\u0161enu kompatibilnost, sigurnost i optimalne performanse s va\u0161im GPD WIN 5.<\/p>\n\n<hr class=\"wp-block-separator has-alpha-channel-opacity\"\/>\n\n<h3 class=\"wp-block-heading\">Specifikacije:<\/h3>\n\n<figure class=\"wp-block-table\"><table class=\"has-fixed-layout\"><thead><tr><td><strong>Detalj<\/strong><\/td><td><strong>Specifikacija<\/strong><\/td><\/tr><\/thead><tbody><tr><td><strong>Model<\/strong><\/td><td>5.054BAG (4ICP 77\/48\/100)<\/td><\/tr><tr><td><strong>Vrsta baterije<\/strong><\/td><td>Punjiva litij-ionska baterija<\/td><\/tr><tr><td><strong>Nazivna energija<\/strong><\/td><td>80,04 Wh<\/td><\/tr><tr><td><strong>Nazivni kapacitet<\/strong><\/td><td>5170 mAh<\/td><\/tr><tr><td><strong>Nazivni napon<\/strong><\/td><td>15,48 V<\/td><\/tr><tr><td><strong>Ograni\u010deni napon punjenja<\/strong><\/td><td>17,80 V<\/td><\/tr><tr><td><strong>Kompatibilnost<\/strong><\/td><td>GPD WIN 5 Ru\u010dno igra\u0107e ra\u010dunalo<\/td><\/tr><\/tbody><\/table><\/figure>\n","protected":false},"excerpt":{"rendered":"<ul>\n<li><strong>Kapacitet od 80,04 Wh:<\/strong> Pru\u017ea produ\u017eeno vrijeme igranja u prijenosnom ure\u0111aju velike snage.<\/li>\n<li><strong>Nazivni kapacitet od 5170 mAh:<\/strong> Osigurava dugotrajnu i pouzdanu upotrebu u pokretu.<\/li>\n<li><strong>Modularni dizajn:<\/strong> Mehanizam za brzo spajanje za jednostavnu zamjenu i uklanjanje.<\/li>\n<li><strong>Visokonaponsko napajanje:<\/strong> Izra\u0111eno za podr\u0161ku sna\u017enom APU-u GPD WIN 5.<\/li>\n<li><strong>Slu\u017ebeni GPD pribor:<\/strong> Jam\u010di savr\u0161eno pristajanje, kompatibilnost i sigurnost.<\/li>\n<\/ul>\n<pre><b>Stavka u prednarud\u017ebi<\/b>\nETA datuma izlaska:\n<ul>\n<li>2. velja\u010de 2026.<\/li><\/pre>\n<\/ul>\n[cg_accordion title=\"PODACI O PLA\u0106ANJU\"]<\/p>\n<p>Koristimo najnoviju tehnologiju u obradi pla\u0107anja, koja vam omogu\u0107uje naplatu putem va\u0161e debitne\/kreditne kartice ili PayPal-a za brzo i sigurno iskustvo.[\/cg_accordion]\n[cg_accordion title=\"JAMSTVO\"]<\/p>\n<p>2 godine jamstva <a href=\"https:\/\/droix.net\/\" target=\"_blank\" rel=\"nofollow noopener\">tvrtke DROIX Global<\/a> za va\u0161 mir[\/cg_accordion]\n[cg_accordion title=\"OSIGURANJE KVALITETE I ISPITIVANJE PRIJE OTPREME\"]<\/p>\n<p>Osiguravanje zadovoljstva kupaca na najvi\u0161oj razini: Svaki ure\u0111aj prolazi rigorozno testiranje i vi\u0161estruku provjeru kvalitete prije slanja. Na\u0161 predani tim provjerava performanse, funkcionalnost i integritet komponenti kako bi jam\u010dio da je va\u0161 GPD ure\u0111aj u savr\u0161enom radnom stanju po dolasku, pru\u017eaju\u0107i vam povjerenje i mir. [\/cg_accordion]\n[cg_accordion title=\"CIJENE, POREZI I DOSTAVA\"]<\/p>\n<p><strong><u>Bilje\u0161ka:<\/u><\/strong><\/p>\n<ul>\n<li>Kupci u Sjedinjenim Ameri\u010dkim Dr\u017eavama: Prikazana cijena NE uklju\u010duje POREZ niti carine. Odgovornost za carinjenje i pla\u0107anje svih povezanih poreza\/carina le\u017ei na kupcu. <\/li>\n<li>Kupci iz EU-a: Prikazana cijena uklju\u010duje primjenjivi POREZ, koji mo\u017ee iznositi do 25%, ovisno o va\u0161oj zemlji.<\/li>\n<li>Kupci u Kanadi: Prikazana cijena uklju\u010duje primjenjive poreze, koji mogu uklju\u010divati 5% GST-a i dodatne pokrajinske poreze na promet (PST), uskla\u0111eni porez na promet (HST) ili porez na promet u Quebecu (QST), ovisno o va\u0161oj pokrajini.<\/li>\n<\/ul>\n<p>Za na\u0161e kupce iz SAD-a: Narud\u017ebe se \u0161alju DAP-om (Dostava na mjesto). Iako su kupci odgovorni za pla\u0107anje svih primjenjivih carina, oslanjamo se na na\u0161e veliko iskustvo u dostavi iz Ujedinjenog Kraljevstva kako bismo osigurali da platite najni\u017eu mogu\u0107u naknadu. Na temelju na\u0161e evidencije, te naknade obi\u010dno ne prelaze 10% vrijednosti artikla.  <\/p>\n<p><strong>SAMO za kupce iz EU-a:<\/strong> Ekspresni DDP (isporu\u010dena carina pla\u0107ena). To zna\u010di: <\/p>\n<ul>\n<li>Sve carine i porezi uklju\u010deni su u cijenu prikazanu na stranici proizvoda.<\/li>\n<li>Ne\u0107ete morati pla\u0107ati nikakve dodatne tro\u0161kove po isporuci.<\/li>\n<li>U rijetkim slu\u010dajevima problema povezanih s carinom, na\u0161 tim \u0107e voditi postupak carinjenja u va\u0161e ime kako bi osigurao nesmetano iskustvo isporuke.<\/li>\n<p>Va\u017ene informacije o povratima:<\/p>\n<li>Ako odlu\u010dite vratiti narud\u017ebu ili zatra\u017eiti povrat novca, imajte na umu da se porezi i carine pla\u0107eni u va\u0161e ime prema uvjetima DDP-a ne mogu vratiti.<\/li>\n<p>Za detaljne informacije pogledajte <a href=\"https:\/\/droix.net\/terms-and-conditions\/\" target=\"_blank\" rel=\"nofollow noopener\">na\u0161e Uvjete i odredbe<\/a> .\n<\/ul>\n<p>[\/cg_accordion]\n[cg_accordion title=\"KORISNI\u010cKA PODR\u0160KA\"]<\/p>\n<p>Imate pitanje? Kratak tekst dijeli nas od rje\u0161avanja va\u0161eg problema! <\/p>\n<p>Za detaljne informacije pogledajte <a href=\"https:\/\/gpdstore.net\/hr\/terms-of-service\/\" target=\"_blank\" rel=\"nofollow noopener\">na\u0161e Uvjete i odredbe<\/a> .\n<\/ul>\n<p>[\/cg_accordion]\n[cg_accordion title=\"\u0160TO JE UKLJU\u010cENO\"]<\/p>\n<ul>\n<li>1x GPD WIN 5 baterija<\/li>\n<\/ul>\n<p>[\/cg_accordion]\n","protected":false},"featured_media":1261324,"template":"","meta":{"_acf_changed":false},"product_brand":[],"product_cat":[5406],"product_tag":[],"woo-feed-brand":[5607],"class_list":{"0":"post-1261313","1":"product","2":"type-product","3":"status-publish","4":"has-post-thumbnail","6":"product_cat-pribor","7":"product_shipping_class-low-end","8":"pa_accessory-type-dodaci","9":"pa_brand-gpd","10":"woo-feed-brand-gpd-hr","12":"first","13":"instock","14":"taxable","15":"shipping-taxable","16":"purchasable","17":"product-type-variable","18":"has-default-attributes"},"acf":[],"aioseo_notices":[],"_links":{"self":[{"href":"https:\/\/gpdstore.net\/hr\/wp-json\/wp\/v2\/product\/1261313","targetHints":{"allow":["GET"]}}],"collection":[{"href":"https:\/\/gpdstore.net\/hr\/wp-json\/wp\/v2\/product"}],"about":[{"href":"https:\/\/gpdstore.net\/hr\/wp-json\/wp\/v2\/types\/product"}],"wp:featuredmedia":[{"embeddable":true,"href":"https:\/\/gpdstore.net\/hr\/wp-json\/wp\/v2\/media\/1261324"}],"wp:attachment":[{"href":"https:\/\/gpdstore.net\/hr\/wp-json\/wp\/v2\/media?parent=1261313"}],"wp:term":[{"taxonomy":"product_brand","embeddable":true,"href":"https:\/\/gpdstore.net\/hr\/wp-json\/wp\/v2\/product_brand?post=1261313"},{"taxonomy":"product_cat","embeddable":true,"href":"https:\/\/gpdstore.net\/hr\/wp-json\/wp\/v2\/product_cat?post=1261313"},{"taxonomy":"product_tag","embeddable":true,"href":"https:\/\/gpdstore.net\/hr\/wp-json\/wp\/v2\/product_tag?post=1261313"},{"taxonomy":"woo-feed-brand","embeddable":true,"href":"https:\/\/gpdstore.net\/hr\/wp-json\/wp\/v2\/woo-feed-brand?post=1261313"}],"curies":[{"name":"wp","href":"https:\/\/api.w.org\/{rel}","templated":true}]}}