{"id":1258263,"date":"2025-10-21T14:46:01","date_gmt":"2025-10-21T14:46:01","guid":{"rendered":"https:\/\/gpdstore.net\/product\/gpd-win-5-prikljucna-stanica\/"},"modified":"2026-01-19T15:24:57","modified_gmt":"2026-01-19T15:24:57","slug":"gpd-win-5-docking-station","status":"publish","type":"product","link":"https:\/\/gpdstore.net\/hr\/product\/gpd-win-5-docking-station\/","title":{"rendered":"GPD WIN 5 priklju\u010dna stanica"},"content":{"rendered":"\n<p><strong>Priklju\u010dna stanica GPD WIN 5<\/strong> (\u010desto nazivana Smart Docking Station) je osnovno sredi\u0161te za stolna ra\u010dunala, osmi\u0161ljeno za osloba\u0111anje punog potencijala va\u0161eg <a href=\"https:\/\/gpdstore.net\/hr\/product\/gpd-win-5\/\" target=\"_blank\" rel=\"noopener\" title=\"\">GPD WIN 5 ru\u010dnog igra\u0107eg ra\u010dunala<\/a> . Pretvorite svoj prijenosni ure\u0111aj u kompletno stolno ra\u010dunalo za igranje i produktivnost jednim jednostavnim priklju\u010dkom, osiguravaju\u0107i maksimalnu isporuku energije i besprijekornu integraciju perifernih ure\u0111aja.<\/p>\n\n<hr class=\"wp-block-separator has-alpha-channel-opacity\"\/>\n\n<h2 class=\"wp-block-heading\">Klju\u010dne zna\u010dajke:<\/h2>\n\n<p>\u26a1 <strong>Maksimalna isporuka snage za vrhunske performanse<\/strong> Priklju\u010dna stanica dizajnirana je za spajanje na namjenski priklju\u010dak za napajanje GPD WIN 5, omogu\u0107uju\u0107i ure\u0111aju da radi s punih <strong>100 W<\/strong> s punja\u010da. To omogu\u0107uje visokou\u010dinkovitom Strix Halo APU-u da odr\u017ei svoj maksimalni TDP za brzine kadrova na razini stolnih ra\u010dunala bez termalnog ograni\u010davanja. <\/p>\n\n<p>\ud83d\udcbb <strong>Trenutna transformacija radne povr\u0161ine<\/strong> Jednostavno priklju\u010dite svoj GPD WIN 5 za trenutno povezivanje sa svim perifernim ure\u0111ajima na radnoj povr\u0161ini.<sup><\/sup> Pretvorite svoju ru\u010dnu konzolu u punopravno Windows 11 ra\u010dunalo, spremno za natjecateljsko igranje, rad ili u\u017eivanje u medijima.<sup><\/sup><\/p>\n\n<p>\ud83d\udda5\ufe0f <strong>Brzi 4K izlaz za prikaz<\/strong> Opremljen namjenskim <strong>HDMI 2.1 priklju\u010dkom<\/strong> , Smart Dock mo\u017ee podi\u0107i <strong>rezoluciju do 4K brzine<sup><\/sup> 144 Hz<\/strong> na vanjski monitor za igranje ili TV, pru\u017eaju\u0107i glatko, visokokvalitetno iskustvo koje konkurira tradicionalnim stolnim ra\u010dunalima.<sup><\/sup><\/p>\n\n<p>\ud83d\udd0c <strong>Sveobuhvatno pro\u0161irenje ulazno\/izlaznih priklju\u010daka<\/strong> Zna\u010dajno pro\u0161irite mogu\u0107nosti povezivanja kako biste smjestili svu svoju opremu za igranje i rad:<\/p>\n\n<ul class=\"wp-block-list\">\n<li><strong>1x HDMI 2.1 priklju\u010dak:<\/strong> Za prikaz visoke rezolucije i visoke brzine osvje\u017eavanja.<\/li>\n\n\n\n<li><strong>3x USB Type-A porta:<\/strong> Spajanje vanjskih tipkovnica, mi\u0161eva, flash pogona i ostalih perifernih ure\u0111aja.<\/li>\n\n\n\n<li><strong>1x Ethernet priklju\u010dak (RJ45):<\/strong> Osigurava stabilnu \u017ei\u010danu vezu s niskom latencijom za natjecateljsko online igranje.<\/li>\n\n\n\n<li><strong>1x USB Type-C priklju\u010dak:<\/strong> Za podatke ili dodatne periferne priklju\u010dke.<\/li>\n<\/ul>\n\n<p>\ud83d\udd0b <strong>Pametna vi\u0161enamjenska podloga<\/strong> Jedinstveni dizajn slu\u017ei i kao sigurno postolje i kao sredi\u0161te za napajanje. Pru\u017ea stabilno, uspravno mjesto za va\u0161 GPD WIN 5, a istovremeno aktivno puni sustav i pru\u017ea potrebnu snagu za dugotrajno igranje visokih performansi. <\/p>\n\n<h2 class=\"wp-block-heading\">Za\u0161to odabrati GPD WIN 5 priklju\u010dnu stanicu?<\/h2>\n\n<p>GPD WIN 5 je napravljen da bude zamjena za stolno ra\u010dunalo, a ovaj Smart Dock je most za to. Uklanja nered s kabelima, a istovremeno osigurava da va\u0161 sna\u017eni Strix Halo \u010dip dobije punih 100 W snage potrebne za pru\u017eanje performansi klase RTX 4060 na va\u0161em velikom ekranu. To je neophodan dodatak za vrhunsko plug-and-play iskustvo igranja na stolnom ra\u010dunalu. <\/p>\n\n<hr class=\"wp-block-separator has-alpha-channel-opacity\"\/>\n\n<h3 class=\"wp-block-heading\">Specifikacije:<\/h3>\n\n<figure class=\"wp-block-table\"><table class=\"has-fixed-layout\"><thead><tr><td>Detalj<\/td><td>Specifikacija<\/td><\/tr><\/thead><tbody><tr><td><strong>Kompatibilnost<\/strong><\/td><td>GPD WIN 5 Ru\u010dno igra\u0107e ra\u010dunalo<\/td><\/tr><tr><td><strong>Video izlaz<\/strong><\/td><td>1\u00d7HDMI 2.1 (do 4K @144 Hz)<\/td><\/tr><tr><td><strong>USB priklju\u010dci<\/strong><\/td><td>3\u00d7USB Tip-A, 1\u00d7USB Tip-C<\/td><\/tr><tr><td><strong>Mre\u017ea<\/strong><\/td><td>1\u00d7Ethernet priklju\u010dak (RJ45)<\/td><\/tr><tr><td><strong>Ulazna snaga<\/strong><\/td><td>Priklju\u010dak za ba\u010dvu (dizajniran za punja\u010d GPD WIN 5 od 100 W)<\/td><\/tr><tr><td><strong>Funkcija<\/strong><\/td><td>Priklju\u010divanje, Punjenje, Izlaz za zaslon, Stalak<\/td><\/tr><\/tbody><\/table><\/figure>\n\n<p><\/p>\n","protected":false},"excerpt":{"rendered":"<ul>\n<li><strong>Prolaz snage 180 W:<\/strong> Pru\u017ea maksimalnu snagu za vrhunske performanse.<\/li>\n<li><strong>Na\u010din rada za stolno ra\u010dunalo:<\/strong> Trenuta\u010dno pretvara ru\u010dni ure\u0111aj u potpuno stolno ra\u010dunalo.<\/li>\n<li><strong>4K izlaz za prikaz:<\/strong> Ima HDMI 2.1 za vanjske monitore visoke rezolucije.<\/li>\n<li><strong>\u017di\u010dno igranje:<\/strong> Uklju\u010duje Ethernet priklju\u010dak za stabilno online igranje bez ka\u0161njenja.<\/li>\n<li><strong>Slu\u017ebena prilagodba:<\/strong> Prilago\u0111eni GPD dodatak za WIN 5.<\/li>\n<\/ul>\n[cg_accordion title=\"PODACI O PLA\u0106ANJU\"]<\/p>\n<p>Koristimo najnoviju tehnologiju u obradi pla\u0107anja, koja vam omogu\u0107uje naplatu putem va\u0161e debitne\/kreditne kartice ili PayPal-a za brzo i sigurno iskustvo.[\/cg_accordion]\n[cg_accordion title=\"JAMSTVO\"]<\/p>\n<p>2 godine jamstva <a href=\"https:\/\/droix.net\/\" target=\"_blank\" rel=\"nofollow noopener\">tvrtke DROIX Global<\/a> za va\u0161 mir[\/cg_accordion]\n[cg_accordion title=\"OSIGURANJE KVALITETE I ISPITIVANJE PRIJE OTPREME\"]<\/p>\n<p>Osiguravanje zadovoljstva kupaca na najvi\u0161oj razini: Svaki ure\u0111aj prolazi rigorozno testiranje i vi\u0161estruku provjeru kvalitete prije slanja. Na\u0161 predani tim provjerava performanse, funkcionalnost i integritet komponenti kako bi jam\u010dio da je va\u0161 GPD ure\u0111aj u savr\u0161enom radnom stanju po dolasku, pru\u017eaju\u0107i vam povjerenje i mir. [\/cg_accordion]\n[cg_accordion title=\"CIJENE, POREZI I DOSTAVA\"]<\/p>\n<p><strong><u>Bilje\u0161ka:<\/u><\/strong><\/p>\n<ul>\n<li>Kupci u Sjedinjenim Ameri\u010dkim Dr\u017eavama: Prikazana cijena NE uklju\u010duje POREZ niti carine. Odgovornost za carinjenje i pla\u0107anje svih povezanih poreza\/carina le\u017ei na kupcu. <\/li>\n<li>Kupci iz EU-a: Prikazana cijena uklju\u010duje primjenjivi POREZ, koji mo\u017ee iznositi do 25%, ovisno o va\u0161oj zemlji.<\/li>\n<li>Kupci u Kanadi: Prikazana cijena uklju\u010duje primjenjive poreze, koji mogu uklju\u010divati 5% GST-a i dodatne pokrajinske poreze na promet (PST), uskla\u0111eni porez na promet (HST) ili porez na promet u Quebecu (QST), ovisno o va\u0161oj pokrajini.<\/li>\n<\/ul>\n<p>Za na\u0161e kupce iz SAD-a: Narud\u017ebe se \u0161alju DAP-om (Dostava na mjesto). Iako su kupci odgovorni za pla\u0107anje svih primjenjivih carina, oslanjamo se na na\u0161e veliko iskustvo u dostavi iz Ujedinjenog Kraljevstva kako bismo osigurali da platite najni\u017eu mogu\u0107u naknadu. Na temelju na\u0161e evidencije, te naknade obi\u010dno ne prelaze 10% vrijednosti artikla.  <\/p>\n<p><strong>SAMO za kupce iz EU-a:<\/strong> Ekspresni DDP (isporu\u010dena carina pla\u0107ena). To zna\u010di: <\/p>\n<ul>\n<li>Sve carine i porezi uklju\u010deni su u cijenu prikazanu na stranici proizvoda.<\/li>\n<li>Ne\u0107ete morati pla\u0107ati nikakve dodatne tro\u0161kove po isporuci.<\/li>\n<li>U rijetkim slu\u010dajevima problema povezanih s carinom, na\u0161 tim \u0107e voditi postupak carinjenja u va\u0161e ime kako bi osigurao nesmetano iskustvo isporuke.<\/li>\n<p>Va\u017ene informacije o povratima:<\/p>\n<li>Ako odlu\u010dite vratiti narud\u017ebu ili zatra\u017eiti povrat novca, imajte na umu da se porezi i carine pla\u0107eni u va\u0161e ime prema uvjetima DDP-a ne mogu vratiti.<\/li>\n<p>Za detaljne informacije pogledajte <a href=\"https:\/\/droix.net\/terms-and-conditions\/\" target=\"_blank\" rel=\"nofollow noopener\">na\u0161e Uvjete i odredbe<\/a> .\n<\/ul>\n<p>[\/cg_accordion]\n[cg_accordion title=\"KORISNI\u010cKA PODR\u0160KA\"]<\/p>\n<p>Imate pitanje? Kratak tekst dijeli nas od rje\u0161avanja va\u0161eg problema! <\/p>\n<p>Za detaljne informacije pogledajte <a href=\"https:\/\/gpdstore.net\/hr\/terms-of-service\/\" target=\"_blank\" rel=\"nofollow noopener\">na\u0161e Uvjete i odredbe<\/a> .\n<\/ul>\n<p>[\/cg_accordion]\n[cg_accordion title=\"\u0160TO JE UKLJU\u010cENO\"]<\/p>\n<ul>\n<li>1x Slu\u017ebena GPD WIN 5 priklju\u010dna stanica<\/li>\n<\/ul>\n<p>[\/cg_accordion]\n","protected":false},"featured_media":1261010,"template":"","meta":{"_acf_changed":false},"product_brand":[],"product_cat":[5406],"product_tag":[],"woo-feed-brand":[],"class_list":{"0":"post-1258263","1":"product","2":"type-product","3":"status-publish","4":"has-post-thumbnail","6":"product_cat-pribor","7":"product_shipping_class-low-end","8":"product_shipping_class-premium","9":"pa_accessory-type-prikljucna-stanica","10":"pa_brand-gpd","12":"first","13":"instock","14":"taxable","15":"shipping-taxable","16":"purchasable","17":"product-type-variable","18":"has-default-attributes"},"acf":[],"aioseo_notices":[],"_links":{"self":[{"href":"https:\/\/gpdstore.net\/hr\/wp-json\/wp\/v2\/product\/1258263","targetHints":{"allow":["GET"]}}],"collection":[{"href":"https:\/\/gpdstore.net\/hr\/wp-json\/wp\/v2\/product"}],"about":[{"href":"https:\/\/gpdstore.net\/hr\/wp-json\/wp\/v2\/types\/product"}],"wp:featuredmedia":[{"embeddable":true,"href":"https:\/\/gpdstore.net\/hr\/wp-json\/wp\/v2\/media\/1261010"}],"wp:attachment":[{"href":"https:\/\/gpdstore.net\/hr\/wp-json\/wp\/v2\/media?parent=1258263"}],"wp:term":[{"taxonomy":"product_brand","embeddable":true,"href":"https:\/\/gpdstore.net\/hr\/wp-json\/wp\/v2\/product_brand?post=1258263"},{"taxonomy":"product_cat","embeddable":true,"href":"https:\/\/gpdstore.net\/hr\/wp-json\/wp\/v2\/product_cat?post=1258263"},{"taxonomy":"product_tag","embeddable":true,"href":"https:\/\/gpdstore.net\/hr\/wp-json\/wp\/v2\/product_tag?post=1258263"},{"taxonomy":"woo-feed-brand","embeddable":true,"href":"https:\/\/gpdstore.net\/hr\/wp-json\/wp\/v2\/woo-feed-brand?post=1258263"}],"curies":[{"name":"wp","href":"https:\/\/api.w.org\/{rel}","templated":true}]}}