{"id":1251753,"date":"2025-10-15T11:30:11","date_gmt":"2025-10-15T11:30:11","guid":{"rendered":"https:\/\/gpdstore.net\/product\/gpd-win-5-kuciste\/"},"modified":"2026-01-19T14:24:03","modified_gmt":"2026-01-19T14:24:03","slug":"gpd-win-5-case","status":"publish","type":"product","link":"https:\/\/gpdstore.net\/hr\/product\/gpd-win-5-case\/","title":{"rendered":"GPD WIN 5 ku\u0107i\u0161te"},"content":{"rendered":"\n<p><strong>GPD WIN 5 ku\u0107i\u0161te<\/strong> je robusno, prilago\u0111eno i spremno za putovanja, konstruirano isklju\u010divo za revolucionarni GPD WIN 5. Izra\u0111eno da izdr\u017ei zahtjeve putovanja i za\u0161titi va\u0161e visokou\u010dinkovito ra\u010dunalo vrhunskim materijalima i pametnim dizajnom, ovo <strong>ku\u0107i\u0161te<\/strong> pru\u017ea maksimalnu sigurnost i elegantnu prenosivost &#8211; savr\u0161eno za elitnog igra\u010da u pokretu. <\/p>\n\n<hr class=\"wp-block-separator has-alpha-channel-opacity\"\/>\n\n<h3 class=\"wp-block-heading\">Klju\u010dne zna\u010dajke:<\/h3>\n\n<p>\ud83c\udfae <strong>Prilago\u0111ena za\u0161tita za GPD WIN 5<\/strong> Dizajnirana isklju\u010divo za GPD WIN 5, ova futrola osigurava \u010dvrsto prianjanje ru\u010dnog ure\u0111aja, osiguravaju\u0107i ga od pomicanja i unutarnjih udaraca tijekom transporta.<\/p>\n\n<p>\ud83d\udcbc <strong>Tvrda konstrukcija od \u0161koljke<\/strong> Izdr\u017eljiva <strong>vanjska obloga od tvrde EVA pjene<\/strong> nudi pobolj\u0161anu za\u0161titu od udaraca, padova i ogrebotina, \u0161tite\u0107i va\u0161u konzolu i njezine sna\u017ene unutarnje dijelove u bilo kojoj zahtjevnoj situaciji na putovanju.<sup><\/sup><\/p>\n\n<p>\ud83d\udc5c <strong>Mekana unutarnja podstava<\/strong> Unutra, <strong>podstava od pli\u0161ane tkanine<\/strong> i pjena koja apsorbira udarce pru\u017eaju nje\u017enu njegu va\u0161oj konzoli i njezinom velikom 7-in\u010dnom zaslonu, sprje\u010davaju\u0107i povr\u0161inske ogrebotine i abraziju.<\/p>\n\n<p>\ud83d\udd0b <strong>Modularni pretinac za pohranu dodatne opreme<\/strong> Uklju\u010duje prostrani <strong>unutarnji pretinac<\/strong> idealan za pohranu bitnih komponenti poput odvojive baterije od 80 Wh, adaptera za napajanje od 180 W ili drugih malih potrep\u0161tina &#8211; kako biste svu svoju opremu dr\u017eali organiziranom i na jednom mjestu.<\/p>\n\n<p>\ud83e\uddf2 <strong>Sigurno zatvaranje patentnim zatvara\u010dem<\/strong> Izdr\u017eljivi, visokokvalitetni <strong>patentni zatvara\u010d<\/strong> dr\u017ei futrolu sigurno zatvorenom i za\u0161ti\u0107enom, osiguravaju\u0107i sigurnost va\u0161eg vrijednog ru\u010dnog ure\u0111aja, bez obzira putujete li na posao ili ga pohranjujete.<sup><\/sup><\/p>\n\n<p>\ud83c\udf1f <strong>Tanak i lagan dizajn<\/strong> Unato\u010d robusnoj za\u0161titi, kompaktni dizajn dizajniran je za vrhunsku prenosivost. S lako\u0107om ga ubacite u ruksak ili ga nosite samostalno, znaju\u0107i da je va\u0161a igra\u010dka sna\u017ena oprema sigurna. <\/p>\n\n<hr class=\"wp-block-separator has-alpha-channel-opacity\"\/>\n\n<h3 class=\"wp-block-heading\">Za\u0161to odabrati GPD WIN 5 ku\u0107i\u0161te?<\/h3>\n\n<p>Dizajnirana za najzahtjevnije igra\u010de, ova torbica kombinira robusnu izdr\u017eljivost s promi\u0161ljenim, bitnim prostorom za pohranu jedinstvenih modularnih komponenti i sna\u017enog punja\u010da GPD WIN 5. Bez obzira priklju\u010dujete li se na ra\u010dunalo za sesiju s visokim TDP-om ili igrate bez utika\u010da, torbica GPD WIN 5 idealan je suputnik za sigurnost va\u0161eg Strix Halo ru\u010dnog ra\u010dunala i njegovu spremnost za akciju. \ud83d\ude80<\/p>\n\n<hr class=\"wp-block-separator has-alpha-channel-opacity\"\/>\n\n<h3 class=\"wp-block-heading\">Specifikacije:<\/h3>\n\n<figure class=\"wp-block-table\"><table class=\"has-fixed-layout\"><thead><tr><td>Detalj<\/td><td>Specifikacija<\/td><\/tr><\/thead><tbody><tr><td><strong>Materijal<\/strong><\/td><td>Tvrda EVA \u0161koljka + unutra\u0161njost od mekane tkanine<\/td><\/tr><tr><td><strong>Kompatibilnost<\/strong><\/td><td><a href=\"https:\/\/gpdstore.net\/hr\/product\/gpd-win-5\/\" target=\"_blank\" rel=\"noopener\" title=\"\">GPD WIN 5 Ru\u010dno igra\u0107e ra\u010dunalo<\/a><\/td><\/tr><tr><td><strong>Vrsta zatvaranja<\/strong><\/td><td>Zatvara\u010d<\/td><\/tr><tr><td><strong>Uskladi\u0161tenje<\/strong><\/td><td>Unutarnji mre\u017easti d\u017eep\/pretinac za pribor (uklju\u010duju\u0107i odvojivu bateriju i punja\u010d)<\/td><\/tr><tr><td><strong>Dimenzije<\/strong><\/td><td><strong>288 \u00d7 136 \u00d7 80 (25\/55) mm<\/strong><\/td><\/tr><\/tbody><\/table><\/figure>\n\n<p><\/p>\n","protected":false},"excerpt":{"rendered":"<ul>\n<li><strong>Slu\u017ebeno pristajanje:<\/strong> Dizajnirano posebno za GPD WIN 5 ru\u010dno ra\u010dunalo.<\/li>\n<li><strong>Sigurnosne trake:<\/strong> \u010cvrsto dr\u017ee ure\u0111aj i njegovu vanjsku bateriju na mjestu.<\/li>\n<li><strong>Mekana podstava:<\/strong> Sprje\u010dava ogrebotine i \u0161titi 7-in\u010dni 120Hz zaslon.<\/li>\n<li><strong>Remen za ruku:<\/strong> Omogu\u0107uje jednostavno i sigurno no\u0161enje u pokretu.<\/li>\n<li><strong>Tvrda \u0161koljka:<\/strong> Pru\u017ea izdr\u017eljivu, \u010dvrstu za\u0161titu za va\u0161e visokou\u010dinkovito igra\u0107e ra\u010dunalo.<\/li>\n<\/ul>\n[cg_accordion title=\"PODACI O PLA\u0106ANJU\"]<\/p>\n<p>Koristimo najnoviju tehnologiju u obradi pla\u0107anja, koja vam omogu\u0107uje naplatu putem va\u0161e debitne\/kreditne kartice ili PayPal-a za brzo i sigurno iskustvo.[\/cg_accordion]\n[cg_accordion title=\"JAMSTVO\"]<\/p>\n<p>2 godine jamstva <a href=\"https:\/\/droix.net\/\" target=\"_blank\" rel=\"nofollow noopener\">tvrtke DROIX Global<\/a> za va\u0161 mir[\/cg_accordion]\n[cg_accordion title=\"OSIGURANJE KVALITETE I ISPITIVANJE PRIJE OTPREME\"]<\/p>\n<p>Osiguravanje zadovoljstva kupaca na najvi\u0161oj razini: Svaki ure\u0111aj prolazi rigorozno testiranje i vi\u0161estruku provjeru kvalitete prije slanja. Na\u0161 predani tim provjerava performanse, funkcionalnost i integritet komponenti kako bi jam\u010dio da je va\u0161 GPD ure\u0111aj u savr\u0161enom radnom stanju po dolasku, pru\u017eaju\u0107i vam povjerenje i mir. [\/cg_accordion]\n[cg_accordion title=\"CIJENE, POREZI I DOSTAVA\"]<\/p>\n<p><strong><u>Bilje\u0161ka:<\/u><\/strong><\/p>\n<ul>\n<li>Kupci u Sjedinjenim Ameri\u010dkim Dr\u017eavama: Prikazana cijena NE uklju\u010duje POREZ niti carine. Odgovornost za carinjenje i pla\u0107anje svih povezanih poreza\/carina le\u017ei na kupcu. <\/li>\n<li>Kupci iz EU-a: Prikazana cijena uklju\u010duje primjenjivi POREZ, koji mo\u017ee iznositi do 25%, ovisno o va\u0161oj zemlji.<\/li>\n<li>Kupci u Kanadi: Prikazana cijena uklju\u010duje primjenjive poreze, koji mogu uklju\u010divati 5% GST-a i dodatne pokrajinske poreze na promet (PST), uskla\u0111eni porez na promet (HST) ili porez na promet u Quebecu (QST), ovisno o va\u0161oj pokrajini.<\/li>\n<\/ul>\n<p>Za na\u0161e kupce iz SAD-a: Narud\u017ebe se \u0161alju DAP-om (Dostava na mjesto). Iako su kupci odgovorni za pla\u0107anje svih primjenjivih carina, oslanjamo se na na\u0161e veliko iskustvo u dostavi iz Ujedinjenog Kraljevstva kako bismo osigurali da platite najni\u017eu mogu\u0107u naknadu. Na temelju na\u0161e evidencije, te naknade obi\u010dno ne prelaze 10% vrijednosti artikla.  <\/p>\n<p><strong>SAMO za kupce iz EU-a:<\/strong> Ekspresni DDP (isporu\u010dena carina pla\u0107ena). To zna\u010di: <\/p>\n<ul>\n<li>Sve carine i porezi uklju\u010deni su u cijenu prikazanu na stranici proizvoda.<\/li>\n<li>Ne\u0107ete morati pla\u0107ati nikakve dodatne tro\u0161kove po isporuci.<\/li>\n<li>U rijetkim slu\u010dajevima problema povezanih s carinom, na\u0161 tim \u0107e voditi postupak carinjenja u va\u0161e ime kako bi osigurao nesmetano iskustvo isporuke.<\/li>\n<p>Va\u017ene informacije o povratima:<\/p>\n<li>Ako odlu\u010dite vratiti narud\u017ebu ili zatra\u017eiti povrat novca, imajte na umu da se porezi i carine pla\u0107eni u va\u0161e ime prema uvjetima DDP-a ne mogu vratiti.<\/li>\n<p>Za detaljne informacije pogledajte <a href=\"https:\/\/droix.net\/terms-and-conditions\/\" target=\"_blank\" rel=\"nofollow noopener\">na\u0161e Uvjete i odredbe<\/a> .\n<\/ul>\n<p>[\/cg_accordion]\n[cg_accordion title=\"KORISNI\u010cKA PODR\u0160KA\"]<\/p>\n<p>Imate pitanje? Kratak tekst dijeli nas od rje\u0161avanja va\u0161eg problema! <\/p>\n<p>Za detaljne informacije pogledajte <a href=\"https:\/\/gpdstore.net\/hr\/terms-of-service\/\" target=\"_blank\" rel=\"nofollow noopener\">na\u0161e Uvjete i odredbe<\/a> .\n<\/ul>\n<p>[\/cg_accordion]\n[cg_accordion title=\"\u0160TO JE UKLJU\u010cENO\"]<\/p>\n<ul>\n<li>1x GPD WIN 5 ku\u0107i\u0161te<\/li>\n<\/ul>\n<p>[\/cg_accordion]\n","protected":false},"featured_media":1250936,"template":"","meta":{"_acf_changed":false},"product_brand":[],"product_cat":[5406],"product_tag":[],"woo-feed-brand":[],"class_list":{"0":"post-1251753","1":"product","2":"type-product","3":"status-publish","4":"has-post-thumbnail","6":"product_cat-pribor","7":"product_shipping_class-low-end","8":"pa_accessory-type-zastitna-torbica","9":"pa_brand-gpd","11":"first","12":"instock","13":"taxable","14":"shipping-taxable","15":"purchasable","16":"product-type-variable","17":"has-default-attributes"},"acf":[],"aioseo_notices":[],"_links":{"self":[{"href":"https:\/\/gpdstore.net\/hr\/wp-json\/wp\/v2\/product\/1251753","targetHints":{"allow":["GET"]}}],"collection":[{"href":"https:\/\/gpdstore.net\/hr\/wp-json\/wp\/v2\/product"}],"about":[{"href":"https:\/\/gpdstore.net\/hr\/wp-json\/wp\/v2\/types\/product"}],"wp:featuredmedia":[{"embeddable":true,"href":"https:\/\/gpdstore.net\/hr\/wp-json\/wp\/v2\/media\/1250936"}],"wp:attachment":[{"href":"https:\/\/gpdstore.net\/hr\/wp-json\/wp\/v2\/media?parent=1251753"}],"wp:term":[{"taxonomy":"product_brand","embeddable":true,"href":"https:\/\/gpdstore.net\/hr\/wp-json\/wp\/v2\/product_brand?post=1251753"},{"taxonomy":"product_cat","embeddable":true,"href":"https:\/\/gpdstore.net\/hr\/wp-json\/wp\/v2\/product_cat?post=1251753"},{"taxonomy":"product_tag","embeddable":true,"href":"https:\/\/gpdstore.net\/hr\/wp-json\/wp\/v2\/product_tag?post=1251753"},{"taxonomy":"woo-feed-brand","embeddable":true,"href":"https:\/\/gpdstore.net\/hr\/wp-json\/wp\/v2\/woo-feed-brand?post=1251753"}],"curies":[{"name":"wp","href":"https:\/\/api.w.org\/{rel}","templated":true}]}}