{"id":123667,"date":"2024-01-24T17:32:18","date_gmt":"2024-01-24T17:32:18","guid":{"rendered":"https:\/\/gpdstore.net\/Bez%20kategorije\/sd1-prikljucna-stanica\/"},"modified":"2025-12-23T10:21:14","modified_gmt":"2025-12-23T10:21:14","slug":"sd1-docking-station","status":"publish","type":"product","link":"https:\/\/gpdstore.net\/hr\/product\/sd1-docking-station\/","title":{"rendered":"SD1 priklju\u010dna stanica"},"content":{"rendered":"\n<h1 class=\"wp-block-heading\"><strong>Oslobodite puni potencijal ru\u010dnog igranja uz SD1 priklju\u010dnu stanicu!<\/strong><\/h1>\n\n<h3 class=\"wp-block-heading\">Besprijekorna integracija igranja na dohvat ruke!<\/h3>\n\n<p>Dobrodo\u0161li u ultimativnu promjenu igre u ru\u010dnoj dodatnoj opremi za ra\u010dunala za igranje! Predstavljamo SD1 priklju\u010dnu stanicu, posebno izra\u0111enu za strastvene igra\u010de koji \u017eude za besprijekornim i neprekinutim iskustvom igranja. S ovom najsuvremenijom priklju\u010dnom stanicom igra\u010di mogu pobolj\u0161ati mogu\u0107nosti svojih ru\u010dnih ra\u010dunala za igranje kao nikada prije. Od popularnog Steam Decka do izvrsnog AYA NEO Geek 1S, SD1 prihva\u0107a svestranost, osiguravaju\u0107i da va\u0161 omiljeni ru\u010dni ure\u0111aj dobije poticaj koji mu je potreban. Jednostavno ga priklju\u010dite, pove\u017eite USB Type-C kabelom i gledajte kako se \u010darolija odvija.<\/p>\n\n<h3 class=\"wp-block-heading\"><strong>Iznimno brza i stabilna internetska veza<\/strong><\/h3>\n\n<p>Nema vi\u0161e ka\u0161njenja. Nema vi\u0161e prekida. Zaronite u svijet igara uz SD1 RJ45 Gigabit Ethernet. S brzinama koje se uzdi\u017eu do 1000 M, ova priklju\u010dna stanica osigurava vam prednost u igrama za vi\u0161e igra\u010da, pru\u017eaju\u0107i iznimno responzivne sesije igranja. Recite zbogom frustriraju\u0107oj latenciji i pozdravite glatke interakcije s igrama u stvarnom vremenu. Kada je svaka milisekunda va\u017ena, SD1 osigurava da ste uvijek korak ispred.<\/p>\n\n<h3 class=\"wp-block-heading\"><strong>\u017divopisan i o\u0161tar prikaz<\/strong><\/h3>\n\n<p>Podignite svoje vizualno iskustvo igranja! SD1 priklju\u010dna stanica dolazi opremljena HDMI 2.0 izlazom, omogu\u0107uju\u0107i igra\u010dima da urone u bogate, 4K vizualne slike na svilenkasto glatkih 60 Hz. Uz mogu\u0107nosti razlu\u010divosti koje se prote\u017eu do 4096 x 2160, svaki piksel o\u017eivljava i baca vas u sredi\u0161te akcije. Do\u017eivite igre u punom sjaju, s besprijekornim detaljima, \u017eivopisnim bojama i neusporedivom jasno\u0107om.<\/p>\n\n<h3 class=\"wp-block-heading\"><strong>Brza i u\u010dinkovita isporuka energije<\/strong><\/h3>\n\n<p>Mo\u0107 beskrajne igre! SD1 priklju\u010dna stanica nije samo povezivost i vizualni prikaz; tako\u0111er se radi o tome da va\u0161 ure\u0111aj za igranje ostane napunjen. S nevjerojatnom mogu\u0107no\u0161\u0107u punjenja PD od 100 W, brzo puni va\u0161 ure\u0111aj, osiguravaju\u0107i da nikada ne\u0107ete ostati bez baterije u \u017earu bitke. Igrajte dalje, sa sigurno\u0161\u0107u da va\u0161 ure\u0111aj kontinuirano napaja pouzdan i brz sustav punjenja.<\/p>\n\n<h3 class=\"wp-block-heading\"><strong>Dostupnost vi\u0161e priklju\u010daka za pobolj\u0161anu upotrebljivost<\/strong><\/h3>\n\n<p>Svestranost u svom najboljem izdanju! SD1 je opremljen s tri USB Type-A 3.0 priklju\u010dka, nude\u0107i igra\u010dima luksuz povezivanja vi\u0161e perifernih ure\u0111aja. Bilo da se radi o dodatnom kontroleru, slu\u0161alicama ili bilo kojem drugom dodatku temeljenom na USB-u, SD1 priklju\u010dna stanica osigurava da ste spremni za svaki scenarij igranja. Do\u017eivite ve\u0107e brzine prijenosa podataka i u\u017eivajte u okru\u017eenju igranja bez nereda.<\/p>\n\n<h3 class=\"wp-block-heading\"><strong>Robusna i u\u010dinkovita povezivost<\/strong><\/h3>\n\n<p>Svijet mogu\u0107nosti igranja otklju\u010dan jednim kabelom. SD1 koristi snagu USB Type-C, osiguravaju\u0107i stabilnu i u\u010dinkovitu vezu izme\u0111u priklju\u010dne stanice i va\u0161eg ru\u010dnog ure\u0111aja za igranje. Ovo inovativno rje\u0161enje za povezivanje ne samo da obe\u0107ava br\u017ee brzine prijenosa podataka, ve\u0107 tako\u0111er osigurava univerzalnu kompatibilnost s najnovijim ure\u0111ajima za igranje.<\/p>\n\n<h3 class=\"wp-block-heading\"><strong>\u010cvrsta konstrukcija s elegantnom estetikom<\/strong><\/h3>\n\n<p>Osim svoje tehni\u010dke snage, SD1 stoji kao dokaz elegantnog dizajna i robusne konstrukcije. Izra\u0111en od sivog aluminija, zra\u010di vrhunskim osje\u0107ajem dok obe\u0107ava dugovje\u010dnost. Kako bi osigurao da su va\u0161i cijenjeni ure\u0111aji za igranje uvijek za\u0161ti\u0107eni, opremljen je crnim silikonskim jastu\u010di\u0107ima, nude\u0107i dodatni sloj sigurnosti od ogrebotina i nenamjernih klizanja.<\/p>\n\n<h3 class=\"wp-block-heading\"><strong>Univerzalna kompatibilnost: u\u017eitak za igra\u010de!<\/strong><\/h3>\n\n<p>Obilje\u017eje sjajnog dodatka je njegova prilagodljivost, a SD1 sjajno blista u tom aspektu. Dizajniran za smje\u0161taj \u0161irokog raspona ru\u010dnih ra\u010dunala za igranje, osigurava da nijedan igra\u010d ne bude zapostavljen. Bilo da posjedujete najnoviji GPD WIN 4 2023 ili ONEXPLAYER 2, ova priklju\u010dna stanica va\u0161e je rje\u0161enje na jednom mjestu za pobolj\u0161ane mogu\u0107nosti igranja. Testirano sa Steam Deck, ROG Ally, GPD WIN 4, GPD WIN 4 2023, ONEXPLAYER 2, AYA NEO 2S, AYA NEO Geek i AYA NEO Geek 1S.<\/p>\n\n<h3 class=\"wp-block-heading\"><strong>U zaklju\u010dku<\/strong><\/h3>\n\n<p>Zakora\u010dite u budu\u0107nost ru\u010dnih igara uz SD1 priklju\u010dnu stanicu. To nije samo priklju\u010dna stanica; to je iskustvo, putovanje, novi na\u010din igre. Unaprijedite svoje sesije igranja i prigrlite novu eru ru\u010dnog igranja uz SD1 priklju\u010dnu stanicu.<\/p>\n\n<p><\/p>\n","protected":false},"excerpt":{"rendered":"<ul>\n<li><strong>SD1 <\/strong>Priklju\u010dna stanica<\/li>\n<li>Gigabitni Ethernet<\/li>\n<li>100W PD USB-C<\/li>\n<li>HDMI izlaz<\/li>\n<li><strong>Kompatibilan s<\/strong> GPD WIN 4 2024 i mnogim drugim<\/li>\n<\/ul>\n[cg_accordion title=\"PODACI O PLA\u0106ANJU\"]<\/p>\n<p>Koristimo najnoviju tehnologiju u obradi pla\u0107anja, koja vam omogu\u0107uje naplatu putem Apple Paya, Google Paya, va\u0161e debitne\/kreditne kartice, PayPal ili BNPL metoda kao \u0161to su Klarna, Affirm ili AfterPay za brzo i sigurno iskustvo.[\/cg_accordion]\n[cg_accordion title=\"JAMSTVO\"]<\/p>\n<p>2 godine jamstva <a href=\"https:\/\/droix.net\/\" target=\"_blank\" rel=\"nofollow noopener\">tvrtke DROIX Global<\/a> za va\u0161 mir[\/cg_accordion]\n[cg_accordion title=\"CIJENE, POREZI I DOSTAVA\"]<\/p>\n<p><strong><u>Bilje\u0161ka:<\/u><\/strong><\/p>\n<ul>\n<li>Kupci u Sjedinjenim Ameri\u010dkim Dr\u017eavama: Prikazana cijena NE uklju\u010duje POREZ niti carine. Odgovornost za carinjenje i pla\u0107anje svih povezanih poreza\/carina le\u017ei na kupcu. <\/li>\n<li>Kupci iz EU-a: Prikazana cijena uklju\u010duje primjenjivi POREZ, koji mo\u017ee iznositi do 25%, ovisno o va\u0161oj zemlji.<\/li>\n<li>Kupci u Kanadi: Prikazana cijena uklju\u010duje primjenjive poreze, koji mogu uklju\u010divati 5% GST-a i dodatne pokrajinske poreze na promet (PST), uskla\u0111eni porez na promet (HST) ili porez na promet u Quebecu (QST), ovisno o va\u0161oj pokrajini.<\/li>\n<\/ul>\n<p><strong>SAMO za kupce iz EU-a:<\/strong> Ekspresni DDP (isporu\u010dena carina pla\u0107ena). To zna\u010di: <\/p>\n<ul>\n<li>Sve carine i porezi uklju\u010deni su u cijenu prikazanu na stranici proizvoda.<\/li>\n<li>Ne\u0107ete morati pla\u0107ati nikakve dodatne tro\u0161kove po isporuci.<\/li>\n<li>U rijetkim slu\u010dajevima problema povezanih s carinom, na\u0161 tim \u0107e voditi postupak carinjenja u va\u0161e ime kako bi osigurao nesmetano iskustvo isporuke.<\/li>\n<p>Va\u017ene informacije o povratima:<\/p>\n<li>Ako odlu\u010dite vratiti narud\u017ebu ili zatra\u017eiti povrat novca, imajte na umu da se porezi i carine pla\u0107eni u va\u0161e ime prema uvjetima DDP-a ne mogu vratiti.<\/li>\n<p>Za detaljne informacije pogledajte <a href=\"https:\/\/gpdstore.net\/hr\/terms-of-service\/\" target=\"_blank\" rel=\"nofollow noopener\">na\u0161e Uvjete i odredbe<\/a> .\n<\/ul>\n<p>[\/cg_accordion]\n[cg_accordion title=\"KORISNI\u010cKA PODR\u0160KA\"]<\/p>\n<p>Imate pitanje? Kratak tekst dijeli nas od rje\u0161avanja va\u0161eg problema!<br \/>\n[\/cg_accordion]\n[cg_accordion title=\"\u0160TO JE UKLJU\u010cENO\"]<\/p>\n<ul>\n<li>1x SD1 priklju\u010dna stanica<\/li>\n<\/ul>\n<p>[\/cg_accordion]\n","protected":false},"featured_media":119978,"template":"","meta":{"_acf_changed":false},"product_brand":[],"product_cat":[5406],"product_tag":[14863,6977],"woo-feed-brand":[5490],"class_list":{"0":"post-123667","1":"product","2":"type-product","3":"status-publish","4":"has-post-thumbnail","6":"product_cat-pribor","7":"product_tag-40xmsale-hr-2","8":"product_tag-droix-cvoriste","9":"product_shipping_class-standard","11":"pa_accessory-type-prikljucna-stanica","12":"pa_i-o-video-1x-hdmi-hr","13":"woo-feed-brand-droix-hr","15":"first","16":"outofstock","17":"sale","18":"taxable","19":"shipping-taxable","20":"purchasable","21":"product-type-simple"},"acf":[],"aioseo_notices":[],"_links":{"self":[{"href":"https:\/\/gpdstore.net\/hr\/wp-json\/wp\/v2\/product\/123667","targetHints":{"allow":["GET"]}}],"collection":[{"href":"https:\/\/gpdstore.net\/hr\/wp-json\/wp\/v2\/product"}],"about":[{"href":"https:\/\/gpdstore.net\/hr\/wp-json\/wp\/v2\/types\/product"}],"wp:featuredmedia":[{"embeddable":true,"href":"https:\/\/gpdstore.net\/hr\/wp-json\/wp\/v2\/media\/119978"}],"wp:attachment":[{"href":"https:\/\/gpdstore.net\/hr\/wp-json\/wp\/v2\/media?parent=123667"}],"wp:term":[{"taxonomy":"product_brand","embeddable":true,"href":"https:\/\/gpdstore.net\/hr\/wp-json\/wp\/v2\/product_brand?post=123667"},{"taxonomy":"product_cat","embeddable":true,"href":"https:\/\/gpdstore.net\/hr\/wp-json\/wp\/v2\/product_cat?post=123667"},{"taxonomy":"product_tag","embeddable":true,"href":"https:\/\/gpdstore.net\/hr\/wp-json\/wp\/v2\/product_tag?post=123667"},{"taxonomy":"woo-feed-brand","embeddable":true,"href":"https:\/\/gpdstore.net\/hr\/wp-json\/wp\/v2\/woo-feed-brand?post=123667"}],"curies":[{"name":"wp","href":"https:\/\/api.w.org\/{rel}","templated":true}]}}