{"id":1199146,"date":"2025-10-08T14:34:02","date_gmt":"2025-10-08T14:34:02","guid":{"rendered":"https:\/\/gpdstore.net\/product\/biwin-mini-ssd\/"},"modified":"2026-01-19T14:22:03","modified_gmt":"2026-01-19T14:22:03","slug":"biwin-mini-ssd","status":"publish","type":"product","link":"https:\/\/gpdstore.net\/hr\/product\/biwin-mini-ssd\/","title":{"rendered":"BIWIN Mini SSD"},"content":{"rendered":"\n<h2 class=\"wp-block-heading\"><strong>Oslobodite pravi potencijal svog ure\u0111aja<\/strong><\/h2>\n\n<p>U svijetu elitne tehnologije, brzina je sve. BIWIN Mini SSD je izjava beskompromisne snage, konstruiran s PCIe Gen4x2 tehnologijom za postizanje nevjerojatne teorijske brzine od <strong>3700 MB\/s<\/strong> .<sup><\/sup> Ovo nije samo nadogradnja; to je revolucija u pakiranju manjem od po\u0161tanske marke. <\/p>\n\n<p>Za korisnike ru\u010dnih ra\u010dunala sljede\u0107e generacije poput <a href=\"https:\/\/gpdstore.net\/hr\/product\/gpd-win-5\/\" target=\"_blank\" rel=\"noopener\" title=\"\">GPD WIN 5<\/a> , BIWIN Mini SSD je klju\u010d za otklju\u010davanje maksimalne brzine pohrane va\u0161eg ure\u0111aja. Iako ovi ure\u0111aji koriste PCIe 4&#215;1 utor, na\u0161 Mini SSD i dalje pru\u017ea zapanjuju\u0107e performanse od <strong>~1700 MB\/s<\/strong> u stvarnom svijetu \u2013 nadma\u0161uju\u0107i brzine bilo koje microSD kartice i osiguravaju\u0107i da se va\u0161e igre u\u010ditavaju u trenu.<\/p>\n\n<p>Stvoren za ekstremne uvjete, njegovo <strong>vodootporno ku\u0107i\u0161te IP68<\/strong> i <strong>otporno na pad s visine od 3 metra<\/strong> zna\u010di da ovu snagu prati legendarna izdr\u017eljivost.<sup><\/sup> S kapacitetom do <strong>2 TB<\/strong> , BIWIN Mini SSD je ultimativno, beskompromisno rje\u0161enje za pohranu podataka za one koji zahtijevaju apsolutno najbolje.<\/p>\n","protected":false},"excerpt":{"rendered":"<ul>\n<li>Su\u010delje: <strong>PCIe Gen4x2<\/strong> s protokolom **NVMe 1.4**<\/li>\n<li>Oblik: <strong>Ultrakompaktni LGA paket<\/strong> (15,0 mm \u00d7 17,0 mm \u00d7 1,4 mm)<\/li>\n<li>Performanse: Do **3700 MB\/s \u010ditanje** \/ Do **3400 MB\/s pisanje**<\/li>\n<li>Kapacitet: 512 GB, 1 TB ili 2 TB 3D TLC NAND<\/li>\n<li>Izdr\u017eljivost: Otpornost na pra\u0161inu i vodu <strong>IP68<\/strong> \/ Otpornost na pad s visine od 3 metra<\/li>\n<li>Tehnologija: Dinami\u010dko **SLC ke\u0161iranje** i **izravnavanje tro\u0161enja**<\/li>\n<\/ul>\n[cg_accordion title=\"PODACI O PLA\u0106ANJU\"]<\/p>\n<p>Koristimo najnoviju tehnologiju u obradi pla\u0107anja, koja vam omogu\u0107uje naplatu putem va\u0161e debitne\/kreditne kartice ili PayPal-a za brzo i sigurno iskustvo.[\/cg_accordion]\n[cg_accordion title=\"JAMSTVO\"]<\/p>\n<p>2 godine jamstva <a href=\"https:\/\/droix.net\/\" target=\"_blank\" rel=\"nofollow noopener\">tvrtke DROIX Global<\/a> za va\u0161 mir[\/cg_accordion]\n[cg_accordion title=\"OSIGURANJE KVALITETE I ISPITIVANJE PRIJE OTPREME\"]<\/p>\n<p>Osiguravanje zadovoljstva kupaca na najvi\u0161oj razini: Svaki ure\u0111aj prolazi rigorozno testiranje i vi\u0161estruku provjeru kvalitete prije slanja. Na\u0161 predani tim provjerava performanse, funkcionalnost i integritet komponenti kako bi jam\u010dio da je va\u0161 GPD ure\u0111aj u savr\u0161enom radnom stanju po dolasku, pru\u017eaju\u0107i vam povjerenje i mir. [\/cg_accordion]\n[cg_accordion title=\"CIJENE, POREZI I DOSTAVA\"]<\/p>\n<p><strong><u>Bilje\u0161ka:<\/u><\/strong><\/p>\n<ul>\n<li>Kupci u Sjedinjenim Ameri\u010dkim Dr\u017eavama: Prikazana cijena NE uklju\u010duje POREZ niti carine. Odgovornost za carinjenje i pla\u0107anje svih povezanih poreza\/carina le\u017ei na kupcu. <\/li>\n<li>Kupci iz EU-a: Prikazana cijena uklju\u010duje primjenjivi POREZ, koji mo\u017ee iznositi do 25%, ovisno o va\u0161oj zemlji.<\/li>\n<li>Kupci u Kanadi: Prikazana cijena uklju\u010duje primjenjive poreze, koji mogu uklju\u010divati 5% GST-a i dodatne pokrajinske poreze na promet (PST), uskla\u0111eni porez na promet (HST) ili porez na promet u Quebecu (QST), ovisno o va\u0161oj pokrajini.<\/li>\n<\/ul>\n<p>Za na\u0161e kupce iz SAD-a: Narud\u017ebe se \u0161alju DAP-om (Dostava na mjesto). Iako su kupci odgovorni za pla\u0107anje svih primjenjivih carina, oslanjamo se na na\u0161e veliko iskustvo u dostavi iz Ujedinjenog Kraljevstva kako bismo osigurali da platite najni\u017eu mogu\u0107u naknadu. Na temelju na\u0161e evidencije, te naknade obi\u010dno ne prelaze 10% vrijednosti artikla.  <\/p>\n<p><strong>SAMO za kupce iz EU-a:<\/strong> Ekspresni DDP (isporu\u010dena carina pla\u0107ena). To zna\u010di: <\/p>\n<ul>\n<li>Sve carine i porezi uklju\u010deni su u cijenu prikazanu na stranici proizvoda.<\/li>\n<li>Ne\u0107ete morati pla\u0107ati nikakve dodatne tro\u0161kove po isporuci.<\/li>\n<li>U rijetkim slu\u010dajevima problema povezanih s carinom, na\u0161 tim \u0107e voditi postupak carinjenja u va\u0161e ime kako bi osigurao nesmetano iskustvo isporuke.<\/li>\n<p>Va\u017ene informacije o povratima:<\/p>\n<li>Ako odlu\u010dite vratiti narud\u017ebu ili zatra\u017eiti povrat novca, imajte na umu da se porezi i carine pla\u0107eni u va\u0161e ime prema uvjetima DDP-a ne mogu vratiti.<\/li>\n<p>Za detaljne informacije pogledajte <a href=\"https:\/\/droix.net\/terms-and-conditions\/\" target=\"_blank\" rel=\"nofollow noopener\">na\u0161e Uvjete i odredbe<\/a> .\n<\/ul>\n<p>[\/cg_accordion]\n[cg_accordion title=\"KORISNI\u010cKA PODR\u0160KA\"]<\/p>\n<p>Imate pitanje? Kratak tekst dijeli nas od rje\u0161avanja va\u0161eg problema! <\/p>\n<p>Za detaljne informacije pogledajte <a href=\"https:\/\/gpdstore.net\/hr\/terms-of-service\/\" target=\"_blank\" rel=\"nofollow noopener\">na\u0161e Uvjete i odredbe<\/a> .\n<\/ul>\n<p>[\/cg_accordion]\n[cg_accordion title=\"\u0160TO JE UKLJU\u010cENO\"]<\/p>\n<ul>\n<li>1x BIWIN Mini SSD<\/li>\n<\/ul>\n<p>[\/cg_accordion]\n","protected":false},"featured_media":1196733,"template":"","meta":{"_acf_changed":false},"product_brand":[],"product_cat":[5406],"product_tag":[],"woo-feed-brand":[],"class_list":{"0":"post-1199146","1":"product","2":"type-product","3":"status-publish","4":"has-post-thumbnail","6":"product_cat-pribor","7":"product_shipping_class-premium","8":"pa_brand-biwin","9":"pa_storage-capacity-1tb-fr","10":"pa_storage-capacity-1-tb-hr","11":"pa_storage-capacity-1tb","12":"pa_storage-capacity-2tb-fr","13":"pa_storage-capacity-2tb-hr","14":"pa_storage-capacity-2tb","15":"pa_storage-capacity-512-gb-hr","16":"pa_storage-capacity-512gb-fr","17":"pa_storage-capacity-512gb","19":"first","20":"instock","21":"taxable","22":"shipping-taxable","23":"purchasable","24":"product-type-variable","25":"has-default-attributes"},"acf":[],"aioseo_notices":[],"_links":{"self":[{"href":"https:\/\/gpdstore.net\/hr\/wp-json\/wp\/v2\/product\/1199146","targetHints":{"allow":["GET"]}}],"collection":[{"href":"https:\/\/gpdstore.net\/hr\/wp-json\/wp\/v2\/product"}],"about":[{"href":"https:\/\/gpdstore.net\/hr\/wp-json\/wp\/v2\/types\/product"}],"wp:featuredmedia":[{"embeddable":true,"href":"https:\/\/gpdstore.net\/hr\/wp-json\/wp\/v2\/media\/1196733"}],"wp:attachment":[{"href":"https:\/\/gpdstore.net\/hr\/wp-json\/wp\/v2\/media?parent=1199146"}],"wp:term":[{"taxonomy":"product_brand","embeddable":true,"href":"https:\/\/gpdstore.net\/hr\/wp-json\/wp\/v2\/product_brand?post=1199146"},{"taxonomy":"product_cat","embeddable":true,"href":"https:\/\/gpdstore.net\/hr\/wp-json\/wp\/v2\/product_cat?post=1199146"},{"taxonomy":"product_tag","embeddable":true,"href":"https:\/\/gpdstore.net\/hr\/wp-json\/wp\/v2\/product_tag?post=1199146"},{"taxonomy":"woo-feed-brand","embeddable":true,"href":"https:\/\/gpdstore.net\/hr\/wp-json\/wp\/v2\/woo-feed-brand?post=1199146"}],"curies":[{"name":"wp","href":"https:\/\/api.w.org\/{rel}","templated":true}]}}