{"id":1069302,"date":"2025-01-27T10:09:41","date_gmt":"2025-01-27T10:09:41","guid":{"rendered":"https:\/\/gpdstore.net\/?post_type=product&#038;p=1069302"},"modified":"2026-03-29T00:51:42","modified_gmt":"2026-03-29T00:51:42","slug":"gpd-win-mini-grips-2025","status":"publish","type":"product","link":"https:\/\/gpdstore.net\/hr\/product\/gpd-win-mini-grips-2025\/","title":{"rendered":"GPD WIN Mini gripovi 2025"},"content":{"rendered":"\n<h2 class=\"wp-block-heading\">Pregled proizvoda:<\/h2>\n\n<p><strong>GPD Win Mini Grips 2025<\/strong> dizajnirani su kako bi pru\u017eili pobolj\u0161anu udobnost i kontrolu za va\u0161e sesije igranja. Ove ergonomske ru\u010dke besprijekorno se pri\u010dvr\u0161\u0107uju na va\u0161 GPD Win Mini, nude\u0107i sigurno i udobno dr\u017eanje, smanjuju\u0107i umor i osiguravaju\u0107i preciznu kontrolu tijekom produ\u017eenog igranja. <\/p>\n\n<ol class=\"wp-block-list\">\n<li><strong>Ergonomski dizajn<\/strong> za maksimalnu udobnost tijekom igranja.<\/li>\n\n\n\n<li><strong>Savr\u0161eno pristaje<\/strong> GPD Win Mini konzoli.<\/li>\n\n\n\n<li>Izdr\u017eljiv materijal za <strong>dugotrajnu upotrebu<\/strong>.<\/li>\n\n\n\n<li>Jednostavno pri\u010dvr\u0161\u0107ivanje i uklanjanje za <strong>brzo postavljanje<\/strong>.<\/li>\n\n\n\n<li>Pobolj\u0161ano prianjanje za <strong>bolju kontrolu i preciznost<\/strong>.<\/li>\n<\/ol>\n\n<hr class=\"wp-block-separator has-alpha-channel-opacity\"\/>\n\n<h2 class=\"wp-block-heading\">Za\u0161to odabrati GPD Win Mini Grips 2025?<\/h2>\n\n<p>Bilo da se borite u intenzivnim utakmicama za vi\u0161e igra\u010da ili u\u017eivate u dugim kampanjama za jednog igra\u010da, GPD Win Mini Grips 2025 nude impresivnije i udobnije iskustvo igranja. Njihov ergonomski dizajn i sigurno prianjanje osiguravaju da mo\u017eete igrati satima bez nelagode ili klizanja.<\/p>\n\n<hr class=\"wp-block-separator has-alpha-channel-opacity\"\/>\n\n<h2 class=\"wp-block-heading\">Specifikacije:<\/h2>\n\n<ul class=\"wp-block-list\">\n<li><strong>Materijal:<\/strong> Izdr\u017eljiva plastika s ergonomskom teksturiranom povr\u0161inom<\/li>\n\n\n\n<li><strong>Kompatibilnost:<\/strong> GPD Win Mini 2025 konzola<\/li>\n\n\n\n<li><strong>Zna\u010dajkama:<\/strong> Lagan, izdr\u017eljiv i jednostavan za pri\u010dvr\u0161\u0107ivanje<\/li>\n<\/ul>\n\n<p>Nadogradite svoj GPD Win Mini s ovim rukohvatima za ugodno i precizno iskustvo igranja \u2013 jer svaki pokret je va\u017ean!<\/p>\n\n<p><\/p>\n","protected":false},"excerpt":{"rendered":"<ul>\n<li><strong>Ergonomski dizajn<\/strong> za maksimalnu udobnost tijekom igranja.<\/li>\n<li><strong>Savr\u0161eno pristaje<\/strong> GPD Win Mini konzoli.<\/li>\n<li>Izdr\u017eljiv materijal za <strong>dugotrajnu upotrebu<\/strong>.<\/li>\n<li>Jednostavno pri\u010dvr\u0161\u0107ivanje i uklanjanje za <strong>brzo postavljanje<\/strong>.<\/li>\n<li>Pobolj\u0161ano prianjanje za <strong>bolju kontrolu i preciznost<\/strong>.<\/li>\n<\/ul>\n[cg_accordion title=\"PODACI O PLA\u0106ANJU\"]<\/p>\n<p>Koristimo najnoviju tehnologiju u obradi pla\u0107anja, koja vam omogu\u0107uje naplatu putem va\u0161e debitne\/kreditne kartice ili PayPal-a za brzo i sigurno iskustvo.[\/cg_accordion]\n[cg_accordion title=\"JAMSTVO\"]<\/p>\n<p>2 godine jamstva <a href=\"https:\/\/droix.net\/\" target=\"_blank\" rel=\"nofollow noopener\">tvrtke DROIX Global<\/a> za va\u0161 mir[\/cg_accordion]\n[cg_accordion title=\"OSIGURANJE KVALITETE I ISPITIVANJE PRIJE OTPREME\"]<\/p>\n<p>Osiguravanje zadovoljstva kupaca na najvi\u0161oj razini: Svaki ure\u0111aj prolazi rigorozno testiranje i vi\u0161estruku provjeru kvalitete prije slanja. Na\u0161 predani tim provjerava performanse, funkcionalnost i integritet komponenti kako bi jam\u010dio da je va\u0161 GPD ure\u0111aj u savr\u0161enom radnom stanju po dolasku, pru\u017eaju\u0107i vam povjerenje i mir. [\/cg_accordion]\n[cg_accordion title=\"CIJENE, POREZI I DOSTAVA\"]<\/p>\n<p><strong><u>Bilje\u0161ka:<\/u><\/strong><\/p>\n<ul>\n<li>Kupci u Sjedinjenim Ameri\u010dkim Dr\u017eavama: Prikazana cijena NE uklju\u010duje POREZ niti carine. Odgovornost za carinjenje i pla\u0107anje svih povezanih poreza\/carina le\u017ei na kupcu. <\/li>\n<li>Kupci iz EU-a: Prikazana cijena uklju\u010duje primjenjivi POREZ, koji mo\u017ee iznositi do 25%, ovisno o va\u0161oj zemlji.<\/li>\n<li>Kupci u Kanadi: Prikazana cijena uklju\u010duje primjenjive poreze, koji mogu uklju\u010divati 5% GST-a i dodatne pokrajinske poreze na promet (PST), uskla\u0111eni porez na promet (HST) ili porez na promet u Quebecu (QST), ovisno o va\u0161oj pokrajini.<\/li>\n<\/ul>\n<p>Za na\u0161e kupce iz SAD-a: Narud\u017ebe se \u0161alju DAP-om (Dostava na mjesto). Iako su kupci odgovorni za pla\u0107anje svih primjenjivih carina, oslanjamo se na na\u0161e veliko iskustvo u dostavi iz Ujedinjenog Kraljevstva kako bismo osigurali da platite najni\u017eu mogu\u0107u naknadu. Na temelju na\u0161e evidencije, te naknade obi\u010dno ne prelaze 10% vrijednosti artikla.  <\/p>\n<p><strong>SAMO za kupce iz EU-a:<\/strong> Ekspresni DDP (isporu\u010dena carina pla\u0107ena). To zna\u010di: <\/p>\n<ul>\n<li>Sve carine i porezi uklju\u010deni su u cijenu prikazanu na stranici proizvoda.<\/li>\n<li>Ne\u0107ete morati pla\u0107ati nikakve dodatne tro\u0161kove po isporuci.<\/li>\n<li>U rijetkim slu\u010dajevima problema povezanih s carinom, na\u0161 tim \u0107e voditi postupak carinjenja u va\u0161e ime kako bi osigurao nesmetano iskustvo isporuke.<\/li>\n<p>Va\u017ene informacije o povratima:<\/p>\n<li>Ako odlu\u010dite vratiti narud\u017ebu ili zatra\u017eiti povrat novca, imajte na umu da se porezi i carine pla\u0107eni u va\u0161e ime prema uvjetima DDP-a ne mogu vratiti.<\/li>\n<p>Za detaljne informacije pogledajte <a href=\"https:\/\/droix.net\/terms-and-conditions\/\" target=\"_blank\" rel=\"nofollow noopener\">na\u0161e Uvjete i odredbe<\/a> .\n<\/ul>\n<p>[\/cg_accordion]\n[cg_accordion title=\"KORISNI\u010cKA PODR\u0160KA\"]<\/p>\n<p>Imate pitanje? Kratak tekst dijeli nas od rje\u0161avanja va\u0161eg problema! <\/p>\n<p>Za detaljne informacije pogledajte <a href=\"https:\/\/gpdstore.net\/hr\/terms-of-service\/\" target=\"_blank\" rel=\"nofollow noopener\">na\u0161e Uvjete i odredbe<\/a> .\n<\/ul>\n<p>[\/cg_accordion]\n[cg_accordion title=\"\u0160TO JE UKLJU\u010cENO\"]<\/p>\n<ul>\n<li>1x GPD WIN Mini gripovi 2025<\/li>\n<\/ul>\n<p>[\/cg_accordion]\n","protected":false},"featured_media":1069327,"template":"","meta":{"_acf_changed":false},"product_brand":[],"product_cat":[5406],"product_tag":[],"woo-feed-brand":[5607],"class_list":{"0":"post-1069302","1":"product","2":"type-product","3":"status-publish","4":"has-post-thumbnail","6":"product_cat-pribor","7":"product_shipping_class-low-end","8":"pa_accessory-type-hvat","9":"pa_brand-gpd","10":"woo-feed-brand-gpd-hr","12":"first","13":"instock","14":"sale","15":"taxable","16":"shipping-taxable","17":"purchasable","18":"product-type-simple"},"acf":[],"aioseo_notices":[],"_links":{"self":[{"href":"https:\/\/gpdstore.net\/hr\/wp-json\/wp\/v2\/product\/1069302","targetHints":{"allow":["GET"]}}],"collection":[{"href":"https:\/\/gpdstore.net\/hr\/wp-json\/wp\/v2\/product"}],"about":[{"href":"https:\/\/gpdstore.net\/hr\/wp-json\/wp\/v2\/types\/product"}],"wp:featuredmedia":[{"embeddable":true,"href":"https:\/\/gpdstore.net\/hr\/wp-json\/wp\/v2\/media\/1069327"}],"wp:attachment":[{"href":"https:\/\/gpdstore.net\/hr\/wp-json\/wp\/v2\/media?parent=1069302"}],"wp:term":[{"taxonomy":"product_brand","embeddable":true,"href":"https:\/\/gpdstore.net\/hr\/wp-json\/wp\/v2\/product_brand?post=1069302"},{"taxonomy":"product_cat","embeddable":true,"href":"https:\/\/gpdstore.net\/hr\/wp-json\/wp\/v2\/product_cat?post=1069302"},{"taxonomy":"product_tag","embeddable":true,"href":"https:\/\/gpdstore.net\/hr\/wp-json\/wp\/v2\/product_tag?post=1069302"},{"taxonomy":"woo-feed-brand","embeddable":true,"href":"https:\/\/gpdstore.net\/hr\/wp-json\/wp\/v2\/woo-feed-brand?post=1069302"}],"curies":[{"name":"wp","href":"https:\/\/api.w.org\/{rel}","templated":true}]}}