{"id":1062068,"date":"2025-01-09T09:45:24","date_gmt":"2025-01-09T09:45:24","guid":{"rendered":"https:\/\/gpdstore.net\/?post_type=product&#038;p=1062068"},"modified":"2026-03-29T00:40:00","modified_gmt":"2026-03-29T00:40:00","slug":"gpd-win-max-2-2025-4g-lte-add-on","status":"publish","type":"product","link":"https:\/\/gpdstore.net\/hr\/product\/gpd-win-max-2-2025-4g-lte-add-on\/","title":{"rendered":"Dodatak GPD WIN MAX 2025 4G LTE"},"content":{"rendered":"\n<h2 class=\"wp-block-heading\">Do\u017eivite pravu prenosivost s dodatnim 4G LTE modulom za GPD WIN Max 2 (2025)<\/h2>\n\n<p>Pretvorite <a href=\"https:\/\/gpdstore.net\/gpd-win-max-2-2025-review\/gpd-win-max-2-2025\/\" target=\"_blank\" rel=\"noreferrer noopener\">svoj GPD WIN MAX 2 (2025<\/a>.) u vrhunsku prijenosnu snagu za igranje i produktivnost uz opcionalni 4G LTE modul. Dizajniran isklju\u010divo za ovaj ure\u0111aj, modul osigurava besprijekornu povezanost, omogu\u0107uju\u0107i vam da ostanete na mre\u017ei bilo kada i bilo gdje. <\/p>\n\n<p>Dizajniran imaju\u0107i na umu preciznost i jednostavnost kori\u0161tenja, ovaj modul podr\u017eava \u0161irok raspon mre\u017ea, uklju\u010duju\u0107i <strong>4G TD-LTE, FDD-LTE i 3G CDMA,<\/strong> nude\u0107i neusporedivu svestranost za globalnu kompatibilnost. Nije potrebno rastavljanje ili slo\u017eena instalacija &#8211; utor za 4G modul okrenut prema natrag omogu\u0107uje brzo i jednostavno postavljanje. <\/p>\n\n<p>Bilo da igrate, radite ili streamate, 4G LTE modul pru\u017ea stabilne, brze performanse koje se mogu mjeriti s uobi\u010dajenim prijenosnim ra\u010dunalima. S ovim osnovnim dodatkom mo\u017eete u\u017eivati u nesmetanom igranju i produktivnosti, \u010dak i u slo\u017eenim scenarijima ili u pokretu.<\/p>\n\n<h4 class=\"wp-block-heading\">Zna\u010dajkama:<\/h4>\n\n<ul class=\"wp-block-list\">\n<li><strong>Namjenski dizajn<\/strong> : Izra\u0111eno isklju\u010divo za GPD WIN Max 2 (2025) kako bi se osiguralo savr\u0161eno pristajanje i besprijekorna funkcionalnost.<\/li>\n\n\n\n<li><strong>Pouzdana povezivost<\/strong>: Omogu\u0107uje brzi 4G LTE pristup, \u0161to ga \u010dini idealnim za igranje, streaming i rad.<\/li>\n\n\n\n<li><strong>Podr\u0161ka za globalnu mre\u017eu<\/strong>: Kompatibilan s 4G TD-LTE, FDD-LTE i 3G CDMA za upotrebu diljem svijeta.<\/li>\n\n\n\n<li><strong>Instalacija bez napora<\/strong>: Brzo i sigurno postavljanje putem utora za 4G modul okrenutog prema natrag.<\/li>\n<\/ul>\n\n<h4 class=\"wp-block-heading\">Obavijesti:<\/h4>\n\n<ol class=\"wp-block-list\">\n<li>Ovaj dodatak <strong>nije kompatibilan<\/strong> s ranijim modelima GPD WIN Max, uklju\u010duju\u0107i <strong>verzije iz 2024., 2023. i 2021<\/strong>. Ekskluzivno je dizajniran za <strong>GPD WIN Max 2 (2025)<\/strong>. <\/li>\n\n\n\n<li>Prije kupnje provjerite godinu modela svog ure\u0111aja kako biste bili sigurni da je kompatibilnost.<\/li>\n<\/ol>\n","protected":false},"excerpt":{"rendered":"<ul>\n<li>Dizajnirano posebno za GPD WIN Max 2 (2025)<\/li>\n<li>Podr\u0161ka &#8211; 4G TD-LTE, FDD-LTE, 3G CDMA.<\/li>\n<li>Podr\u0161ka za 4G TD-LTE, FDD-LTE i 3G CDMA<\/li>\n<li>Utor za nano-SIM za jednostavnu upotrebu<\/li>\n<li>Quectel EG25-G Model<\/li>\n<\/ul>\n<pre><b>VA\u017dAN<\/b>\nINSTALACIJA ZAHTIJEVA URE\u0110AJ ZA OTVARANJE\nKOMPONENTE SU MALE I OSJETLJIVE\nNISMO ODGOVORNI ZA BILO KAKVU \u0160TETU KUPCA<\/pre>\n[cg_accordion title=\"PODACI O PLA\u0106ANJU\"]<\/p>\n<p>Koristimo najnoviju tehnologiju u obradi pla\u0107anja, koja vam omogu\u0107uje naplatu putem va\u0161e debitne\/kreditne kartice ili PayPal-a za brzo i sigurno iskustvo.[\/cg_accordion]\n[cg_accordion title=\"JAMSTVO\"]<\/p>\n<p>2 godine jamstva <a href=\"https:\/\/droix.net\/\" target=\"_blank\" rel=\"nofollow noopener\">tvrtke DROIX Global<\/a> za va\u0161 mir[\/cg_accordion]\n[cg_accordion title=\"OSIGURANJE KVALITETE I ISPITIVANJE PRIJE OTPREME\"]<\/p>\n<p>Osiguravanje zadovoljstva kupaca na najvi\u0161oj razini: Svaki ure\u0111aj prolazi rigorozno testiranje i vi\u0161estruku provjeru kvalitete prije slanja. Na\u0161 predani tim provjerava performanse, funkcionalnost i integritet komponenti kako bi jam\u010dio da je va\u0161 GPD ure\u0111aj u savr\u0161enom radnom stanju po dolasku, pru\u017eaju\u0107i vam povjerenje i mir. [\/cg_accordion]\n[cg_accordion title=\"CIJENE, POREZI I DOSTAVA\"]<\/p>\n<p><strong><u>Bilje\u0161ka:<\/u><\/strong><\/p>\n<ul>\n<li>Kupci u Sjedinjenim Ameri\u010dkim Dr\u017eavama: Prikazana cijena NE uklju\u010duje POREZ niti carine. Odgovornost za carinjenje i pla\u0107anje svih povezanih poreza\/carina le\u017ei na kupcu. <\/li>\n<li>Kupci iz EU-a: Prikazana cijena uklju\u010duje primjenjivi POREZ, koji mo\u017ee iznositi do 25%, ovisno o va\u0161oj zemlji.<\/li>\n<li>Kupci u Kanadi: Prikazana cijena uklju\u010duje primjenjive poreze, koji mogu uklju\u010divati 5% GST-a i dodatne pokrajinske poreze na promet (PST), uskla\u0111eni porez na promet (HST) ili porez na promet u Quebecu (QST), ovisno o va\u0161oj pokrajini.<\/li>\n<\/ul>\n<p>Za na\u0161e kupce iz SAD-a: Narud\u017ebe se \u0161alju DAP-om (Dostava na mjesto). Iako su kupci odgovorni za pla\u0107anje svih primjenjivih carina, oslanjamo se na na\u0161e veliko iskustvo u dostavi iz Ujedinjenog Kraljevstva kako bismo osigurali da platite najni\u017eu mogu\u0107u naknadu. Na temelju na\u0161e evidencije, te naknade obi\u010dno ne prelaze 10% vrijednosti artikla.  <\/p>\n<p><strong>SAMO za kupce iz EU-a:<\/strong> Ekspresni DDP (isporu\u010dena carina pla\u0107ena). To zna\u010di: <\/p>\n<ul>\n<li>Sve carine i porezi uklju\u010deni su u cijenu prikazanu na stranici proizvoda.<\/li>\n<li>Ne\u0107ete morati pla\u0107ati nikakve dodatne tro\u0161kove po isporuci.<\/li>\n<li>U rijetkim slu\u010dajevima problema povezanih s carinom, na\u0161 tim \u0107e voditi postupak carinjenja u va\u0161e ime kako bi osigurao nesmetano iskustvo isporuke.<\/li>\n<p>Va\u017ene informacije o povratima:<\/p>\n<li>Ako odlu\u010dite vratiti narud\u017ebu ili zatra\u017eiti povrat novca, imajte na umu da se porezi i carine pla\u0107eni u va\u0161e ime prema uvjetima DDP-a ne mogu vratiti.<\/li>\n<p>Za detaljne informacije pogledajte <a href=\"https:\/\/droix.net\/terms-and-conditions\/\" target=\"_blank\" rel=\"nofollow noopener\">na\u0161e Uvjete i odredbe<\/a> .\n<\/ul>\n<p>[\/cg_accordion]\n[cg_accordion title=\"KORISNI\u010cKA PODR\u0160KA\"]<\/p>\n<p>Imate pitanje? Kratak tekst dijeli nas od rje\u0161avanja va\u0161eg problema! <\/p>\n<p>Za detaljne informacije pogledajte <a href=\"https:\/\/gpdstore.net\/hr\/terms-of-service\/\" target=\"_blank\" rel=\"nofollow noopener\">na\u0161e Uvjete i odredbe<\/a> .\n<\/ul>\n<p>[\/cg_accordion]\n[cg_accordion title=\"\u0160TO JE UKLJU\u010cENO\"]<\/p>\n<ul>\n<li>1x GPD WIN MAX 2 2025 LTE modul<\/li>\n<\/ul>\n<p>[\/cg_accordion]\n","protected":false},"featured_media":103637,"template":"","meta":{"_acf_changed":false},"product_brand":[],"product_cat":[5406],"product_tag":[15839,18213],"woo-feed-brand":[],"class_list":{"0":"post-1062068","1":"product","2":"type-product","3":"status-publish","4":"has-post-thumbnail","6":"product_cat-pribor","7":"product_tag-20xmsale-hr-2","8":"product_tag-gpd-wm2-dodatna-oprema","9":"product_shipping_class-low-end","10":"pa_accessory-type-dodaci","11":"pa_brand-gpd","13":"first","14":"instock","15":"sale","16":"taxable","17":"shipping-taxable","18":"purchasable","19":"product-type-simple"},"acf":[],"aioseo_notices":[],"_links":{"self":[{"href":"https:\/\/gpdstore.net\/hr\/wp-json\/wp\/v2\/product\/1062068","targetHints":{"allow":["GET"]}}],"collection":[{"href":"https:\/\/gpdstore.net\/hr\/wp-json\/wp\/v2\/product"}],"about":[{"href":"https:\/\/gpdstore.net\/hr\/wp-json\/wp\/v2\/types\/product"}],"wp:featuredmedia":[{"embeddable":true,"href":"https:\/\/gpdstore.net\/hr\/wp-json\/wp\/v2\/media\/103637"}],"wp:attachment":[{"href":"https:\/\/gpdstore.net\/hr\/wp-json\/wp\/v2\/media?parent=1062068"}],"wp:term":[{"taxonomy":"product_brand","embeddable":true,"href":"https:\/\/gpdstore.net\/hr\/wp-json\/wp\/v2\/product_brand?post=1062068"},{"taxonomy":"product_cat","embeddable":true,"href":"https:\/\/gpdstore.net\/hr\/wp-json\/wp\/v2\/product_cat?post=1062068"},{"taxonomy":"product_tag","embeddable":true,"href":"https:\/\/gpdstore.net\/hr\/wp-json\/wp\/v2\/product_tag?post=1062068"},{"taxonomy":"woo-feed-brand","embeddable":true,"href":"https:\/\/gpdstore.net\/hr\/wp-json\/wp\/v2\/woo-feed-brand?post=1062068"}],"curies":[{"name":"wp","href":"https:\/\/api.w.org\/{rel}","templated":true}]}}