{"id":221310,"date":"2023-03-23T16:51:27","date_gmt":"2023-03-23T16:51:27","guid":{"rendered":"https:\/\/gpdstore.net\/privatnosti\/"},"modified":"2024-12-11T13:48:46","modified_gmt":"2024-12-11T13:48:46","slug":"privatnosti","status":"publish","type":"page","link":"https:\/\/gpdstore.net\/hr\/privatnosti\/","title":{"rendered":"Privatnosti"},"content":{"rendered":"\n<p>Sljede\u0107a Pravila o privatnosti moraju se uzeti u skladu s <a href=\"https:\/\/gpdstore.net\/hr\/uvjeti-pruzanja-usluge\/\" target=\"_blank\" data-type=\"URL\" data-id=\"\/terms-of-service\/\" rel=\"noreferrer noopener\">Uvjetima i odredbama<\/a>, <a href=\"https:\/\/gpdstore.net\/hr\/politika-povrata-i-povrata\/\" target=\"_blank\" data-type=\"URL\" data-id=\"\/refund-and-returns-policy\/\" rel=\"noreferrer noopener\">Pravilima o povratu i povratu novca i Pravilima<\/a> o <a href=\"https:\/\/gpdstore.net\/hr\/pravila-o-kolacicima\/\" target=\"_blank\" data-type=\"URL\" data-id=\"\/cookies-policy\/\" rel=\"noreferrer noopener\">kola\u010di\u0107ima<\/a> (upareni s), &#8220;kao jedan&#8221;<\/p>\n\n<ol class=\"wp-block-list\">\n<li>Ovi uvjeti prodaje primjenjuju se na svu robu koju isporu\u010duje DroiX US Corp (dobavlja\u010d).\n<ol class=\"wp-block-list\">\n<li>U navedenom ugovoru upu\u0107uje se na: Mi (DroiX US Corp) smo dobavlja\u010d, a vi (kupac)<\/li>\n<\/ol>\n<\/li>\n<\/ol>\n\n<h2 class=\"wp-block-heading\" id=\"h-navigation\">Navigacija<\/h2>\n\n<ul class=\"wp-block-list\">\n<li>PRIKUPLJANJE PODATAKA<\/li>\n\n\n\n<li>OBRADA PODATAKA<\/li>\n\n\n\n<li>ZA\u0160TITA PODATAKA<\/li>\n\n\n\n<li>PRIVATNOSTI<\/li>\n<\/ul>\n\n<h2 class=\"wp-block-heading\" id=\"h-data-collection\">PRIKUPLJANJE PODATAKA<\/h2>\n\n<ol class=\"wp-block-list\">\n<li>Dobavlja\u010d prikuplja osobne podatke od vas kada kupujete proizvode dobavlja\u010da.<\/li>\n\n\n\n<li>Dobavlja\u010d prikuplja osobne podatke od vas i svih ure\u0111aja (uklju\u010duju\u0107i mobilne ure\u0111aje) koje koristite kada: registrirate se za ra\u010dun kod nas, pru\u017eite podatke Dobavlja\u010du na web obrascu, a\u017eurirate ili dodate podatke na svoj ra\u010dun, sudjelujete na forumu za podr\u0161ku ili kada se na drugi na\u010din dopisujete s Dobavlja\u010dem.\n<ol class=\"wp-block-list\">\n<li>Neki od ovih osobnih podataka, kao \u0161to je na\u010din va\u0161e identifikacije, potrebni su za prihva\u0107anje Uvjeta i odredbi pru\u017eanja usluge dobavlja\u010da. Davanje svih ostalih osobnih podataka je dobrovoljno, ali mo\u017ee biti potrebno za kori\u0161tenje na\u0161ih usluga, kao \u0161to je sudjelovanje u darivanju, izvla\u010denju ili informacijama potrebnim za zaklju\u010divanje transakcije. <\/li>\n<\/ol>\n<\/li>\n\n\n\n<li>Osobni podaci koje dajete Dobavlja\u010du prilikom kupnje ili registracije za ra\u010dun kod Dobavlja\u010da:\n<ol class=\"wp-block-list\">\n<li>Identifikacijski podaci kao \u0161to su va\u0161e ime, adrese, telefonski brojevi ili adrese e-po\u0161te kada se registrirate za ra\u010dun kod nas.<\/li>\n\n\n\n<li>Podaci o narud\u017ebi koji su povezani s va\u0161im ra\u010dunom kao rezultat transakcije u koju ste uklju\u010deni.<\/li>\n\n\n\n<li>Drugi sadr\u017eaj koji generirate ili koji je povezan s va\u0161im ra\u010dunom (kao \u0161to je dodavanje artikala u ko\u0161aricu).<\/li>\n\n\n\n<li>Financijski podaci (kao \u0161to su brojevi kreditnih kartica ili bankovnih ra\u010duna) u vezi s transakcijom.<\/li>\n\n\n\n<li>Po\u0161tarina, naplata i drugi podaci koji se koriste za kupnju ili slanje artikla i relevantne informacije o po\u0161tarini (kao \u0161to su brojevi za pra\u0107enje i a\u017euriranja pra\u0107enja).<\/li>\n\n\n\n<li>Tako\u0111er mo\u017eete pru\u017eiti Dobavlja\u010du druge informacije putem web obrasca, a\u017euriranjem ili dodavanjem podataka na svoj ra\u010dun, sudjelovanjem u raspravama na forumu, zahtjevima za podr\u0161ku ili kada na drugi na\u010din komunicirate s Dobavlja\u010dem u vezi s Dobavlja\u010devom robom i uslugama.<\/li>\n\n\n\n<li>Dodatne informacije koje je Dobavlja\u010d du\u017ean ili ovla\u0161ten prema va\u017ee\u0107im nacionalnim zakonima prikupljati i obra\u0111ivati kako bi vas autentificirao ili identificirao ili provjerio podatke koje je Dobavlja\u010d prikupio.<\/li>\n<\/ol>\n<\/li>\n\n\n\n<li>Osobni podaci koje Dobavlja\u010d automatski prikuplja kada ga koristite za obavljanje kupnje ili registraciju za ra\u010dun kod Dobavlja\u010da:\n<ol class=\"wp-block-list\">\n<li>Dobavlja\u010d prikuplja podatke o va\u0161oj interakciji s web stranicom, va\u0161im preferencijama ogla\u0161avanja i va\u0161oj komunikaciji s dobavlja\u010dem. To su podaci koje Dobavlja\u010d prima s ure\u0111aja (uklju\u010duju\u0107i mobilne ure\u0111aje) koje koristite kada pristupate dijelovima web stranice Dobavlja\u010da. Ti podaci mogu uklju\u010divati sljede\u0107e: ID ure\u0111aja ili jedinstveni identifikator, vrstu ure\u0111aja, ID za ogla\u0161avanje i jedinstveni token ure\u0111aja.  <\/li>\n\n\n\n<li>Podaci o lokaciji, uklju\u010duju\u0107i podatke o lokaciji s va\u0161eg mobilnog ure\u0111aja. Imajte na umu da vam ve\u0107ina mobilnih ure\u0111aja omogu\u0107uje kontrolu ili onemogu\u0107avanje kori\u0161tenja lokacijskih usluga od strane bilo koje aplikacije na va\u0161em mobilnom ure\u0111aju u izborniku postavki ure\u0111aja. <\/li>\n\n\n\n<li>Podaci o ra\u010dunalu i vezi kao \u0161to su statistika o prikazima stranica, prometu na web-lokacijama i s njih, URL preporuke, podaci o oglasima, va\u0161a IP adresa, povijest pregledavanja i podaci o web-zapisniku.<\/li>\n<\/ol>\n<\/li>\n\n\n\n<li>Osobni podaci koje Dobavlja\u010d prikuplja pomo\u0107u kola\u010di\u0107a i sli\u010dnih tehnologija\n<ol class=\"wp-block-list\">\n<li>Dobavlja\u010d koristi kola\u010di\u0107e, web pratilice, jedinstvene identifikatore i sli\u010dne tehnologije za prikupljanje informacija o stranicama koje pregledavate, poveznicama na koje kliknete i drugim radnjama koje poduzimate prilikom pregledavanja web stranice Dobavlja\u010da, unutar Dobavlja\u010devog ogla\u0161avanja ili sadr\u017eaja e-po\u0161te. Za vi\u0161e informacija o kori\u0161tenju ovih tehnologija i kako ih kontrolirati, pogledajte na\u0161u Politiku kola\u010di\u0107a <\/li>\n<\/ol>\n<\/li>\n\n\n\n<li>Osobni podaci prikupljeni iz drugih izvora\n<ol class=\"wp-block-list\">\n<li>Dobavlja\u010d nadopunjuje osobne podatke koje Dobavlja\u010d izravno prikuplja podacima prikupljenim od tre\u0107ih strana i dodaje ih podacima o va\u0161em ra\u010dunu. Na primjer, Dobavlja\u010d prikuplja i koristi demografske i druge podatke koji su javno dostupni u primjenjivoj jurisdikciji, dodatne podatke za kontakt, podatke o provjeri kreditne sposobnosti i informacije iz kreditnih ureda, kako je dopu\u0161teno va\u017ee\u0107im nacionalnim zakonima. <\/li>\n\n\n\n<li>Dru\u0161tveni mediji \u2013 Dobavlja\u010d vam omogu\u0107uje dijeljenje informacija s web stranicama dru\u0161tvenih medija ili kori\u0161tenje stranica dru\u0161tvenih medija za stvaranje ra\u010duna ili povezivanje va\u0161eg ra\u010duna s odgovaraju\u0107om web stranicom dru\u0161tvenih medija. Te stranice dru\u0161tvenih medija mogu Dobavlja\u010du dati automatski pristup odre\u0111enim osobnim podacima koje zadr\u017eavaju o vama (npr. sadr\u017eaj koji ste pregledali, sadr\u017eaj koji vam se svi\u0111a i informacije o oglasima koji su vam prikazani ili na koje ste kliknuli itd.). Ako Dobavlja\u010du omogu\u0107ite pristup bilo kojoj web stranici s video sadr\u017eajem, tada se sla\u017eete da Dobavlja\u010d mo\u017ee dijeliti va\u0161e gledanje videozapisa s web stranicama dru\u0161tvenih medija tre\u0107ih strana ili dobiti informacije o gledanju videozapisa s web stranica dru\u0161tvenih medija najmanje dvije godine ili dok ne povu\u010dete ovla\u0161tenje ili vezu s web mjestom dru\u0161tvenih medija. Vi kontrolirate osobne podatke kojima dopu\u0161tate Dobavlja\u010du pristup putem postavki privatnosti na odgovaraju\u0107oj stranici dru\u0161tvenih medija i dopu\u0161tenja koja dajete Dobavlja\u010du kada Dobavlja\u010du odobrite pristup osobnim podacima koje o vama \u010duva odgovaraju\u0107a web stranica dru\u0161tvenih medija. Povezivanjem ra\u010duna kojim upravlja web-mjesto dru\u0161tvenih medija s va\u0161im ra\u010dunom i ovla\u0161\u0107ivanjem Dobavlja\u010da da ima pristup tim informacijama, sla\u017eete se da Dobavlja\u010d mo\u017ee prikupljati, koristiti i zadr\u017eavati podatke koje pru\u017eaju te stranice dru\u0161tvenih medija u skladu s ovom obavijesti o privatnosti. Dobavlja\u010d tako\u0111er mo\u017ee koristiti dodatke ili druge tehnologije s razli\u010ditih stranica dru\u0161tvenih medija. Ako kliknete na poveznicu koja se pru\u017ea putem dodatka za dru\u0161tvene medije, dobrovoljno uspostavljate vezu s tom odgovaraju\u0107om web stranicom dru\u0161tvenih medija.      <\/li>\n\n\n\n<li>Ako Dobavlja\u010du date osobne podatke o nekom drugom, to morate u\u010diniti samo uz odobrenje te osobe. Trebali biste ih obavijestiti kako Dobavlja\u010d prikuplja, koristi, otkriva i zadr\u017eava njihove osobne podatke u skladu s Uvjetima i odredbama Dobavlja\u010da. <\/li>\n<\/ol>\n<\/li>\n\n\n\n<li>Informacije koje poma\u017eu Dobavlja\u010du da vam isporu\u010di uslugu Dobavlja\u010da.\n<ol class=\"wp-block-list\">\n<li>Dobavlja\u010d blisko sura\u0111uje s tre\u0107im stranama kako bi pomogao Dobavlja\u010du u pru\u017eanju usluga za vas. Te tre\u0107e strane su poslovni partneri u tehni\u010dkim uslugama, uslugama pla\u0107anja i dostave, ogla\u0161iva\u010dke mre\u017ee, pru\u017eatelji analiti\u010dkih usluga, pru\u017eatelji informacija o pretra\u017eivanju, kreditne referentne agencije, agencije za sprje\u010davanje prijevara i programeri. Podaci koje Dobavlja\u010d mo\u017ee prikupiti o vama od takvih strana mogu uklju\u010divati podatke o tra\u017eenju kredita, podatke koji poma\u017eu Dobavlja\u010du da potvrdi va\u0161 identitet ili podatke koji se odnose na va\u0161e platne transakcije.  <\/li>\n\n\n\n<li>Ako to dopustite Dobavlja\u010du, Dobavlja\u010d \u0107e prikupljati popise prijatelja s Facebooka i sli\u010dne informacije od drugih tre\u0107ih strana kao \u0161to su Twitter i Google, a Dobavlja\u010d mo\u017ee povremeno ponovno prikupljati te podatke kako bi bio u tijeku.<\/li>\n<\/ol>\n<\/li>\n<\/ol>\n\n<h2 class=\"wp-block-heading\" id=\"h-data-processing\">OBRADA PODATAKA<\/h2>\n\n<ol class=\"wp-block-list\">\n<li>Dobavlja\u010d \u0107e koristiti va\u0161e osobne podatke samo kada je to dopu\u0161teno zakonom. Dobavlja\u010d naj\u010de\u0161\u0107e mo\u017ee koristiti va\u0161e osobne podatke (kao \u0161to su va\u0161i dostavljeni podaci, podaci o lokaciji ili podaci o transakciji) kako bi stvorio mi\u0161ljenje o tome \u0161to dobavlja\u010d misli da biste mogli \u017eeljeti ili trebate ili \u0161to bi vas moglo zanimati. <\/li>\n\n\n\n<li>Dobavlja\u010d \u0107e koristiti va\u0161e osobne podatke samo u svrhe za koje ih je prikupio, osim ako razumno smatra da ih Dobavlja\u010d treba koristiti iz drugog razloga i da je taj razlog u skladu s izvornom svrhom.<\/li>\n\n\n\n<li>Ako date svoj izri\u010diti pristanak, Dobavlja\u010d mo\u017ee koristiti va\u0161 identitet, kontakt, tehni\u010dke, uporabne i\/ili profilne podatke kako bi stvorio mi\u0161ljenje o tome \u0161to Dobavlja\u010d misli da biste mogli \u017eeljeti ili trebate ili \u0161to bi vas moglo zanimati. Svoj pristanak mo\u017eete povu\u0107i u bilo kojem trenutku. U nekim ograni\u010denim okolnostima, dobavlja\u010d vas mo\u017ee kontaktirati u vezi sa sli\u010dnim proizvodima ako ste kupili proizvode od dobavlja\u010da, a niste odustali od primanja tih informacija.  <\/li>\n\n\n\n<li>Isklju\u010divanje \/ otkazivanje pretplate \u2013 Mo\u017eete zatra\u017eiti od Dobavlja\u010da da vam prestane slati marketin\u0161ke poruke u bilo kojem trenutku slijede\u0107i poveznice za odjavu na bilo kojoj marketin\u0161koj poruci koja vam je poslana ili kontaktiranjem Dobavlja\u010da u bilo kojem trenutku. Ako isklju\u010dite primanje tih marketin\u0161kih poruka, i dalje mo\u017eete primati poruke u druge svrhe (kao \u0161to je pru\u017eanje relevantnih informacija o narud\u017ebi ili proizvodu). <\/li>\n\n\n\n<li>Dobavlja\u010d mo\u017ee otkriti podatke koje Dobavlja\u010d prikuplja od vas odre\u0111enim tre\u0107im stranama koje koriste osobne podatke u pru\u017eanju svojih usluga Dobavlja\u010du, koriste podatke sigurno i povjerljivo i pod strogim ugovornim kontrolama u skladu sa zakonima o za\u0161titi podataka.<\/li>\n\n\n\n<li>Svoj pristanak mo\u017eete povu\u0107i u bilo kojem trenutku nakon \u0161to date svoj izri\u010diti pristanak kontaktiranjem Dobavlja\u010da<\/li>\n<\/ol>\n\n<h2 class=\"wp-block-heading\" id=\"h-data-protection\">ZA\u0160TITA PODATAKA<\/h2>\n\n<ol class=\"wp-block-list\">\n<li>Dobavlja\u010d \u0107e poduzeti sve razumne mjere opreza kako bi detalji va\u0161e narud\u017ebe i pla\u0107anja bili sigurni, ali osim ako dobavlja\u010d nije nemaran, dobavlja\u010d ne\u0107e biti odgovoran za neovla\u0161teni pristup informacijama koje ste dostavili.<\/li>\n\n\n\n<li>Dobavlja\u010d ograni\u010dava pristup va\u0161im osobnim podacima na one zaposlenike, agente, izvo\u0111a\u010de i druge tre\u0107e strane koje imaju poslovnu potrebu znati. Oni \u0107e obra\u0111ivati va\u0161e osobne podatke samo prema uputama Dobavlja\u010da i podlije\u017eu obvezi povjerljivosti. <\/li>\n\n\n\n<li>Dobavlja\u010d je uspostavio postupke za rje\u0161avanje svake sumnje na povredu osobnih podataka i obavijestit \u0107e vas i bilo koje primjenjivo regulatorno tijelo o kr\u0161enju ako je Dobavlja\u010d zakonski obvezan to u\u010diniti.<\/li>\n<\/ol>\n\n<h2 class=\"wp-block-heading\" id=\"h-privacy-policy\">PRIVATNOSTI<\/h2>\n\n<ol class=\"wp-block-list\">\n<li>Dobavlja\u010d ne pohranjuje podatke o kreditnoj kartici niti dijeli podatke o kupcima s bilo kojom nezakonitom tre\u0107om stranom.<\/li>\n\n\n\n<li>Dobavlja\u010d \u0107e zadr\u017eati va\u0161e osobne podatke samo onoliko dugo koliko je potrebno za ispunjavanje svrha za koje ih je Dobavlja\u010d prikupio, uklju\u010duju\u0107i u svrhu ispunjavanja bilo kakvih zakonskih, ra\u010dunovodstvenih ili izvje\u0161tajnih zahtjeva.<\/li>\n\n\n\n<li>Dobavlja\u010d \u0107e op\u0107enito \u010duvati podatke na\u0161ih kupaca u razdoblju od 6 (\u0161est) godina nakon zavr\u0161etka ugovora, kako bi osigurao da vam dobavlja\u010d mo\u017ee pomo\u0107i ako imate bilo kakvih pitanja ili povratnih informacija u vezi s proizvodima dobavlja\u010da ili kako bi za\u0161titio ili obranio na\u0161a zakonska prava ili u porezne svrhe.<\/li>\n\n\n\n<li>Ako je Dobavlja\u010d obradio va\u0161e osobne podatke kako bi vam pru\u017eio marketin\u0161ku komunikaciju uz pristanak, Dobavlja\u010d vas mo\u017ee kontaktirati najmanje svakih dvanaest (12) mjeseci kako bi se uvjerio da ste zadovoljni nastavkom primanja takvih komunikacija. Ako Dobavlja\u010du ka\u017eete da vi\u0161e ne \u017eelite primati takve obavijesti, va\u0161i osobni podaci bit \u0107e uklonjeni s marketin\u0161kih popisa Dobavlja\u010da (ali \u0107e biti dodani na popis &#8220;ne kontaktiraj&#8221;). <\/li>\n\n\n\n<li>Ako je dobavlja\u010d obradio va\u0161e podatke iz bilo kojeg drugog razloga (kao \u0161to je slu\u010daj kada ste kontaktirali dobavlja\u010da s pitanjem u vezi s proizvodima ili uslugama), dobavlja\u010d \u0107e zadr\u017eati va\u0161e podatke dvanaest (12) mjeseci.<\/li>\n\n\n\n<li>U nekim okolnostima Dobavlja\u010d mo\u017ee anonimizirati Va\u0161e osobne podatke (tako da se vi\u0161e ne mogu povezati s Vama) u istra\u017eiva\u010dke ili statisti\u010dke svrhe, u kojem slu\u010daju Dobavlja\u010d mo\u017ee koristiti te podatke na neodre\u0111eno vrijeme bez daljnje obavijesti.<\/li>\n\n\n\n<li>U odre\u0111enim okolnostima imate prava prema zakonima o za\u0161titi podataka u vezi s va\u0161im osobnim podacima. Ta su prava detaljno opisana u nastavku: \n<ol class=\"wp-block-list\">\n<li>Zatra\u017eite pristup svojim osobnim podacima (obi\u010dno poznat kao &#8220;zahtjev za pristup ispitanika&#8221;). To vam omogu\u0107uje da dobijete kopiju osobnih podataka koje dobavlja\u010d ima o vama i da provjerite obra\u0111uje li ih dobavlja\u010d zakonito. <\/li>\n\n\n\n<li>Zatra\u017eite ispravak osobnih podataka koje Dobavlja\u010d ima o vama. To vam omogu\u0107uje da ispravite sve nepotpune ili neto\u010dne podatke koje Dobavlja\u010d ima o vama, iako \u0107e Dobavlja\u010d mo\u017eda morati provjeriti to\u010dnost novih podataka koje dostavite Dobavlja\u010du. <\/li>\n\n\n\n<li>Zatra\u017eite brisanje svojih osobnih podataka. To vam omogu\u0107uje da zatra\u017eite od dobavlja\u010da da izbri\u0161e ili ukloni osobne podatke ako ne postoji dobar razlog da ih dobavlja\u010d nastavi obra\u0111ivati. Tako\u0111er imate pravo zatra\u017eiti od dobavlja\u010da da izbri\u0161e ili ukloni va\u0161e osobne podatke ako ste uspje\u0161no ostvarili svoje pravo na prigovor na obradu, ako je dobavlja\u010d mo\u017eda nezakonito obradio va\u0161e podatke ili ako je dobavlja\u010d du\u017ean izbrisati va\u0161e osobne podatke kako bi bio u skladu s lokalnim zakonom. Me\u0111utim, imajte na umu da Dobavlja\u010d mo\u017eda ne\u0107e uvijek mo\u0107i udovoljiti va\u0161em zahtjevu za brisanjem iz odre\u0111enih pravnih razloga o kojima \u0107ete biti obavije\u0161teni, ako je primjenjivo, u trenutku va\u0161eg zahtjeva.   <\/li>\n\n\n\n<li>Prigovor na obradu va\u0161ih osobnih podataka ako se dobavlja\u010d oslanja na legitimni interes (ili interes tre\u0107e strane) i postoji ne\u0161to u va\u0161oj posebnoj situaciji zbog \u010dega \u017eelite ulo\u017eiti prigovor na obradu na toj osnovi jer smatrate da to utje\u010de na va\u0161a temeljna prava i slobode. Tako\u0111er imate pravo prigovora kada dobavlja\u010d obra\u0111uje va\u0161e osobne podatke u svrhe izravnog marketinga. U nekim slu\u010dajevima Dobavlja\u010d mo\u017ee dokazati da ima uvjerljive legitimne razloge za obradu va\u0161ih podataka koji nadilaze va\u0161a prava i slobode.  <\/li>\n\n\n\n<li>Zatra\u017eite ograni\u010denje obrade svojih osobnih podataka. To vam omogu\u0107uje da zatra\u017eite od dobavlja\u010da da obustavi obradu va\u0161ih osobnih podataka u sljede\u0107im scenarijima: ako \u017eelite da dobavlja\u010d utvrdi to\u010dnost podataka; ako je Dobavlja\u010deva upotreba podataka nezakonita, ali ne \u017eelite da ih Dobavlja\u010d izbri\u0161e; kada vam je potrebno da dobavlja\u010d \u010duva podatke \u010dak i ako ih dobavlja\u010d vi\u0161e ne zahtijeva jer su vam potrebni za uspostavljanje, ostvarivanje ili obranu pravnih zahtjeva; ili ste se usprotivili Dobavlja\u010devoj upotrebi va\u0161ih podataka, ali Dobavlja\u010d mora provjeriti ima li Dobavlja\u010d prevladavaju\u0107e legitimne razloge za njihovo kori\u0161tenje. <\/li>\n\n\n\n<li>Zatra\u017eiti prijenos va\u0161ih osobnih podataka (kao ispitanika) vama ili tre\u0107oj strani. Povu\u0107i privolu u bilo kojem trenutku kada se Dobavlja\u010d oslanja na privolu za obradu va\u0161ih osobnih podataka. Me\u0111utim, to ne\u0107e utjecati na zakonitost bilo koje obrade koja se provodi prije nego \u0161to povu\u010dete svoj pristanak. Ako povu\u010dete svoj pristanak, Dobavlja\u010d vam mo\u017eda ne\u0107e mo\u0107i pru\u017eiti odre\u0111ene proizvode ili usluge. Dobavlja\u010d \u0107e vas obavijestiti ako je to slu\u010daj u trenutku kada povu\u010dete svoj pristanak. Ako \u017eelite ostvariti bilo koje od gore navedenih prava, obratite se izravno Dobavlja\u010du putem njegovih podataka za kontakt.     <\/li>\n\n\n\n<li>Obi\u010dno nije potrebna naknada i ne\u0107ete morati platiti naknadu za pristup svojim osobnim podacima (ili za ostvarivanje bilo kojeg drugog prava). Me\u0111utim, Dobavlja\u010d mo\u017ee naplatiti razumnu naknadu ako je va\u0161 zahtjev o\u010dito neutemeljen, ponavljaju\u0107i ili pretjeran. Alternativno, Dobavlja\u010d mo\u017ee odbiti udovoljiti va\u0161em zahtjevu u tim okolnostima.  <\/li>\n<\/ol>\n<\/li>\n\n\n\n<li>Dobavlja\u010d \u0107e mo\u017eda morati zatra\u017eiti odre\u0111ene informacije od vas kako bi pomogao Dobavlja\u010du da potvrdi va\u0161 identitet i osigura va\u0161e pravo na pristup va\u0161im osobnim podacima (ili za ostvarivanje bilo kojeg od va\u0161ih drugih prava). Ovo je sigurnosna mjera kojom se osigurava da se osobni podaci ne otkrivaju bilo kojoj osobi koja ih nema pravo primiti. Dobavlja\u010d vas tako\u0111er mo\u017ee kontaktirati kako bi vas zatra\u017eio dodatne informacije u vezi s va\u0161im zahtjevom kako bi ubrzao odgovor dobavlja\u010da.  <\/li>\n\n\n\n<li>Imate pravo u bilo kojem trenutku podnijeti \u017ealbu ICO-u, nadzornom tijelu Ujedinjenog Kraljevstva za pitanja za\u0161tite podataka (na www.ico.org.uk). Dobavlja\u010d bi, me\u0111utim, cijenio priliku da se pozabavi va\u0161im problemima prije nego \u0161to se obratite ICO-u, stoga nas molimo da nas kontaktirate u prvom stupnju. <\/li>\n<\/ol>\n\n<p>Pravila o privatnosti posljednji put a\u017eurirana: 23. o\u017eujka 2023. \u2013 4:50.<\/p>\n","protected":false},"excerpt":{"rendered":"<p>Sljede\u0107a Pravila o privatnosti moraju se uzeti u skladu s Uvjetima i odredbama, Pravilima o povratu i povratu novca i Pravilima o kola\u010di\u0107ima (upareni s), &#8220;kao jedan&#8221; Navigacija PRIKUPLJANJE PODATAKA OBRADA PODATAKA ZA\u0160TITA PODATAKA PRIVATNOSTI Pravila o privatnosti posljednji put a\u017eurirana: 23. o\u017eujka 2023. \u2013 4:50.<\/p>\n","protected":false},"author":1,"featured_media":0,"parent":0,"menu_order":0,"comment_status":"closed","ping_status":"closed","template":"template-fullwidth.php","meta":{"_acf_changed":false,"footnotes":""},"class_list":["post-221310","page","type-page","status-publish","hentry"],"acf":[],"aioseo_notices":[],"_links":{"self":[{"href":"https:\/\/gpdstore.net\/hr\/wp-json\/wp\/v2\/pages\/221310","targetHints":{"allow":["GET"]}}],"collection":[{"href":"https:\/\/gpdstore.net\/hr\/wp-json\/wp\/v2\/pages"}],"about":[{"href":"https:\/\/gpdstore.net\/hr\/wp-json\/wp\/v2\/types\/page"}],"author":[{"embeddable":true,"href":"https:\/\/gpdstore.net\/hr\/wp-json\/wp\/v2\/users\/1"}],"replies":[{"embeddable":true,"href":"https:\/\/gpdstore.net\/hr\/wp-json\/wp\/v2\/comments?post=221310"}],"version-history":[{"count":0,"href":"https:\/\/gpdstore.net\/hr\/wp-json\/wp\/v2\/pages\/221310\/revisions"}],"wp:attachment":[{"href":"https:\/\/gpdstore.net\/hr\/wp-json\/wp\/v2\/media?parent=221310"}],"curies":[{"name":"wp","href":"https:\/\/api.w.org\/{rel}","templated":true}]}}