{"id":221100,"date":"2023-03-23T16:38:25","date_gmt":"2023-03-23T16:38:25","guid":{"rendered":"https:\/\/gpdstore.net\/o-nama\/"},"modified":"2024-12-11T13:38:48","modified_gmt":"2024-12-11T13:38:48","slug":"o-nama","status":"publish","type":"page","link":"https:\/\/gpdstore.net\/hr\/o-nama\/","title":{"rendered":"O nama"},"content":{"rendered":"\t\t<div data-elementor-type=\"wp-page\" data-elementor-id=\"221100\" class=\"elementor elementor-221100 elementor-10\" data-elementor-settings=\"{&quot;element_pack_global_tooltip_width&quot;:{&quot;unit&quot;:&quot;px&quot;,&quot;size&quot;:&quot;&quot;,&quot;sizes&quot;:[]},&quot;element_pack_global_tooltip_width_tablet&quot;:{&quot;unit&quot;:&quot;px&quot;,&quot;size&quot;:&quot;&quot;,&quot;sizes&quot;:[]},&quot;element_pack_global_tooltip_width_mobile&quot;:{&quot;unit&quot;:&quot;px&quot;,&quot;size&quot;:&quot;&quot;,&quot;sizes&quot;:[]},&quot;element_pack_global_tooltip_padding&quot;:{&quot;unit&quot;:&quot;px&quot;,&quot;top&quot;:&quot;&quot;,&quot;right&quot;:&quot;&quot;,&quot;bottom&quot;:&quot;&quot;,&quot;left&quot;:&quot;&quot;,&quot;isLinked&quot;:true},&quot;element_pack_global_tooltip_padding_tablet&quot;:{&quot;unit&quot;:&quot;px&quot;,&quot;top&quot;:&quot;&quot;,&quot;right&quot;:&quot;&quot;,&quot;bottom&quot;:&quot;&quot;,&quot;left&quot;:&quot;&quot;,&quot;isLinked&quot;:true},&quot;element_pack_global_tooltip_padding_mobile&quot;:{&quot;unit&quot;:&quot;px&quot;,&quot;top&quot;:&quot;&quot;,&quot;right&quot;:&quot;&quot;,&quot;bottom&quot;:&quot;&quot;,&quot;left&quot;:&quot;&quot;,&quot;isLinked&quot;:true},&quot;element_pack_global_tooltip_border_radius&quot;:{&quot;unit&quot;:&quot;px&quot;,&quot;top&quot;:&quot;&quot;,&quot;right&quot;:&quot;&quot;,&quot;bottom&quot;:&quot;&quot;,&quot;left&quot;:&quot;&quot;,&quot;isLinked&quot;:true},&quot;element_pack_global_tooltip_border_radius_tablet&quot;:{&quot;unit&quot;:&quot;px&quot;,&quot;top&quot;:&quot;&quot;,&quot;right&quot;:&quot;&quot;,&quot;bottom&quot;:&quot;&quot;,&quot;left&quot;:&quot;&quot;,&quot;isLinked&quot;:true},&quot;element_pack_global_tooltip_border_radius_mobile&quot;:{&quot;unit&quot;:&quot;px&quot;,&quot;top&quot;:&quot;&quot;,&quot;right&quot;:&quot;&quot;,&quot;bottom&quot;:&quot;&quot;,&quot;left&quot;:&quot;&quot;,&quot;isLinked&quot;:true}}\" data-elementor-post-type=\"page\">\n\t\t\t\t\t\t<section class=\"elementor-section elementor-top-section elementor-element elementor-element-9ee181d elementor-section-height-min-height elementor-section-content-middle elementor-reverse-mobile elementor-section-boxed elementor-section-height-default elementor-section-items-middle\" data-id=\"9ee181d\" data-element_type=\"section\" data-settings=\"{&quot;background_background&quot;:&quot;classic&quot;,&quot;background_motion_fx_motion_fx_scrolling&quot;:&quot;yes&quot;,&quot;background_motion_fx_blur_effect&quot;:&quot;yes&quot;,&quot;background_motion_fx_range&quot;:&quot;viewport&quot;,&quot;background_motion_fx_motion_fx_mouse&quot;:&quot;yes&quot;,&quot;background_motion_fx_mouseTrack_effect&quot;:&quot;yes&quot;,&quot;background_motion_fx_blur_direction&quot;:&quot;out-in&quot;,&quot;background_motion_fx_blur_level&quot;:{&quot;unit&quot;:&quot;px&quot;,&quot;size&quot;:7,&quot;sizes&quot;:[]},&quot;background_motion_fx_blur_range&quot;:{&quot;unit&quot;:&quot;%&quot;,&quot;size&quot;:&quot;&quot;,&quot;sizes&quot;:{&quot;start&quot;:20,&quot;end&quot;:80}},&quot;background_motion_fx_devices&quot;:[&quot;desktop&quot;,&quot;tablet&quot;,&quot;mobile&quot;],&quot;background_motion_fx_mouseTrack_speed&quot;:{&quot;unit&quot;:&quot;px&quot;,&quot;size&quot;:1,&quot;sizes&quot;:[]}}\">\n\t\t\t\t\t\t<div class=\"elementor-container elementor-column-gap-no\">\n\t\t\t\t\t<div class=\"elementor-column elementor-col-100 elementor-top-column elementor-element elementor-element-53c0e4e\" data-id=\"53c0e4e\" data-element_type=\"column\" data-settings=\"{&quot;background_background&quot;:&quot;classic&quot;}\">\n\t\t\t<div class=\"elementor-widget-wrap elementor-element-populated\">\n\t\t\t\t\t\t<div class=\"elementor-element elementor-element-d21bfa3 elementor-widget elementor-widget-heading\" data-id=\"d21bfa3\" data-element_type=\"widget\" data-widget_type=\"heading.default\">\n\t\t\t\t<div class=\"elementor-widget-container\">\n\t\t\t\t\t<h2 class=\"elementor-heading-title elementor-size-default\">GPD<br>x<br>DROIX<\/h2>\t\t\t\t<\/div>\n\t\t\t\t<\/div>\n\t\t\t\t<div class=\"elementor-element elementor-element-4bf96d9 elementor-widget elementor-widget-text-editor\" data-id=\"4bf96d9\" data-element_type=\"widget\" data-widget_type=\"text-editor.default\">\n\t\t\t\t<div class=\"elementor-widget-container\">\n\t\t\t\t\t\t\t\t\t<p>Dobrodo\u0161li u GPD Store, va\u0161e odredi\u0161te na jednom mjestu za najsuvremenija ru\u010dna ra\u010dunala za igranje na tr\u017ei\u0161tu.<\/p>\n<p>Ponosni smo prodava\u010d GPD (GamePad Digital) proizvoda, nude\u0107i vam najnovije i najinovativnije ure\u0111aje, uklju\u010duju\u0107i GPD WIN 4, GPD Pocket 4, GPD Pocket 3 i mnoge druge GPD gadgete. Na\u0161a predanost pru\u017eanju vrhunskih iskustava igranja \u010dini nas izborom za entuzijaste koji tra\u017ee prijenosne mo\u0107ne ure\u0111aje. <\/p>\n<p>U GPD Storeu razumijemo da savr\u0161eno iskustvo igranja nadilazi sam ure\u0111aj. Zato smo se udru\u017eili s DroiX-om, pouzdanim imenom u logistici i korisni\u010dkoj podr\u0161ci, kako bismo osigurali da va\u0161e putovanje kupovine s nama bude glatko i besprijekorno. Od narud\u017ebe do primanja ure\u0111aja i \u0161ire, DroiX-ova stru\u010dnost jam\u010di iskustvo bez muke, omogu\u0107uju\u0107i vam da se usredoto\u010dite na ono \u0161to je najva\u017enije &#8211; ronjenje u svoje omiljene igre.  <\/p>\n<p>Na\u0161a misija u GPD Storeu je pru\u017eiti vam vrhunsko iskustvo igranja iz ruke, potpomognuto na\u0161om nepokolebljivom predano\u0161\u0107u zadovoljstvu kupaca. Kao i sami ljubitelji igara, cijenimo va\u017enost posjedovanja pravog ure\u0111aja u rukama. Zato kontinuirano nastojimo ponuditi najbolje GPD proizvode na tr\u017ei\u0161tu, zajedno s vrhunskom korisni\u010dkom uslugom.  <\/p>\n<p>Kada kupujete s GPD Storeom, ne kupujete samo ure\u0111aj; Pridru\u017eujete se zajednici igra\u010da koji cijene savr\u0161enu ravnote\u017eu izme\u0111u snage i prenosivosti. Pozivamo vas da istra\u017eite na\u0161u liniju proizvoda i iskusite razliku koju GPD trgovina nudi. Pripremite se za podizanje razine svog igranja s nama!  <\/p>\n\t\t\t\t\t\t\t\t<\/div>\n\t\t\t\t<\/div>\n\t\t\t\t\t<\/div>\n\t\t<\/div>\n\t\t\t\t\t<\/div>\n\t\t<\/section>\n\t\t\t\t<\/div>\n\t\t","protected":false},"excerpt":{"rendered":"<p>GPDxDROIX Dobrodo\u0161li u GPD Store, va\u0161e odredi\u0161te na jednom mjestu za najsuvremenija ru\u010dna ra\u010dunala za igranje na tr\u017ei\u0161tu. Ponosni smo prodava\u010d GPD (GamePad Digital) proizvoda, nude\u0107i vam najnovije i najinovativnije ure\u0111aje, uklju\u010duju\u0107i GPD WIN 4, GPD Pocket 4, GPD Pocket 3 i mnoge druge GPD gadgete. Na\u0161a predanost pru\u017eanju vrhunskih iskustava igranja \u010dini nas izborom [&hellip;]<\/p>\n","protected":false},"author":1,"featured_media":0,"parent":0,"menu_order":0,"comment_status":"closed","ping_status":"closed","template":"template-fullwidth-no-heading.php","meta":{"_acf_changed":false,"footnotes":""},"class_list":["post-221100","page","type-page","status-publish","hentry"],"acf":[],"aioseo_notices":[],"_links":{"self":[{"href":"https:\/\/gpdstore.net\/hr\/wp-json\/wp\/v2\/pages\/221100","targetHints":{"allow":["GET"]}}],"collection":[{"href":"https:\/\/gpdstore.net\/hr\/wp-json\/wp\/v2\/pages"}],"about":[{"href":"https:\/\/gpdstore.net\/hr\/wp-json\/wp\/v2\/types\/page"}],"author":[{"embeddable":true,"href":"https:\/\/gpdstore.net\/hr\/wp-json\/wp\/v2\/users\/1"}],"replies":[{"embeddable":true,"href":"https:\/\/gpdstore.net\/hr\/wp-json\/wp\/v2\/comments?post=221100"}],"version-history":[{"count":0,"href":"https:\/\/gpdstore.net\/hr\/wp-json\/wp\/v2\/pages\/221100\/revisions"}],"wp:attachment":[{"href":"https:\/\/gpdstore.net\/hr\/wp-json\/wp\/v2\/media?parent=221100"}],"curies":[{"name":"wp","href":"https:\/\/api.w.org\/{rel}","templated":true}]}}