{"id":210309,"date":"2023-03-23T16:52:33","date_gmt":"2023-03-23T16:52:33","guid":{"rendered":"https:\/\/gpdstore.net\/politika-povrata-i-povrata\/"},"modified":"2025-05-11T14:50:47","modified_gmt":"2025-05-11T14:50:47","slug":"refund-and-returns-policy","status":"publish","type":"page","link":"https:\/\/gpdstore.net\/hr\/refund-and-returns-policy\/","title":{"rendered":"Politika povrata i povrata"},"content":{"rendered":"\n<p>Sljede\u0107e Uvjete i odredbe treba uzeti u skladu s <a href=\"https:\/\/gpdstore.net\/hr\/uvjeti-pruzanja-usluge\/\" data-type=\"URL\" data-id=\"\/terms-of-service\/\" target=\"_blank\" rel=\"noreferrer noopener\">Uvjetima pru\u017eanja usluge<\/a>, <a href=\"https:\/\/gpdstore.net\/hr\/privatnosti\/\" target=\"_blank\" rel=\"noreferrer noopener\">Pravilima o privatnosti<\/a> i <a href=\"https:\/\/gpdstore.net\/hr\/pravila-o-kolacicima\/\" data-type=\"URL\" data-id=\"\/cookies-policy\/\" target=\"_blank\" rel=\"noreferrer noopener\">Pravilima o kola\u010di\u0107ima<\/a> (upareni s), &#8220;kao jedan&#8221;<\/p>\n\n<h3 class=\"wp-block-heading\" id=\"h-cancellations\">OTKAZIVANJA  <\/h3>\n\n<ol class=\"wp-block-list\">\n<li>Pod uvjetom da niste poslovni kupac, imate pravo raskinuti ugovor u bilo kojem trenutku do kraja 30 kalendarskih dana nakon primitka robe (vidi dolje).<\/li>\n\n\n\n<li>Da biste ostvarili svoje pravo na otkazivanje, morate pismeno obavijestiti dobavlja\u010da osobno, po\u0161tom, e-po\u0161tom, dru\u0161tvenim mre\u017eama ili putem web stranice, navode\u0107i pojedinosti o naru\u010denoj robi i (prema potrebi) njezinoj isporuci. Obavijest telefonom nije dovoljna.<\/li>\n\n\n\n<li>Osim u slu\u010daju neispravne ili pogre\u0161no opisane robe, ako iskoristite svoje pravo na otkaz nakon \u0161to vam je roba isporu\u010dena, bit \u0107ete odgovorni za povrat robe dobavlja\u010du o vlastitom tro\u0161ku. Roba se mora vratiti na adresu koju je priop\u0107io dobavlja\u010d. Morate se razumno pobrinuti da roba ne bude o\u0161te\u0107ena u me\u0111uvremenu ili u tranzitu.\n<ol class=\"wp-block-list\">\n<li>U slu\u010daju neispravne ili pogre\u0161no opisane robe, Dobavlja\u010d \u0107e, nakon primitka obavijesti u skladu s Uvjetima i odredbama, ili preuzeti robu od vas ili zatra\u017eiti da sami vratite robu, pru\u017eaju\u0107i vam prihvatljiv na\u010din povrata.  <\/li>\n<\/ol>\n<\/li>\n\n\n\n<li>Narud\u017eba otkazana u tranzitu imat \u0107e standardnu naknadu za otkazivanje plus dodatne tro\u0161kove prijevoza na teret kupca.<\/li>\n<\/ol>\n\n<h3 class=\"wp-block-heading\" id=\"h-returns\">VRA\u0106A<\/h3>\n\n<ol class=\"wp-block-list\">\n<li>Personalizirani artikli su nepovratni. Imajte na umu da to ne utje\u010de na va\u0161a zakonska prava.<\/li>\n\n\n\n<li>Ra\u010dunalni sustavi izra\u0111eni prema individualnim specifikacijama kupca izuzeti su od prava na otkazivanje prema Pravilniku o prodaji na daljinu.<\/li>\n\n\n\n<li>Artikli moraju biti u originalnom pakiranju gdje je dio robe, na primjer, roba u kutiji). Imate zakonsku obvezu razumno se brinuti o robi dok je u va\u0161em posjedu. Ako ne ispunite ovu obvezu, dobavlja\u010d mo\u017ee imati pravo na tu\u017ebu protiv vas za naknadu \u0161tete do 50% vrijednosti (naknada za obnavljanje zaliha). To se odnosi na svu robu koja se vra\u0107a.<\/li>\n\n\n\n<li>Nakon \u0161to dobije RMA broj i upute za povrat, kupac \u0107e osigurati da se artikl dostavi na adresu dobavlja\u010da navedenu u Uputama za povrat. Dobavlja\u010d ne preuzima odgovornost za nedostaju\u0107e ili pogre\u0161no isporu\u010dene artikle. Preporu\u010dujemo da se svi povrati po\u0161alju dobavlja\u010du metodom pra\u0107enja, potpisivanja i osiguranja.<\/li>\n\n\n\n<li>Prema <a href=\"https:\/\/www.legislation.gov.uk\/ukpga\/2015\/15\/contents\/enacted\" target=\"_blank\" rel=\"noreferrer noopener\">Zakonu o pravima potro\u0161a\u010da iz 2015<\/a>., dobavlja\u010d ne\u0107e nadoknaditi nikakve tro\u0161kove dostave posebne dostave.<\/li>\n\n\n\n<li>Ako se uz zahtjev za ostvarivanje prava na povrat navede kvar, a taj kvar nije prisutan na ure\u0111aju, Dobavlja\u010d zadr\u017eava pravo zadr\u017eati iznos koji nije ve\u0107i od 10 GBP ili %5 proizvoda za unaprijed pla\u0107enu naljepnicu koja je dostavljena Kupcu.<\/li>\n\n\n\n<li>Ako vam se isplati povrat novca ili povrat novca, dobavlja\u010d \u0107e prenijeti novac na isti na\u010din koji ste izvorno koristili za pla\u0107anje kupnje. Ako dobavlja\u010d ne mo\u017ee vratiti novac putem izvornog na\u010dina pla\u0107anja, bit \u0107ete kontaktirani kako biste dogovorili alternativu.<\/li>\n\n\n\n<li>Ako niste poduzeli razumnu brigu o robi, dobavlja\u010d zadr\u017eava pravo odbiti povrat novca i vratiti vam robu o vlastitom tro\u0161ku.<\/li>\n\n\n\n<li>Povrati ne uklju\u010duju uvozni PDV\/carine koje su ve\u0107 pla\u0107ene odgovaraju\u0107im tijelima.<\/li>\n<\/ol>\n\n<p><\/p>\n","protected":false},"excerpt":{"rendered":"<p>Sljede\u0107e Uvjete i odredbe treba uzeti u skladu s Uvjetima pru\u017eanja usluge, Pravilima o privatnosti i Pravilima o kola\u010di\u0107ima (upareni s), &#8220;kao jedan&#8221; OTKAZIVANJA VRA\u0106A<\/p>\n","protected":false},"author":1,"featured_media":0,"parent":0,"menu_order":0,"comment_status":"closed","ping_status":"closed","template":"template-fullwidth.php","meta":{"_acf_changed":false,"footnotes":""},"class_list":["post-210309","page","type-page","status-publish","hentry"],"acf":[],"aioseo_notices":[],"_links":{"self":[{"href":"https:\/\/gpdstore.net\/hr\/wp-json\/wp\/v2\/pages\/210309","targetHints":{"allow":["GET"]}}],"collection":[{"href":"https:\/\/gpdstore.net\/hr\/wp-json\/wp\/v2\/pages"}],"about":[{"href":"https:\/\/gpdstore.net\/hr\/wp-json\/wp\/v2\/types\/page"}],"author":[{"embeddable":true,"href":"https:\/\/gpdstore.net\/hr\/wp-json\/wp\/v2\/users\/1"}],"replies":[{"embeddable":true,"href":"https:\/\/gpdstore.net\/hr\/wp-json\/wp\/v2\/comments?post=210309"}],"version-history":[{"count":0,"href":"https:\/\/gpdstore.net\/hr\/wp-json\/wp\/v2\/pages\/210309\/revisions"}],"wp:attachment":[{"href":"https:\/\/gpdstore.net\/hr\/wp-json\/wp\/v2\/media?parent=210309"}],"curies":[{"name":"wp","href":"https:\/\/api.w.org\/{rel}","templated":true}]}}