{"id":905594,"date":"2024-11-27T12:35:46","date_gmt":"2024-11-27T12:35:46","guid":{"rendered":"https:\/\/gpdstore.net\/?post_type=product&#038;p=905594"},"modified":"2026-04-01T13:14:11","modified_gmt":"2026-04-01T13:14:11","slug":"gpd-pocket-4-protective-case","status":"publish","type":"product","link":"https:\/\/gpdstore.net\/fr\/product\/gpd-pocket-4-protective-case\/","title":{"rendered":"\u00c9tui de protection GPD Pocket 4"},"content":{"rendered":"\n<p>Vous cherchez une housse de protection pour votre ultrabook GPD Pocket 4 ? Notre \u00e9tui de protection en faux cuir pour GPD Pocket 4 est la solution parfaite ! Fabriqu\u00e9 \u00e0 partir de mat\u00e9riaux de haute qualit\u00e9, notre \u00e9tui offre une protection sup\u00e9rieure contre les rayures, les chutes et autres risques qui peuvent endommager votre appareil. Ses d\u00e9coupes pr\u00e9cises et son ajustement parfait garantissent que votre GPD Pocket 4 reste s\u00e9curis\u00e9 et accessible \u00e0 tout moment.     <\/p>\n","protected":false},"excerpt":{"rendered":"<ul>\n<li>Produit <strong>officiel GPD<\/strong> <\/li>\n<li>Con\u00e7u pour le mini ordinateur portable <strong>GPD Pocket 4<\/strong> <\/li>\n<li>Texture en <strong>faux cuir<\/strong> <\/li>\n<li>Couverture <strong>magn\u00e9tique<\/strong> <\/li>\n<\/ul>\n[cg_accordion title=\"INFO PAIEMENT\"]<\/p>\n<p>Nous utilisons les derni\u00e8res technologies en mati\u00e8re de traitement des paiements, ce qui vous permet de r\u00e9gler vos achats par carte de d\u00e9bit\/cr\u00e9dit ou par PayPal pour une exp\u00e9rience rapide et s\u00e9curis\u00e9e.[\/cg_accordion]\n[cg_accordion title=\"GARANTIE\"]<\/p>\n<p>2 ans de garantie de <a href=\"https:\/\/droix.net\/\" target=\"_blank\" rel=\"nofollow noopener\">DROIX Global<\/a> pour votre tranquillit\u00e9 d&#8217;esprit[\/cg_accordion]\n[cg_accordion title=\"ASSURANCE QUALIT\u00c9 ET ESSAIS AVANT EXP\u00c9DITION\"]<\/p>\n<p>Garantir la satisfaction du client au plus haut niveau : Chaque appareil est soumis \u00e0 des tests rigoureux et \u00e0 un contr\u00f4le de qualit\u00e9 en plusieurs points avant d&#8217;\u00eatre exp\u00e9di\u00e9. Notre \u00e9quipe sp\u00e9cialis\u00e9e v\u00e9rifie les performances, la fonctionnalit\u00e9 et l&#8217;int\u00e9grit\u00e9 des composants afin de garantir que votre appareil GPD est en parfait \u00e9tat de fonctionnement d\u00e8s son arriv\u00e9e, ce qui vous assure confiance et tranquillit\u00e9 d&#8217;esprit. [\/cg_accordion]\n[cg_accordion title=\"PRIX, TAXES ET FRAIS DE PORT\"]<\/p>\n<p><strong><u>Note :<\/u><\/strong><\/p>\n<ul>\n<li>Clients des \u00c9tats-Unis : Le prix affich\u00e9 n&#8217;inclut pas les taxes ni les droits de douane. La responsabilit\u00e9 du d\u00e9douanement et du paiement des taxes\/droits associ\u00e9s incombe au client. <\/li>\n<li>Clients de l&#8217;UE : Le prix affich\u00e9 inclut la TAXE applicable, qui peut s&#8217;\u00e9lever jusqu&#8217;\u00e0 25 % selon votre pays.<\/li>\n<li>Clients du Canada : Le prix affich\u00e9 comprend les taxes applicables, qui peuvent inclure la TPS de 5 % et des taxes de vente provinciales (TVP), la taxe de vente harmonis\u00e9e (TVH) ou la taxe de vente du Qu\u00e9bec (TVQ) suppl\u00e9mentaires, selon votre province.<\/li>\n<\/ul>\n<p><strong>Pour les clients de l&#8217;UE SEULEMENT :<\/strong> Express DDP (Delivered Duty Paid). Cela signifie que : <\/p>\n<ul>\n<li>Tous les droits de douane et taxes sont inclus dans le prix affich\u00e9 sur la page du produit.<\/li>\n<li>Vous n&#8217;aurez pas \u00e0 payer de frais suppl\u00e9mentaires \u00e0 la livraison.<\/li>\n<li>Dans les rares cas de probl\u00e8mes douaniers, notre \u00e9quipe s&#8217;occupera de la proc\u00e9dure de d\u00e9douanement en votre nom afin d&#8217;assurer une livraison sans probl\u00e8me.<\/li>\n<p>Informations importantes concernant les retours :<\/p>\n<li>Si vous d\u00e9cidez de retourner votre commande ou de demander un remboursement, sachez que les taxes et les droits pay\u00e9s en votre nom dans le cadre du programme DDP ne peuvent pas \u00eatre rembours\u00e9s.<\/li>\n<p>Veuillez vous r\u00e9f\u00e9rer \u00e0 nos <a href=\"https:\/\/droix.net\/terms-and-conditions\/\" target=\"_blank\" rel=\"nofollow noopener\">conditions g\u00e9n\u00e9rales<\/a> pour plus d&#8217;informations.\n<\/ul>\n<p>[\/cg_accordion]\n[cg_accordion title=\"SOUTIEN \u00c0 LA CLIENT\u00c8LE\"]<\/p>\n<p>Vous avez une question ? Il suffit d&#8217;un petit texte pour que votre probl\u00e8me soit r\u00e9solu ! <\/p>\n<p>Veuillez vous r\u00e9f\u00e9rer \u00e0 nos <a href=\"https:\/\/gpdstore.net\/fr\/terms-of-service\/\" target=\"_blank\" rel=\"nofollow noopener\">conditions g\u00e9n\u00e9rales<\/a> pour plus d&#8217;informations.\n<\/ul>\n<p>[\/cg_accordion]\n[cg_accordion title=\"CE QUI EST INCLUS\"]<\/p>\n<ul>\n<li>1x GPD Pocket 4 Case<\/li>\n<\/ul>\n<p>[\/cg_accordion]\n","protected":false},"featured_media":4754,"template":"","meta":{"_acf_changed":false},"product_brand":[],"product_cat":[1221],"product_tag":[14854,1223],"woo-feed-brand":[],"class_list":{"0":"post-905594","1":"product","2":"type-product","3":"status-publish","4":"has-post-thumbnail","6":"product_cat-accessoires-fr","7":"product_tag-25xmsale-fr-2","8":"product_tag-gpd-pocket-3-accessory-fr","9":"product_shipping_class-low-end","10":"pa_accessory-type-etui-de-protection","11":"pa_brand-gpd","13":"first","14":"instock","15":"sale","16":"taxable","17":"shipping-taxable","18":"purchasable","19":"product-type-variable","20":"has-default-attributes"},"acf":[],"aioseo_notices":[],"_links":{"self":[{"href":"https:\/\/gpdstore.net\/fr\/wp-json\/wp\/v2\/product\/905594","targetHints":{"allow":["GET"]}}],"collection":[{"href":"https:\/\/gpdstore.net\/fr\/wp-json\/wp\/v2\/product"}],"about":[{"href":"https:\/\/gpdstore.net\/fr\/wp-json\/wp\/v2\/types\/product"}],"wp:featuredmedia":[{"embeddable":true,"href":"https:\/\/gpdstore.net\/fr\/wp-json\/wp\/v2\/media\/4754"}],"wp:attachment":[{"href":"https:\/\/gpdstore.net\/fr\/wp-json\/wp\/v2\/media?parent=905594"}],"wp:term":[{"taxonomy":"product_brand","embeddable":true,"href":"https:\/\/gpdstore.net\/fr\/wp-json\/wp\/v2\/product_brand?post=905594"},{"taxonomy":"product_cat","embeddable":true,"href":"https:\/\/gpdstore.net\/fr\/wp-json\/wp\/v2\/product_cat?post=905594"},{"taxonomy":"product_tag","embeddable":true,"href":"https:\/\/gpdstore.net\/fr\/wp-json\/wp\/v2\/product_tag?post=905594"},{"taxonomy":"woo-feed-brand","embeddable":true,"href":"https:\/\/gpdstore.net\/fr\/wp-json\/wp\/v2\/woo-feed-brand?post=905594"}],"curies":[{"name":"wp","href":"https:\/\/api.w.org\/{rel}","templated":true}]}}