{"id":8547,"date":"2024-01-24T17:32:18","date_gmt":"2024-01-24T17:32:18","guid":{"rendered":"https:\/\/gpdstore.net\/non%20class\u00e9\/station-daccueil-sd1\/"},"modified":"2025-12-23T10:21:10","modified_gmt":"2025-12-23T10:21:10","slug":"sd1-docking-station","status":"publish","type":"product","link":"https:\/\/gpdstore.net\/fr\/product\/sd1-docking-station\/","title":{"rendered":"Station d&#8217;accueil SD1"},"content":{"rendered":"\n<h1 class=\"wp-block-heading\"><strong>Lib\u00e9rez tout le potentiel des jeux portables avec la station d&#8217;accueil SD1 !<\/strong><\/h1>\n\n<h3 class=\"wp-block-heading\">L&#8217;int\u00e9gration transparente des jeux au bout de vos doigts !<\/h3>\n\n<p>Bienvenue dans l&#8217;ultime changement de jeu dans les accessoires pour PC de jeu portables ! Nous vous pr\u00e9sentons la station d&#8217;accueil SD1, sp\u00e9cialement con\u00e7ue pour les joueurs passionn\u00e9s qui recherchent une exp\u00e9rience de jeu transparente et ininterrompue. Gr\u00e2ce \u00e0 cette station d&#8217;accueil ultramoderne, les joueurs peuvent augmenter les capacit\u00e9s de leurs PC de jeu portables comme jamais auparavant. Du populaire Steam Deck \u00e0 l&#8217;exquis AYA NEO Geek 1S, le SD1 est polyvalent et garantit que votre appareil portable favori re\u00e7oit le coup de pouce dont il a besoin. Il suffit de le mettre en station d&#8217;accueil, de le connecter avec le c\u00e2ble USB Type-C et de regarder la magie op\u00e9rer.<\/p>\n\n<h3 class=\"wp-block-heading\"><strong>Connexion Internet ultra-rapide et r\u00e9guli\u00e8re<\/strong><\/h3>\n\n<p>Plus de d\u00e9calage. Plus d&#8217;interruptions. Plongez dans l&#8217;univers des jeux gr\u00e2ce \u00e0 l&#8217;Ethernet Gigabit RJ45 de la SD1. Avec des vitesses allant jusqu&#8217;\u00e0 1 000 M, cette station d&#8217;accueil vous garantit une longueur d&#8217;avance dans les jeux multijoueurs, en offrant des sessions de jeu ultra-r\u00e9actives. Dites adieu aux temps de latence frustrants et profitez d&#8217;interactions de jeu fluides et en temps r\u00e9el. Lorsque chaque milliseconde compte, le SD1 vous permet d&#8217;avoir toujours une longueur d&#8217;avance.<\/p>\n\n<h3 class=\"wp-block-heading\"><strong>Une exp\u00e9rience d&#8217;affichage vive et nette<\/strong><\/h3>\n\n<p>Am\u00e9liorez votre exp\u00e9rience visuelle du jeu ! La station d&#8217;accueil SD1 est \u00e9quip\u00e9e d&#8217;une sortie HDMI 2.0, permettant aux joueurs de s&#8217;immerger dans des images 4K riches \u00e0 une fr\u00e9quence de 60 Hz. Avec des capacit\u00e9s de r\u00e9solution allant jusqu&#8217;\u00e0 4096&#215;2160, chaque pixel prend vie et vous plonge au c\u0153ur de l&#8217;action. D\u00e9couvrez les jeux dans toute leur splendeur, avec des d\u00e9tails impeccables, des couleurs \u00e9clatantes et une clart\u00e9 in\u00e9gal\u00e9e.<\/p>\n\n<h3 class=\"wp-block-heading\"><strong>Une alimentation \u00e9lectrique rapide et efficace<\/strong><\/h3>\n\n<p>Le pouvoir de jouer \u00e0 l&#8217;infini ! La station d&#8217;accueil SD1 n&#8217;est pas seulement une question de connectivit\u00e9 et d&#8217;images ; elle permet \u00e9galement de s&#8217;assurer que votre appareil de jeu reste aliment\u00e9 en \u00e9nergie. Avec une incroyable capacit\u00e9 de charge PD de 100 W, il recharge rapidement votre appareil, vous assurant de ne jamais \u00eatre \u00e0 court de batterie dans le feu de l&#8217;action. Jouez en sachant que votre appareil est aliment\u00e9 en permanence par un syst\u00e8me de charge fiable et rapide.<\/p>\n\n<h3 class=\"wp-block-heading\"><strong>Accessibilit\u00e9 \u00e0 plusieurs ports pour une meilleure utilisation<\/strong><\/h3>\n\n<p>La polyvalence \u00e0 son meilleur ! Le SD1 est \u00e9quip\u00e9 de trois ports USB Type-A 3.0, offrant aux joueurs la possibilit\u00e9 de connecter plusieurs p\u00e9riph\u00e9riques. Qu&#8217;il s&#8217;agisse d&#8217;une manette suppl\u00e9mentaire, d&#8217;un casque ou de tout autre accessoire USB, la station d&#8217;accueil SD1 vous permet de faire face \u00e0 tous les sc\u00e9narios de jeu. B\u00e9n\u00e9ficiez de taux de transfert de donn\u00e9es plus rapides et d&#8217;un environnement de jeu sans encombrement.<\/p>\n\n<h3 class=\"wp-block-heading\"><strong>Connectivit\u00e9 robuste et efficace<\/strong><\/h3>\n\n<p>Un monde de possibilit\u00e9s de jeu d\u00e9bloqu\u00e9 avec un seul c\u00e2ble. Le SD1 exploite la puissance de l&#8217;USB Type-C, assurant une connexion stable et efficace entre la station d&#8217;accueil et votre appareil de jeu portable. Cette solution de connectivit\u00e9 innovante promet non seulement des taux de transfert de donn\u00e9es plus rapides, mais assure \u00e9galement une compatibilit\u00e9 universelle avec les derniers appareils de jeu.<\/p>\n\n<h3 class=\"wp-block-heading\"><strong>Construction robuste et esth\u00e9tique \u00e9l\u00e9gante<\/strong><\/h3>\n\n<p>Au-del\u00e0 de ses prouesses techniques, le SD1 t\u00e9moigne d&#8217;un design \u00e9l\u00e9gant et d&#8217;une construction robuste. Fabriqu\u00e9 en aluminium gris, il d\u00e9gage une impression de qualit\u00e9 sup\u00e9rieure tout en promettant une grande long\u00e9vit\u00e9. Pour garantir la protection de vos appareils de jeu les plus pr\u00e9cieux, il est \u00e9quip\u00e9 de tampons en silicone noirs, qui offrent une protection suppl\u00e9mentaire contre les rayures et les glissements involontaires.<\/p>\n\n<h3 class=\"wp-block-heading\"><strong>Compatibilit\u00e9 universelle : Un plaisir pour les joueurs !<\/strong><\/h3>\n\n<p>La caract\u00e9ristique d&#8217;un grand accessoire est sa capacit\u00e9 d&#8217;adaptation, et le SD1 brille de mille feux \u00e0 cet \u00e9gard. Con\u00e7ue pour s&#8217;adapter \u00e0 une large gamme de PC de jeu portables, elle garantit qu&#8217;aucun joueur n&#8217;est laiss\u00e9 pour compte. Que vous poss\u00e9diez le dernier GPD WIN 4 2023 ou l&#8217;ONEXPLAYER 2, cette station d&#8217;accueil est votre solution unique pour des capacit\u00e9s de jeu am\u00e9lior\u00e9es. Test\u00e9 avec Steam Deck, ROG Ally, GPD WIN 4, GPD WIN 4 2023, ONEXPLAYER 2, AYA NEO 2S, AYA NEO Geek, et AYA NEO Geek 1S.<\/p>\n\n<h3 class=\"wp-block-heading\"><strong>En conclusion<\/strong><\/h3>\n\n<p>Entrez dans le futur des jeux portables avec la station d&#8217;accueil SD1. Il ne s&#8217;agit pas d&#8217;une simple station d&#8217;accueil, mais d&#8217;une exp\u00e9rience, d&#8217;un voyage, d&#8217;une nouvelle fa\u00e7on de jouer. Am\u00e9liorez vos sessions de jeu et entrez dans la nouvelle \u00e8re des jeux portables avec la station d&#8217;accueil SD1.<\/p>\n\n<p><\/p>\n","protected":false},"excerpt":{"rendered":"<ul>\n<li>Station d&#8217;accueil <strong>SD1 <\/strong><\/li>\n<li>Gigabit Ethernet<\/li>\n<li>100W PD USB-C<\/li>\n<li>Sortie HDMI<\/li>\n<li><strong>Compatible avec<\/strong> GPD WIN 4 2024 et bien d&#8217;autres encore<\/li>\n<\/ul>\n[cg_accordion title=\"INFO PAIEMENT\"]<\/p>\n<p>Nous utilisons les derni\u00e8res technologies en mati\u00e8re de traitement des paiements, ce qui vous permet de r\u00e9gler vos achats via Apple Pay, Google Pay, votre carte de d\u00e9bit\/cr\u00e9dit, PayPal ou des m\u00e9thodes BNPL telles que Klarna, Affirm ou AfterPay pour une exp\u00e9rience rapide et s\u00e9curis\u00e9e.[\/cg_accordion]\n[cg_accordion title=\"GARANTIE\"]<\/p>\n<p>2 ans de garantie de <a href=\"https:\/\/droix.net\/\" target=\"_blank\" rel=\"nofollow noopener\">DROIX Global<\/a> pour votre tranquillit\u00e9 d&#8217;esprit[\/cg_accordion]\n[cg_accordion title=\"PRIX, TAXES ET FRAIS DE PORT\"]<\/p>\n<p><strong><u>Remarque :<\/u><\/strong><\/p>\n<ul>\n<li>Clients des \u00c9tats-Unis : Le prix affich\u00e9 n&#8217;inclut pas les taxes ni les droits de douane. La responsabilit\u00e9 du d\u00e9douanement et du paiement des taxes\/droits associ\u00e9s incombe au client. <\/li>\n<li>Clients de l&#8217;UE : Le prix affich\u00e9 inclut la TAXE applicable, qui peut s&#8217;\u00e9lever jusqu&#8217;\u00e0 25 % selon votre pays.<\/li>\n<li>Clients du Canada : Le prix affich\u00e9 comprend les taxes applicables, qui peuvent inclure la TPS de 5 % et des taxes de vente provinciales (TVP), la taxe de vente harmonis\u00e9e (TVH) ou la taxe de vente du Qu\u00e9bec (TVQ) suppl\u00e9mentaires, selon votre province.<\/li>\n<\/ul>\n<p><strong>Pour les clients de l&#8217;UE SEULEMENT :<\/strong> Express DDP (Delivered Duty Paid). Cela signifie que : <\/p>\n<ul>\n<li>Tous les droits de douane et taxes sont inclus dans le prix affich\u00e9 sur la page du produit.<\/li>\n<li>Vous n&#8217;aurez pas \u00e0 payer de frais suppl\u00e9mentaires \u00e0 la livraison.<\/li>\n<li>Dans les rares cas de probl\u00e8mes douaniers, notre \u00e9quipe s&#8217;occupera de la proc\u00e9dure de d\u00e9douanement en votre nom afin d&#8217;assurer une livraison sans probl\u00e8me.<\/li>\n<p>Informations importantes concernant les retours :<\/p>\n<li>Si vous d\u00e9cidez de retourner votre commande ou de demander un remboursement, sachez que les taxes et les droits pay\u00e9s en votre nom dans le cadre du DDP ne peuvent pas \u00eatre rembours\u00e9s.<\/li>\n<p>Veuillez vous r\u00e9f\u00e9rer \u00e0 nos <a href=\"https:\/\/gpdstore.net\/fr\/terms-of-service\/\" target=\"_blank\" rel=\"nofollow noopener\">conditions g\u00e9n\u00e9rales<\/a> pour des informations d\u00e9taill\u00e9es.\n<\/ul>\n<p>[\/cg_accordion]\n[cg_accordion title=\"SOUTIEN \u00c0 LA CLIENT\u00c8LE\"]<\/p>\n<p>Vous avez une question ? Il suffit d&#8217;un petit texto pour que votre probl\u00e8me soit r\u00e9solu !<br \/>\n[\/cg_accordion]\n[cg_accordion title=\"CE QUI EST INCLUS\"]<\/p>\n<ul>\n<li>1x SD1 Docking Station<\/li>\n<\/ul>\n<p>[\/cg_accordion]\n","protected":false},"featured_media":11336,"template":"","meta":{"_acf_changed":false},"product_brand":[],"product_cat":[1221],"product_tag":[14820,3203],"woo-feed-brand":[2433],"class_list":{"0":"post-8547","1":"product","2":"type-product","3":"status-publish","4":"has-post-thumbnail","6":"product_cat-accessoires-fr","7":"product_tag-40xmsale-fr","8":"product_tag-droix-hub-fr","9":"product_shipping_class-standard","11":"pa_accessory-type-station-daccueil","12":"pa_i-o-video-1x-hdmi-fr","13":"woo-feed-brand-droix-fr","15":"first","16":"outofstock","17":"sale","18":"taxable","19":"shipping-taxable","20":"purchasable","21":"product-type-simple"},"acf":[],"aioseo_notices":[],"_links":{"self":[{"href":"https:\/\/gpdstore.net\/fr\/wp-json\/wp\/v2\/product\/8547","targetHints":{"allow":["GET"]}}],"collection":[{"href":"https:\/\/gpdstore.net\/fr\/wp-json\/wp\/v2\/product"}],"about":[{"href":"https:\/\/gpdstore.net\/fr\/wp-json\/wp\/v2\/types\/product"}],"wp:featuredmedia":[{"embeddable":true,"href":"https:\/\/gpdstore.net\/fr\/wp-json\/wp\/v2\/media\/11336"}],"wp:attachment":[{"href":"https:\/\/gpdstore.net\/fr\/wp-json\/wp\/v2\/media?parent=8547"}],"wp:term":[{"taxonomy":"product_brand","embeddable":true,"href":"https:\/\/gpdstore.net\/fr\/wp-json\/wp\/v2\/product_brand?post=8547"},{"taxonomy":"product_cat","embeddable":true,"href":"https:\/\/gpdstore.net\/fr\/wp-json\/wp\/v2\/product_cat?post=8547"},{"taxonomy":"product_tag","embeddable":true,"href":"https:\/\/gpdstore.net\/fr\/wp-json\/wp\/v2\/product_tag?post=8547"},{"taxonomy":"woo-feed-brand","embeddable":true,"href":"https:\/\/gpdstore.net\/fr\/wp-json\/wp\/v2\/woo-feed-brand?post=8547"}],"curies":[{"name":"wp","href":"https:\/\/api.w.org\/{rel}","templated":true}]}}