{"id":8460,"date":"2023-11-29T11:23:37","date_gmt":"2023-11-29T11:23:37","guid":{"rendered":"https:\/\/gpdstore.net\/non%20class\u00e9\/station-daccueil-gpd-g1-2024-egpu\/"},"modified":"2026-03-27T11:13:33","modified_gmt":"2026-03-27T11:13:33","slug":"gpd-g1","status":"publish","type":"product","link":"https:\/\/gpdstore.net\/fr\/product\/gpd-g1\/","title":{"rendered":"Station d&#8217;accueil GPD G1 (2024) eGPU"},"content":{"rendered":"\n<figure class=\"wp-block-image aligncenter size-full\"><img decoding=\"async\" src=\"https:\/\/gpdstore.net\/wp-content\/uploads\/\" alt=\"Image de la station d'accueil GPD G1 2024 eGPU, dot&#xE9;e d'un GPU AMD Radeon RX 7600M XT, d'un interrupteur &#xE0; bascule TGP et d'une connectivit&#xE9; polyvalente. Parfait pour les joueurs et les professionnels. Pr&#xE9;-commandez d&#xE8;s maintenant pour b&#xE9;n&#xE9;ficier de capacit&#xE9;s r&#xE9;volutionnaires\" class=\"wp-image-1471\"\/><\/figure>\n\n<h2 class=\"wp-block-heading\"><strong>La station d&#8217;accueil GPD G1 2024 eGPU : Un saut r\u00e9volutionnaire<\/strong><\/h2>\n\n<p>La station d&#8217;accueil GPD G1 2024 eGPU repr\u00e9sente une avanc\u00e9e significative dans le monde des processeurs graphiques externes. Con\u00e7ue pour les utilisateurs qui recherchent \u00e0 la fois la mobilit\u00e9 et des performances informatiques \u00e9lev\u00e9es, cette station d&#8217;accueil red\u00e9finit les normes de l&#8217;industrie de l&#8217;eGPU. Avec une technologie de pointe, dont la carte graphique AMD Radeon RX 7600M XT, et des fonctions innovantes comme le TGP Toggle Switch, la station d&#8217;accueil GPD G1 eGPU s&#8217;adresse aussi bien aux joueurs qu&#8217;aux professionnels. Son design \u00e9l\u00e9gant et portable ne se contente pas d&#8217;am\u00e9liorer votre espace de travail, il offre \u00e9galement des performances puissantes o\u00f9 que vous soyez. Avec le GPD G1, embrassez l&#8217;avenir du divertissement et de la productivit\u00e9 sans compromis.    <\/p>\n\n<figure class=\"wp-block-gallery has-nested-images columns-default is-cropped wp-block-gallery-1 is-layout-flex wp-block-gallery-is-layout-flex\">\n<figure class=\"wp-block-image size-large\"><img decoding=\"async\" data-id=\"1494\" src=\"https:\/\/gpdstore.net\/wp-content\/uploads\/\" alt=\"Image montrant un GPD G1 connect&#xE9; &#xE0; un ordinateur portable GPD MAX 2, les deux appareils &#xE9;tant connect&#xE9;s &#xE0; des moniteurs externes pour une configuration d'affichage &#xE9;tendue.\" class=\"wp-image-1494\"\/><\/figure>\n\n\n\n<figure class=\"wp-block-image size-large\"><img decoding=\"async\" data-id=\"1493\" src=\"https:\/\/gpdstore.net\/wp-content\/uploads\/\" alt=\"Image repr&#xE9;sentant un appareil portable GPD G1 connect&#xE9; &#xE0; un ordinateur portable WIN 4, ainsi que des moniteurs externes, permettant une configuration multi-&#xE9;crans.\" class=\"wp-image-1493\"\/><\/figure>\n\n\n\n<figure class=\"wp-block-image size-large\"><img decoding=\"async\" data-id=\"1467\" src=\"https:\/\/gpdstore.net\/wp-content\/uploads\/\" alt=\"Image montrant un GPD G1 connect&#xE9; &#xE0; un GPD Pocket 3, les deux appareils &#xE9;tant reli&#xE9;s &#xE0; des moniteurs externes pour une configuration multi-&#xE9;crans.\" class=\"wp-image-1467\"\/><\/figure>\n\n\n\n<figure class=\"wp-block-image size-large\"><img decoding=\"async\" data-id=\"1464\" src=\"https:\/\/gpdstore.net\/wp-content\/uploads\/\" alt=\"GPD G1 2024, un appareil de jeu portable &#xE9;l&#xE9;gant dot&#xE9; d'un &#xE9;cran lumineux, de commandes ergonomiques et d'un design moderne.\" class=\"wp-image-1464\"\/><\/figure>\n\n\n\n<figure class=\"wp-block-image size-large\"><img fetchpriority=\"high\" decoding=\"async\" width=\"1000\" height=\"1000\" data-id=\"1465\" src=\"https:\/\/gpdstore.net\/wp-content\/uploads\/2024\/05\/GPD-G1_2024-USAGE-IMAGE-5.jpg\" alt=\"Image d'un appareil portable GPD G1 connect&#xE9; &#xE0; un ordinateur portable.\" class=\"wp-image-1465\" srcset=\"https:\/\/gpdstore.net\/wp-content\/uploads\/2024\/05\/GPD-G1_2024-USAGE-IMAGE-5.jpg 1000w, https:\/\/gpdstore.net\/wp-content\/uploads\/2024\/05\/GPD-G1_2024-USAGE-IMAGE-5-600x600.jpg 600w, https:\/\/gpdstore.net\/wp-content\/uploads\/2024\/05\/GPD-G1_2024-USAGE-IMAGE-5-150x150.jpg 150w, https:\/\/gpdstore.net\/wp-content\/uploads\/2024\/05\/GPD-G1_2024-USAGE-IMAGE-5-768x768.jpg 768w, https:\/\/gpdstore.net\/wp-content\/uploads\/2024\/05\/GPD-G1_2024-USAGE-IMAGE-5-990x990.jpg 990w, https:\/\/gpdstore.net\/wp-content\/uploads\/2024\/05\/GPD-G1_2024-USAGE-IMAGE-5-441x441.jpg 441w, https:\/\/gpdstore.net\/wp-content\/uploads\/2024\/05\/GPD-G1_2024-USAGE-IMAGE-5-100x100.jpg 100w\" sizes=\"(max-width: 1000px) 100vw, 1000px\" \/><\/figure>\n\n\n\n<figure class=\"wp-block-image size-large\"><img decoding=\"async\" data-id=\"1466\" src=\"https:\/\/gpdstore.net\/wp-content\/uploads\/\" alt=\"GPD G1 Station d'accueil 2024 eGPU : GPU AMD Radeon RX 7600M XT, interrupteur TGP et connectivit&#xE9; polyvalente. Id&#xE9;al pour les joueurs et les professionnels. \" class=\"wp-image-1466\"\/><\/figure>\n<\/figure>\n\n<div class=\"wp-block-columns is-layout-flex wp-container-core-columns-is-layout-28f84493 wp-block-columns-is-layout-flex\">\n<div class=\"wp-block-column is-layout-flow wp-block-column-is-layout-flow\" style=\"flex-basis:66.66%\">\n<figure class=\"wp-block-image size-full\"><img decoding=\"async\" src=\"https:\/\/gpdstore.net\/wp-content\/uploads\/\" alt=\"Image pr&#xE9;sentant la station d'accueil GPD G1 2024 eGPU, avec son GPU AMD Radeon RX 7600M XT, son interrupteur TGP Toggle et ses options de connectivit&#xE9; polyvalentes. Parfaite pour les joueurs et les professionnels &#xE0; la recherche de performances in&#xE9;gal&#xE9;es et d'un design &#xE9;l&#xE9;gant. \" class=\"wp-image-995\"\/><\/figure>\n<\/div>\n\n\n\n<div class=\"wp-block-column is-layout-flow wp-block-column-is-layout-flow\" style=\"flex-basis:33.33%\">\n<h2 class=\"wp-block-heading has-text-align-left\"><strong>GPD G1 2024<\/strong> &#8211; <strong><strong>Le plus petit socle d&#8217;extension pour cartes graphiques <\/strong><\/strong> <\/h2>\n\n\n\n<p>La station d&#8217;accueil eGPU \u00e9tablit de nouvelles normes technologiques, offrant des performances, un design et des fonctionnalit\u00e9s in\u00e9gal\u00e9s. Avec son puissant GPU AMD Radeon RX 7600M XT, son interrupteur TGP Toggle innovant et ses options de connectivit\u00e9 polyvalentes, c&#8217;est la solution ultime pour les joueurs et les professionnels. Pr\u00e9commandez d\u00e8s aujourd&#8217;hui la station d&#8217;accueil eGPU GPD G1 2024 et soyez parmi les premiers \u00e0 d\u00e9couvrir ses caract\u00e9ristiques r\u00e9volutionnaires. Entrez dans le futur avec GPD G1 &#8211; o\u00f9 la performance rencontre la portabilit\u00e9.   <\/p>\n<\/div>\n<\/div>\n\n<h2 class=\"wp-block-heading has-text-align-center\">Contr\u00f4le des performances de la prochaine g\u00e9n\u00e9ration : TGP et connectivit\u00e9 pour les utilisateurs intensifs<\/h2>\n\n<div class=\"wp-block-columns is-layout-flex wp-container-core-columns-is-layout-28f84493 wp-block-columns-is-layout-flex\">\n<div class=\"wp-block-column is-layout-flow wp-block-column-is-layout-flow\">\n<figure class=\"wp-block-image size-full is-resized\"><img decoding=\"async\" src=\"https:\/\/gpdstore.net\/wp-content\/uploads\/\" alt=\"Image de la station d'accueil GPD G1 2024 eGPU, dot&#xE9;e d'un GPU AMD Radeon RX 7600M XT, d'un interrupteur TGP Toggle pour un meilleur contr&#xF4;le des performances et d'une connectivit&#xE9; polyvalente. Parfait pour les joueurs et les professionnels. Pr&#xE9;-commandez d&#xE8;s maintenant pour b&#xE9;n&#xE9;ficier de capacit&#xE9;s r&#xE9;volutionnaires.\" class=\"wp-image-1510\" style=\"width:281px;height:auto\"\/><\/figure>\n\n\n\n<h3 class=\"wp-block-heading\"><strong>Mode silencieux ou performances accrues : Comment le commutateur \u00e0 bascule TGP (60W\/100W) optimise votre exp\u00e9rience<\/strong><\/h3>\n\n\n\n<p>La \u00ab TGP Toggle Key \u00bb exclusive vous permet de passer librement du mode silencieux au mode performance pendant le jeu.<br\/>La TGP Toggle Switch permet aux utilisateurs de choisir entre le mode silencieux (60W TGP) pour moins de bruit et le mode normal (100W TGP) pour des performances accrues, offrant ainsi une grande flexibilit\u00e9 en fonction des besoins des utilisateurs.<\/p>\n<\/div>\n\n\n\n<div class=\"wp-block-column is-layout-flow wp-block-column-is-layout-flow\">\n<figure class=\"wp-block-image size-full is-resized\"><img decoding=\"async\" src=\"https:\/\/gpdstore.net\/wp-content\/uploads\/\" alt=\"Image de la carte d'adaptateur d'interface M.2 NVMe Protocol to Oculink SFF-8612 GPD G1 2024, offrant une extension compacte pour les cartes graphiques. \" class=\"wp-image-1507\" style=\"width:284px;height:auto\"\/><\/figure>\n\n\n\n<h3 class=\"wp-block-heading\"><strong>L&#8217;avantage Oculink : Pourquoi l&#8217;interface SFF-8612 offre une bande passante sup\u00e9rieure pour les eGPUs<\/strong><\/h3>\n\n\n\n<p>Les cartes m\u00e8res ITX comme la Z690I fournissent g\u00e9n\u00e9ralement trois interfaces M.2, dont l&#8217;une peut \u00eatre utilis\u00e9e pour brancher la carte d&#8217;adaptateur. Un c\u00e2ble Oculink SF-8611 \u00e0 double port peut alors \u00eatre utilis\u00e9 pour connecter l&#8217;interface Oculink SFF-8612 de la carte d&#8217;adaptateur \u00e0 l&#8217;interface Oculink SFF-8612 du site GPD G1. <\/p>\n<\/div>\n\n\n\n<div class=\"wp-block-column is-layout-flow wp-block-column-is-layout-flow\">\n<figure class=\"wp-block-image size-full is-resized\"><img decoding=\"async\" src=\"https:\/\/gpdstore.net\/wp-content\/uploads\/\" alt=\"Image de la carte d'adaptateur d'interface GPD G1 2024 SFF-8612, la plus petite station d'extension de carte graphique.\" class=\"wp-image-1508\" style=\"width:227px;height:auto\"\/><\/figure>\n\n\n\n<h3 class=\"wp-block-heading\"><strong>R\u00e9soudre le probl\u00e8me de la demi-hauteur : utiliser le support long et le support court pour l&#8217;installation de la carte graphique<\/strong><\/h3>\n\n\n\n<p>Les cartes graphiques demi-hauteur adapt\u00e9es aux bo\u00eetiers ITX sont rares, et les cartes graphiques demi-hauteur de haute performance sont presque inexistantes. Par cons\u00e9quent, vous pouvez installer une carte adaptatrice PCIe 3.0 x4 vers l&#8217;interface Oculink SFF-8612 pour connecter le site GPD G1. Le support long et le support court peuvent \u00eatre facilement remplac\u00e9s.  <\/p>\n\n\n\n<h3 class=\"wp-block-heading\"><strong><br\/><\/strong><\/h3>\n<\/div>\n<\/div>\n\n<h2 class=\"wp-block-heading\"><strong>Aper\u00e7u du produit<\/strong><\/h2>\n\n<p>La station d&#8217;accueil GPD G1 2024 eGPU incarne l&#8217;avanc\u00e9e technologique et le design ergonomique. Aliment\u00e9e par le GPU AMD Radeon RX 7600M XT et l&#8217;architecture RDNA 3.0, elle offre des performances graphiques in\u00e9gal\u00e9es adapt\u00e9es aux jeux AAA jusqu&#8217;\u00e0 la r\u00e9solution 4K. Des passionn\u00e9s de jeux \u00e0 la recherche de performances haut de gamme aux professionnels n\u00e9cessitant une puissance informatique en d\u00e9placement, cet appareil s&#8217;adresse \u00e0 un large \u00e9ventail d&#8217;utilisateurs.  <\/p>\n\n<figure class=\"wp-block-image size-full\"><img decoding=\"async\" src=\"https:\/\/gpdstore.net\/wp-content\/uploads\/\" alt=\"Image de la station d'accueil GPD G1 2024 eGPU avec GPU AMD Radeon RX 7600M XT, interrupteur &#xE0; bascule TGP, et  \" class=\"wp-image-1511\"\/><\/figure>\n\n<p>La station d&#8217;accueil GPD G1 2024 eGPU offre une polyvalence exceptionnelle gr\u00e2ce \u00e0 ses options de connectivit\u00e9 OcuLink et USB 4, prenant en charge une large gamme de PC et d&#8217;appareils de jeu portables. Son design compact et l\u00e9ger, mesurant seulement 22,5 \u00d7 11,1 \u00d7 3,0 cm et pesant 920 g, garantit la portabilit\u00e9 sans sacrifier les performances. Que vous soyez \u00e0 la maison ou en d\u00e9placement, la station d&#8217;accueil GPD G1 eGPU am\u00e9liore les sessions de jeu et les t\u00e2ches de productivit\u00e9 en toute simplicit\u00e9. De plus, sa compatibilit\u00e9 avec le ROG ALLY X permet de l&#8217;utiliser sur un plus grand nombre de syst\u00e8mes de jeu.   <\/p>\n\n<figure class=\"wp-block-image aligncenter size-full\"><img decoding=\"async\" width=\"900\" height=\"559\" src=\"https:\/\/gpdstore.net\/wp-content\/uploads\/2024\/05\/3-1.png\" alt=\"Dimensions de la GPD G1 eGPU : Compact et peu encombrant pour une int&#xE9;gration parfaite.\" class=\"wp-image-1512\" srcset=\"https:\/\/gpdstore.net\/wp-content\/uploads\/2024\/05\/3-1.png 900w, https:\/\/gpdstore.net\/wp-content\/uploads\/2024\/05\/3-1-600x373.png 600w, https:\/\/gpdstore.net\/wp-content\/uploads\/2024\/05\/3-1-768x477.png 768w, https:\/\/gpdstore.net\/wp-content\/uploads\/2024\/05\/3-1-320x200.png 320w, https:\/\/gpdstore.net\/wp-content\/uploads\/2024\/05\/3-1-360x224.png 360w, https:\/\/gpdstore.net\/wp-content\/uploads\/2024\/05\/3-1-441x274.png 441w, https:\/\/gpdstore.net\/wp-content\/uploads\/2024\/05\/3-1-150x93.png 150w\" sizes=\"(max-width: 900px) 100vw, 900px\" \/><\/figure>\n\n<h2 class=\"wp-block-heading\"><strong>Caract\u00e9ristiques d\u00e9taill\u00e9es<\/strong><\/h2>\n\n<p><strong>Performance :<\/strong> Con\u00e7ue pour r\u00e9pondre aux demandes des applications de jeu et de cr\u00e9ation les plus exigeantes, la station d&#8217;accueil GPD G1 2024 est \u00e9quip\u00e9e du GPU AMD Radeon RX 7600M XT, avec 32 unit\u00e9s de calcul cadenc\u00e9es \u00e0 2300 MHz et 8 Go de m\u00e9moire GDDR6. Le chargeur GaN int\u00e9gr\u00e9 de 240 W de l&#8217;appareil fournit une puissance suffisante pour des performances soutenues. <\/p>\n\n<p><strong>Performances graphiques :<\/strong> Le c\u0153ur des performances exceptionnelles du GPD G1 r\u00e9side dans son GPU. Capable de piloter des jeux et des applications \u00e0 une r\u00e9solution allant jusqu&#8217;\u00e0 4K, il offre des visuels \u00e9clatants et un gameplay fluide, parfaits pour les titres AAA. <\/p>\n\n<figure class=\"wp-block-image aligncenter size-full\"><img decoding=\"async\" src=\"https:\/\/gpdstore.net\/wp-content\/uploads\/\" alt=\"Image de la station d'accueil GPD G1 2024 eGPU dot&#xE9;e d'un GPU AMD Radeon RX 7600M XT, d'un interrupteur &#xE0; bascule TGP et d'options de connectivit&#xE9; polyvalentes. Id&#xE9;ale pour les joueurs et les professionnels.  Pr&#xE9;-commandez d&#xE8;s maintenant pour b&#xE9;n&#xE9;ficier de capacit&#xE9;s r&#xE9;volutionnaires.\" class=\"wp-image-1505\"\/><\/figure>\n\n<h2 class=\"wp-block-heading\"><strong>Ports HDMI et USB actualis\u00e9s<\/strong><\/h2>\n\n<p>Le mod\u00e8le GPD G1 2024 eGPU est dot\u00e9 d&#8217;un port HDMI 2.1 mis \u00e0 jour prenant en charge la sortie 4K 120Hz et d&#8217;un port USB 4 avec une puissance de sortie de 65 W, am\u00e9liorant ainsi la qualit\u00e9 visuelle et la compatibilit\u00e9 des appareils.<\/p>\n\n<h2 class=\"wp-block-heading\"><strong>Exp\u00e9rience de l&#8217;utilisateur<\/strong><\/h2>\n\n<p>Le GPD G1 red\u00e9finit l&#8217;exp\u00e9rience de l&#8217;utilisateur en offrant des performances de jeu de niveau bureautique dans un format portable. Avec plusieurs ports USB et des sorties HDMI et double DisplayPort, les utilisateurs peuvent cr\u00e9er des configurations de jeu immersives ou des environnements multit\u00e2ches productifs. Le design ergonomique de l&#8217;appareil et son processus d&#8217;installation facile permettent aux utilisateurs de commencer \u00e0 jouer ou \u00e0 travailler en quelques minutes.  <\/p>\n\n<div class=\"wp-block-columns is-layout-flex wp-container-core-columns-is-layout-28f84493 wp-block-columns-is-layout-flex\">\n<div class=\"wp-block-column is-layout-flow wp-block-column-is-layout-flow\" style=\"flex-basis:100%\">\n<h2 class=\"wp-block-heading\"><strong>Conclusion<\/strong><\/h2>\n<\/div>\n<\/div>\n\n<p>La station d&#8217;accueil GPD G1 2024 eGPU est \u00e0 la pointe de l&#8217;innovation technologique, combinant des performances sup\u00e9rieures, un design \u00e9l\u00e9gant et des fonctionnalit\u00e9s exceptionnelles. \u00c9quip\u00e9e du formidable GPU AMD Radeon RX 7600M XT et d&#8217;un interrupteur TGP Toggle pionnier, elle offre des options de connectivit\u00e9 polyvalentes et est compatible avec le ROG ALLY X. La station d&#8217;accueil GPD G1 eGPU est le choix d\u00e9finitif pour ceux qui visent les plus hauts niveaux de jeu et de productivit\u00e9. Entrez dans l&#8217;avenir du divertissement avec un appareil qui s&#8217;affranchit des limites de l&#8217;informatique conventionnelle.  <\/p>\n\n<h2 class=\"wp-block-heading has-text-align-center\">Meilleurs ordinateurs de poche pour PC Gaming pour le GPD G1<\/h2>\n\n<p>Le GPD G1 2024 est un eGPU de pointe qui augmente consid\u00e9rablement les performances de jeu de divers PC portables, ce qui en fait un accessoire id\u00e9al pour le GPD Win Max 2 2024, Win 4 2024 et Win Mini 2024. Le GPD Win Max 2 2024 est dot\u00e9 d&#8217;un grand \u00e9cran de 10,1 pouces, d&#8217;un puissant processeur Intel 12e g\u00e9n\u00e9ration et d&#8217;un clavier de taille normale, offrant ainsi une solution polyvalente pour les jeux et la productivit\u00e9. Le GPD Win 4 2024 pr\u00e9sente un design compact avec un clavier coulissant et est \u00e9quip\u00e9 d&#8217;un processeur AMD Ryzen 7 7840U, offrant un \u00e9quilibre parfait entre portabilit\u00e9 et puissance. Le GPD Win Mini 2024, le plus petit et le plus r\u00e9cent de la gamme, offre des performances impressionnantes gr\u00e2ce \u00e0 son design efficace et \u00e0 ses composants internes haut de gamme, ce qui en fait un choix id\u00e9al pour les joueurs en d\u00e9placement. Associ\u00e9s au GPD G1 2024, ces appareils se transforment en centrales de jeu portables, capables de prendre en charge les derniers titres AAA avec facilit\u00e9 et d&#8217;offrir une exp\u00e9rience de jeu transparente et immersive&#8230;.    <\/p>\n","protected":false},"excerpt":{"rendered":"<ul>\n<li>GPU : AMD Radeon\u2122<strong> RX 7600M XT<\/strong> eGPU  <\/li>\n<li>COMPATIBILIT\u00c9 :<strong> OCuLink, USB 4, Thunderbolt 3 &amp; 4<\/strong><\/li>\n<li>OCULINK :<strong> Connectivit\u00e9 PCI Express<\/strong><\/li>\n<li>USB 4 :<strong> jusqu&#8217;\u00e0 40 Gbps<\/strong><\/li>\n<li>Con\u00e7u pour : <strong>GPD<\/strong> WIN MAX 2, WIN 4, WIN Mini, ROG Ally X  <\/li>\n<\/ul>\n[cg_accordion title=\"INFO PAIEMENT\"]<\/p>\n<p>Nous utilisons les derni\u00e8res technologies en mati\u00e8re de traitement des paiements, ce qui vous permet de r\u00e9gler vos achats par carte de d\u00e9bit\/cr\u00e9dit ou par PayPal pour une exp\u00e9rience rapide et s\u00e9curis\u00e9e.[\/cg_accordion]\n[cg_accordion title=\"GARANTIE\"]<\/p>\n<p>2 ans de garantie de <a href=\"https:\/\/droix.net\/\" target=\"_blank\" rel=\"nofollow noopener\">DROIX Global<\/a> pour votre tranquillit\u00e9 d&#8217;esprit[\/cg_accordion]\n[cg_accordion title=\"ASSURANCE QUALIT\u00c9 ET ESSAIS AVANT EXP\u00c9DITION\"]<\/p>\n<p>Garantir la satisfaction du client au plus haut niveau : Chaque appareil est soumis \u00e0 des tests rigoureux et \u00e0 un contr\u00f4le de qualit\u00e9 en plusieurs points avant d&#8217;\u00eatre exp\u00e9di\u00e9. Notre \u00e9quipe d\u00e9di\u00e9e v\u00e9rifie les performances, la fonctionnalit\u00e9 et l&#8217;int\u00e9grit\u00e9 des composants pour garantir que votre appareil GPD est en parfait \u00e9tat de fonctionnement \u00e0 l&#8217;arriv\u00e9e, vous procurant ainsi confiance et tranquillit\u00e9 d&#8217;esprit. [\/cg_accordion]\n[cg_accordion title=\"PRIX, TAXES ET FRAIS DE PORT\"]<\/p>\n<p><strong><u>Remarque :<\/u><\/strong><\/p>\n<ul>\n<li>Clients des \u00c9tats-Unis : Le prix affich\u00e9 n&#8217;inclut pas les taxes ni les droits de douane. La responsabilit\u00e9 du d\u00e9douanement et du paiement des taxes\/droits associ\u00e9s incombe au client. <\/li>\n<li>Clients de l&#8217;UE : Le prix affich\u00e9 inclut la TAXE applicable, qui peut s&#8217;\u00e9lever jusqu&#8217;\u00e0 25 % selon votre pays.<\/li>\n<li>Clients du Canada : Le prix affich\u00e9 comprend les taxes applicables, qui peuvent inclure la TPS de 5 % et des taxes de vente provinciales (TVP), la taxe de vente harmonis\u00e9e (TVH) ou la taxe de vente du Qu\u00e9bec (TVQ) suppl\u00e9mentaires, selon votre province.<\/li>\n<\/ul>\n<p><strong>Pour les clients de l&#8217;UE SEULEMENT :<\/strong> Express DDP (Delivered Duty Paid). Cela signifie que : <\/p>\n<ul>\n<li>Tous les droits de douane et taxes sont inclus dans le prix affich\u00e9 sur la page du produit.<\/li>\n<li>Vous n&#8217;aurez pas \u00e0 payer de frais suppl\u00e9mentaires \u00e0 la livraison.<\/li>\n<li>Dans les rares cas de probl\u00e8mes douaniers, notre \u00e9quipe s&#8217;occupera de la proc\u00e9dure de d\u00e9douanement en votre nom afin d&#8217;assurer une livraison sans probl\u00e8me.<\/li>\n<p>Informations importantes concernant les retours :<\/p>\n<li>Si vous d\u00e9cidez de retourner votre commande ou de demander un remboursement, sachez que les taxes et les droits pay\u00e9s en votre nom dans le cadre du DDP ne peuvent pas \u00eatre rembours\u00e9s.<\/li>\n<p>Veuillez vous r\u00e9f\u00e9rer \u00e0 nos <a href=\"https:\/\/droix.net\/terms-and-conditions\/\" target=\"_blank\" rel=\"nofollow noopener\">conditions g\u00e9n\u00e9rales<\/a> pour des informations d\u00e9taill\u00e9es.\n<\/ul>\n<p>[\/cg_accordion]\n[cg_accordion title=\"SOUTIEN \u00c0 LA CLIENT\u00c8LE\"]<\/p>\n<p>Vous avez une question ? Il suffit d&#8217;un petit texto pour que votre probl\u00e8me soit r\u00e9solu ! <\/p>\n<p>Veuillez vous r\u00e9f\u00e9rer \u00e0 nos <a href=\"https:\/\/gpdstore.net\/fr\/terms-of-service\/\" target=\"_blank\" rel=\"nofollow noopener\">conditions g\u00e9n\u00e9rales<\/a> pour des informations d\u00e9taill\u00e9es.\n<\/ul>\n<p>[\/cg_accordion]\n[cg_accordion title=\"CE QUI EST INCLUS\"]<\/p>\n<ul>\n<li>1x GPD G1 2024<\/li>\n<li>1x Adaptateur d&#8217;alimentation<\/li>\n<li>1x C\u00e2ble USB Type-C<\/li>\n<li>1x Manuel de l&#8217;utilisateur<\/li>\n<\/ul>\n<p>[\/cg_accordion]\n","protected":false},"featured_media":15373,"template":"","meta":{"_acf_changed":false},"product_brand":[],"product_cat":[1221],"product_tag":[16606,2145],"woo-feed-brand":[899],"class_list":{"0":"post-8460","1":"product","2":"type-product","3":"status-publish","4":"has-post-thumbnail","6":"product_cat-accessoires-fr","7":"product_tag-10xmsale-fr","8":"product_tag-gpd-g1-fr","9":"product_shipping_class-premium","10":"pa_brand-gpd","11":"pa_graphics-gpu-model-radeon-rx-7600m-xt-fr","12":"pa_i-o-video-1x-oculink-fr","13":"pa_i-o-video-via-1x-usb-4-0-type-c-40gb-s-fr","14":"woo-feed-brand-gpd-fr","16":"first","17":"outofstock","18":"taxable","19":"shipping-taxable","20":"purchasable","21":"product-type-variable","22":"has-default-attributes"},"acf":[],"aioseo_notices":[],"_links":{"self":[{"href":"https:\/\/gpdstore.net\/fr\/wp-json\/wp\/v2\/product\/8460","targetHints":{"allow":["GET"]}}],"collection":[{"href":"https:\/\/gpdstore.net\/fr\/wp-json\/wp\/v2\/product"}],"about":[{"href":"https:\/\/gpdstore.net\/fr\/wp-json\/wp\/v2\/types\/product"}],"wp:featuredmedia":[{"embeddable":true,"href":"https:\/\/gpdstore.net\/fr\/wp-json\/wp\/v2\/media\/15373"}],"wp:attachment":[{"href":"https:\/\/gpdstore.net\/fr\/wp-json\/wp\/v2\/media?parent=8460"}],"wp:term":[{"taxonomy":"product_brand","embeddable":true,"href":"https:\/\/gpdstore.net\/fr\/wp-json\/wp\/v2\/product_brand?post=8460"},{"taxonomy":"product_cat","embeddable":true,"href":"https:\/\/gpdstore.net\/fr\/wp-json\/wp\/v2\/product_cat?post=8460"},{"taxonomy":"product_tag","embeddable":true,"href":"https:\/\/gpdstore.net\/fr\/wp-json\/wp\/v2\/product_tag?post=8460"},{"taxonomy":"woo-feed-brand","embeddable":true,"href":"https:\/\/gpdstore.net\/fr\/wp-json\/wp\/v2\/woo-feed-brand?post=8460"}],"curies":[{"name":"wp","href":"https:\/\/api.w.org\/{rel}","templated":true}]}}