{"id":8395,"date":"2024-01-23T13:57:51","date_gmt":"2024-01-23T13:57:51","guid":{"rendered":"https:\/\/gpdstore.net\/non%20class\u00e9\/cable-usb-4-0-type-c\/"},"modified":"2025-12-23T10:22:46","modified_gmt":"2025-12-23T10:22:46","slug":"usb-4-0-type-c-cable","status":"publish","type":"product","link":"https:\/\/gpdstore.net\/fr\/product\/usb-4-0-type-c-cable\/","title":{"rendered":"C\u00e2ble USB 4.0 Type-C"},"content":{"rendered":"\n<h3 class=\"wp-block-heading\"><strong>Am\u00e9liorez la connectivit\u00e9 avec notre c\u00e2ble USB 4.0 Type-C \u00e0 la pointe de la technologie<\/strong><br\/><strong>Explorez la puissance d&#8217;une connectivit\u00e9 transparente<\/strong><\/h3>\n\n<h4 class=\"wp-block-heading\"><strong>Lib\u00e9rer le potentiel des donn\u00e9es<\/strong><\/h4>\n\n<p>Lib\u00e9rez le potentiel des donn\u00e9es avec notre c\u00e2ble r\u00e9volutionnaire USB 4.0 Type-C. Avec une vitesse de transfert de donn\u00e9es impressionnante de 40 Gbps, il assure des transferts de fichiers rapides, \u00e9liminant les tracas des transmissions qui tra\u00eenent. <\/p>\n\n<h4 class=\"wp-block-heading\"><strong>Compatibilit\u00e9 avec l&#8217;avenir<\/strong><\/h4>\n\n<p>Restez \u00e0 la pointe de la technologie gr\u00e2ce \u00e0 la compatibilit\u00e9 de notre c\u00e2ble avec Thunderbolt 3 et 4. Cela garantit une int\u00e9gration harmonieuse avec les appareils les plus r\u00e9cents et permet \u00e0 votre solution de connectivit\u00e9 de rester \u00e0 jour dans le futur. <\/p>\n\n<h4 class=\"wp-block-heading\"><strong>Une alimentation \u00e9lectrique in\u00e9gal\u00e9e<\/strong><\/h4>\n\n<p>B\u00e9n\u00e9ficiez de capacit\u00e9s de fourniture d&#8217;\u00e9nergie de premier plan avec notre c\u00e2ble USB 4.0 Type-C, d\u00e9livrant une puissance exceptionnelle de 240 W. Cela se traduit par une charge plus rapide et un temps de fonctionnement prolong\u00e9 des appareils, permettant une connectivit\u00e9 ininterrompue. <\/p>\n\n<h4 class=\"wp-block-heading\"><strong>Plongez dans une fid\u00e9lit\u00e9 visuelle exceptionnelle<\/strong><\/h4>\n\n<p>Plongez dans un monde d&#8217;une clart\u00e9 \u00e9poustouflante gr\u00e2ce \u00e0 la prise en charge de l&#8217;image 8K \u00e0 60 Hz. Chaque d\u00e9tail prend vie avec une pr\u00e9cision remarquable, pour les cr\u00e9ateurs de contenu haute r\u00e9solution, les joueurs et les passionn\u00e9s de divertissement. <\/p>\n\n<h4 class=\"wp-block-heading\"><strong>\u00c9cran innovant de consommation d&#8217;\u00e9nergie<\/strong><\/h4>\n\n<p>Restez inform\u00e9 de la consommation d&#8217;\u00e9nergie gr\u00e2ce \u00e0 l&#8217;\u00e9cran int\u00e9gr\u00e9 au connecteur USB, qui fournit des informations en temps r\u00e9el sur l&#8217;utilisation de l&#8217;\u00e9nergie. Surveillez l&#8217;utilisation de l&#8217;\u00e9nergie de vos appareils pour une exp\u00e9rience de charge plus efficace et mieux contr\u00f4l\u00e9e. <\/p>\n\n<h4 class=\"wp-block-heading\"><strong>Des solutions sur mesure pour r\u00e9pondre \u00e0 vos besoins<\/strong><\/h4>\n\n<p>S\u00e9lectionnez la longueur qui compl\u00e8te le mieux votre configuration, avec des options comprenant le c\u00e2ble standard en 0,8M et 1,5M, ou le c\u00e2ble en forme de L, \u00e9galement disponible en variantes de 0,8M et 1,5M. Que vous donniez la priorit\u00e9 \u00e0 la flexibilit\u00e9 ou que vous ayez besoin d&#8217;une solution peu encombrante, notre c\u00e2ble USB 4.0 Type-C r\u00e9pond \u00e0 vos besoins en mati\u00e8re de connectivit\u00e9. <\/p>\n\n<h4 class=\"wp-block-heading\"><strong>Faites l&#8217;exp\u00e9rience d&#8217;une connectivit\u00e9 sans compromis<\/strong><\/h4>\n\n<p>Fabriqu\u00e9 avec pr\u00e9cision et expertise, notre c\u00e2ble USB 4.0 Type-C est le compagnon ultime des passionn\u00e9s de technologie, des professionnels de la cr\u00e9ation et des utilisateurs quotidiens qui exigent l&#8217;excellence dans leurs solutions de connectivit\u00e9. Embrassez un monde de possibilit\u00e9s illimit\u00e9es avec le c\u00e2ble USB 4.0 Type-C. <\/p>\n","protected":false},"excerpt":{"rendered":"<ul>\n<li>Vitesse de transfert de donn\u00e9es de <strong>40 Gbps<\/strong> <\/li>\n<li>Thunderbolt <strong>3<\/strong> et <strong>4<\/strong><\/li>\n<li>Jusqu&#8217;\u00e0 <strong>240W<\/strong> Power Delivery<\/li>\n<li>Prise en charge de la sortie vid\u00e9o jusqu&#8217;\u00e0 <strong>8K @ 60Hz<\/strong> <\/li>\n<li><strong>Affichage<\/strong> int\u00e9gr\u00e9 <strong>de la puissance en watts<\/strong><\/li>\n<\/ul>\n[cg_accordion title=\"INFO PAIEMENT\"]<\/p>\n<p>Nous utilisons les derni\u00e8res technologies en mati\u00e8re de traitement des paiements, ce qui vous permet de r\u00e9gler vos achats par carte de d\u00e9bit\/cr\u00e9dit ou par PayPal pour une exp\u00e9rience rapide et s\u00e9curis\u00e9e.[\/cg_accordion]\n[cg_accordion title=\"GARANTIE\"]<\/p>\n<p>2 ans de garantie de <a href=\"https:\/\/droix.net\/\" target=\"_blank\" rel=\"nofollow noopener\">DROIX Global<\/a> pour votre tranquillit\u00e9 d&#8217;esprit[\/cg_accordion]\n[cg_accordion title=\"PRIX, TAXES ET FRAIS DE PORT\"]<\/p>\n<p><strong><u>Remarque :<\/u><\/strong><\/p>\n<ul>\n<li>Clients des \u00c9tats-Unis : Le prix affich\u00e9 n&#8217;inclut pas les taxes ni les droits de douane. La responsabilit\u00e9 du d\u00e9douanement et du paiement des taxes\/droits associ\u00e9s incombe au client. <\/li>\n<li>Clients de l&#8217;UE : Le prix affich\u00e9 inclut la TAXE applicable, qui peut s&#8217;\u00e9lever jusqu&#8217;\u00e0 25 % selon votre pays.<\/li>\n<li>Clients du Canada : Le prix affich\u00e9 comprend les taxes applicables, qui peuvent inclure la TPS de 5 % et des taxes de vente provinciales (TVP), la taxe de vente harmonis\u00e9e (TVH) ou la taxe de vente du Qu\u00e9bec (TVQ) suppl\u00e9mentaires, selon votre province.<\/li>\n<\/ul>\n<p><strong>Pour les clients de l&#8217;UE SEULEMENT :<\/strong> Express DDP (Delivered Duty Paid). Cela signifie que : <\/p>\n<ul>\n<li>Tous les droits de douane et taxes sont inclus dans le prix affich\u00e9 sur la page du produit.<\/li>\n<li>Vous n&#8217;aurez pas \u00e0 payer de frais suppl\u00e9mentaires \u00e0 la livraison.<\/li>\n<li>Dans les rares cas de probl\u00e8mes douaniers, notre \u00e9quipe s&#8217;occupera de la proc\u00e9dure de d\u00e9douanement en votre nom afin d&#8217;assurer une livraison sans probl\u00e8me.<\/li>\n<p>Informations importantes concernant les retours :<\/p>\n<li>Si vous d\u00e9cidez de retourner votre commande ou de demander un remboursement, sachez que les taxes et les droits pay\u00e9s en votre nom dans le cadre du DDP ne peuvent pas \u00eatre rembours\u00e9s.<\/li>\n<p>Veuillez vous r\u00e9f\u00e9rer \u00e0 nos <a href=\"https:\/\/droix.net\/terms-and-conditions\/\" target=\"_blank\" rel=\"nofollow noopener\">conditions g\u00e9n\u00e9rales<\/a> pour des informations d\u00e9taill\u00e9es.\n<\/ul>\n<p>[\/cg_accordion]\n[cg_accordion title=\"SOUTIEN \u00c0 LA CLIENT\u00c8LE\"]<\/p>\n<p>Vous avez une question ? Il suffit d&#8217;un petit texto pour que votre probl\u00e8me soit r\u00e9solu ! <\/p>\n<p>Veuillez vous r\u00e9f\u00e9rer \u00e0 nos <a href=\"https:\/\/gpdstore.net\/fr\/terms-of-service\/\" target=\"_blank\" rel=\"nofollow noopener\">conditions g\u00e9n\u00e9rales<\/a> pour des informations d\u00e9taill\u00e9es.\n<\/ul>\n<p>[\/cg_accordion]\n[cg_accordion title=\"CE QUI EST INCLUS\"]<\/p>\n<ul>\n<li>1x C\u00e2ble USB 4.0 Type-C<\/li>\n<\/ul>\n<p>[\/cg_accordion]\n","protected":false},"featured_media":10962,"template":"","meta":{"_acf_changed":false},"product_brand":[],"product_cat":[1221],"product_tag":[12561,4567],"woo-feed-brand":[2433],"class_list":{"0":"post-8395","1":"product","2":"type-product","3":"status-publish","4":"has-post-thumbnail","6":"product_cat-accessoires-fr","7":"product_tag-40bfsale-fr","8":"product_tag-accessoires-generaux","9":"product_shipping_class-low-end","10":"pa_accessory-type-cable-fr","11":"pa_i-o-video-1x-via-usb-4-0-type-c-dp-8k60hz-fr","12":"woo-feed-brand-droix-fr","14":"first","15":"outofstock","16":"sale","17":"taxable","18":"shipping-taxable","19":"purchasable","20":"product-type-variable","21":"has-default-attributes"},"acf":[],"aioseo_notices":[],"_links":{"self":[{"href":"https:\/\/gpdstore.net\/fr\/wp-json\/wp\/v2\/product\/8395","targetHints":{"allow":["GET"]}}],"collection":[{"href":"https:\/\/gpdstore.net\/fr\/wp-json\/wp\/v2\/product"}],"about":[{"href":"https:\/\/gpdstore.net\/fr\/wp-json\/wp\/v2\/types\/product"}],"wp:featuredmedia":[{"embeddable":true,"href":"https:\/\/gpdstore.net\/fr\/wp-json\/wp\/v2\/media\/10962"}],"wp:attachment":[{"href":"https:\/\/gpdstore.net\/fr\/wp-json\/wp\/v2\/media?parent=8395"}],"wp:term":[{"taxonomy":"product_brand","embeddable":true,"href":"https:\/\/gpdstore.net\/fr\/wp-json\/wp\/v2\/product_brand?post=8395"},{"taxonomy":"product_cat","embeddable":true,"href":"https:\/\/gpdstore.net\/fr\/wp-json\/wp\/v2\/product_cat?post=8395"},{"taxonomy":"product_tag","embeddable":true,"href":"https:\/\/gpdstore.net\/fr\/wp-json\/wp\/v2\/product_tag?post=8395"},{"taxonomy":"woo-feed-brand","embeddable":true,"href":"https:\/\/gpdstore.net\/fr\/wp-json\/wp\/v2\/woo-feed-brand?post=8395"}],"curies":[{"name":"wp","href":"https:\/\/api.w.org\/{rel}","templated":true}]}}