{"id":8355,"date":"2024-01-23T12:16:16","date_gmt":"2024-01-23T12:16:16","guid":{"rendered":"https:\/\/gpdstore.net\/non%20class\u00e9\/gpd-micro-pc\/"},"modified":"2025-12-23T10:24:03","modified_gmt":"2025-12-23T10:24:03","slug":"gpd-micro-pc","status":"publish","type":"product","link":"https:\/\/gpdstore.net\/fr\/product\/gpd-micro-pc\/","title":{"rendered":"GPD Micro PC UMPC"},"content":{"rendered":"\n<figure class=\"wp-block-video\"><video controls=\"\" muted=\"\" poster=\"https:\/\/gpdstore.net\/wp-content\/uploads\/2024\/01\/gpd-hero.jpg\" src=\"https:\/\/gpdstore.net\/wp-content\/uploads\/2024\/01\/Video-Project-22.mp4\"><\/video><\/figure>\n\n<div class=\"wp-block-columns is-layout-flex wp-container-core-columns-is-layout-28f84493 wp-block-columns-is-layout-flex\">\n<div class=\"wp-block-column is-layout-flow wp-block-column-is-layout-flow\" style=\"flex-basis:33.33%\">\n<figure class=\"wp-block-image size-full\"><img fetchpriority=\"high\" decoding=\"async\" width=\"1200\" height=\"929\" src=\"https:\/\/gpdstore.net\/wp-content\/uploads\/2024\/05\/1271643.jpg\" alt=\"GPD Micro PC, un mini PC compact et polyvalent con&#xE7;u pour l'informatique et la productivit&#xE9; en d&#xE9;placement.\" class=\"wp-image-1670\" srcset=\"https:\/\/gpdstore.net\/wp-content\/uploads\/2024\/05\/1271643.jpg 1200w, https:\/\/gpdstore.net\/wp-content\/uploads\/2024\/05\/1271643-150x116.jpg 150w, https:\/\/gpdstore.net\/wp-content\/uploads\/2024\/05\/1271643-600x465.jpg 600w, https:\/\/gpdstore.net\/wp-content\/uploads\/2024\/05\/1271643-768x595.jpg 768w, https:\/\/gpdstore.net\/wp-content\/uploads\/2024\/05\/1271643-990x766.jpg 990w, https:\/\/gpdstore.net\/wp-content\/uploads\/2024\/05\/1271643-441x341.jpg 441w\" sizes=\"(max-width: 1200px) 100vw, 1200px\" \/><\/figure>\n<\/div>\n\n\n\n<div class=\"wp-block-column is-layout-flow wp-block-column-is-layout-flow\" style=\"flex-basis:66.66%\">\n<h2 class=\"wp-block-heading\">Outil de productivit\u00e9 mobile multi-interface : le MicroPC 6&#8243; !<\/h2>\n\n\n\n<p>Alors que la Surface Go de Microsoft a \u00e9t\u00e9 c\u00e9l\u00e9br\u00e9e comme une centrale compacte, l\u00e9g\u00e8re et abordable, le MicroPC de 6 pouces la fait passer au niveau sup\u00e9rieur. Non seulement elle est plus petite que la Surface Go, mais elle dispose \u00e9galement de plus d&#8217;interfaces, ce qui en fait un appareil incroyablement polyvalent. Cette merveille de la taille d&#8217;une paume, mesurant seulement 15 mm \u00e0 son point le plus fin et pesant \u00e0 peine 440 g, est con\u00e7ue pour \u00eatre ultra-portable sans compromettre les performances. Avec une consommation thermique de seulement 10 W, le MicroPC offre des performances comparables \u00e0 celles de la Surface Go, \u00e0 un prix plus avantageux. Id\u00e9al pour les professionnels de tous les secteurs, le MicroPC est l&#8217;outil de productivit\u00e9 mobile par excellence !<\/p>\n<\/div>\n<\/div>\n\n<h2 class=\"wp-block-heading has-text-align-center\">La portabilit\u00e9 extr\u00eame rencontre le design pratique : Sp\u00e9cifications et facteur de forme du GPD Micro PC<\/h2>\n\n<div class=\"wp-block-columns is-layout-flex wp-container-core-columns-is-layout-28f84493 wp-block-columns-is-layout-flex\">\n<div class=\"wp-block-column is-layout-flow wp-block-column-is-layout-flow\">\n<figure class=\"wp-block-image size-full is-resized\"><img decoding=\"async\" width=\"1000\" height=\"899\" src=\"https:\/\/gpdstore.net\/wp-content\/uploads\/2024\/05\/714PPtewL._AC_UF10001000_QL80_.jpg\" alt=\"GPD Micro PC dot&#xE9; d'un &#xE9;cran IPS de 6 pouces, id&#xE9;al pour l'informatique portable et les t&#xE2;ches multim&#xE9;dias.\" class=\"wp-image-1675\" style=\"width:299px;height:auto\" srcset=\"https:\/\/gpdstore.net\/wp-content\/uploads\/2024\/05\/714PPtewL._AC_UF10001000_QL80_.jpg 1000w, https:\/\/gpdstore.net\/wp-content\/uploads\/2024\/05\/714PPtewL._AC_UF10001000_QL80_-150x135.jpg 150w, https:\/\/gpdstore.net\/wp-content\/uploads\/2024\/05\/714PPtewL._AC_UF10001000_QL80_-600x539.jpg 600w, https:\/\/gpdstore.net\/wp-content\/uploads\/2024\/05\/714PPtewL._AC_UF10001000_QL80_-768x690.jpg 768w, https:\/\/gpdstore.net\/wp-content\/uploads\/2024\/05\/714PPtewL._AC_UF10001000_QL80_-990x890.jpg 990w, https:\/\/gpdstore.net\/wp-content\/uploads\/2024\/05\/714PPtewL._AC_UF10001000_QL80_-441x396.jpg 441w\" sizes=\"(max-width: 1000px) 100vw, 1000px\" \/><\/figure>\n\n\n\n<h3 class=\"wp-block-heading\">Le PC de poche ultime : Pourquoi le format 6 pouces est parfait pour les nomades num\u00e9riques<\/h3>\n\n\n\n<p>Mesurant seulement 6 pouces par 4 pouces et pesant seulement 440 grammes, ce mini PC est parfait pour les professionnels, les \u00e9tudiants et les nomades num\u00e9riques toujours en mouvement. Dot\u00e9 d&#8217;un processeur Intel quadric\u0153ur, de <a href=\"https:\/\/gpdstore.net\/fr\/product-attribute\/memory-ram-capacity\/8gb-fr\/\" target=\"_blank\" rel=\"noreferrer noopener\">8 Go de<\/a> RAM et d&#8217;un espace de stockage de <a href=\"https:\/\/gpdstore.net\/fr\/product-attribute\/storage-capacity\/256-go\/\" target=\"_blank\" data-type=\"link\" data-id=\"https:\/\/gpdstore.net\/product-attribute\/storage-capacity\/256gb\/\" rel=\"noreferrer noopener\">256<\/a>, <a href=\"https:\/\/gpdstore.net\/fr\/product-attribute\/storage-capacity\/512gb-fr\/\" target=\"_blank\" rel=\"noreferrer noopener\">512<\/a> ou <a href=\"https:\/\/gpdstore.net\/fr\/product-attribute\/storage-capacity\/1tb-fr\/\" target=\"_blank\" rel=\"noreferrer noopener\">1 To<\/a>, il offre des performances rapides pour le multit\u00e2che et le divertissement sur son \u00e9cran haute r\u00e9solution.<\/p>\n<\/div>\n\n\n\n<div class=\"wp-block-column is-layout-flow wp-block-column-is-layout-flow\">\n<figure class=\"wp-block-image size-full\"><img decoding=\"async\" width=\"300\" height=\"300\" src=\"https:\/\/gpdstore.net\/wp-content\/uploads\/2024\/05\/078e6b89-8d78-4318-bf09-8caf8fecef63.__CR1800840840_PT0_SX300_V1___.jpg\" alt=\"GPD Micro PC, con&#xE7;u pour r&#xE9;sister aux chocs afin de durer dans divers environnements\" class=\"wp-image-1672\" srcset=\"https:\/\/gpdstore.net\/wp-content\/uploads\/2024\/05\/078e6b89-8d78-4318-bf09-8caf8fecef63.__CR1800840840_PT0_SX300_V1___.jpg 300w, https:\/\/gpdstore.net\/wp-content\/uploads\/2024\/05\/078e6b89-8d78-4318-bf09-8caf8fecef63.__CR1800840840_PT0_SX300_V1___-150x150.jpg 150w, https:\/\/gpdstore.net\/wp-content\/uploads\/2024\/05\/078e6b89-8d78-4318-bf09-8caf8fecef63.__CR1800840840_PT0_SX300_V1___-100x100.jpg 100w\" sizes=\"(max-width: 300px) 100vw, 300px\" \/><\/figure>\n\n\n\n<h3 class=\"wp-block-heading\"><strong>Coque en ABS de qualit\u00e9 a\u00e9ronautique : Examen de la durabilit\u00e9 et de la protection du GPD Micro PC<\/strong><\/h3>\n\n\n\n<p>Fabriqu\u00e9 en r\u00e9sine synth\u00e9tique ABS antichoc de qualit\u00e9 a\u00e9ronautique LG-DOW 121H, import\u00e9e de Cor\u00e9e du Sud, ce mat\u00e9riau offre une durabilit\u00e9 et une protection exceptionnelles. D&#8217;une \u00e9paisseur substantielle de 1 mm, il est ignifuge, r\u00e9sistant \u00e0 la chaleur et certifi\u00e9 V-0. Son impressionnante duret\u00e9 Rockwell allant jusqu&#8217;\u00e0 109 R et sa r\u00e9sistance \u00e0 la flexion de 26000kg\/cm\u00b2.<\/p>\n<\/div>\n\n\n\n<div class=\"wp-block-column is-layout-flow wp-block-column-is-layout-flow\">\n<figure class=\"wp-block-image size-full\"><img loading=\"lazy\" decoding=\"async\" width=\"300\" height=\"300\" src=\"https:\/\/gpdstore.net\/wp-content\/uploads\/2024\/05\/84908091-c530-4179-9369-d0a566b13ce8.__CR1260949949_PT0_SX300_V1___.jpg\" alt=\"GPD Micro PC avec prise en charge de p&#xE9;riph&#xE9;riques &#xE9;tendus, permettant une connectivit&#xE9; et une fonctionnalit&#xE9; polyvalentes dans un format compact.\" class=\"wp-image-1674\" srcset=\"https:\/\/gpdstore.net\/wp-content\/uploads\/2024\/05\/84908091-c530-4179-9369-d0a566b13ce8.__CR1260949949_PT0_SX300_V1___.jpg 300w, https:\/\/gpdstore.net\/wp-content\/uploads\/2024\/05\/84908091-c530-4179-9369-d0a566b13ce8.__CR1260949949_PT0_SX300_V1___-150x150.jpg 150w, https:\/\/gpdstore.net\/wp-content\/uploads\/2024\/05\/84908091-c530-4179-9369-d0a566b13ce8.__CR1260949949_PT0_SX300_V1___-100x100.jpg 100w\" sizes=\"(max-width: 300px) 100vw, 300px\" \/><\/figure>\n\n\n\n<h3 class=\"wp-block-heading\"><strong>Extension du stockage et des fonctionnalit\u00e9s : Utilisation de l&#8217;USB 3.0 et de la fente Micro SD<\/strong><\/h3>\n\n\n\n<p>Dot\u00e9 de trois interfaces USB 3.0 et d&#8217;un emplacement Micro SD, cet appareil peut accueillir jusqu&#8217;\u00e0 quatre p\u00e9riph\u00e9riques de stockage externes, offrant ainsi une capacit\u00e9 de stockage pratiquement illimit\u00e9e. Mais la polyvalence ne s&#8217;arr\u00eate pas l\u00e0. Gr\u00e2ce \u00e0 la possibilit\u00e9 de connecter des p\u00e9riph\u00e9riques suppl\u00e9mentaires via le hub, vous pouvez personnaliser votre configuration en fonction de vos besoins, qu&#8217;il s&#8217;agisse d&#8217;am\u00e9liorer la productivit\u00e9 ou d&#8217;\u00e9tendre les fonctionnalit\u00e9s.<\/p>\n<\/div>\n<\/div>\n\n<figure class=\"wp-block-image size-large\"><img loading=\"lazy\" decoding=\"async\" width=\"1200\" height=\"563\" src=\"https:\/\/gpdstore.net\/wp-content\/uploads\/2024\/05\/1068053-1200x563.jpg\" alt=\"GPD Micro PC, un mini-ordinateur compact et puissant id&#xE9;al pour l'informatique mobile et la productivit&#xE9; en d&#xE9;placement\" class=\"wp-image-1678\" srcset=\"https:\/\/gpdstore.net\/wp-content\/uploads\/2024\/05\/1068053-1200x563.jpg 1200w, https:\/\/gpdstore.net\/wp-content\/uploads\/2024\/05\/1068053-150x70.jpg 150w, https:\/\/gpdstore.net\/wp-content\/uploads\/2024\/05\/1068053-600x281.jpg 600w, https:\/\/gpdstore.net\/wp-content\/uploads\/2024\/05\/1068053-768x360.jpg 768w, https:\/\/gpdstore.net\/wp-content\/uploads\/2024\/05\/1068053-1536x720.jpg 1536w, https:\/\/gpdstore.net\/wp-content\/uploads\/2024\/05\/1068053-990x464.jpg 990w, https:\/\/gpdstore.net\/wp-content\/uploads\/2024\/05\/1068053-441x207.jpg 441w, https:\/\/gpdstore.net\/wp-content\/uploads\/2024\/05\/1068053.jpg 1920w\" sizes=\"(max-width: 1200px) 100vw, 1200px\" \/><\/figure>\n\n<p><br\/>Faites l&#8217;exp\u00e9rience d&#8217;une performance de haut niveau dans un bo\u00eetier compact avec le GPD Micro PC. Ce mini-ordinateur portable Windows 10 PRO est adapt\u00e9 \u00e0 ceux qui recherchent un PC industriel rapide et efficace, dot\u00e9 de ports de communication robustes.<\/p>\n\n<figure class=\"wp-block-image size-large\"><img loading=\"lazy\" decoding=\"async\" width=\"1200\" height=\"600\" src=\"https:\/\/gpdstore.net\/wp-content\/uploads\/2024\/05\/MicroPC-1200x600.jpg\" alt=\"GPD Micro PC, un ordinateur portable petit mais puissant, con&#xE7;u pour des t&#xE2;ches informatiques polyvalentes\" class=\"wp-image-1677\" srcset=\"https:\/\/gpdstore.net\/wp-content\/uploads\/2024\/05\/MicroPC-1200x600.jpg 1200w, https:\/\/gpdstore.net\/wp-content\/uploads\/2024\/05\/MicroPC-150x75.jpg 150w, https:\/\/gpdstore.net\/wp-content\/uploads\/2024\/05\/MicroPC-600x300.jpg 600w, https:\/\/gpdstore.net\/wp-content\/uploads\/2024\/05\/MicroPC-768x384.jpg 768w, https:\/\/gpdstore.net\/wp-content\/uploads\/2024\/05\/MicroPC-1536x768.jpg 1536w, https:\/\/gpdstore.net\/wp-content\/uploads\/2024\/05\/MicroPC-990x495.jpg 990w, https:\/\/gpdstore.net\/wp-content\/uploads\/2024\/05\/MicroPC-441x221.jpg 441w, https:\/\/gpdstore.net\/wp-content\/uploads\/2024\/05\/MicroPC.jpg 1920w\" sizes=\"(max-width: 1200px) 100vw, 1200px\" \/><\/figure>\n\n<p>Dot\u00e9 d&#8217;un processeur Quad Core Intel\u00ae Celeron\u00ae N4120 \u00e0 haute vitesse, atteignant une fr\u00e9quence turbo de 2,6 GHz, et soutenu par <a href=\"https:\/\/gpdstore.net\/fr\/product-attribute\/memory-ram-capacity\/8gb-fr\/\" target=\"_blank\" rel=\"noreferrer noopener\">8 Go de<\/a> m\u00e9moire vive <a href=\"https:\/\/gpdstore.net\/fr\/product-attribute\/memory-ram-technology\/lpddr4-fr\/\" target=\"_blank\" rel=\"noreferrer noopener\">LPDDR4<\/a>, le Micro PC offre des performances impressionnantes. Choisissez parmi trois options de stockage : <a href=\"https:\/\/gpdstore.net\/fr\/product-attribute\/storage-capacity\/256-go\/\" target=\"_blank\" rel=\"noreferrer noopener\">256 Go<\/a>, <a href=\"https:\/\/gpdstore.net\/fr\/product-attribute\/storage-capacity\/512gb-fr\/\" target=\"_blank\" rel=\"noreferrer noopener\">512 Go<\/a> ou <a href=\"https:\/\/gpdstore.net\/fr\/product-attribute\/storage-capacity\/1tb-fr\/\" target=\"_blank\" rel=\"noreferrer noopener\">1 To<\/a> NGFF M.2 SATA SSD, avec la possibilit\u00e9 d&#8217;une mise \u00e0 niveau ult\u00e9rieure.<\/p>\n\n<p>La connectivit\u00e9 est un point fort, rivalisant m\u00eame avec les PC industriels de taille normale, avec trois ports USB 3.0 Type A, un port USB Type-C, un port s\u00e9rie RS232, un port Ethernet RJ45 1GB\/s, un port HDMI et un lecteur de carte MicroSD. Les options sans fil comprennent 802.11b\/g\/n\/ac, 2.4G\/5G Dual-band Wi-Fi, et <a href=\"https:\/\/gpdstore.net\/fr\/product-attribute\/Bluetooth\/4-2-fr\/\" target=\"_blank\" rel=\"noreferrer noopener\">Bluetooth 4.2.<\/a><\/p>\n\n<p>L&#8217;\u00e9cran de 6 pouces du micro PC affiche une r\u00e9solution de 1280&#215;720, prot\u00e9g\u00e9 par un verre Corning Gorilla Glass 4 r\u00e9sistant aux rayures. Malgr\u00e9 sa puissance mat\u00e9rielle, cet appareil est compact, mesurant seulement 6&#8243; x 4,4&#8243; x 0,9&#8243; lorsqu&#8217;il est ferm\u00e9 &#8211; suffisamment petit pour tenir dans une poche ou un petit sac.<\/p>\n\n<p>Pour une exp\u00e9rience micro PC ultime, le GPD Micro offre une portabilit\u00e9 exceptionnelle, une connectivit\u00e9 \u00e9tendue et des capacit\u00e9s de haute performance, ce qui en fait le choix id\u00e9al pour les amateurs de micro PC Windows 10&#8230;.<\/p>\n\n<figure class=\"wp-block-image size-large\"><img loading=\"lazy\" decoding=\"async\" width=\"1200\" height=\"500\" src=\"https:\/\/gpdstore.net\/wp-content\/uploads\/2024\/05\/1068559-1200x500.jpg\" alt=\"GPD Micro PC, un mini-ordinateur compact et robuste parfait pour l'informatique mobile et la productivit&#xE9;.\" class=\"wp-image-1676\" srcset=\"https:\/\/gpdstore.net\/wp-content\/uploads\/2024\/05\/1068559-1200x500.jpg 1200w, https:\/\/gpdstore.net\/wp-content\/uploads\/2024\/05\/1068559-150x63.jpg 150w, https:\/\/gpdstore.net\/wp-content\/uploads\/2024\/05\/1068559-600x250.jpg 600w, https:\/\/gpdstore.net\/wp-content\/uploads\/2024\/05\/1068559-768x320.jpg 768w, https:\/\/gpdstore.net\/wp-content\/uploads\/2024\/05\/1068559-1536x640.jpg 1536w, https:\/\/gpdstore.net\/wp-content\/uploads\/2024\/05\/1068559-990x413.jpg 990w, https:\/\/gpdstore.net\/wp-content\/uploads\/2024\/05\/1068559-441x184.jpg 441w, https:\/\/gpdstore.net\/wp-content\/uploads\/2024\/05\/1068559.jpg 1920w\" sizes=\"(max-width: 1200px) 100vw, 1200px\" \/><\/figure>\n","protected":false},"excerpt":{"rendered":"<ul>\n<li>Con\u00e7u pour les professionnels de l&#8217;informatique<\/li>\n<li>Chipset Intel N4120<\/li>\n<li>Windows 10 <strong>Pro<\/strong><\/li>\n<li>Port s\u00e9rie RS-232<\/li>\n<li>Wi-Fi double bande et 1 port Gigabit RJ45<\/li>\n<\/ul>\n<p>[cg_accordion title=\"INFO PAIEMENT\"]  Nous utilisons les derni\u00e8res technologies en mati\u00e8re de traitement des paiements, ce qui vous permet de r\u00e9gler vos achats par carte de d\u00e9bit\/cr\u00e9dit ou par PayPal pour une exp\u00e9rience rapide et s\u00e9curis\u00e9e.[\/cg_accordion] [cg_accordion title=\"GARANTIE\"]  2 ans de garantie de <a href=\"https:\/\/droix.net\/\" target=\"_blank\" rel=\"nofollow noopener\">DROIX Global<\/a> pour votre tranquillit\u00e9 d&#8217;esprit[\/cg_accordion] [cg_accordion title=\"ASSURANCE QUALIT\u00c9 ET ESSAIS AVANT EXP\u00c9DITION\"]  Garantir la satisfaction du client au plus haut niveau : Chaque appareil est soumis \u00e0 des tests rigoureux et \u00e0 un contr\u00f4le de qualit\u00e9 en plusieurs points avant d&#8217;\u00eatre exp\u00e9di\u00e9. Notre \u00e9quipe d\u00e9di\u00e9e v\u00e9rifie les performances, la fonctionnalit\u00e9 et l&#8217;int\u00e9grit\u00e9 des composants pour garantir que votre appareil GPD est en parfait \u00e9tat de fonctionnement \u00e0 l&#8217;arriv\u00e9e, vous procurant ainsi confiance et tranquillit\u00e9 d&#8217;esprit. [\/cg_accordion] [cg_accordion title=\"PRICING, TAXES AND SHIPPING\"] <strong><u>Remarque :<\/u><\/strong><\/p>\n<ul>\n<li>Clients des \u00c9tats-Unis : Le prix affich\u00e9 n&#8217;inclut pas les taxes ni les droits de douane. La responsabilit\u00e9 du d\u00e9douanement et du paiement des taxes\/droits associ\u00e9s incombe au client. <\/li>\n<li>Clients de l&#8217;UE : Le prix affich\u00e9 inclut la TAXE applicable, qui peut s&#8217;\u00e9lever jusqu&#8217;\u00e0 25 % selon votre pays.<\/li>\n<li>Clients du Canada : Le prix affich\u00e9 comprend les taxes applicables, qui peuvent inclure la TPS de 5 % et des taxes de vente provinciales (TVP), la taxe de vente harmonis\u00e9e (TVH) ou la taxe de vente du Qu\u00e9bec (TVQ) suppl\u00e9mentaires, selon votre province.<\/li>\n<\/ul>\n<p><strong>Pour les clients de l&#8217;UE SEULEMENT :<\/strong> Express DDP (Delivered Duty Paid). Cela signifie que : <\/p>\n<ul>\n<li style=\"list-style-type: none;\">\n<ul>\n<li>Tous les droits de douane et taxes sont inclus dans le prix affich\u00e9 sur la page du produit.<\/li>\n<li>Vous n&#8217;aurez pas \u00e0 payer de frais suppl\u00e9mentaires \u00e0 la livraison.<\/li>\n<li>Dans les rares cas de probl\u00e8mes douaniers, notre \u00e9quipe s&#8217;occupera de la proc\u00e9dure de d\u00e9douanement en votre nom afin d&#8217;assurer une livraison sans probl\u00e8me.<\/li>\n<p>Informations importantes concernant les retours :<\/p>\n<li>Si vous d\u00e9cidez de retourner votre commande ou de demander un remboursement, sachez que les taxes et les droits pay\u00e9s en votre nom dans le cadre du DDP ne peuvent pas \u00eatre rembours\u00e9s.<\/li>\n<p>Veuillez vous r\u00e9f\u00e9rer \u00e0 notre<\/ul>\n<\/li>\n<\/ul>\n<p><a href=\"https:\/\/droix.net\/terms-and-conditions\/\" target=\"_blank\" rel=\"nofollow noopener\">Conditions g\u00e9n\u00e9rales d&#8217;utilisation<\/a><\/p>\n<ul>pour obtenir des informations d\u00e9taill\u00e9es.<\/ul>\n<p>[\/cg_accordion] [cg_accordion title=\"SOUTIEN \u00c0 LA CLIENT\u00c8LE\"]  Vous avez une question ? Il suffit d&#8217;un petit texto pour que votre probl\u00e8me soit r\u00e9solu !  Veuillez vous r\u00e9f\u00e9rer \u00e0 nos <a href=\"https:\/\/gpdstore.net\/fr\/terms-of-service\/\" target=\"_blank\" rel=\"nofollow noopener\">conditions g\u00e9n\u00e9rales<\/a> pour plus d&#8217;informations.  [\/cg_accordion] [cg_accordion title=\"WHAT'S INCLUDED\"]<\/p>\n<ul>\n<li>1x GPD Micro PC<\/li>\n<li>1x Adaptateur d&#8217;alimentation<\/li>\n<li>1x C\u00e2ble USB Type-C<\/li>\n<li>1x Manuel de l&#8217;utilisateur<\/li>\n<\/ul>\n<p>[\/cg_accordion]<\/p>\n","protected":false},"featured_media":10847,"template":"","meta":{"_acf_changed":false},"product_brand":[],"product_cat":[1140],"product_tag":[16606,4506],"woo-feed-brand":[899],"class_list":{"0":"post-8355","1":"product","2":"type-product","3":"status-publish","4":"has-post-thumbnail","6":"product_cat-mini-ordinateurs-portables-gpd","7":"product_tag-10xmsale-fr","8":"product_tag-gpd-micro-pc-fr","9":"product_shipping_class-premium","10":"product_shipping_class-standard","11":"pa_bluetooth-4-2-fr","12":"pa_brand-gpd","13":"pa_graphics-gpu-model-graphique-uhd-600","14":"pa_i-o-video-1x-hdmi-2-0-type-a-fr","15":"pa_memory-ram-capacity-8gb-fr","16":"pa_memory-ram-technology-lpddr4-fr","17":"pa_processor-cpu-model-celeron-n4120-processor","18":"pa_storage-capacity-256-go","19":"pa_storage-capacity-256gb","20":"pa_storage-capacity-512gb","21":"pa_storage-capacity-512gb-fr","22":"pa_storage-capacity-1tb-fr","23":"pa_storage-capacity-1tb","24":"pa_storage-technology-m-2-2242-ssd-fr","25":"pa_wi-fi-2-4g-5g-dual-band-fr","26":"woo-feed-brand-gpd-fr","28":"first","29":"outofstock","30":"sale","31":"taxable","32":"shipping-taxable","33":"purchasable","34":"product-type-variable","35":"has-default-attributes"},"acf":[],"aioseo_notices":[],"_links":{"self":[{"href":"https:\/\/gpdstore.net\/fr\/wp-json\/wp\/v2\/product\/8355","targetHints":{"allow":["GET"]}}],"collection":[{"href":"https:\/\/gpdstore.net\/fr\/wp-json\/wp\/v2\/product"}],"about":[{"href":"https:\/\/gpdstore.net\/fr\/wp-json\/wp\/v2\/types\/product"}],"wp:featuredmedia":[{"embeddable":true,"href":"https:\/\/gpdstore.net\/fr\/wp-json\/wp\/v2\/media\/10847"}],"wp:attachment":[{"href":"https:\/\/gpdstore.net\/fr\/wp-json\/wp\/v2\/media?parent=8355"}],"wp:term":[{"taxonomy":"product_brand","embeddable":true,"href":"https:\/\/gpdstore.net\/fr\/wp-json\/wp\/v2\/product_brand?post=8355"},{"taxonomy":"product_cat","embeddable":true,"href":"https:\/\/gpdstore.net\/fr\/wp-json\/wp\/v2\/product_cat?post=8355"},{"taxonomy":"product_tag","embeddable":true,"href":"https:\/\/gpdstore.net\/fr\/wp-json\/wp\/v2\/product_tag?post=8355"},{"taxonomy":"woo-feed-brand","embeddable":true,"href":"https:\/\/gpdstore.net\/fr\/wp-json\/wp\/v2\/woo-feed-brand?post=8355"}],"curies":[{"name":"wp","href":"https:\/\/api.w.org\/{rel}","templated":true}]}}