{"id":8202,"date":"2023-11-17T16:30:05","date_gmt":"2023-11-17T16:30:05","guid":{"rendered":"https:\/\/gpdstore.net\/non%20class\u00e9\/gpd-win-max-2-2023-pc-portable-de-jeu\/"},"modified":"2025-12-19T16:31:54","modified_gmt":"2025-12-19T16:31:54","slug":"gpd-win-max-2-2023","status":"publish","type":"product","link":"https:\/\/gpdstore.net\/fr\/product\/gpd-win-max-2-2023\/","title":{"rendered":"GPD WIN MAX 2 2023 PC portable de jeu"},"content":{"rendered":"\n<figure class=\"wp-block-video\"><video controls=\"\" muted=\"\" poster=\"https:\/\/gpdstore.net\/wp-content\/uploads\/2024\/03\/q2hzxpbiybborpwbpolh-ezgif.com-webp-to-png-converter.png\" src=\"https:\/\/gpdstore.net\/wp-content\/uploads\/2024\/05\/gpd-win-max-2.mp4\"><\/video><\/figure>\n\n<div class=\"wp-block-columns is-layout-flex wp-container-core-columns-is-layout-28f84493 wp-block-columns-is-layout-flex\">\n<div class=\"wp-block-column is-layout-flow wp-block-column-is-layout-flow\" style=\"flex-basis:33.33%\">\n<figure class=\"wp-block-image size-full\"><img fetchpriority=\"high\" decoding=\"async\" width=\"669\" height=\"582\" src=\"https:\/\/gpdstore.net\/wp-content\/uploads\/2024\/05\/7044098-1.png\" alt=\"gpd win max 2\" class=\"wp-image-1642\" srcset=\"https:\/\/gpdstore.net\/wp-content\/uploads\/2024\/05\/7044098-1.png 669w, https:\/\/gpdstore.net\/wp-content\/uploads\/2024\/05\/7044098-1-150x130.png 150w, https:\/\/gpdstore.net\/wp-content\/uploads\/2024\/05\/7044098-1-600x522.png 600w, https:\/\/gpdstore.net\/wp-content\/uploads\/2024\/05\/7044098-1-441x384.png 441w\" sizes=\"(max-width: 669px) 100vw, 669px\" \/><\/figure>\n<\/div>\n\n\n\n<div class=\"wp-block-column is-layout-flow wp-block-column-is-layout-flow\" style=\"flex-basis:66.66%\">\n<h2 class=\"wp-block-heading\"><strong>GPD WIN MAX 2 2023 Handheld Gaming PC &#8211; AMD Ryzen 7 7840U (Zen 4), 10.1&#8243; 2.5K Display, 64GB RAM, OcuLink Support<\/strong><\/h2>\n\n\n\n<p>Why pay 2025 flagship prices when the GPD WIN MAX 2 2023 remains a top-tier contender? Powered by the legendary AMD Ryzen 7 7840U, this device is the ultimate &#8220;Silicon Sweet Spot&#8221; for gamers and professionals who demand 2.5K resolution and desktop-grade multitasking without the 2025 premium.<\/p>\n<\/div>\n<\/div>\n\n<h2 class=\"wp-block-heading has-text-align-center\">Con\u00e7u pour l&#8217;excellence : Commandes de pr\u00e9cision, polyvalence professionnelle et refroidissement intelligent<\/h2>\n\n<div class=\"wp-block-columns is-layout-flex wp-container-core-columns-is-layout-28f84493 wp-block-columns-is-layout-flex\">\n<div class=\"wp-block-column is-layout-flow wp-block-column-is-layout-flow\">\n<figure class=\"wp-block-image size-full\"><img decoding=\"async\" width=\"300\" height=\"300\" src=\"https:\/\/gpdstore.net\/wp-content\/uploads\/2024\/05\/074b1b41-54da-4de3-8a68-9035e22feb91.__CR880899899_PT0_SX300_V1___-1.jpg\" alt=\"Suppression des boutons pour gpd win max 2\" class=\"wp-image-1643\" srcset=\"https:\/\/gpdstore.net\/wp-content\/uploads\/2024\/05\/074b1b41-54da-4de3-8a68-9035e22feb91.__CR880899899_PT0_SX300_V1___-1.jpg 300w, https:\/\/gpdstore.net\/wp-content\/uploads\/2024\/05\/074b1b41-54da-4de3-8a68-9035e22feb91.__CR880899899_PT0_SX300_V1___-1-150x150.jpg 150w, https:\/\/gpdstore.net\/wp-content\/uploads\/2024\/05\/074b1b41-54da-4de3-8a68-9035e22feb91.__CR880899899_PT0_SX300_V1___-1-100x100.jpg 100w\" sizes=\"(max-width: 300px) 100vw, 300px\" \/><\/figure>\n\n\n\n<h3 class=\"wp-block-heading\"><strong><strong><strong>L&#8217;avantage du capteur \u00e0 effet Hall :<\/strong> comment l&#8217;induction magn\u00e9tique \u00e9limine la &#8220;d\u00e9rive du b\u00e2ton&#8221; et l&#8217;usure physique.<\/strong><\/strong><\/h3>\n\n\n\n<p>Le potentiom\u00e8tre traditionnel qui s&#8217;appuie sur le balai de r\u00e9sistance pour g\u00e9n\u00e9rer le signal de tension est sujet \u00e0 des probl\u00e8mes de \u00ab d\u00e9rive \u00bb dus \u00e0 l&#8217;usure et \u00e0 la d\u00e9t\u00e9rioration lors d&#8217;une utilisation \u00e0 long terme. Avec WIN Max 2 2023, nous avons introduit pour la premi\u00e8re fois des b\u00e2tons \u00e0 capteur Hall avec bobines d&#8217;inductance int\u00e9gr\u00e9es. Le principe de fonctionnement de l&#8217;induction magn\u00e9tique (diff\u00e9rents flux magn\u00e9tiques sont g\u00e9n\u00e9r\u00e9s lorsque le b\u00e2ton tourne dans diff\u00e9rentes positions, ce qui g\u00e9n\u00e8re \u00e0 son tour diff\u00e9rents signaux de tension) d\u00e9termine que les b\u00e2tons \u00e0 capteur Hall ne s&#8217;usent pas et ne pr\u00e9sentent donc pas le probl\u00e8me de la d\u00e9rive des b\u00e2tons.<\/p>\n<\/div>\n\n\n\n<div class=\"wp-block-column is-layout-flow wp-block-column-is-layout-flow\">\n<figure class=\"wp-block-image size-full\"><img decoding=\"async\" src=\"https:\/\/gpdstore.net\/wp-content\/uploads\/\" alt=\"couvercles magn&#xE9;tiques pour gpd\" class=\"wp-image-1645\"\/><\/figure>\n\n\n\n<h3 class=\"wp-block-heading\"><strong><strong><strong><strong>Magnetic Stealth Covers:<\/strong> Hide the joysticks for a clean, professional look in meetings.<\/strong><\/strong><\/strong><\/h3>\n\n\n\n<p>La manette de jeu int\u00e9gr\u00e9e \u00e0 l&#8217;ordinateur de poche peut le rendre inadapt\u00e9 au lieu de travail ! Pour r\u00e9soudre ce probl\u00e8me, nous avons ajout\u00e9 deux couvertures de b\u00e2tons pour WIN Max 2 2023. La conception magn\u00e9tique garantit que les deux couvercles ne tomberont pas lors de l&#8217;utilisation de l&#8217;appareil. Lorsque vous jouez, vous pouvez \u00e9galement ranger les housses dans le compartiment arri\u00e8re, ce qui \u00e9vite de les perdre accidentellement !<\/p>\n<\/div>\n\n\n\n<div class=\"wp-block-column is-layout-flow wp-block-column-is-layout-flow\">\n<figure class=\"wp-block-image size-full\"><img decoding=\"async\" width=\"300\" height=\"300\" src=\"https:\/\/gpdstore.net\/wp-content\/uploads\/2024\/05\/5f397565-522a-44f6-910c-e7d2cec4ed88.__CR107012291229_PT0_SX300_V1___-1.jpg\" alt=\"refroidissement win max 2\" class=\"wp-image-1646\" srcset=\"https:\/\/gpdstore.net\/wp-content\/uploads\/2024\/05\/5f397565-522a-44f6-910c-e7d2cec4ed88.__CR107012291229_PT0_SX300_V1___-1.jpg 300w, https:\/\/gpdstore.net\/wp-content\/uploads\/2024\/05\/5f397565-522a-44f6-910c-e7d2cec4ed88.__CR107012291229_PT0_SX300_V1___-1-150x150.jpg 150w, https:\/\/gpdstore.net\/wp-content\/uploads\/2024\/05\/5f397565-522a-44f6-910c-e7d2cec4ed88.__CR107012291229_PT0_SX300_V1___-1-100x100.jpg 100w\" sizes=\"(max-width: 300px) 100vw, 300px\" \/><\/figure>\n\n\n\n<h3 class=\"wp-block-heading\"><strong><strong>Mat\u00e9riel avanc\u00e9 :<\/strong> Exploitation d&#8217;une turbine \u00e0 haute performance et de doubles caloducs pour un flux d&#8217;air robuste.<\/strong><\/h3>\n\n\n\n<p>GPD MAX 2 2023 est livr\u00e9 avec un syst\u00e8me de refroidissement am\u00e9lior\u00e9 de qualit\u00e9 PC avec un grand turbofan + double caloducs, qui b\u00e9n\u00e9ficie d&#8217;un souffle d&#8217;air lat\u00e9ral \u00e0 grand volume et d&#8217;un contr\u00f4le de vitesse tr\u00e8s intelligent. Lorsque la temp\u00e9rature interne est inf\u00e9rieure \u00e0 40\u00b0C, la vitesse du ventilateur ne d\u00e9passe pas 20% de sa capacit\u00e9 maximale. Lorsque la temp\u00e9rature interne d\u00e9passe 40\u00b0C, la vitesse du ventilateur augmente par incr\u00e9ments PWM de 2% jusqu&#8217;\u00e0 atteindre son seuil maximum (100%).<\/p>\n<\/div>\n<\/div>\n\n<h3 class=\"wp-block-heading\"><strong>UN PLAISIR VISUEL : \u00c9CRAN DE CONTR\u00d4LE TACTILE DE 10,1 POUCES<\/strong><\/h3>\n\n<figure class=\"wp-block-image size-large\"><img loading=\"lazy\" decoding=\"async\" width=\"1200\" height=\"782\" src=\"https:\/\/gpdstore.net\/wp-content\/uploads\/2024\/05\/7044066-1-1200x782.png\" alt=\"GPD win max avec PC\" class=\"wp-image-1648\" srcset=\"https:\/\/gpdstore.net\/wp-content\/uploads\/2024\/05\/7044066-1-1200x782.png 1200w, https:\/\/gpdstore.net\/wp-content\/uploads\/2024\/05\/7044066-1-150x98.png 150w, https:\/\/gpdstore.net\/wp-content\/uploads\/2024\/05\/7044066-1-600x391.png 600w, https:\/\/gpdstore.net\/wp-content\/uploads\/2024\/05\/7044066-1-768x501.png 768w, https:\/\/gpdstore.net\/wp-content\/uploads\/2024\/05\/7044066-1-990x645.png 990w, https:\/\/gpdstore.net\/wp-content\/uploads\/2024\/05\/7044066-1-441x287.png 441w, https:\/\/gpdstore.net\/wp-content\/uploads\/2024\/05\/7044066-1.png 1442w\" sizes=\"(max-width: 1200px) 100vw, 1200px\" \/><\/figure>\n\n<p>Pr\u00e9parez-vous \u00e0 \u00eatre \u00e9merveill\u00e9 par l&#8217;\u00e9cran tactile 10,1&#8243; 10-point Touch Control du GPD WIN MAX 2 2023. Avec un format 16:10 et une r\u00e9solution de 1920&#215;1200, cet \u00e9cran vibrant offre des images \u00e9poustouflantes. Prenant en charge des r\u00e9solutions allant jusqu&#8217;\u00e0 2560&#215;1600 et une densit\u00e9 de pixels de 299 <a href=\"https:\/\/www.displayninja.com\/what-is-pixel-density\/\">PPI<\/a>, chaque d\u00e9tail est net et clair pour une exp\u00e9rience de jeu immersive.  <\/p>\n\n<h2 class=\"wp-block-heading\"><strong><strong>Zen 4 Performance: The Emulation King<\/strong><\/strong><\/h2>\n\n<p>The 7840U Phoenix architecture remains a fan favorite in 2025 for its incredible efficiency.<\/p>\n\n<p>Native OcuLink: Skip the USB4 bottlenecks. Connect directly to the GPD G1 eGPU for a 4K desktop experience.<\/p>\n\n<p>Pro-Grade Emulation: Native AVX-512 support allows for superior PS3 (RPCS3) and Xbox 360 (Xenia) performance compared to many newer, more expensive handhelds.<\/p>\n\n<p>Software Boosted: Fully compatible with AMD AFMF 2 and FSR 3.1, allowing you to play AAA titles at smooth frame rates on the 10.1&#8243; screen.<\/p>\n\n<h2 class=\"wp-block-heading\"><strong>DES GRAPHISMES QUI \u00c9TONNENT : GPU AMD RADEON 780M<\/strong><\/h2>\n\n<p>Soyez \u00e9poustoufl\u00e9 par les visuels \u00e9poustouflants du GPD WIN MAX 2 2023, gr\u00e2ce \u00e0 son <a href=\"https:\/\/www.notebookcheck.net\/AMD-Radeon-780M-GPU-Benchmarks-and-Specs.680539.0.html\" target=\"_blank\" rel=\"noreferrer noopener nofollow\">GPU AMD Radeon 780M<\/a>. Cette puissante carte graphique offre des fr\u00e9quences d&#8217;images fluides et des graphismes \u00e0 couper le souffle pour une exp\u00e9rience de jeu visuellement \u00e9poustouflante.<\/p>\n\n<h2 class=\"wp-block-heading\"><strong>M\u00c9MOIRE IN\u00c9GAL\u00c9E : JUSQU&#8217;\u00c0 64 GIGAOCTETS DE M\u00c9MOIRE VIVE LPDDR5<\/strong><\/h2>\n\n<p>Le GPD WIN MAX 2 2023 est \u00e9quip\u00e9 d&#8217;une m\u00e9moire vive <a href=\"https:\/\/en.wikipedia.org\/wiki\/LPDDR\">LPDDR5<\/a> de 6400 MT\/s, garantissant des temps de chargement rapides, un multit\u00e2che transparent et un gameplay fluide dans les sc\u00e9narios exigeants.<\/p>\n\n<h2 class=\"wp-block-heading\"><strong>CAPACIT\u00c9 DE STOCKAGE IMPORTANTE : M.2 NVME 2280 SSD 4TB <\/strong><\/h2>\n\n<p>Ne manquez plus d&#8217;espace de stockage avec le spacieux SSD M.2 <a href=\"https:\/\/en.wikipedia.org\/wiki\/NVM_Express#:~:text=NVM%20Express%20(NVMe)%20or%20Non,via%20the%20PCI%20Express%20bus.\">NVME<\/a> 2280 dot\u00e9 d&#8217;une capacit\u00e9 impressionnante de 4 To. Dites adieu \u00e0 la suppression de jeux pour gagner de la place ; avec GPD WIN MAX 2 2023, les possibilit\u00e9s sont infinies.<\/p>\n\n<h2 class=\"wp-block-heading\"><strong>RESTEZ CONNECT\u00c9 : WI-FI 6 ET BLUETOOTH 5.2<\/strong><\/h2>\n\n<p>La connectivit\u00e9 est essentielle avec le <a href=\"https:\/\/www.theverge.com\/2019\/2\/21\/18232026\/wi-fi-6-speed-explained-router-wifi-how-does-work\">WiFi 6<\/a> pour des connexions Internet stables et rapides comme l&#8217;\u00e9clair, garantissant des exp\u00e9riences de jeu en ligne fluides. <a href=\"https:\/\/www.bluetooth.com\/bluetooth-resources\/whats-new-in-core-spec-version-5-2\/\">Bluetooth 5.2<\/a> vous permet de connecter des p\u00e9riph\u00e9riques sans fil pour une exp\u00e9rience de jeu vraiment immersive.<\/p>\n\n<h2 class=\"wp-block-heading\"><strong>CONNECTIVIT\u00c9 TRANSPARENTE : PORTS POLYVALENTS<\/strong><\/h2>\n\n<p>Le GPD WIN MAX 2 2023 dispose d&#8217;une gamme de ports pour tous les besoins en mati\u00e8re de jeu et de p\u00e9riph\u00e9riques. Avec 1x USB 4, 1x USB 3.2 Gen 2 Type-C, 2x USB 3.2 Gen 2 Type-A et un port <a href=\"https:\/\/blog.fosketts.net\/2017\/06\/22\/what-is-oculink\/\" target=\"_blank\" rel=\"noreferrer noopener nofollow\">OCuLink<\/a>(SFF-8612), connectez facilement des p\u00e9riph\u00e9riques externes. <\/p>\n\n<h2 class=\"wp-block-heading\"><strong>DES CARACT\u00c9RISTIQUES AM\u00c9LIOR\u00c9ES POUR UNE COMMODIT\u00c9 IN\u00c9GAL\u00c9E<\/strong><\/h2>\n\n<p>Le GPD WIN MAX 2 2023 offre une exp\u00e9rience de jeu transparente avec un capteur d&#8217;empreintes digitales pour un d\u00e9verrouillage rapide et s\u00e9curis\u00e9 de l&#8217;appareil. Un pav\u00e9 tactile de pr\u00e9cision Microsoft (PTP) assure un contr\u00f4le fluide et pr\u00e9cis du curseur, et le clavier r\u00e9tro\u00e9clair\u00e9 permet de jouer dans des environnements peu \u00e9clair\u00e9s. <\/p>\n\n<h2 class=\"wp-block-heading\"><strong>UNE PUISSANCE QUI DURE : UNE DUR\u00c9E DE VIE PROLONG\u00c9E DE LA BATTERIE<\/strong><\/h2>\n\n<p>La batterie Li-polym\u00e8re 67Wh du GPD WIN MAX 2 2023 offre jusqu&#8217;\u00e0 3 heures d&#8217;utilisation intensive, 6 \u00e0 8 heures d&#8217;utilisation mod\u00e9r\u00e9e et un impressionnant 14 heures d&#8217;utilisation l\u00e9g\u00e8re, garantissant une source d&#8217;alimentation fiable et durable pour les joueurs.<\/p>\n\n<h2 class=\"wp-block-heading\"><strong>CONCEPTION COMPACTE ET L\u00c9G\u00c8RE<\/strong><\/h2>\n\n<p>Le GPD WIN MAX 2 2023 offre des performances puissantes dans un design compact et l\u00e9ger, mesurant seulement 8,9 x 6,2 x 0,9 pouces et pesant seulement 1005g. Fabriqu\u00e9 avec des mat\u00e9riaux de haute qualit\u00e9, il garantit la durabilit\u00e9 et la qualit\u00e9 de construction pour les jeux en d\u00e9placement. <\/p>\n\n<h2 class=\"wp-block-heading\"><strong>WINDOWS 11 HOME PR\u00c9-INSTALL\u00c9<\/strong><\/h2>\n\n<p>GPD WIN MAX 2 2023 est livr\u00e9 pr\u00e9install\u00e9 avec <a href=\"https:\/\/www.microsoft.com\/en-gb\/windows\/windows-11\" target=\"_blank\" rel=\"noreferrer noopener nofollow\">Windows 11 Home<\/a>, offrant une exp\u00e9rience de jeu optimis\u00e9e gr\u00e2ce \u00e0 son interface intuitive et ses fonctionnalit\u00e9s de jeu am\u00e9lior\u00e9es.<\/p>\n\n<h2 class=\"wp-block-heading\"><strong>CONCLUSION<\/strong><\/h2>\n\n<p>Le GPD WIN MAX 2 2023 est l&#8217;ultime PC de jeu portable, offrant des performances de jeu haut de gamme dans un format compact. Avec le CPU AMD Ryzen 7 7840U ou Ryzen 5 7640U, le GPU AMD Radeon 780M et jusqu&#8217;\u00e0 64 Go de RAM, il garantit des performances exceptionnelles pour les jeux exigeants. L&#8217;\u00e9cran tactile de 10,1 pouces, les options de connectivit\u00e9 polyvalentes et les fonctions pratiques font du jeu en d\u00e9placement un jeu d&#8217;enfant. Avec une autonomie de batterie longue dur\u00e9e et un design compact, profitez des jeux sans limites.   <\/p>\n\n<h3 class=\"wp-block-heading\"><strong>Les avantages du GPD WIN MAX 2 2023 :<\/strong><\/h3>\n\n<ol class=\"wp-block-list\">\n<li>Powerful Performance: AMD Ryzen 7 7840U CPU and Ryzen 5 7640U with AMD Radeon 780M GPU deliver impressive performance for demanding games.<\/li>\n\n\n\n<li>Compact and Portable: The GPD WIN MAX 2 2023 offers unparalleled portability, making it easy to game on the go.<\/li>\n\n\n\n<li>Stunning Display: The 10.1&#8243; touch control display provides vibrant visuals and a high-resolution experience.<\/li>\n\n\n\n<li>Versatile Connectivity: The GPD WIN MAX 2 2023 offers a range of ports and wireless connectivity options, ensuring seamless integration with peripherals and online gaming experiences.<\/li>\n\n\n\n<li>Ample Storage: The spacious 4TB SSD eliminates the need to constantly delete and reinstall games.<\/li>\n<\/ol>\n\n<h3 class=\"wp-block-heading\">Order Your GPD WIN MAX 2 \u2013 In Stock &amp; Ready to Ship<\/h3>\n\n<p>Get the industry\u2019s most versatile work-and-play hybrid with a full 12-month official warranty.<\/p>\n\n<ul class=\"wp-block-list\">\n<li>Status: In Stock (Ships within 24 hours).<\/li>\n\n\n\n<li>Shipping: Insured worldwide express delivery.<\/li>\n\n\n\n<li>Support: Authorized GPD technical assistance included.<\/li>\n<\/ul>\n\n<p>Lisez notre \u00e9valuation compl\u00e8te de GPD WIN MAX 2 2023 <a href=\"https:\/\/droix.net\/blogs\/gpd-win-max-2-2023-review\/\">ici<\/a> pour des fonctions d\u00e9taill\u00e9es, des benchmarks, du gameplay et des performances d&#8217;\u00e9mulation.<\/p>\n","protected":false},"excerpt":{"rendered":"<ul>\n<li>CPU : AMD Ryzen 5 \/ 7<strong> 7640U \/ 7840U <\/strong> <\/li>\n<li>GPU : AMD Radeon<strong> 760M \/ 780M<\/strong><\/li>\n<li>RAM : jusqu&#8217;\u00e0<strong> 64 Go LPDDR5X @ 6400 MT\/s<\/strong><\/li>\n<li>STOCKAGE : jusqu&#8217;\u00e0<strong> 4 To<\/strong> <strong>Gen 3<\/strong> PCI-E NVMe SSD<\/li>\n<li>CONNECTIVIT\u00c9 : Prise en charge du Wi-Fi<strong> 6<\/strong> et du Bluetooth <strong>5.2<\/strong> <\/li>\n<\/ul>\n[cg_accordion title=\"INFO PAIEMENT\"]<\/p>\n<p>Nous utilisons les derni\u00e8res technologies en mati\u00e8re de traitement des paiements, ce qui vous permet de r\u00e9gler vos achats par carte de d\u00e9bit\/cr\u00e9dit ou par PayPal pour une exp\u00e9rience rapide et s\u00e9curis\u00e9e.[\/cg_accordion]\n[cg_accordion title=\"GARANTIE\"]<\/p>\n<p>2 ans de garantie de <a href=\"https:\/\/droix.net\/\" target=\"_blank\" rel=\"nofollow noopener\">DROIX Global<\/a> pour votre tranquillit\u00e9 d&#8217;esprit[\/cg_accordion]\n[cg_accordion title=\"ASSURANCE QUALIT\u00c9 ET ESSAIS AVANT EXP\u00c9DITION\"]<\/p>\n<p>Garantir la satisfaction du client au plus haut niveau : Chaque appareil est soumis \u00e0 des tests rigoureux et \u00e0 un contr\u00f4le de qualit\u00e9 en plusieurs points avant d&#8217;\u00eatre exp\u00e9di\u00e9. Notre \u00e9quipe d\u00e9di\u00e9e v\u00e9rifie les performances, la fonctionnalit\u00e9 et l&#8217;int\u00e9grit\u00e9 des composants pour garantir que votre appareil GPD est en parfait \u00e9tat de fonctionnement \u00e0 l&#8217;arriv\u00e9e, vous procurant ainsi confiance et tranquillit\u00e9 d&#8217;esprit. [\/cg_accordion]\n[cg_accordion title=\"PRIX, TAXES ET FRAIS DE PORT\"]<\/p>\n<p><strong><u>Remarque :<\/u><\/strong><\/p>\n<ul>\n<li>Clients des \u00c9tats-Unis : Le prix affich\u00e9 n&#8217;inclut pas les taxes ni les droits de douane. La responsabilit\u00e9 du d\u00e9douanement et du paiement des taxes\/droits associ\u00e9s incombe au client. <\/li>\n<li>Clients de l&#8217;UE : Le prix affich\u00e9 inclut la TAXE applicable, qui peut s&#8217;\u00e9lever jusqu&#8217;\u00e0 25 % selon votre pays.<\/li>\n<li>Clients du Canada : Le prix affich\u00e9 comprend les taxes applicables, qui peuvent inclure la TPS de 5 % et des taxes de vente provinciales (TVP), la taxe de vente harmonis\u00e9e (TVH) ou la taxe de vente du Qu\u00e9bec (TVQ) suppl\u00e9mentaires, selon votre province.<\/li>\n<\/ul>\n<p><strong>Pour les clients de l&#8217;UE SEULEMENT :<\/strong> Express DDP (Delivered Duty Paid). Cela signifie que : <\/p>\n<ul>\n<li>Tous les droits de douane et taxes sont inclus dans le prix affich\u00e9 sur la page du produit.<\/li>\n<li>Vous n&#8217;aurez pas \u00e0 payer de frais suppl\u00e9mentaires \u00e0 la livraison.<\/li>\n<li>Dans les rares cas de probl\u00e8mes douaniers, notre \u00e9quipe s&#8217;occupera de la proc\u00e9dure de d\u00e9douanement en votre nom afin d&#8217;assurer une livraison sans probl\u00e8me.<\/li>\n<p>Informations importantes concernant les retours :<\/p>\n<li>Si vous d\u00e9cidez de retourner votre commande ou de demander un remboursement, sachez que les taxes et les droits pay\u00e9s en votre nom dans le cadre du DDP ne peuvent pas \u00eatre rembours\u00e9s.<\/li>\n<p>Veuillez vous r\u00e9f\u00e9rer \u00e0 nos <a href=\"https:\/\/droix.net\/terms-and-conditions\/\" target=\"_blank\" rel=\"nofollow noopener\">conditions g\u00e9n\u00e9rales<\/a> pour des informations d\u00e9taill\u00e9es.\n<\/ul>\n<p>[\/cg_accordion]\n[cg_accordion title=\"SOUTIEN \u00c0 LA CLIENT\u00c8LE\"]<\/p>\n<p>Vous avez une question ? Il suffit d&#8217;un petit texto pour que votre probl\u00e8me soit r\u00e9solu ! <\/p>\n<p>Veuillez vous r\u00e9f\u00e9rer \u00e0 nos <a href=\"https:\/\/gpdstore.net\/fr\/terms-of-service\/\" target=\"_blank\" rel=\"nofollow noopener\">conditions g\u00e9n\u00e9rales<\/a> pour des informations d\u00e9taill\u00e9es.\n<\/ul>\n<p>[\/cg_accordion]\n[cg_accordion title=\"CE QUI EST INCLUS\"]<\/p>\n<ul>\n<li>1x GPD WIN MAX 2 2023<\/li>\n<li>1x Adaptateur d&#8217;alimentation<\/li>\n<li>1x C\u00e2ble USB Type-C<\/li>\n<li>1x Manuel de l&#8217;utilisateur<\/li>\n<\/ul>\n<p>[\/cg_accordion]\n","protected":false},"featured_media":15258,"template":"","meta":{"_acf_changed":false},"product_brand":[],"product_cat":[895],"product_tag":[15869,2316],"woo-feed-brand":[899],"class_list":{"0":"post-8202","1":"product","2":"type-product","3":"status-publish","4":"has-post-thumbnail","6":"product_cat-gpd-pc-portable-pour-les-jeux","7":"product_tag-15xmsale-fr","8":"product_tag-gpd-win-max-2-fr","9":"product_shipping_class-premium","10":"pa_bluetooth-5-2-fr","11":"pa_brand-gpd","12":"pa_graphics-gpu-model-radeon-760m-fr","13":"pa_graphics-gpu-model-graphique-intel-iris-xe","14":"pa_i-o-video-1x-hdmi-2-1-fr","15":"pa_i-o-video-1x-oculink-fr","16":"pa_i-o-video-via-1x-usb-4-0-type-c-40gb-s-fr","17":"pa_memory-ram-capacity-16gb-fr","18":"pa_memory-ram-capacity-32gb-fr","19":"pa_memory-ram-capacity-64gb-fr","20":"pa_memory-ram-technology-lpddr5x-fr","21":"pa_processor-cpu-model-amd-ryzen-5-7640u","22":"pa_processor-cpu-model-amd-ryzen-7-7840u","23":"pa_storage-capacity-1tb-fr","24":"pa_storage-capacity-2tb-fr","25":"pa_storage-capacity-4tb-fr","26":"pa_storage-technology-pcie-gen-3-fr","27":"pa_wi-fi-wi-fi-6-fr","28":"woo-feed-brand-gpd-fr","30":"first","31":"outofstock","32":"sale","33":"taxable","34":"shipping-taxable","35":"purchasable","36":"product-type-variable","37":"has-default-attributes"},"acf":[],"aioseo_notices":[],"_links":{"self":[{"href":"https:\/\/gpdstore.net\/fr\/wp-json\/wp\/v2\/product\/8202","targetHints":{"allow":["GET"]}}],"collection":[{"href":"https:\/\/gpdstore.net\/fr\/wp-json\/wp\/v2\/product"}],"about":[{"href":"https:\/\/gpdstore.net\/fr\/wp-json\/wp\/v2\/types\/product"}],"wp:featuredmedia":[{"embeddable":true,"href":"https:\/\/gpdstore.net\/fr\/wp-json\/wp\/v2\/media\/15258"}],"wp:attachment":[{"href":"https:\/\/gpdstore.net\/fr\/wp-json\/wp\/v2\/media?parent=8202"}],"wp:term":[{"taxonomy":"product_brand","embeddable":true,"href":"https:\/\/gpdstore.net\/fr\/wp-json\/wp\/v2\/product_brand?post=8202"},{"taxonomy":"product_cat","embeddable":true,"href":"https:\/\/gpdstore.net\/fr\/wp-json\/wp\/v2\/product_cat?post=8202"},{"taxonomy":"product_tag","embeddable":true,"href":"https:\/\/gpdstore.net\/fr\/wp-json\/wp\/v2\/product_tag?post=8202"},{"taxonomy":"woo-feed-brand","embeddable":true,"href":"https:\/\/gpdstore.net\/fr\/wp-json\/wp\/v2\/woo-feed-brand?post=8202"}],"curies":[{"name":"wp","href":"https:\/\/api.w.org\/{rel}","templated":true}]}}