{"id":808695,"date":"2024-11-21T09:56:41","date_gmt":"2024-11-21T09:56:41","guid":{"rendered":"https:\/\/gpdstore.net\/?post_type=product&#038;p=808695"},"modified":"2026-03-29T01:00:08","modified_gmt":"2026-03-29T01:00:08","slug":"gpd-duo-protective-case","status":"publish","type":"product","link":"https:\/\/gpdstore.net\/fr\/product\/gpd-duo-protective-case\/","title":{"rendered":"\u00c9tui de protection GPD DUO"},"content":{"rendered":"\n<p>Prot\u00e9gez votre GPD DUO avec style gr\u00e2ce \u00e0 l&#8217;<strong>\u00e9tui de protection officiel GPD DUO <\/strong>. Con\u00e7u exclusivement pour le GPD DUO, cet \u00e9tui \u00e9l\u00e9gant et durable offre une combinaison parfaite de fonctionnalit\u00e9 et de protection. Que vous soyez en d\u00e9placement, en voyage ou simplement en train de ranger votre appareil, cet \u00e9tui garantit que votre GPD DUO reste en s\u00e9curit\u00e9.  <\/p>\n\n<p>L&#8217;\u00e9tui est dot\u00e9 d&#8217;un <strong>ext\u00e9rieur en tissu robuste<\/strong> qui prot\u00e8ge votre appareil des dommages ext\u00e9rieurs et d&#8217;un <strong>int\u00e9rieur doux et rembourr\u00e9<\/strong> qui le prot\u00e8ge contre les rayures et les chocs. Gr\u00e2ce \u00e0 sa conception compacte, il peut facilement accueillir votre GPD DUO tout en laissant de l&#8217;espace pour les accessoires essentiels. <\/p>\n\n<p>L&#8217;\u00e9tui est \u00e9quip\u00e9 de <strong>deux poign\u00e9es<\/strong> pour faciliter le transport et d&#8217;une <strong>bandouli\u00e8re r\u00e9glable<\/strong>, ce qui vous permet de le porter de la mani\u00e8re qui vous convient le mieux. Gr\u00e2ce \u00e0 sa l\u00e9g\u00e8ret\u00e9, elle est id\u00e9ale pour les utilisateurs nomades qui recherchent une protection fiable sans encombrement inutile. <\/p>\n\n<h3 class=\"wp-block-heading\"><strong>Caract\u00e9ristiques principales :<\/strong><\/h3>\n\n<ul class=\"wp-block-list\">\n<li>Produit officiel GPD con\u00e7u sp\u00e9cifiquement pour le GPD DUO<\/li>\n\n\n\n<li>Ext\u00e9rieur en tissu durable pour une meilleure protection<\/li>\n\n\n\n<li>Int\u00e9rieur doux et rembourr\u00e9 pour prot\u00e9ger votre appareil des rayures et des chocs.<\/li>\n\n\n\n<li>Deux poign\u00e9es et une bandouli\u00e8re r\u00e9glable pour un transport polyvalent<\/li>\n\n\n\n<li>Conception compacte et l\u00e9g\u00e8re pour une portabilit\u00e9 maximale<\/li>\n<\/ul>\n\n<p>Emportez votre GPD DUO partout en toute confiance, sachant qu&#8217;il est prot\u00e9g\u00e9 par un \u00e9tui qui allie praticit\u00e9, durabilit\u00e9 et style.<\/p>\n\n<p><\/p>\n","protected":false},"excerpt":{"rendered":"<ul>\n<li>Produit officiel <strong>GPD<\/strong> <\/li>\n<li>Con\u00e7u sp\u00e9cifiquement pour le <strong>GPD DUO<\/strong><\/li>\n<li>Ext\u00e9rieur en tissu durable pour une meilleure protection<\/li>\n<li>Int\u00e9rieur doux et rembourr\u00e9 pour \u00e9viter les rayures et les chocs<\/li>\n<li>Comprend des poign\u00e9es doubles et une bandouli\u00e8re r\u00e9glable pour des options de transport polyvalentes.<\/li>\n<\/ul>\n[cg_accordion title=\"INFO PAIEMENT\"]<\/p>\n<p>Nous utilisons les derni\u00e8res technologies en mati\u00e8re de traitement des paiements, ce qui vous permet de r\u00e9gler vos achats par carte de d\u00e9bit\/cr\u00e9dit ou par PayPal pour une exp\u00e9rience rapide et s\u00e9curis\u00e9e.[\/cg_accordion]\n[cg_accordion title=\"GARANTIE\"]<\/p>\n<p>2 ans de garantie de <a href=\"https:\/\/droix.net\/\" target=\"_blank\" rel=\"nofollow noopener\">DROIX Global<\/a> pour votre tranquillit\u00e9 d&#8217;esprit[\/cg_accordion]\n[cg_accordion title=\"ASSURANCE QUALIT\u00c9 ET ESSAIS AVANT EXP\u00c9DITION\"]<\/p>\n<p>Garantir la satisfaction du client au plus haut niveau : Chaque appareil est soumis \u00e0 des tests rigoureux et \u00e0 un contr\u00f4le de qualit\u00e9 en plusieurs points avant d&#8217;\u00eatre exp\u00e9di\u00e9. Notre \u00e9quipe d\u00e9di\u00e9e v\u00e9rifie les performances, la fonctionnalit\u00e9 et l&#8217;int\u00e9grit\u00e9 des composants pour garantir que votre appareil GPD est en parfait \u00e9tat de fonctionnement \u00e0 l&#8217;arriv\u00e9e, vous procurant ainsi confiance et tranquillit\u00e9 d&#8217;esprit. [\/cg_accordion]\n[cg_accordion title=\"PRIX, TAXES ET FRAIS DE PORT\"]<\/p>\n<p><strong><u>Remarque :<\/u><\/strong><\/p>\n<ul>\n<li>Clients des \u00c9tats-Unis : Le prix affich\u00e9 n&#8217;inclut pas les taxes ni les droits de douane. La responsabilit\u00e9 du d\u00e9douanement et du paiement des taxes\/droits associ\u00e9s incombe au client. <\/li>\n<li>Clients de l&#8217;UE : Le prix affich\u00e9 inclut la TAXE applicable, qui peut s&#8217;\u00e9lever jusqu&#8217;\u00e0 25 % selon votre pays.<\/li>\n<li>Clients du Canada : Le prix affich\u00e9 comprend les taxes applicables, qui peuvent inclure la TPS de 5 % et des taxes de vente provinciales (TVP), la taxe de vente harmonis\u00e9e (TVH) ou la taxe de vente du Qu\u00e9bec (TVQ) suppl\u00e9mentaires, selon votre province.<\/li>\n<\/ul>\n<p>Pour nos clients am\u00e9ricains : Les commandes sont exp\u00e9di\u00e9es DAP (Delivered At Place). Bien que les clients soient responsables du paiement de tous les tarifs applicables, nous nous appuyons sur notre vaste exp\u00e9rience en mati\u00e8re d&#8217;exp\u00e9dition depuis le Royaume-Uni pour vous assurer que vous payez le moins de frais possible. D&#8217;apr\u00e8s nos dossiers, ces frais ne d\u00e9passent g\u00e9n\u00e9ralement pas 10 % de la valeur de l&#8217;article.  <\/p>\n<p><strong>Pour les clients de l&#8217;UE SEULEMENT :<\/strong> Express DDP (Delivered Duty Paid). Cela signifie que : <\/p>\n<ul>\n<li>Tous les droits de douane et taxes sont inclus dans le prix affich\u00e9 sur la page du produit.<\/li>\n<li>Vous n&#8217;aurez pas \u00e0 payer de frais suppl\u00e9mentaires \u00e0 la livraison.<\/li>\n<li>Dans les rares cas de probl\u00e8mes douaniers, notre \u00e9quipe s&#8217;occupera de la proc\u00e9dure de d\u00e9douanement en votre nom afin d&#8217;assurer une livraison sans probl\u00e8me.<\/li>\n<p>Informations importantes concernant les retours :<\/p>\n<li>Si vous d\u00e9cidez de retourner votre commande ou de demander un remboursement, sachez que les taxes et les droits pay\u00e9s en votre nom dans le cadre du DDP ne peuvent pas \u00eatre rembours\u00e9s.<\/li>\n<p>Veuillez vous r\u00e9f\u00e9rer \u00e0 nos <a href=\"https:\/\/droix.net\/terms-and-conditions\/\" target=\"_blank\" rel=\"nofollow noopener\">conditions g\u00e9n\u00e9rales<\/a> pour des informations d\u00e9taill\u00e9es.\n<\/ul>\n<p>[\/cg_accordion]\n[cg_accordion title=\"SOUTIEN \u00c0 LA CLIENT\u00c8LE\"]<\/p>\n<p>Vous avez une question ? Il suffit d&#8217;un petit texto pour que votre probl\u00e8me soit r\u00e9solu ! <\/p>\n<p>Veuillez vous r\u00e9f\u00e9rer \u00e0 nos <a href=\"https:\/\/gpdstore.net\/fr\/terms-of-service\/\" target=\"_blank\" rel=\"nofollow noopener\">conditions g\u00e9n\u00e9rales<\/a> pour des informations d\u00e9taill\u00e9es.\n<\/ul>\n<p>[\/cg_accordion]\n[cg_accordion title=\"CE QUI EST INCLUS\"]<\/p>\n<ul>\n<li>1x GPD DUO Case<\/li>\n<\/ul>\n<p>[\/cg_accordion]\n","protected":false},"featured_media":818168,"template":"","meta":{"_acf_changed":false},"product_brand":[],"product_cat":[1221],"product_tag":[15845],"woo-feed-brand":[],"class_list":{"0":"post-808695","1":"product","2":"type-product","3":"status-publish","4":"has-post-thumbnail","6":"product_cat-accessoires-fr","7":"product_tag-20xmsale-fr-2","8":"product_shipping_class-low-end","9":"pa_accessory-type-etui-de-protection","10":"pa_brand-gpd","12":"first","13":"instock","14":"sale","15":"taxable","16":"shipping-taxable","17":"purchasable","18":"product-type-simple"},"acf":[],"aioseo_notices":[],"_links":{"self":[{"href":"https:\/\/gpdstore.net\/fr\/wp-json\/wp\/v2\/product\/808695","targetHints":{"allow":["GET"]}}],"collection":[{"href":"https:\/\/gpdstore.net\/fr\/wp-json\/wp\/v2\/product"}],"about":[{"href":"https:\/\/gpdstore.net\/fr\/wp-json\/wp\/v2\/types\/product"}],"wp:featuredmedia":[{"embeddable":true,"href":"https:\/\/gpdstore.net\/fr\/wp-json\/wp\/v2\/media\/818168"}],"wp:attachment":[{"href":"https:\/\/gpdstore.net\/fr\/wp-json\/wp\/v2\/media?parent=808695"}],"wp:term":[{"taxonomy":"product_brand","embeddable":true,"href":"https:\/\/gpdstore.net\/fr\/wp-json\/wp\/v2\/product_brand?post=808695"},{"taxonomy":"product_cat","embeddable":true,"href":"https:\/\/gpdstore.net\/fr\/wp-json\/wp\/v2\/product_cat?post=808695"},{"taxonomy":"product_tag","embeddable":true,"href":"https:\/\/gpdstore.net\/fr\/wp-json\/wp\/v2\/product_tag?post=808695"},{"taxonomy":"woo-feed-brand","embeddable":true,"href":"https:\/\/gpdstore.net\/fr\/wp-json\/wp\/v2\/woo-feed-brand?post=808695"}],"curies":[{"name":"wp","href":"https:\/\/api.w.org\/{rel}","templated":true}]}}