{"id":8034,"date":"2023-11-17T14:17:25","date_gmt":"2023-11-17T14:17:25","guid":{"rendered":"https:\/\/gpdstore.net\/non%20class\u00e9\/gpd-win-4-2023-pc-portable-de-jeu\/"},"modified":"2026-01-09T00:12:01","modified_gmt":"2026-01-09T00:12:01","slug":"gpd-win-4-2023","status":"publish","type":"product","link":"https:\/\/gpdstore.net\/fr\/product\/gpd-win-4-2023\/","title":{"rendered":"GPD WIN 4 2023 PC portable de jeu"},"content":{"rendered":"\n<figure class=\"wp-block-video\"><video controls=\"\" muted=\"\" poster=\"https:\/\/gpdstore.net\/wp-content\/uploads\/2024\/03\/gpd-win4-indiegogo-time-is-here-v0-te3iiclycf5a1.webp\" src=\"https:\/\/gpdstore.net\/wp-content\/uploads\/\"><\/video><\/figure>\n\n<div class=\"wp-block-columns is-layout-flex wp-container-core-columns-is-layout-28f84493 wp-block-columns-is-layout-flex\">\n<div class=\"wp-block-column is-layout-flow wp-block-column-is-layout-flow\" style=\"flex-basis:33.33%\">\n<figure class=\"wp-block-image size-full\"><img fetchpriority=\"high\" decoding=\"async\" width=\"1000\" height=\"1000\" src=\"https:\/\/gpdstore.net\/wp-content\/uploads\/2024\/05\/GPD-WIN-4-2024-WHITE-DONE-LISTING-IMAGE-5.jpg\" alt=\"gpd win 4 en blanc\" class=\"wp-image-1555\" srcset=\"https:\/\/gpdstore.net\/wp-content\/uploads\/2024\/05\/GPD-WIN-4-2024-WHITE-DONE-LISTING-IMAGE-5.jpg 1000w, https:\/\/gpdstore.net\/wp-content\/uploads\/2024\/05\/GPD-WIN-4-2024-WHITE-DONE-LISTING-IMAGE-5-600x600.jpg 600w, https:\/\/gpdstore.net\/wp-content\/uploads\/2024\/05\/GPD-WIN-4-2024-WHITE-DONE-LISTING-IMAGE-5-150x150.jpg 150w, https:\/\/gpdstore.net\/wp-content\/uploads\/2024\/05\/GPD-WIN-4-2024-WHITE-DONE-LISTING-IMAGE-5-768x768.jpg 768w, https:\/\/gpdstore.net\/wp-content\/uploads\/2024\/05\/GPD-WIN-4-2024-WHITE-DONE-LISTING-IMAGE-5-990x990.jpg 990w, https:\/\/gpdstore.net\/wp-content\/uploads\/2024\/05\/GPD-WIN-4-2024-WHITE-DONE-LISTING-IMAGE-5-441x441.jpg 441w, https:\/\/gpdstore.net\/wp-content\/uploads\/2024\/05\/GPD-WIN-4-2024-WHITE-DONE-LISTING-IMAGE-5-100x100.jpg 100w\" sizes=\"(max-width: 1000px) 100vw, 1000px\" \/><\/figure>\n<\/div>\n\n\n\n<div class=\"wp-block-column is-layout-flow wp-block-column-is-layout-flow\" style=\"flex-basis:66.66%\">\n<h2 class=\"wp-block-heading\"><strong>Bienvenue au GPD WIN 4 2023 : Votre exp\u00e9rience de jeu ultime en d\u00e9placement<\/strong><\/h2>\n\n\n\n<p>Dites adieu aux limites de votre installation de jeu \u00e0 domicile et bonjour \u00e0 la libert\u00e9 de jouer n&#8217;importe o\u00f9, n&#8217;importe quand ! Voici le <strong>GPD WIN 4 2023<\/strong>, le PC de jeu portable ultime qui vous permet de lib\u00e9rer vos prouesses de jeu en d\u00e9placement. Cet appareil extraordinaire allie de mani\u00e8re transparente la puissance d&#8217;un PC de jeu haute performance \u00e0 la commodit\u00e9 d&#8217;un appareil portable, ce qui vous permet de vous plonger dans vos jeux pr\u00e9f\u00e9r\u00e9s o\u00f9 que vous alliez.  <br\/><\/p>\n<\/div>\n<\/div>\n\n<h2 class=\"wp-block-heading has-text-align-center\">Construit pour la victoire : Contr\u00f4les de pr\u00e9cision, stockage massif et refroidissement avanc\u00e9<\/h2>\n\n<div class=\"wp-block-columns is-layout-flex wp-container-core-columns-is-layout-28f84493 wp-block-columns-is-layout-flex\">\n<div class=\"wp-block-column is-layout-flow wp-block-column-is-layout-flow\">\n<figure class=\"wp-block-image size-full\"><img decoding=\"async\" src=\"https:\/\/gpdstore.net\/wp-content\/uploads\/\" alt=\"stick analogique pour gpd win 4\" class=\"wp-image-1557\"\/><\/figure>\n\n\n\n<h3 class=\"wp-block-heading\"><strong><strong><strong>Contr\u00f4le ultime :<\/strong> Ma\u00eetriser le gameplay avec les joysticks ALPS 3D et les mouvements \u00e0 6 axes.<\/strong><\/strong><\/h3>\n\n\n\n<p>Le GPD WIN 4 2023 offre une exp\u00e9rience de jeu sup\u00e9rieure gr\u00e2ce \u00e0 ses joysticks ALPS 3D et \u00e0 ses boutons de jeu. Ces commandes de haute qualit\u00e9 permettent une saisie pr\u00e9cise et un retour d&#8217;information optimal, garantissant un jeu pr\u00e9cis et immersif. Gr\u00e2ce au gyroscope \u00e0 6 axes, vous b\u00e9n\u00e9ficierez de commandes de mouvement am\u00e9lior\u00e9es, permettant des mouvements intuitifs dans les jeux compatibles. Les deux moteurs de vibration am\u00e9liorent encore votre exp\u00e9rience de jeu, en fournissant un retour tactile qui ajoute un nouveau niveau d&#8217;immersion \u00e0 vos aventures.   <\/p>\n<\/div>\n\n\n\n<div class=\"wp-block-column is-layout-flow wp-block-column-is-layout-flow\">\n<figure class=\"wp-block-image size-full\"><img decoding=\"async\" width=\"300\" height=\"300\" src=\"https:\/\/gpdstore.net\/wp-content\/uploads\/2024\/05\/078c9d42-e74f-4fb3-893b-5f22ffd9d6ed.__CR1300600600_PT0_SX300_V1___.jpg\" alt=\"ssd dans gpd win 4\" class=\"wp-image-1558\" srcset=\"https:\/\/gpdstore.net\/wp-content\/uploads\/2024\/05\/078c9d42-e74f-4fb3-893b-5f22ffd9d6ed.__CR1300600600_PT0_SX300_V1___.jpg 300w, https:\/\/gpdstore.net\/wp-content\/uploads\/2024\/05\/078c9d42-e74f-4fb3-893b-5f22ffd9d6ed.__CR1300600600_PT0_SX300_V1___-150x150.jpg 150w, https:\/\/gpdstore.net\/wp-content\/uploads\/2024\/05\/078c9d42-e74f-4fb3-893b-5f22ffd9d6ed.__CR1300600600_PT0_SX300_V1___-100x100.jpg 100w\" sizes=\"(max-width: 300px) 100vw, 300px\" \/><\/figure>\n\n\n\n<h3 class=\"wp-block-heading\"><strong><strong><strong>Z\u00e9ro d\u00e9lai :<\/strong> \u00c9liminez les temps de chargement avec jusqu&#8217;\u00e0 4 To de stockage SSD PCIe 4.0.<\/strong><\/strong><\/h3>\n\n\n\n<p>Le GPD WIN 4 2023 offre de nombreuses options de stockage pour r\u00e9pondre \u00e0 votre biblioth\u00e8que de jeux et \u00e0 vos besoins multim\u00e9dias. Avec une carte PCIe 4.0 M.2 2280 SSD, vous avez le choix entre un espace de stockage de 512 Go, 2 To ou 4 To. Ce SSD ultra-rapide garantit un acc\u00e8s rapide aux donn\u00e9es et des temps de chargement r\u00e9duits, ce qui vous permet de vous lancer sans attendre dans vos jeux pr\u00e9f\u00e9r\u00e9s. Avec une telle capacit\u00e9 de stockage, vous n&#8217;aurez jamais \u00e0 craindre de manquer d&#8217;espace pour votre collection croissante de jeux, de films ou d&#8217;autres fichiers multim\u00e9dias.    <\/p>\n<\/div>\n\n\n\n<div class=\"wp-block-column is-layout-flow wp-block-column-is-layout-flow\">\n<figure class=\"wp-block-image size-full\"><img decoding=\"async\" width=\"300\" height=\"300\" src=\"https:\/\/gpdstore.net\/wp-content\/uploads\/2024\/05\/a8eb6f30-f8ed-4e5f-8fa9-fd52740523bc.__CR1530747747_PT0_SX300_V1___.jpg\" alt=\"syst&#xE8;me de refroidissement pour gpd win mini\" class=\"wp-image-1559\" srcset=\"https:\/\/gpdstore.net\/wp-content\/uploads\/2024\/05\/a8eb6f30-f8ed-4e5f-8fa9-fd52740523bc.__CR1530747747_PT0_SX300_V1___.jpg 300w, https:\/\/gpdstore.net\/wp-content\/uploads\/2024\/05\/a8eb6f30-f8ed-4e5f-8fa9-fd52740523bc.__CR1530747747_PT0_SX300_V1___-150x150.jpg 150w, https:\/\/gpdstore.net\/wp-content\/uploads\/2024\/05\/a8eb6f30-f8ed-4e5f-8fa9-fd52740523bc.__CR1530747747_PT0_SX300_V1___-100x100.jpg 100w\" sizes=\"(max-width: 300px) 100vw, 300px\" \/><\/figure>\n\n\n\n<h3 class=\"wp-block-heading\"><strong><strong><strong>Des performances de pointe :<\/strong> Pr\u00e9venir le ralentissement gr\u00e2ce au syst\u00e8me de refroidissement \u00e0 double caloduc, 50 % plus efficace.<\/strong><\/strong><\/h3>\n\n\n\n<p>Le GPD WIN 4 2023 int\u00e8gre un syst\u00e8me de refroidissement sophistiqu\u00e9 pour garantir des performances optimales, m\u00eame lors de sessions de jeu prolong\u00e9es. Gr\u00e2ce \u00e0 ses doubles caloducs \u00e9pais, ce PC de jeu portable augmente l&#8217;efficacit\u00e9 thermique de 50 % par rapport aux mod\u00e8les pr\u00e9c\u00e9dents. L&#8217;am\u00e9lioration de la dissipation de la chaleur permet \u00e0 votre appareil de rester au frais en cas de charge importante, ce qui \u00e9vite les ralentissements de performances et garantit un jeu fluide et ininterrompu.  <\/p>\n<\/div>\n<\/div>\n\n<h2 class=\"wp-block-heading\">GPD WIN 4 2024 : Une perc\u00e9e dans le domaine des PC de jeu portables<\/h2>\n\n<figure class=\"wp-block-image size-large\"><img decoding=\"async\" src=\"https:\/\/gpdstore.net\/wp-content\/uploads\/\" alt=\"gpd win 4 en blanc\" class=\"wp-image-1626\"\/><\/figure>\n\n<h2 class=\"wp-block-heading\"><strong>Des performances in\u00e9gal\u00e9es : Avec les processeurs AMD Ryzen 7 et 5<\/strong><\/h2>\n\n<p>Au c\u0153ur du <strong>GPD WIN 4 2023<\/strong> se trouve le choix entre le processeur <a href=\"https:\/\/www.amd.com\/en\/products\/apu\/amd-ryzen-7-7840u\" target=\"_blank\" rel=\"noreferrer noopener\">AMD Ryzen 7 7840U<\/a>, dot\u00e9 de 8 c\u0153urs et 16 threads fonctionnant jusqu&#8217;\u00e0 5,1 GHz, et le processeur <a href=\"https:\/\/www.amd.com\/en\/products\/apu\/amd-ryzen-5-7640u\" target=\"_blank\" rel=\"noreferrer noopener\">AMD Ryzen 5 7640U<\/a> avec 6 c\u0153urs et 12 threads, atteignant des vitesses allant jusqu&#8217;\u00e0 4,9 GHz. Associ\u00e9 aux GPU AMD Radeon, le <strong>GPD WIN 4 2023<\/strong> garantit un gameplay fluide, m\u00eame dans les titres les plus exigeants. Sa puissante carte graphique offre des visuels \u00e9poustouflants et des fr\u00e9quences d&#8217;images fluides, pour une exp\u00e9rience de jeu immersive, que vous exploriez de vastes mondes ouverts ou que vous participiez \u00e0 d&#8217;intenses batailles multijoueurs.<\/p>\n\n<h2 class=\"wp-block-heading\"><strong>Lib\u00e9rez votre cr\u00e9ativit\u00e9 : Jusqu&#8217;\u00e0 64 Go de RAM LPDDR5X<\/strong><\/h2>\n\n<p>Pour compl\u00e9ter ces incroyables performances, le <strong>GPD WIN 4 2023<\/strong> est \u00e9quip\u00e9 de 32 ou 64 Go de RAM LPDDR5X sur le mod\u00e8le 7840U et de 16 Go de RAM <a href=\"https:\/\/en.wikipedia.org\/wiki\/LPDDR\" target=\"_blank\" rel=\"noreferrer noopener\">LPDDR5X<\/a> sur le mod\u00e8le 7640U. Avec une vitesse de m\u00e9moire fulgurante de 6400 MT\/s, vous b\u00e9n\u00e9ficiez de temps de chargement rapides et d&#8217;un fonctionnement multit\u00e2che fluide. Dites adieu au d\u00e9calage et profitez d&#8217;une jouabilit\u00e9 ininterrompue pendant que vous remplissez des qu\u00eates, explorez de nouveaux royaumes ou cr\u00e9ez vos chefs-d&#8217;\u0153uvre virtuels.<\/p>\n\n<h2 class=\"wp-block-heading\"><strong>Des images captivantes : \u00c9cran tactile de 6 pouces<\/strong><\/h2>\n\n<p>Vivez une exp\u00e9rience de jeu sans pr\u00e9c\u00e9dent gr\u00e2ce au superbe \u00e9cran tactile de 6 pouces du <strong>GPD WIN 4 2023<\/strong>. Avec une r\u00e9solution Full HD (1920&#215;1080) et une densit\u00e9 de pixels de 368 <a href=\"https:\/\/en.wikipedia.org\/wiki\/Pixel_density\" target=\"_blank\" rel=\"noreferrer noopener\">PPI<\/a>, chaque image est rendue avec pr\u00e9cision et clart\u00e9. L&#8217;\u00e9cran prend en charge un taux de rafra\u00eechissement de 44Hz et 60Hz, ce qui garantit un gameplay fluide et minimise le flou de mouvement. Plongez dans les mondes captivants de vos jeux pr\u00e9f\u00e9r\u00e9s avec des images qui prennent vie.   <\/p>\n\n<h2 class=\"wp-block-heading\"><strong>Tapez sans effort : Clavier QWERTY avec r\u00e9tro\u00e9clairage r\u00e9glable<\/strong><\/h2>\n\n<p>Con\u00e7u pour \u00eatre pratique, le <strong>GPD WIN 4 2023<\/strong> est dot\u00e9 d&#8217;un clavier QWERTY avec des touches \u00e0 ciseaux. Offrant une exp\u00e9rience de frappe tactile, ce clavier vous permet de discuter avec vos amis, de naviguer sur le Web ou de prendre des notes sans effort. Le r\u00e9tro\u00e9clairage r\u00e9glable toujours allum\u00e9 vous permet de continuer \u00e0 jouer ou \u00e0 travailler m\u00eame dans des environnements faiblement \u00e9clair\u00e9s. Passez sans probl\u00e8me du jeu \u00e0 la productivit\u00e9 gr\u00e2ce au clavier confortable et polyvalent du <strong>GPD WIN 4 2023<\/strong>.   <\/p>\n\n<h2 class=\"wp-block-heading\"><strong>Navigation fluide : Navigation optique au doigt<\/strong><\/h2>\n\n<p>La navigation dans vos jeux et applications pr\u00e9f\u00e9r\u00e9s se fait sans effort gr\u00e2ce \u00e0 la navigation optique au doigt du <strong>GPD WIN 4 2023<\/strong>. Dites adieu aux pav\u00e9s tactiles encombrants et profitez d&#8217;un contr\u00f4le pr\u00e9cis et r\u00e9actif gr\u00e2ce \u00e0 cette fonction intuitive. Que vous fassiez d\u00e9filer des menus ou que vous exploriez de vastes environnements, la navigation au doigt optique offre une navigation fluide et pr\u00e9cise pour une exp\u00e9rience utilisateur sans faille.  <\/p>\n\n<h2 class=\"wp-block-heading\"><strong>Connectivit\u00e9 polyvalente : USB4, OCuLink, USB Type-C et emplacement pour carte microSD<\/strong><\/h2>\n\n<figure class=\"wp-block-image size-full\"><img decoding=\"async\" src=\"https:\/\/gpdstore.net\/wp-content\/uploads\/\" alt=\"gpd win 4 avec gpd g1\" class=\"wp-image-1625\"\/><\/figure>\n\n<p>Le <strong>GPD WIN 4 2023<\/strong> r\u00e9pond \u00e0 vos besoins de connectivit\u00e9 avec une gamme d&#8217;options. Le port USB4 vous permet de connecter des appareils et p\u00e9riph\u00e9riques externes, \u00e9largissant ainsi vos possibilit\u00e9s de jeu. Le port <a href=\"https:\/\/droix.net\/blogs\/oculink-transforming-graphics-card-connectivity\/\" target=\"_blank\" rel=\"noreferrer noopener\">OCuLink<\/a> fournit une connexion <a href=\"https:\/\/en.wikipedia.org\/wiki\/PCI_Express\" target=\"_blank\" rel=\"noreferrer noopener\">PCIe<\/a> Gen4 x4 directe avec une bande passante effective impressionnante de 63 Gbps, prenant en charge un transfert de donn\u00e9es rapide comme l&#8217;\u00e9clair, et la station d&#8217;accueil GPD G1 pour des options de connectivit\u00e9 suppl\u00e9mentaires. Le port USB Type-C assure la compatibilit\u00e9 avec une vari\u00e9t\u00e9 d&#8217;appareils, et l&#8217;emplacement pour carte microSD permet une extension pratique du stockage.   <\/p>\n\n<h2 class=\"wp-block-heading\"><strong>Connectivit\u00e9 \u00e0 haut d\u00e9bit : Wi-Fi 6 et Bluetooth 5.2<\/strong><\/h2>\n\n<p>Restez connect\u00e9 en toute transparence gr\u00e2ce \u00e0 la capacit\u00e9 Wi-Fi 6 du <strong>GPD WIN 4 2023<\/strong>. Offrant des vitesses allant jusqu&#8217;\u00e0 2042 Mbps, profitez de jeux en ligne sans d\u00e9calage, d&#8217;un streaming fluide et de t\u00e9l\u00e9chargements rapides. Dites adieu aux d\u00e9calages et profitez d&#8217;une connexion stable et r\u00e9active, o\u00f9 que vos aventures vous m\u00e8nent. Que vous affrontiez des adversaires en ligne ou que vous diffusiez vos contenus pr\u00e9f\u00e9r\u00e9s, le <strong>GPD WIN 4 2023<\/strong> vous permet de rester connect\u00e9 \u00e0 une vitesse in\u00e9gal\u00e9e.   <\/p>\n\n<h2 class=\"wp-block-heading\"><strong>Module 4G LTE en option : Restez connect\u00e9 partout<\/strong><\/h2>\n\n<p>Pour ceux qui souhaitent une connectivit\u00e9 ininterrompue loin des r\u00e9seaux Wi-Fi, le <strong>GPD WIN 4 2023<\/strong> propose un module GPD 4G LTE en option. Prenant en charge les r\u00e9seaux 4G TD-LTE, FDD-LTE et 3G CDMA, ce module vous permet de rester connect\u00e9 o\u00f9 que vous soyez. Il vous suffit d&#8217;ins\u00e9rer une carte Nano-SIM pour avoir acc\u00e8s \u00e0 des donn\u00e9es mobiles rapides et fiables en d\u00e9placement. Restez connect\u00e9 avec vos amis, participez \u00e0 des jeux multijoueurs en ligne et profitez des divertissements en streaming sans d\u00e9pendre des r\u00e9seaux Wi-Fi.   <\/p>\n\n<h2 class=\"wp-block-heading\"><strong>MotionAssistant : pour une meilleure exp\u00e9rience de jeu<\/strong><\/h2>\n\n<p>Pour am\u00e9liorer encore votre exp\u00e9rience de jeu, le <strong>GPD WIN 4 2023<\/strong> est \u00e9quip\u00e9 du puissant logiciel MotionAssistant. Sp\u00e9cifiquement d\u00e9velopp\u00e9 pour la s\u00e9rie d&#8217;appareils de jeu portables GPD, cet outil offre une vari\u00e9t\u00e9 de fonctions d&#8217;optimisation pour affiner votre exp\u00e9rience de jeu. Du r\u00e9glage de TDP par incr\u00e9ments de 1W \u00e0 la fr\u00e9quence de verrouillage du GPU, vous avez un contr\u00f4le total sur les performances de votre appareil. Les param\u00e8tres de consommation d&#8217;\u00e9nergie pr\u00e9d\u00e9finis vous permettent d&#8217;\u00e9quilibrer les performances et l&#8217;autonomie de la batterie en fonction de vos besoins. Le logiciel propose \u00e9galement des touches de raccourci pour passer au premier plan, une superposition sur l&#8217;\u00e9cran de jeu pour un acc\u00e8s rapide aux fonctions essentielles, et un mappage personnalis\u00e9 des boutons arri\u00e8re aux touches de raccourci. Avec MotionAssistant, vous pouvez modifier les param\u00e8tres sans interrompre votre jeu, ce qui facilite plus que jamais l&#8217;optimisation de votre exp\u00e9rience de jeu.     <\/p>\n\n<h2 class=\"wp-block-heading\"><strong>En conclusion<\/strong><\/h2>\n\n<p>Le <strong>GPD WIN 4 2023<\/strong> red\u00e9finit le jeu en d\u00e9placement, offrant un format compact avec un mat\u00e9riel puissant, un \u00e9cran captivant, des commandes confortables et une connectivit\u00e9 polyvalente. Que vous soyez un joueur occasionnel appr\u00e9ciant vos titres pr\u00e9f\u00e9r\u00e9s ou un passionn\u00e9 \u00e0 la recherche de performances de jeu \u00e9lev\u00e9es en d\u00e9placement, le <strong>GPD WIN 4 2023<\/strong> est le compagnon id\u00e9al. Lib\u00e9rez votre puissance de jeu partout et \u00e0 tout moment gr\u00e2ce \u00e0 cet appareil remarquable. Pr\u00e9parez-vous \u00e0 red\u00e9finir le jeu portable avec le <strong>GPD WIN 4 2023<\/strong>.   <\/p>\n\n<h3 class=\"wp-block-heading\"><strong>Pour le GPD WIN 4 2023 :<\/strong><\/h3>\n\n<ol class=\"wp-block-list\">\n<li><strong>Des performances puissantes :<\/strong> Dot\u00e9 d&#8217;un processeur et d&#8217;un GPU AMD Ryzen 5 et 7 haute performance, il offre des performances de jeu et des capacit\u00e9s multit\u00e2ches exceptionnelles.<\/li>\n\n\n\n<li><strong>Conception compacte et portable :<\/strong> Le format portable vous permet de jouer en d\u00e9placement. L\u00e9ger, il se glisse facilement dans votre sac et vous permet de jouer o\u00f9 que vous soyez. <\/li>\n\n\n\n<li><strong>Connectivit\u00e9 polyvalente :<\/strong> Offrant une gamme d&#8217;options de connectivit\u00e9, notamment USB4, Oculink, USB Type-C et un emplacement pour carte microSD. Ces options offrent une grande flexibilit\u00e9 pour connecter des p\u00e9riph\u00e9riques externes et \u00e9tendre le stockage. <\/li>\n\n\n\n<li><strong>Options de personnalisation :<\/strong> Avec le logiciel MotionAssistant, r\u00e9glez et optimisez votre exp\u00e9rience de jeu. Du r\u00e9glage de TDP au mappage personnalis\u00e9 des boutons, personnalisez l&#8217;appareil pour qu&#8217;il corresponde \u00e0 vos pr\u00e9f\u00e9rences. <\/li>\n\n\n\n<li><strong>Solution de jeu tout-en-un :<\/strong> Combinant les fonctionnalit\u00e9s d&#8217;un PC de jeu et la portabilit\u00e9 d&#8217;un appareil portable, cette solution \u00e9limine le besoin de consoles de jeu s\u00e9par\u00e9es et vous permet de profiter d&#8217;un large \u00e9ventail de jeux dans un seul appareil.<\/li>\n<\/ol>\n\n<h3 class=\"wp-block-heading\"><strong>Les inconv\u00e9nients du GPD WIN 4 2023 :<\/strong><\/h3>\n\n<ol class=\"wp-block-list\">\n<li><strong>Taille d&#8217;\u00e9cran limit\u00e9e :<\/strong> L&#8217;\u00e9cran tactile de 6 pouces peut sembler petit par rapport aux ordinateurs de poche ou aux moniteurs de bureau plus grands, ce qui peut nuire \u00e0 l&#8217;exp\u00e9rience immersive de certains joueurs.<\/li>\n\n\n\n<li><strong>Taille r\u00e9duite du clavier :<\/strong> En raison de son format compact, le clavier est plus petit et les utilisateurs habitu\u00e9s \u00e0 des claviers de taille normale peuvent avoir besoin d&#8217;un certain temps pour s&#8217;y habituer.<\/li>\n\n\n\n<li><strong>D\u00e9pendance \u00e0 l&#8217;\u00e9gard de la batterie :<\/strong> en tant qu&#8217;appareil portable, le GPD WIN 4 2023 est aliment\u00e9 par sa batterie interne. Les sessions de jeu prolong\u00e9es peuvent n\u00e9cessiter des recharges fr\u00e9quentes, ce qui limite la dur\u00e9e de jeu ininterrompue&#8230; <\/li>\n<\/ol>\n","protected":false},"excerpt":{"rendered":"<ul>\n<li>CPU : AMD Ryzen 5 \/ 7<strong> 7640U \/ 7840U <\/strong> <\/li>\n<li>GPU : AMD Radeon<strong> 760M \/ 780M<\/strong><\/li>\n<li>RAM : jusqu&#8217;\u00e0<strong> 64 Go LPDDR5X @ 6400 MT\/s<\/strong><\/li>\n<li>STOCKAGE : jusqu&#8217;\u00e0<strong> 4 To<\/strong> <strong>Gen 4<\/strong> PCI-E NVMe SSD<\/li>\n<li>CONNECTIVIT\u00c9 : Prise en charge du Wi-Fi<strong> 6<\/strong> et du Bluetooth <strong>5.2<\/strong> <\/li>\n<\/ul>\n<p><img loading=\"lazy\" decoding=\"async\" src=\"https:\/\/gpdstore.net\/wp-content\/uploads\/2024\/03\/WIN-4-FREE-GIFTS.jpg\" alt=\"\" width=\"2000\" height=\"500\" class=\"alignnone size-full wp-image-4175\" srcset=\"https:\/\/gpdstore.net\/wp-content\/uploads\/2024\/03\/WIN-4-FREE-GIFTS.jpg 2000w, https:\/\/gpdstore.net\/wp-content\/uploads\/2024\/03\/WIN-4-FREE-GIFTS-600x150.jpg 600w, https:\/\/gpdstore.net\/wp-content\/uploads\/2024\/03\/WIN-4-FREE-GIFTS-1200x300.jpg 1200w, https:\/\/gpdstore.net\/wp-content\/uploads\/2024\/03\/WIN-4-FREE-GIFTS-768x192.jpg 768w, https:\/\/gpdstore.net\/wp-content\/uploads\/2024\/03\/WIN-4-FREE-GIFTS-1536x384.jpg 1536w, https:\/\/gpdstore.net\/wp-content\/uploads\/2024\/03\/WIN-4-FREE-GIFTS-360x90.jpg 360w, https:\/\/gpdstore.net\/wp-content\/uploads\/2024\/03\/WIN-4-FREE-GIFTS-990x248.jpg 990w, https:\/\/gpdstore.net\/wp-content\/uploads\/2024\/03\/WIN-4-FREE-GIFTS-441x110.jpg 441w, https:\/\/gpdstore.net\/wp-content\/uploads\/2024\/03\/WIN-4-FREE-GIFTS-150x38.jpg 150w\" sizes=\"(max-width: 2000px) 100vw, 2000px\" \/><\/p>\n[cg_accordion title=\"INFO PAIEMENT\"]<\/p>\n<p>Nous utilisons les derni\u00e8res technologies en mati\u00e8re de traitement des paiements, ce qui vous permet de r\u00e9gler vos achats par carte de d\u00e9bit\/cr\u00e9dit ou par PayPal pour une exp\u00e9rience rapide et s\u00e9curis\u00e9e.[\/cg_accordion]\n[cg_accordion title=\"GARANTIE\"]<\/p>\n<p>2 ans de garantie de <a href=\"https:\/\/droix.net\/\" target=\"_blank\" rel=\"nofollow noopener\">DROIX Global<\/a> pour votre tranquillit\u00e9 d&#8217;esprit[\/cg_accordion]\n[cg_accordion title=\"ASSURANCE QUALIT\u00c9 ET ESSAIS AVANT EXP\u00c9DITION\"]<\/p>\n<p>Garantir la satisfaction du client au plus haut niveau : Chaque appareil est soumis \u00e0 des tests rigoureux et \u00e0 un contr\u00f4le de qualit\u00e9 en plusieurs points avant d&#8217;\u00eatre exp\u00e9di\u00e9. Notre \u00e9quipe d\u00e9di\u00e9e v\u00e9rifie les performances, la fonctionnalit\u00e9 et l&#8217;int\u00e9grit\u00e9 des composants pour garantir que votre appareil GPD est en parfait \u00e9tat de fonctionnement \u00e0 l&#8217;arriv\u00e9e, vous procurant ainsi confiance et tranquillit\u00e9 d&#8217;esprit. [\/cg_accordion]\n[cg_accordion title=\"PRIX, TAXES ET FRAIS DE PORT\"]<\/p>\n<p><strong><u>Remarque :<\/u><\/strong><\/p>\n<ul>\n<li>Clients des \u00c9tats-Unis : Le prix affich\u00e9 n&#8217;inclut pas les taxes ni les droits de douane. La responsabilit\u00e9 du d\u00e9douanement et du paiement des taxes\/droits associ\u00e9s incombe au client. <\/li>\n<li>Clients de l&#8217;UE : Le prix affich\u00e9 inclut la TAXE applicable, qui peut s&#8217;\u00e9lever jusqu&#8217;\u00e0 25 % selon votre pays.<\/li>\n<li>Clients du Canada : Le prix affich\u00e9 comprend les taxes applicables, qui peuvent inclure la TPS de 5 % et des taxes de vente provinciales (TVP), la taxe de vente harmonis\u00e9e (TVH) ou la taxe de vente du Qu\u00e9bec (TVQ) suppl\u00e9mentaires, selon votre province.<\/li>\n<\/ul>\n<p><strong>Pour les clients de l&#8217;UE SEULEMENT :<\/strong> Express DDP (Delivered Duty Paid). Cela signifie que : <\/p>\n<ul>\n<li>Tous les droits de douane et taxes sont inclus dans le prix affich\u00e9 sur la page du produit.<\/li>\n<li>Vous n&#8217;aurez pas \u00e0 payer de frais suppl\u00e9mentaires \u00e0 la livraison.<\/li>\n<li>Dans les rares cas de probl\u00e8mes douaniers, notre \u00e9quipe s&#8217;occupera de la proc\u00e9dure de d\u00e9douanement en votre nom afin d&#8217;assurer une livraison sans probl\u00e8me.<\/li>\n<p>Informations importantes concernant les retours :<\/p>\n<li>Si vous d\u00e9cidez de retourner votre commande ou de demander un remboursement, sachez que les taxes et les droits pay\u00e9s en votre nom dans le cadre du DDP ne peuvent pas \u00eatre rembours\u00e9s.<\/li>\n<p>Veuillez vous r\u00e9f\u00e9rer \u00e0 nos <a href=\"https:\/\/droix.net\/terms-and-conditions\/\" target=\"_blank\" rel=\"nofollow noopener\">conditions g\u00e9n\u00e9rales<\/a> pour des informations d\u00e9taill\u00e9es.\n<\/ul>\n<p>[\/cg_accordion]\n[cg_accordion title=\"SOUTIEN \u00c0 LA CLIENT\u00c8LE\"]<\/p>\n<p>Vous avez une question ? Il suffit d&#8217;un petit texto pour que votre probl\u00e8me soit r\u00e9solu ! <\/p>\n<p>Veuillez vous r\u00e9f\u00e9rer \u00e0 nos <a href=\"https:\/\/gpdstore.net\/fr\/terms-of-service\/\" target=\"_blank\" rel=\"nofollow noopener\">conditions g\u00e9n\u00e9rales<\/a> pour des informations d\u00e9taill\u00e9es.\n<\/ul>\n<p>[\/cg_accordion]\n[cg_accordion title=\"CE QUI EST INCLUS\"]<\/p>\n<ul>\n<li>1x GPD WIN 4 2023<\/li>\n<li>1x Adaptateur d&#8217;alimentation<\/li>\n<li>1x C\u00e2ble USB Type-C<\/li>\n<li>1x Manuel de l&#8217;utilisateur<\/li>\n<\/ul>\n<p>[\/cg_accordion]\n","protected":false},"featured_media":10283,"template":"","meta":{"_acf_changed":false},"product_brand":[],"product_cat":[895],"product_tag":[898],"woo-feed-brand":[899],"class_list":{"0":"post-8034","1":"product","2":"type-product","3":"status-publish","4":"has-post-thumbnail","6":"product_cat-gpd-pc-portable-pour-les-jeux","7":"product_tag-gpd-win-4-fr","8":"product_shipping_class-premium","9":"pa_bluetooth-5-2-fr","10":"pa_brand-gpd","11":"pa_graphics-gpu-model-radeon-760m-fr","12":"pa_graphics-gpu-model-radeon-780m-fr","13":"pa_i-o-video-1x-oculink-fr","14":"pa_i-o-video-via-1x-usb-4-0-type-c-40gb-s-fr","15":"pa_memory-ram-capacity-16gb-fr","16":"pa_memory-ram-capacity-32gb-fr","17":"pa_memory-ram-capacity-64gb-fr","18":"pa_memory-ram-technology-lpddr5x-fr","19":"pa_processor-cpu-model-amd-ryzen-5-7640u","20":"pa_processor-cpu-model-amd-ryzen-7-7840u","21":"pa_storage-capacity-512gb-fr","22":"pa_storage-capacity-1tb-fr","23":"pa_storage-capacity-2tb-fr","24":"pa_storage-capacity-4tb-fr","25":"pa_storage-technology-pcie-gen-4-fr","26":"pa_wi-fi-wi-fi-6-fr","27":"woo-feed-brand-gpd-fr","29":"first","30":"outofstock","31":"sale","32":"taxable","33":"shipping-taxable","34":"purchasable","35":"product-type-variable","36":"has-default-attributes"},"acf":[],"aioseo_notices":[],"_links":{"self":[{"href":"https:\/\/gpdstore.net\/fr\/wp-json\/wp\/v2\/product\/8034","targetHints":{"allow":["GET"]}}],"collection":[{"href":"https:\/\/gpdstore.net\/fr\/wp-json\/wp\/v2\/product"}],"about":[{"href":"https:\/\/gpdstore.net\/fr\/wp-json\/wp\/v2\/types\/product"}],"wp:featuredmedia":[{"embeddable":true,"href":"https:\/\/gpdstore.net\/fr\/wp-json\/wp\/v2\/media\/10283"}],"wp:attachment":[{"href":"https:\/\/gpdstore.net\/fr\/wp-json\/wp\/v2\/media?parent=8034"}],"wp:term":[{"taxonomy":"product_brand","embeddable":true,"href":"https:\/\/gpdstore.net\/fr\/wp-json\/wp\/v2\/product_brand?post=8034"},{"taxonomy":"product_cat","embeddable":true,"href":"https:\/\/gpdstore.net\/fr\/wp-json\/wp\/v2\/product_cat?post=8034"},{"taxonomy":"product_tag","embeddable":true,"href":"https:\/\/gpdstore.net\/fr\/wp-json\/wp\/v2\/product_tag?post=8034"},{"taxonomy":"woo-feed-brand","embeddable":true,"href":"https:\/\/gpdstore.net\/fr\/wp-json\/wp\/v2\/woo-feed-brand?post=8034"}],"curies":[{"name":"wp","href":"https:\/\/api.w.org\/{rel}","templated":true}]}}