{"id":7808,"date":"2023-03-26T17:56:24","date_gmt":"2023-03-26T17:56:24","guid":{"rendered":"https:\/\/gpdstore.net\/non%20class\u00e9\/gpd-win-max-2021-pc-portable-de-jeu\/"},"modified":"2025-12-23T10:31:54","modified_gmt":"2025-12-23T10:31:54","slug":"gpd-win-max-2021","status":"publish","type":"product","link":"https:\/\/gpdstore.net\/fr\/product\/gpd-win-max-2021\/","title":{"rendered":"GPD WIN MAX 2021 PC portable de jeu"},"content":{"rendered":"\n<p>Le GPD WIN MAX 2021 est un ultrabook de jeu qui a \u00e9t\u00e9 con\u00e7u pour le jeu sur PC en d\u00e9placement. Ce puissant appareil se d\u00e9cline en deux versions, l&#8217;une avec le processeur Intel\u00ae Core\u2122 i7-1195G7 et l&#8217;autre avec le cpu AMD Ryzen\u2122 7 4800U. Hormis les diff\u00e9rentes options de processeur, les deux versions de l&#8217;appareil sont exactement les m\u00eames.<\/p>\n\n<p>Chez GPD Store, nous sommes fiers de proposer le GPD WIN MAX 2021 aux joueurs qui souhaitent disposer d&#8217;un ordinateur de poche performant pour les jeux sur PC, qu&#8217;ils peuvent emporter partout avec eux. Cet ultrabook est parfait pour les joueurs qui souhaitent profiter de leurs jeux pr\u00e9f\u00e9r\u00e9s en d\u00e9placement, sans avoir \u00e0 sacrifier les performances ou la qualit\u00e9.<\/p>\n\n<p>Le GPD WIN MAX 2021 est un puissant ultrabook de jeu qui dispose d&#8217;un \u00e9cran tactile IPS de 8,0 pouces avec une r\u00e9solution de 1280 x 800 pixels. L&#8217;appareil est dot\u00e9 d&#8217;une carte graphique int\u00e9gr\u00e9e Intel\u00ae Iris\u00ae Xe ou AMD Radeon\u2122 Graphics, ce qui le rend parfait pour l&#8217;ex\u00e9cution de jeux et d&#8217;applications exigeants.<\/p>\n\n<p>En termes de puissance de traitement, le GPD WIN MAX 2021 est disponible avec le processeur Intel\u00ae Core\u2122 i7-1195G7 ou AMD Ryzen\u2122 7 4800U. Ces puissants processeurs permettent \u00e0 l&#8217;appareil de g\u00e9rer facilement les jeux et les applications les plus exigeants.<\/p>\n\n<p>Le GPD WIN MAX 2021 est \u00e9galement dot\u00e9 d&#8217;une m\u00e9moire vive de 16 Go LPDDR4X 4266 MT\/s et d&#8217;un disque dur M.2 de 1 To. NVMe SSD, ce qui garantit que vous disposez de beaucoup d&#8217;espace pour stocker vos jeux et autres donn\u00e9es. L&#8217;appareil dispose \u00e9galement d&#8217;une vari\u00e9t\u00e9 de ports, notamment un port USB Type-C, un port USB 3.0, un port HDMI et une prise casque de 3,5 mm.<\/p>\n\n<p>L&#8217;une des caract\u00e9ristiques principales du GPD WIN MAX 2021 est sa taille compacte. Bien qu&#8217;il s&#8217;agisse d&#8217;un puissant ultrabook, l&#8217;appareil ne mesure que 8,5 x 5,7 x 1,1 pouces et ne p\u00e8se que 1,5 livres. Vous pouvez ainsi l&#8217;emporter partout avec vous, que vous soyez en voyage ou que vous souhaitiez simplement profiter de vos jeux pr\u00e9f\u00e9r\u00e9s sur votre canap\u00e9.<\/p>\n\n<p>Le GPD WIN MAX 2021 est \u00e9galement dot\u00e9 d&#8217;une manette de jeu int\u00e9gr\u00e9e, avec un D-pad, des sticks analogiques et des boutons de d\u00e9clenchement. Vous pouvez ainsi jouer facilement \u00e0 vos jeux pr\u00e9f\u00e9r\u00e9s sans avoir \u00e0 connecter une manette externe. L&#8217;appareil est \u00e9galement dot\u00e9 d&#8217;un clavier QWERTY complet, ce qui facilite la saisie et la navigation dans les menus.<\/p>\n\n<p>Chez GPD Store, nous pensons que le GPD WIN MAX 2021 est l&#8217;ultrabook parfait pour les joueurs qui veulent un PC gaming performant qu&#8217;ils peuvent emmener partout avec eux. Cet appareil puissant est parfait pour les joueurs qui souhaitent profiter de leurs jeux pr\u00e9f\u00e9r\u00e9s en d\u00e9placement, sans avoir \u00e0 sacrifier les performances ou la qualit\u00e9.<\/p>\n\n<p>Que vous soyez un joueur occasionnel ou un hardcore gamer, le GPD WIN MAX 2021 est l&#8217;appareil id\u00e9al pour vous. Avec son puissant processeur, ses graphismes de haute qualit\u00e9 et sa taille compacte, il s&#8217;agit de l&#8217;ultrabook ultime pour les jeux sur PC en d\u00e9placement. Alors pourquoi attendre ? Visitez la boutique GPD d\u00e8s aujourd&#8217;hui et mettez la main sur le GPD WIN MAX 2021.<\/p>\n","protected":false},"excerpt":{"rendered":"<ul>\n<li>AMD <strong>Ryzen 7 6800U<\/strong> @2.7GHz TDP 15-28W<\/li>\n<li>AMD Radeon 680M <strong>12 CUs @2200 MHz<\/strong><\/li>\n<li><strong>jusqu&#8217;\u00e0 32GB LPDDR5-6400 MT\/s<\/strong><\/li>\n<li><strong>jusqu&#8217;\u00e0 2 To<\/strong> PCI-E <strong>NVMe<\/strong> haute vitesse SSD<\/li>\n<li>Prise en charge du WiFi 6 et du Bluetooth <strong>5.2<\/strong>  <\/li>\n<\/ul>\n<p> [cg_accordion title=\"INFO PAIEMENT\"] Nous utilisons les derni\u00e8res technologies en mati\u00e8re de traitement des paiements, ce qui vous permet de r\u00e9gler vos achats via Apple Pay, Google Pay, votre carte de d\u00e9bit\/cr\u00e9dit, PayPal ou des m\u00e9thodes BNPL telles que Klarna, Affirm ou AfterPay pour une exp\u00e9rience rapide et s\u00e9curis\u00e9e.[\/cg_accordion] [cg_accordion title=\"GARANTIE\"] Garantie de 2 ans de <a href=\"https:\/\/droix.net\/\" target=\"_blank\" rel=\"nofollow noopener\">DROIX Global<\/a> pour votre tranquillit\u00e9 d&#8217;esprit.[\/cg_accordion] [cg_accordion title=\"PRICING, TAXES AND SHIPPING\"] <strong><br \/>\n  <u>Remarque :<\/u><br \/>\n<\/strong><\/p>\n<ul>\n<li>Clients des \u00c9tats-Unis : Le prix affich\u00e9 n&#8217;inclut pas les taxes ni les droits de douane. La responsabilit\u00e9 du d\u00e9douanement et du paiement des taxes\/droits associ\u00e9s incombe au client. <\/li>\n<li>Clients de l&#8217;UE : Le prix affich\u00e9 inclut la TAXE applicable, qui peut s&#8217;\u00e9lever jusqu&#8217;\u00e0 25 % selon votre pays.<\/li>\n<li>Clients du Canada : Le prix affich\u00e9 comprend les taxes applicables, qui peuvent inclure la TPS de 5 % et des taxes de vente provinciales (TVP), la taxe de vente harmonis\u00e9e (TVH) ou la taxe de vente du Qu\u00e9bec (TVQ) suppl\u00e9mentaires, selon votre province.<\/li>\n<\/ul>\n<p><strong>Pour les clients de l&#8217;UE SEULEMENT :<\/strong> Express DDP (Delivered Duty Paid). Cela signifie que : <\/p>\n<ul>\n<li style=\"list-style-type: none;\">\n<ul>\n<li>Tous les droits de douane et taxes sont inclus dans le prix affich\u00e9 sur la page du produit.<\/li>\n<li>Vous n&#8217;aurez pas \u00e0 payer de frais suppl\u00e9mentaires \u00e0 la livraison.<\/li>\n<li>Dans les rares cas de probl\u00e8mes douaniers, notre \u00e9quipe s&#8217;occupera de la proc\u00e9dure de d\u00e9douanement en votre nom afin d&#8217;assurer une livraison sans probl\u00e8me.<\/li>\n<p>Informations importantes concernant les retours :<\/p>\n<li>Si vous d\u00e9cidez de retourner votre commande ou de demander un remboursement, sachez que les taxes et les droits pay\u00e9s en votre nom dans le cadre du DDP ne peuvent pas \u00eatre rembours\u00e9s.<\/li>\n<p>Veuillez vous r\u00e9f\u00e9rer \u00e0 notre<\/ul>\n<\/li>\n<\/ul>\n<p><a href=\"https:\/\/gpdstore.net\/fr\/terms-of-service\/\" target=\"_blank\" rel=\"nofollow noopener\">Conditions g\u00e9n\u00e9rales d&#8217;utilisation<\/a><\/p>\n<ul>pour obtenir des informations d\u00e9taill\u00e9es.<\/ul>\n<p>[\/cg_accordion] [cg_accordion title=\"SOUTIEN \u00c0 LA CLIENT\u00c8LE\"]  Vous avez une question ? Il suffit d&#8217;un petit texto pour que votre probl\u00e8me soit r\u00e9solu !   [\/cg_accordion] [cg_accordion title=\"WHAT'S INCLUDED\"]<\/p>\n<ul>\n<li>1x GPD WIN MAX 2021<\/li>\n<li>1x Adaptateur d&#8217;alimentation<\/li>\n<li>1x C\u00e2ble USB Type-C<\/li>\n<li>1x Manuel de l&#8217;utilisateur<\/li>\n<\/ul>\n<p>[\/cg_accordion]<\/p>\n","protected":false},"featured_media":7811,"template":"","meta":{"_acf_changed":false},"product_brand":[],"product_cat":[895],"product_tag":[4096],"woo-feed-brand":[899],"class_list":{"0":"post-7808","1":"product","2":"type-product","3":"status-publish","4":"has-post-thumbnail","6":"product_cat-gpd-pc-portable-pour-les-jeux","7":"product_tag-gpd-win-max-fr","8":"product_shipping_class-premium","9":"pa_bluetooth-5-fr","10":"pa_bluetooth-5-2-fr","11":"pa_display-type-h-ips-fr","12":"pa_graphics-gpu-model-graphique-intel-iris-xe","13":"pa_graphics-gpu-model-radeon-graphics-fr","14":"pa_i-o-video-1x-hdmi-2-0b-fr","15":"pa_memory-ram-capacity-16gb-fr","16":"pa_memory-ram-technology-lpddr4x-fr","17":"pa_processor-cpu-model-amd-ryzen-7-4800u","18":"pa_processor-cpu-model-intel-core-i7-1195g7","19":"pa_storage-capacity-1tb-fr","20":"pa_wi-fi-wi-fi-6-fr","21":"woo-feed-brand-gpd-fr","23":"first","24":"outofstock","25":"sale","26":"taxable","27":"shipping-taxable","28":"purchasable","29":"product-type-variable","30":"has-default-attributes"},"acf":[],"aioseo_notices":[],"_links":{"self":[{"href":"https:\/\/gpdstore.net\/fr\/wp-json\/wp\/v2\/product\/7808","targetHints":{"allow":["GET"]}}],"collection":[{"href":"https:\/\/gpdstore.net\/fr\/wp-json\/wp\/v2\/product"}],"about":[{"href":"https:\/\/gpdstore.net\/fr\/wp-json\/wp\/v2\/types\/product"}],"wp:featuredmedia":[{"embeddable":true,"href":"https:\/\/gpdstore.net\/fr\/wp-json\/wp\/v2\/media\/7811"}],"wp:attachment":[{"href":"https:\/\/gpdstore.net\/fr\/wp-json\/wp\/v2\/media?parent=7808"}],"wp:term":[{"taxonomy":"product_brand","embeddable":true,"href":"https:\/\/gpdstore.net\/fr\/wp-json\/wp\/v2\/product_brand?post=7808"},{"taxonomy":"product_cat","embeddable":true,"href":"https:\/\/gpdstore.net\/fr\/wp-json\/wp\/v2\/product_cat?post=7808"},{"taxonomy":"product_tag","embeddable":true,"href":"https:\/\/gpdstore.net\/fr\/wp-json\/wp\/v2\/product_tag?post=7808"},{"taxonomy":"woo-feed-brand","embeddable":true,"href":"https:\/\/gpdstore.net\/fr\/wp-json\/wp\/v2\/woo-feed-brand?post=7808"}],"curies":[{"name":"wp","href":"https:\/\/api.w.org\/{rel}","templated":true}]}}