{"id":7573,"date":"2023-03-26T17:49:20","date_gmt":"2023-03-26T17:49:20","guid":{"rendered":"https:\/\/gpdstore.net\/non%20class\u00e9\/biwin-2230-nvme-storage\/"},"modified":"2025-12-23T10:30:56","modified_gmt":"2025-12-23T10:30:56","slug":"biwin-2230-nvme-storage","status":"publish","type":"product","link":"https:\/\/gpdstore.net\/fr\/product\/biwin-2230-nvme-storage\/","title":{"rendered":"BiWin 2230 NVMe Storage"},"content":{"rendered":"\n<p>Vous cherchez une solution de stockage haute performance pour votre GPD WIN MAX 2 ou votre Steam Deck de Valve ? Ne cherchez pas plus loin que le BiWin 22*30 PCI-e NVMe SSD! Ce disque compact mais puissant SSD est con\u00e7u pour offrir des vitesses de lecture et d&#8217;\u00e9criture fulgurantes, garantissant un chargement rapide et un fonctionnement fluide de vos jeux et applications pr\u00e9f\u00e9r\u00e9s.<\/p>\n\n<p>Avec seulement 22 mm x 30 mm, le BiWin 22*30 est l&#8217;un des plus petits disques SSD NVMe du march\u00e9 actuel. Mais ne vous laissez pas tromper par sa taille compacte : ce site SSD est tr\u00e8s puissant ! Avec des vitesses de lecture allant jusqu&#8217;\u00e0 3500 Mo\/s et des vitesses d&#8217;\u00e9criture allant jusqu&#8217;\u00e0 3000 Mo\/s, elle est tout \u00e0 fait capable de r\u00e9pondre aux besoins des jeux et des applications les plus exigeants.<\/p>\n\n<p><em>L&#8217;<\/em>un des principaux avantages du BiWin 2230<em>est sa compatibilit\u00e9 avec le GPD WIN MAX 2 et le Steam Deck de Valve. Si vous souhaitez am\u00e9liorer le stockage de l&#8217;un de ces appareils, le BiWin 2230<\/em>est le choix id\u00e9al. Il suffit d&#8217;installer le SSD dans l&#8217;emplacement NVMe de l&#8217;appareil et le tour est jou\u00e9 ! <\/p>\n\n<p>Un autre avantage du BiWin 22*30 est sa compatibilit\u00e9 avec un large \u00e9ventail de syst\u00e8mes d&#8217;exploitation, y compris Windows, Linux et macOS. Il s&#8217;agit donc d&#8217;un choix polyvalent pour tous ceux qui cherchent \u00e0 am\u00e9liorer leur stockage, quel que soit le syst\u00e8me qu&#8217;ils utilisent.<\/p>\n\n<p>Bien entendu, l&#8217;un des meilleurs endroits pour acheter le BiWin 22*30 est la boutique GPD. En tant que d\u00e9taillant leader des produits GPD, la boutique GPD est l&#8217;endroit id\u00e9al pour trouver tous les accessoires et am\u00e9liorations dont vous avez besoin pour tirer le meilleur parti de votre GPD WIN MAX 2 ou Steam Deck. Avec une livraison rapide, des prix avantageux et un service client\u00e8le de premier ordre, vous pouvez faire vos achats en toute confiance en sachant que vous faites la meilleure affaire possible.<\/p>\n\n<p>Ainsi, si vous \u00eates \u00e0 la recherche d&#8217;une mise \u00e0 niveau de SSD NVMe haute performance pour votre GPD WIN MAX 2 ou votre Steam Deck, ne cherchez pas plus loin que le BiWin 22*30. Avec sa taille compacte, ses vitesses fulgurantes et sa large compatibilit\u00e9, c&#8217;est le choix id\u00e9al pour tous ceux qui souhaitent passer \u00e0 la vitesse sup\u00e9rieure en mati\u00e8re de jeux et d&#8217;informatique. Et avec la boutique GPD \u00e0 port\u00e9e de clic, il n&#8217;a jamais \u00e9t\u00e9 aussi facile d&#8217;obtenir les produits dont vous avez besoin pour r\u00e9ussir !<\/p>\n","protected":false},"excerpt":{"rendered":"<ul>\n<li>Compatible avec la valve Steam Deck, GPD WIN Max 2, GPD WIN 4<\/li>\n<li>Jusqu&#8217;\u00e0 3200 Mo\/s en lecture et 2600 Mo\/s en \u00e9criture<\/li>\n<li>0.107ms Latence de lecture | 0.109ms Latence d&#8217;\u00e9criture<\/li>\n<li>Prise en charge de la collecte des d\u00e9chets, du TRIM et de la mise en veille moderne<\/li>\n<\/ul>\n[cg_accordion title=\"INFO PAIEMENT\"]<\/p>\n<p>Nous utilisons les derni\u00e8res technologies en mati\u00e8re de traitement des paiements, ce qui vous permet de r\u00e9gler vos achats via Apple Pay, Google Pay, votre carte de d\u00e9bit\/cr\u00e9dit, PayPal ou des m\u00e9thodes BNPL telles que Klarna, Affirm ou AfterPay pour une exp\u00e9rience rapide et s\u00e9curis\u00e9e.[\/cg_accordion]\n[cg_accordion title=\"GARANTIE\"]<\/p>\n<p>2 ans de garantie de <a href=\"https:\/\/droix.net\/\" target=\"_blank\" rel=\"nofollow noopener\">DROIX Global<\/a> pour votre tranquillit\u00e9 d&#8217;esprit[\/cg_accordion]\n[cg_accordion title=\"PRIX, TAXES ET FRAIS DE PORT\"]<\/p>\n<p><strong><u>Remarque :<\/u><\/strong><\/p>\n<ul>\n<li>Clients des \u00c9tats-Unis : Le prix affich\u00e9 n&#8217;inclut pas les taxes ni les droits de douane. La responsabilit\u00e9 du d\u00e9douanement et du paiement des taxes\/droits associ\u00e9s incombe au client. <\/li>\n<li>Clients de l&#8217;UE : Le prix affich\u00e9 inclut la TAXE applicable, qui peut s&#8217;\u00e9lever jusqu&#8217;\u00e0 25 % selon votre pays.<\/li>\n<li>Clients du Canada : Le prix affich\u00e9 comprend les taxes applicables, qui peuvent inclure la TPS de 5 % et des taxes de vente provinciales (TVP), la taxe de vente harmonis\u00e9e (TVH) ou la taxe de vente du Qu\u00e9bec (TVQ) suppl\u00e9mentaires, selon votre province.<\/li>\n<\/ul>\n<p><strong>Pour les clients de l&#8217;UE SEULEMENT :<\/strong> Express DDP (Delivered Duty Paid). Cela signifie que : <\/p>\n<ul>\n<li>Tous les droits de douane et taxes sont inclus dans le prix affich\u00e9 sur la page du produit.<\/li>\n<li>Vous n&#8217;aurez pas \u00e0 payer de frais suppl\u00e9mentaires \u00e0 la livraison.<\/li>\n<li>Dans les rares cas de probl\u00e8mes douaniers, notre \u00e9quipe s&#8217;occupera de la proc\u00e9dure de d\u00e9douanement en votre nom afin d&#8217;assurer une livraison sans probl\u00e8me.<\/li>\n<p>Informations importantes concernant les retours :<\/p>\n<li>Si vous d\u00e9cidez de retourner votre commande ou de demander un remboursement, sachez que les taxes et les droits pay\u00e9s en votre nom dans le cadre du DDP ne peuvent pas \u00eatre rembours\u00e9s.<\/li>\n<p>Veuillez vous r\u00e9f\u00e9rer \u00e0 nos <a href=\"https:\/\/gpdstore.net\/fr\/terms-of-service\/\" target=\"_blank\" rel=\"nofollow noopener\">conditions g\u00e9n\u00e9rales<\/a> pour des informations d\u00e9taill\u00e9es.\n<\/ul>\n<p>[\/cg_accordion]\n[cg_accordion title=\"SOUTIEN \u00c0 LA CLIENT\u00c8LE\"]<\/p>\n<p>Vous avez une question ? Il suffit d&#8217;un petit texto pour que votre probl\u00e8me soit r\u00e9solu !<br \/>\n[\/cg_accordion]\n[cg_accordion title=\"CE QUI EST INCLUS\"]<\/p>\n<ul>\n<li>1x BiWIN 2230 NVMe<\/li>\n<\/ul>\n<p>[\/cg_accordion]\n","protected":false},"featured_media":7575,"template":"","meta":{"_acf_changed":false},"product_brand":[],"product_cat":[1221],"product_tag":[3954],"woo-feed-brand":[],"class_list":{"0":"post-7573","1":"product","2":"type-product","3":"status-publish","4":"has-post-thumbnail","6":"product_cat-accessoires-fr","7":"product_tag-hardware-fr","8":"product_shipping_class-low-end","9":"pa_accessory-type-complements","11":"first","12":"outofstock","13":"sold-individually","14":"taxable","15":"shipping-taxable","16":"purchasable","17":"product-type-simple"},"acf":[],"aioseo_notices":[],"_links":{"self":[{"href":"https:\/\/gpdstore.net\/fr\/wp-json\/wp\/v2\/product\/7573","targetHints":{"allow":["GET"]}}],"collection":[{"href":"https:\/\/gpdstore.net\/fr\/wp-json\/wp\/v2\/product"}],"about":[{"href":"https:\/\/gpdstore.net\/fr\/wp-json\/wp\/v2\/types\/product"}],"wp:featuredmedia":[{"embeddable":true,"href":"https:\/\/gpdstore.net\/fr\/wp-json\/wp\/v2\/media\/7575"}],"wp:attachment":[{"href":"https:\/\/gpdstore.net\/fr\/wp-json\/wp\/v2\/media?parent=7573"}],"wp:term":[{"taxonomy":"product_brand","embeddable":true,"href":"https:\/\/gpdstore.net\/fr\/wp-json\/wp\/v2\/product_brand?post=7573"},{"taxonomy":"product_cat","embeddable":true,"href":"https:\/\/gpdstore.net\/fr\/wp-json\/wp\/v2\/product_cat?post=7573"},{"taxonomy":"product_tag","embeddable":true,"href":"https:\/\/gpdstore.net\/fr\/wp-json\/wp\/v2\/product_tag?post=7573"},{"taxonomy":"woo-feed-brand","embeddable":true,"href":"https:\/\/gpdstore.net\/fr\/wp-json\/wp\/v2\/woo-feed-brand?post=7573"}],"curies":[{"name":"wp","href":"https:\/\/api.w.org\/{rel}","templated":true}]}}