{"id":7520,"date":"2023-03-26T17:20:14","date_gmt":"2023-03-26T17:20:14","guid":{"rendered":"https:\/\/gpdstore.net\/non%20class\u00e9\/gpd-win-max-2-pc-portable-de-jeu\/"},"modified":"2026-04-02T03:46:21","modified_gmt":"2026-04-02T03:46:21","slug":"gpd-win-max-2","status":"publish","type":"product","link":"https:\/\/gpdstore.net\/fr\/product\/gpd-win-max-2\/","title":{"rendered":"GPD WIN MAX 2 PC portable de jeu"},"content":{"rendered":"\n<p>Le GPD WIN MAX 2, disponible dans la boutique GPD, est un impressionnant Ultrabook qui combine le travail et le jeu en un seul appareil. Ce PC de jeu portable est dot\u00e9 d&#8217;un processeur AMD Ryzen 7 6800U haute performance avec huit c\u0153urs et seize threads, capable d&#8217;atteindre jusqu&#8217;\u00e0 4,7 GHz avec une puissance configurable de 15W-28W TDP. L&#8217;AMD Radeon 680M fournit jusqu&#8217;\u00e0 2,2 GHz de puissance, garantissant des images fluides sur l&#8217;\u00e9cran tactile de 10,1&#8243; IPS.<\/p>\n\n<p>Avec des dimensions compactes de 8,9 x 6,2 x 0,9 pouces (22,7 \u00d7 16,0 \u00d7 2,3 cm) et un poids l\u00e9g\u00e8rement sup\u00e9rieur \u00e0 un kilogramme, le GPD WIN MAX 2 est extr\u00eamement portable et peut facilement se glisser dans une sacoche d&#8217;ordinateur portable ou un \u00e9tui. Ce PC de jeu portable prend en charge jusqu&#8217;\u00e0 32 Go de RAM LPDDR5-6400 MT\/s et jusqu&#8217;\u00e0 2 To de SSD, avec un emplacement suppl\u00e9mentaire \u00e0 l&#8217;arri\u00e8re pouvant accueillir jusqu&#8217;\u00e0 2 To de m\u00e9moire m.2. PCIe 3.0 SSD.<\/p>\n\n<p>Le GPD WIN MAX 2 est \u00e9galement \u00e9quip\u00e9 de commandes de jeu compl\u00e8tes, notamment de deux sticks analogiques \u00e0 capteur d&#8217;effet Hall, d&#8217;un D-Pad de jeu et de g\u00e2chettes \u00e0 effet Hall. Il y a m\u00eame deux boutons suppl\u00e9mentaires \u00e0 l&#8217;arri\u00e8re qui peuvent \u00eatre configur\u00e9s \u00e0 votre guise. Cet ultrabook est \u00e9galement \u00e9quip\u00e9 du WiFi 6 et du Bluetooth 5.2, avec en option la prise en charge de la 4G LTE pour les donn\u00e9es mobiles.<\/p>\n\n<p>Le GPD WIN MAX 2 est aliment\u00e9 par une batterie Li-polym\u00e8re de 67Wh, qui permet jusqu&#8217;\u00e0 14 heures d&#8217;utilisation l\u00e9g\u00e8re, 6 \u00e0 8 heures d&#8217;utilisation mod\u00e9r\u00e9e et 3 heures d&#8217;utilisation intensive. De plus, gr\u00e2ce au port Thunderbolt 4, vous pouvez connecter une carte graphique externe (eGPU) pour des performances encore plus rapides. Il y a m\u00eame un HDMI 2.1 int\u00e9gr\u00e9 pour l&#8217;affichage sur deux moniteurs.<\/p>\n\n<p>Dans l&#8217;ensemble, le GPD WIN MAX 2 est un PC de jeu portable exceptionnel qui passe sans probl\u00e8me du travail au jeu, avec une grande autonomie de batterie. Que vous travailliez sur des documents bureautiques exigeants ou que vous vous adonniez \u00e0 vos jeux AAA pr\u00e9f\u00e9r\u00e9s, cet Ultrabook vous couvre.<\/p>\n\n<p><\/p>\n","protected":false},"excerpt":{"rendered":"<ul>\n<li>AMD <strong>Ryzen 7 6800U<\/strong> @2.7GHz TDP 15-28W<\/li>\n<li>AMD Radeon 680M <strong>12 CUs @2200 MHz<\/strong><\/li>\n<li><strong>jusqu&#8217;\u00e0 32GB LPDDR5-6400 MT\/s<\/strong><\/li>\n<li><strong>jusqu&#8217;\u00e0 2 To<\/strong> PCI-E <strong>NVMe<\/strong> haute vitesse SSD<\/li>\n<li>Prise en charge du WiFi 6 et du Bluetooth <strong>5.2<\/strong>  <\/li>\n<\/ul>\n[cg_accordion title=\"INFO PAIEMENT\"]<\/p>\n<p>Nous utilisons les derni\u00e8res technologies en mati\u00e8re de traitement des paiements, ce qui vous permet de r\u00e9gler vos achats par carte de d\u00e9bit\/cr\u00e9dit ou par PayPal pour une exp\u00e9rience rapide et s\u00e9curis\u00e9e.[\/cg_accordion]\n[cg_accordion title=\"GARANTIE\"]<\/p>\n<p>2 ans de garantie de <a href=\"https:\/\/droix.net\/\" target=\"_blank\" rel=\"nofollow noopener\">DROIX Global<\/a> pour votre tranquillit\u00e9 d&#8217;esprit[\/cg_accordion]\n[cg_accordion title=\"PRIX, TAXES ET FRAIS DE PORT\"]<\/p>\n<p><strong><u>Remarque :<\/u><\/strong><\/p>\n<ul>\n<li>Clients des \u00c9tats-Unis : Le prix affich\u00e9 n&#8217;inclut pas les taxes ni les droits de douane. La responsabilit\u00e9 du d\u00e9douanement et du paiement des taxes\/droits associ\u00e9s incombe au client. <\/li>\n<li>Clients de l&#8217;UE : Le prix affich\u00e9 inclut la TAXE applicable, qui peut s&#8217;\u00e9lever jusqu&#8217;\u00e0 25 % selon votre pays.<\/li>\n<li>Clients du Canada : Le prix affich\u00e9 comprend les taxes applicables, qui peuvent inclure la TPS de 5 % et des taxes de vente provinciales (TVP), la taxe de vente harmonis\u00e9e (TVH) ou la taxe de vente du Qu\u00e9bec (TVQ) suppl\u00e9mentaires, selon votre province.<\/li>\n<\/ul>\n<p><strong>Pour les clients de l&#8217;UE SEULEMENT :<\/strong> Express DDP (Delivered Duty Paid). Cela signifie que : <\/p>\n<ul>\n<li>Tous les droits de douane et taxes sont inclus dans le prix affich\u00e9 sur la page du produit.<\/li>\n<li>Vous n&#8217;aurez pas \u00e0 payer de frais suppl\u00e9mentaires \u00e0 la livraison.<\/li>\n<li>Dans les rares cas de probl\u00e8mes douaniers, notre \u00e9quipe s&#8217;occupera de la proc\u00e9dure de d\u00e9douanement en votre nom afin d&#8217;assurer une livraison sans probl\u00e8me.<\/li>\n<p>Informations importantes concernant les retours :<\/p>\n<li>Si vous d\u00e9cidez de retourner votre commande ou de demander un remboursement, sachez que les taxes et les droits pay\u00e9s en votre nom dans le cadre du DDP ne peuvent pas \u00eatre rembours\u00e9s.<\/li>\n<p>Veuillez vous r\u00e9f\u00e9rer \u00e0 nos <a href=\"https:\/\/droix.net\/terms-and-conditions\/\" target=\"_blank\" rel=\"nofollow noopener\">conditions g\u00e9n\u00e9rales<\/a> pour des informations d\u00e9taill\u00e9es.\n<\/ul>\n<p>[\/cg_accordion]\n[cg_accordion title=\"SOUTIEN \u00c0 LA CLIENT\u00c8LE\"]<\/p>\n<p>Vous avez une question ? Il suffit d&#8217;un petit texto pour que votre probl\u00e8me soit r\u00e9solu ! <\/p>\n<p>Veuillez vous r\u00e9f\u00e9rer \u00e0 nos <a href=\"https:\/\/gpdstore.net\/fr\/terms-of-service\/\" target=\"_blank\" rel=\"nofollow noopener\">conditions g\u00e9n\u00e9rales<\/a> pour des informations d\u00e9taill\u00e9es.\n<\/ul>\n<p>[\/cg_accordion]\n[cg_accordion title=\"CE QUI EST INCLUS\"]<\/p>\n<ul>\n<li>1x GPD WIN MAX 2<\/li>\n<li>1x Adaptateur d&#8217;alimentation<\/li>\n<li>1x C\u00e2ble USB Type-C<\/li>\n<li>1x Manuel de l&#8217;utilisateur<\/li>\n<\/ul>\n<p>[\/cg_accordion]\n","protected":false},"featured_media":7522,"template":"","meta":{"_acf_changed":false},"product_brand":[],"product_cat":[895],"product_tag":[2316],"woo-feed-brand":[899],"class_list":{"0":"post-7520","1":"product","2":"type-product","3":"status-publish","4":"has-post-thumbnail","6":"product_cat-gpd-pc-portable-pour-les-jeux","7":"product_tag-gpd-win-max-2-fr","8":"product_shipping_class-premium","9":"pa_bluetooth-5-2-fr","10":"pa_display-type-h-ips-fr","11":"pa_graphics-gpu-model-radeon-680m-fr","12":"pa_i-o-video-1x-hdmi-2-1-fr","13":"pa_i-o-video-via-1x-usb-4-0-type-c-40gb-s-fr","14":"pa_memory-ram-capacity-16gb-fr","15":"pa_memory-ram-capacity-32gb-fr","16":"pa_memory-ram-technology-lpddr5-fr","17":"pa_storage-capacity-1tb-fr","18":"pa_storage-capacity-2tb-fr","19":"pa_wi-fi-wi-fi-6-fr","20":"woo-feed-brand-gpd-fr","22":"first","23":"outofstock","24":"taxable","25":"shipping-taxable","26":"purchasable","27":"product-type-variable","28":"has-default-attributes"},"acf":[],"aioseo_notices":[],"_links":{"self":[{"href":"https:\/\/gpdstore.net\/fr\/wp-json\/wp\/v2\/product\/7520","targetHints":{"allow":["GET"]}}],"collection":[{"href":"https:\/\/gpdstore.net\/fr\/wp-json\/wp\/v2\/product"}],"about":[{"href":"https:\/\/gpdstore.net\/fr\/wp-json\/wp\/v2\/types\/product"}],"wp:featuredmedia":[{"embeddable":true,"href":"https:\/\/gpdstore.net\/fr\/wp-json\/wp\/v2\/media\/7522"}],"wp:attachment":[{"href":"https:\/\/gpdstore.net\/fr\/wp-json\/wp\/v2\/media?parent=7520"}],"wp:term":[{"taxonomy":"product_brand","embeddable":true,"href":"https:\/\/gpdstore.net\/fr\/wp-json\/wp\/v2\/product_brand?post=7520"},{"taxonomy":"product_cat","embeddable":true,"href":"https:\/\/gpdstore.net\/fr\/wp-json\/wp\/v2\/product_cat?post=7520"},{"taxonomy":"product_tag","embeddable":true,"href":"https:\/\/gpdstore.net\/fr\/wp-json\/wp\/v2\/product_tag?post=7520"},{"taxonomy":"woo-feed-brand","embeddable":true,"href":"https:\/\/gpdstore.net\/fr\/wp-json\/wp\/v2\/woo-feed-brand?post=7520"}],"curies":[{"name":"wp","href":"https:\/\/api.w.org\/{rel}","templated":true}]}}