{"id":6910,"date":"2024-08-22T08:22:33","date_gmt":"2024-08-22T08:22:33","guid":{"rendered":"https:\/\/gpdstore.net\/non%20class\u00e9\/gpd-p2-max-2022-mini-laptop\/"},"modified":"2025-12-23T10:06:15","modified_gmt":"2025-12-23T10:06:15","slug":"gpd-p2-max-2022-mini-laptop","status":"publish","type":"product","link":"https:\/\/gpdstore.net\/fr\/product\/gpd-p2-max-2022-mini-laptop\/","title":{"rendered":"GPD P2 Max 2022 Mini ordinateur portable"},"content":{"rendered":"\n<figure class=\"wp-block-image aligncenter\"><a href=\"https:\/\/droix.net\/wp-content\/uploads\/2022\/01\/GPD-P2-MAX-2022-MARKETING-IMAGE-1.png\"><img decoding=\"async\" src=\"https:\/\/droix.net\/wp-content\/uploads\/2022\/01\/GPD-P2-MAX-2022-MARKETING-IMAGE-1.png\" alt=\"GPD P2 Max 2022 Ultrabook avec stylet\" class=\"wp-image-10581\"\/><\/a><\/figure>\n\n<figure class=\"wp-block-image aligncenter\"><a href=\"https:\/\/droix.net\/wp-content\/uploads\/2022\/01\/GPD-P2-MAX-2022-MARKETING-IMAGE-2.png\"><img decoding=\"async\" src=\"https:\/\/droix.net\/wp-content\/uploads\/2022\/01\/GPD-P2-MAX-2022-MARKETING-IMAGE-2.png\" alt=\"GPD P2 Max 2022 Ultrabook avec clavier\" class=\"wp-image-10582\"\/><\/a><\/figure>\n\n<figure class=\"wp-block-image aligncenter\"><a href=\"https:\/\/droix.net\/wp-content\/uploads\/2022\/01\/GPD-P2-MAX-2022-MARKETING-IMAGE-3.png\"><img decoding=\"async\" src=\"https:\/\/droix.net\/wp-content\/uploads\/2022\/01\/GPD-P2-MAX-2022-MARKETING-IMAGE-3.png\" alt=\"GPD P2 Max L'ultrabook 2022 dot&#xE9; d'un capteur d'empreintes digitales\" class=\"wp-image-10583\"\/><\/a><\/figure>\n\n<figure class=\"wp-block-image aligncenter\"><a href=\"https:\/\/droix.net\/wp-content\/uploads\/2022\/01\/GPD-P2-MAX-2022-MARKETING-IMAGE-4.png\"><img decoding=\"async\" src=\"https:\/\/droix.net\/wp-content\/uploads\/2022\/01\/GPD-P2-MAX-2022-MARKETING-IMAGE-4.png\" alt=\"GPD P2 Max 2022 Ultrabook avec processeur\" class=\"wp-image-10584\"\/><\/a><\/figure>\n\n<figure class=\"wp-block-image aligncenter\"><a href=\"https:\/\/droix.net\/wp-content\/uploads\/2022\/01\/GPD-P2-MAX-2022-MARKETING-IMAGE-5.png\"><img decoding=\"async\" src=\"https:\/\/droix.net\/wp-content\/uploads\/2022\/01\/GPD-P2-MAX-2022-MARKETING-IMAGE-5.png\" alt=\"GPD P2 Max 2022 Ultrabook affichant usb c\" class=\"wp-image-10585\"\/><\/a><\/figure>\n\n<p><span data-contrast=\"none\">Le rafra\u00eechissement d&#8217;un ultrabook populaire est arriv\u00e9 ! Le <strong>GPD P2 Max 2022<\/strong> entre en sc\u00e8ne avec un certain nombre d&#8217;am\u00e9liorations qui lui permettent de rester \u00e0 jour et pertinent dans l&#8217;\u00e8re actuelle ! C&#8217;est le compagnon id\u00e9al pour les longs trajets, les \u00e9crivains itin\u00e9rants et toutes sortes d&#8217;autres situations.  <\/span><\/p>\n\n<p><span data-contrast=\"none\">Au c\u0153ur du <strong>P2 Max 2022<\/strong> se trouve le processeur Intel Pentium N6000. Ce processeur quadric\u0153ur allie efficacit\u00e9 \u00e9nerg\u00e9tique et performances respectables. Il g\u00e8re confortablement toutes les t\u00e2ches quotidiennes qui lui sont confi\u00e9es.  <\/span><\/p>\n\n<p><span data-contrast=\"none\"><strong>16 Go de RAM LPDDR4x<\/strong> garantissent des performances stables et fiables lors de l&#8217;ex\u00e9cution de t\u00e2ches multiples et de la production\/\u00e9dition de contenu. Combinez cela avec <strong>1 To de<\/strong> stockage <strong>NVMe rapide<\/strong>, et vous obtenez une station de travail merveilleusement flexible et hautement portable. <\/span><\/p>\n\n<p><span data-contrast=\"none\">Le grand <strong>\u00e9cran de 8,9 pouces affiche<\/strong> une r\u00e9solution impressionnante de 2 560 x 1 600 p. Il vous offre des images claires et nettes pour tous vos spectacles, photos, vid\u00e9os et autres. Cet \u00e9cran est \u00e9galement <strong>tactile<\/strong> et peut m\u00eame \u00eatre utilis\u00e9 avec des stylets ! <\/span><\/p>\n\n<p><span data-contrast=\"none\">En termes de connectivit\u00e9, ce <strong>mini-ordinateur portable<\/strong> en a juste assez \u00e0 disposition sans devenir trop encombrant. Avec deux ports USB de type A, un port USB de type C, une prise audio de 3,5 mm.   <\/span><strong><span data-contrast=\"none\">et<\/span><\/strong><span data-contrast=\"none\">  un port Micro HDMI, le P2 Max 2022 est aussi \u00e0 l&#8217;aise sur vos genoux que sur une station d&#8217;accueil ! Pour ceux qui pr\u00e9f\u00e8rent la connectivit\u00e9 sans fil, le <strong>GPD P2 Max 2022<\/strong> est \u00e9quip\u00e9 du Wi-Fi 6 pour une vitesse et une stabilit\u00e9 maximales du r\u00e9seau. <\/span>.<\/p>\n\n<p><\/p>\n","protected":false},"excerpt":{"rendered":"<ul>\n<li>Processeur Intel\u00ae Pentium\u00ae Silver N6000<\/li>\n<li><strong>16GB LPDDR4x RAM<\/strong> @2933Mhz<\/li>\n<li><strong>\u00c9cran tactile de 8,9 pouces \/ lecteur d&#8217;empreintes digitales<\/strong><\/li>\n<li><strong>1 To<\/strong> de PCI-E NVMe SSD<\/li>\n<li>Compatible avec <strong>Windows 11<\/strong><\/li>\n<\/ul>\n<p> [cg_accordion title=\"INFO PAIEMENT\"] Nous utilisons les derni\u00e8res technologies en mati\u00e8re de traitement des paiements, ce qui vous permet de r\u00e9gler vos achats via Apple Pay, Google Pay, votre carte de d\u00e9bit\/cr\u00e9dit, PayPal ou des m\u00e9thodes BNPL telles que Klarna, Affirm ou AfterPay pour une exp\u00e9rience rapide et s\u00e9curis\u00e9e.[\/cg_accordion] [cg_accordion title=\"GARANTIE\"] Garantie de 2 ans de <a href=\"https:\/\/droix.net\/\" target=\"_blank\" rel=\"nofollow noopener\">DROIX Global<\/a> pour votre tranquillit\u00e9 d&#8217;esprit.[\/cg_accordion] [cg_accordion title=\"PRICING, TAXES AND SHIPPING\"] <strong><u>Remarque :<\/u><\/strong><\/p>\n<ul>\n<li>Clients des \u00c9tats-Unis : Le prix affich\u00e9 n&#8217;inclut pas les taxes ni les droits de douane. La responsabilit\u00e9 du d\u00e9douanement et du paiement des taxes\/droits associ\u00e9s incombe au client. <\/li>\n<li>Clients de l&#8217;UE : Le prix affich\u00e9 inclut la TAXE applicable, qui peut s&#8217;\u00e9lever jusqu&#8217;\u00e0 25 % selon votre pays.<\/li>\n<li>Clients du Canada : Le prix affich\u00e9 comprend les taxes applicables, qui peuvent inclure la TPS de 5 % et des taxes de vente provinciales (TVP), la taxe de vente harmonis\u00e9e (TVH) ou la taxe de vente du Qu\u00e9bec (TVQ) suppl\u00e9mentaires, selon votre province.<\/li>\n<\/ul>\n<p><strong>Pour les clients de l&#8217;UE SEULEMENT :<\/strong> Express DDP (Delivered Duty Paid). Cela signifie que : <\/p>\n<ul>\n<li style=\"list-style-type: none;\">\n<ul>\n<li>Tous les droits de douane et taxes sont inclus dans le prix affich\u00e9 sur la page du produit.<\/li>\n<li>Vous n&#8217;aurez pas \u00e0 payer de frais suppl\u00e9mentaires \u00e0 la livraison.<\/li>\n<li>Dans les rares cas de probl\u00e8mes douaniers, notre \u00e9quipe s&#8217;occupera de la proc\u00e9dure de d\u00e9douanement en votre nom afin d&#8217;assurer une livraison sans probl\u00e8me.<\/li>\n<p>Informations importantes concernant les retours :<\/p>\n<li>Si vous d\u00e9cidez de retourner votre commande ou de demander un remboursement, sachez que les taxes et les droits pay\u00e9s en votre nom dans le cadre du DDP ne peuvent pas \u00eatre rembours\u00e9s.<\/li>\n<p>Veuillez vous r\u00e9f\u00e9rer \u00e0 notre<\/ul>\n<\/li>\n<\/ul>\n<p><a href=\"https:\/\/gpdstore.net\/fr\/terms-of-service\/\" target=\"_blank\" rel=\"nofollow noopener\">Conditions g\u00e9n\u00e9rales d&#8217;utilisation<\/a><\/p>\n<ul>pour obtenir des informations d\u00e9taill\u00e9es.<\/ul>\n<p>[\/cg_accordion] [cg_accordion title=\"SOUTIEN \u00c0 LA CLIENT\u00c8LE\"]  Vous avez une question ? Il suffit d&#8217;un petit texto pour que votre probl\u00e8me soit r\u00e9solu !   [\/cg_accordion] [cg_accordion title=\"WHAT'S INCLUDED\"]<\/p>\n<ul>\n<li>1x C\u00e2ble USB Type-C<\/li>\n<li>1x Adaptateur d&#8217;alimentation<\/li>\n<li>1x Manuel de l&#8217;utilisateur<\/li>\n<\/ul>\n<p>[\/cg_accordion]<\/p>\n","protected":false},"featured_media":6914,"template":"","meta":{"_acf_changed":false},"product_brand":[],"product_cat":[1140,1680],"product_tag":[3499],"woo-feed-brand":[899],"class_list":{"0":"post-6910","1":"product","2":"type-product","3":"status-publish","4":"has-post-thumbnail","6":"product_cat-mini-ordinateurs-portables-gpd","7":"product_cat-laptops","8":"product_tag-gpd-p2-max-fr-2","9":"product_shipping_class-premium","10":"pa_bluetooth-5-fr","11":"pa_brand-gpd","12":"pa_display-type-h-ips-fr","13":"pa_graphics-gpu-model-intel-uhd-graphics-fr","14":"pa_i-o-video-via-1x-usb-3-2-gen-2-type-c-fr","15":"pa_memory-ram-capacity-16gb-fr","16":"pa_memory-ram-technology-lpddr4x-fr","17":"pa_storage-capacity-1tb-fr","18":"pa_wi-fi-wi-fi-6-fr","19":"woo-feed-brand-gpd-fr","21":"first","22":"outofstock","23":"sale","24":"taxable","25":"shipping-taxable","26":"purchasable","27":"product-type-variable","28":"has-default-attributes"},"acf":[],"aioseo_notices":[],"_links":{"self":[{"href":"https:\/\/gpdstore.net\/fr\/wp-json\/wp\/v2\/product\/6910","targetHints":{"allow":["GET"]}}],"collection":[{"href":"https:\/\/gpdstore.net\/fr\/wp-json\/wp\/v2\/product"}],"about":[{"href":"https:\/\/gpdstore.net\/fr\/wp-json\/wp\/v2\/types\/product"}],"wp:featuredmedia":[{"embeddable":true,"href":"https:\/\/gpdstore.net\/fr\/wp-json\/wp\/v2\/media\/6914"}],"wp:attachment":[{"href":"https:\/\/gpdstore.net\/fr\/wp-json\/wp\/v2\/media?parent=6910"}],"wp:term":[{"taxonomy":"product_brand","embeddable":true,"href":"https:\/\/gpdstore.net\/fr\/wp-json\/wp\/v2\/product_brand?post=6910"},{"taxonomy":"product_cat","embeddable":true,"href":"https:\/\/gpdstore.net\/fr\/wp-json\/wp\/v2\/product_cat?post=6910"},{"taxonomy":"product_tag","embeddable":true,"href":"https:\/\/gpdstore.net\/fr\/wp-json\/wp\/v2\/product_tag?post=6910"},{"taxonomy":"woo-feed-brand","embeddable":true,"href":"https:\/\/gpdstore.net\/fr\/wp-json\/wp\/v2\/woo-feed-brand?post=6910"}],"curies":[{"name":"wp","href":"https:\/\/api.w.org\/{rel}","templated":true}]}}