{"id":6770,"date":"2024-08-12T15:37:31","date_gmt":"2024-08-12T15:37:31","guid":{"rendered":"https:\/\/gpdstore.net\/non%20class\u00e9\/droix-nt8-clear-usb-hub\/"},"modified":"2025-12-23T10:13:47","modified_gmt":"2025-12-23T10:13:47","slug":"droix-nt8-clear-usb-hub","status":"publish","type":"product","link":"https:\/\/gpdstore.net\/fr\/product\/droix-nt8-clear-usb-hub\/","title":{"rendered":"DroiX NT8 Clear USB Hub"},"content":{"rendered":"\n<h3 class=\"wp-block-heading\">DroiX NT8 Clear USB Hub : L&#8217;avenir de la connectivit\u00e9 cristalline !  <\/h3>\n\n<h3 class=\"wp-block-heading\">D\u00e9couvrez les vitesses Gigabit Ethernet  <\/h3>\n\n<p>Vous en avez assez de la lenteur de l&#8217;internet qui vous emp\u00eache d&#8217;avancer ? Entrez dans le futur avec le DroiX NT8 Clear USB Hub ! Ce n&#8217;est pas un hub comme les autres, c&#8217;est votre porte d&#8217;entr\u00e9e dans le monde ultra-rapide de l&#8217;Ethernet Gigabit RJ45 10\/100\/1000M. Que vous regardiez des flux en HD, que vous jouiez \u00e0 des jeux en ligne ou que vous naviguiez avec plusieurs onglets ouverts, vous b\u00e9n\u00e9ficierez de connexions stables et rapides comme l&#8217;\u00e9clair. Dites adieu \u00e0 la mise en m\u00e9moire tampon et au d\u00e9calage : tout se charge \u00e0 la vitesse de l&#8217;\u00e9clair !<\/p>\n\n<h3 class=\"wp-block-heading\">Une alimentation \u00e9lectrique rapide et efficace  <\/h3>\n\n<p>Dans un monde qui ne s&#8217;arr\u00eate jamais, vos appareils doivent suivre. Le DroiX NT8 a \u00e9t\u00e9 con\u00e7u dans un souci de puissance, supportant jusqu&#8217;\u00e0 100W de charge PD. Que vous alimentiez en jus un ordinateur portable, une console de jeu portable ou n&#8217;importe quel appareil USB Type-C, ce hub garantit une charge rapide, fiable et efficace. Plus besoin d&#8217;attendre : vos appareils seront sous tension et pr\u00eats \u00e0 tout moment.<\/p>\n\n<h3 class=\"wp-block-heading\">Des images 4K \u00e9poustouflantes  <\/h3>\n\n<p>Envie de visuels clairs comme de l&#8217;eau de roche ? Le DroiX NT8 Clear USB Hub offre une exp\u00e9rience cin\u00e9matographique au bout de vos doigts. Gr\u00e2ce \u00e0 la sortie vid\u00e9o HDMI 2.0, profitez d&#8217;une r\u00e9solution 4K 4096&#215;2160 ultra nette \u00e0 60 Hz. Que ce soit pour le travail, les loisirs ou les jeux, les images sont tellement claires et immersives que vous aurez l&#8217;impression d&#8217;\u00eatre au c\u0153ur de l&#8217;action.<\/p>\n\n<h3 class=\"wp-block-heading\">Connectivit\u00e9 USB in\u00e9gal\u00e9e  <\/h3>\n\n<p>Pourquoi vous limiter \u00e0 quelques connexions ? Le DroiX NT8 Clear USB Hub offre trois ports USB Type-A 3.0, ce qui vous permet de connecter tous vos appareils sans probl\u00e8me. Transf\u00e9rez des donn\u00e9es \u00e0 la vitesse de l&#8217;\u00e9clair, branchez des p\u00e9riph\u00e9riques ou chargez vos appareils, le tout avec la polyvalence et les performances que vous exigez. Avec le DroiX NT8, vous \u00eates toujours pr\u00eat \u00e0 vous connecter et \u00e0 partir.<\/p>\n\n<h3 class=\"wp-block-heading\">C\u00e2ble USB de type C \u00e0 la pointe de la technologie  <\/h3>\n\n<p>Le futur de la connectivit\u00e9 est l\u00e0 avec le c\u00e2ble USB Type-C du DroiX NT8. Con\u00e7ue pour des transferts de donn\u00e9es plus rapides et une charge efficace, cette solution moderne garantit une connexion rationnelle et universelle. Compatible avec une large gamme d&#8217;appareils, ce hub est un investissement \u00e0 l&#8217;\u00e9preuve du temps qui vous permet de rester connect\u00e9 en toute simplicit\u00e9.<\/p>\n\n<h3 class=\"wp-block-heading\">Acc\u00e8s facile aux m\u00e9dias  <\/h3>\n\n<p>Acc\u00e9dez \u00e0 vos fichiers multim\u00e9dia en quelques secondes gr\u00e2ce aux deux lecteurs de cartes SD du DroiX NT8. Qu&#8217;il s&#8217;agisse de photos, de vid\u00e9os ou de documents importants, ces lecteurs prennent en charge les cartes Micro SD et SD, offrant des vitesses de transfert allant jusqu&#8217;\u00e0 480 Mbps. Vous aurez toutes vos donn\u00e9es essentielles \u00e0 port\u00e9e de main, rapidement et sans probl\u00e8me.<\/p>\n\n<h3 class=\"wp-block-heading\">Un design compact, un impact massif  <\/h3>\n\n<p>Dans un monde de gadgets encombrants, le DroiX NT8 se distingue par son design \u00e9pur\u00e9 et compact. Mesurant seulement 104 x 43 x 13 mm, c&#8217;est le compagnon id\u00e9al pour ceux qui se d\u00e9placent. Que vous soyez dans un caf\u00e9, en r\u00e9union ou en d\u00e9placement, ce hub est suffisamment petit pour \u00eatre transport\u00e9 partout, mais suffisamment puissant pour avoir un impact important sur vos besoins de connectivit\u00e9.<\/p>\n\n<h3 class=\"wp-block-heading\">Compatibilit\u00e9 universelle  <\/h3>\n\n<p>Le DroiX NT8 Clear USB Hub n&#8217;est pas seulement polyvalent, il est aussi universellement compatible. Con\u00e7ue pour fonctionner de mani\u00e8re transparente avec les appareils USB Type-C tels que les PC, les mini-PC, les ordinateurs portables, les appareils de jeu portables et bien plus encore, c&#8217;est la solution tout-en-un que vous recherchiez. Plus besoin de jongler avec plusieurs concentrateurs, celui-ci est le seul dont vous aurez besoin.<\/p>\n\n<h3 class=\"wp-block-heading\">Conclusion : Une r\u00e9volution de la connectivit\u00e9  <\/h3>\n\n<p>Parmi la multitude de hubs USB, le DroiX NT8 Clear USB Hub se d\u00e9marque. Avec sa gamme impressionnante de fonctionnalit\u00e9s, son design compact et sa compatibilit\u00e9 universelle, c&#8217;est plus qu&#8217;un simple hub, c&#8217;est une r\u00e9volution en mati\u00e8re de connectivit\u00e9. Que vous soyez un passionn\u00e9 de technologie, un joueur ou un professionnel en d\u00e9placement, le DroiX NT8 est l&#8217;outil ultime pour \u00e9lever votre exp\u00e9rience technologique. Entrez dans le futur avec le DroiX NT8 &#8211; vos appareils vous en seront reconnaissants !<\/p>\n\n<p>Pour en savoir plus, consultez notre guide &#8221; <strong>Getting Started with the Droix NT8 Clear USB Hub&#8221; (D\u00e9marrer avec le hub USB transparent de Droix NT8<\/strong> ).<\/p>\n","protected":false},"excerpt":{"rendered":"<ul>\n<li>DroiX<strong> NT8<\/strong> Clear USB Hub<\/li>\n<li><strong>10\/100\/1000M<\/strong> Gigabit Ethernet<\/li>\n<li>Chargement PD 100W<\/li>\n<li><strong>Fente pour carte MicroSD \/ SD<\/strong> 480Mbps<\/li>\n<li>Sortie <strong>HDMI 4K<\/strong> <\/li>\n<\/ul>\n[cg_accordion title=\"INFO PAIEMENT\"]<\/p>\n<p>Nous utilisons les derni\u00e8res technologies en mati\u00e8re de traitement des paiements, ce qui vous permet de r\u00e9gler vos achats via Apple Pay, Google Pay, votre carte de d\u00e9bit\/cr\u00e9dit, PayPal ou des m\u00e9thodes BNPL telles que Klarna, Affirm ou AfterPay pour une exp\u00e9rience rapide et s\u00e9curis\u00e9e.[\/cg_accordion]\n[cg_accordion title=\"GARANTIE\"]<\/p>\n<p>2 ans de garantie de <a href=\"https:\/\/droix.net\/\" target=\"_blank\" rel=\"nofollow noopener\">DROIX Global<\/a> pour votre tranquillit\u00e9 d&#8217;esprit[\/cg_accordion]\n[cg_accordion title=\"PRIX, TAXES ET FRAIS DE PORT\"]<\/p>\n<p><strong><u>Remarque :<\/u><\/strong><\/p>\n<ul>\n<li>Clients des \u00c9tats-Unis : Le prix affich\u00e9 n&#8217;inclut pas les taxes ni les droits de douane. La responsabilit\u00e9 du d\u00e9douanement et du paiement des taxes\/droits associ\u00e9s incombe au client. <\/li>\n<li>Clients de l&#8217;UE : Le prix affich\u00e9 inclut la TAXE applicable, qui peut s&#8217;\u00e9lever jusqu&#8217;\u00e0 25 % selon votre pays.<\/li>\n<li>Clients du Canada : Le prix affich\u00e9 comprend les taxes applicables, qui peuvent inclure la TPS de 5 % et des taxes de vente provinciales (TVP), la taxe de vente harmonis\u00e9e (TVH) ou la taxe de vente du Qu\u00e9bec (TVQ) suppl\u00e9mentaires, selon votre province.<\/li>\n<\/ul>\n<p><strong>Pour les clients de l&#8217;UE SEULEMENT :<\/strong> Express DDP (Delivered Duty Paid). Cela signifie que : <\/p>\n<ul>\n<li>Tous les droits de douane et taxes sont inclus dans le prix affich\u00e9 sur la page du produit.<\/li>\n<li>Vous n&#8217;aurez pas \u00e0 payer de frais suppl\u00e9mentaires \u00e0 la livraison.<\/li>\n<li>Dans les rares cas de probl\u00e8mes douaniers, notre \u00e9quipe s&#8217;occupera de la proc\u00e9dure de d\u00e9douanement en votre nom afin d&#8217;assurer une livraison sans probl\u00e8me.<\/li>\n<p>Informations importantes concernant les retours :<\/p>\n<li>Si vous d\u00e9cidez de retourner votre commande ou de demander un remboursement, sachez que les taxes et les droits pay\u00e9s en votre nom dans le cadre du DDP ne peuvent pas \u00eatre rembours\u00e9s.<\/li>\n<p>Veuillez vous r\u00e9f\u00e9rer \u00e0 nos <a href=\"https:\/\/gpdstore.net\/fr\/terms-of-service\/\" target=\"_blank\" rel=\"nofollow noopener\">conditions g\u00e9n\u00e9rales<\/a> pour des informations d\u00e9taill\u00e9es.\n<\/ul>\n<p>[\/cg_accordion]\n[cg_accordion title=\"SOUTIEN \u00c0 LA CLIENT\u00c8LE\"]<\/p>\n<p>Vous avez une question ? Il suffit d&#8217;un petit texto pour que votre probl\u00e8me soit r\u00e9solu !<br \/>\n[\/cg_accordion]\n[cg_accordion title=\"CE QUI EST INCLUS\"]<\/p>\n<ul>\n<li>1x DroiX NT8 Clear USB Hub<\/li>\n<\/ul>\n<p>[\/cg_accordion]\n","protected":false},"featured_media":17122,"template":"","meta":{"_acf_changed":false},"product_brand":[],"product_cat":[1221],"product_tag":[3203],"woo-feed-brand":[2433],"class_list":{"0":"post-6770","1":"product","2":"type-product","3":"status-publish","4":"has-post-thumbnail","6":"product_cat-accessoires-fr","7":"product_tag-droix-hub-fr","8":"product_shipping_class-low-end","9":"pa_i-o-video-1x-hdmi-fr","10":"woo-feed-brand-droix-fr","12":"first","13":"outofstock","14":"sale","15":"taxable","16":"shipping-taxable","17":"purchasable","18":"product-type-simple"},"acf":[],"aioseo_notices":[],"_links":{"self":[{"href":"https:\/\/gpdstore.net\/fr\/wp-json\/wp\/v2\/product\/6770","targetHints":{"allow":["GET"]}}],"collection":[{"href":"https:\/\/gpdstore.net\/fr\/wp-json\/wp\/v2\/product"}],"about":[{"href":"https:\/\/gpdstore.net\/fr\/wp-json\/wp\/v2\/types\/product"}],"wp:featuredmedia":[{"embeddable":true,"href":"https:\/\/gpdstore.net\/fr\/wp-json\/wp\/v2\/media\/17122"}],"wp:attachment":[{"href":"https:\/\/gpdstore.net\/fr\/wp-json\/wp\/v2\/media?parent=6770"}],"wp:term":[{"taxonomy":"product_brand","embeddable":true,"href":"https:\/\/gpdstore.net\/fr\/wp-json\/wp\/v2\/product_brand?post=6770"},{"taxonomy":"product_cat","embeddable":true,"href":"https:\/\/gpdstore.net\/fr\/wp-json\/wp\/v2\/product_cat?post=6770"},{"taxonomy":"product_tag","embeddable":true,"href":"https:\/\/gpdstore.net\/fr\/wp-json\/wp\/v2\/product_tag?post=6770"},{"taxonomy":"woo-feed-brand","embeddable":true,"href":"https:\/\/gpdstore.net\/fr\/wp-json\/wp\/v2\/woo-feed-brand?post=6770"}],"curies":[{"name":"wp","href":"https:\/\/api.w.org\/{rel}","templated":true}]}}