{"id":6761,"date":"2024-08-12T15:14:19","date_gmt":"2024-08-12T15:14:19","guid":{"rendered":"https:\/\/gpdstore.net\/non%20class\u00e9\/droix-nh8-hub-usb-avec-nvme\/"},"modified":"2025-12-23T10:13:59","modified_gmt":"2025-12-23T10:13:59","slug":"droix-nh8-nvme-usb-hub","status":"publish","type":"product","link":"https:\/\/gpdstore.net\/fr\/product\/droix-nh8-nvme-usb-hub\/","title":{"rendered":"DroiX NH8 Hub USB avec NVMe"},"content":{"rendered":"\n<h3 class=\"wp-block-heading\">Le Hub DroiX NH8 avec slot NVMe : votre solution de connectivit\u00e9 ultime !<\/h3>\n\n<h3 class=\"wp-block-heading\">Gigabit Ethernet rapide comme l&#8217;\u00e9clair<\/h3>\n\n<p>Entrez dans le futur de la connectivit\u00e9 internet avec le Hub DroiX NH8 ! Dot\u00e9 d&#8217;un port Gigabit Ethernet RJ45 10\/100\/1000M robuste, ce hub offre une connexion Internet rapide comme l&#8217;\u00e9clair, stable et ultra fiable. Que vous soyez en train de jouer, de streamer ou de passer un appel vid\u00e9o important, exp\u00e9rimentez les performances fluides et sans d\u00e9calage que seule une connexion filaire peut vous offrir. Dites adieu aux probl\u00e8mes de Wi-Fi et bonjour \u00e0 un acc\u00e8s haut d\u00e9bit constant !   <\/p>\n\n<h3 class=\"wp-block-heading\">Une sortie vid\u00e9o \u00e0 couper le souffle<\/h3>\n\n<p>Transformez votre exp\u00e9rience visuelle gr\u00e2ce au support HDMI 2.0 du DroiX NH8 Hub. Que vous plongiez dans un film 4K, que vous fassiez une pr\u00e9sentation \u00e0 un client ou que vous jouiez \u00e0 des r\u00e9solutions \u00e9lev\u00e9es, le hub produit des images \u00e9poustouflantes \u00e0 une r\u00e9solution de 4096&#215;2160 avec un taux de rafra\u00eechissement fluide de 60 Hz. Pr\u00e9parez-vous \u00e0 \u00eatre captiv\u00e9 par les couleurs \u00e9clatantes et les d\u00e9tails pr\u00e9cis qui vous plongeront dans chaque image.  <\/p>\n\n<h3 class=\"wp-block-heading\">Extension du stockage sans effort<\/h3>\n\n<p>Vous \u00eates \u00e0 court d&#8217;espace de stockage ? Le DroiX NH8 Hub est l\u00e0 pour vous aider. Gr\u00e2ce \u00e0 son emplacement PCIe NVMe int\u00e9gr\u00e9, l&#8217;extension de votre stockage n&#8217;a jamais \u00e9t\u00e9 aussi facile. Id\u00e9al pour les applications haute performance ou le stockage de fichiers volumineux, cet emplacement prend en charge des taux de transfert de donn\u00e9es ultra-rapides, garantissant ainsi le fonctionnement fluide et efficace de votre syst\u00e8me. Personnalisez votre stockage en fonction de vos besoins et assurez \u00e0 votre appareil des performances optimales.    <\/p>\n\n<h3 class=\"wp-block-heading\">Transfert de donn\u00e9es \u00e0 haut d\u00e9bit<\/h3>\n\n<p>Vous avez besoin de transf\u00e9rer des fichiers volumineux en un clin d&#8217;\u0153il ? Le hub DroiX NH8 est dot\u00e9 d&#8217;un port USB Type-A 3.0, offrant des vitesses de transfert de donn\u00e9es rapides qui font de la gestion des fichiers un jeu d&#8217;enfant. Que vous connectiez des p\u00e9riph\u00e9riques, chargiez des appareils ou transf\u00e9riez des donn\u00e9es, ce hub garantit que tout est fait rapidement et efficacement, ce qui vous fait gagner un temps pr\u00e9cieux.  <\/p>\n\n<h3 class=\"wp-block-heading\">Compatibilit\u00e9 universelle USB Type-C<\/h3>\n\n<p>Le Hub DroiX NH8 est \u00e9quip\u00e9 d&#8217;un c\u00e2ble USB Type-C polyvalent, offrant une compatibilit\u00e9 universelle sur une large gamme d&#8217;appareils. Ce c\u00e2ble tout-en-un prend non seulement en charge un transfert de donn\u00e9es rapide, mais aussi une charge efficace, ce qui en fait un compagnon essentiel pour vos besoins de connectivit\u00e9. Plus besoin de t\u00e2tonner avec plusieurs c\u00e2bles : restez connect\u00e9 en toute simplicit\u00e9.  <\/p>\n\n<h3 class=\"wp-block-heading\">Acc\u00e8s transparent aux m\u00e9dias<\/h3>\n\n<p>Acc\u00e9dez et transf\u00e9rez vos m\u00e9dias sans effort gr\u00e2ce au lecteur de carte SD int\u00e9gr\u00e9 au DroiX NH8 Hub. Compatible avec les cartes Micro SD et SD, cette fonctionnalit\u00e9 vous permet de sauvegarder ou d&#8217;acc\u00e9der rapidement \u00e0 vos fichiers, qu&#8217;il s&#8217;agisse de photos, de vid\u00e9os ou de documents importants. La commodit\u00e9 n&#8217;a jamais \u00e9t\u00e9 aussi accessible.  <\/p>\n\n<h3 class=\"wp-block-heading\">Une polyvalence in\u00e9gal\u00e9e<\/h3>\n\n<p>Ce qui distingue v\u00e9ritablement le hub DroiX NH8, c&#8217;est sa polyvalence in\u00e9gal\u00e9e. Con\u00e7u pour fonctionner de mani\u00e8re transparente avec une large gamme d&#8217;appareils USB Type-C &#8211; qu&#8217;il s&#8217;agisse de PC, de mini-PC, d&#8217;ordinateurs portables, d&#8217;appareils de jeu portables, ou plus encore &#8211; ce hub s&#8217;adapte \u00e0 vos besoins, offrant des performances de premier ordre sur toute la ligne. Ce n&#8217;est pas seulement un hub, c&#8217;est une centrale de connectivit\u00e9.  <\/p>\n\n<h3 class=\"wp-block-heading\">Conclusion : Am\u00e9liorez votre exp\u00e9rience de la connectivit\u00e9<\/h3>\n\n<p>Le DroiX NH8 Hub est plus qu&#8217;un simple outil de connectivit\u00e9, c&#8217;est une solution compl\u00e8te con\u00e7ue pour r\u00e9pondre aux divers besoins des utilisateurs d&#8217;aujourd&#8217;hui. Chaque caract\u00e9ristique est le reflet d&#8217;une conception sup\u00e9rieure, de performances exceptionnelles et d&#8217;une approche avant-gardiste de la connectivit\u00e9. Am\u00e9liorez votre exp\u00e9rience et transformez la fa\u00e7on dont vous vous connectez avec le DroiX NH8 Hub !  <\/p>\n\n<p>Pour en savoir plus, consultez notre guide &#8221; <strong>Getting Started with the Droix NH8 USB Hub&#8221;<\/strong>.<\/p>\n\n<p><\/p>\n","protected":false},"excerpt":{"rendered":"<ul>\n<li>DroiX<strong> NH8 <\/strong>Hub USB avec NVMe<\/li>\n<li><strong>10\/100\/1000M<\/strong> Gigabit Ethernet<\/li>\n<li><strong>Emplacement PCIe NVMe int\u00e9gr\u00e9<\/strong> pour l&#8217;extension du stockage<\/li>\n<li><strong>Sortie d&#8217;affichage 4K<\/strong> via HDMI<\/li>\n<li><strong>Fente pour carte MicroSD \/ SD<\/strong> &#8211; Jusqu&#8217;\u00e0 5Gbps<\/li>\n<\/ul>\n[cg_accordion title=\"INFO PAIEMENT\"]<\/p>\n<p>Nous utilisons les derni\u00e8res technologies en mati\u00e8re de traitement des paiements, ce qui vous permet de r\u00e9gler vos achats par carte de d\u00e9bit\/cr\u00e9dit ou par PayPal pour une exp\u00e9rience rapide et s\u00e9curis\u00e9e.[\/cg_accordion]\n[cg_accordion title=\"GARANTIE\"]<\/p>\n<p>2 ans de garantie de <a href=\"https:\/\/droix.net\/\" target=\"_blank\" rel=\"nofollow noopener\">DROIX Global<\/a> pour votre tranquillit\u00e9 d&#8217;esprit[\/cg_accordion]\n[cg_accordion title=\"ASSURANCE QUALIT\u00c9 ET ESSAIS AVANT EXP\u00c9DITION\"]<\/p>\n<p>Garantir la satisfaction du client au plus haut niveau : Chaque appareil est soumis \u00e0 des tests rigoureux et \u00e0 un contr\u00f4le de qualit\u00e9 en plusieurs points avant d&#8217;\u00eatre exp\u00e9di\u00e9. Notre \u00e9quipe sp\u00e9cialis\u00e9e v\u00e9rifie les performances, la fonctionnalit\u00e9 et l&#8217;int\u00e9grit\u00e9 des composants afin de garantir que votre appareil GPD est en parfait \u00e9tat de fonctionnement d\u00e8s son arriv\u00e9e, ce qui vous assure confiance et tranquillit\u00e9 d&#8217;esprit. [\/cg_accordion]\n[cg_accordion title=\"PRIX, TAXES ET FRAIS DE PORT\"]<\/p>\n<p><strong><u>Note :<\/u><\/strong><\/p>\n<ul>\n<li>Clients des \u00c9tats-Unis : Le prix affich\u00e9 n&#8217;inclut pas les taxes ni les droits de douane. La responsabilit\u00e9 du d\u00e9douanement et du paiement des taxes\/droits associ\u00e9s incombe au client. <\/li>\n<li>Clients de l&#8217;UE : Le prix affich\u00e9 inclut la TAXE applicable, qui peut s&#8217;\u00e9lever jusqu&#8217;\u00e0 25 % selon votre pays.<\/li>\n<li>Clients du Canada : Le prix affich\u00e9 comprend les taxes applicables, qui peuvent inclure la TPS de 5 % et des taxes de vente provinciales (TVP), la taxe de vente harmonis\u00e9e (TVH) ou la taxe de vente du Qu\u00e9bec (TVQ) suppl\u00e9mentaires, selon votre province.<\/li>\n<\/ul>\n<p><strong>Pour les clients de l&#8217;UE SEULEMENT :<\/strong> Express DDP (Delivered Duty Paid). Cela signifie que : <\/p>\n<ul>\n<li>Tous les droits de douane et taxes sont inclus dans le prix affich\u00e9 sur la page du produit.<\/li>\n<li>Vous n&#8217;aurez pas \u00e0 payer de frais suppl\u00e9mentaires \u00e0 la livraison.<\/li>\n<li>Dans les rares cas de probl\u00e8mes douaniers, notre \u00e9quipe s&#8217;occupera de la proc\u00e9dure de d\u00e9douanement en votre nom afin d&#8217;assurer une livraison sans probl\u00e8me.<\/li>\n<p>Informations importantes concernant les retours :<\/p>\n<li>Si vous d\u00e9cidez de retourner votre commande ou de demander un remboursement, sachez que les taxes et les droits pay\u00e9s en votre nom dans le cadre du programme DDP ne peuvent pas \u00eatre rembours\u00e9s.<\/li>\n<p>Veuillez vous r\u00e9f\u00e9rer \u00e0 nos <a href=\"https:\/\/droix.net\/terms-and-conditions\/\" target=\"_blank\" rel=\"nofollow noopener\">conditions g\u00e9n\u00e9rales<\/a> pour plus d&#8217;informations.\n<\/ul>\n<p>[\/cg_accordion]\n[cg_accordion title=\"SOUTIEN \u00c0 LA CLIENT\u00c8LE\"]<\/p>\n<p>Vous avez une question ? Il suffit d&#8217;un petit texte pour que votre probl\u00e8me soit r\u00e9solu ! <\/p>\n<p>Veuillez vous r\u00e9f\u00e9rer \u00e0 nos <a href=\"https:\/\/gpdstore.net\/fr\/terms-of-service\/\" target=\"_blank\" rel=\"nofollow noopener\">conditions g\u00e9n\u00e9rales<\/a> pour plus d&#8217;informations.\n<\/ul>\n<p>[\/cg_accordion]\n[cg_accordion title=\"CE QUI EST INCLUS\"]<\/p>\n<ul>\n<li>1x DroiX NH8 Hub USB avec NVMe<\/li>\n<\/ul>\n<p>[\/cg_accordion]\n","protected":false},"featured_media":17046,"template":"","meta":{"_acf_changed":false},"product_brand":[],"product_cat":[1221],"product_tag":[14820,3203],"woo-feed-brand":[2433],"class_list":{"0":"post-6761","1":"product","2":"type-product","3":"status-publish","4":"has-post-thumbnail","6":"product_cat-accessoires-fr","7":"product_tag-40xmsale-fr","8":"product_tag-droix-hub-fr","9":"product_shipping_class-low-end","10":"pa_brand-droix","11":"pa_i-o-video-1x-hdmi-fr","12":"woo-feed-brand-droix-fr","14":"first","15":"outofstock","16":"sale","17":"taxable","18":"shipping-taxable","19":"purchasable","20":"product-type-variable","21":"has-default-attributes"},"acf":[],"aioseo_notices":[],"_links":{"self":[{"href":"https:\/\/gpdstore.net\/fr\/wp-json\/wp\/v2\/product\/6761","targetHints":{"allow":["GET"]}}],"collection":[{"href":"https:\/\/gpdstore.net\/fr\/wp-json\/wp\/v2\/product"}],"about":[{"href":"https:\/\/gpdstore.net\/fr\/wp-json\/wp\/v2\/types\/product"}],"wp:featuredmedia":[{"embeddable":true,"href":"https:\/\/gpdstore.net\/fr\/wp-json\/wp\/v2\/media\/17046"}],"wp:attachment":[{"href":"https:\/\/gpdstore.net\/fr\/wp-json\/wp\/v2\/media?parent=6761"}],"wp:term":[{"taxonomy":"product_brand","embeddable":true,"href":"https:\/\/gpdstore.net\/fr\/wp-json\/wp\/v2\/product_brand?post=6761"},{"taxonomy":"product_cat","embeddable":true,"href":"https:\/\/gpdstore.net\/fr\/wp-json\/wp\/v2\/product_cat?post=6761"},{"taxonomy":"product_tag","embeddable":true,"href":"https:\/\/gpdstore.net\/fr\/wp-json\/wp\/v2\/product_tag?post=6761"},{"taxonomy":"woo-feed-brand","embeddable":true,"href":"https:\/\/gpdstore.net\/fr\/wp-json\/wp\/v2\/woo-feed-brand?post=6761"}],"curies":[{"name":"wp","href":"https:\/\/api.w.org\/{rel}","templated":true}]}}