{"id":6720,"date":"2024-07-12T13:07:42","date_gmt":"2024-07-12T13:07:42","guid":{"rendered":"https:\/\/gpdstore.net\/non%20class\u00e9\/moniteur-portable-156-4k-avec-ecran-tactile\/"},"modified":"2025-12-23T10:13:50","modified_gmt":"2025-12-23T10:13:50","slug":"15-6-4k-portable-monitor-with-touchscreen","status":"publish","type":"product","link":"https:\/\/gpdstore.net\/fr\/product\/15-6-4k-portable-monitor-with-touchscreen\/","title":{"rendered":"Moniteur portable 15,6&#8243; 4K avec \u00e9cran tactile"},"content":{"rendered":"\n<p>D\u00e9couvrez le moniteur portable S23b-1 4K : Am\u00e9liorez votre exp\u00e9rience visuelle o\u00f9 que vous soyez<\/p>\n\n<p>Faites l&#8217;exp\u00e9rience d&#8217;une clart\u00e9 visuelle et d&#8217;une brillance in\u00e9gal\u00e9es avec le moniteur portable S23b-1 4K. Con\u00e7u pour ceux qui exigent le meilleur des \u00e9crans portables, ce moniteur offre une r\u00e9solution 4K UHD \u00e9poustouflante sur un \u00e9cran compact de 15,6 pouces. Qu&#8217;il s&#8217;agisse de retoucher des photos haute r\u00e9solution, de concevoir des graphiques complexes ou de plonger dans des univers de jeu immersifs, le S23b-1 garantit que chaque d\u00e9tail prend vie avec une pr\u00e9cision exceptionnelle et des couleurs \u00e9clatantes.<\/p>\n\n<p>Con\u00e7u avec un \u00e9cran TFT IPS LCD , vous b\u00e9n\u00e9ficiez d&#8217;une pr\u00e9cision des couleurs sup\u00e9rieure et de larges angles de vision, parfaits pour partager du contenu avec des amis ou collaborer avec des coll\u00e8gues. L&#8217;\u00e9cran tactile capacitif G+G am\u00e9liore votre interaction, offrant un contr\u00f4le pr\u00e9cis et une navigation fluide dans les menus et les documents.<\/p>\n\n<p>La connectivit\u00e9 se fait sans effort avec le mini port HDMI et les deux ports Type-C, prenant en charge la fourniture d&#8217;\u00e9nergie et le transfert de donn\u00e9es \u00e0 grande vitesse sur plusieurs appareils. Pour plus de commodit\u00e9, il y a un port casque pour une \u00e9coute priv\u00e9e et un port Micro-USB pour les p\u00e9riph\u00e9riques tels que les claviers et les souris.<\/p>\n\n<p>Fabriqu\u00e9 en alliage d&#8217;aluminium durable, le S23b-1 associe un profil \u00e9l\u00e9gant et incroyablement fin \u00e0 une portabilit\u00e9 l\u00e9g\u00e8re, ce qui en fait le compagnon id\u00e9al pour les voyages ou les d\u00e9placements entre les espaces de travail. L&#8217;\u00e9tui pliable sert \u00e9galement de support pour un positionnement stable sur n&#8217;importe quelle surface plane, ce qui garantit la polyvalence de l&#8217;appareil, o\u00f9 que vous alliez.<\/p>\n\n<p>Pour :<\/p>\n\n<ul class=\"wp-block-list\">\n<li>Un \u00e9cran 4K UHD \u00e9poustouflant pour des images immersives<\/li>\n\n\n\n<li>Options de connectivit\u00e9 polyvalentes, y compris les ports HDMI Mini et Type-C<\/li>\n\n\n\n<li>Conception \u00e9l\u00e9gante et l\u00e9g\u00e8re en alliage d&#8217;aluminium de haute qualit\u00e9<\/li>\n\n\n\n<li>\u00c9cran tactile capacitif G+G pour une interaction intuitive<\/li>\n<\/ul>\n\n<p>Cons :<\/p>\n\n<ul class=\"wp-block-list\">\n<li>Limit\u00e9 \u00e0 un \u00e9cran de 15,6 pouces<\/li>\n\n\n\n<li>Les haut-parleurs int\u00e9gr\u00e9s risquent de ne pas \u00eatre \u00e0 la hauteur de la qualit\u00e9 audio externe<\/li>\n<\/ul>\n\n<p>Que vous soyez un professionnel cr\u00e9atif, un joueur inv\u00e9t\u00e9r\u00e9 ou un passionn\u00e9 en d\u00e9placement, le moniteur portable 4K S23b-1 red\u00e9finit l&#8217;excellence en mati\u00e8re d&#8217;affichage portable, en offrant des performances exceptionnelles dans un format compact.<\/p>\n","protected":false},"excerpt":{"rendered":"<ul>\n<li>Moniteur portable <strong>15,6&#8243; 4K<\/strong> avec \u00e9cran tactile pour la haute d\u00e9finition<\/li>\n<li>Taille compacte de 14,17 x 8,4 x 0,43 pouces et poids de <strong>920g<\/strong><\/li>\n<li>\u00c9cran tactile compatible avec <strong>MacOS<\/strong><\/li>\n<li>L&#8217;\u00e9cran tactile <strong>prend en charge la saisie tactile<\/strong> sur les appareils compatibles<\/li>\n<li><strong>Alimentation par USB<\/strong>, prise en charge de mini-HDMI, USB Type-C<\/li>\n<\/ul>\n[cg_accordion title=\"INFO PAIEMENT\"]<\/p>\n<p>Nous utilisons les derni\u00e8res technologies en mati\u00e8re de traitement des paiements, ce qui vous permet de r\u00e9gler vos achats par carte de d\u00e9bit\/cr\u00e9dit ou par PayPal pour une exp\u00e9rience rapide et s\u00e9curis\u00e9e.[\/cg_accordion]\n[cg_accordion title=\"GARANTIE\"]<\/p>\n<p>2 ans de garantie de <a href=\"https:\/\/droix.net\/\" target=\"_blank\" rel=\"nofollow noopener\">DROIX Global<\/a> pour votre tranquillit\u00e9 d&#8217;esprit[\/cg_accordion]\n[cg_accordion title=\"PRIX, TAXES ET FRAIS DE PORT\"]<\/p>\n<p><strong><u>Remarque :<\/u><\/strong><\/p>\n<ul>\n<li>Clients des \u00c9tats-Unis : Le prix affich\u00e9 n&#8217;inclut pas les taxes ni les droits de douane. La responsabilit\u00e9 du d\u00e9douanement et du paiement des taxes\/droits associ\u00e9s incombe au client. <\/li>\n<li>Clients de l&#8217;UE : Le prix affich\u00e9 inclut la TAXE applicable, qui peut s&#8217;\u00e9lever jusqu&#8217;\u00e0 25 % selon votre pays.<\/li>\n<li>Clients du Canada : Le prix affich\u00e9 comprend les taxes applicables, qui peuvent inclure la TPS de 5 % et des taxes de vente provinciales (TVP), la taxe de vente harmonis\u00e9e (TVH) ou la taxe de vente du Qu\u00e9bec (TVQ) suppl\u00e9mentaires, selon votre province.<\/li>\n<\/ul>\n<p><strong>Pour les clients de l&#8217;UE SEULEMENT :<\/strong> Express DDP (Delivered Duty Paid). Cela signifie que : <\/p>\n<ul>\n<li>Tous les droits de douane et taxes sont inclus dans le prix affich\u00e9 sur la page du produit.<\/li>\n<li>Vous n&#8217;aurez pas \u00e0 payer de frais suppl\u00e9mentaires \u00e0 la livraison.<\/li>\n<li>Dans les rares cas de probl\u00e8mes douaniers, notre \u00e9quipe s&#8217;occupera de la proc\u00e9dure de d\u00e9douanement en votre nom afin d&#8217;assurer une livraison sans probl\u00e8me.<\/li>\n<p>Informations importantes concernant les retours :<\/p>\n<li>Si vous d\u00e9cidez de retourner votre commande ou de demander un remboursement, sachez que les taxes et les droits pay\u00e9s en votre nom dans le cadre du DDP ne peuvent pas \u00eatre rembours\u00e9s.<\/li>\n<p>Veuillez vous r\u00e9f\u00e9rer \u00e0 nos <a href=\"https:\/\/droix.net\/terms-and-conditions\/\" target=\"_blank\" rel=\"nofollow noopener\">conditions g\u00e9n\u00e9rales<\/a> pour des informations d\u00e9taill\u00e9es.\n<\/ul>\n<p>[\/cg_accordion]\n[cg_accordion title=\"SOUTIEN \u00c0 LA CLIENT\u00c8LE\"]<\/p>\n<p>Vous avez une question ? Il suffit d&#8217;un petit texto pour que votre probl\u00e8me soit r\u00e9solu ! <\/p>\n<p>Veuillez vous r\u00e9f\u00e9rer \u00e0 nos <a href=\"https:\/\/gpdstore.net\/fr\/terms-of-service\/\" target=\"_blank\" rel=\"nofollow noopener\">conditions g\u00e9n\u00e9rales<\/a> pour des informations d\u00e9taill\u00e9es.\n<\/ul>\n<p>[\/cg_accordion]\n[cg_accordion title=\"CE QUI EST INCLUS\"]<\/p>\n<ul>\n<li>1x fiche d&#8217;alimentation (UE\/US)<\/li>\n<li>1x Manuel de l&#8217;utilisateur<\/li>\n<\/ul>\n<p>[\/cg_accordion]\n","protected":false},"featured_media":15922,"template":"","meta":{"_acf_changed":false},"product_brand":[],"product_cat":[2430],"product_tag":[2431,2432],"woo-feed-brand":[2433],"class_list":{"0":"post-6720","1":"product","2":"type-product","3":"status-publish","4":"has-post-thumbnail","6":"product_cat-moniteurs-portables","7":"product_tag-30gpdsale-fr","8":"product_tag-moniteur-portable-droix","9":"product_shipping_class-standard","10":"pa_brand-droix","11":"woo-feed-brand-droix-fr","13":"first","14":"outofstock","15":"sale","16":"taxable","17":"shipping-taxable","18":"purchasable","19":"product-type-variable","20":"has-default-attributes"},"acf":[],"aioseo_notices":[],"_links":{"self":[{"href":"https:\/\/gpdstore.net\/fr\/wp-json\/wp\/v2\/product\/6720","targetHints":{"allow":["GET"]}}],"collection":[{"href":"https:\/\/gpdstore.net\/fr\/wp-json\/wp\/v2\/product"}],"about":[{"href":"https:\/\/gpdstore.net\/fr\/wp-json\/wp\/v2\/types\/product"}],"wp:featuredmedia":[{"embeddable":true,"href":"https:\/\/gpdstore.net\/fr\/wp-json\/wp\/v2\/media\/15922"}],"wp:attachment":[{"href":"https:\/\/gpdstore.net\/fr\/wp-json\/wp\/v2\/media?parent=6720"}],"wp:term":[{"taxonomy":"product_brand","embeddable":true,"href":"https:\/\/gpdstore.net\/fr\/wp-json\/wp\/v2\/product_brand?post=6720"},{"taxonomy":"product_cat","embeddable":true,"href":"https:\/\/gpdstore.net\/fr\/wp-json\/wp\/v2\/product_cat?post=6720"},{"taxonomy":"product_tag","embeddable":true,"href":"https:\/\/gpdstore.net\/fr\/wp-json\/wp\/v2\/product_tag?post=6720"},{"taxonomy":"woo-feed-brand","embeddable":true,"href":"https:\/\/gpdstore.net\/fr\/wp-json\/wp\/v2\/woo-feed-brand?post=6720"}],"curies":[{"name":"wp","href":"https:\/\/api.w.org\/{rel}","templated":true}]}}