{"id":6698,"date":"2024-07-12T12:39:31","date_gmt":"2024-07-12T12:39:31","guid":{"rendered":"https:\/\/gpdstore.net\/non%20class\u00e9\/moniteur-portable-156-4k-avec-prise-en-charge-du-stylet\/"},"modified":"2025-12-23T10:14:04","modified_gmt":"2025-12-23T10:14:04","slug":"15-6-4k-portable-monitor-with-stylus-support","status":"publish","type":"product","link":"https:\/\/gpdstore.net\/fr\/product\/15-6-4k-portable-monitor-with-stylus-support\/","title":{"rendered":"Moniteur portable 15,6&#8243; 4K avec prise en charge du stylet"},"content":{"rendered":"\n<p>D\u00e9couvrez le moniteur portable 4K de 15,6 pouces : Am\u00e9liorez votre exp\u00e9rience de visualisation mobile<\/p>\n\n<p>D\u00e9couvrez une nouvelle norme en mati\u00e8re d&#8217;\u00e9crans portables avec le moniteur portable 15,6&#8243; 4K. Con\u00e7u pour ceux qui exigent les meilleures performances visuelles et la plus grande flexibilit\u00e9, cet \u00e9cran de pointe red\u00e9finit l&#8217;informatique nomade. Que vous soyez un nomade num\u00e9rique, un photographe ou un designer, c&#8217;est votre porte d&#8217;entr\u00e9e vers une productivit\u00e9 transparente et un divertissement immersif o\u00f9 que vous soyez.<\/p>\n\n<p>\u00c9cran immersif 4K UHD : Votre fen\u00eatre mobile sur la brillance<\/p>\n\n<p>L&#8217;\u00e9cran 4K UHD de 15,6 pouces offre une clart\u00e9 \u00e0 couper le souffle. Dot\u00e9 d&#8217;un \u00e9cran tactile \u00e0 laminage int\u00e9gral G+G et d&#8217;un format d&#8217;\u00e9cran large 16:9, sa technologie de r\u00e9tro\u00e9clairage LED garantit des couleurs vives et des contrastes nets pour un contenu qui saute de l&#8217;\u00e9cran. Id\u00e9ale pour visionner des m\u00e9dias 4K, retoucher des photos ou se plonger dans des projets de conception graphique, sa r\u00e9solution de 3840 x 2160 et sa profondeur de couleur de 10 bits offrent un niveau de d\u00e9tail in\u00e9gal\u00e9.<\/p>\n\n<p>Design \u00e9pur\u00e9, \u00e9cran tactile intuitif : Con\u00e7u pour une interaction sans effort<\/p>\n\n<p>Fabriqu\u00e9 \u00e0 partir d&#8217;un alliage d&#8217;aluminium de premi\u00e8re qualit\u00e9, le moniteur allie durabilit\u00e9 et profil \u00e9l\u00e9gant. La conception \u00e0 bords \u00e9troits maximise l&#8217;espace de l&#8217;\u00e9cran, cr\u00e9ant une exp\u00e9rience visuelle immersive. Gr\u00e2ce \u00e0 l&#8217;\u00e9cran tactile capacitif \u00e0 10 points, la navigation dans les menus, la retouche de photos ou le dessin d&#8217;id\u00e9es se font de mani\u00e8re naturelle et intuitive.<\/p>\n\n<p>Plaisir visuel accru : brillant sous tous les angles<\/p>\n\n<p>Dot\u00e9 d&#8217;un large \u00e9cran de 15,6 pouces avec des angles de vision de 85 degr\u00e9s, partagez votre \u00e9cran sans effort sans sacrifier la qualit\u00e9 de l&#8217;image. Un rapport de contraste \u00e9lev\u00e9 de 1500:1 et une luminosit\u00e9 de 600 cd\/m2 garantissent des noirs profonds et des couleurs \u00e9clatantes, m\u00eame dans les environnements bien \u00e9clair\u00e9s.<\/p>\n\n<p>Connectivit\u00e9 sans faille, polyvalence accrue<\/p>\n\n<p>La connectivit\u00e9 se fait sans effort gr\u00e2ce aux ports HDMI Mini et Type C pour la vid\u00e9o et le transfert d&#8217;\u00e9nergie, compatibles avec les smartphones, les ordinateurs portables et les consoles de jeu comme la PlayStation 5 et la Xbox. Un port micro-USB permet de le transformer facilement en station de travail.<\/p>\n\n<p>Lib\u00e9rer la cr\u00e9ativit\u00e9 avec pr\u00e9cision<\/p>\n\n<p>Pour les professionnels de la cr\u00e9ation, le moniteur prend en charge un stylet \u00e0 4096 pressions (vendu s\u00e9par\u00e9ment), offrant un contr\u00f4le pr\u00e9cis pour la r\u00e9alisation de croquis, la prise de notes ou la retouche de photos avec une facilit\u00e9 naturelle.<\/p>\n\n<p>Centrale \u00e9lectrique portable : Travaillez et jouez sans limites<\/p>\n\n<p>Gr\u00e2ce \u00e0 une batterie int\u00e9gr\u00e9e de 10000 mAh, profitez de 4 \u00e0 5 heures d&#8217;utilisation ininterrompue, ce qui est parfait pour travailler en d\u00e9placement ou regarder vos \u00e9missions pr\u00e9f\u00e9r\u00e9es. Compact et l\u00e9ger, il se glisse sans effort dans votre sac, garantissant une productivit\u00e9 et un divertissement haute r\u00e9solution toujours \u00e0 port\u00e9e de main.<\/p>\n\n<p>Stimulez votre productivit\u00e9 et votre divertissement<\/p>\n\n<p>Augmentez la surface de votre \u00e9cran en toute transparence pour le multit\u00e2che, connectez des consoles de jeu pour un gameplay immersif ou profitez de films avec des d\u00e9tails 4K UHD \u00e9poustouflants : ce moniteur transforme chaque t\u00e2che en une exp\u00e9rience exceptionnelle.<\/p>\n\n<p>Un son riche, une compatibilit\u00e9 fiable<\/p>\n\n<p>Les deux haut-parleurs int\u00e9gr\u00e9s offrent des paysages sonores riches, am\u00e9liorant votre plaisir visuel, que vous regardiez des films, jouiez ou \u00e9coutiez de la musique. Compatible avec une large gamme d&#8217;appareils HDMI et Type-C, elle s&#8217;adapte \u00e0 vos besoins en toute simplicit\u00e9.<\/p>\n\n<p>Con\u00e7u pour les professionnels : La pr\u00e9cision au service de la performance<\/p>\n\n<p>Parfaite pour les photographes et les graphistes, sa r\u00e9solution 4K UHD et sa reproduction fid\u00e8le des couleurs garantissent des images plus vraies que nature. Avec une couverture sRGB de 100 % et une profondeur de couleur de 10 bits, il r\u00e9pond aux exigences des professionnels les plus exigeants.<\/p>\n\n<p>Installation facile, construction fiable<\/p>\n\n<p>Gr\u00e2ce \u00e0 la simplicit\u00e9 du plug-and-play, l&#8217;installation se fait en quelques secondes &#8211; aucune installation compliqu\u00e9e n&#8217;est n\u00e9cessaire. Les commandes intuitives vous permettent de personnaliser sans effort les param\u00e8tres tels que la luminosit\u00e9 et le contraste, garantissant ainsi un confort optimal pour une utilisation prolong\u00e9e.<\/p>\n\n<p>Durable, \u00e9l\u00e9gant et pr\u00eat pour l&#8217;avenir<\/p>\n\n<p>Construit pour durer avec un bo\u00eetier \u00e9l\u00e9gant en alliage d&#8217;aluminium, il offre une protection robuste pour l&#8217;utilisation quotidienne et les voyages. Son bord \u00e9troit allie l&#8217;esth\u00e9tique \u00e0 la fonctionnalit\u00e9, maximisant ainsi le plaisir de regarder sans distraction.<\/p>\n\n<p>Conclusion : Red\u00e9finissez l&#8217;affichage mobile avec le moniteur portable 4K de 15,6 pouces<\/p>\n\n<p>D\u00e9couvrez l&#8217;avenir des \u00e9crans mobiles avec le moniteur portable 4K de 15,6 pouces, un chef-d&#8217;\u0153uvre de clart\u00e9, de polyvalence et de portabilit\u00e9. Que vous soyez en train de cr\u00e9er, de jouer ou de vous divertir, il offre des performances in\u00e9gal\u00e9es partout o\u00f9 la vie vous emm\u00e8ne.<\/p>\n\n<p>Pour :<\/p>\n\n<ul class=\"wp-block-list\">\n<li>Un \u00e9cran 4K UHD \u00e9poustouflant<\/li>\n\n\n\n<li>Capacit\u00e9 de l&#8217;\u00e9cran tactile intuitif<\/li>\n\n\n\n<li>Options de connectivit\u00e9 polyvalentes<\/li>\n\n\n\n<li>Conception l\u00e9g\u00e8re et portable<\/li>\n\n\n\n<li>Construction durable et \u00e9l\u00e9gante<\/li>\n<\/ul>\n\n<p>Cons :<\/p>\n\n<ul class=\"wp-block-list\">\n<li>Stylet vendu s\u00e9par\u00e9ment<\/li>\n\n\n\n<li>Dur\u00e9e de vie limit\u00e9e de la batterie en cas d&#8217;utilisation prolong\u00e9e<\/li>\n\n\n\n<li>Les haut-parleurs int\u00e9gr\u00e9s peuvent ne pas r\u00e9pondre aux normes audiophiles.<\/li>\n<\/ul>\n\n\r\n<div class=\"wp-block-jetpack-tiled-gallery aligncenter is-style-rectangular\">\r\n<div class=\"tiled-gallery__gallery\">\r\n<div class=\"tiled-gallery__row\">\r\n<div class=\"tiled-gallery__col\" style=\"flex-basis: 55.49556%;\">\r\n<figure class=\"tiled-gallery__item\"><img decoding=\"async\" src=\"https:\/\/i2.wp.com\/droix.net\/wp-content\/uploads\/2023\/04\/S23B_5-MONITOR-MARKETING-IMAGE-DONE-2.jpg?ssl=1\" alt=\"\" data-height=\"1000\" data-id=\"157015\" data-link=\"https:\/\/droix.net\/?attachment_id=157015\" data-url=\"https:\/\/droix.net\/wp-content\/uploads\/2023\/04\/S23B_5-MONITOR-MARKETING-IMAGE-DONE-2.jpg\" data-width=\"1000\" data-amp-layout=\"responsive\"><\/figure>\r\n<\/div>\r\n<div class=\"tiled-gallery__col\" style=\"flex-basis: 44.50444%;\">\r\n<figure class=\"tiled-gallery__item\"><img decoding=\"async\" src=\"https:\/\/i0.wp.com\/droix.net\/wp-content\/uploads\/2023\/04\/S23B_5-MONITOR-MARKETING-IMAGE-DONE-1.jpg?ssl=1\" alt=\"\" data-height=\"619\" data-id=\"157010\" data-link=\"https:\/\/droix.net\/?attachment_id=157010\" data-url=\"https:\/\/droix.net\/wp-content\/uploads\/2023\/04\/S23B_5-MONITOR-MARKETING-IMAGE-DONE-1.jpg\" data-width=\"1000\" data-amp-layout=\"responsive\"><\/figure>\r\n<figure class=\"tiled-gallery__item\"><img decoding=\"async\" src=\"https:\/\/i2.wp.com\/droix.net\/wp-content\/uploads\/2023\/04\/S23B_5-MONITOR-MARKETING-IMAGE-DONE-3.jpg?ssl=1\" alt=\"\" data-height=\"619\" data-id=\"157020\" data-link=\"https:\/\/droix.net\/?attachment_id=157020\" data-url=\"https:\/\/droix.net\/wp-content\/uploads\/2023\/04\/S23B_5-MONITOR-MARKETING-IMAGE-DONE-3.jpg\" data-width=\"1000\" data-amp-layout=\"responsive\"><\/figure>\r\n<\/div>\r\n<\/div>\r\n<div class=\"tiled-gallery__row\">\r\n<div class=\"tiled-gallery__col\" style=\"flex-basis: 37.61498%;\">\r\n<figure class=\"tiled-gallery__item\"><img decoding=\"async\" src=\"https:\/\/i2.wp.com\/droix.net\/wp-content\/uploads\/2023\/04\/S23B_5-MONITOR-MARKETING-IMAGE-DONE-4.jpg?ssl=1\" alt=\"\" data-height=\"1000\" data-id=\"157025\" data-link=\"https:\/\/droix.net\/?attachment_id=157025\" data-url=\"https:\/\/droix.net\/wp-content\/uploads\/2023\/04\/S23B_5-MONITOR-MARKETING-IMAGE-DONE-4.jpg\" data-width=\"1000\" data-amp-layout=\"responsive\"><\/figure>\r\n<figure class=\"tiled-gallery__item\"><img decoding=\"async\" src=\"https:\/\/i0.wp.com\/droix.net\/wp-content\/uploads\/2023\/04\/S23B_5-MONITOR-MARKETING-IMAGE-DONE-5.jpg?ssl=1\" alt=\"\" data-height=\"619\" data-id=\"157030\" data-link=\"https:\/\/droix.net\/?attachment_id=157030\" data-url=\"https:\/\/droix.net\/wp-content\/uploads\/2023\/04\/S23B_5-MONITOR-MARKETING-IMAGE-DONE-5.jpg\" data-width=\"1000\" data-amp-layout=\"responsive\"><\/figure>\r\n<\/div>\r\n<div class=\"tiled-gallery__col\" style=\"flex-basis: 62.38502%;\">\r\n<figure class=\"tiled-gallery__item\"><img decoding=\"async\" src=\"https:\/\/i0.wp.com\/droix.net\/wp-content\/uploads\/2023\/04\/S23B_5-MONITOR-MARKETING-IMAGE-DONE-6.jpg?ssl=1\" alt=\"\" data-height=\"981\" data-id=\"157035\" data-link=\"https:\/\/droix.net\/?attachment_id=157035\" data-url=\"https:\/\/droix.net\/wp-content\/uploads\/2023\/04\/S23B_5-MONITOR-MARKETING-IMAGE-DONE-6.jpg\" data-width=\"1000\" data-amp-layout=\"responsive\"><\/figure>\r\n<\/div>\r\n<\/div>\r\n<div class=\"tiled-gallery__row\">\r\n<div class=\"tiled-gallery__col\" style=\"flex-basis: 33.33333%;\">\r\n<figure class=\"tiled-gallery__item\"><img decoding=\"async\" src=\"https:\/\/i1.wp.com\/droix.net\/wp-content\/uploads\/2023\/04\/S23B_5-MONITOR-MARKETING-IMAGE-DONE-7.jpg?ssl=1\" alt=\"\" data-height=\"1000\" data-id=\"157040\" data-link=\"https:\/\/droix.net\/?attachment_id=157040\" data-url=\"https:\/\/droix.net\/wp-content\/uploads\/2023\/04\/S23B_5-MONITOR-MARKETING-IMAGE-DONE-7.jpg\" data-width=\"1000\" data-amp-layout=\"responsive\"><\/figure>\r\n<\/div>\r\n<div class=\"tiled-gallery__col\" style=\"flex-basis: 33.33333%;\">\r\n<figure class=\"tiled-gallery__item\"><img decoding=\"async\" src=\"https:\/\/i1.wp.com\/droix.net\/wp-content\/uploads\/2023\/04\/S23B_5-MONITOR-MARKETING-IMAGE-DONE-8.jpg?ssl=1\" alt=\"\" data-height=\"1000\" data-id=\"157045\" data-link=\"https:\/\/droix.net\/?attachment_id=157045\" data-url=\"https:\/\/droix.net\/wp-content\/uploads\/2023\/04\/S23B_5-MONITOR-MARKETING-IMAGE-DONE-8.jpg\" data-width=\"1000\" data-amp-layout=\"responsive\"><\/figure>\r\n<\/div>\r\n<div class=\"tiled-gallery__col\" style=\"flex-basis: 33.33333%;\">\r\n<figure class=\"tiled-gallery__item\"><img decoding=\"async\" src=\"https:\/\/i1.wp.com\/droix.net\/wp-content\/uploads\/2023\/04\/S23B_5-MONITOR-MARKETING-IMAGE-DONE-9.jpg?ssl=1\" alt=\"\" data-height=\"1000\" data-id=\"157050\" data-link=\"https:\/\/droix.net\/?attachment_id=157050\" data-url=\"https:\/\/droix.net\/wp-content\/uploads\/2023\/04\/S23B_5-MONITOR-MARKETING-IMAGE-DONE-9.jpg\" data-width=\"1000\" data-amp-layout=\"responsive\"><\/figure>\r\n<\/div>\r\n<\/div>\r\n<div class=\"tiled-gallery__row\">\r\n<div class=\"tiled-gallery__col\" style=\"flex-basis: 50.00000%;\">\r\n<figure class=\"tiled-gallery__item\"><img decoding=\"async\" src=\"https:\/\/i0.wp.com\/droix.net\/wp-content\/uploads\/2023\/04\/S23B_5-MONITOR-MARKETING-IMAGE-DONE-10.jpg?ssl=1\" alt=\"\" data-height=\"1000\" data-id=\"157055\" data-link=\"https:\/\/droix.net\/?attachment_id=157055\" data-url=\"https:\/\/droix.net\/wp-content\/uploads\/2023\/04\/S23B_5-MONITOR-MARKETING-IMAGE-DONE-10.jpg\" data-width=\"1000\" data-amp-layout=\"responsive\"><\/figure>\r\n<\/div>\r\n<div class=\"tiled-gallery__col\" style=\"flex-basis: 50.00000%;\">\r\n<figure class=\"tiled-gallery__item\"><img decoding=\"async\" src=\"https:\/\/i0.wp.com\/droix.net\/wp-content\/uploads\/2023\/04\/S23B_5-MONITOR-MARKETING-IMAGE-DONE-11.jpg?ssl=1\" alt=\"\" data-height=\"1000\" data-id=\"157060\" data-link=\"https:\/\/droix.net\/?attachment_id=157060\" data-url=\"https:\/\/droix.net\/wp-content\/uploads\/2023\/04\/S23B_5-MONITOR-MARKETING-IMAGE-DONE-11.jpg\" data-width=\"1000\" data-amp-layout=\"responsive\"><\/figure>\r\n<\/div>\r\n<\/div>\r\n<div class=\"tiled-gallery__row\">\r\n<div class=\"tiled-gallery__col\" style=\"flex-basis: 29.89199%;\">\r\n<figure class=\"tiled-gallery__item\"><img decoding=\"async\" src=\"https:\/\/i2.wp.com\/droix.net\/wp-content\/uploads\/2023\/04\/S23B_5-MONITOR-MARKETING-IMAGE-DONE-12.jpg?ssl=1\" alt=\"\" data-height=\"619\" data-id=\"157065\" data-link=\"https:\/\/droix.net\/?attachment_id=157065\" data-url=\"https:\/\/droix.net\/wp-content\/uploads\/2023\/04\/S23B_5-MONITOR-MARKETING-IMAGE-DONE-12.jpg\" data-width=\"1000\" data-amp-layout=\"responsive\"><\/figure>\r\n<figure class=\"tiled-gallery__item\"><img decoding=\"async\" src=\"https:\/\/i1.wp.com\/droix.net\/wp-content\/uploads\/2023\/04\/S23B_5-MONITOR-MARKETING-IMAGE-DONE-13.jpg?ssl=1\" alt=\"\" data-height=\"1000\" data-id=\"157070\" data-link=\"https:\/\/droix.net\/?attachment_id=157070\" data-url=\"https:\/\/droix.net\/wp-content\/uploads\/2023\/04\/S23B_5-MONITOR-MARKETING-IMAGE-DONE-13.jpg\" data-width=\"1000\" data-amp-layout=\"responsive\"><\/figure>\r\n<figure class=\"tiled-gallery__item\"><img decoding=\"async\" src=\"https:\/\/i2.wp.com\/droix.net\/wp-content\/uploads\/2023\/04\/S23B_5-MONITOR-MARKETING-IMAGE-DONE-14.jpg?ssl=1\" alt=\"\" data-height=\"822\" data-id=\"157075\" data-link=\"https:\/\/droix.net\/?attachment_id=157075\" data-url=\"https:\/\/droix.net\/wp-content\/uploads\/2023\/04\/S23B_5-MONITOR-MARKETING-IMAGE-DONE-14.jpg\" data-width=\"1000\" data-amp-layout=\"responsive\"><\/figure>\r\n<\/div>\r\n<div class=\"tiled-gallery__col\" style=\"flex-basis: 70.10801%;\">\r\n<figure class=\"tiled-gallery__item\"><img decoding=\"async\" src=\"https:\/\/i1.wp.com\/droix.net\/wp-content\/uploads\/2023\/04\/S23B_5-MONITOR-MARKETING-IMAGE-DONE-15-977x1024.jpg?ssl=1\" alt=\"\" data-height=\"1048\" data-id=\"157080\" data-link=\"https:\/\/droix.net\/?attachment_id=157080\" data-url=\"https:\/\/droix.net\/wp-content\/uploads\/2023\/04\/S23B_5-MONITOR-MARKETING-IMAGE-DONE-15-977x1024.jpg\" data-width=\"1000\" data-amp-layout=\"responsive\"><\/figure>\r\n<\/div>\r\n<\/div>\r\n<div class=\"tiled-gallery__row\">\r\n<div class=\"tiled-gallery__col\" style=\"flex-basis: 54.96322%;\">\r\n<figure class=\"tiled-gallery__item\"><img decoding=\"async\" src=\"https:\/\/i0.wp.com\/droix.net\/wp-content\/uploads\/2023\/04\/S23B_5-MONITOR-MARKETING-IMAGE-DONE-16.jpg?ssl=1\" alt=\"\" data-height=\"787\" data-id=\"157085\" data-link=\"https:\/\/droix.net\/?attachment_id=157085\" data-url=\"https:\/\/droix.net\/wp-content\/uploads\/2023\/04\/S23B_5-MONITOR-MARKETING-IMAGE-DONE-16.jpg\" data-width=\"1000\" data-amp-layout=\"responsive\"><\/figure>\r\n<\/div>\r\n<div class=\"tiled-gallery__col\" style=\"flex-basis: 45.03678%;\">\r\n<figure class=\"tiled-gallery__item\"><img decoding=\"async\" src=\"https:\/\/i1.wp.com\/droix.net\/wp-content\/uploads\/2023\/04\/S23B_5-MONITOR-MARKETING-IMAGE-DONE-17.jpg?ssl=1\" alt=\"\" data-height=\"961\" data-id=\"157090\" data-link=\"https:\/\/droix.net\/?attachment_id=157090\" data-url=\"https:\/\/droix.net\/wp-content\/uploads\/2023\/04\/S23B_5-MONITOR-MARKETING-IMAGE-DONE-17.jpg\" data-width=\"1000\" data-amp-layout=\"responsive\"><\/figure>\r\n<\/div>\r\n<\/div>\r\n<\/div>\r\n<\/div>\r\n","protected":false},"excerpt":{"rendered":"<ul>\n<li>\u00c9cran tactile compatible avec <strong>MacOS<\/strong><\/li>\n<li>Capacit\u00e9 de l&#8217;\u00e9cran tactile <strong>Stylet inclus<\/strong><\/li>\n<li>Bo\u00eetier pliable servant de support au moniteur<\/li>\n<li>Portable et l\u00e9ger<\/li>\n<li><strong>Alimentation par USB<\/strong>, prise en charge de mini-HDMI, USB Type-C<\/li>\n<\/ul>\n[cg_accordion title=\"INFO PAIEMENT\"]<\/p>\n<p>Nous utilisons les derni\u00e8res technologies en mati\u00e8re de traitement des paiements, ce qui vous permet de r\u00e9gler vos achats via Apple Pay, Google Pay, votre carte de d\u00e9bit\/cr\u00e9dit, PayPal ou des m\u00e9thodes BNPL telles que Klarna, Affirm ou AfterPay pour une exp\u00e9rience rapide et s\u00e9curis\u00e9e.[\/cg_accordion]\n[cg_accordion title=\"GARANTIE\"]<\/p>\n<p>2 ans de garantie de <a href=\"https:\/\/droix.net\/\" target=\"_blank\" rel=\"nofollow noopener\">DROIX Global<\/a> pour votre tranquillit\u00e9 d&#8217;esprit[\/cg_accordion]\n[cg_accordion title=\"PRIX, TAXES ET FRAIS DE PORT\"]<\/p>\n<p><strong><u>Remarque :<\/u><\/strong><\/p>\n<ul>\n<li>Clients des \u00c9tats-Unis : Le prix affich\u00e9 n&#8217;inclut pas les taxes ni les droits de douane. La responsabilit\u00e9 du d\u00e9douanement et du paiement des taxes\/droits associ\u00e9s incombe au client. <\/li>\n<li>Clients de l&#8217;UE : Le prix affich\u00e9 inclut la TAXE applicable, qui peut s&#8217;\u00e9lever jusqu&#8217;\u00e0 25 % selon votre pays.<\/li>\n<li>Clients du Canada : Le prix affich\u00e9 comprend les taxes applicables, qui peuvent inclure la TPS de 5 % et des taxes de vente provinciales (TVP), la taxe de vente harmonis\u00e9e (TVH) ou la taxe de vente du Qu\u00e9bec (TVQ) suppl\u00e9mentaires, selon votre province.<\/li>\n<\/ul>\n<p><strong>Pour les clients de l&#8217;UE SEULEMENT :<\/strong> Express DDP (Delivered Duty Paid). Cela signifie que : <\/p>\n<ul>\n<li>Tous les droits de douane et taxes sont inclus dans le prix affich\u00e9 sur la page du produit.<\/li>\n<li>Vous n&#8217;aurez pas \u00e0 payer de frais suppl\u00e9mentaires \u00e0 la livraison.<\/li>\n<li>Dans les rares cas de probl\u00e8mes douaniers, notre \u00e9quipe s&#8217;occupera de la proc\u00e9dure de d\u00e9douanement en votre nom afin d&#8217;assurer une livraison sans probl\u00e8me.<\/li>\n<p>Informations importantes concernant les retours :<\/p>\n<li>Si vous d\u00e9cidez de retourner votre commande ou de demander un remboursement, sachez que les taxes et les droits pay\u00e9s en votre nom dans le cadre du DDP ne peuvent pas \u00eatre rembours\u00e9s.<\/li>\n<p>Veuillez vous r\u00e9f\u00e9rer \u00e0 nos <a href=\"https:\/\/gpdstore.net\/fr\/terms-of-service\/\" target=\"_blank\" rel=\"nofollow noopener\">conditions g\u00e9n\u00e9rales<\/a> pour des informations d\u00e9taill\u00e9es.\n<\/ul>\n<p>[\/cg_accordion]\n[cg_accordion title=\"SOUTIEN \u00c0 LA CLIENT\u00c8LE\"]<\/p>\n<p>Vous avez une question ? Il suffit d&#8217;un petit texto pour que votre probl\u00e8me soit r\u00e9solu !<br \/>\n[\/cg_accordion]\n[cg_accordion title=\"CE QUI EST INCLUS\"]<\/p>\n<ul>\n<li>1x fiche d&#8217;alimentation (UE\/US)<\/li>\n<li>1x Stylet<\/li>\n<li>1x Manuel de l&#8217;utilisateur<\/li>\n<\/ul>\n<p>[\/cg_accordion]\n","protected":false},"featured_media":15846,"template":"","meta":{"_acf_changed":false},"product_brand":[],"product_cat":[2430],"product_tag":[2431,2432],"woo-feed-brand":[2433],"class_list":{"0":"post-6698","1":"product","2":"type-product","3":"status-publish","4":"has-post-thumbnail","6":"product_cat-moniteurs-portables","7":"product_tag-30gpdsale-fr","8":"product_tag-moniteur-portable-droix","9":"product_shipping_class-standard","10":"pa_brand-droix","11":"woo-feed-brand-droix-fr","13":"first","14":"outofstock","15":"sale","16":"taxable","17":"shipping-taxable","18":"purchasable","19":"product-type-variable","20":"has-default-attributes"},"acf":[],"aioseo_notices":[],"_links":{"self":[{"href":"https:\/\/gpdstore.net\/fr\/wp-json\/wp\/v2\/product\/6698","targetHints":{"allow":["GET"]}}],"collection":[{"href":"https:\/\/gpdstore.net\/fr\/wp-json\/wp\/v2\/product"}],"about":[{"href":"https:\/\/gpdstore.net\/fr\/wp-json\/wp\/v2\/types\/product"}],"wp:featuredmedia":[{"embeddable":true,"href":"https:\/\/gpdstore.net\/fr\/wp-json\/wp\/v2\/media\/15846"}],"wp:attachment":[{"href":"https:\/\/gpdstore.net\/fr\/wp-json\/wp\/v2\/media?parent=6698"}],"wp:term":[{"taxonomy":"product_brand","embeddable":true,"href":"https:\/\/gpdstore.net\/fr\/wp-json\/wp\/v2\/product_brand?post=6698"},{"taxonomy":"product_cat","embeddable":true,"href":"https:\/\/gpdstore.net\/fr\/wp-json\/wp\/v2\/product_cat?post=6698"},{"taxonomy":"product_tag","embeddable":true,"href":"https:\/\/gpdstore.net\/fr\/wp-json\/wp\/v2\/product_tag?post=6698"},{"taxonomy":"woo-feed-brand","embeddable":true,"href":"https:\/\/gpdstore.net\/fr\/wp-json\/wp\/v2\/woo-feed-brand?post=6698"}],"curies":[{"name":"wp","href":"https:\/\/api.w.org\/{rel}","templated":true}]}}