{"id":5647,"date":"2024-07-12T08:46:50","date_gmt":"2024-07-12T08:46:50","guid":{"rendered":"https:\/\/gpdstore.net\/non%20class\u00e9\/moniteur-portable-droix-pm13-2k\/"},"modified":"2025-09-15T21:32:22","modified_gmt":"2025-09-15T21:32:22","slug":"droix-pm13-2k-portable-monitor","status":"publish","type":"product","link":"https:\/\/gpdstore.net\/fr\/product\/droix-pm13-2k-portable-monitor\/","title":{"rendered":"Moniteur portable DroiX PM13 2K"},"content":{"rendered":"\n<figure class=\"wp-block-video\"><video controls=\"\" muted=\"\" poster=\"https:\/\/droix.net\/wp-content\/uploads\/2024\/03\/1.jpg\" src=\"https:\/\/droix.net\/wp-content\/uploads\/2024\/06\/pm131.mp4\"><\/video><\/figure>\n\n<div class=\"wp-block-columns is-layout-flex wp-container-core-columns-is-layout-28f84493 wp-block-columns-is-layout-flex\">\n<div class=\"wp-block-column is-layout-flow wp-block-column-is-layout-flow\" style=\"flex-basis:33.33%\">\n<figure class=\"wp-block-image size-large\"><a href=\"https:\/\/droix.net\/wp-content\/uploads\/2024\/03\/DROIX-S13-GENERIC-DONE-LISTING-IMAGE-1-1.png\"><img decoding=\"async\" src=\"https:\/\/droix.net\/wp-content\/uploads\/2024\/03\/DROIX-S13-GENERIC-DONE-LISTING-IMAGE-1-1-1024x1024.png\" alt=\"Image de DroiX Moniteur portable, 13 pouces, 2K, ultra-mince, l&#xE9;ger et portable\" class=\"wp-image-175965\"\/><\/a><\/figure>\n<\/div>\n\n\n\n<div class=\"wp-block-column is-layout-flow wp-block-column-is-layout-flow\" style=\"flex-basis:66.66%\">\n<h3 class=\"wp-block-heading\"><strong>DroiX PM13 &#8211; Moniteur portable ultra-fin 4K de 13,0 pouces<\/strong><\/h3>\n\n\n\n<p>Le DroiX PM13 est un moniteur portable 2K de 13 pouces, \u00e9l\u00e9gant et l\u00e9ger, qui ne p\u00e8se que 494 grammes. Encastr\u00e9 dans un mince cadre en aluminium et dot\u00e9 de bords ultraminces de 0,11&#8243;, il allie avec brio style et commodit\u00e9. L&#8217;\u00e9cran IPS vibrant offre des couleurs riches et un angle de vision \u00e9tendu de 170 degr\u00e9s, pour une exp\u00e9rience visuelle captivante. Avec une compatibilit\u00e9 couvrant de nombreux appareils via HDMI et USB-C, le PM13 est l&#8217;\u00e9cran polyvalent ultime pour mettre \u00e0 niveau votre configuration o\u00f9 que vous soyez.  <\/p>\n<\/div>\n<\/div>\n\n<div class=\"wp-block-columns is-layout-flex wp-container-core-columns-is-layout-28f84493 wp-block-columns-is-layout-flex\">\n<div class=\"wp-block-column is-layout-flow wp-block-column-is-layout-flow\">\n<h3 class=\"wp-block-heading\">L&#8217;\u00e9cran portable id\u00e9al pour les ordinateurs portables<br\/><em>Pas de compromis<\/em><\/h3>\n\n\n\n<p>Le moniteur portable DroiX PM13 offre une exp\u00e9rience d&#8217;affichage exceptionnelle gr\u00e2ce \u00e0 ses caract\u00e9ristiques remarquables. Dot\u00e9 d&#8217;une luminosit\u00e9 \u00e9lev\u00e9e et de la prise en charge du HDR, il garantit une visibilit\u00e9 claire dans toutes les conditions d&#8217;\u00e9clairage. La couverture sRGB \u00e0 100 % et les 16,7 millions de couleurs offrent la pr\u00e9cision des couleurs indispensable \u00e0 la retouche photo et \u00e0 la conception graphique. Sa r\u00e9solution 2K sur un \u00e9cran de 13 pouces garantit une densit\u00e9 de pixels \u00e9lev\u00e9e, produisant des images nettes et \u00e9clatantes pour le texte et le multim\u00e9dia. Le PM13 est donc un choix de premier ordre pour les professionnels et les passionn\u00e9s.    <\/p>\n<\/div>\n\n\n\n<div class=\"wp-block-column is-layout-flow wp-block-column-is-layout-flow\">\n<figure class=\"wp-block-image size-full\"><a href=\"https:\/\/droix.net\/wp-content\/uploads\/2024\/03\/2.jpg\"><img decoding=\"async\" src=\"https:\/\/droix.net\/wp-content\/uploads\/2024\/03\/2.jpg\" alt=\"&#xC9;cran portable DroiX PM13 de haute qualit&#xE9; avec support HDR400, r&#xE9;solution QHD 2160x1350 et couverture sRGB &#xE0; 100%.\" class=\"wp-image-182193\"\/><\/a><\/figure>\n<\/div>\n<\/div>\n\n<div class=\"wp-block-columns is-layout-flex wp-container-core-columns-is-layout-28f84493 wp-block-columns-is-layout-flex\">\n<div class=\"wp-block-column is-layout-flow wp-block-column-is-layout-flow\">\n<figure class=\"wp-block-image size-full\"><a href=\"https:\/\/droix.net\/wp-content\/uploads\/2024\/07\/3-1.jpg\"><img decoding=\"async\" src=\"https:\/\/droix.net\/wp-content\/uploads\/2024\/07\/3-1.jpg\" alt=\"Le moniteur portable DroiX PM13 a &#xE9;t&#xE9; con&#xE7;u pour red&#xE9;finir la compatibilit&#xE9; et la connectivit&#xE9; avec un large &#xE9;ventail d'appareils. Prenant en charge les technologies USB et ActiveDP, ce moniteur s'int&#xE8;gre parfaitement &#xE0; divers gadgets modernes, des ordinateurs portables aux smartphones et bien plus encore. Con&#xE7;u pour une interaction sans effort, le PM13 fonctionne avec les appareils qui prennent en charge DisplayPort over USB, disposent de ports USB Thunderbolt ou suivent le protocole USB 4 pour la sortie vid&#xE9;o. Que vous jouiez en d&#xE9;placement, que vous stimuliez votre productivit&#xE9; ou que vous profitiez de contenus multim&#xE9;dias, le PM13 est votre compagnon id&#xE9;al, offrant une flexibilit&#xE9; et des performances in&#xE9;gal&#xE9;es partout o&#xF9; vous en avez besoin.   \" class=\"wp-image-182203\"\/><\/a><\/figure>\n<\/div>\n\n\n\n<div class=\"wp-block-column is-layout-flow wp-block-column-is-layout-flow\">\n<h3 class=\"wp-block-heading\">Portabilit\u00e9 et puissance<br\/><em>Compatibilit\u00e9<\/em><\/h3>\n\n\n\n<p>D\u00e9couvrez la polyvalence de pointe du moniteur portable DroiX PM13, con\u00e7u pour red\u00e9finir la compatibilit\u00e9 et la connectivit\u00e9 avec un large \u00e9ventail d&#8217;appareils. Prenant en charge les technologies USB et ActiveDP, ce moniteur s&#8217;int\u00e8gre parfaitement \u00e0 de nombreux gadgets modernes, des ordinateurs portables aux smartphones et bien plus encore. <\/p>\n\n\n\n<p>Con\u00e7u pour une interaction sans effort, le PM13 fonctionne avec des appareils qui prennent en charge DisplayPort over USB, disposent de ports USB Thunderbolt ou suivent le protocole USB 4 pour la sortie vid\u00e9o. Que vous jouiez en d\u00e9placement, que vous stimuliez votre productivit\u00e9 ou que vous profitiez de contenus multim\u00e9dias, le PM13 est votre compagnon id\u00e9al, offrant une flexibilit\u00e9 et des performances in\u00e9gal\u00e9es partout o\u00f9 vous en avez besoin. <\/p>\n<\/div>\n<\/div>\n\n<div class=\"wp-block-columns is-layout-flex wp-container-core-columns-is-layout-28f84493 wp-block-columns-is-layout-flex\">\n<div class=\"wp-block-column is-layout-flow wp-block-column-is-layout-flow\">\n<h3 class=\"wp-block-heading\">Plus qu&#8217;un moniteur portable<br\/><em>Riche en fonctionnalit\u00e9s<\/em><\/h3>\n\n\n\n<p>Le moniteur portable DroiX PM13 pr\u00e9sente un design polyvalent avec une b\u00e9quille r\u00e9glable \u00e0 180\u00b0, permettant aux utilisateurs de positionner l&#8217;\u00e9cran \u00e0 diff\u00e9rents angles pour un confort de visualisation optimal. De plus, il comprend un support VESA 75x75mm int\u00e9gr\u00e9, permettant un montage flexible sur des bras ou des supports compatibles. Pour l&#8217;audio, le PM13 est \u00e9quip\u00e9 de haut-parleurs st\u00e9r\u00e9o int\u00e9gr\u00e9s, d&#8217;une puissance de 1,0 W chacun. Bien qu&#8217;ils ne soient pas exceptionnellement puissants, ces haut-parleurs offrent une solution audio pratique sans n\u00e9cessiter d&#8217;appareils externes.   <\/p>\n\n\n\n<h3 class=\"wp-block-heading\"><br\/><\/h3>\n<\/div>\n\n\n\n<div class=\"wp-block-column is-layout-flow wp-block-column-is-layout-flow\">\n<figure class=\"wp-block-image size-full\"><a href=\"https:\/\/droix.net\/wp-content\/uploads\/2024\/07\/4.jpg\"><img decoding=\"async\" src=\"https:\/\/droix.net\/wp-content\/uploads\/2024\/07\/4.jpg\" alt=\"Le moniteur portable DroiX PM13 est dot&#xE9; d'une b&#xE9;quille r&#xE9;glable &#xE0; 180&#xB0;, permettant aux utilisateurs de positionner l'&#xE9;cran &#xE0; diff&#xE9;rents angles pour un confort de visualisation optimal. Il comprend un support VESA 75x75mm int&#xE9;gr&#xE9; pour un montage flexible sur des bras ou des supports compatibles. Le PM13 est &#xE9;galement &#xE9;quip&#xE9; de haut-parleurs st&#xE9;r&#xE9;o int&#xE9;gr&#xE9;s, d'une puissance de 1,0 W chacun, offrant une solution audio pratique sans n&#xE9;cessiter d'appareils externes.  \" class=\"wp-image-182205\"\/><\/a><\/figure>\n<\/div>\n<\/div>\n\n<div class=\"wp-block-columns is-layout-flex wp-container-core-columns-is-layout-28f84493 wp-block-columns-is-layout-flex\">\n<div class=\"wp-block-column is-layout-flow wp-block-column-is-layout-flow\">\n<figure class=\"wp-block-image size-full\"><a href=\"https:\/\/droix.net\/wp-content\/uploads\/2024\/07\/5.jpg\"><img decoding=\"async\" src=\"https:\/\/droix.net\/wp-content\/uploads\/2024\/07\/5.jpg\" alt=\"Le moniteur portable DroiX PM13 est un exemple de polyvalence gr&#xE2;ce &#xE0; ses nombreuses options de compatibilit&#xE9; et de connectivit&#xE9;. Il dispose de quatre modes : Duplicated Mode pour la mise en miroir du contenu, Extend Mode pour l'extension de l'espace de travail, Second Screen pour les consoles de jeu et Portrait Mode pour l'orientation verticale. Id&#xE9;al pour les professionnels, les joueurs et les nomades num&#xE9;riques, il am&#xE9;liore la productivit&#xE9; et le divertissement dans divers environnements.  \" class=\"wp-image-182206\"\/><\/a><\/figure>\n<\/div>\n\n\n\n<div class=\"wp-block-column is-layout-flow wp-block-column-is-layout-flow\">\n<h3 class=\"wp-block-heading\">Extension, duplication, portrait et autres<br\/><em>Une v\u00e9ritable polyvalence<br\/><\/em><\/h3>\n\n\n\n<p>Le moniteur portable DroiX PM13 est un exemple de polyvalence gr\u00e2ce \u00e0 ses nombreuses options de compatibilit\u00e9 et de connectivit\u00e9. Il offre quatre modes polyvalents : Duplicated Mode pour la duplication de contenu, Extend Mode pour l&#8217;extension de l&#8217;espace de travail, Second Screen pour les consoles de jeu et Portrait Mode pour l&#8217;orientation verticale. Cette adaptabilit\u00e9 en fait un compagnon id\u00e9al pour les professionnels, les joueurs et les nomades num\u00e9riques, am\u00e9liorant la productivit\u00e9 et le divertissement dans divers environnements.  <\/p>\n\n\n\n<p>4o<\/p>\n<\/div>\n<\/div>\n\n<figure class=\"wp-block-image aligncenter size-large\"><a href=\"https:\/\/droix.net\/wp-content\/uploads\/2024\/07\/7.jpg\"><img decoding=\"async\" src=\"https:\/\/droix.net\/wp-content\/uploads\/2024\/07\/7-1024x420.jpg\" alt=\"Connectez votre MacBook compatible Thunderbolt 3 ou 4 en toute transparence au moniteur portable DroiX PM13 via son port Type-C avec prise en charge DP ALT-MODE. Cette connectivit&#xE9; avanc&#xE9;e assure &#xE0; la fois la transmission vid&#xE9;o et l'alimentation &#xE9;lectrique via un seul c&#xE2;ble Type-C, maximisant ainsi la commodit&#xE9; et l'efficacit&#xE9;. \" class=\"wp-image-182195\"\/><\/a><\/figure>\n\n<p>Connectez votre MacBook compatible Thunderbolt 3 ou 4 en toute transparence au moniteur portable DroiX PM13 via son port Type-C avec prise en charge DP ALT-MODE. Cette connectivit\u00e9 avanc\u00e9e assure \u00e0 la fois la transmission vid\u00e9o et l&#8217;alimentation \u00e9lectrique via un seul c\u00e2ble Type-C, maximisant ainsi la commodit\u00e9 et l&#8217;efficacit\u00e9. <\/p>\n\n<figure class=\"wp-block-image aligncenter size-large is-resized\"><a href=\"https:\/\/droix.net\/wp-content\/uploads\/2024\/03\/8.jpg\"><img decoding=\"async\" src=\"https:\/\/droix.net\/wp-content\/uploads\/2024\/03\/8-1024x420.jpg\" alt=\"Exploitez les capacit&#xE9;s avanc&#xE9;es de Thunderbolt 3, 4 ou USB 3.1 DP ALT-MODE sur votre smartphone pour vous connecter de mani&#xE8;re transparente au moniteur portable DroiX PM13 pour la sortie vid&#xE9;o et l'alimentation &#xE9;lectrique. Utilisez le port Type-C avec prise en charge DP ALT-MODE sur votre smartphone pour une exp&#xE9;rience rationalis&#xE9;e avec un seul c&#xE2;ble g&#xE9;rant la transmission vid&#xE9;o et l'alimentation &#xE9;lectrique. \" class=\"wp-image-182197\" style=\"width:900px;height:auto\"\/><\/a><\/figure>\n\n<p>Connectez sans effort votre ordinateur portable Windows au moniteur portable DroiX PM13 \u00e0 l&#8217;aide de ses ports HDMI et Type-C pour une transmission vid\u00e9o et une alimentation transparentes. Le port Type-C prend en charge l&#8217;alimentation \u00e9lectrique (PD) tandis que le port HDMI assure une sortie vid\u00e9o haute d\u00e9finition, ce qui vous permet de profiter d&#8217;une productivit\u00e9 et d&#8217;un divertissement am\u00e9lior\u00e9s sans aucun souci. <\/p>\n\n<figure class=\"wp-block-image aligncenter size-large\"><a href=\"https:\/\/droix.net\/wp-content\/uploads\/2024\/03\/9.jpg\"><img decoding=\"async\" src=\"https:\/\/droix.net\/wp-content\/uploads\/2024\/03\/9-1024x420.jpg\" alt=\"Exploitez les capacit&#xE9;s avanc&#xE9;es de Thunderbolt 3, 4 ou USB 3.1 DP ALT-MODE sur votre smartphone pour vous connecter de mani&#xE8;re transparente au moniteur portable DroiX PM13 pour la sortie vid&#xE9;o et l'alimentation &#xE9;lectrique. Utilisez le port Type-C avec prise en charge DP ALT-MODE sur votre smartphone pour une exp&#xE9;rience rationalis&#xE9;e avec un seul c&#xE2;ble g&#xE9;rant la transmission vid&#xE9;o et l'alimentation &#xE9;lectrique. \" class=\"wp-image-182198\"\/><\/a><\/figure>\n\n<p>Exploitez les capacit\u00e9s avanc\u00e9es de Thunderbolt 3, 4 ou USB 3.1 DP ALT-MODE sur votre smartphone pour vous connecter de mani\u00e8re transparente au moniteur portable DroiX PM13 pour la sortie vid\u00e9o et l&#8217;alimentation \u00e9lectrique. En utilisant le port Type-C avec prise en charge DP ALT-MODE sur votre smartphone, vous pouvez profiter d&#8217;une exp\u00e9rience rationalis\u00e9e avec un seul c\u00e2ble g\u00e9rant \u00e0 la fois la transmission vid\u00e9o et l&#8217;alimentation \u00e9lectrique. <\/p>\n\n<figure class=\"wp-block-image aligncenter size-large\"><a href=\"https:\/\/droix.net\/wp-content\/uploads\/2024\/03\/11.jpg\"><img decoding=\"async\" src=\"https:\/\/droix.net\/wp-content\/uploads\/2024\/03\/11-1024x420.jpg\" alt=\"Le moniteur portable DroiX PM13 peut &#xEA;tre connect&#xE9; de diff&#xE9;rentes mani&#xE8;res : USB, ActiveDP, DisplayPort sur USB, ports USB Thunderbolt et USB 4 Protocol pour la sortie vid&#xE9;o, ce qui garantit une connectivit&#xE9; polyvalente.\" class=\"wp-image-182199\"\/><\/a><\/figure>\n\n<figure class=\"wp-block-image aligncenter size-large\"><a href=\"https:\/\/droix.net\/wp-content\/uploads\/2024\/03\/12.jpg\"><img decoding=\"async\" src=\"https:\/\/droix.net\/wp-content\/uploads\/2024\/03\/12-1024x420.jpg\" alt=\"FAQ pour le moniteur portable DroiX PM13\" class=\"wp-image-182200\"\/><\/a><\/figure>\n\n<h3 class=\"wp-block-heading\"><strong>Conclusion<\/strong><\/h3>\n\n<p>Le DroiX PM13 red\u00e9finit l&#8217;essence des moniteurs portables, en combinant haute r\u00e9solution, portabilit\u00e9 sup\u00e9rieure et compatibilit\u00e9 \u00e9tendue dans un design \u00e9l\u00e9gant et convivial. Il est con\u00e7u pour ceux qui refusent de faire des compromis sur la qualit\u00e9 et la fonctionnalit\u00e9, m\u00eame en d\u00e9placement. Avec le DroiX PM13, embrassez l&#8217;avenir des moniteurs portables et d\u00e9couvrez le m\u00e9lange parfait d&#8217;innovation et de commodit\u00e9.  <\/p>\n\n<p>Ne manquez pas l&#8217;opportunit\u00e9 d&#8217;\u00e9lever votre exp\u00e9rience de moniteur portable avec le DroiX PM13. Pr\u00e9-commandez d\u00e8s maintenant pour vous assurer une place parmi les premiers \u00e0 profiter de cet appareil r\u00e9volutionnaire. Avec une disponibilit\u00e9 limit\u00e9e, c&#8217;est votre chance de prendre de l&#8217;avance et d&#8217;exp\u00e9rimenter le nec plus ultra en mati\u00e8re de technologie d&#8217;affichage portable. Commandez votre \u00e9cran portable DroiX PM13 d\u00e8s aujourd&#8217;hui !   <\/p>\n\n<p>4o<\/p>\n","protected":false},"excerpt":{"rendered":"<ul>\n<li>\u00c9cran<strong> IPS<\/strong> 13&#8243; 2K<\/li>\n<li>100% de couverture<strong> sRGB<\/strong> <\/li>\n<li>Luminosit\u00e9 de 450 <strong>Nits<\/strong> <\/li>\n<li>75x75mm Montage<strong> VESA<\/strong> <\/li>\n<li>  Haut-parleurs <strong> int\u00e9gr\u00e9s<\/strong> <\/li>\n<\/ul>\n<p> [cg_accordion title=\"INFO PAIEMENT\"] Nous utilisons les derni\u00e8res technologies en mati\u00e8re de traitement des paiements, ce qui vous permet de r\u00e9gler vos achats par carte de d\u00e9bit\/cr\u00e9dit ou par PayPal pour une exp\u00e9rience rapide et s\u00e9curis\u00e9e.[\/cg_accordion] [cg_accordion title=\"GARANTIE\"] Garantie 1 ou 2 ans* de <a href=\"https:\/\/droix.net\/\" target=\"_blank\" rel=\"nofollow noopener\">DroiX Global<\/a> pour votre tranquillit\u00e9 d&#8217;esprit[\/cg_accordion] [cg_accordion title=\"EXP\u00c9DITION ET TAXES\"] <strong><u>Remarque :<\/u><\/strong> Clients des \u00c9tats-Unis : Le prix affich\u00e9 inclut toutes les taxes applicables. Clients de l&#8217;UE : Le prix affich\u00e9 inclut la TAXE applicable, qui peut aller jusqu&#8217;\u00e0 25 % selon votre pays. Clients du Canada : Le prix affich\u00e9 inclut la TPS de 5%. L&#8217;exp\u00e9dition et les retours sont g\u00e9r\u00e9s par <a href=\"https:\/\/droix.net\/\" target=\"_blank\" rel=\"nofollow noopener\">DroiX<\/a>, un distributeur officiel de GPD. Nous offrons un service d&#8217;exp\u00e9dition rapide DHL Express DDP (Delivered Duty Paid). Tous les droits de douane et taxes sont inclus dans le prix affich\u00e9 &#8211; aucun paiement suppl\u00e9mentaire ne sera exig\u00e9 \u00e0 la livraison. En cas de probl\u00e8mes douaniers, notre \u00e9quipe s&#8217;occupera des proc\u00e9dures de d\u00e9douanement en votre nom. Important : en cas de retour ou de changement d&#8217;avis, les taxes et droits pay\u00e9s en votre nom ne peuvent \u00eatre rembours\u00e9s en raison des conditions d&#8217;exp\u00e9dition DDP. Veuillez vous r\u00e9f\u00e9rer \u00e0 nos <a href=\"https:\/\/gpdstore.net\/fr\/terms-of-service\/\" target=\"_blank\" rel=\"nofollow noopener\">conditions g\u00e9n\u00e9rales<\/a> pour plus d&#8217;informations.        [\/cg_accordion] [cg_accordion title=\"WHAT'S INCLUDED\"]<\/p>\n<ul>\n<li>1x DroiX PM13 Portable Monitor<\/li>\n<li>1x fiche d&#8217;alimentation (UE\/US)<\/li>\n<li>1x c\u00e2ble HDMI<\/li>\n<li>1x C\u00e2ble USB Type-C<\/li>\n<li>1x C\u00e2ble USB Type-A vers Type-C<\/li>\n<li>1x \u00e9tui de protection<\/li>\n<li>1x Manuel de l&#8217;utilisateur<\/li>\n<\/ul>\n<p>[\/cg_accordion]<\/p>\n","protected":false},"featured_media":818482,"template":"","meta":{"_acf_changed":false},"product_brand":[],"product_cat":[2430],"product_tag":[12495,2432],"woo-feed-brand":[2433],"class_list":{"0":"post-5647","1":"product","2":"type-product","3":"status-publish","4":"has-post-thumbnail","6":"product_cat-moniteurs-portables","7":"product_tag-25bfsale-fr","8":"product_tag-moniteur-portable-droix","9":"product_shipping_class-low-end","10":"pa_brand-droix","11":"woo-feed-brand-droix-fr","13":"first","14":"instock","15":"sale","16":"taxable","17":"shipping-taxable","18":"purchasable","19":"product-type-variable","20":"has-default-attributes"},"acf":[],"aioseo_notices":[],"_links":{"self":[{"href":"https:\/\/gpdstore.net\/fr\/wp-json\/wp\/v2\/product\/5647","targetHints":{"allow":["GET"]}}],"collection":[{"href":"https:\/\/gpdstore.net\/fr\/wp-json\/wp\/v2\/product"}],"about":[{"href":"https:\/\/gpdstore.net\/fr\/wp-json\/wp\/v2\/types\/product"}],"wp:featuredmedia":[{"embeddable":true,"href":"https:\/\/gpdstore.net\/fr\/wp-json\/wp\/v2\/media\/818482"}],"wp:attachment":[{"href":"https:\/\/gpdstore.net\/fr\/wp-json\/wp\/v2\/media?parent=5647"}],"wp:term":[{"taxonomy":"product_brand","embeddable":true,"href":"https:\/\/gpdstore.net\/fr\/wp-json\/wp\/v2\/product_brand?post=5647"},{"taxonomy":"product_cat","embeddable":true,"href":"https:\/\/gpdstore.net\/fr\/wp-json\/wp\/v2\/product_cat?post=5647"},{"taxonomy":"product_tag","embeddable":true,"href":"https:\/\/gpdstore.net\/fr\/wp-json\/wp\/v2\/product_tag?post=5647"},{"taxonomy":"woo-feed-brand","embeddable":true,"href":"https:\/\/gpdstore.net\/fr\/wp-json\/wp\/v2\/woo-feed-brand?post=5647"}],"curies":[{"name":"wp","href":"https:\/\/api.w.org\/{rel}","templated":true}]}}