{"id":5110,"date":"2024-05-08T15:41:24","date_gmt":"2024-05-08T15:41:24","guid":{"rendered":"https:\/\/gpdstore.net\/non%20class\u00e9\/station-daccueil-gpd-win-4\/"},"modified":"2025-12-23T10:17:30","modified_gmt":"2025-12-23T10:17:30","slug":"gpd-win-4-docking-station","status":"publish","type":"product","link":"https:\/\/gpdstore.net\/fr\/product\/gpd-win-4-docking-station\/","title":{"rendered":"Station d&#8217;accueil GPD WIN 4"},"content":{"rendered":"\n<h3 class=\"wp-block-heading\"><strong>Transformez votre GPD WIN 4 en ordinateur de bureau gr\u00e2ce \u00e0 la station d&#8217;accueil officielle<\/strong><\/h3>\n\n<p>La station d&#8217;accueil GPD WIN 4 vous permet d&#8217;\u00e9lever votre exp\u00e9rience de jeu portable au niveau d&#8217;un ordinateur de bureau. Cet accessoire essentiel \u00e9largit non seulement vos options de connectivit\u00e9, mais am\u00e9liore \u00e9galement les fonctionnalit\u00e9s de votre appareil, le transformant en un PC de bureau enti\u00e8rement \u00e9quip\u00e9.<\/p>\n\n<h3 class=\"wp-block-heading\"><strong>Connectivit\u00e9 USB am\u00e9lior\u00e9e<\/strong><\/h3>\n\n<p>La station d&#8217;accueil GPD WIN 4 est \u00e9quip\u00e9e de trois ports USB 3.2 Gen 2 Type-A, offrant des vitesses allant jusqu&#8217;\u00e0 10Gbps pour connecter une vari\u00e9t\u00e9 de p\u00e9riph\u00e9riques tels que des claviers, des souris et des p\u00e9riph\u00e9riques de stockage externes \u00e0 grande vitesse.<\/p>\n\n<p>Il est \u00e9galement dot\u00e9 d&#8217;un port USB 3.2 Gen 2 Type-C con\u00e7u pour la charge rapide, prenant en charge les chargeurs haute puissance pour recharger rapidement votre appareil.<\/p>\n\n<h3 class=\"wp-block-heading\"><strong>Options d&#8217;affichage sup\u00e9rieures<\/strong><\/h3>\n\n<p>Profitez de visuels haute r\u00e9solution en connectant votre GPD WIN 4 \u00e0 un moniteur externe ou \u00e0 un t\u00e9l\u00e9viseur via le port HDMI 2.0. Cette configuration vous permet d&#8217;utiliser l&#8217;\u00e9cran du GPD WIN 4 comme \u00e9cran secondaire, am\u00e9liorant ainsi votre productivit\u00e9 et votre exp\u00e9rience de jeu gr\u00e2ce aux capacit\u00e9s de double affichage.<\/p>\n\n<h3 class=\"wp-block-heading\"><strong>Connectivit\u00e9 Internet rapide et s\u00e9curis\u00e9e<\/strong><\/h3>\n\n<p>La station d&#8217;accueil comprend un port Ethernet RJ45 de 1 Gbps, offrant une connexion rapide et s\u00e9curis\u00e9e pour la diffusion en continu, les jeux et les transferts de donn\u00e9es, surpassant les vitesses et la s\u00e9curit\u00e9 sans fil.<\/p>\n\n<h3 class=\"wp-block-heading\"><strong>Conception compacte pour une portabilit\u00e9 maximale<\/strong><\/h3>\n\n<p>La station d&#8217;accueil GPD WIN 5 pr\u00e9sente un format compact, mesurant seulement 3,4 x 5,6 x 3,2 pouces et pesant seulement 224g. Elle est donc incroyablement portable et facile \u00e0 int\u00e9grer dans n&#8217;importe quel espace de travail, sans encombrement. Sa conception comprend un dos d\u00e9tachable qui facilite la connexion et le transport de la station d&#8217;accueil et de l&#8217;appareil.  <\/p>\n\n<p>De plus, la conception de la station d&#8217;accueil laisse libre le deuxi\u00e8me port USB Type-C du GPD WIN 4, ce qui vous permet de connecter des p\u00e9riph\u00e9riques haute performance tels qu&#8217;un GPU externe, am\u00e9liorant encore votre configuration.<\/p>\n\n<h3 class=\"wp-block-heading\"><strong>Avantages et inconv\u00e9nients de la station d&#8217;accueil GPD WIN 4<\/strong><\/h3>\n\n<h3 class=\"wp-block-heading\"><strong>Pour :<\/strong><\/h3>\n\n<ul class=\"wp-block-list\">\n<li>Plusieurs ports USB 3.2 Gen 2 Type-A pour divers p\u00e9riph\u00e9riques<\/li>\n\n\n\n<li>Sortie HDMI 2.0 pour moniteurs ou t\u00e9l\u00e9viseurs externes<\/li>\n\n\n\n<li>Ethernet \u00e0 haut d\u00e9bit 1Gbps pour une connectivit\u00e9 internet fiable<\/li>\n\n\n\n<li>Port USB de type C pour un chargement rapide de l&#8217;appareil<\/li>\n<\/ul>\n\n<h3 class=\"wp-block-heading\"><strong>Cons :<\/strong><\/h3>\n\n<ul class=\"wp-block-list\">\n<li>Il manque un port USB Type-C suppl\u00e9mentaire pour les connexions p\u00e9riph\u00e9riques.<\/li>\n<\/ul>\n\n<h3 class=\"wp-block-heading\"><strong>Avantages de l&#8217;utilisation d&#8217;une station d&#8217;accueil<\/strong><\/h3>\n\n<p>Une station d&#8217;accueil simplifie votre flux de travail en connectant votre ordinateur portable \u00e0 plusieurs p\u00e9riph\u00e9riques par le biais d&#8217;un seul c\u00e2ble. Cela permet non seulement de d\u00e9sencombrer votre espace de travail, mais aussi d&#8217;augmenter votre productivit\u00e9 en permettant des configurations \u00e0 double \u00e9cran. En outre, il minimise l&#8217;usure des ports de votre appareil, prolongeant ainsi la dur\u00e9e de vie de votre GPD WIN 4, car il r\u00e9duit la n\u00e9cessit\u00e9 fr\u00e9quente de connecter et d\u00e9connecter plusieurs c\u00e2bles.<\/p>\n\n<p>Investissez d\u00e8s aujourd&#8217;hui dans la station d&#8217;accueil GPD WIN 4 pour transformer votre configuration de jeu et rationaliser votre espace de travail, en faisant de votre GPD WIN 4 non seulement un gadget de jeu, mais aussi une station de travail compl\u00e8te.<\/p>\n","protected":false},"excerpt":{"rendered":"<ul>\n<li>Stockez et rechargez votre <strong>GPD WIN 4<\/strong><\/li>\n<li>Transformez votre ordinateur de poche en <strong>ordinateur de bureau<\/strong><\/li>\n<li>Connectez tous vos p\u00e9riph\u00e9riques.<\/li>\n<li>Station d&#8217;accueil officielle GPD con\u00e7ue pour le <strong>GPD WIN 4<\/strong><\/li>\n<li>Petit, l\u00e9ger et facile \u00e0 transporter<\/li>\n<\/ul>\n[cg_accordion title=\"INFO PAIEMENT\"]<\/p>\n<p>Nous utilisons les derni\u00e8res technologies en mati\u00e8re de traitement des paiements, ce qui vous permet de r\u00e9gler vos achats par carte de d\u00e9bit\/cr\u00e9dit ou par PayPal pour une exp\u00e9rience rapide et s\u00e9curis\u00e9e.[\/cg_accordion]\n[cg_accordion title=\"GARANTIE\"]<\/p>\n<p>2 ans de garantie de <a href=\"https:\/\/droix.net\/\" target=\"_blank\" rel=\"nofollow noopener\">DROIX Global<\/a> pour votre tranquillit\u00e9 d&#8217;esprit[\/cg_accordion]\n[cg_accordion title=\"PRIX, TAXES ET FRAIS DE PORT\"]<\/p>\n<p><strong><u>Note :<\/u><\/strong><br \/>\n &#8211; Clients des \u00c9tats-Unis : Le prix affich\u00e9 inclut toutes les taxes applicables.<br \/>\n &#8211; Clients de l&#8217;UE : Le prix affich\u00e9 inclut la TAXE applicable, qui peut s&#8217;\u00e9lever jusqu&#8217;\u00e0 25 % en fonction de votre pays.<br \/>\n &#8211; Clients du Canada : Le prix affich\u00e9 comprend les taxes applicables, qui peuvent inclure la TPS de 5 % et des taxes de vente provinciales (TVP), la taxe de vente harmonis\u00e9e (TVH) ou la taxe de vente du Qu\u00e9bec (TVQ), en fonction de votre province.[\/cg_accordion]\n[cg_accordion title=\"EXP\u00c9DITION ET RETOURS\"]<\/p>\n<p>Organis\u00e9 par <a href=\"https:\/\/droix.net\/\" target=\"_blank\" rel=\"nofollow noopener\">DroiX<\/a>, distributeur officiel de GPD, nous exp\u00e9dions par DHL Express DDP (Delivered Duty Paid). Cela signifie que : <\/p>\n<p>Express DDP (Delivered Duty Paid). Cela signifie que :<br \/>\n &#8211; Tous les droits de douane et taxes sont inclus dans le prix affich\u00e9 sur la page du produit.<br \/>\n &#8211; Vous n&#8217;aurez pas \u00e0 payer de frais suppl\u00e9mentaires \u00e0 la livraison.<br \/>\n &#8211; Dans le cas rare de probl\u00e8mes li\u00e9s aux douanes, notre \u00e9quipe s&#8217;occupera du processus de d\u00e9douanement en votre nom afin d&#8217;assurer une livraison sans probl\u00e8me. <\/p>\n<p>Informations importantes concernant les retours :<br \/>\n &#8211; Si vous d\u00e9cidez de retourner votre commande ou de demander un remboursement, sachez que les taxes et les droits pay\u00e9s en votre nom selon les conditions DDP ne peuvent pas \u00eatre rembours\u00e9s.<\/p>\n<p>Veuillez vous r\u00e9f\u00e9rer \u00e0 nos <a href=\"https:\/\/gpdstore.net\/fr\/terms-of-service\/\" target=\"_blank\" rel=\"nofollow noopener\">conditions g\u00e9n\u00e9rales<\/a> pour des informations d\u00e9taill\u00e9es.[\/cg_accordion]\n[cg_accordion title=\"CE QUI EST INCLUS\"]<\/p>\n<ul>\n<li>1x GPD WIN 4 Dock<\/li>\n<\/ul>\n<p>[\/cg_accordion]\n","protected":false},"featured_media":12199,"template":"","meta":{"_acf_changed":false},"product_brand":[],"product_cat":[1221],"product_tag":[1945],"woo-feed-brand":[899],"class_list":{"0":"post-5110","1":"product","2":"type-product","3":"status-publish","4":"has-post-thumbnail","6":"product_cat-accessoires-fr","7":"product_tag-gpd-win-4-accessory-fr","8":"product_shipping_class-low-end","9":"product_shipping_class-standard","11":"pa_accessory-type-station-daccueil","12":"pa_brand-gpd","13":"woo-feed-brand-gpd-fr","15":"first","16":"outofstock","17":"taxable","18":"shipping-taxable","19":"purchasable","20":"product-type-variable","21":"has-default-attributes"},"acf":[],"aioseo_notices":[],"_links":{"self":[{"href":"https:\/\/gpdstore.net\/fr\/wp-json\/wp\/v2\/product\/5110","targetHints":{"allow":["GET"]}}],"collection":[{"href":"https:\/\/gpdstore.net\/fr\/wp-json\/wp\/v2\/product"}],"about":[{"href":"https:\/\/gpdstore.net\/fr\/wp-json\/wp\/v2\/types\/product"}],"wp:featuredmedia":[{"embeddable":true,"href":"https:\/\/gpdstore.net\/fr\/wp-json\/wp\/v2\/media\/12199"}],"wp:attachment":[{"href":"https:\/\/gpdstore.net\/fr\/wp-json\/wp\/v2\/media?parent=5110"}],"wp:term":[{"taxonomy":"product_brand","embeddable":true,"href":"https:\/\/gpdstore.net\/fr\/wp-json\/wp\/v2\/product_brand?post=5110"},{"taxonomy":"product_cat","embeddable":true,"href":"https:\/\/gpdstore.net\/fr\/wp-json\/wp\/v2\/product_cat?post=5110"},{"taxonomy":"product_tag","embeddable":true,"href":"https:\/\/gpdstore.net\/fr\/wp-json\/wp\/v2\/product_tag?post=5110"},{"taxonomy":"woo-feed-brand","embeddable":true,"href":"https:\/\/gpdstore.net\/fr\/wp-json\/wp\/v2\/woo-feed-brand?post=5110"}],"curies":[{"name":"wp","href":"https:\/\/api.w.org\/{rel}","templated":true}]}}