{"id":4896,"date":"2024-04-23T16:13:31","date_gmt":"2024-04-23T16:13:31","guid":{"rendered":"https:\/\/gpdstore.net\/non%20class\u00e9\/stylet-gpd-pour-gpd-pocket-3-and-win-max-2\/"},"modified":"2025-11-24T11:24:05","modified_gmt":"2025-11-24T11:24:05","slug":"gpd-stylus","status":"publish","type":"product","link":"https:\/\/gpdstore.net\/fr\/product\/gpd-stylus\/","title":{"rendered":"GPD Stylus pour GPD Pocket 3 &amp; WIN MAX 2"},"content":{"rendered":"\n<p><br\/>Voici le stylet GPD : votre outil ultime pour la pr\u00e9cision et le confort, con\u00e7u pour am\u00e9liorer la fonctionnalit\u00e9 de votre GPD Pocket 3 et GPD Win Max 2, et compatible avec de nombreux autres mod\u00e8les d&#8217;ordinateurs portables et de tablettes. Fabriqu\u00e9 en alliage d&#8217;aluminium robuste, ce stylet est con\u00e7u pour tenir confortablement dans votre main, ce qui le rend id\u00e9al pour une utilisation prolong\u00e9e sans inconfort. Il est dot\u00e9 d&#8217;une pointe sensible \u00e0 la pression de 4096 niveaux, en caoutchouc souple et flexible, qui garantit une pr\u00e9cision et une r\u00e9activit\u00e9 comparables \u00e0 celles d&#8217;un stylo sur du papier. Ce niveau de pr\u00e9cision est id\u00e9al pour un large \u00e9ventail d&#8217;activit\u00e9s, qu&#8217;il s&#8217;agisse de r\u00e9aliser des croquis, de retoucher des photos, de travailler au pinceau ou de r\u00e9diger des m\u00e9mos rapides.   <\/p>\n\n<p>Au-del\u00e0 de ses capacit\u00e9s de pr\u00e9cision, le stylet GPD est con\u00e7u pour maintenir votre \u00e9cran dans un \u00e9tat impeccable, gr\u00e2ce \u00e0 son embout en caoutchouc qui le prot\u00e8ge des rayures et des d\u00e9bris. Il n&#8217;est pas seulement fonctionnel, il est aussi l\u00e9ger et pratique \u00e0 transporter. Il est dot\u00e9 d&#8217;une boucle pratique qui permet de l&#8217;attacher facilement \u00e0 une poche ou \u00e0 un \u00e9tui, ce qui est id\u00e9al pour les professionnels occup\u00e9s ou les cr\u00e9atifs en d\u00e9placement. Am\u00e9liorez vos interactions num\u00e9riques, que vous naviguiez dans des applications, capturiez des id\u00e9es ou exploriez votre c\u00f4t\u00e9 artistique, avec le stylet GPD, l&#8217;alliance parfaite de l&#8217;aspect pratique et du design innovant.<\/p>\n","protected":false},"excerpt":{"rendered":"<ul>\n<li>Fonctionne avec GPD<strong> Pocket 3<\/strong> et GPD WIN MAX 2<\/li>\n<li>Sensibilit\u00e9 \u00e0 la pression de <strong>4096 niveaux<\/strong> <\/li>\n<li>\u00c9l\u00e9gant et ergonomique<\/li>\n<li><strong> Boucle<\/strong> en m\u00e9tal<\/li>\n<li>\u00c9criture de m\u00e9mos et saisie de caract\u00e8res<\/li>\n<\/ul>\n<p> [cg_accordion title=\"INFO PAIEMENT\"] Nous utilisons les derni\u00e8res technologies en mati\u00e8re de traitement des paiements, ce qui vous permet de r\u00e9gler vos achats via Apple Pay, Google Pay, votre carte de d\u00e9bit\/cr\u00e9dit, PayPal ou des m\u00e9thodes BNPL telles que Klarna, Affirm ou AfterPay pour une exp\u00e9rience rapide et s\u00e9curis\u00e9e.[\/cg_accordion] [cg_accordion title=\"GARANTIE\"] Garantie de 2 ans de <a href=\"https:\/\/droix.net\/\" target=\"_blank\" rel=\"nofollow noopener\">DROIX Global<\/a> pour votre tranquillit\u00e9 d&#8217;esprit.[\/cg_accordion] [cg_accordion title=\"PRICING, TAXES AND SHIPPING\"] <strong><u>Remarque :<\/u><\/strong><\/p>\n<ul>\n<li>Clients des \u00c9tats-Unis : Le prix affich\u00e9 n&#8217;inclut pas les taxes ni les droits de douane. La responsabilit\u00e9 du d\u00e9douanement et du paiement des taxes\/droits associ\u00e9s incombe au client. <\/li>\n<li>Clients de l&#8217;UE : Le prix affich\u00e9 inclut la TAXE applicable, qui peut s&#8217;\u00e9lever jusqu&#8217;\u00e0 25 % selon votre pays.<\/li>\n<li>Clients du Canada : Le prix affich\u00e9 comprend les taxes applicables, qui peuvent inclure la TPS de 5 % et des taxes de vente provinciales (TVP), la taxe de vente harmonis\u00e9e (TVH) ou la taxe de vente du Qu\u00e9bec (TVQ) suppl\u00e9mentaires, selon votre province.<\/li>\n<\/ul>\n<p><strong>Pour les clients de l&#8217;UE SEULEMENT :<\/strong> Express DDP (Delivered Duty Paid). Cela signifie que : <\/p>\n<ul>\n<li style=\"list-style-type: none;\">\n<ul>\n<li>Tous les droits de douane et taxes sont inclus dans le prix affich\u00e9 sur la page du produit.<\/li>\n<li>Vous n&#8217;aurez pas \u00e0 payer de frais suppl\u00e9mentaires \u00e0 la livraison.<\/li>\n<li>Dans les rares cas de probl\u00e8mes douaniers, notre \u00e9quipe s&#8217;occupera de la proc\u00e9dure de d\u00e9douanement en votre nom afin d&#8217;assurer une livraison sans probl\u00e8me.<\/li>\n<p>Informations importantes concernant les retours :<\/p>\n<li>Si vous d\u00e9cidez de retourner votre commande ou de demander un remboursement, sachez que les taxes et les droits pay\u00e9s en votre nom dans le cadre du DDP ne peuvent pas \u00eatre rembours\u00e9s.<\/li>\n<p>Veuillez vous r\u00e9f\u00e9rer \u00e0 notre<\/ul>\n<\/li>\n<\/ul>\n<p><a href=\"https:\/\/gpdstore.net\/fr\/terms-of-service\/\" target=\"_blank\" rel=\"nofollow noopener\">Conditions g\u00e9n\u00e9rales d&#8217;utilisation<\/a><\/p>\n<ul>pour obtenir des informations d\u00e9taill\u00e9es.<\/ul>\n<p>[\/cg_accordion] [cg_accordion title=\"SOUTIEN \u00c0 LA CLIENT\u00c8LE\"]  Vous avez une question ? Il suffit d&#8217;un petit texto pour que votre probl\u00e8me soit r\u00e9solu !   [\/cg_accordion] [cg_accordion title=\"WHAT'S INCLUDED\"]<\/p>\n<ul>\n<li>1x stylet GPD<\/li>\n<\/ul>\n<p>[\/cg_accordion]<\/p>\n","protected":false},"featured_media":11924,"template":"","meta":{"_acf_changed":false},"product_brand":[],"product_cat":[1221],"product_tag":[15869,1770],"woo-feed-brand":[899],"class_list":{"0":"post-4896","1":"product","2":"type-product","3":"status-publish","4":"has-post-thumbnail","6":"product_cat-accessoires-fr","7":"product_tag-15xmsale-fr","8":"product_tag-gpd-wm2-accessoire-fr","9":"product_shipping_class-low-end","10":"pa_accessory-type-stylet","11":"pa_brand-gpd","12":"woo-feed-brand-gpd-fr","14":"first","15":"instock","16":"sale","17":"taxable","18":"shipping-taxable","19":"purchasable","20":"product-type-variable","21":"has-default-attributes"},"acf":[],"aioseo_notices":[],"_links":{"self":[{"href":"https:\/\/gpdstore.net\/fr\/wp-json\/wp\/v2\/product\/4896","targetHints":{"allow":["GET"]}}],"collection":[{"href":"https:\/\/gpdstore.net\/fr\/wp-json\/wp\/v2\/product"}],"about":[{"href":"https:\/\/gpdstore.net\/fr\/wp-json\/wp\/v2\/types\/product"}],"wp:featuredmedia":[{"embeddable":true,"href":"https:\/\/gpdstore.net\/fr\/wp-json\/wp\/v2\/media\/11924"}],"wp:attachment":[{"href":"https:\/\/gpdstore.net\/fr\/wp-json\/wp\/v2\/media?parent=4896"}],"wp:term":[{"taxonomy":"product_brand","embeddable":true,"href":"https:\/\/gpdstore.net\/fr\/wp-json\/wp\/v2\/product_brand?post=4896"},{"taxonomy":"product_cat","embeddable":true,"href":"https:\/\/gpdstore.net\/fr\/wp-json\/wp\/v2\/product_cat?post=4896"},{"taxonomy":"product_tag","embeddable":true,"href":"https:\/\/gpdstore.net\/fr\/wp-json\/wp\/v2\/product_tag?post=4896"},{"taxonomy":"woo-feed-brand","embeddable":true,"href":"https:\/\/gpdstore.net\/fr\/wp-json\/wp\/v2\/woo-feed-brand?post=4896"}],"curies":[{"name":"wp","href":"https:\/\/api.w.org\/{rel}","templated":true}]}}